{"id":24275,"date":"2021-04-05T15:25:40","date_gmt":"2021-04-05T13:25:40","guid":{"rendered":"https:\/\/sysmatec.ch\/?post_type=product&#038;p=24275"},"modified":"2021-11-25T13:10:45","modified_gmt":"2021-11-25T12:10:45","slug":"bodenwaage-kern-bfs","status":"publish","type":"product","link":"https:\/\/sysmatec.ch\/de\/Produkt\/bodenwaage-kern-bfs\/","title":{"rendered":"Bodenwaage KERN BFS"},"content":{"rendered":"<ul id=\"kernList1\">\n<li>Industriequalit\u00e4t: durch die stabile Konstruktion ideal f\u00fcr den robusten Einsatz im industriellen Umfeld geeignet<\/li>\n<li>W\u00e4geplatte von oben verschraubt, dadurch leicht abzunehmen und hygienisch und gut zu reinigen<\/li>\n<li>W\u00e4gebr\u00fccke: Stahl-Riffelblech verschwei\u00dft, Staub- und Spritzwasserschutz IP67, 4 silikonbeschichtete Stahl-W\u00e4gezellen. W\u00e4gebr\u00fccke als Komponente auch ohne Auswerteger\u00e4t lieferbar, KXP V20 IP67Bequemes <a>Nivellieren<\/a>\u00a0der W\u00e4gebr\u00fccke sowie Zugang zur Junction-Box von oben<\/li>\n<li>Auswerteger\u00e4t mit gro\u00dfem Tastenblock und 3 kontrastreichen LCD-Displays f\u00fcr bequemes Eingeben und Ablesen z. B. von Tarawerten, Referenzgewichten, Grenzwerten etc. beim St\u00fcckz\u00e4hlen. Auswerteger\u00e4t als Komponente auch ohne W\u00e4gebr\u00fccke lieferbar, KFS-TM<\/li>\n<li>Tischfu\u00df inkl. Wandhalterung f\u00fcr das Auswerteger\u00e4t serienm\u00e4\u00dfig<\/li>\n<li>100 Artikelspeicherpl\u00e4tze f\u00fcr Stammdaten wie\u00a0<a>Taravorabzug<\/a>\u00a0(Beh\u00e4ltergewicht), Referenzmenge, Referenzgewicht etc.<\/li>\n<li>Ausdruck mit Datum und Uhrzeit<\/li>\n<li><a>Summieren<\/a>\u00a0von Z\u00e4hlteilen<\/li>\n<li>Arbeitsschutzhaube im Lieferumfang enthalten<\/li>\n<\/ul>\n<table border=\"1\" width=\"511\" cellspacing=\"0\" cellpadding=\"2\">\n<tbody>\n<tr>\n<td>Waage Modell<\/td>\n<td width=\"10%\">Ablesbarkeit<\/td>\n<td width=\"10%\">W\u00e4gebereich<\/td>\n<td width=\"10%\">Platte<\/td>\n<\/tr>\n<tr>\n<td><\/td>\n<td width=\"10%\">g<\/td>\n<td width=\"10%\">kg<\/td>\n<td width=\"10%\">mm<\/td>\n<\/tr>\n<tr>\n<td>BFS 3T-3LM<\/td>\n<td width=\"10%\">1000<\/td>\n<td width=\"10%\">3000<\/td>\n<td width=\"10%\">1500&#215;1500<\/td>\n<\/tr>\n<tr>\n<td>BFS 6T-3M<\/td>\n<td width=\"10%\">2000<\/td>\n<td width=\"10%\">6000<\/td>\n<td width=\"10%\">1500&#215;1500<\/td>\n<\/tr>\n<\/tbody>\n<\/table>\n","protected":false},"excerpt":{"rendered":"<p><span class=\"VIiyi\" lang=\"de\"><span class=\"JLqJ4b ChMk0b\" data-language-for-alternatives=\"de\" data-language-to-translate-into=\"fr\" data-phrase-index=\"0\">Bodenwaage 0-3000 bis 0-6000 kg, IP67, Z\u00e4hlfunktion, 99 Artikelspeicherpl\u00e4tzen und Eichzulassung [M]<\/span><\/span><\/p>\n","protected":false},"featured_media":24070,"template":"","meta":{"_crdt_document":""},"product_brand":[],"product_cat":[165,339],"product_tag":[],"class_list":{"0":"post-24275","1":"product","2":"type-product","3":"status-publish","4":"has-post-thumbnail","6":"product_cat-gewicht","7":"product_cat-plattform","9":"first","10":"instock","11":"taxable","12":"shipping-taxable","13":"purchasable","14":"product-type-variable"},"yoast_head":"<!-- This site is optimized with the Yoast SEO plugin v27.3 - https:\/\/yoast.com\/product\/yoast-seo-wordpress\/ -->\n<title>Bodenwaage KERN BFS - Sysmatec<\/title>\n<meta name=\"description\" content=\"Bodenwaage zur Befestigung in einem Rahmen oder in einem Brunnen. M\u00f6glichkeit, Zugangsrampen hinzuzuf\u00fcgen. F\u00fcr den Bereich 0 bis 6000 kg.\" \/>\n<meta name=\"robots\" content=\"index, follow, max-snippet:-1, max-image-preview:large, max-video-preview:-1\" \/>\n<link rel=\"canonical\" href=\"https:\/\/sysmatec.ch\/de\/produit\/bodenwaage-kern-bfs\/\" \/>\n<meta property=\"og:locale\" content=\"de_DE\" \/>\n<meta property=\"og:type\" content=\"article\" \/>\n<meta property=\"og:title\" content=\"Bodenwaage KERN BFS - Sysmatec\" \/>\n<meta property=\"og:description\" content=\"Bodenwaage zur Befestigung in einem Rahmen oder in einem Brunnen. M\u00f6glichkeit, Zugangsrampen hinzuzuf\u00fcgen. F\u00fcr den Bereich 0 bis 6000 kg.\" \/>\n<meta property=\"og:url\" content=\"https:\/\/sysmatec.ch\/de\/produit\/bodenwaage-kern-bfs\/\" \/>\n<meta property=\"og:site_name\" content=\"Sysmatec\" \/>\n<meta property=\"article:modified_time\" content=\"2021-11-25T12:10:45+00:00\" \/>\n<meta property=\"og:image\" content=\"https:\/\/sysmatec.ch\/wp-content\/uploads\/2019\/02\/Balance_BFS-600K-1NM-scaled.jpg\" \/>\n\t<meta property=\"og:image:width\" content=\"2560\" \/>\n\t<meta property=\"og:image:height\" content=\"2016\" \/>\n\t<meta property=\"og:image:type\" content=\"image\/jpeg\" \/>\n<meta name=\"twitter:card\" content=\"summary_large_image\" \/>\n<meta name=\"twitter:label1\" content=\"Gesch\u00e4tzte Lesezeit\" \/>\n\t<meta name=\"twitter:data1\" content=\"1\u00a0Minute\" \/>\n<script type=\"application\/ld+json\" class=\"yoast-schema-graph\">{\"@context\":\"https:\\\/\\\/schema.org\",\"@graph\":[{\"@type\":\"WebPage\",\"@id\":\"https:\\\/\\\/sysmatec.ch\\\/de\\\/produit\\\/bodenwaage-kern-bfs\\\/\",\"url\":\"https:\\\/\\\/sysmatec.ch\\\/de\\\/produit\\\/bodenwaage-kern-bfs\\\/\",\"name\":\"Bodenwaage KERN BFS - Sysmatec\",\"isPartOf\":{\"@id\":\"https:\\\/\\\/sysmatec.ch\\\/de\\\/#website\"},\"primaryImageOfPage\":{\"@id\":\"https:\\\/\\\/sysmatec.ch\\\/de\\\/produit\\\/bodenwaage-kern-bfs\\\/#primaryimage\"},\"image\":{\"@id\":\"https:\\\/\\\/sysmatec.ch\\\/de\\\/produit\\\/bodenwaage-kern-bfs\\\/#primaryimage\"},\"thumbnailUrl\":\"https:\\\/\\\/sysmatec.ch\\\/wp-content\\\/uploads\\\/2019\\\/02\\\/Balance_BFS-600K-1NM-scaled.jpg\",\"datePublished\":\"2021-04-05T13:25:40+00:00\",\"dateModified\":\"2021-11-25T12:10:45+00:00\",\"description\":\"Bodenwaage zur Befestigung in einem Rahmen oder in einem Brunnen. M\u00f6glichkeit, Zugangsrampen hinzuzuf\u00fcgen. F\u00fcr den Bereich 0 bis 6000 kg.\",\"breadcrumb\":{\"@id\":\"https:\\\/\\\/sysmatec.ch\\\/de\\\/produit\\\/bodenwaage-kern-bfs\\\/#breadcrumb\"},\"inLanguage\":\"de\",\"potentialAction\":[{\"@type\":\"ReadAction\",\"target\":[\"https:\\\/\\\/sysmatec.ch\\\/de\\\/produit\\\/bodenwaage-kern-bfs\\\/\"]}]},{\"@type\":\"ImageObject\",\"inLanguage\":\"de\",\"@id\":\"https:\\\/\\\/sysmatec.ch\\\/de\\\/produit\\\/bodenwaage-kern-bfs\\\/#primaryimage\",\"url\":\"https:\\\/\\\/sysmatec.ch\\\/wp-content\\\/uploads\\\/2019\\\/02\\\/Balance_BFS-600K-1NM-scaled.jpg\",\"contentUrl\":\"https:\\\/\\\/sysmatec.ch\\\/wp-content\\\/uploads\\\/2019\\\/02\\\/Balance_BFS-600K-1NM-scaled.jpg\",\"width\":2560,\"height\":2016},{\"@type\":\"BreadcrumbList\",\"@id\":\"https:\\\/\\\/sysmatec.ch\\\/de\\\/produit\\\/bodenwaage-kern-bfs\\\/#breadcrumb\",\"itemListElement\":[{\"@type\":\"ListItem\",\"position\":1,\"name\":\"Accueil\",\"item\":\"https:\\\/\\\/sysmatec.ch\\\/de\\\/\"},{\"@type\":\"ListItem\",\"position\":2,\"name\":\"Die Aktivit\u00e4t von Sysmatec\",\"item\":\"https:\\\/\\\/sysmatec.ch\\\/de\\\/\"},{\"@type\":\"ListItem\",\"position\":3,\"name\":\"Bodenwaage KERN BFS\"}]},{\"@type\":\"WebSite\",\"@id\":\"https:\\\/\\\/sysmatec.ch\\\/de\\\/#website\",\"url\":\"https:\\\/\\\/sysmatec.ch\\\/de\\\/\",\"name\":\"Sysmatec\",\"description\":\"Equipement de laboratoire et logiciels\",\"publisher\":{\"@id\":\"https:\\\/\\\/sysmatec.ch\\\/de\\\/#organization\"},\"potentialAction\":[{\"@type\":\"SearchAction\",\"target\":{\"@type\":\"EntryPoint\",\"urlTemplate\":\"https:\\\/\\\/sysmatec.ch\\\/de\\\/?s={search_term_string}\"},\"query-input\":{\"@type\":\"PropertyValueSpecification\",\"valueRequired\":true,\"valueName\":\"search_term_string\"}}],\"inLanguage\":\"de\"},{\"@type\":\"Organization\",\"@id\":\"https:\\\/\\\/sysmatec.ch\\\/de\\\/#organization\",\"name\":\"Sysmatec\",\"url\":\"https:\\\/\\\/sysmatec.ch\\\/de\\\/\",\"logo\":{\"@type\":\"ImageObject\",\"inLanguage\":\"de\",\"@id\":\"https:\\\/\\\/sysmatec.ch\\\/de\\\/#\\\/schema\\\/logo\\\/image\\\/\",\"url\":\"https:\\\/\\\/sysmatec.ch\\\/wp-content\\\/uploads\\\/2018\\\/11\\\/LogoSysmatec.jpg\",\"contentUrl\":\"https:\\\/\\\/sysmatec.ch\\\/wp-content\\\/uploads\\\/2018\\\/11\\\/LogoSysmatec.jpg\",\"width\":301,\"height\":297,\"caption\":\"Sysmatec\"},\"image\":{\"@id\":\"https:\\\/\\\/sysmatec.ch\\\/de\\\/#\\\/schema\\\/logo\\\/image\\\/\"}}]}<\/script>\n<!-- \/ Yoast SEO plugin. -->","yoast_head_json":{"title":"Bodenwaage KERN BFS - Sysmatec","description":"Bodenwaage zur Befestigung in einem Rahmen oder in einem Brunnen. M\u00f6glichkeit, Zugangsrampen hinzuzuf\u00fcgen. F\u00fcr den Bereich 0 bis 6000 kg.","robots":{"index":"index","follow":"follow","max-snippet":"max-snippet:-1","max-image-preview":"max-image-preview:large","max-video-preview":"max-video-preview:-1"},"canonical":"https:\/\/sysmatec.ch\/de\/produit\/bodenwaage-kern-bfs\/","og_locale":"de_DE","og_type":"article","og_title":"Bodenwaage KERN BFS - Sysmatec","og_description":"Bodenwaage zur Befestigung in einem Rahmen oder in einem Brunnen. M\u00f6glichkeit, Zugangsrampen hinzuzuf\u00fcgen. F\u00fcr den Bereich 0 bis 6000 kg.","og_url":"https:\/\/sysmatec.ch\/de\/produit\/bodenwaage-kern-bfs\/","og_site_name":"Sysmatec","article_modified_time":"2021-11-25T12:10:45+00:00","og_image":[{"width":2560,"height":2016,"url":"https:\/\/sysmatec.ch\/wp-content\/uploads\/2019\/02\/Balance_BFS-600K-1NM-scaled.jpg","type":"image\/jpeg"}],"twitter_card":"summary_large_image","twitter_misc":{"Gesch\u00e4tzte Lesezeit":"1\u00a0Minute"},"schema":{"@context":"https:\/\/schema.org","@graph":[{"@type":"WebPage","@id":"https:\/\/sysmatec.ch\/de\/produit\/bodenwaage-kern-bfs\/","url":"https:\/\/sysmatec.ch\/de\/produit\/bodenwaage-kern-bfs\/","name":"Bodenwaage KERN BFS - Sysmatec","isPartOf":{"@id":"https:\/\/sysmatec.ch\/de\/#website"},"primaryImageOfPage":{"@id":"https:\/\/sysmatec.ch\/de\/produit\/bodenwaage-kern-bfs\/#primaryimage"},"image":{"@id":"https:\/\/sysmatec.ch\/de\/produit\/bodenwaage-kern-bfs\/#primaryimage"},"thumbnailUrl":"https:\/\/sysmatec.ch\/wp-content\/uploads\/2019\/02\/Balance_BFS-600K-1NM-scaled.jpg","datePublished":"2021-04-05T13:25:40+00:00","dateModified":"2021-11-25T12:10:45+00:00","description":"Bodenwaage zur Befestigung in einem Rahmen oder in einem Brunnen. M\u00f6glichkeit, Zugangsrampen hinzuzuf\u00fcgen. F\u00fcr den Bereich 0 bis 6000 kg.","breadcrumb":{"@id":"https:\/\/sysmatec.ch\/de\/produit\/bodenwaage-kern-bfs\/#breadcrumb"},"inLanguage":"de","potentialAction":[{"@type":"ReadAction","target":["https:\/\/sysmatec.ch\/de\/produit\/bodenwaage-kern-bfs\/"]}]},{"@type":"ImageObject","inLanguage":"de","@id":"https:\/\/sysmatec.ch\/de\/produit\/bodenwaage-kern-bfs\/#primaryimage","url":"https:\/\/sysmatec.ch\/wp-content\/uploads\/2019\/02\/Balance_BFS-600K-1NM-scaled.jpg","contentUrl":"https:\/\/sysmatec.ch\/wp-content\/uploads\/2019\/02\/Balance_BFS-600K-1NM-scaled.jpg","width":2560,"height":2016},{"@type":"BreadcrumbList","@id":"https:\/\/sysmatec.ch\/de\/produit\/bodenwaage-kern-bfs\/#breadcrumb","itemListElement":[{"@type":"ListItem","position":1,"name":"Accueil","item":"https:\/\/sysmatec.ch\/de\/"},{"@type":"ListItem","position":2,"name":"Die Aktivit\u00e4t von Sysmatec","item":"https:\/\/sysmatec.ch\/de\/"},{"@type":"ListItem","position":3,"name":"Bodenwaage KERN BFS"}]},{"@type":"WebSite","@id":"https:\/\/sysmatec.ch\/de\/#website","url":"https:\/\/sysmatec.ch\/de\/","name":"Sysmatec","description":"Equipement de laboratoire et logiciels","publisher":{"@id":"https:\/\/sysmatec.ch\/de\/#organization"},"potentialAction":[{"@type":"SearchAction","target":{"@type":"EntryPoint","urlTemplate":"https:\/\/sysmatec.ch\/de\/?s={search_term_string}"},"query-input":{"@type":"PropertyValueSpecification","valueRequired":true,"valueName":"search_term_string"}}],"inLanguage":"de"},{"@type":"Organization","@id":"https:\/\/sysmatec.ch\/de\/#organization","name":"Sysmatec","url":"https:\/\/sysmatec.ch\/de\/","logo":{"@type":"ImageObject","inLanguage":"de","@id":"https:\/\/sysmatec.ch\/de\/#\/schema\/logo\/image\/","url":"https:\/\/sysmatec.ch\/wp-content\/uploads\/2018\/11\/LogoSysmatec.jpg","contentUrl":"https:\/\/sysmatec.ch\/wp-content\/uploads\/2018\/11\/LogoSysmatec.jpg","width":301,"height":297,"caption":"Sysmatec"},"image":{"@id":"https:\/\/sysmatec.ch\/de\/#\/schema\/logo\/image\/"}}]}},"_links":{"self":[{"href":"https:\/\/sysmatec.ch\/de\/wp-json\/wp\/v2\/product\/24275","targetHints":{"allow":["GET"]}}],"collection":[{"href":"https:\/\/sysmatec.ch\/de\/wp-json\/wp\/v2\/product"}],"about":[{"href":"https:\/\/sysmatec.ch\/de\/wp-json\/wp\/v2\/types\/product"}],"wp:featuredmedia":[{"embeddable":true,"href":"https:\/\/sysmatec.ch\/de\/wp-json\/wp\/v2\/media\/24070"}],"wp:attachment":[{"href":"https:\/\/sysmatec.ch\/de\/wp-json\/wp\/v2\/media?parent=24275"}],"wp:term":[{"taxonomy":"product_brand","embeddable":true,"href":"https:\/\/sysmatec.ch\/de\/wp-json\/wp\/v2\/product_brand?post=24275"},{"taxonomy":"product_cat","embeddable":true,"href":"https:\/\/sysmatec.ch\/de\/wp-json\/wp\/v2\/product_cat?post=24275"},{"taxonomy":"product_tag","embeddable":true,"href":"https:\/\/sysmatec.ch\/de\/wp-json\/wp\/v2\/product_tag?post=24275"}],"curies":[{"name":"wp","href":"https:\/\/api.w.org\/{rel}","templated":true}]}}