{"id":2425,"date":"2019-01-03T18:22:39","date_gmt":"2019-01-03T17:22:39","guid":{"rendered":"https:\/\/sysmatec.ch\/produit\/agitateur-a-vortex-capprondo-vortex-tm\/"},"modified":"2022-03-12T10:19:30","modified_gmt":"2022-03-12T09:19:30","slug":"vortex-mischer-capprondo-tm","status":"publish","type":"product","link":"https:\/\/sysmatec.ch\/de\/Produkt\/vortex-mischer-capprondo-tm\/","title":{"rendered":"Vortex-Mischer CappRondo (TM)"},"content":{"rendered":"<p>Diese Mini-Vortex-Mixer bietet die ideale L\u00f6sung f\u00fcr eine gute Durchmischung und schnellen Verwirbelung mit hoher Leistung in Bezug auf Geschwindigkeit, Zuverl\u00e4ssigkeit und Sicherheit.<\/p>\n<p>Mit 4.5 mm Orbitalbewegung und Geschwindigkeit von bis zu 4500 Umdrehungen pro Minute, es verwirbelt Rohren und R\u00f6hrchen bis 30 mm Durchmesser.<\/p>\n<p>Hoch sensibler Kontaktschalter gew\u00e4hrleistet ein Echtzeit Mischen.<\/p>\n<p>Variabler Geschwindigkeit kann einfach durch Drehen eines Knopfes eingestellt werden.<\/p>\n<p>Mikroprozessor gesteuert es liefert die maximale Geschwindigkeit auch unter variierenden Lastbedingungen.<\/p>\n<p>Ausgewogene Design, mit drei Antirutschf\u00fc\u00dfe geliefert, das Instrument bleibt sehr stabil.<\/p>\n<p>Das Ausgleichssystem schafft maximale Verwirbelung Aktion, bei gleichzeitiger L\u00e4rm und \u00fcberm\u00e4\u00dfige Vibrationen Minimierung.<\/p>\n<p>Sehr kompakt mit kleiner Stellfl\u00e4che ideal f\u00fcr den Einsatz auf Labortische.<\/p>\n<p>Zwei Jahre Hersteller-Garantie f\u00fcr Teile und Arbeit. Geringe Wartungsaufwand.<\/p>\n<p>Ideal f\u00fcr K\u00fchlr\u00e4ume und Inkubatoren. Beh\u00e4lt die gew\u00e4hlte Geschwindigkeit zwischen 4-40 \u00b0 C.<\/p>\n<p>Chemisch best\u00e4ndig Geh\u00e4use aus ABS.<\/p>\n<p>Robust Design mit Aluminium-Druckguss-Sockel.<\/p>\n<p>Max. Tragkraft: 500 g<\/p>\n<p>Gewicht: 550 g<\/p>\n<p>Abmessungen (B \u00d7 T \u00d7 H): 100 x 100 x 67 mm<\/p>\n<p>Stromversorgung: Universal (90 bis 230 V, 50\/60 Hz.)<\/p>\n<p>Leistungsaufnahme: 15 W<\/p>\n","protected":false},"excerpt":{"rendered":"<p>Vortex-Mischer<\/p>\n","protected":false},"featured_media":1125,"template":"","meta":{"_crdt_document":""},"product_brand":[],"product_cat":[159,87],"product_tag":[],"class_list":{"0":"post-2425","1":"product","2":"type-product","3":"status-publish","4":"has-post-thumbnail","6":"product_cat-kultur","7":"product_cat-ruehren","9":"first","10":"instock","11":"taxable","12":"shipping-taxable","13":"product-type-simple"},"yoast_head":"<!-- This site is optimized with the Yoast SEO plugin v27.4 - https:\/\/yoast.com\/product\/yoast-seo-wordpress\/ -->\n<title>Vortex-Mischer CappRondo (TM) - Sysmatec<\/title>\n<meta name=\"description\" content=\"Kompakter und robuster Wirbelmischer. Drehzahl 4500 U\/min. Funktioniert f\u00fcr alle Rohre bis zu einem Durchmesser von 30 mm.\" \/>\n<meta name=\"robots\" content=\"index, follow, max-snippet:-1, max-image-preview:large, max-video-preview:-1\" \/>\n<link rel=\"canonical\" href=\"https:\/\/sysmatec.ch\/de\/produit\/vortex-mischer-capprondo-tm\/\" \/>\n<meta property=\"og:locale\" content=\"de_DE\" \/>\n<meta property=\"og:type\" content=\"article\" \/>\n<meta property=\"og:title\" content=\"Vortex-Mischer CappRondo (TM) - Sysmatec\" \/>\n<meta property=\"og:description\" content=\"Kompakter und robuster Wirbelmischer. Drehzahl 4500 U\/min. Funktioniert f\u00fcr alle Rohre bis zu einem Durchmesser von 30 mm.\" \/>\n<meta property=\"og:url\" content=\"https:\/\/sysmatec.ch\/de\/produit\/vortex-mischer-capprondo-tm\/\" \/>\n<meta property=\"og:site_name\" content=\"Sysmatec\" \/>\n<meta property=\"article:modified_time\" content=\"2022-03-12T09:19:30+00:00\" \/>\n<meta property=\"og:image\" content=\"https:\/\/sysmatec.ch\/wp-content\/uploads\/2019\/01\/Agitateur_CappRondoMixer.jpg\" \/>\n\t<meta property=\"og:image:width\" content=\"175\" \/>\n\t<meta property=\"og:image:height\" content=\"138\" \/>\n\t<meta property=\"og:image:type\" content=\"image\/jpeg\" \/>\n<meta name=\"twitter:card\" content=\"summary_large_image\" \/>\n<meta name=\"twitter:label1\" content=\"Gesch\u00e4tzte Lesezeit\" \/>\n\t<meta name=\"twitter:data1\" content=\"1\u00a0Minute\" \/>\n<script type=\"application\/ld+json\" class=\"yoast-schema-graph\">{\"@context\":\"https:\\\/\\\/schema.org\",\"@graph\":[{\"@type\":\"WebPage\",\"@id\":\"https:\\\/\\\/sysmatec.ch\\\/de\\\/produit\\\/vortex-mischer-capprondo-tm\\\/\",\"url\":\"https:\\\/\\\/sysmatec.ch\\\/de\\\/produit\\\/vortex-mischer-capprondo-tm\\\/\",\"name\":\"Vortex-Mischer CappRondo (TM) - Sysmatec\",\"isPartOf\":{\"@id\":\"https:\\\/\\\/sysmatec.ch\\\/de\\\/#website\"},\"primaryImageOfPage\":{\"@id\":\"https:\\\/\\\/sysmatec.ch\\\/de\\\/produit\\\/vortex-mischer-capprondo-tm\\\/#primaryimage\"},\"image\":{\"@id\":\"https:\\\/\\\/sysmatec.ch\\\/de\\\/produit\\\/vortex-mischer-capprondo-tm\\\/#primaryimage\"},\"thumbnailUrl\":\"https:\\\/\\\/sysmatec.ch\\\/wp-content\\\/uploads\\\/2019\\\/01\\\/Agitateur_CappRondoMixer.jpg\",\"datePublished\":\"2019-01-03T17:22:39+00:00\",\"dateModified\":\"2022-03-12T09:19:30+00:00\",\"description\":\"Kompakter und robuster Wirbelmischer. Drehzahl 4500 U\\\/min. Funktioniert f\u00fcr alle Rohre bis zu einem Durchmesser von 30 mm.\",\"breadcrumb\":{\"@id\":\"https:\\\/\\\/sysmatec.ch\\\/de\\\/produit\\\/vortex-mischer-capprondo-tm\\\/#breadcrumb\"},\"inLanguage\":\"de\",\"potentialAction\":[{\"@type\":\"ReadAction\",\"target\":[\"https:\\\/\\\/sysmatec.ch\\\/de\\\/produit\\\/vortex-mischer-capprondo-tm\\\/\"]}]},{\"@type\":\"ImageObject\",\"inLanguage\":\"de\",\"@id\":\"https:\\\/\\\/sysmatec.ch\\\/de\\\/produit\\\/vortex-mischer-capprondo-tm\\\/#primaryimage\",\"url\":\"https:\\\/\\\/sysmatec.ch\\\/wp-content\\\/uploads\\\/2019\\\/01\\\/Agitateur_CappRondoMixer.jpg\",\"contentUrl\":\"https:\\\/\\\/sysmatec.ch\\\/wp-content\\\/uploads\\\/2019\\\/01\\\/Agitateur_CappRondoMixer.jpg\",\"width\":175,\"height\":138},{\"@type\":\"BreadcrumbList\",\"@id\":\"https:\\\/\\\/sysmatec.ch\\\/de\\\/produit\\\/vortex-mischer-capprondo-tm\\\/#breadcrumb\",\"itemListElement\":[{\"@type\":\"ListItem\",\"position\":1,\"name\":\"Accueil\",\"item\":\"https:\\\/\\\/sysmatec.ch\\\/de\\\/\"},{\"@type\":\"ListItem\",\"position\":2,\"name\":\"Die Aktivit\u00e4t von Sysmatec\",\"item\":\"https:\\\/\\\/sysmatec.ch\\\/de\\\/\"},{\"@type\":\"ListItem\",\"position\":3,\"name\":\"Vortex-Mischer CappRondo (TM)\"}]},{\"@type\":\"WebSite\",\"@id\":\"https:\\\/\\\/sysmatec.ch\\\/de\\\/#website\",\"url\":\"https:\\\/\\\/sysmatec.ch\\\/de\\\/\",\"name\":\"Sysmatec\",\"description\":\"Equipement de laboratoire et logiciels\",\"publisher\":{\"@id\":\"https:\\\/\\\/sysmatec.ch\\\/de\\\/#organization\"},\"potentialAction\":[{\"@type\":\"SearchAction\",\"target\":{\"@type\":\"EntryPoint\",\"urlTemplate\":\"https:\\\/\\\/sysmatec.ch\\\/de\\\/?s={search_term_string}\"},\"query-input\":{\"@type\":\"PropertyValueSpecification\",\"valueRequired\":true,\"valueName\":\"search_term_string\"}}],\"inLanguage\":\"de\"},{\"@type\":\"Organization\",\"@id\":\"https:\\\/\\\/sysmatec.ch\\\/de\\\/#organization\",\"name\":\"Sysmatec\",\"url\":\"https:\\\/\\\/sysmatec.ch\\\/de\\\/\",\"logo\":{\"@type\":\"ImageObject\",\"inLanguage\":\"de\",\"@id\":\"https:\\\/\\\/sysmatec.ch\\\/de\\\/#\\\/schema\\\/logo\\\/image\\\/\",\"url\":\"https:\\\/\\\/sysmatec.ch\\\/wp-content\\\/uploads\\\/2018\\\/11\\\/LogoSysmatec.jpg\",\"contentUrl\":\"https:\\\/\\\/sysmatec.ch\\\/wp-content\\\/uploads\\\/2018\\\/11\\\/LogoSysmatec.jpg\",\"width\":301,\"height\":297,\"caption\":\"Sysmatec\"},\"image\":{\"@id\":\"https:\\\/\\\/sysmatec.ch\\\/de\\\/#\\\/schema\\\/logo\\\/image\\\/\"}}]}<\/script>\n<!-- \/ Yoast SEO plugin. -->","yoast_head_json":{"title":"Vortex-Mischer CappRondo (TM) - Sysmatec","description":"Kompakter und robuster Wirbelmischer. Drehzahl 4500 U\/min. Funktioniert f\u00fcr alle Rohre bis zu einem Durchmesser von 30 mm.","robots":{"index":"index","follow":"follow","max-snippet":"max-snippet:-1","max-image-preview":"max-image-preview:large","max-video-preview":"max-video-preview:-1"},"canonical":"https:\/\/sysmatec.ch\/de\/produit\/vortex-mischer-capprondo-tm\/","og_locale":"de_DE","og_type":"article","og_title":"Vortex-Mischer CappRondo (TM) - Sysmatec","og_description":"Kompakter und robuster Wirbelmischer. Drehzahl 4500 U\/min. Funktioniert f\u00fcr alle Rohre bis zu einem Durchmesser von 30 mm.","og_url":"https:\/\/sysmatec.ch\/de\/produit\/vortex-mischer-capprondo-tm\/","og_site_name":"Sysmatec","article_modified_time":"2022-03-12T09:19:30+00:00","og_image":[{"width":175,"height":138,"url":"https:\/\/sysmatec.ch\/wp-content\/uploads\/2019\/01\/Agitateur_CappRondoMixer.jpg","type":"image\/jpeg"}],"twitter_card":"summary_large_image","twitter_misc":{"Gesch\u00e4tzte Lesezeit":"1\u00a0Minute"},"schema":{"@context":"https:\/\/schema.org","@graph":[{"@type":"WebPage","@id":"https:\/\/sysmatec.ch\/de\/produit\/vortex-mischer-capprondo-tm\/","url":"https:\/\/sysmatec.ch\/de\/produit\/vortex-mischer-capprondo-tm\/","name":"Vortex-Mischer CappRondo (TM) - Sysmatec","isPartOf":{"@id":"https:\/\/sysmatec.ch\/de\/#website"},"primaryImageOfPage":{"@id":"https:\/\/sysmatec.ch\/de\/produit\/vortex-mischer-capprondo-tm\/#primaryimage"},"image":{"@id":"https:\/\/sysmatec.ch\/de\/produit\/vortex-mischer-capprondo-tm\/#primaryimage"},"thumbnailUrl":"https:\/\/sysmatec.ch\/wp-content\/uploads\/2019\/01\/Agitateur_CappRondoMixer.jpg","datePublished":"2019-01-03T17:22:39+00:00","dateModified":"2022-03-12T09:19:30+00:00","description":"Kompakter und robuster Wirbelmischer. Drehzahl 4500 U\/min. Funktioniert f\u00fcr alle Rohre bis zu einem Durchmesser von 30 mm.","breadcrumb":{"@id":"https:\/\/sysmatec.ch\/de\/produit\/vortex-mischer-capprondo-tm\/#breadcrumb"},"inLanguage":"de","potentialAction":[{"@type":"ReadAction","target":["https:\/\/sysmatec.ch\/de\/produit\/vortex-mischer-capprondo-tm\/"]}]},{"@type":"ImageObject","inLanguage":"de","@id":"https:\/\/sysmatec.ch\/de\/produit\/vortex-mischer-capprondo-tm\/#primaryimage","url":"https:\/\/sysmatec.ch\/wp-content\/uploads\/2019\/01\/Agitateur_CappRondoMixer.jpg","contentUrl":"https:\/\/sysmatec.ch\/wp-content\/uploads\/2019\/01\/Agitateur_CappRondoMixer.jpg","width":175,"height":138},{"@type":"BreadcrumbList","@id":"https:\/\/sysmatec.ch\/de\/produit\/vortex-mischer-capprondo-tm\/#breadcrumb","itemListElement":[{"@type":"ListItem","position":1,"name":"Accueil","item":"https:\/\/sysmatec.ch\/de\/"},{"@type":"ListItem","position":2,"name":"Die Aktivit\u00e4t von Sysmatec","item":"https:\/\/sysmatec.ch\/de\/"},{"@type":"ListItem","position":3,"name":"Vortex-Mischer CappRondo (TM)"}]},{"@type":"WebSite","@id":"https:\/\/sysmatec.ch\/de\/#website","url":"https:\/\/sysmatec.ch\/de\/","name":"Sysmatec","description":"Equipement de laboratoire et logiciels","publisher":{"@id":"https:\/\/sysmatec.ch\/de\/#organization"},"potentialAction":[{"@type":"SearchAction","target":{"@type":"EntryPoint","urlTemplate":"https:\/\/sysmatec.ch\/de\/?s={search_term_string}"},"query-input":{"@type":"PropertyValueSpecification","valueRequired":true,"valueName":"search_term_string"}}],"inLanguage":"de"},{"@type":"Organization","@id":"https:\/\/sysmatec.ch\/de\/#organization","name":"Sysmatec","url":"https:\/\/sysmatec.ch\/de\/","logo":{"@type":"ImageObject","inLanguage":"de","@id":"https:\/\/sysmatec.ch\/de\/#\/schema\/logo\/image\/","url":"https:\/\/sysmatec.ch\/wp-content\/uploads\/2018\/11\/LogoSysmatec.jpg","contentUrl":"https:\/\/sysmatec.ch\/wp-content\/uploads\/2018\/11\/LogoSysmatec.jpg","width":301,"height":297,"caption":"Sysmatec"},"image":{"@id":"https:\/\/sysmatec.ch\/de\/#\/schema\/logo\/image\/"}}]}},"_links":{"self":[{"href":"https:\/\/sysmatec.ch\/de\/wp-json\/wp\/v2\/product\/2425","targetHints":{"allow":["GET"]}}],"collection":[{"href":"https:\/\/sysmatec.ch\/de\/wp-json\/wp\/v2\/product"}],"about":[{"href":"https:\/\/sysmatec.ch\/de\/wp-json\/wp\/v2\/types\/product"}],"wp:featuredmedia":[{"embeddable":true,"href":"https:\/\/sysmatec.ch\/de\/wp-json\/wp\/v2\/media\/1125"}],"wp:attachment":[{"href":"https:\/\/sysmatec.ch\/de\/wp-json\/wp\/v2\/media?parent=2425"}],"wp:term":[{"taxonomy":"product_brand","embeddable":true,"href":"https:\/\/sysmatec.ch\/de\/wp-json\/wp\/v2\/product_brand?post=2425"},{"taxonomy":"product_cat","embeddable":true,"href":"https:\/\/sysmatec.ch\/de\/wp-json\/wp\/v2\/product_cat?post=2425"},{"taxonomy":"product_tag","embeddable":true,"href":"https:\/\/sysmatec.ch\/de\/wp-json\/wp\/v2\/product_tag?post=2425"}],"curies":[{"name":"wp","href":"https:\/\/api.w.org\/{rel}","templated":true}]}}