{"id":24224,"date":"2021-04-05T13:46:49","date_gmt":"2021-04-05T11:46:52","guid":{"rendered":"https:\/\/sysmatec.ch\/?post_type=product&#038;p=24224"},"modified":"2021-11-25T13:32:31","modified_gmt":"2021-11-25T12:32:31","slug":"bodenwaage-kern-nfn-copie","status":"publish","type":"product","link":"https:\/\/sysmatec.ch\/de\/Produkt\/bodenwaage-kern-nfn-copie\/","title":{"rendered":"Bodenwaage KERN MWB"},"content":{"rendered":"<ul id=\"kernList1\">\n<li>Durchfahrwaage zum schnellen Wiegen von z. B. Drahtkastenwagen, W\u00e4schewagen, Etagenwagen, Containerwagen, Magazinwagen, Transportkarren, Transportkoffern, Hubwagen, Rollbeh\u00e4ltern, M\u00fclltonnen etc.<\/li>\n<li>Niedrige Bauh\u00f6he der Plattform sowie integrierte Auffahrrampen an beiden Seiten erleichtern das Auffahren. Dadurch kein Grubenrahmeneinbau n\u00f6tig \u2013 das spart Geld<\/li>\n<li>W\u00e4gebr\u00fccke Stahl lackiert, 4 silikonbeschichtete Stahl-W\u00e4gezellen, Staub- und Spritzwasserschutz IP65<\/li>\n<li>Sicheres und rutschfreies Aufstellen durch h\u00f6henverstellbare Gummif\u00fc\u00dfe<\/li>\n<li>Libelle zum exakten\u00a0<a>Nivellieren<\/a>\u00a0der Waage serienm\u00e4\u00dfig<\/li>\n<li><a>Hold-Funktion<\/a>: Bei unruhigen W\u00e4gebedingungen wird durch Mittelwertbildung ein stabiler W\u00e4gewert errechnet<\/li>\n<li>Auswerteger\u00e4t: gro\u00dfes, gut ablesbares LCD-Display. Einfache und komfortable 6-Tasten-Bedienung<\/li>\n<li>Wandhalterung zur Wandmontage des Anzeigeger\u00e4ts serienm\u00e4\u00dfig<\/li>\n<li>Arbeitsschutzhaube im Lieferumfang enthalten<\/li>\n<\/ul>\n<table border=\"1\" width=\"511\" cellspacing=\"0\" cellpadding=\"2\">\n<tbody>\n<tr>\n<td>Waage Modell<\/td>\n<td width=\"10%\">Ablesbarkeit<\/td>\n<td width=\"10%\">W\u00e4gebereich<\/td>\n<td width=\"10%\">W\u00e4geplatte<\/td>\n<\/tr>\n<tr>\n<td><\/td>\n<td width=\"10%\">g<\/td>\n<td width=\"10%\">kg<\/td>\n<td width=\"10%\">mm<\/td>\n<\/tr>\n<tr>\n<td>MWB 300K-1<\/td>\n<td width=\"10%\">100<\/td>\n<td width=\"10%\">300<\/td>\n<td width=\"10%\">1000&#215;1000<\/td>\n<\/tr>\n<\/tbody>\n<\/table>\n","protected":false},"excerpt":{"rendered":"<p><span class=\"VIiyi\" lang=\"de\"><span class=\"JLqJ4b ChMk0b\" data-language-for-alternatives=\"de\" data-language-to-translate-into=\"fr\" data-phrase-index=\"0\">Bodenwaage und Durchfahrwaage f\u00fcr Bereiche von 0 bis 300 kg, IP65, mit Rollen und Handgriffen, integrierte Auffahrrampe<\/span><\/span><\/p>\n","protected":false},"featured_media":24229,"template":"","meta":{"_crdt_document":""},"product_brand":[],"product_cat":[165,339],"product_tag":[],"class_list":{"0":"post-24224","1":"product","2":"type-product","3":"status-publish","4":"has-post-thumbnail","6":"product_cat-gewicht","7":"product_cat-plattform","9":"first","10":"instock","11":"taxable","12":"shipping-taxable","13":"purchasable","14":"product-type-simple"},"yoast_head":"<!-- This site is optimized with the Yoast SEO plugin v27.3 - https:\/\/yoast.com\/product\/yoast-seo-wordpress\/ -->\n<title>Bodenwaage KERN MWB - Sysmatec<\/title>\n<meta name=\"description\" content=\"Bodenwaage. Kann zum Wiegen eines Rollstuhls verwendet werden. F\u00fcr den Bereich 0 bis 300 kg. Integrierte Zufahrtsrampe.\" \/>\n<meta name=\"robots\" content=\"index, follow, max-snippet:-1, max-image-preview:large, max-video-preview:-1\" \/>\n<link rel=\"canonical\" href=\"https:\/\/sysmatec.ch\/de\/produit\/bodenwaage-kern-nfn-copie\/\" \/>\n<meta property=\"og:locale\" content=\"de_DE\" \/>\n<meta property=\"og:type\" content=\"article\" \/>\n<meta property=\"og:title\" content=\"Bodenwaage KERN MWB - Sysmatec\" \/>\n<meta property=\"og:description\" content=\"Bodenwaage. Kann zum Wiegen eines Rollstuhls verwendet werden. F\u00fcr den Bereich 0 bis 300 kg. Integrierte Zufahrtsrampe.\" \/>\n<meta property=\"og:url\" content=\"https:\/\/sysmatec.ch\/de\/produit\/bodenwaage-kern-nfn-copie\/\" \/>\n<meta property=\"og:site_name\" content=\"Sysmatec\" \/>\n<meta property=\"article:modified_time\" content=\"2021-11-25T12:32:31+00:00\" \/>\n<meta property=\"og:image\" content=\"https:\/\/sysmatec.ch\/wp-content\/uploads\/2021\/04\/Balance_MWB-300K-1-scaled.jpg\" \/>\n\t<meta property=\"og:image:width\" content=\"2560\" \/>\n\t<meta property=\"og:image:height\" content=\"1703\" \/>\n\t<meta property=\"og:image:type\" content=\"image\/jpeg\" \/>\n<meta name=\"twitter:card\" content=\"summary_large_image\" \/>\n<meta name=\"twitter:label1\" content=\"Gesch\u00e4tzte Lesezeit\" \/>\n\t<meta name=\"twitter:data1\" content=\"1\u00a0Minute\" \/>\n<script type=\"application\/ld+json\" class=\"yoast-schema-graph\">{\"@context\":\"https:\\\/\\\/schema.org\",\"@graph\":[{\"@type\":\"WebPage\",\"@id\":\"https:\\\/\\\/sysmatec.ch\\\/de\\\/produit\\\/bodenwaage-kern-nfn-copie\\\/\",\"url\":\"https:\\\/\\\/sysmatec.ch\\\/de\\\/produit\\\/bodenwaage-kern-nfn-copie\\\/\",\"name\":\"Bodenwaage KERN MWB - Sysmatec\",\"isPartOf\":{\"@id\":\"https:\\\/\\\/sysmatec.ch\\\/de\\\/#website\"},\"primaryImageOfPage\":{\"@id\":\"https:\\\/\\\/sysmatec.ch\\\/de\\\/produit\\\/bodenwaage-kern-nfn-copie\\\/#primaryimage\"},\"image\":{\"@id\":\"https:\\\/\\\/sysmatec.ch\\\/de\\\/produit\\\/bodenwaage-kern-nfn-copie\\\/#primaryimage\"},\"thumbnailUrl\":\"https:\\\/\\\/sysmatec.ch\\\/wp-content\\\/uploads\\\/2021\\\/04\\\/Balance_MWB-300K-1-scaled.jpg\",\"datePublished\":\"2021-04-05T11:46:52+00:00\",\"dateModified\":\"2021-11-25T12:32:31+00:00\",\"description\":\"Bodenwaage. Kann zum Wiegen eines Rollstuhls verwendet werden. F\u00fcr den Bereich 0 bis 300 kg. Integrierte Zufahrtsrampe.\",\"breadcrumb\":{\"@id\":\"https:\\\/\\\/sysmatec.ch\\\/de\\\/produit\\\/bodenwaage-kern-nfn-copie\\\/#breadcrumb\"},\"inLanguage\":\"de\",\"potentialAction\":[{\"@type\":\"ReadAction\",\"target\":[\"https:\\\/\\\/sysmatec.ch\\\/de\\\/produit\\\/bodenwaage-kern-nfn-copie\\\/\"]}]},{\"@type\":\"ImageObject\",\"inLanguage\":\"de\",\"@id\":\"https:\\\/\\\/sysmatec.ch\\\/de\\\/produit\\\/bodenwaage-kern-nfn-copie\\\/#primaryimage\",\"url\":\"https:\\\/\\\/sysmatec.ch\\\/wp-content\\\/uploads\\\/2021\\\/04\\\/Balance_MWB-300K-1-scaled.jpg\",\"contentUrl\":\"https:\\\/\\\/sysmatec.ch\\\/wp-content\\\/uploads\\\/2021\\\/04\\\/Balance_MWB-300K-1-scaled.jpg\",\"width\":2560,\"height\":1703},{\"@type\":\"BreadcrumbList\",\"@id\":\"https:\\\/\\\/sysmatec.ch\\\/de\\\/produit\\\/bodenwaage-kern-nfn-copie\\\/#breadcrumb\",\"itemListElement\":[{\"@type\":\"ListItem\",\"position\":1,\"name\":\"Accueil\",\"item\":\"https:\\\/\\\/sysmatec.ch\\\/de\\\/\"},{\"@type\":\"ListItem\",\"position\":2,\"name\":\"Die Aktivit\u00e4t von Sysmatec\",\"item\":\"https:\\\/\\\/sysmatec.ch\\\/de\\\/\"},{\"@type\":\"ListItem\",\"position\":3,\"name\":\"Bodenwaage KERN MWB\"}]},{\"@type\":\"WebSite\",\"@id\":\"https:\\\/\\\/sysmatec.ch\\\/de\\\/#website\",\"url\":\"https:\\\/\\\/sysmatec.ch\\\/de\\\/\",\"name\":\"Sysmatec\",\"description\":\"Equipement de laboratoire et logiciels\",\"publisher\":{\"@id\":\"https:\\\/\\\/sysmatec.ch\\\/de\\\/#organization\"},\"potentialAction\":[{\"@type\":\"SearchAction\",\"target\":{\"@type\":\"EntryPoint\",\"urlTemplate\":\"https:\\\/\\\/sysmatec.ch\\\/de\\\/?s={search_term_string}\"},\"query-input\":{\"@type\":\"PropertyValueSpecification\",\"valueRequired\":true,\"valueName\":\"search_term_string\"}}],\"inLanguage\":\"de\"},{\"@type\":\"Organization\",\"@id\":\"https:\\\/\\\/sysmatec.ch\\\/de\\\/#organization\",\"name\":\"Sysmatec\",\"url\":\"https:\\\/\\\/sysmatec.ch\\\/de\\\/\",\"logo\":{\"@type\":\"ImageObject\",\"inLanguage\":\"de\",\"@id\":\"https:\\\/\\\/sysmatec.ch\\\/de\\\/#\\\/schema\\\/logo\\\/image\\\/\",\"url\":\"https:\\\/\\\/sysmatec.ch\\\/wp-content\\\/uploads\\\/2018\\\/11\\\/LogoSysmatec.jpg\",\"contentUrl\":\"https:\\\/\\\/sysmatec.ch\\\/wp-content\\\/uploads\\\/2018\\\/11\\\/LogoSysmatec.jpg\",\"width\":301,\"height\":297,\"caption\":\"Sysmatec\"},\"image\":{\"@id\":\"https:\\\/\\\/sysmatec.ch\\\/de\\\/#\\\/schema\\\/logo\\\/image\\\/\"}}]}<\/script>\n<!-- \/ Yoast SEO plugin. -->","yoast_head_json":{"title":"Bodenwaage KERN MWB - Sysmatec","description":"Bodenwaage. Kann zum Wiegen eines Rollstuhls verwendet werden. F\u00fcr den Bereich 0 bis 300 kg. Integrierte Zufahrtsrampe.","robots":{"index":"index","follow":"follow","max-snippet":"max-snippet:-1","max-image-preview":"max-image-preview:large","max-video-preview":"max-video-preview:-1"},"canonical":"https:\/\/sysmatec.ch\/de\/produit\/bodenwaage-kern-nfn-copie\/","og_locale":"de_DE","og_type":"article","og_title":"Bodenwaage KERN MWB - Sysmatec","og_description":"Bodenwaage. Kann zum Wiegen eines Rollstuhls verwendet werden. F\u00fcr den Bereich 0 bis 300 kg. Integrierte Zufahrtsrampe.","og_url":"https:\/\/sysmatec.ch\/de\/produit\/bodenwaage-kern-nfn-copie\/","og_site_name":"Sysmatec","article_modified_time":"2021-11-25T12:32:31+00:00","og_image":[{"width":2560,"height":1703,"url":"https:\/\/sysmatec.ch\/wp-content\/uploads\/2021\/04\/Balance_MWB-300K-1-scaled.jpg","type":"image\/jpeg"}],"twitter_card":"summary_large_image","twitter_misc":{"Gesch\u00e4tzte Lesezeit":"1\u00a0Minute"},"schema":{"@context":"https:\/\/schema.org","@graph":[{"@type":"WebPage","@id":"https:\/\/sysmatec.ch\/de\/produit\/bodenwaage-kern-nfn-copie\/","url":"https:\/\/sysmatec.ch\/de\/produit\/bodenwaage-kern-nfn-copie\/","name":"Bodenwaage KERN MWB - Sysmatec","isPartOf":{"@id":"https:\/\/sysmatec.ch\/de\/#website"},"primaryImageOfPage":{"@id":"https:\/\/sysmatec.ch\/de\/produit\/bodenwaage-kern-nfn-copie\/#primaryimage"},"image":{"@id":"https:\/\/sysmatec.ch\/de\/produit\/bodenwaage-kern-nfn-copie\/#primaryimage"},"thumbnailUrl":"https:\/\/sysmatec.ch\/wp-content\/uploads\/2021\/04\/Balance_MWB-300K-1-scaled.jpg","datePublished":"2021-04-05T11:46:52+00:00","dateModified":"2021-11-25T12:32:31+00:00","description":"Bodenwaage. Kann zum Wiegen eines Rollstuhls verwendet werden. F\u00fcr den Bereich 0 bis 300 kg. Integrierte Zufahrtsrampe.","breadcrumb":{"@id":"https:\/\/sysmatec.ch\/de\/produit\/bodenwaage-kern-nfn-copie\/#breadcrumb"},"inLanguage":"de","potentialAction":[{"@type":"ReadAction","target":["https:\/\/sysmatec.ch\/de\/produit\/bodenwaage-kern-nfn-copie\/"]}]},{"@type":"ImageObject","inLanguage":"de","@id":"https:\/\/sysmatec.ch\/de\/produit\/bodenwaage-kern-nfn-copie\/#primaryimage","url":"https:\/\/sysmatec.ch\/wp-content\/uploads\/2021\/04\/Balance_MWB-300K-1-scaled.jpg","contentUrl":"https:\/\/sysmatec.ch\/wp-content\/uploads\/2021\/04\/Balance_MWB-300K-1-scaled.jpg","width":2560,"height":1703},{"@type":"BreadcrumbList","@id":"https:\/\/sysmatec.ch\/de\/produit\/bodenwaage-kern-nfn-copie\/#breadcrumb","itemListElement":[{"@type":"ListItem","position":1,"name":"Accueil","item":"https:\/\/sysmatec.ch\/de\/"},{"@type":"ListItem","position":2,"name":"Die Aktivit\u00e4t von Sysmatec","item":"https:\/\/sysmatec.ch\/de\/"},{"@type":"ListItem","position":3,"name":"Bodenwaage KERN MWB"}]},{"@type":"WebSite","@id":"https:\/\/sysmatec.ch\/de\/#website","url":"https:\/\/sysmatec.ch\/de\/","name":"Sysmatec","description":"Equipement de laboratoire et logiciels","publisher":{"@id":"https:\/\/sysmatec.ch\/de\/#organization"},"potentialAction":[{"@type":"SearchAction","target":{"@type":"EntryPoint","urlTemplate":"https:\/\/sysmatec.ch\/de\/?s={search_term_string}"},"query-input":{"@type":"PropertyValueSpecification","valueRequired":true,"valueName":"search_term_string"}}],"inLanguage":"de"},{"@type":"Organization","@id":"https:\/\/sysmatec.ch\/de\/#organization","name":"Sysmatec","url":"https:\/\/sysmatec.ch\/de\/","logo":{"@type":"ImageObject","inLanguage":"de","@id":"https:\/\/sysmatec.ch\/de\/#\/schema\/logo\/image\/","url":"https:\/\/sysmatec.ch\/wp-content\/uploads\/2018\/11\/LogoSysmatec.jpg","contentUrl":"https:\/\/sysmatec.ch\/wp-content\/uploads\/2018\/11\/LogoSysmatec.jpg","width":301,"height":297,"caption":"Sysmatec"},"image":{"@id":"https:\/\/sysmatec.ch\/de\/#\/schema\/logo\/image\/"}}]}},"_links":{"self":[{"href":"https:\/\/sysmatec.ch\/de\/wp-json\/wp\/v2\/product\/24224","targetHints":{"allow":["GET"]}}],"collection":[{"href":"https:\/\/sysmatec.ch\/de\/wp-json\/wp\/v2\/product"}],"about":[{"href":"https:\/\/sysmatec.ch\/de\/wp-json\/wp\/v2\/types\/product"}],"wp:featuredmedia":[{"embeddable":true,"href":"https:\/\/sysmatec.ch\/de\/wp-json\/wp\/v2\/media\/24229"}],"wp:attachment":[{"href":"https:\/\/sysmatec.ch\/de\/wp-json\/wp\/v2\/media?parent=24224"}],"wp:term":[{"taxonomy":"product_brand","embeddable":true,"href":"https:\/\/sysmatec.ch\/de\/wp-json\/wp\/v2\/product_brand?post=24224"},{"taxonomy":"product_cat","embeddable":true,"href":"https:\/\/sysmatec.ch\/de\/wp-json\/wp\/v2\/product_cat?post=24224"},{"taxonomy":"product_tag","embeddable":true,"href":"https:\/\/sysmatec.ch\/de\/wp-json\/wp\/v2\/product_tag?post=24224"}],"curies":[{"name":"wp","href":"https:\/\/api.w.org\/{rel}","templated":true}]}}