{"id":2422,"date":"2019-01-03T18:28:40","date_gmt":"2019-01-03T17:28:40","guid":{"rendered":"https:\/\/sysmatec.ch\/produit\/table-dagitation-lineaire\/"},"modified":"2022-03-12T10:11:30","modified_gmt":"2022-03-12T09:11:30","slug":"linear-schuettler","status":"publish","type":"product","link":"https:\/\/sysmatec.ch\/de\/Produkt\/linear-schuettler\/","title":{"rendered":"Linear Sch\u00fcttler"},"content":{"rendered":"<p>Der Sch\u00fcttler wird in Laboratorien und biologischen und chemischen Industrie eingesetzt. Er wurde f\u00fcr Bakterien oder Zellkultur entwickelt.<\/p>\n<p>Eigenschaften<\/p>\n<ul>\n<li type=\"disc\">lineare Bewegung<\/li>\n<li type=\"disc\">Kapazit\u00e4t 128 oder 256 Flaschen (500 ml)<\/li>\n<li type=\"disc\">Einfaches Laden von Flaschen<\/li>\n<li type=\"disc\">distanziert Schubladen einstellbar<\/li>\n<li type=\"disc\">horizontalen oder vertikalen Ladung<\/li>\n<li type=\"disc\">variabler Geschwindigkeit von 80 bis 160 U \/ min<\/li>\n<li type=\"disc\">Programmierbar<\/li>\n<li type=\"disc\">mit Schaltschrank<\/li>\n<li type=\"disc\">Gestell aus lackiertem Stahl und K\u00e4fig aus Edelstahl 304L<\/li>\n<li type=\"disc\">Sch\u00fcttel-Amplitude 20 mm<\/li>\n<li type=\"disc\">Temperatur 5 \u00b0 C bis 60 \u00b0 C<\/li>\n<li type=\"disc\">0.75 kW Motor<\/li>\n<li type=\"disc\">Abmessungen (L x B x H): 1.6 x 1 x 1.5 m<\/li>\n<li type=\"disc\">Leergewicht: 550 kg<\/li>\n<li type=\"disc\">Netzteil 230V AC 50 Hz<\/li>\n<\/ul>\n","protected":false},"excerpt":{"rendered":"<p>Linear Sch\u00fcttler<\/p>\n","protected":false},"featured_media":1127,"template":"","meta":{"_crdt_document":""},"product_brand":[],"product_cat":[159,87],"product_tag":[],"class_list":{"0":"post-2422","1":"product","2":"type-product","3":"status-publish","4":"has-post-thumbnail","6":"product_cat-kultur","7":"product_cat-ruehren","9":"first","10":"instock","11":"taxable","12":"shipping-taxable","13":"product-type-simple"},"yoast_head":"<!-- This site is optimized with the Yoast SEO plugin v27.4 - https:\/\/yoast.com\/product\/yoast-seo-wordpress\/ -->\n<title>Linear Sch\u00fcttler - Sysmatec<\/title>\n<meta name=\"description\" content=\"Sch\u00fctteltisch mit reziproker Linearbewegung, variable Drehzahl 80-160 U\/min. Fassungsverm\u00f6gen 128 \/ 256 Flaschen \u00e0 500 ml.\" \/>\n<meta name=\"robots\" content=\"index, follow, max-snippet:-1, max-image-preview:large, max-video-preview:-1\" \/>\n<link rel=\"canonical\" href=\"https:\/\/sysmatec.ch\/de\/produit\/linear-schuettler\/\" \/>\n<meta property=\"og:locale\" content=\"de_DE\" \/>\n<meta property=\"og:type\" content=\"article\" \/>\n<meta property=\"og:title\" content=\"Linear Sch\u00fcttler - Sysmatec\" \/>\n<meta property=\"og:description\" content=\"Sch\u00fctteltisch mit reziproker Linearbewegung, variable Drehzahl 80-160 U\/min. Fassungsverm\u00f6gen 128 \/ 256 Flaschen \u00e0 500 ml.\" \/>\n<meta property=\"og:url\" content=\"https:\/\/sysmatec.ch\/de\/produit\/linear-schuettler\/\" \/>\n<meta property=\"og:site_name\" content=\"Sysmatec\" \/>\n<meta property=\"article:modified_time\" content=\"2022-03-12T09:11:30+00:00\" \/>\n<meta property=\"og:image\" content=\"https:\/\/sysmatec.ch\/wp-content\/uploads\/2019\/01\/Agitation_Garaud.jpg\" \/>\n\t<meta property=\"og:image:width\" content=\"175\" \/>\n\t<meta property=\"og:image:height\" content=\"144\" \/>\n\t<meta property=\"og:image:type\" content=\"image\/jpeg\" \/>\n<meta name=\"twitter:card\" content=\"summary_large_image\" \/>\n<script type=\"application\/ld+json\" class=\"yoast-schema-graph\">{\"@context\":\"https:\\\/\\\/schema.org\",\"@graph\":[{\"@type\":\"WebPage\",\"@id\":\"https:\\\/\\\/sysmatec.ch\\\/de\\\/produit\\\/linear-schuettler\\\/\",\"url\":\"https:\\\/\\\/sysmatec.ch\\\/de\\\/produit\\\/linear-schuettler\\\/\",\"name\":\"Linear Sch\u00fcttler - Sysmatec\",\"isPartOf\":{\"@id\":\"https:\\\/\\\/sysmatec.ch\\\/de\\\/#website\"},\"primaryImageOfPage\":{\"@id\":\"https:\\\/\\\/sysmatec.ch\\\/de\\\/produit\\\/linear-schuettler\\\/#primaryimage\"},\"image\":{\"@id\":\"https:\\\/\\\/sysmatec.ch\\\/de\\\/produit\\\/linear-schuettler\\\/#primaryimage\"},\"thumbnailUrl\":\"https:\\\/\\\/sysmatec.ch\\\/wp-content\\\/uploads\\\/2019\\\/01\\\/Agitation_Garaud.jpg\",\"datePublished\":\"2019-01-03T17:28:40+00:00\",\"dateModified\":\"2022-03-12T09:11:30+00:00\",\"description\":\"Sch\u00fctteltisch mit reziproker Linearbewegung, variable Drehzahl 80-160 U\\\/min. Fassungsverm\u00f6gen 128 \\\/ 256 Flaschen \u00e0 500 ml.\",\"breadcrumb\":{\"@id\":\"https:\\\/\\\/sysmatec.ch\\\/de\\\/produit\\\/linear-schuettler\\\/#breadcrumb\"},\"inLanguage\":\"de\",\"potentialAction\":[{\"@type\":\"ReadAction\",\"target\":[\"https:\\\/\\\/sysmatec.ch\\\/de\\\/produit\\\/linear-schuettler\\\/\"]}]},{\"@type\":\"ImageObject\",\"inLanguage\":\"de\",\"@id\":\"https:\\\/\\\/sysmatec.ch\\\/de\\\/produit\\\/linear-schuettler\\\/#primaryimage\",\"url\":\"https:\\\/\\\/sysmatec.ch\\\/wp-content\\\/uploads\\\/2019\\\/01\\\/Agitation_Garaud.jpg\",\"contentUrl\":\"https:\\\/\\\/sysmatec.ch\\\/wp-content\\\/uploads\\\/2019\\\/01\\\/Agitation_Garaud.jpg\",\"width\":175,\"height\":144},{\"@type\":\"BreadcrumbList\",\"@id\":\"https:\\\/\\\/sysmatec.ch\\\/de\\\/produit\\\/linear-schuettler\\\/#breadcrumb\",\"itemListElement\":[{\"@type\":\"ListItem\",\"position\":1,\"name\":\"Accueil\",\"item\":\"https:\\\/\\\/sysmatec.ch\\\/de\\\/\"},{\"@type\":\"ListItem\",\"position\":2,\"name\":\"Die Aktivit\u00e4t von Sysmatec\",\"item\":\"https:\\\/\\\/sysmatec.ch\\\/de\\\/\"},{\"@type\":\"ListItem\",\"position\":3,\"name\":\"Linear Sch\u00fcttler\"}]},{\"@type\":\"WebSite\",\"@id\":\"https:\\\/\\\/sysmatec.ch\\\/de\\\/#website\",\"url\":\"https:\\\/\\\/sysmatec.ch\\\/de\\\/\",\"name\":\"Sysmatec\",\"description\":\"Equipement de laboratoire et logiciels\",\"publisher\":{\"@id\":\"https:\\\/\\\/sysmatec.ch\\\/de\\\/#organization\"},\"potentialAction\":[{\"@type\":\"SearchAction\",\"target\":{\"@type\":\"EntryPoint\",\"urlTemplate\":\"https:\\\/\\\/sysmatec.ch\\\/de\\\/?s={search_term_string}\"},\"query-input\":{\"@type\":\"PropertyValueSpecification\",\"valueRequired\":true,\"valueName\":\"search_term_string\"}}],\"inLanguage\":\"de\"},{\"@type\":\"Organization\",\"@id\":\"https:\\\/\\\/sysmatec.ch\\\/de\\\/#organization\",\"name\":\"Sysmatec\",\"url\":\"https:\\\/\\\/sysmatec.ch\\\/de\\\/\",\"logo\":{\"@type\":\"ImageObject\",\"inLanguage\":\"de\",\"@id\":\"https:\\\/\\\/sysmatec.ch\\\/de\\\/#\\\/schema\\\/logo\\\/image\\\/\",\"url\":\"https:\\\/\\\/sysmatec.ch\\\/wp-content\\\/uploads\\\/2018\\\/11\\\/LogoSysmatec.jpg\",\"contentUrl\":\"https:\\\/\\\/sysmatec.ch\\\/wp-content\\\/uploads\\\/2018\\\/11\\\/LogoSysmatec.jpg\",\"width\":301,\"height\":297,\"caption\":\"Sysmatec\"},\"image\":{\"@id\":\"https:\\\/\\\/sysmatec.ch\\\/de\\\/#\\\/schema\\\/logo\\\/image\\\/\"}}]}<\/script>\n<!-- \/ Yoast SEO plugin. -->","yoast_head_json":{"title":"Linear Sch\u00fcttler - Sysmatec","description":"Sch\u00fctteltisch mit reziproker Linearbewegung, variable Drehzahl 80-160 U\/min. Fassungsverm\u00f6gen 128 \/ 256 Flaschen \u00e0 500 ml.","robots":{"index":"index","follow":"follow","max-snippet":"max-snippet:-1","max-image-preview":"max-image-preview:large","max-video-preview":"max-video-preview:-1"},"canonical":"https:\/\/sysmatec.ch\/de\/produit\/linear-schuettler\/","og_locale":"de_DE","og_type":"article","og_title":"Linear Sch\u00fcttler - Sysmatec","og_description":"Sch\u00fctteltisch mit reziproker Linearbewegung, variable Drehzahl 80-160 U\/min. Fassungsverm\u00f6gen 128 \/ 256 Flaschen \u00e0 500 ml.","og_url":"https:\/\/sysmatec.ch\/de\/produit\/linear-schuettler\/","og_site_name":"Sysmatec","article_modified_time":"2022-03-12T09:11:30+00:00","og_image":[{"width":175,"height":144,"url":"https:\/\/sysmatec.ch\/wp-content\/uploads\/2019\/01\/Agitation_Garaud.jpg","type":"image\/jpeg"}],"twitter_card":"summary_large_image","schema":{"@context":"https:\/\/schema.org","@graph":[{"@type":"WebPage","@id":"https:\/\/sysmatec.ch\/de\/produit\/linear-schuettler\/","url":"https:\/\/sysmatec.ch\/de\/produit\/linear-schuettler\/","name":"Linear Sch\u00fcttler - Sysmatec","isPartOf":{"@id":"https:\/\/sysmatec.ch\/de\/#website"},"primaryImageOfPage":{"@id":"https:\/\/sysmatec.ch\/de\/produit\/linear-schuettler\/#primaryimage"},"image":{"@id":"https:\/\/sysmatec.ch\/de\/produit\/linear-schuettler\/#primaryimage"},"thumbnailUrl":"https:\/\/sysmatec.ch\/wp-content\/uploads\/2019\/01\/Agitation_Garaud.jpg","datePublished":"2019-01-03T17:28:40+00:00","dateModified":"2022-03-12T09:11:30+00:00","description":"Sch\u00fctteltisch mit reziproker Linearbewegung, variable Drehzahl 80-160 U\/min. Fassungsverm\u00f6gen 128 \/ 256 Flaschen \u00e0 500 ml.","breadcrumb":{"@id":"https:\/\/sysmatec.ch\/de\/produit\/linear-schuettler\/#breadcrumb"},"inLanguage":"de","potentialAction":[{"@type":"ReadAction","target":["https:\/\/sysmatec.ch\/de\/produit\/linear-schuettler\/"]}]},{"@type":"ImageObject","inLanguage":"de","@id":"https:\/\/sysmatec.ch\/de\/produit\/linear-schuettler\/#primaryimage","url":"https:\/\/sysmatec.ch\/wp-content\/uploads\/2019\/01\/Agitation_Garaud.jpg","contentUrl":"https:\/\/sysmatec.ch\/wp-content\/uploads\/2019\/01\/Agitation_Garaud.jpg","width":175,"height":144},{"@type":"BreadcrumbList","@id":"https:\/\/sysmatec.ch\/de\/produit\/linear-schuettler\/#breadcrumb","itemListElement":[{"@type":"ListItem","position":1,"name":"Accueil","item":"https:\/\/sysmatec.ch\/de\/"},{"@type":"ListItem","position":2,"name":"Die Aktivit\u00e4t von Sysmatec","item":"https:\/\/sysmatec.ch\/de\/"},{"@type":"ListItem","position":3,"name":"Linear Sch\u00fcttler"}]},{"@type":"WebSite","@id":"https:\/\/sysmatec.ch\/de\/#website","url":"https:\/\/sysmatec.ch\/de\/","name":"Sysmatec","description":"Equipement de laboratoire et logiciels","publisher":{"@id":"https:\/\/sysmatec.ch\/de\/#organization"},"potentialAction":[{"@type":"SearchAction","target":{"@type":"EntryPoint","urlTemplate":"https:\/\/sysmatec.ch\/de\/?s={search_term_string}"},"query-input":{"@type":"PropertyValueSpecification","valueRequired":true,"valueName":"search_term_string"}}],"inLanguage":"de"},{"@type":"Organization","@id":"https:\/\/sysmatec.ch\/de\/#organization","name":"Sysmatec","url":"https:\/\/sysmatec.ch\/de\/","logo":{"@type":"ImageObject","inLanguage":"de","@id":"https:\/\/sysmatec.ch\/de\/#\/schema\/logo\/image\/","url":"https:\/\/sysmatec.ch\/wp-content\/uploads\/2018\/11\/LogoSysmatec.jpg","contentUrl":"https:\/\/sysmatec.ch\/wp-content\/uploads\/2018\/11\/LogoSysmatec.jpg","width":301,"height":297,"caption":"Sysmatec"},"image":{"@id":"https:\/\/sysmatec.ch\/de\/#\/schema\/logo\/image\/"}}]}},"_links":{"self":[{"href":"https:\/\/sysmatec.ch\/de\/wp-json\/wp\/v2\/product\/2422","targetHints":{"allow":["GET"]}}],"collection":[{"href":"https:\/\/sysmatec.ch\/de\/wp-json\/wp\/v2\/product"}],"about":[{"href":"https:\/\/sysmatec.ch\/de\/wp-json\/wp\/v2\/types\/product"}],"wp:featuredmedia":[{"embeddable":true,"href":"https:\/\/sysmatec.ch\/de\/wp-json\/wp\/v2\/media\/1127"}],"wp:attachment":[{"href":"https:\/\/sysmatec.ch\/de\/wp-json\/wp\/v2\/media?parent=2422"}],"wp:term":[{"taxonomy":"product_brand","embeddable":true,"href":"https:\/\/sysmatec.ch\/de\/wp-json\/wp\/v2\/product_brand?post=2422"},{"taxonomy":"product_cat","embeddable":true,"href":"https:\/\/sysmatec.ch\/de\/wp-json\/wp\/v2\/product_cat?post=2422"},{"taxonomy":"product_tag","embeddable":true,"href":"https:\/\/sysmatec.ch\/de\/wp-json\/wp\/v2\/product_tag?post=2422"}],"curies":[{"name":"wp","href":"https:\/\/api.w.org\/{rel}","templated":true}]}}