{"id":2418,"date":"2019-01-03T18:40:14","date_gmt":"2019-01-03T17:40:14","guid":{"rendered":"https:\/\/sysmatec.ch\/produit\/agitateur-a-rouleau-capprondo-crr-08x\/"},"modified":"2022-03-12T10:02:35","modified_gmt":"2022-03-12T09:02:35","slug":"roller-mischer-capprondo-rrc-08x","status":"publish","type":"product","link":"https:\/\/sysmatec.ch\/de\/Produkt\/roller-mischer-capprondo-rrc-08x\/","title":{"rendered":"Roller Mischer CappRondo RRC-08X"},"content":{"rendered":"<p>CappRondo ist ein digitaler Roller Mischer f\u00fcr R\u00f6hrchen, ideal f\u00fcr die Behandlung von Blut oder anderen Proben von viskosen Fl\u00fcssigkeiten. Wie bei anderen Ger\u00f6\u00e4te der Serie CappRondo, wird dieser Mischer mit einem b\u00fcrstenlosen DC-Motor f\u00fcr einen wartungsfreien Betrieb ausgestattet. Es kann bis zu 15 x 7 ml Blutr\u00f6hrchen Platz anbieten und bietet durch Schaukeln und Rollbewegungen eine effiziente Mischen. Das Ger\u00e4t verf\u00fcgt \u00fcber eine intuitive Bedienung, die einfach die Geschwindigkeit (bis zu 80 Umdrehungen pro Minute) und Dauer (1 bis 99 Minuten) eisntellen l\u00e4sst. Bis zu 9 Protokolle k\u00f6nnen durch Benutzer definiert werden.<\/p>\n<p>Um die optimale Mischung zu gew\u00e4hrleisten, verf\u00fcgt \u00fcber einen Pulsmodus von Break-run-run-Typ mit einstellbarer variabler Zeit von 30 bis 99 Sekunden. Die Rollen sind abnehmbar und k\u00f6nnen autoklaviert werden. Sie k\u00f6nnen ohne Werkzeuge entfernt werden, einfache Installation und m\u00fchelos ansi, dass ihre Ersetzung oder ihre Reinigung zu erm\u00f6glichen. Diese Blutmischer ist ein effizientes und kompaktes Ger\u00e4t, das Minimum von Ihrem Labor Platz einzunehmen.<\/p>\n<p>Sie sind stapelbar, so kann einfach Platz im Ihrem Labor gespart werden.<\/p>\n<p>Spezifikationen<\/p>\n<ul>\n<li type=\"disc\">Motortyp: Brushless DC Motor<\/li>\n<li type=\"disc\">Bewegung: Schaukeln und Rollen<\/li>\n<li type=\"disc\">Anzahl der R\u00f6hrchen: bis zu 15 Blutr\u00f6hrchen von 7 ml<\/li>\n<li type=\"disc\">Drehzahlbereich: 10 bis 80 Umdrehungen pro Minute<\/li>\n<li type=\"disc\">Zeitbereich: 1 bis 99 Minuten<\/li>\n<li type=\"disc\">Programmen: Der Benutzer kann bis zu 9 Programme definieren (Protokolle)<\/li>\n<li type=\"disc\">Betriebsart: kontinuierlich und Zeitbetrieb<\/li>\n<li type=\"disc\">Abnehmbare Rollen ohne Werkzeug<\/li>\n<li type=\"disc\">Impuls-Modus: Ja (Run-Pause Run-Modus)<\/li>\n<li type=\"disc\">Neigungswinkel: +\/- 3 \u00b0<\/li>\n<li type=\"disc\">Schutzklasse IP21<\/li>\n<li type=\"disc\">Gewicht: 6 kg<\/li>\n<li type=\"disc\">Abmessungen (B x T x H): 502mm x 301mm x 92.5mm<\/li>\n<li type=\"disc\">Garantie: 2 Jahre<\/li>\n<\/ul>\n","protected":false},"excerpt":{"rendered":"<p>Roller Mischer, Drehzahlbereich von 10 bis 80 U\/min.<\/p>\n","protected":false},"featured_media":1129,"template":"","meta":{"_crdt_document":""},"product_brand":[],"product_cat":[159,87],"product_tag":[],"class_list":{"0":"post-2418","1":"product","2":"type-product","3":"status-publish","4":"has-post-thumbnail","6":"product_cat-kultur","7":"product_cat-ruehren","9":"first","10":"instock","11":"taxable","12":"shipping-taxable","13":"product-type-simple"},"yoast_head":"<!-- This site is optimized with the Yoast SEO plugin v27.3 - https:\/\/yoast.com\/product\/yoast-seo-wordpress\/ -->\n<title>Roller Mischer CappRondo RRC-08X - Sysmatec<\/title>\n<meta name=\"description\" content=\"Roller Mischer zum Mischen von Proben. Drehzahlbereich von 10 bis 80 U\/min. Kontinuierlicher oder zeitgesteuerter Betrieb.\" \/>\n<meta name=\"robots\" content=\"index, follow, max-snippet:-1, max-image-preview:large, max-video-preview:-1\" \/>\n<link rel=\"canonical\" href=\"https:\/\/sysmatec.ch\/de\/produit\/roller-mischer-capprondo-rrc-08x\/\" \/>\n<meta property=\"og:locale\" content=\"de_DE\" \/>\n<meta property=\"og:type\" content=\"article\" \/>\n<meta property=\"og:title\" content=\"Roller Mischer CappRondo RRC-08X - Sysmatec\" \/>\n<meta property=\"og:description\" content=\"Roller Mischer zum Mischen von Proben. Drehzahlbereich von 10 bis 80 U\/min. Kontinuierlicher oder zeitgesteuerter Betrieb.\" \/>\n<meta property=\"og:url\" content=\"https:\/\/sysmatec.ch\/de\/produit\/roller-mischer-capprondo-rrc-08x\/\" \/>\n<meta property=\"og:site_name\" content=\"Sysmatec\" \/>\n<meta property=\"article:modified_time\" content=\"2022-03-12T09:02:35+00:00\" \/>\n<meta property=\"og:image\" content=\"https:\/\/sysmatec.ch\/wp-content\/uploads\/2019\/01\/Agitateur_CappMixerRoller.jpg\" \/>\n\t<meta property=\"og:image:width\" content=\"182\" \/>\n\t<meta property=\"og:image:height\" content=\"92\" \/>\n\t<meta property=\"og:image:type\" content=\"image\/jpeg\" \/>\n<meta name=\"twitter:card\" content=\"summary_large_image\" \/>\n<meta name=\"twitter:label1\" content=\"Gesch\u00e4tzte Lesezeit\" \/>\n\t<meta name=\"twitter:data1\" content=\"1\u00a0Minute\" \/>\n<script type=\"application\/ld+json\" class=\"yoast-schema-graph\">{\"@context\":\"https:\\\/\\\/schema.org\",\"@graph\":[{\"@type\":\"WebPage\",\"@id\":\"https:\\\/\\\/sysmatec.ch\\\/de\\\/produit\\\/roller-mischer-capprondo-rrc-08x\\\/\",\"url\":\"https:\\\/\\\/sysmatec.ch\\\/de\\\/produit\\\/roller-mischer-capprondo-rrc-08x\\\/\",\"name\":\"Roller Mischer CappRondo RRC-08X - Sysmatec\",\"isPartOf\":{\"@id\":\"https:\\\/\\\/sysmatec.ch\\\/de\\\/#website\"},\"primaryImageOfPage\":{\"@id\":\"https:\\\/\\\/sysmatec.ch\\\/de\\\/produit\\\/roller-mischer-capprondo-rrc-08x\\\/#primaryimage\"},\"image\":{\"@id\":\"https:\\\/\\\/sysmatec.ch\\\/de\\\/produit\\\/roller-mischer-capprondo-rrc-08x\\\/#primaryimage\"},\"thumbnailUrl\":\"https:\\\/\\\/sysmatec.ch\\\/wp-content\\\/uploads\\\/2019\\\/01\\\/Agitateur_CappMixerRoller.jpg\",\"datePublished\":\"2019-01-03T17:40:14+00:00\",\"dateModified\":\"2022-03-12T09:02:35+00:00\",\"description\":\"Roller Mischer zum Mischen von Proben. Drehzahlbereich von 10 bis 80 U\\\/min. Kontinuierlicher oder zeitgesteuerter Betrieb.\",\"breadcrumb\":{\"@id\":\"https:\\\/\\\/sysmatec.ch\\\/de\\\/produit\\\/roller-mischer-capprondo-rrc-08x\\\/#breadcrumb\"},\"inLanguage\":\"de\",\"potentialAction\":[{\"@type\":\"ReadAction\",\"target\":[\"https:\\\/\\\/sysmatec.ch\\\/de\\\/produit\\\/roller-mischer-capprondo-rrc-08x\\\/\"]}]},{\"@type\":\"ImageObject\",\"inLanguage\":\"de\",\"@id\":\"https:\\\/\\\/sysmatec.ch\\\/de\\\/produit\\\/roller-mischer-capprondo-rrc-08x\\\/#primaryimage\",\"url\":\"https:\\\/\\\/sysmatec.ch\\\/wp-content\\\/uploads\\\/2019\\\/01\\\/Agitateur_CappMixerRoller.jpg\",\"contentUrl\":\"https:\\\/\\\/sysmatec.ch\\\/wp-content\\\/uploads\\\/2019\\\/01\\\/Agitateur_CappMixerRoller.jpg\",\"width\":182,\"height\":92},{\"@type\":\"BreadcrumbList\",\"@id\":\"https:\\\/\\\/sysmatec.ch\\\/de\\\/produit\\\/roller-mischer-capprondo-rrc-08x\\\/#breadcrumb\",\"itemListElement\":[{\"@type\":\"ListItem\",\"position\":1,\"name\":\"Accueil\",\"item\":\"https:\\\/\\\/sysmatec.ch\\\/de\\\/\"},{\"@type\":\"ListItem\",\"position\":2,\"name\":\"Die Aktivit\u00e4t von Sysmatec\",\"item\":\"https:\\\/\\\/sysmatec.ch\\\/de\\\/\"},{\"@type\":\"ListItem\",\"position\":3,\"name\":\"Roller Mischer CappRondo RRC-08X\"}]},{\"@type\":\"WebSite\",\"@id\":\"https:\\\/\\\/sysmatec.ch\\\/de\\\/#website\",\"url\":\"https:\\\/\\\/sysmatec.ch\\\/de\\\/\",\"name\":\"Sysmatec\",\"description\":\"Equipement de laboratoire et logiciels\",\"publisher\":{\"@id\":\"https:\\\/\\\/sysmatec.ch\\\/de\\\/#organization\"},\"potentialAction\":[{\"@type\":\"SearchAction\",\"target\":{\"@type\":\"EntryPoint\",\"urlTemplate\":\"https:\\\/\\\/sysmatec.ch\\\/de\\\/?s={search_term_string}\"},\"query-input\":{\"@type\":\"PropertyValueSpecification\",\"valueRequired\":true,\"valueName\":\"search_term_string\"}}],\"inLanguage\":\"de\"},{\"@type\":\"Organization\",\"@id\":\"https:\\\/\\\/sysmatec.ch\\\/de\\\/#organization\",\"name\":\"Sysmatec\",\"url\":\"https:\\\/\\\/sysmatec.ch\\\/de\\\/\",\"logo\":{\"@type\":\"ImageObject\",\"inLanguage\":\"de\",\"@id\":\"https:\\\/\\\/sysmatec.ch\\\/de\\\/#\\\/schema\\\/logo\\\/image\\\/\",\"url\":\"https:\\\/\\\/sysmatec.ch\\\/wp-content\\\/uploads\\\/2018\\\/11\\\/LogoSysmatec.jpg\",\"contentUrl\":\"https:\\\/\\\/sysmatec.ch\\\/wp-content\\\/uploads\\\/2018\\\/11\\\/LogoSysmatec.jpg\",\"width\":301,\"height\":297,\"caption\":\"Sysmatec\"},\"image\":{\"@id\":\"https:\\\/\\\/sysmatec.ch\\\/de\\\/#\\\/schema\\\/logo\\\/image\\\/\"}}]}<\/script>\n<!-- \/ Yoast SEO plugin. -->","yoast_head_json":{"title":"Roller Mischer CappRondo RRC-08X - Sysmatec","description":"Roller Mischer zum Mischen von Proben. Drehzahlbereich von 10 bis 80 U\/min. Kontinuierlicher oder zeitgesteuerter Betrieb.","robots":{"index":"index","follow":"follow","max-snippet":"max-snippet:-1","max-image-preview":"max-image-preview:large","max-video-preview":"max-video-preview:-1"},"canonical":"https:\/\/sysmatec.ch\/de\/produit\/roller-mischer-capprondo-rrc-08x\/","og_locale":"de_DE","og_type":"article","og_title":"Roller Mischer CappRondo RRC-08X - Sysmatec","og_description":"Roller Mischer zum Mischen von Proben. Drehzahlbereich von 10 bis 80 U\/min. Kontinuierlicher oder zeitgesteuerter Betrieb.","og_url":"https:\/\/sysmatec.ch\/de\/produit\/roller-mischer-capprondo-rrc-08x\/","og_site_name":"Sysmatec","article_modified_time":"2022-03-12T09:02:35+00:00","og_image":[{"width":182,"height":92,"url":"https:\/\/sysmatec.ch\/wp-content\/uploads\/2019\/01\/Agitateur_CappMixerRoller.jpg","type":"image\/jpeg"}],"twitter_card":"summary_large_image","twitter_misc":{"Gesch\u00e4tzte Lesezeit":"1\u00a0Minute"},"schema":{"@context":"https:\/\/schema.org","@graph":[{"@type":"WebPage","@id":"https:\/\/sysmatec.ch\/de\/produit\/roller-mischer-capprondo-rrc-08x\/","url":"https:\/\/sysmatec.ch\/de\/produit\/roller-mischer-capprondo-rrc-08x\/","name":"Roller Mischer CappRondo RRC-08X - Sysmatec","isPartOf":{"@id":"https:\/\/sysmatec.ch\/de\/#website"},"primaryImageOfPage":{"@id":"https:\/\/sysmatec.ch\/de\/produit\/roller-mischer-capprondo-rrc-08x\/#primaryimage"},"image":{"@id":"https:\/\/sysmatec.ch\/de\/produit\/roller-mischer-capprondo-rrc-08x\/#primaryimage"},"thumbnailUrl":"https:\/\/sysmatec.ch\/wp-content\/uploads\/2019\/01\/Agitateur_CappMixerRoller.jpg","datePublished":"2019-01-03T17:40:14+00:00","dateModified":"2022-03-12T09:02:35+00:00","description":"Roller Mischer zum Mischen von Proben. Drehzahlbereich von 10 bis 80 U\/min. Kontinuierlicher oder zeitgesteuerter Betrieb.","breadcrumb":{"@id":"https:\/\/sysmatec.ch\/de\/produit\/roller-mischer-capprondo-rrc-08x\/#breadcrumb"},"inLanguage":"de","potentialAction":[{"@type":"ReadAction","target":["https:\/\/sysmatec.ch\/de\/produit\/roller-mischer-capprondo-rrc-08x\/"]}]},{"@type":"ImageObject","inLanguage":"de","@id":"https:\/\/sysmatec.ch\/de\/produit\/roller-mischer-capprondo-rrc-08x\/#primaryimage","url":"https:\/\/sysmatec.ch\/wp-content\/uploads\/2019\/01\/Agitateur_CappMixerRoller.jpg","contentUrl":"https:\/\/sysmatec.ch\/wp-content\/uploads\/2019\/01\/Agitateur_CappMixerRoller.jpg","width":182,"height":92},{"@type":"BreadcrumbList","@id":"https:\/\/sysmatec.ch\/de\/produit\/roller-mischer-capprondo-rrc-08x\/#breadcrumb","itemListElement":[{"@type":"ListItem","position":1,"name":"Accueil","item":"https:\/\/sysmatec.ch\/de\/"},{"@type":"ListItem","position":2,"name":"Die Aktivit\u00e4t von Sysmatec","item":"https:\/\/sysmatec.ch\/de\/"},{"@type":"ListItem","position":3,"name":"Roller Mischer CappRondo RRC-08X"}]},{"@type":"WebSite","@id":"https:\/\/sysmatec.ch\/de\/#website","url":"https:\/\/sysmatec.ch\/de\/","name":"Sysmatec","description":"Equipement de laboratoire et logiciels","publisher":{"@id":"https:\/\/sysmatec.ch\/de\/#organization"},"potentialAction":[{"@type":"SearchAction","target":{"@type":"EntryPoint","urlTemplate":"https:\/\/sysmatec.ch\/de\/?s={search_term_string}"},"query-input":{"@type":"PropertyValueSpecification","valueRequired":true,"valueName":"search_term_string"}}],"inLanguage":"de"},{"@type":"Organization","@id":"https:\/\/sysmatec.ch\/de\/#organization","name":"Sysmatec","url":"https:\/\/sysmatec.ch\/de\/","logo":{"@type":"ImageObject","inLanguage":"de","@id":"https:\/\/sysmatec.ch\/de\/#\/schema\/logo\/image\/","url":"https:\/\/sysmatec.ch\/wp-content\/uploads\/2018\/11\/LogoSysmatec.jpg","contentUrl":"https:\/\/sysmatec.ch\/wp-content\/uploads\/2018\/11\/LogoSysmatec.jpg","width":301,"height":297,"caption":"Sysmatec"},"image":{"@id":"https:\/\/sysmatec.ch\/de\/#\/schema\/logo\/image\/"}}]}},"_links":{"self":[{"href":"https:\/\/sysmatec.ch\/de\/wp-json\/wp\/v2\/product\/2418","targetHints":{"allow":["GET"]}}],"collection":[{"href":"https:\/\/sysmatec.ch\/de\/wp-json\/wp\/v2\/product"}],"about":[{"href":"https:\/\/sysmatec.ch\/de\/wp-json\/wp\/v2\/types\/product"}],"wp:featuredmedia":[{"embeddable":true,"href":"https:\/\/sysmatec.ch\/de\/wp-json\/wp\/v2\/media\/1129"}],"wp:attachment":[{"href":"https:\/\/sysmatec.ch\/de\/wp-json\/wp\/v2\/media?parent=2418"}],"wp:term":[{"taxonomy":"product_brand","embeddable":true,"href":"https:\/\/sysmatec.ch\/de\/wp-json\/wp\/v2\/product_brand?post=2418"},{"taxonomy":"product_cat","embeddable":true,"href":"https:\/\/sysmatec.ch\/de\/wp-json\/wp\/v2\/product_cat?post=2418"},{"taxonomy":"product_tag","embeddable":true,"href":"https:\/\/sysmatec.ch\/de\/wp-json\/wp\/v2\/product_tag?post=2418"}],"curies":[{"name":"wp","href":"https:\/\/api.w.org\/{rel}","templated":true}]}}