{"id":2415,"date":"2019-01-03T18:42:34","date_gmt":"2019-01-03T17:42:34","guid":{"rendered":"https:\/\/sysmatec.ch\/produit\/agitateur-a-rouleau-tro-1000\/"},"modified":"2022-03-12T09:54:26","modified_gmt":"2022-03-12T08:54:26","slug":"rotatory-mischer-arm","status":"publish","type":"product","link":"https:\/\/sysmatec.ch\/de\/Produkt\/rotatory-mischer-arm\/","title":{"rendered":"Rotatory Mischer ARM"},"content":{"rendered":"<p>Der ARM-801 (keine Anzeige) und ARM-802 (mit Anzeige) k\u00f6nnen f\u00fcr biologischen Proben, die auf sanfte Weise ohne die Zerst\u00f6rung der Zellen gemischt werde m\u00fcssen, ben\u00fctzt werden.<\/p>\n<table border=\"1\" width=\"673\" cellspacing=\"2\" cellpadding=\"0\">\n<tbody>\n<tr>\n<td>Modell<\/td>\n<td>ARM801<\/td>\n<td>ARM802<\/td>\n<\/tr>\n<tr>\n<td>Geschwindigkeit (rpm)<\/td>\n<td>2-40<\/td>\n<td>2-40<\/td>\n<\/tr>\n<tr>\n<td>Timer (min)<\/td>\n<td>120<\/td>\n<td>540<\/td>\n<\/tr>\n<tr>\n<td>Arbeitstemperatur (\u00b0C)<\/td>\n<td>4-60<\/td>\n<td>4-60<\/td>\n<\/tr>\n<tr>\n<td>Dimension (mm,WxLxH)<\/td>\n<td>200x270x230<\/td>\n<td>200x270x230<\/td>\n<\/tr>\n<tr>\n<td>Netto Gewicht (Kg)<\/td>\n<td>3.2<\/td>\n<td>3.2<\/td>\n<\/tr>\n<tr>\n<td>Stromspeisung<\/td>\n<td>230V, 50Hz, 50W<\/td>\n<td>230V, 50Hz, 50W<\/td>\n<\/tr>\n<\/tbody>\n<\/table>\n<p>Zubeh\u00f6r<\/p>\n<ul>\n<li type=\"disc\">ARM-01 Halter f\u00fcr 10-11.5 R\u00f6rchen<\/li>\n<li type=\"disc\">ARM-02 Reagenzglashalter, passt 9-20 Durchmesser R\u00f6rchen<\/li>\n<li type=\"disc\">ARM-03 Halter f\u00fcr 50 ml Zentrifugenr\u00f6hrchen, 25-35mm Durchmesser<\/li>\n<li type=\"disc\">ARM-04 Reagenzglashalter, Durchmesser 12mm, 80mm<\/li>\n<li type=\"disc\">ARM-05 Reagenzglashalter, Durchmesser 16mm, 80mm<\/li>\n<li type=\"disc\">ARM-06 Reagenzglashalter, Durchmesser 26mm, 80mm<\/li>\n<li type=\"disc\">ARM-07 Reagenzglashalter, Durchmesser 12mm, 50mm<\/li>\n<li type=\"disc\">ARM-08 Reagenzglashalter, Durchmesser 16mm, 50mm<\/li>\n<li type=\"disc\">ARM-09 Reagenzglashalter, Durchmesser 26mm, 50mm<\/li>\n<li type=\"disc\">ARM-10 Reagenzglashalter, Durchmesser 12mm, 30mm<\/li>\n<li type=\"disc\">ARM-11 Reagenzglashalter, Durchmesser 16mm, 30mm<\/li>\n<li type=\"disc\">ARM-12 Reagenzglashalter, Durchmesser 26mm, 30mm<\/li>\n<\/ul>\n","protected":false},"excerpt":{"rendered":"<p>Rotatory Mischer<\/p>\n","protected":false},"featured_media":1131,"template":"","meta":{"_crdt_document":""},"product_brand":[],"product_cat":[159,87],"product_tag":[],"class_list":{"0":"post-2415","1":"product","2":"type-product","3":"status-publish","4":"has-post-thumbnail","6":"product_cat-kultur","7":"product_cat-ruehren","9":"first","10":"instock","11":"taxable","12":"shipping-taxable","13":"product-type-simple"},"yoast_head":"<!-- This site is optimized with the Yoast SEO plugin v27.4 - https:\/\/yoast.com\/product\/yoast-seo-wordpress\/ -->\n<title>Rotatory Mischer ARM - Sysmatec<\/title>\n<meta name=\"description\" content=\"Rotationsr\u00fchrer zum Mischen von Proben durch rotierende Bewegung auf einer Scheibe. Drehzahlbereich von 2 bis 40 U\/min.\" \/>\n<meta name=\"robots\" content=\"index, follow, max-snippet:-1, max-image-preview:large, max-video-preview:-1\" \/>\n<link rel=\"canonical\" href=\"https:\/\/sysmatec.ch\/de\/produit\/rotatory-mischer-arm\/\" \/>\n<meta property=\"og:locale\" content=\"de_DE\" \/>\n<meta property=\"og:type\" content=\"article\" \/>\n<meta property=\"og:title\" content=\"Rotatory Mischer ARM - Sysmatec\" \/>\n<meta property=\"og:description\" content=\"Rotationsr\u00fchrer zum Mischen von Proben durch rotierende Bewegung auf einer Scheibe. Drehzahlbereich von 2 bis 40 U\/min.\" \/>\n<meta property=\"og:url\" content=\"https:\/\/sysmatec.ch\/de\/produit\/rotatory-mischer-arm\/\" \/>\n<meta property=\"og:site_name\" content=\"Sysmatec\" \/>\n<meta property=\"article:modified_time\" content=\"2022-03-12T08:54:26+00:00\" \/>\n<meta property=\"og:image\" content=\"https:\/\/sysmatec.ch\/wp-content\/uploads\/2019\/01\/Agitateur_AELabARM.jpg\" \/>\n\t<meta property=\"og:image:width\" content=\"191\" \/>\n\t<meta property=\"og:image:height\" content=\"272\" \/>\n\t<meta property=\"og:image:type\" content=\"image\/jpeg\" \/>\n<meta name=\"twitter:card\" content=\"summary_large_image\" \/>\n<meta name=\"twitter:label1\" content=\"Gesch\u00e4tzte Lesezeit\" \/>\n\t<meta name=\"twitter:data1\" content=\"1\u00a0Minute\" \/>\n<script type=\"application\/ld+json\" class=\"yoast-schema-graph\">{\"@context\":\"https:\\\/\\\/schema.org\",\"@graph\":[{\"@type\":\"WebPage\",\"@id\":\"https:\\\/\\\/sysmatec.ch\\\/de\\\/produit\\\/rotatory-mischer-arm\\\/\",\"url\":\"https:\\\/\\\/sysmatec.ch\\\/de\\\/produit\\\/rotatory-mischer-arm\\\/\",\"name\":\"Rotatory Mischer ARM - Sysmatec\",\"isPartOf\":{\"@id\":\"https:\\\/\\\/sysmatec.ch\\\/de\\\/#website\"},\"primaryImageOfPage\":{\"@id\":\"https:\\\/\\\/sysmatec.ch\\\/de\\\/produit\\\/rotatory-mischer-arm\\\/#primaryimage\"},\"image\":{\"@id\":\"https:\\\/\\\/sysmatec.ch\\\/de\\\/produit\\\/rotatory-mischer-arm\\\/#primaryimage\"},\"thumbnailUrl\":\"https:\\\/\\\/sysmatec.ch\\\/wp-content\\\/uploads\\\/2019\\\/01\\\/Agitateur_AELabARM.jpg\",\"datePublished\":\"2019-01-03T17:42:34+00:00\",\"dateModified\":\"2022-03-12T08:54:26+00:00\",\"description\":\"Rotationsr\u00fchrer zum Mischen von Proben durch rotierende Bewegung auf einer Scheibe. Drehzahlbereich von 2 bis 40 U\\\/min.\",\"breadcrumb\":{\"@id\":\"https:\\\/\\\/sysmatec.ch\\\/de\\\/produit\\\/rotatory-mischer-arm\\\/#breadcrumb\"},\"inLanguage\":\"de\",\"potentialAction\":[{\"@type\":\"ReadAction\",\"target\":[\"https:\\\/\\\/sysmatec.ch\\\/de\\\/produit\\\/rotatory-mischer-arm\\\/\"]}]},{\"@type\":\"ImageObject\",\"inLanguage\":\"de\",\"@id\":\"https:\\\/\\\/sysmatec.ch\\\/de\\\/produit\\\/rotatory-mischer-arm\\\/#primaryimage\",\"url\":\"https:\\\/\\\/sysmatec.ch\\\/wp-content\\\/uploads\\\/2019\\\/01\\\/Agitateur_AELabARM.jpg\",\"contentUrl\":\"https:\\\/\\\/sysmatec.ch\\\/wp-content\\\/uploads\\\/2019\\\/01\\\/Agitateur_AELabARM.jpg\",\"width\":191,\"height\":272},{\"@type\":\"BreadcrumbList\",\"@id\":\"https:\\\/\\\/sysmatec.ch\\\/de\\\/produit\\\/rotatory-mischer-arm\\\/#breadcrumb\",\"itemListElement\":[{\"@type\":\"ListItem\",\"position\":1,\"name\":\"Accueil\",\"item\":\"https:\\\/\\\/sysmatec.ch\\\/de\\\/\"},{\"@type\":\"ListItem\",\"position\":2,\"name\":\"Die Aktivit\u00e4t von Sysmatec\",\"item\":\"https:\\\/\\\/sysmatec.ch\\\/de\\\/\"},{\"@type\":\"ListItem\",\"position\":3,\"name\":\"Rotatory Mischer ARM\"}]},{\"@type\":\"WebSite\",\"@id\":\"https:\\\/\\\/sysmatec.ch\\\/de\\\/#website\",\"url\":\"https:\\\/\\\/sysmatec.ch\\\/de\\\/\",\"name\":\"Sysmatec\",\"description\":\"Equipement de laboratoire et logiciels\",\"publisher\":{\"@id\":\"https:\\\/\\\/sysmatec.ch\\\/de\\\/#organization\"},\"potentialAction\":[{\"@type\":\"SearchAction\",\"target\":{\"@type\":\"EntryPoint\",\"urlTemplate\":\"https:\\\/\\\/sysmatec.ch\\\/de\\\/?s={search_term_string}\"},\"query-input\":{\"@type\":\"PropertyValueSpecification\",\"valueRequired\":true,\"valueName\":\"search_term_string\"}}],\"inLanguage\":\"de\"},{\"@type\":\"Organization\",\"@id\":\"https:\\\/\\\/sysmatec.ch\\\/de\\\/#organization\",\"name\":\"Sysmatec\",\"url\":\"https:\\\/\\\/sysmatec.ch\\\/de\\\/\",\"logo\":{\"@type\":\"ImageObject\",\"inLanguage\":\"de\",\"@id\":\"https:\\\/\\\/sysmatec.ch\\\/de\\\/#\\\/schema\\\/logo\\\/image\\\/\",\"url\":\"https:\\\/\\\/sysmatec.ch\\\/wp-content\\\/uploads\\\/2018\\\/11\\\/LogoSysmatec.jpg\",\"contentUrl\":\"https:\\\/\\\/sysmatec.ch\\\/wp-content\\\/uploads\\\/2018\\\/11\\\/LogoSysmatec.jpg\",\"width\":301,\"height\":297,\"caption\":\"Sysmatec\"},\"image\":{\"@id\":\"https:\\\/\\\/sysmatec.ch\\\/de\\\/#\\\/schema\\\/logo\\\/image\\\/\"}}]}<\/script>\n<!-- \/ Yoast SEO plugin. -->","yoast_head_json":{"title":"Rotatory Mischer ARM - Sysmatec","description":"Rotationsr\u00fchrer zum Mischen von Proben durch rotierende Bewegung auf einer Scheibe. Drehzahlbereich von 2 bis 40 U\/min.","robots":{"index":"index","follow":"follow","max-snippet":"max-snippet:-1","max-image-preview":"max-image-preview:large","max-video-preview":"max-video-preview:-1"},"canonical":"https:\/\/sysmatec.ch\/de\/produit\/rotatory-mischer-arm\/","og_locale":"de_DE","og_type":"article","og_title":"Rotatory Mischer ARM - Sysmatec","og_description":"Rotationsr\u00fchrer zum Mischen von Proben durch rotierende Bewegung auf einer Scheibe. Drehzahlbereich von 2 bis 40 U\/min.","og_url":"https:\/\/sysmatec.ch\/de\/produit\/rotatory-mischer-arm\/","og_site_name":"Sysmatec","article_modified_time":"2022-03-12T08:54:26+00:00","og_image":[{"width":191,"height":272,"url":"https:\/\/sysmatec.ch\/wp-content\/uploads\/2019\/01\/Agitateur_AELabARM.jpg","type":"image\/jpeg"}],"twitter_card":"summary_large_image","twitter_misc":{"Gesch\u00e4tzte Lesezeit":"1\u00a0Minute"},"schema":{"@context":"https:\/\/schema.org","@graph":[{"@type":"WebPage","@id":"https:\/\/sysmatec.ch\/de\/produit\/rotatory-mischer-arm\/","url":"https:\/\/sysmatec.ch\/de\/produit\/rotatory-mischer-arm\/","name":"Rotatory Mischer ARM - Sysmatec","isPartOf":{"@id":"https:\/\/sysmatec.ch\/de\/#website"},"primaryImageOfPage":{"@id":"https:\/\/sysmatec.ch\/de\/produit\/rotatory-mischer-arm\/#primaryimage"},"image":{"@id":"https:\/\/sysmatec.ch\/de\/produit\/rotatory-mischer-arm\/#primaryimage"},"thumbnailUrl":"https:\/\/sysmatec.ch\/wp-content\/uploads\/2019\/01\/Agitateur_AELabARM.jpg","datePublished":"2019-01-03T17:42:34+00:00","dateModified":"2022-03-12T08:54:26+00:00","description":"Rotationsr\u00fchrer zum Mischen von Proben durch rotierende Bewegung auf einer Scheibe. Drehzahlbereich von 2 bis 40 U\/min.","breadcrumb":{"@id":"https:\/\/sysmatec.ch\/de\/produit\/rotatory-mischer-arm\/#breadcrumb"},"inLanguage":"de","potentialAction":[{"@type":"ReadAction","target":["https:\/\/sysmatec.ch\/de\/produit\/rotatory-mischer-arm\/"]}]},{"@type":"ImageObject","inLanguage":"de","@id":"https:\/\/sysmatec.ch\/de\/produit\/rotatory-mischer-arm\/#primaryimage","url":"https:\/\/sysmatec.ch\/wp-content\/uploads\/2019\/01\/Agitateur_AELabARM.jpg","contentUrl":"https:\/\/sysmatec.ch\/wp-content\/uploads\/2019\/01\/Agitateur_AELabARM.jpg","width":191,"height":272},{"@type":"BreadcrumbList","@id":"https:\/\/sysmatec.ch\/de\/produit\/rotatory-mischer-arm\/#breadcrumb","itemListElement":[{"@type":"ListItem","position":1,"name":"Accueil","item":"https:\/\/sysmatec.ch\/de\/"},{"@type":"ListItem","position":2,"name":"Die Aktivit\u00e4t von Sysmatec","item":"https:\/\/sysmatec.ch\/de\/"},{"@type":"ListItem","position":3,"name":"Rotatory Mischer ARM"}]},{"@type":"WebSite","@id":"https:\/\/sysmatec.ch\/de\/#website","url":"https:\/\/sysmatec.ch\/de\/","name":"Sysmatec","description":"Equipement de laboratoire et logiciels","publisher":{"@id":"https:\/\/sysmatec.ch\/de\/#organization"},"potentialAction":[{"@type":"SearchAction","target":{"@type":"EntryPoint","urlTemplate":"https:\/\/sysmatec.ch\/de\/?s={search_term_string}"},"query-input":{"@type":"PropertyValueSpecification","valueRequired":true,"valueName":"search_term_string"}}],"inLanguage":"de"},{"@type":"Organization","@id":"https:\/\/sysmatec.ch\/de\/#organization","name":"Sysmatec","url":"https:\/\/sysmatec.ch\/de\/","logo":{"@type":"ImageObject","inLanguage":"de","@id":"https:\/\/sysmatec.ch\/de\/#\/schema\/logo\/image\/","url":"https:\/\/sysmatec.ch\/wp-content\/uploads\/2018\/11\/LogoSysmatec.jpg","contentUrl":"https:\/\/sysmatec.ch\/wp-content\/uploads\/2018\/11\/LogoSysmatec.jpg","width":301,"height":297,"caption":"Sysmatec"},"image":{"@id":"https:\/\/sysmatec.ch\/de\/#\/schema\/logo\/image\/"}}]}},"_links":{"self":[{"href":"https:\/\/sysmatec.ch\/de\/wp-json\/wp\/v2\/product\/2415","targetHints":{"allow":["GET"]}}],"collection":[{"href":"https:\/\/sysmatec.ch\/de\/wp-json\/wp\/v2\/product"}],"about":[{"href":"https:\/\/sysmatec.ch\/de\/wp-json\/wp\/v2\/types\/product"}],"wp:featuredmedia":[{"embeddable":true,"href":"https:\/\/sysmatec.ch\/de\/wp-json\/wp\/v2\/media\/1131"}],"wp:attachment":[{"href":"https:\/\/sysmatec.ch\/de\/wp-json\/wp\/v2\/media?parent=2415"}],"wp:term":[{"taxonomy":"product_brand","embeddable":true,"href":"https:\/\/sysmatec.ch\/de\/wp-json\/wp\/v2\/product_brand?post=2415"},{"taxonomy":"product_cat","embeddable":true,"href":"https:\/\/sysmatec.ch\/de\/wp-json\/wp\/v2\/product_cat?post=2415"},{"taxonomy":"product_tag","embeddable":true,"href":"https:\/\/sysmatec.ch\/de\/wp-json\/wp\/v2\/product_tag?post=2415"}],"curies":[{"name":"wp","href":"https:\/\/api.w.org\/{rel}","templated":true}]}}