{"id":24133,"date":"2021-04-04T20:31:05","date_gmt":"2021-04-04T18:31:05","guid":{"rendered":"https:\/\/sysmatec.ch\/?post_type=product&#038;p=24133"},"modified":"2021-11-25T13:40:31","modified_gmt":"2021-11-25T12:40:31","slug":"palettenwaage-kern-uib","status":"publish","type":"product","link":"https:\/\/sysmatec.ch\/de\/Produkt\/palettenwaage-kern-uib\/","title":{"rendered":"Palettenwaage KERN UIB"},"content":{"rendered":"<ul id=\"kernList1\">\n<li>Hohe Mobilit\u00e4t: Dank Batteriebetrieb und kompakter, leichter Bauweise geeignet zum Einsatz an mehreren Standorten<\/li>\n<li>\n<div id=\"verweis_01\">\u00a0Lastaufnahme: Stahl, pulverbeschichtet, 4 silikonbeschichtete Aluminium-W\u00e4gezellen, Staub- und Spritzwasserschutz IP67<\/div>\n<\/li>\n<li>\n<div id=\"verweis_02\">\u00a0Waage kann mittels Rollen und Handgriffen bequem transportiert und platzsparend verstaut werden<\/div>\n<\/li>\n<li><a>Summieren<\/a>\u00a0von Gewichtswerten und Z\u00e4hlteilen<\/li>\n<li>Arbeitsschutzhaube im Lieferumfang enthalten<\/li>\n<\/ul>\n<table border=\"1\" width=\"458\" cellspacing=\"0\" cellpadding=\"2\">\n<tbody>\n<tr>\n<td>Waage Model<\/td>\n<td width=\"10%\">Ablesbarkeit<\/td>\n<td width=\"10%\">W\u00e4gebereich<\/td>\n<\/tr>\n<tr>\n<td><\/td>\n<td width=\"10%\">g<\/td>\n<td width=\"10%\">kg<\/td>\n<\/tr>\n<tr>\n<td>UIB 600K-1<\/td>\n<td width=\"10%\">200<\/td>\n<td width=\"10%\">600<\/td>\n<\/tr>\n<tr>\n<td>UIB 1.5T-4<\/td>\n<td width=\"10%\">500<\/td>\n<td width=\"10%\">1500<\/td>\n<\/tr>\n<tr>\n<td>UIB 3T-3<\/td>\n<td width=\"10%\">1000<\/td>\n<td width=\"10%\">3000<\/td>\n<\/tr>\n<\/tbody>\n<\/table>\n","protected":false},"excerpt":{"rendered":"<p><span class=\"VIiyi\" lang=\"de\"><span class=\"JLqJ4b ChMk0b\" data-language-for-alternatives=\"de\" data-language-to-translate-into=\"fr\" data-phrase-index=\"0\">Palettenwaage\u00a0 f\u00fcr die Bereiche 0-600 kg bis 0-6000 kg, IP67.<\/span> <span class=\"JLqJ4b ChMk0b\" data-language-for-alternatives=\"de\" data-language-to-translate-into=\"fr\" data-phrase-index=\"1\">Die Waage hat R\u00e4der, kann batteriebetrieben werden und kann als Z\u00e4hlwaage ben\u00fctzt werden.<\/span><\/span><\/p>\n","protected":false},"featured_media":24155,"template":"","meta":{"_crdt_document":""},"product_brand":[],"product_cat":[165,339],"product_tag":[],"class_list":{"0":"post-24133","1":"product","2":"type-product","3":"status-publish","4":"has-post-thumbnail","6":"product_cat-gewicht","7":"product_cat-plattform","9":"first","10":"instock","11":"taxable","12":"shipping-taxable","13":"purchasable","14":"product-type-variable"},"yoast_head":"<!-- This site is optimized with the Yoast SEO plugin v27.3 - https:\/\/yoast.com\/product\/yoast-seo-wordpress\/ -->\n<title>Palettenwaage KERN UIB - Sysmatec<\/title>\n<meta name=\"description\" content=\"Palettenwaage zum Aufstellen auf den Boden, transportabel durch Rollen, f\u00fcr den Bereich 0 bis 3000 kg. IP67.\" \/>\n<meta name=\"robots\" content=\"index, follow, max-snippet:-1, max-image-preview:large, max-video-preview:-1\" \/>\n<link rel=\"canonical\" href=\"https:\/\/sysmatec.ch\/de\/produit\/palettenwaage-kern-uib\/\" \/>\n<meta property=\"og:locale\" content=\"de_DE\" \/>\n<meta property=\"og:type\" content=\"article\" \/>\n<meta property=\"og:title\" content=\"Palettenwaage KERN UIB - Sysmatec\" \/>\n<meta property=\"og:description\" content=\"Palettenwaage zum Aufstellen auf den Boden, transportabel durch Rollen, f\u00fcr den Bereich 0 bis 3000 kg. IP67.\" \/>\n<meta property=\"og:url\" content=\"https:\/\/sysmatec.ch\/de\/produit\/palettenwaage-kern-uib\/\" \/>\n<meta property=\"og:site_name\" content=\"Sysmatec\" \/>\n<meta property=\"article:modified_time\" content=\"2021-11-25T12:40:31+00:00\" \/>\n<meta property=\"og:image\" content=\"https:\/\/sysmatec.ch\/wp-content\/uploads\/2021\/04\/Balance_UIB-600K-1-scaled.jpg\" \/>\n\t<meta property=\"og:image:width\" content=\"8092\" \/>\n\t<meta property=\"og:image:height\" content=\"6500\" \/>\n\t<meta property=\"og:image:type\" content=\"image\/jpeg\" \/>\n<meta name=\"twitter:card\" content=\"summary_large_image\" \/>\n<meta name=\"twitter:label1\" content=\"Gesch\u00e4tzte Lesezeit\" \/>\n\t<meta name=\"twitter:data1\" content=\"1\u00a0Minute\" \/>\n<script type=\"application\/ld+json\" class=\"yoast-schema-graph\">{\"@context\":\"https:\\\/\\\/schema.org\",\"@graph\":[{\"@type\":\"WebPage\",\"@id\":\"https:\\\/\\\/sysmatec.ch\\\/de\\\/produit\\\/palettenwaage-kern-uib\\\/\",\"url\":\"https:\\\/\\\/sysmatec.ch\\\/de\\\/produit\\\/palettenwaage-kern-uib\\\/\",\"name\":\"Palettenwaage KERN UIB - Sysmatec\",\"isPartOf\":{\"@id\":\"https:\\\/\\\/sysmatec.ch\\\/de\\\/#website\"},\"primaryImageOfPage\":{\"@id\":\"https:\\\/\\\/sysmatec.ch\\\/de\\\/produit\\\/palettenwaage-kern-uib\\\/#primaryimage\"},\"image\":{\"@id\":\"https:\\\/\\\/sysmatec.ch\\\/de\\\/produit\\\/palettenwaage-kern-uib\\\/#primaryimage\"},\"thumbnailUrl\":\"https:\\\/\\\/sysmatec.ch\\\/wp-content\\\/uploads\\\/2021\\\/04\\\/Balance_UIB-600K-1-scaled.jpg\",\"datePublished\":\"2021-04-04T18:31:05+00:00\",\"dateModified\":\"2021-11-25T12:40:31+00:00\",\"description\":\"Palettenwaage zum Aufstellen auf den Boden, transportabel durch Rollen, f\u00fcr den Bereich 0 bis 3000 kg. IP67.\",\"breadcrumb\":{\"@id\":\"https:\\\/\\\/sysmatec.ch\\\/de\\\/produit\\\/palettenwaage-kern-uib\\\/#breadcrumb\"},\"inLanguage\":\"de\",\"potentialAction\":[{\"@type\":\"ReadAction\",\"target\":[\"https:\\\/\\\/sysmatec.ch\\\/de\\\/produit\\\/palettenwaage-kern-uib\\\/\"]}]},{\"@type\":\"ImageObject\",\"inLanguage\":\"de\",\"@id\":\"https:\\\/\\\/sysmatec.ch\\\/de\\\/produit\\\/palettenwaage-kern-uib\\\/#primaryimage\",\"url\":\"https:\\\/\\\/sysmatec.ch\\\/wp-content\\\/uploads\\\/2021\\\/04\\\/Balance_UIB-600K-1-scaled.jpg\",\"contentUrl\":\"https:\\\/\\\/sysmatec.ch\\\/wp-content\\\/uploads\\\/2021\\\/04\\\/Balance_UIB-600K-1-scaled.jpg\",\"width\":2560,\"height\":2056},{\"@type\":\"BreadcrumbList\",\"@id\":\"https:\\\/\\\/sysmatec.ch\\\/de\\\/produit\\\/palettenwaage-kern-uib\\\/#breadcrumb\",\"itemListElement\":[{\"@type\":\"ListItem\",\"position\":1,\"name\":\"Accueil\",\"item\":\"https:\\\/\\\/sysmatec.ch\\\/de\\\/\"},{\"@type\":\"ListItem\",\"position\":2,\"name\":\"Die Aktivit\u00e4t von Sysmatec\",\"item\":\"https:\\\/\\\/sysmatec.ch\\\/de\\\/\"},{\"@type\":\"ListItem\",\"position\":3,\"name\":\"Palettenwaage KERN UIB\"}]},{\"@type\":\"WebSite\",\"@id\":\"https:\\\/\\\/sysmatec.ch\\\/de\\\/#website\",\"url\":\"https:\\\/\\\/sysmatec.ch\\\/de\\\/\",\"name\":\"Sysmatec\",\"description\":\"Equipement de laboratoire et logiciels\",\"publisher\":{\"@id\":\"https:\\\/\\\/sysmatec.ch\\\/de\\\/#organization\"},\"potentialAction\":[{\"@type\":\"SearchAction\",\"target\":{\"@type\":\"EntryPoint\",\"urlTemplate\":\"https:\\\/\\\/sysmatec.ch\\\/de\\\/?s={search_term_string}\"},\"query-input\":{\"@type\":\"PropertyValueSpecification\",\"valueRequired\":true,\"valueName\":\"search_term_string\"}}],\"inLanguage\":\"de\"},{\"@type\":\"Organization\",\"@id\":\"https:\\\/\\\/sysmatec.ch\\\/de\\\/#organization\",\"name\":\"Sysmatec\",\"url\":\"https:\\\/\\\/sysmatec.ch\\\/de\\\/\",\"logo\":{\"@type\":\"ImageObject\",\"inLanguage\":\"de\",\"@id\":\"https:\\\/\\\/sysmatec.ch\\\/de\\\/#\\\/schema\\\/logo\\\/image\\\/\",\"url\":\"https:\\\/\\\/sysmatec.ch\\\/wp-content\\\/uploads\\\/2018\\\/11\\\/LogoSysmatec.jpg\",\"contentUrl\":\"https:\\\/\\\/sysmatec.ch\\\/wp-content\\\/uploads\\\/2018\\\/11\\\/LogoSysmatec.jpg\",\"width\":301,\"height\":297,\"caption\":\"Sysmatec\"},\"image\":{\"@id\":\"https:\\\/\\\/sysmatec.ch\\\/de\\\/#\\\/schema\\\/logo\\\/image\\\/\"}}]}<\/script>\n<!-- \/ Yoast SEO plugin. -->","yoast_head_json":{"title":"Palettenwaage KERN UIB - Sysmatec","description":"Palettenwaage zum Aufstellen auf den Boden, transportabel durch Rollen, f\u00fcr den Bereich 0 bis 3000 kg. IP67.","robots":{"index":"index","follow":"follow","max-snippet":"max-snippet:-1","max-image-preview":"max-image-preview:large","max-video-preview":"max-video-preview:-1"},"canonical":"https:\/\/sysmatec.ch\/de\/produit\/palettenwaage-kern-uib\/","og_locale":"de_DE","og_type":"article","og_title":"Palettenwaage KERN UIB - Sysmatec","og_description":"Palettenwaage zum Aufstellen auf den Boden, transportabel durch Rollen, f\u00fcr den Bereich 0 bis 3000 kg. IP67.","og_url":"https:\/\/sysmatec.ch\/de\/produit\/palettenwaage-kern-uib\/","og_site_name":"Sysmatec","article_modified_time":"2021-11-25T12:40:31+00:00","og_image":[{"width":8092,"height":6500,"url":"https:\/\/sysmatec.ch\/wp-content\/uploads\/2021\/04\/Balance_UIB-600K-1-scaled.jpg","type":"image\/jpeg"}],"twitter_card":"summary_large_image","twitter_misc":{"Gesch\u00e4tzte Lesezeit":"1\u00a0Minute"},"schema":{"@context":"https:\/\/schema.org","@graph":[{"@type":"WebPage","@id":"https:\/\/sysmatec.ch\/de\/produit\/palettenwaage-kern-uib\/","url":"https:\/\/sysmatec.ch\/de\/produit\/palettenwaage-kern-uib\/","name":"Palettenwaage KERN UIB - Sysmatec","isPartOf":{"@id":"https:\/\/sysmatec.ch\/de\/#website"},"primaryImageOfPage":{"@id":"https:\/\/sysmatec.ch\/de\/produit\/palettenwaage-kern-uib\/#primaryimage"},"image":{"@id":"https:\/\/sysmatec.ch\/de\/produit\/palettenwaage-kern-uib\/#primaryimage"},"thumbnailUrl":"https:\/\/sysmatec.ch\/wp-content\/uploads\/2021\/04\/Balance_UIB-600K-1-scaled.jpg","datePublished":"2021-04-04T18:31:05+00:00","dateModified":"2021-11-25T12:40:31+00:00","description":"Palettenwaage zum Aufstellen auf den Boden, transportabel durch Rollen, f\u00fcr den Bereich 0 bis 3000 kg. IP67.","breadcrumb":{"@id":"https:\/\/sysmatec.ch\/de\/produit\/palettenwaage-kern-uib\/#breadcrumb"},"inLanguage":"de","potentialAction":[{"@type":"ReadAction","target":["https:\/\/sysmatec.ch\/de\/produit\/palettenwaage-kern-uib\/"]}]},{"@type":"ImageObject","inLanguage":"de","@id":"https:\/\/sysmatec.ch\/de\/produit\/palettenwaage-kern-uib\/#primaryimage","url":"https:\/\/sysmatec.ch\/wp-content\/uploads\/2021\/04\/Balance_UIB-600K-1-scaled.jpg","contentUrl":"https:\/\/sysmatec.ch\/wp-content\/uploads\/2021\/04\/Balance_UIB-600K-1-scaled.jpg","width":2560,"height":2056},{"@type":"BreadcrumbList","@id":"https:\/\/sysmatec.ch\/de\/produit\/palettenwaage-kern-uib\/#breadcrumb","itemListElement":[{"@type":"ListItem","position":1,"name":"Accueil","item":"https:\/\/sysmatec.ch\/de\/"},{"@type":"ListItem","position":2,"name":"Die Aktivit\u00e4t von Sysmatec","item":"https:\/\/sysmatec.ch\/de\/"},{"@type":"ListItem","position":3,"name":"Palettenwaage KERN UIB"}]},{"@type":"WebSite","@id":"https:\/\/sysmatec.ch\/de\/#website","url":"https:\/\/sysmatec.ch\/de\/","name":"Sysmatec","description":"Equipement de laboratoire et logiciels","publisher":{"@id":"https:\/\/sysmatec.ch\/de\/#organization"},"potentialAction":[{"@type":"SearchAction","target":{"@type":"EntryPoint","urlTemplate":"https:\/\/sysmatec.ch\/de\/?s={search_term_string}"},"query-input":{"@type":"PropertyValueSpecification","valueRequired":true,"valueName":"search_term_string"}}],"inLanguage":"de"},{"@type":"Organization","@id":"https:\/\/sysmatec.ch\/de\/#organization","name":"Sysmatec","url":"https:\/\/sysmatec.ch\/de\/","logo":{"@type":"ImageObject","inLanguage":"de","@id":"https:\/\/sysmatec.ch\/de\/#\/schema\/logo\/image\/","url":"https:\/\/sysmatec.ch\/wp-content\/uploads\/2018\/11\/LogoSysmatec.jpg","contentUrl":"https:\/\/sysmatec.ch\/wp-content\/uploads\/2018\/11\/LogoSysmatec.jpg","width":301,"height":297,"caption":"Sysmatec"},"image":{"@id":"https:\/\/sysmatec.ch\/de\/#\/schema\/logo\/image\/"}}]}},"_links":{"self":[{"href":"https:\/\/sysmatec.ch\/de\/wp-json\/wp\/v2\/product\/24133","targetHints":{"allow":["GET"]}}],"collection":[{"href":"https:\/\/sysmatec.ch\/de\/wp-json\/wp\/v2\/product"}],"about":[{"href":"https:\/\/sysmatec.ch\/de\/wp-json\/wp\/v2\/types\/product"}],"wp:featuredmedia":[{"embeddable":true,"href":"https:\/\/sysmatec.ch\/de\/wp-json\/wp\/v2\/media\/24155"}],"wp:attachment":[{"href":"https:\/\/sysmatec.ch\/de\/wp-json\/wp\/v2\/media?parent=24133"}],"wp:term":[{"taxonomy":"product_brand","embeddable":true,"href":"https:\/\/sysmatec.ch\/de\/wp-json\/wp\/v2\/product_brand?post=24133"},{"taxonomy":"product_cat","embeddable":true,"href":"https:\/\/sysmatec.ch\/de\/wp-json\/wp\/v2\/product_cat?post=24133"},{"taxonomy":"product_tag","embeddable":true,"href":"https:\/\/sysmatec.ch\/de\/wp-json\/wp\/v2\/product_tag?post=24133"}],"curies":[{"name":"wp","href":"https:\/\/api.w.org\/{rel}","templated":true}]}}