{"id":2410,"date":"2019-01-03T22:06:03","date_gmt":"2019-01-03T21:06:03","guid":{"rendered":"https:\/\/sysmatec.ch\/produit\/autoclave-kronos-b\/"},"modified":"2024-02-29T13:58:40","modified_gmt":"2024-02-29T12:58:40","slug":"autoklave-superior-b","status":"publish","type":"product","link":"https:\/\/sysmatec.ch\/de\/Produkt\/autoklave-superior-b\/","title":{"rendered":"Autoklave Superior B"},"content":{"rendered":"<p><span class=\"VIiyi\" lang=\"de\"><span class=\"JLqJ4b\" data-language-for-alternatives=\"de\" data-language-to-translate-into=\"fr\" data-phrase-index=\"0\">F\u00fcr die Dampfsterilisation sind dies kompakte Autoklaven der Klasse B (Vakuum). Sie sind zuverl\u00e4ssig. Dank Premium-Komponenten aus Europa halten sie l\u00e4nger. Die 6, 18, 23 und 60 Liter Kammern bestehen aus dickem AISI 304 Monoblock-Stahlguss.<\/span><\/span><\/p>\n<p><span class=\"VIiyi\" lang=\"de\"><span class=\"JLqJ4b\" data-language-for-alternatives=\"de\" data-language-to-translate-into=\"fr\" data-phrase-index=\"0\">Sie haben mehr als 10 vordefinierte validierte Sterilisationsprogramme.<\/span><\/span><\/p>\n<p><span class=\"VIiyi\" lang=\"de\"><span class=\"JLqJ4b\" data-language-for-alternatives=\"de\" data-language-to-translate-into=\"fr\" data-phrase-index=\"0\">Sie sind sicher dank Sensoren, die die Betriebsparameter \u00fcberpr\u00fcfen und die Zykluszeiten an interne und externe Bedingungen anpassen. Insbesondere verf\u00fcgen sie \u00fcber einen integrierten Sensor, der die Wasserqualit\u00e4t kontinuierlich \u00fcberwacht. Nur Wasser von guter Qualit\u00e4t garantiert eine perfekte Sterilisation und eine lange Lebensdauer Ihrer Instrumente und Ihres Autoklaven.<\/span><\/span><\/p>\n<p><span class=\"VIiyi\" lang=\"de\"><span class=\"JLqJ4b\" data-language-for-alternatives=\"de\" data-language-to-translate-into=\"fr\" data-phrase-index=\"0\">Diese Autoklaven verf\u00fcgen \u00fcber ein motorisiertes T\u00fcrschloss, das absolute Sicherheit, einfachere Handhabung und automatisches \u00d6ffnen garantiert.<\/span><\/span><\/p>\n<p><span class=\"VIiyi\" lang=\"de\"><span class=\"JLqJ4b\" data-language-for-alternatives=\"de\" data-language-to-translate-into=\"fr\" data-phrase-index=\"0\">Ein Thermodrucker erm\u00f6glicht das Drucken der Bedingungen, unter denen die Sterilisation stattgefunden hat, und liefert so eine permanente Aufzeichnung jedes Sterilisationszyklus. \u00dcber einen optionalen USB-Anschluss kann der Sterilisationszyklus auf einem USB-Stick gespeichert werden. Daten k\u00f6nnen in propriet\u00e4re PC-Software importiert werden.<\/span><\/span><\/p>\n<p><span class=\"VIiyi\" lang=\"de\"><span class=\"JLqJ4b\" data-language-for-alternatives=\"de\" data-language-to-translate-into=\"fr\" data-phrase-index=\"0\">Sie sind einfach zu bedienen und haben ein mehrsprachiges Men\u00fc.<\/span><\/span><\/p>\n<h2><span class=\"VIiyi\" lang=\"de\"><span class=\"JLqJ4b ChMk0b\" data-language-for-alternatives=\"de\" data-language-to-translate-into=\"fr\" data-phrase-index=\"0\">Eigenschaften Autoklav Superior B 6 L<\/span><\/span><\/h2>\n<ul>\n<li><span class=\"VIiyi\" lang=\"de\"><span class=\"JLqJ4b ChMk0b\" data-language-for-alternatives=\"de\" data-language-to-translate-into=\"fr\" data-phrase-index=\"2\">Vakuumtyp: fraktioniert<\/span><\/span><\/li>\n<li><span class=\"VIiyi\" lang=\"de\"><span class=\"JLqJ4b ChMk0b\" data-language-for-alternatives=\"de\" data-language-to-translate-into=\"fr\" data-phrase-index=\"4\">Integrierter Dampferzeuger<\/span><\/span><\/li>\n<li><span class=\"VIiyi\" lang=\"de\"><span class=\"JLqJ4b ChMk0b\" data-language-for-alternatives=\"de\" data-language-to-translate-into=\"fr\" data-phrase-index=\"6\">Integrierter Drucker<\/span><\/span><\/li>\n<li><span class=\"VIiyi\" lang=\"de\"><span class=\"JLqJ4b ChMk0b\" data-language-for-alternatives=\"de\" data-language-to-translate-into=\"fr\" data-phrase-index=\"8\">Wasserqualit\u00e4tssensor<\/span><\/span><\/li>\n<li><span class=\"VIiyi\" lang=\"de\"><span class=\"JLqJ4b ChMk0b\" data-language-for-alternatives=\"de\" data-language-to-translate-into=\"fr\" data-phrase-index=\"10\">Optionaler USB-Datenlogger<\/span><\/span><\/li>\n<li><span class=\"VIiyi\" lang=\"de\"><span class=\"JLqJ4b ChMk0b\" data-language-for-alternatives=\"de\" data-language-to-translate-into=\"fr\" data-phrase-index=\"12\">Gesamtabmessungen: 450 Bx590Tx345H mm<\/span><\/span><\/li>\n<li><span class=\"VIiyi\" lang=\"de\"><span class=\"JLqJ4b ChMk0b\" data-language-for-alternatives=\"de\" data-language-to-translate-into=\"fr\" data-phrase-index=\"14\">Kammerabmessungen: \u00f8170 x 265 mm<\/span><\/span><\/li>\n<li><span class=\"VIiyi\" lang=\"de\"><span class=\"JLqJ4b ChMk0b\" data-language-for-alternatives=\"de\" data-language-to-translate-into=\"fr\" data-phrase-index=\"16\">Fachgr\u00f6\u00dfe: 3 F\u00e4cher, 1 Fach 150 Bx 240 Tx 19 H mm, 2 F\u00e4cher 115 B x 240 T x 19 H mm<\/span><\/span><\/li>\n<li><span class=\"VIiyi\" lang=\"de\"><span class=\"JLqJ4b ChMk0b\" data-language-for-alternatives=\"de\" data-language-to-translate-into=\"fr\" data-phrase-index=\"18\">Versorgungsspannung: 230 V +\/- 10%, 50-60 Hz<\/span><\/span><\/li>\n<li><span class=\"VIiyi\" lang=\"de\"><span class=\"JLqJ4b ChMk0b\" data-language-for-alternatives=\"de\" data-language-to-translate-into=\"fr\" data-phrase-index=\"20\">Leistung: 2500 W.<\/span><\/span><\/li>\n<\/ul>\n<h2><span class=\"VIiyi\" lang=\"de\"><span class=\"JLqJ4b ChMk0b\" data-language-for-alternatives=\"de\" data-language-to-translate-into=\"fr\" data-phrase-index=\"22\">Sterilisationszyklen Autoklav Superior B 6 L<\/span><\/span><\/h2>\n<table width=\"595\">\n<tbody>\n<tr>\n<td width=\"136\">Zyklusname<\/td>\n<td width=\"80\">Typ<\/td>\n<td width=\"139\">Dauer (inklusiv Trocknung<\/td>\n<td width=\"80\">Max. Gewicht (kg)<\/td>\n<td width=\"80\">Sterilisierbares Material<\/td>\n<td width=\"80\">Verpackt<\/td>\n<\/tr>\n<tr>\n<td>Test Helix + Test B und D<\/td>\n<td>Test<\/td>\n<td>19 min<\/td>\n<td>0<\/td>\n<td colspan=\"2\">Dampfpenetrationstest<\/td>\n<\/tr>\n<tr>\n<td width=\"136\">Vakuumtest<\/td>\n<td>Test<\/td>\n<td>15 min<\/td>\n<td>0<\/td>\n<td colspan=\"2\">Leckerkennungstest<\/td>\n<\/tr>\n<tr>\n<td>121 \u00b0C hohl gewickelt<\/td>\n<td>B<\/td>\n<td>37 min<\/td>\n<td>1<\/td>\n<td>Zarte Hohlr\u00e4ume, Edelstahlhohlr\u00e4ume und Turbinen<\/td>\n<td>ja<\/td>\n<\/tr>\n<tr>\n<td>134 \u00b0C hohl gewickelt<\/td>\n<td>B<\/td>\n<td>28 min<\/td>\n<td>1<\/td>\n<td>Empfindliche Hohlr\u00e4ume und Turbinen<\/td>\n<td>ja<\/td>\n<\/tr>\n<tr>\n<td>121 \u00b0C offen gewickelt<\/td>\n<td>B<\/td>\n<td>33 min<\/td>\n<td>1<\/td>\n<td>Zarte Hohlr\u00e4ume, Edelstahlhohlr\u00e4ume und Turbinen<\/td>\n<td>nein<\/td>\n<\/tr>\n<tr>\n<td>134 \u00b0C offen gewickelt<\/td>\n<td>B<\/td>\n<td>20 min<\/td>\n<td>1<\/td>\n<td>Hohlraum und Turbinen aus Edelstahl<\/td>\n<td>no<\/td>\n<\/tr>\n<tr>\n<td>134 \u00b0C Prion<\/td>\n<td>B<\/td>\n<td>40 min<\/td>\n<td>1<\/td>\n<td width=\"80\">Hohl- und Metallinstrumente aus rostfreiem Stahl (z. B. Creutzfeldt-Jakob-Krankheit)<\/td>\n<td>yes<\/td>\n<\/tr>\n<tr>\n<td>134 \u00b0C hohl gewickelt<\/td>\n<td>B<\/td>\n<td>36 min<\/td>\n<td>0.5<\/td>\n<td>Por\u00f6se Ladungen<\/td>\n<td>yes<\/td>\n<\/tr>\n<\/tbody>\n<\/table>\n<h2><span class=\"VIiyi\" lang=\"de\"><span class=\"JLqJ4b ChMk0b\" data-language-for-alternatives=\"de\" data-language-to-translate-into=\"fr\" data-phrase-index=\"0\">Eigenschaften Autoklav Superior B 18 L<\/span><\/span><\/h2>\n<ul>\n<li><span class=\"VIiyi\" lang=\"de\"><span class=\"JLqJ4b ChMk0b\" data-language-for-alternatives=\"de\" data-language-to-translate-into=\"fr\" data-phrase-index=\"2\">Vakuumtyp: fraktioniert<\/span><\/span><\/li>\n<li><span class=\"VIiyi\" lang=\"de\"><span class=\"JLqJ4b ChMk0b\" data-language-for-alternatives=\"de\" data-language-to-translate-into=\"fr\" data-phrase-index=\"4\">Integrierter Dampferzeuger<\/span><\/span><\/li>\n<li><span class=\"VIiyi\" lang=\"de\"><span class=\"JLqJ4b ChMk0b\" data-language-for-alternatives=\"de\" data-language-to-translate-into=\"fr\" data-phrase-index=\"6\">Integrierter Drucker<\/span> <span class=\"JLqJ4b ChMk0b\" data-language-for-alternatives=\"de\" data-language-to-translate-into=\"fr\" data-phrase-index=\"8\">Wasserqualit\u00e4tssensor<\/span><\/span><\/li>\n<li><span class=\"VIiyi\" lang=\"de\"><span class=\"JLqJ4b ChMk0b\" data-language-for-alternatives=\"de\" data-language-to-translate-into=\"fr\" data-phrase-index=\"10\">Optionaler USB-Datenlogger<\/span><\/span><\/li>\n<li><span class=\"VIiyi\" lang=\"de\"><span class=\"JLqJ4b ChMk0b\" data-language-for-alternatives=\"de\" data-language-to-translate-into=\"fr\" data-phrase-index=\"12\">Gesamtabmessungen: 505Bx615Tx400H mm<\/span><\/span><\/li>\n<li><span class=\"VIiyi\" lang=\"de\"><span class=\"JLqJ4b ChMk0b\" data-language-for-alternatives=\"de\" data-language-to-translate-into=\"fr\" data-phrase-index=\"14\">Kammerabmessungen: \u00f8236&#215;381.5 mm<\/span><\/span><\/li>\n<li><span class=\"VIiyi\" lang=\"de\"><span class=\"JLqJ4b ChMk0b\" data-language-for-alternatives=\"de\" data-language-to-translate-into=\"fr\" data-phrase-index=\"16\">Tablettgr\u00f6\u00dfe: 4 Tabletts, 185 Bx 285 Tx 18 H mm<\/span><\/span><\/li>\n<li><span class=\"VIiyi\" lang=\"de\"><span class=\"JLqJ4b ChMk0b\" data-language-for-alternatives=\"de\" data-language-to-translate-into=\"fr\" data-phrase-index=\"18\">Versorgungsspannung: 230 V +\/- 10%, 50-60 Hz<\/span> <span class=\"JLqJ4b ChMk0b\" data-language-for-alternatives=\"de\" data-language-to-translate-into=\"fr\" data-phrase-index=\"20\">Leistung: 2400 W.<\/span><\/span><\/li>\n<\/ul>\n<h2><span class=\"VIiyi\" lang=\"de\"><span class=\"JLqJ4b ChMk0b\" data-language-for-alternatives=\"de\" data-language-to-translate-into=\"fr\" data-phrase-index=\"22\">Sterilisationszyklen Autoklav Superior B 18 L<\/span><\/span><\/h2>\n<table width=\"595\">\n<tbody>\n<tr>\n<td width=\"136\">Zyklusname<\/td>\n<td width=\"80\">Typ<\/td>\n<td width=\"139\">Dauer (inklusiv Trocknung<\/td>\n<td width=\"80\">Max. Gewicht (kg)<\/td>\n<td width=\"80\">Sterilisierbares Material<\/td>\n<td width=\"80\">Verpackt<\/td>\n<\/tr>\n<tr>\n<td>Test Helix + Test B und D<\/td>\n<td>Test<\/td>\n<td>22 min<\/td>\n<td>0<\/td>\n<td colspan=\"2\">Dampfpenetrationstest<\/td>\n<\/tr>\n<tr>\n<td width=\"136\">Vakuumtest<\/td>\n<td>Test<\/td>\n<td>15 min<\/td>\n<td>0<\/td>\n<td colspan=\"2\">Leckerkennungstest<\/td>\n<\/tr>\n<tr>\n<td>121 \u00b0C hohl gewickelt<\/td>\n<td>B<\/td>\n<td>50 min<\/td>\n<td>2.5<\/td>\n<td>Einzelne hohle, schmale Lumen hohle, feste K\u00f6rper (Einzel- oder Mehrfachpackung)<\/td>\n<td>ja<\/td>\n<\/tr>\n<tr>\n<td>134 \u00b0C hohl gewickelt<\/td>\n<td>B<\/td>\n<td>39 min<\/td>\n<td>2.5<\/td>\n<td>Einzelne hohle, schmale Lumen hohle, feste K\u00f6rper (Einzel- oder Mehrfachpackung)<\/td>\n<td>ja<\/td>\n<\/tr>\n<tr>\n<td>134 \u00b0C Prion<\/td>\n<td>B<\/td>\n<td>54 min<\/td>\n<td>2.5<\/td>\n<td width=\"80\">Einfacher Hohlraum, schmaler Lumenhohlraum mit hohem Infektionsrisiko<br \/>\n(ist. Creutzfeldt-Jakob-Krankheit)<\/td>\n<td>ja<\/td>\n<\/tr>\n<tr>\n<td>134 \u00b0C Por\u00f6s<\/td>\n<td>B<\/td>\n<td>50 min<\/td>\n<td>1<\/td>\n<td>Por\u00f6se Ladung<\/td>\n<td>ja<\/td>\n<\/tr>\n<tr>\n<td>134 \u00b0C Hohl offen<\/td>\n<td>B<\/td>\n<td>36 min<\/td>\n<td>4<\/td>\n<td>Hohlraum und Turbinen aus Edelstahl<\/td>\n<td>nein<\/td>\n<\/tr>\n<\/tbody>\n<\/table>\n<h2><span class=\"VIiyi\" lang=\"de\"><span class=\"JLqJ4b ChMk0b\" data-language-for-alternatives=\"de\" data-language-to-translate-into=\"fr\" data-phrase-index=\"0\">Eigenschaften Autoklav Superior B 23 L<\/span><\/span><\/h2>\n<ul>\n<li><span class=\"VIiyi\" lang=\"de\"><span class=\"JLqJ4b ChMk0b\" data-language-for-alternatives=\"de\" data-language-to-translate-into=\"fr\" data-phrase-index=\"2\">Vakuumtyp: fraktioniert<\/span><\/span><\/li>\n<li><span class=\"VIiyi\" lang=\"de\"><span class=\"JLqJ4b ChMk0b\" data-language-for-alternatives=\"de\" data-language-to-translate-into=\"fr\" data-phrase-index=\"4\">Integrierter Dampferzeuger<\/span><\/span><\/li>\n<li><span class=\"VIiyi\" lang=\"de\"><span class=\"JLqJ4b ChMk0b\" data-language-for-alternatives=\"de\" data-language-to-translate-into=\"fr\" data-phrase-index=\"6\">Integrierter Drucker<\/span><\/span><\/li>\n<li><span class=\"VIiyi\" lang=\"de\"><span class=\"JLqJ4b ChMk0b\" data-language-for-alternatives=\"de\" data-language-to-translate-into=\"fr\" data-phrase-index=\"8\">Wasserqualit\u00e4tssensor<\/span><\/span><\/li>\n<li><span class=\"VIiyi\" lang=\"de\"><span class=\"JLqJ4b ChMk0b\" data-language-for-alternatives=\"de\" data-language-to-translate-into=\"fr\" data-phrase-index=\"10\">Optionaler USB-Datenlogger<\/span><\/span><\/li>\n<li><span class=\"VIiyi\" lang=\"de\"><span class=\"JLqJ4b ChMk0b\" data-language-for-alternatives=\"de\" data-language-to-translate-into=\"fr\" data-phrase-index=\"12\">Gesamtabmessungen: 505Bx690Tx400H mm<\/span><\/span><\/li>\n<li><span class=\"VIiyi\" lang=\"de\"><span class=\"JLqJ4b ChMk0b\" data-language-for-alternatives=\"de\" data-language-to-translate-into=\"fr\" data-phrase-index=\"14\">Kammerabmessungen: \u00f8236&#215;530 mm<\/span><\/span><\/li>\n<li><span class=\"VIiyi\" lang=\"de\"><span class=\"JLqJ4b ChMk0b\" data-language-for-alternatives=\"de\" data-language-to-translate-into=\"fr\" data-phrase-index=\"16\">Tablettgr\u00f6\u00dfe: 4 Tabletts 185Bx440Tx19H mm<\/span><\/span><\/li>\n<li><span class=\"VIiyi\" lang=\"de\"><span class=\"JLqJ4b ChMk0b\" data-language-for-alternatives=\"de\" data-language-to-translate-into=\"fr\" data-phrase-index=\"18\">Versorgungsspannung: 230 V +\/- 10%, 50-60 Hz<\/span><\/span><\/li>\n<li><span class=\"VIiyi\" lang=\"de\"><span class=\"JLqJ4b ChMk0b\" data-language-for-alternatives=\"de\" data-language-to-translate-into=\"fr\" data-phrase-index=\"20\">Leistung: 2400 W<\/span><\/span><\/li>\n<\/ul>\n<h2><span class=\"VIiyi\" lang=\"de\"><span class=\"JLqJ4b ChMk0b\" data-language-for-alternatives=\"de\" data-language-to-translate-into=\"fr\" data-phrase-index=\"22\">Sterilisationszyklen Autoklav Superior 23 L<\/span><\/span><\/h2>\n<table width=\"595\">\n<tbody>\n<tr>\n<td width=\"136\">Zyklusname<\/td>\n<td width=\"80\">Typ<\/td>\n<td width=\"139\">Dauer (inklusiv Trocknung<\/td>\n<td width=\"80\">Max. Gewicht (kg)<\/td>\n<td width=\"80\">Sterilisierbares Material<\/td>\n<td width=\"80\">Verpackt<\/td>\n<\/tr>\n<tr>\n<td>Test Helix + Test B und D<\/td>\n<td>Test<\/td>\n<td>35 min<\/td>\n<td>0<\/td>\n<td colspan=\"2\">Dampfpenetrationstest<\/td>\n<\/tr>\n<tr>\n<td width=\"136\">Vakuumtest<\/td>\n<td>Test<\/td>\n<td>15 min<\/td>\n<td>0<\/td>\n<td colspan=\"2\">Leckerkennungstest<\/td>\n<\/tr>\n<tr>\n<td>121 \u00b0C hohl gewickelt<\/td>\n<td>B<\/td>\n<td>60 min<\/td>\n<td>3.5<\/td>\n<td>Einzelne hohle, schmale Lumen hohle, feste K\u00f6rper (Einzel- oder Mehrfachpackung)<\/td>\n<td>ja<\/td>\n<\/tr>\n<tr>\n<td>134 \u00b0C hohl gewickelt<\/td>\n<td>B<\/td>\n<td>49 min<\/td>\n<td>3.5<\/td>\n<td>Einzelne hohle, schmale Lumen hohle, feste K\u00f6rper (Einzel- oder Mehrfachpackung)<\/td>\n<td>ja<\/td>\n<\/tr>\n<tr>\n<td>134 \u00b0C Prion<\/td>\n<td>B<\/td>\n<td>64 min<\/td>\n<td>3.5<\/td>\n<td width=\"80\">Einfacher Hohlraum, schmaler Lumenhohlraum mit hohem Infektionsrisiko<br \/>\n(ist. Creutzfeldt-Jakob-Krankheit)<\/td>\n<td>ja<\/td>\n<\/tr>\n<tr>\n<td>134 \u00b0C Por\u00f6s<\/td>\n<td>B<\/td>\n<td>60 min<\/td>\n<td>1.5<\/td>\n<td>Por\u00f6se Ladung<\/td>\n<td>ja<\/td>\n<\/tr>\n<tr>\n<td>134 \u00b0C Hohl offen<\/td>\n<td>B<\/td>\n<td>46 min<\/td>\n<td>4.5<\/td>\n<td>Hohlraum und Turbinen aus Edelstahl<\/td>\n<td>nein<\/td>\n<\/tr>\n<\/tbody>\n<\/table>\n","protected":false},"excerpt":{"rendered":"<p>Autoclave de type B 6 L \u00e0 23 L<\/p>\n","protected":false},"featured_media":22334,"template":"","meta":{"_crdt_document":""},"product_brand":[],"product_cat":[157],"product_tag":[],"class_list":{"0":"post-2410","1":"product","2":"type-product","3":"status-publish","4":"has-post-thumbnail","6":"product_cat-autoklav","8":"first","9":"instock","10":"taxable","11":"shipping-taxable","12":"product-type-simple"},"yoast_head":"<!-- This site is optimized with the Yoast SEO plugin v27.3 - https:\/\/yoast.com\/product\/yoast-seo-wordpress\/ -->\n<title>Autoklave Superior B - Sysmatec<\/title>\n<meta name=\"description\" content=\"Tischautoklav f\u00fcr medizinische, zahnmedizinische, kosmetische Salons, Tattoo-Studios. Autoklav Typ S. Volumen von 6, 18 und 23 L\" \/>\n<meta name=\"robots\" content=\"index, follow, max-snippet:-1, max-image-preview:large, max-video-preview:-1\" \/>\n<link rel=\"canonical\" href=\"https:\/\/sysmatec.ch\/de\/Produkt\/autoklave-superior-b\/\" \/>\n<meta property=\"og:locale\" content=\"de_DE\" \/>\n<meta property=\"og:type\" content=\"article\" \/>\n<meta property=\"og:title\" content=\"Autoklave Superior B - Sysmatec\" \/>\n<meta property=\"og:description\" content=\"Tischautoklav f\u00fcr medizinische, zahnmedizinische, kosmetische Salons, Tattoo-Studios. Autoklav Typ S. Volumen von 6, 18 und 23 L\" \/>\n<meta property=\"og:url\" content=\"https:\/\/sysmatec.ch\/de\/Produkt\/autoklave-superior-b\/\" \/>\n<meta property=\"og:site_name\" content=\"Sysmatec\" \/>\n<meta property=\"article:modified_time\" content=\"2024-02-29T12:58:40+00:00\" \/>\n<meta property=\"og:image\" content=\"https:\/\/sysmatec.ch\/wp-content\/uploads\/2019\/01\/AutoclaveB6_Superior1.jpg\" \/>\n\t<meta property=\"og:image:width\" content=\"515\" \/>\n\t<meta property=\"og:image:height\" content=\"391\" \/>\n\t<meta property=\"og:image:type\" content=\"image\/jpeg\" \/>\n<meta name=\"twitter:card\" content=\"summary_large_image\" \/>\n<meta name=\"twitter:label1\" content=\"Gesch\u00e4tzte Lesezeit\" \/>\n\t<meta name=\"twitter:data1\" content=\"4\u00a0Minuten\" \/>\n<script type=\"application\/ld+json\" class=\"yoast-schema-graph\">{\"@context\":\"https:\\\/\\\/schema.org\",\"@graph\":[{\"@type\":\"WebPage\",\"@id\":\"https:\\\/\\\/sysmatec.ch\\\/de\\\/Produkt\\\/autoklave-superior-b\\\/\",\"url\":\"https:\\\/\\\/sysmatec.ch\\\/de\\\/Produkt\\\/autoklave-superior-b\\\/\",\"name\":\"Autoklave Superior B - Sysmatec\",\"isPartOf\":{\"@id\":\"https:\\\/\\\/sysmatec.ch\\\/de\\\/#website\"},\"primaryImageOfPage\":{\"@id\":\"https:\\\/\\\/sysmatec.ch\\\/de\\\/Produkt\\\/autoklave-superior-b\\\/#primaryimage\"},\"image\":{\"@id\":\"https:\\\/\\\/sysmatec.ch\\\/de\\\/Produkt\\\/autoklave-superior-b\\\/#primaryimage\"},\"thumbnailUrl\":\"https:\\\/\\\/sysmatec.ch\\\/wp-content\\\/uploads\\\/2019\\\/01\\\/AutoclaveB6_Superior1.jpg\",\"datePublished\":\"2019-01-03T21:06:03+00:00\",\"dateModified\":\"2024-02-29T12:58:40+00:00\",\"description\":\"Tischautoklav f\u00fcr medizinische, zahnmedizinische, kosmetische Salons, Tattoo-Studios. Autoklav Typ S. Volumen von 6, 18 und 23 L\",\"breadcrumb\":{\"@id\":\"https:\\\/\\\/sysmatec.ch\\\/de\\\/Produkt\\\/autoklave-superior-b\\\/#breadcrumb\"},\"inLanguage\":\"de\",\"potentialAction\":[{\"@type\":\"ReadAction\",\"target\":[\"https:\\\/\\\/sysmatec.ch\\\/de\\\/Produkt\\\/autoklave-superior-b\\\/\"]}]},{\"@type\":\"ImageObject\",\"inLanguage\":\"de\",\"@id\":\"https:\\\/\\\/sysmatec.ch\\\/de\\\/Produkt\\\/autoklave-superior-b\\\/#primaryimage\",\"url\":\"https:\\\/\\\/sysmatec.ch\\\/wp-content\\\/uploads\\\/2019\\\/01\\\/AutoclaveB6_Superior1.jpg\",\"contentUrl\":\"https:\\\/\\\/sysmatec.ch\\\/wp-content\\\/uploads\\\/2019\\\/01\\\/AutoclaveB6_Superior1.jpg\",\"width\":515,\"height\":391},{\"@type\":\"BreadcrumbList\",\"@id\":\"https:\\\/\\\/sysmatec.ch\\\/de\\\/Produkt\\\/autoklave-superior-b\\\/#breadcrumb\",\"itemListElement\":[{\"@type\":\"ListItem\",\"position\":1,\"name\":\"Accueil\",\"item\":\"https:\\\/\\\/sysmatec.ch\\\/de\\\/\"},{\"@type\":\"ListItem\",\"position\":2,\"name\":\"Die Aktivit\u00e4t von Sysmatec\",\"item\":\"https:\\\/\\\/sysmatec.ch\\\/de\\\/\"},{\"@type\":\"ListItem\",\"position\":3,\"name\":\"Autoklave Superior B\"}]},{\"@type\":\"WebSite\",\"@id\":\"https:\\\/\\\/sysmatec.ch\\\/de\\\/#website\",\"url\":\"https:\\\/\\\/sysmatec.ch\\\/de\\\/\",\"name\":\"Sysmatec\",\"description\":\"Equipement de laboratoire et logiciels\",\"publisher\":{\"@id\":\"https:\\\/\\\/sysmatec.ch\\\/de\\\/#organization\"},\"potentialAction\":[{\"@type\":\"SearchAction\",\"target\":{\"@type\":\"EntryPoint\",\"urlTemplate\":\"https:\\\/\\\/sysmatec.ch\\\/de\\\/?s={search_term_string}\"},\"query-input\":{\"@type\":\"PropertyValueSpecification\",\"valueRequired\":true,\"valueName\":\"search_term_string\"}}],\"inLanguage\":\"de\"},{\"@type\":\"Organization\",\"@id\":\"https:\\\/\\\/sysmatec.ch\\\/de\\\/#organization\",\"name\":\"Sysmatec\",\"url\":\"https:\\\/\\\/sysmatec.ch\\\/de\\\/\",\"logo\":{\"@type\":\"ImageObject\",\"inLanguage\":\"de\",\"@id\":\"https:\\\/\\\/sysmatec.ch\\\/de\\\/#\\\/schema\\\/logo\\\/image\\\/\",\"url\":\"https:\\\/\\\/sysmatec.ch\\\/wp-content\\\/uploads\\\/2018\\\/11\\\/LogoSysmatec.jpg\",\"contentUrl\":\"https:\\\/\\\/sysmatec.ch\\\/wp-content\\\/uploads\\\/2018\\\/11\\\/LogoSysmatec.jpg\",\"width\":301,\"height\":297,\"caption\":\"Sysmatec\"},\"image\":{\"@id\":\"https:\\\/\\\/sysmatec.ch\\\/de\\\/#\\\/schema\\\/logo\\\/image\\\/\"}}]}<\/script>\n<!-- \/ Yoast SEO plugin. -->","yoast_head_json":{"title":"Autoklave Superior B - Sysmatec","description":"Tischautoklav f\u00fcr medizinische, zahnmedizinische, kosmetische Salons, Tattoo-Studios. Autoklav Typ S. Volumen von 6, 18 und 23 L","robots":{"index":"index","follow":"follow","max-snippet":"max-snippet:-1","max-image-preview":"max-image-preview:large","max-video-preview":"max-video-preview:-1"},"canonical":"https:\/\/sysmatec.ch\/de\/Produkt\/autoklave-superior-b\/","og_locale":"de_DE","og_type":"article","og_title":"Autoklave Superior B - Sysmatec","og_description":"Tischautoklav f\u00fcr medizinische, zahnmedizinische, kosmetische Salons, Tattoo-Studios. Autoklav Typ S. Volumen von 6, 18 und 23 L","og_url":"https:\/\/sysmatec.ch\/de\/Produkt\/autoklave-superior-b\/","og_site_name":"Sysmatec","article_modified_time":"2024-02-29T12:58:40+00:00","og_image":[{"width":515,"height":391,"url":"https:\/\/sysmatec.ch\/wp-content\/uploads\/2019\/01\/AutoclaveB6_Superior1.jpg","type":"image\/jpeg"}],"twitter_card":"summary_large_image","twitter_misc":{"Gesch\u00e4tzte Lesezeit":"4\u00a0Minuten"},"schema":{"@context":"https:\/\/schema.org","@graph":[{"@type":"WebPage","@id":"https:\/\/sysmatec.ch\/de\/Produkt\/autoklave-superior-b\/","url":"https:\/\/sysmatec.ch\/de\/Produkt\/autoklave-superior-b\/","name":"Autoklave Superior B - Sysmatec","isPartOf":{"@id":"https:\/\/sysmatec.ch\/de\/#website"},"primaryImageOfPage":{"@id":"https:\/\/sysmatec.ch\/de\/Produkt\/autoklave-superior-b\/#primaryimage"},"image":{"@id":"https:\/\/sysmatec.ch\/de\/Produkt\/autoklave-superior-b\/#primaryimage"},"thumbnailUrl":"https:\/\/sysmatec.ch\/wp-content\/uploads\/2019\/01\/AutoclaveB6_Superior1.jpg","datePublished":"2019-01-03T21:06:03+00:00","dateModified":"2024-02-29T12:58:40+00:00","description":"Tischautoklav f\u00fcr medizinische, zahnmedizinische, kosmetische Salons, Tattoo-Studios. Autoklav Typ S. Volumen von 6, 18 und 23 L","breadcrumb":{"@id":"https:\/\/sysmatec.ch\/de\/Produkt\/autoklave-superior-b\/#breadcrumb"},"inLanguage":"de","potentialAction":[{"@type":"ReadAction","target":["https:\/\/sysmatec.ch\/de\/Produkt\/autoklave-superior-b\/"]}]},{"@type":"ImageObject","inLanguage":"de","@id":"https:\/\/sysmatec.ch\/de\/Produkt\/autoklave-superior-b\/#primaryimage","url":"https:\/\/sysmatec.ch\/wp-content\/uploads\/2019\/01\/AutoclaveB6_Superior1.jpg","contentUrl":"https:\/\/sysmatec.ch\/wp-content\/uploads\/2019\/01\/AutoclaveB6_Superior1.jpg","width":515,"height":391},{"@type":"BreadcrumbList","@id":"https:\/\/sysmatec.ch\/de\/Produkt\/autoklave-superior-b\/#breadcrumb","itemListElement":[{"@type":"ListItem","position":1,"name":"Accueil","item":"https:\/\/sysmatec.ch\/de\/"},{"@type":"ListItem","position":2,"name":"Die Aktivit\u00e4t von Sysmatec","item":"https:\/\/sysmatec.ch\/de\/"},{"@type":"ListItem","position":3,"name":"Autoklave Superior B"}]},{"@type":"WebSite","@id":"https:\/\/sysmatec.ch\/de\/#website","url":"https:\/\/sysmatec.ch\/de\/","name":"Sysmatec","description":"Equipement de laboratoire et logiciels","publisher":{"@id":"https:\/\/sysmatec.ch\/de\/#organization"},"potentialAction":[{"@type":"SearchAction","target":{"@type":"EntryPoint","urlTemplate":"https:\/\/sysmatec.ch\/de\/?s={search_term_string}"},"query-input":{"@type":"PropertyValueSpecification","valueRequired":true,"valueName":"search_term_string"}}],"inLanguage":"de"},{"@type":"Organization","@id":"https:\/\/sysmatec.ch\/de\/#organization","name":"Sysmatec","url":"https:\/\/sysmatec.ch\/de\/","logo":{"@type":"ImageObject","inLanguage":"de","@id":"https:\/\/sysmatec.ch\/de\/#\/schema\/logo\/image\/","url":"https:\/\/sysmatec.ch\/wp-content\/uploads\/2018\/11\/LogoSysmatec.jpg","contentUrl":"https:\/\/sysmatec.ch\/wp-content\/uploads\/2018\/11\/LogoSysmatec.jpg","width":301,"height":297,"caption":"Sysmatec"},"image":{"@id":"https:\/\/sysmatec.ch\/de\/#\/schema\/logo\/image\/"}}]}},"_links":{"self":[{"href":"https:\/\/sysmatec.ch\/de\/wp-json\/wp\/v2\/product\/2410","targetHints":{"allow":["GET"]}}],"collection":[{"href":"https:\/\/sysmatec.ch\/de\/wp-json\/wp\/v2\/product"}],"about":[{"href":"https:\/\/sysmatec.ch\/de\/wp-json\/wp\/v2\/types\/product"}],"wp:featuredmedia":[{"embeddable":true,"href":"https:\/\/sysmatec.ch\/de\/wp-json\/wp\/v2\/media\/22334"}],"wp:attachment":[{"href":"https:\/\/sysmatec.ch\/de\/wp-json\/wp\/v2\/media?parent=2410"}],"wp:term":[{"taxonomy":"product_brand","embeddable":true,"href":"https:\/\/sysmatec.ch\/de\/wp-json\/wp\/v2\/product_brand?post=2410"},{"taxonomy":"product_cat","embeddable":true,"href":"https:\/\/sysmatec.ch\/de\/wp-json\/wp\/v2\/product_cat?post=2410"},{"taxonomy":"product_tag","embeddable":true,"href":"https:\/\/sysmatec.ch\/de\/wp-json\/wp\/v2\/product_tag?post=2410"}],"curies":[{"name":"wp","href":"https:\/\/api.w.org\/{rel}","templated":true}]}}