{"id":2407,"date":"2019-01-03T21:54:28","date_gmt":"2019-01-03T20:54:28","guid":{"rendered":"https:\/\/sysmatec.ch\/produit\/autoclave-de-laboratoire-vertical-lva-d11\/"},"modified":"2021-11-27T15:00:42","modified_gmt":"2021-11-27T14:00:42","slug":"vertikaler-laborautoklav-lva-d11","status":"publish","type":"product","link":"https:\/\/sysmatec.ch\/de\/Produkt\/vertikaler-laborautoklav-lva-d11\/","title":{"rendered":"Vertikaler Laborautoklav LVA-D11"},"content":{"rendered":"<p>Der vertikale Autoklav LVA-D11 ist ein Sterilisator zur sicheren, wirtschaftlichen und effektiven Sterilisation von Laborinstrumenten. Es besteht aus Edelstahlk\u00f6rper mit Handradstruktur, um die T\u00fcr schnell zu \u00f6ffnen. Es ist mit einer digitalen Anzeige ausgestattet, um den Arbeitsstatus anzuzeigen, und verf\u00fcgt \u00fcber eine Tastatur f\u00fcr die Parameter einzugeben. Der vertikale Autoklav hat eine selbstaufblasende Dichtung, die verwendet wird, um ein Auslaufen von Fl\u00fcssigkeit zu verhindern. Es kann zur Sterilisation von Glaswaren, biologischen Materialien, Kulturmedien usw. in Krankenh\u00e4usern, klinischen Labors usw. verwendet werden.<\/p>\n<h2>Autoklav Parametern<\/h2>\n<ul>\n<li>Kapazit\u00e4t: 50 L<\/li>\n<li>Sterilisationstemperatur: 105-134 \u00b0 C<\/li>\n<li>Max. Sterilisation Druck: 0.22 Mpa<\/li>\n<li>Timer Bereich: 0 bis 99 min<\/li>\n<li>Temperaturschwankungen: &lt;= \u00b1 1 \u00b0 C<\/li>\n<li>Kammergr\u00f6\u00dfe (Durchmesser \u00d7 Tiefe): 340 \u00d7 550 mm<\/li>\n<li>Aussen Masse (L \u00d7 B \u00d7 H): 510 \u00d7 470 \u00d7 1130 mm<\/li>\n<li>Nettogewicht: 68 kg<\/li>\n<li>Stromversorgung: AC 220 V 50 Hz \/ 3 kW<\/li>\n<\/ul>\n","protected":false},"excerpt":{"rendered":"<p>Vertikaler Laborautoklav<\/p>\n","protected":false},"featured_media":1135,"template":"","meta":{"_crdt_document":""},"product_brand":[],"product_cat":[157],"product_tag":[],"class_list":{"0":"post-2407","1":"product","2":"type-product","3":"status-publish","4":"has-post-thumbnail","6":"product_cat-autoklav","8":"first","9":"instock","10":"taxable","11":"shipping-taxable","12":"product-type-simple"},"yoast_head":"<!-- This site is optimized with the Yoast SEO plugin v27.3 - https:\/\/yoast.com\/product\/yoast-seo-wordpress\/ -->\n<title>Vertikaler Laborautoklav LVA-D11 - Sysmatec<\/title>\n<meta name=\"description\" content=\"Laborautoklav zum Sterilisieren jeglicher Materialien oder Kulturmedien. Maximale Temperatur bis 134 \u00b0 C.\" \/>\n<meta name=\"robots\" content=\"index, follow, max-snippet:-1, max-image-preview:large, max-video-preview:-1\" \/>\n<link rel=\"canonical\" href=\"https:\/\/sysmatec.ch\/de\/produit\/vertikaler-laborautoklav-lva-d11\/\" \/>\n<meta property=\"og:locale\" content=\"de_DE\" \/>\n<meta property=\"og:type\" content=\"article\" \/>\n<meta property=\"og:title\" content=\"Vertikaler Laborautoklav LVA-D11 - Sysmatec\" \/>\n<meta property=\"og:description\" content=\"Laborautoklav zum Sterilisieren jeglicher Materialien oder Kulturmedien. Maximale Temperatur bis 134 \u00b0 C.\" \/>\n<meta property=\"og:url\" content=\"https:\/\/sysmatec.ch\/de\/produit\/vertikaler-laborautoklav-lva-d11\/\" \/>\n<meta property=\"og:site_name\" content=\"Sysmatec\" \/>\n<meta property=\"article:modified_time\" content=\"2021-11-27T14:00:42+00:00\" \/>\n<meta property=\"og:image\" content=\"https:\/\/sysmatec.ch\/wp-content\/uploads\/2019\/01\/Autoclave_LabtronLVAD11.jpg\" \/>\n\t<meta property=\"og:image:width\" content=\"187\" \/>\n\t<meta property=\"og:image:height\" content=\"187\" \/>\n\t<meta property=\"og:image:type\" content=\"image\/jpeg\" \/>\n<meta name=\"twitter:card\" content=\"summary_large_image\" \/>\n<meta name=\"twitter:label1\" content=\"Gesch\u00e4tzte Lesezeit\" \/>\n\t<meta name=\"twitter:data1\" content=\"1\u00a0Minute\" \/>\n<script type=\"application\/ld+json\" class=\"yoast-schema-graph\">{\"@context\":\"https:\\\/\\\/schema.org\",\"@graph\":[{\"@type\":\"WebPage\",\"@id\":\"https:\\\/\\\/sysmatec.ch\\\/de\\\/produit\\\/vertikaler-laborautoklav-lva-d11\\\/\",\"url\":\"https:\\\/\\\/sysmatec.ch\\\/de\\\/produit\\\/vertikaler-laborautoklav-lva-d11\\\/\",\"name\":\"Vertikaler Laborautoklav LVA-D11 - Sysmatec\",\"isPartOf\":{\"@id\":\"https:\\\/\\\/sysmatec.ch\\\/de\\\/#website\"},\"primaryImageOfPage\":{\"@id\":\"https:\\\/\\\/sysmatec.ch\\\/de\\\/produit\\\/vertikaler-laborautoklav-lva-d11\\\/#primaryimage\"},\"image\":{\"@id\":\"https:\\\/\\\/sysmatec.ch\\\/de\\\/produit\\\/vertikaler-laborautoklav-lva-d11\\\/#primaryimage\"},\"thumbnailUrl\":\"https:\\\/\\\/sysmatec.ch\\\/wp-content\\\/uploads\\\/2019\\\/01\\\/Autoclave_LabtronLVAD11.jpg\",\"datePublished\":\"2019-01-03T20:54:28+00:00\",\"dateModified\":\"2021-11-27T14:00:42+00:00\",\"description\":\"Laborautoklav zum Sterilisieren jeglicher Materialien oder Kulturmedien. Maximale Temperatur bis 134 \u00b0 C.\",\"breadcrumb\":{\"@id\":\"https:\\\/\\\/sysmatec.ch\\\/de\\\/produit\\\/vertikaler-laborautoklav-lva-d11\\\/#breadcrumb\"},\"inLanguage\":\"de\",\"potentialAction\":[{\"@type\":\"ReadAction\",\"target\":[\"https:\\\/\\\/sysmatec.ch\\\/de\\\/produit\\\/vertikaler-laborautoklav-lva-d11\\\/\"]}]},{\"@type\":\"ImageObject\",\"inLanguage\":\"de\",\"@id\":\"https:\\\/\\\/sysmatec.ch\\\/de\\\/produit\\\/vertikaler-laborautoklav-lva-d11\\\/#primaryimage\",\"url\":\"https:\\\/\\\/sysmatec.ch\\\/wp-content\\\/uploads\\\/2019\\\/01\\\/Autoclave_LabtronLVAD11.jpg\",\"contentUrl\":\"https:\\\/\\\/sysmatec.ch\\\/wp-content\\\/uploads\\\/2019\\\/01\\\/Autoclave_LabtronLVAD11.jpg\",\"width\":187,\"height\":187},{\"@type\":\"BreadcrumbList\",\"@id\":\"https:\\\/\\\/sysmatec.ch\\\/de\\\/produit\\\/vertikaler-laborautoklav-lva-d11\\\/#breadcrumb\",\"itemListElement\":[{\"@type\":\"ListItem\",\"position\":1,\"name\":\"Accueil\",\"item\":\"https:\\\/\\\/sysmatec.ch\\\/de\\\/\"},{\"@type\":\"ListItem\",\"position\":2,\"name\":\"Die Aktivit\u00e4t von Sysmatec\",\"item\":\"https:\\\/\\\/sysmatec.ch\\\/de\\\/\"},{\"@type\":\"ListItem\",\"position\":3,\"name\":\"Vertikaler Laborautoklav LVA-D11\"}]},{\"@type\":\"WebSite\",\"@id\":\"https:\\\/\\\/sysmatec.ch\\\/de\\\/#website\",\"url\":\"https:\\\/\\\/sysmatec.ch\\\/de\\\/\",\"name\":\"Sysmatec\",\"description\":\"Equipement de laboratoire et logiciels\",\"publisher\":{\"@id\":\"https:\\\/\\\/sysmatec.ch\\\/de\\\/#organization\"},\"potentialAction\":[{\"@type\":\"SearchAction\",\"target\":{\"@type\":\"EntryPoint\",\"urlTemplate\":\"https:\\\/\\\/sysmatec.ch\\\/de\\\/?s={search_term_string}\"},\"query-input\":{\"@type\":\"PropertyValueSpecification\",\"valueRequired\":true,\"valueName\":\"search_term_string\"}}],\"inLanguage\":\"de\"},{\"@type\":\"Organization\",\"@id\":\"https:\\\/\\\/sysmatec.ch\\\/de\\\/#organization\",\"name\":\"Sysmatec\",\"url\":\"https:\\\/\\\/sysmatec.ch\\\/de\\\/\",\"logo\":{\"@type\":\"ImageObject\",\"inLanguage\":\"de\",\"@id\":\"https:\\\/\\\/sysmatec.ch\\\/de\\\/#\\\/schema\\\/logo\\\/image\\\/\",\"url\":\"https:\\\/\\\/sysmatec.ch\\\/wp-content\\\/uploads\\\/2018\\\/11\\\/LogoSysmatec.jpg\",\"contentUrl\":\"https:\\\/\\\/sysmatec.ch\\\/wp-content\\\/uploads\\\/2018\\\/11\\\/LogoSysmatec.jpg\",\"width\":301,\"height\":297,\"caption\":\"Sysmatec\"},\"image\":{\"@id\":\"https:\\\/\\\/sysmatec.ch\\\/de\\\/#\\\/schema\\\/logo\\\/image\\\/\"}}]}<\/script>\n<!-- \/ Yoast SEO plugin. -->","yoast_head_json":{"title":"Vertikaler Laborautoklav LVA-D11 - Sysmatec","description":"Laborautoklav zum Sterilisieren jeglicher Materialien oder Kulturmedien. Maximale Temperatur bis 134 \u00b0 C.","robots":{"index":"index","follow":"follow","max-snippet":"max-snippet:-1","max-image-preview":"max-image-preview:large","max-video-preview":"max-video-preview:-1"},"canonical":"https:\/\/sysmatec.ch\/de\/produit\/vertikaler-laborautoklav-lva-d11\/","og_locale":"de_DE","og_type":"article","og_title":"Vertikaler Laborautoklav LVA-D11 - Sysmatec","og_description":"Laborautoklav zum Sterilisieren jeglicher Materialien oder Kulturmedien. Maximale Temperatur bis 134 \u00b0 C.","og_url":"https:\/\/sysmatec.ch\/de\/produit\/vertikaler-laborautoklav-lva-d11\/","og_site_name":"Sysmatec","article_modified_time":"2021-11-27T14:00:42+00:00","og_image":[{"width":187,"height":187,"url":"https:\/\/sysmatec.ch\/wp-content\/uploads\/2019\/01\/Autoclave_LabtronLVAD11.jpg","type":"image\/jpeg"}],"twitter_card":"summary_large_image","twitter_misc":{"Gesch\u00e4tzte Lesezeit":"1\u00a0Minute"},"schema":{"@context":"https:\/\/schema.org","@graph":[{"@type":"WebPage","@id":"https:\/\/sysmatec.ch\/de\/produit\/vertikaler-laborautoklav-lva-d11\/","url":"https:\/\/sysmatec.ch\/de\/produit\/vertikaler-laborautoklav-lva-d11\/","name":"Vertikaler Laborautoklav LVA-D11 - Sysmatec","isPartOf":{"@id":"https:\/\/sysmatec.ch\/de\/#website"},"primaryImageOfPage":{"@id":"https:\/\/sysmatec.ch\/de\/produit\/vertikaler-laborautoklav-lva-d11\/#primaryimage"},"image":{"@id":"https:\/\/sysmatec.ch\/de\/produit\/vertikaler-laborautoklav-lva-d11\/#primaryimage"},"thumbnailUrl":"https:\/\/sysmatec.ch\/wp-content\/uploads\/2019\/01\/Autoclave_LabtronLVAD11.jpg","datePublished":"2019-01-03T20:54:28+00:00","dateModified":"2021-11-27T14:00:42+00:00","description":"Laborautoklav zum Sterilisieren jeglicher Materialien oder Kulturmedien. Maximale Temperatur bis 134 \u00b0 C.","breadcrumb":{"@id":"https:\/\/sysmatec.ch\/de\/produit\/vertikaler-laborautoklav-lva-d11\/#breadcrumb"},"inLanguage":"de","potentialAction":[{"@type":"ReadAction","target":["https:\/\/sysmatec.ch\/de\/produit\/vertikaler-laborautoklav-lva-d11\/"]}]},{"@type":"ImageObject","inLanguage":"de","@id":"https:\/\/sysmatec.ch\/de\/produit\/vertikaler-laborautoklav-lva-d11\/#primaryimage","url":"https:\/\/sysmatec.ch\/wp-content\/uploads\/2019\/01\/Autoclave_LabtronLVAD11.jpg","contentUrl":"https:\/\/sysmatec.ch\/wp-content\/uploads\/2019\/01\/Autoclave_LabtronLVAD11.jpg","width":187,"height":187},{"@type":"BreadcrumbList","@id":"https:\/\/sysmatec.ch\/de\/produit\/vertikaler-laborautoklav-lva-d11\/#breadcrumb","itemListElement":[{"@type":"ListItem","position":1,"name":"Accueil","item":"https:\/\/sysmatec.ch\/de\/"},{"@type":"ListItem","position":2,"name":"Die Aktivit\u00e4t von Sysmatec","item":"https:\/\/sysmatec.ch\/de\/"},{"@type":"ListItem","position":3,"name":"Vertikaler Laborautoklav LVA-D11"}]},{"@type":"WebSite","@id":"https:\/\/sysmatec.ch\/de\/#website","url":"https:\/\/sysmatec.ch\/de\/","name":"Sysmatec","description":"Equipement de laboratoire et logiciels","publisher":{"@id":"https:\/\/sysmatec.ch\/de\/#organization"},"potentialAction":[{"@type":"SearchAction","target":{"@type":"EntryPoint","urlTemplate":"https:\/\/sysmatec.ch\/de\/?s={search_term_string}"},"query-input":{"@type":"PropertyValueSpecification","valueRequired":true,"valueName":"search_term_string"}}],"inLanguage":"de"},{"@type":"Organization","@id":"https:\/\/sysmatec.ch\/de\/#organization","name":"Sysmatec","url":"https:\/\/sysmatec.ch\/de\/","logo":{"@type":"ImageObject","inLanguage":"de","@id":"https:\/\/sysmatec.ch\/de\/#\/schema\/logo\/image\/","url":"https:\/\/sysmatec.ch\/wp-content\/uploads\/2018\/11\/LogoSysmatec.jpg","contentUrl":"https:\/\/sysmatec.ch\/wp-content\/uploads\/2018\/11\/LogoSysmatec.jpg","width":301,"height":297,"caption":"Sysmatec"},"image":{"@id":"https:\/\/sysmatec.ch\/de\/#\/schema\/logo\/image\/"}}]}},"_links":{"self":[{"href":"https:\/\/sysmatec.ch\/de\/wp-json\/wp\/v2\/product\/2407","targetHints":{"allow":["GET"]}}],"collection":[{"href":"https:\/\/sysmatec.ch\/de\/wp-json\/wp\/v2\/product"}],"about":[{"href":"https:\/\/sysmatec.ch\/de\/wp-json\/wp\/v2\/types\/product"}],"wp:featuredmedia":[{"embeddable":true,"href":"https:\/\/sysmatec.ch\/de\/wp-json\/wp\/v2\/media\/1135"}],"wp:attachment":[{"href":"https:\/\/sysmatec.ch\/de\/wp-json\/wp\/v2\/media?parent=2407"}],"wp:term":[{"taxonomy":"product_brand","embeddable":true,"href":"https:\/\/sysmatec.ch\/de\/wp-json\/wp\/v2\/product_brand?post=2407"},{"taxonomy":"product_cat","embeddable":true,"href":"https:\/\/sysmatec.ch\/de\/wp-json\/wp\/v2\/product_cat?post=2407"},{"taxonomy":"product_tag","embeddable":true,"href":"https:\/\/sysmatec.ch\/de\/wp-json\/wp\/v2\/product_tag?post=2407"}],"curies":[{"name":"wp","href":"https:\/\/api.w.org\/{rel}","templated":true}]}}