{"id":23995,"date":"2021-04-03T20:52:57","date_gmt":"2021-04-03T18:52:57","guid":{"rendered":"https:\/\/sysmatec.ch\/?post_type=product&#038;p=23995"},"modified":"2021-11-25T19:09:28","modified_gmt":"2021-11-25T18:09:28","slug":"bodenwaage-kern-bid","status":"publish","type":"product","link":"https:\/\/sysmatec.ch\/de\/Produkt\/bodenwaage-kern-bid\/","title":{"rendered":"Bodenwaage KERN BID"},"content":{"rendered":"<ul id=\"kernList1\"><\/ul>\n<ul id=\"kernList1\">\n<li>auch als\u00a0<a>Zweibereichswaage<\/a>\u00a0erh\u00e4ltlich! Ideal, wenn hohe Maximallasten gewogen werden sollen, aber im unteren Lastbereich nicht auf eine hohe Aufl\u00f6sung verzichtet werden kann. So k\u00f6nnen zwei Waagen durch eine ersetzt werden &#8211; das spart Platz und Geld!<\/li>\n<li>BID 1T-4EM: Kompakte Sondergr\u00f6\u00dfe, speziell zum Verwiegen von Europaletten<\/li>\n<li>W\u00e4gebr\u00fccke: aus rutschfestem Stahl-Riffelblech, 4 silikonbeschichtete Stahl-W\u00e4gezellen, Staub- und Spritzwasserschutz IP67<\/li>\n<li>Bequemes\u00a0<a>Nivellieren<\/a>\u00a0der W\u00e4gebr\u00fccke sowie Zugang zur Junction-Box von oben<\/li>\n<li>Auswerteger\u00e4t: Details siehe\u00a0<a href=\"http:\/\/www.kern-sohn.com\/de\/KIB-TM\">KERN KIB-TM<\/a><\/li>\n<li>Tischfu\u00df inkl. Wandhalterung f\u00fcr das Auswerteger\u00e4t serienm\u00e4\u00dfig<\/li>\n<li><a>Summieren<\/a>\u00a0von Gewichtswerten und Z\u00e4hlteilen<\/li>\n<li>Dank Schnittstellen wie RS-232 und Bluetooth l\u00e4sst sich die Waage leicht in bestehende Netzwerke einbinden und erleichtert den Datenaustausch zwischen Waage und PC oder Drucker<\/li>\n<li>Netzadapter zur Spannungsversorgung des KERN CE, montierbar auf Hutschiene<\/li>\n<li>NEU: ab sofort k\u00f6nnen die geeichten Modelle mit einer optionalen\u00a0<a>Datenschnittstelle<\/a>, wie z. B. Bluetooth, WiFi, LAN betrieben werden (optionaler Alibispeicher notwendig). Das erm\u00f6glicht in eichpflichtigen Anwendungen einen bequemen Datentransfer der W\u00e4geergebnisse<\/li>\n<li>M\u00f6gliche Einsatzszenarien f\u00fcr Schnittstellen:<\/li>\n<\/ul>\n<p>&#8211; RS-232, im Lieferumfang enthalten, z. B. zum Anschluss eines PC oder Druckers<br \/>\n&#8211; LAN, WLAN, Bluetooth, USB-f\u00fcr-PC, optional, z. B. zum Anschluss eines PC oder Peripherieger\u00e4tes<br \/>\n&#8211; USB f\u00fcr USB-Stick, optional, z. B. zum Export von Alibi Daten an einen USB-Stick oder eine Festplatte<br \/>\n&#8211; Digital I\/O, inklusive Signallampe, optional, z. B. zur optischen Unterst\u00fctzung beim Wiegen mit Toleranzbereich, St\u00fcckz\u00e4hlen etc.<\/p>\n<table border=\"1\" width=\"458\" cellspacing=\"0\" cellpadding=\"2\">\n<tbody>\n<tr>\n<td>Waage Modelle<\/td>\n<td width=\"10%\">Ablesbarkeit<\/td>\n<td width=\"10%\">W\u00e4gebereich<\/td>\n<td width=\"10%\">Platte<\/td>\n<\/tr>\n<tr>\n<td><\/td>\n<td width=\"10%\">g<\/td>\n<td width=\"10%\">kg<\/td>\n<td width=\"10%\">mm<\/td>\n<\/tr>\n<tr>\n<td>BID 600K-1SM<\/td>\n<td width=\"10%\">0.2<\/td>\n<td width=\"10%\">600<\/td>\n<td width=\"10%\">1000&#215;1000<\/td>\n<\/tr>\n<tr>\n<td>BID 600K-1M<\/td>\n<td width=\"10%\">0.2<\/td>\n<td width=\"10%\">600<\/td>\n<td width=\"10%\">1200&#215;1500<\/td>\n<\/tr>\n<tr>\n<td>BID 1T-4SM<\/td>\n<td width=\"10%\">0.5<\/td>\n<td width=\"10%\">1500<\/td>\n<td width=\"10%\">1000&#215;1000<\/td>\n<\/tr>\n<tr>\n<td>BID 1T-4LM<\/td>\n<td width=\"10%\">0.5<\/td>\n<td width=\"10%\">1500<\/td>\n<td width=\"10%\">1500&#215;1500<\/td>\n<\/tr>\n<tr>\n<td>BID 1T-4M<\/td>\n<td width=\"10%\">0.5<\/td>\n<td width=\"10%\">1500<\/td>\n<td width=\"10%\">1200&#215;1500<\/td>\n<\/tr>\n<tr>\n<td>BID 1T-4EM<\/td>\n<td width=\"10%\">0.5<\/td>\n<td width=\"10%\">1500<\/td>\n<td width=\"10%\">1200&#215;1000<\/td>\n<\/tr>\n<tr>\n<td>BID 3T-3LM<\/td>\n<td width=\"10%\">1<\/td>\n<td width=\"10%\">3000<\/td>\n<td width=\"10%\">1500&#215;1500<\/td>\n<\/tr>\n<tr>\n<td>BID 3T-3M<\/td>\n<td width=\"10%\">1<\/td>\n<td width=\"10%\">3000<\/td>\n<td width=\"10%\">1200&#215;1500<\/td>\n<\/tr>\n<tr>\n<td>BID 600K-1DSM<\/td>\n<td width=\"10%\">0.1\/0.2<\/td>\n<td width=\"10%\">300\/600<\/td>\n<td width=\"10%\">1000&#215;1000<\/td>\n<\/tr>\n<tr>\n<td>BID 600K-1DM<\/td>\n<td width=\"10%\">0.1\/0.2<\/td>\n<td width=\"10%\">300\/600<\/td>\n<td width=\"10%\">1200&#215;1500<\/td>\n<\/tr>\n<tr>\n<td>BID 1T-4DSM<\/td>\n<td width=\"10%\">0.2\/0.5<\/td>\n<td width=\"10%\">600\/1500<\/td>\n<td width=\"10%\">1000&#215;1000<\/td>\n<\/tr>\n<tr>\n<td>BID 1T-4DM<\/td>\n<td width=\"10%\">0.2\/0.5<\/td>\n<td width=\"10%\">600\/1500<\/td>\n<td width=\"10%\">1200&#215;1500<\/td>\n<\/tr>\n<tr>\n<td>BID 3T-3DM<\/td>\n<td width=\"10%\">0.5\/1<\/td>\n<td width=\"10%\">1500\/3000<\/td>\n<td width=\"10%\">1200&#215;1500<\/td>\n<\/tr>\n<tr>\n<td>BID 3T-3DLM<\/td>\n<td width=\"10%\">0.5\/1<\/td>\n<td width=\"10%\">1500\/3000<\/td>\n<td width=\"10%\">1500&#215;1500<\/td>\n<\/tr>\n<\/tbody>\n<\/table>\n","protected":false},"excerpt":{"rendered":"<p>Bodenwaage 0-600 kg \u00e0 0-3000 kg, IP67<\/p>\n","protected":false},"featured_media":24053,"template":"","meta":{"_crdt_document":""},"product_brand":[],"product_cat":[165,339],"product_tag":[],"class_list":{"0":"post-23995","1":"product","2":"type-product","3":"status-publish","4":"has-post-thumbnail","6":"product_cat-gewicht","7":"product_cat-plattform","9":"first","10":"instock","11":"taxable","12":"shipping-taxable","13":"purchasable","14":"product-type-variable"},"yoast_head":"<!-- This site is optimized with the Yoast SEO plugin v27.3 - https:\/\/yoast.com\/product\/yoast-seo-wordpress\/ -->\n<title>Bodenwaage KERN BID - Sysmatec<\/title>\n<meta name=\"description\" content=\"Bodenwaage zur Befestigung in einem Rahmen oder in einem Brunnen. M\u00f6glichkeit, Zugangsrampen hinzuzuf\u00fcgen. F\u00fcr den Bereich 0 bis 3000 kg.\" \/>\n<meta name=\"robots\" content=\"index, follow, max-snippet:-1, max-image-preview:large, max-video-preview:-1\" \/>\n<link rel=\"canonical\" href=\"https:\/\/sysmatec.ch\/de\/produit\/bodenwaage-kern-bid\/\" \/>\n<meta property=\"og:locale\" content=\"de_DE\" \/>\n<meta property=\"og:type\" content=\"article\" \/>\n<meta property=\"og:title\" content=\"Bodenwaage KERN BID - Sysmatec\" \/>\n<meta property=\"og:description\" content=\"Bodenwaage zur Befestigung in einem Rahmen oder in einem Brunnen. M\u00f6glichkeit, Zugangsrampen hinzuzuf\u00fcgen. F\u00fcr den Bereich 0 bis 3000 kg.\" \/>\n<meta property=\"og:url\" content=\"https:\/\/sysmatec.ch\/de\/produit\/bodenwaage-kern-bid\/\" \/>\n<meta property=\"og:site_name\" content=\"Sysmatec\" \/>\n<meta property=\"article:modified_time\" content=\"2021-11-25T18:09:28+00:00\" \/>\n<meta property=\"og:image\" content=\"https:\/\/sysmatec.ch\/wp-content\/uploads\/2021\/04\/Balance_BID-scaled.jpg\" \/>\n\t<meta property=\"og:image:width\" content=\"2560\" \/>\n\t<meta property=\"og:image:height\" content=\"1832\" \/>\n\t<meta property=\"og:image:type\" content=\"image\/jpeg\" \/>\n<meta name=\"twitter:card\" content=\"summary_large_image\" \/>\n<meta name=\"twitter:label1\" content=\"Gesch\u00e4tzte Lesezeit\" \/>\n\t<meta name=\"twitter:data1\" content=\"2\u00a0Minuten\" \/>\n<script type=\"application\/ld+json\" class=\"yoast-schema-graph\">{\"@context\":\"https:\\\/\\\/schema.org\",\"@graph\":[{\"@type\":\"WebPage\",\"@id\":\"https:\\\/\\\/sysmatec.ch\\\/de\\\/produit\\\/bodenwaage-kern-bid\\\/\",\"url\":\"https:\\\/\\\/sysmatec.ch\\\/de\\\/produit\\\/bodenwaage-kern-bid\\\/\",\"name\":\"Bodenwaage KERN BID - Sysmatec\",\"isPartOf\":{\"@id\":\"https:\\\/\\\/sysmatec.ch\\\/de\\\/#website\"},\"primaryImageOfPage\":{\"@id\":\"https:\\\/\\\/sysmatec.ch\\\/de\\\/produit\\\/bodenwaage-kern-bid\\\/#primaryimage\"},\"image\":{\"@id\":\"https:\\\/\\\/sysmatec.ch\\\/de\\\/produit\\\/bodenwaage-kern-bid\\\/#primaryimage\"},\"thumbnailUrl\":\"https:\\\/\\\/sysmatec.ch\\\/wp-content\\\/uploads\\\/2021\\\/04\\\/Balance_BID-scaled.jpg\",\"datePublished\":\"2021-04-03T18:52:57+00:00\",\"dateModified\":\"2021-11-25T18:09:28+00:00\",\"description\":\"Bodenwaage zur Befestigung in einem Rahmen oder in einem Brunnen. M\u00f6glichkeit, Zugangsrampen hinzuzuf\u00fcgen. F\u00fcr den Bereich 0 bis 3000 kg.\",\"breadcrumb\":{\"@id\":\"https:\\\/\\\/sysmatec.ch\\\/de\\\/produit\\\/bodenwaage-kern-bid\\\/#breadcrumb\"},\"inLanguage\":\"de\",\"potentialAction\":[{\"@type\":\"ReadAction\",\"target\":[\"https:\\\/\\\/sysmatec.ch\\\/de\\\/produit\\\/bodenwaage-kern-bid\\\/\"]}]},{\"@type\":\"ImageObject\",\"inLanguage\":\"de\",\"@id\":\"https:\\\/\\\/sysmatec.ch\\\/de\\\/produit\\\/bodenwaage-kern-bid\\\/#primaryimage\",\"url\":\"https:\\\/\\\/sysmatec.ch\\\/wp-content\\\/uploads\\\/2021\\\/04\\\/Balance_BID-scaled.jpg\",\"contentUrl\":\"https:\\\/\\\/sysmatec.ch\\\/wp-content\\\/uploads\\\/2021\\\/04\\\/Balance_BID-scaled.jpg\",\"width\":2560,\"height\":1832},{\"@type\":\"BreadcrumbList\",\"@id\":\"https:\\\/\\\/sysmatec.ch\\\/de\\\/produit\\\/bodenwaage-kern-bid\\\/#breadcrumb\",\"itemListElement\":[{\"@type\":\"ListItem\",\"position\":1,\"name\":\"Accueil\",\"item\":\"https:\\\/\\\/sysmatec.ch\\\/de\\\/\"},{\"@type\":\"ListItem\",\"position\":2,\"name\":\"Die Aktivit\u00e4t von Sysmatec\",\"item\":\"https:\\\/\\\/sysmatec.ch\\\/de\\\/\"},{\"@type\":\"ListItem\",\"position\":3,\"name\":\"Bodenwaage KERN BID\"}]},{\"@type\":\"WebSite\",\"@id\":\"https:\\\/\\\/sysmatec.ch\\\/de\\\/#website\",\"url\":\"https:\\\/\\\/sysmatec.ch\\\/de\\\/\",\"name\":\"Sysmatec\",\"description\":\"Equipement de laboratoire et logiciels\",\"publisher\":{\"@id\":\"https:\\\/\\\/sysmatec.ch\\\/de\\\/#organization\"},\"potentialAction\":[{\"@type\":\"SearchAction\",\"target\":{\"@type\":\"EntryPoint\",\"urlTemplate\":\"https:\\\/\\\/sysmatec.ch\\\/de\\\/?s={search_term_string}\"},\"query-input\":{\"@type\":\"PropertyValueSpecification\",\"valueRequired\":true,\"valueName\":\"search_term_string\"}}],\"inLanguage\":\"de\"},{\"@type\":\"Organization\",\"@id\":\"https:\\\/\\\/sysmatec.ch\\\/de\\\/#organization\",\"name\":\"Sysmatec\",\"url\":\"https:\\\/\\\/sysmatec.ch\\\/de\\\/\",\"logo\":{\"@type\":\"ImageObject\",\"inLanguage\":\"de\",\"@id\":\"https:\\\/\\\/sysmatec.ch\\\/de\\\/#\\\/schema\\\/logo\\\/image\\\/\",\"url\":\"https:\\\/\\\/sysmatec.ch\\\/wp-content\\\/uploads\\\/2018\\\/11\\\/LogoSysmatec.jpg\",\"contentUrl\":\"https:\\\/\\\/sysmatec.ch\\\/wp-content\\\/uploads\\\/2018\\\/11\\\/LogoSysmatec.jpg\",\"width\":301,\"height\":297,\"caption\":\"Sysmatec\"},\"image\":{\"@id\":\"https:\\\/\\\/sysmatec.ch\\\/de\\\/#\\\/schema\\\/logo\\\/image\\\/\"}}]}<\/script>\n<!-- \/ Yoast SEO plugin. -->","yoast_head_json":{"title":"Bodenwaage KERN BID - Sysmatec","description":"Bodenwaage zur Befestigung in einem Rahmen oder in einem Brunnen. M\u00f6glichkeit, Zugangsrampen hinzuzuf\u00fcgen. F\u00fcr den Bereich 0 bis 3000 kg.","robots":{"index":"index","follow":"follow","max-snippet":"max-snippet:-1","max-image-preview":"max-image-preview:large","max-video-preview":"max-video-preview:-1"},"canonical":"https:\/\/sysmatec.ch\/de\/produit\/bodenwaage-kern-bid\/","og_locale":"de_DE","og_type":"article","og_title":"Bodenwaage KERN BID - Sysmatec","og_description":"Bodenwaage zur Befestigung in einem Rahmen oder in einem Brunnen. M\u00f6glichkeit, Zugangsrampen hinzuzuf\u00fcgen. F\u00fcr den Bereich 0 bis 3000 kg.","og_url":"https:\/\/sysmatec.ch\/de\/produit\/bodenwaage-kern-bid\/","og_site_name":"Sysmatec","article_modified_time":"2021-11-25T18:09:28+00:00","og_image":[{"width":2560,"height":1832,"url":"https:\/\/sysmatec.ch\/wp-content\/uploads\/2021\/04\/Balance_BID-scaled.jpg","type":"image\/jpeg"}],"twitter_card":"summary_large_image","twitter_misc":{"Gesch\u00e4tzte Lesezeit":"2\u00a0Minuten"},"schema":{"@context":"https:\/\/schema.org","@graph":[{"@type":"WebPage","@id":"https:\/\/sysmatec.ch\/de\/produit\/bodenwaage-kern-bid\/","url":"https:\/\/sysmatec.ch\/de\/produit\/bodenwaage-kern-bid\/","name":"Bodenwaage KERN BID - Sysmatec","isPartOf":{"@id":"https:\/\/sysmatec.ch\/de\/#website"},"primaryImageOfPage":{"@id":"https:\/\/sysmatec.ch\/de\/produit\/bodenwaage-kern-bid\/#primaryimage"},"image":{"@id":"https:\/\/sysmatec.ch\/de\/produit\/bodenwaage-kern-bid\/#primaryimage"},"thumbnailUrl":"https:\/\/sysmatec.ch\/wp-content\/uploads\/2021\/04\/Balance_BID-scaled.jpg","datePublished":"2021-04-03T18:52:57+00:00","dateModified":"2021-11-25T18:09:28+00:00","description":"Bodenwaage zur Befestigung in einem Rahmen oder in einem Brunnen. M\u00f6glichkeit, Zugangsrampen hinzuzuf\u00fcgen. F\u00fcr den Bereich 0 bis 3000 kg.","breadcrumb":{"@id":"https:\/\/sysmatec.ch\/de\/produit\/bodenwaage-kern-bid\/#breadcrumb"},"inLanguage":"de","potentialAction":[{"@type":"ReadAction","target":["https:\/\/sysmatec.ch\/de\/produit\/bodenwaage-kern-bid\/"]}]},{"@type":"ImageObject","inLanguage":"de","@id":"https:\/\/sysmatec.ch\/de\/produit\/bodenwaage-kern-bid\/#primaryimage","url":"https:\/\/sysmatec.ch\/wp-content\/uploads\/2021\/04\/Balance_BID-scaled.jpg","contentUrl":"https:\/\/sysmatec.ch\/wp-content\/uploads\/2021\/04\/Balance_BID-scaled.jpg","width":2560,"height":1832},{"@type":"BreadcrumbList","@id":"https:\/\/sysmatec.ch\/de\/produit\/bodenwaage-kern-bid\/#breadcrumb","itemListElement":[{"@type":"ListItem","position":1,"name":"Accueil","item":"https:\/\/sysmatec.ch\/de\/"},{"@type":"ListItem","position":2,"name":"Die Aktivit\u00e4t von Sysmatec","item":"https:\/\/sysmatec.ch\/de\/"},{"@type":"ListItem","position":3,"name":"Bodenwaage KERN BID"}]},{"@type":"WebSite","@id":"https:\/\/sysmatec.ch\/de\/#website","url":"https:\/\/sysmatec.ch\/de\/","name":"Sysmatec","description":"Equipement de laboratoire et logiciels","publisher":{"@id":"https:\/\/sysmatec.ch\/de\/#organization"},"potentialAction":[{"@type":"SearchAction","target":{"@type":"EntryPoint","urlTemplate":"https:\/\/sysmatec.ch\/de\/?s={search_term_string}"},"query-input":{"@type":"PropertyValueSpecification","valueRequired":true,"valueName":"search_term_string"}}],"inLanguage":"de"},{"@type":"Organization","@id":"https:\/\/sysmatec.ch\/de\/#organization","name":"Sysmatec","url":"https:\/\/sysmatec.ch\/de\/","logo":{"@type":"ImageObject","inLanguage":"de","@id":"https:\/\/sysmatec.ch\/de\/#\/schema\/logo\/image\/","url":"https:\/\/sysmatec.ch\/wp-content\/uploads\/2018\/11\/LogoSysmatec.jpg","contentUrl":"https:\/\/sysmatec.ch\/wp-content\/uploads\/2018\/11\/LogoSysmatec.jpg","width":301,"height":297,"caption":"Sysmatec"},"image":{"@id":"https:\/\/sysmatec.ch\/de\/#\/schema\/logo\/image\/"}}]}},"_links":{"self":[{"href":"https:\/\/sysmatec.ch\/de\/wp-json\/wp\/v2\/product\/23995","targetHints":{"allow":["GET"]}}],"collection":[{"href":"https:\/\/sysmatec.ch\/de\/wp-json\/wp\/v2\/product"}],"about":[{"href":"https:\/\/sysmatec.ch\/de\/wp-json\/wp\/v2\/types\/product"}],"wp:featuredmedia":[{"embeddable":true,"href":"https:\/\/sysmatec.ch\/de\/wp-json\/wp\/v2\/media\/24053"}],"wp:attachment":[{"href":"https:\/\/sysmatec.ch\/de\/wp-json\/wp\/v2\/media?parent=23995"}],"wp:term":[{"taxonomy":"product_brand","embeddable":true,"href":"https:\/\/sysmatec.ch\/de\/wp-json\/wp\/v2\/product_brand?post=23995"},{"taxonomy":"product_cat","embeddable":true,"href":"https:\/\/sysmatec.ch\/de\/wp-json\/wp\/v2\/product_cat?post=23995"},{"taxonomy":"product_tag","embeddable":true,"href":"https:\/\/sysmatec.ch\/de\/wp-json\/wp\/v2\/product_tag?post=23995"}],"curies":[{"name":"wp","href":"https:\/\/api.w.org\/{rel}","templated":true}]}}