{"id":2396,"date":"2019-01-04T18:10:22","date_gmt":"2019-01-04T17:10:22","guid":{"rendered":"https:\/\/sysmatec.ch\/produit\/cuve-a-ultrasons-a-basse-frequence\/"},"modified":"2022-07-19T09:17:08","modified_gmt":"2022-07-19T07:17:08","slug":"niederfrequenz-ultraschallreiniger","status":"publish","type":"product","link":"https:\/\/sysmatec.ch\/de\/Produkt\/niederfrequenz-ultraschallreiniger\/","title":{"rendered":"Niederfrequenz-Ultraschallreiniger"},"content":{"rendered":"<p>Mit einer st\u00e4rkeren Ultraschallschwingungsamplitude ist die 35 kHz Ultraschallfrequenz f\u00fcr eine schnelle Reinigung geeignet. Das Ger\u00e4t ist sehr einfach zu bedienen und erm\u00f6glicht die Programmierung der Betriebszeit. Es ist eine sehr gute Wahl f\u00fcr allgemeine Anwendungen.<\/p>\n<p>Spannungsversorgung: 230 V 50-60 Hz<\/p>\n<p>Digital Timer: 1 bis 99 Minuten<\/p>\n<p>Beh\u00e4ltermaterial: Edelstahl 304<\/p>\n<p>Ger\u00e4te mit einer Kapazit\u00e4t von 10 l oder mehr werden mit einem flexiblen Ablaufschlauch geliefert.<\/p>\n<table border=\"1\" width=\"680\" cellspacing=\"2\" cellpadding=\"0\">\n<tbody>\n<tr>\n<td><\/td>\n<td>AE-LF50<\/td>\n<td>AE-LF100<\/td>\n<td>AE-LF180<\/td>\n<td>AE-LF200<\/td>\n<td>AE-LF350<\/td>\n<td>AE-LF500<\/td>\n<td>AE-LF600<\/td>\n<\/tr>\n<tr>\n<td>Ultraschallleistung (W)<\/td>\n<td>50<\/td>\n<td>100<\/td>\n<td>180<\/td>\n<td>200<\/td>\n<td>350<\/td>\n<td>500<\/td>\n<td>600<\/td>\n<\/tr>\n<tr>\n<td>Tankinhalt (L)<\/td>\n<td>2<\/td>\n<td>3<\/td>\n<td>6<\/td>\n<td>10<\/td>\n<td>15<\/td>\n<td>22<\/td>\n<td>30<\/td>\n<\/tr>\n<tr>\n<td>Tankgr\u00f6sse (LxWxH, mm)<\/td>\n<td>150x140x100<\/td>\n<td>240x150x100<\/td>\n<td>300x150x150<\/td>\n<td>300x240x150<\/td>\n<td>330x300x150<\/td>\n<td>500x300x150<\/td>\n<td>500x300x200<\/td>\n<\/tr>\n<tr>\n<td>Gewicht (kg)<\/td>\n<td>3<\/td>\n<td>5<\/td>\n<td>6<\/td>\n<td>8<\/td>\n<td>11<\/td>\n<td>14<\/td>\n<td>21<\/td>\n<\/tr>\n<\/tbody>\n<\/table>\n","protected":false},"excerpt":{"rendered":"<p>Niederfrequenz-Ultraschallreiniger<\/p>\n","protected":false},"featured_media":1145,"template":"","meta":{"_crdt_document":""},"product_brand":[],"product_cat":[155],"product_tag":[],"class_list":{"0":"post-2396","1":"product","2":"type-product","3":"status-publish","4":"has-post-thumbnail","6":"product_cat-ultraschallbad","8":"first","9":"instock","10":"taxable","11":"shipping-taxable","12":"product-type-simple"},"yoast_head":"<!-- This site is optimized with the Yoast SEO plugin v27.3 - https:\/\/yoast.com\/product\/yoast-seo-wordpress\/ -->\n<title>Niederfrequenz-Ultraschallreiniger - Sysmatec<\/title>\n<meta name=\"description\" content=\"35 kHz Niederfrequenz-Ultraschalltank. Es verf\u00fcgt \u00fcber einen automatischen Abschalttimer. Tank aus Edelstahl 304 mit einem Fassungsverm\u00f6gen von 2 bis 30 l.\" \/>\n<meta name=\"robots\" content=\"index, follow, max-snippet:-1, max-image-preview:large, max-video-preview:-1\" \/>\n<link rel=\"canonical\" href=\"https:\/\/sysmatec.ch\/de\/produit\/niederfrequenz-ultraschallreiniger\/\" \/>\n<meta property=\"og:locale\" content=\"de_DE\" \/>\n<meta property=\"og:type\" content=\"article\" \/>\n<meta property=\"og:title\" content=\"Niederfrequenz-Ultraschallreiniger - Sysmatec\" \/>\n<meta property=\"og:description\" content=\"35 kHz Niederfrequenz-Ultraschalltank. Es verf\u00fcgt \u00fcber einen automatischen Abschalttimer. Tank aus Edelstahl 304 mit einem Fassungsverm\u00f6gen von 2 bis 30 l.\" \/>\n<meta property=\"og:url\" content=\"https:\/\/sysmatec.ch\/de\/produit\/niederfrequenz-ultraschallreiniger\/\" \/>\n<meta property=\"og:site_name\" content=\"Sysmatec\" \/>\n<meta property=\"article:modified_time\" content=\"2022-07-19T07:17:08+00:00\" \/>\n<meta property=\"og:image\" content=\"https:\/\/sysmatec.ch\/wp-content\/uploads\/2019\/01\/BainUltrasons_AELabLF100.jpg\" \/>\n\t<meta property=\"og:image:width\" content=\"184\" \/>\n\t<meta property=\"og:image:height\" content=\"169\" \/>\n\t<meta property=\"og:image:type\" content=\"image\/jpeg\" \/>\n<meta name=\"twitter:card\" content=\"summary_large_image\" \/>\n<meta name=\"twitter:label1\" content=\"Gesch\u00e4tzte Lesezeit\" \/>\n\t<meta name=\"twitter:data1\" content=\"1\u00a0Minute\" \/>\n<script type=\"application\/ld+json\" class=\"yoast-schema-graph\">{\"@context\":\"https:\\\/\\\/schema.org\",\"@graph\":[{\"@type\":\"WebPage\",\"@id\":\"https:\\\/\\\/sysmatec.ch\\\/de\\\/produit\\\/niederfrequenz-ultraschallreiniger\\\/\",\"url\":\"https:\\\/\\\/sysmatec.ch\\\/de\\\/produit\\\/niederfrequenz-ultraschallreiniger\\\/\",\"name\":\"Niederfrequenz-Ultraschallreiniger - Sysmatec\",\"isPartOf\":{\"@id\":\"https:\\\/\\\/sysmatec.ch\\\/de\\\/#website\"},\"primaryImageOfPage\":{\"@id\":\"https:\\\/\\\/sysmatec.ch\\\/de\\\/produit\\\/niederfrequenz-ultraschallreiniger\\\/#primaryimage\"},\"image\":{\"@id\":\"https:\\\/\\\/sysmatec.ch\\\/de\\\/produit\\\/niederfrequenz-ultraschallreiniger\\\/#primaryimage\"},\"thumbnailUrl\":\"https:\\\/\\\/sysmatec.ch\\\/wp-content\\\/uploads\\\/2019\\\/01\\\/BainUltrasons_AELabLF100.jpg\",\"datePublished\":\"2019-01-04T17:10:22+00:00\",\"dateModified\":\"2022-07-19T07:17:08+00:00\",\"description\":\"35 kHz Niederfrequenz-Ultraschalltank. Es verf\u00fcgt \u00fcber einen automatischen Abschalttimer. Tank aus Edelstahl 304 mit einem Fassungsverm\u00f6gen von 2 bis 30 l.\",\"breadcrumb\":{\"@id\":\"https:\\\/\\\/sysmatec.ch\\\/de\\\/produit\\\/niederfrequenz-ultraschallreiniger\\\/#breadcrumb\"},\"inLanguage\":\"de\",\"potentialAction\":[{\"@type\":\"ReadAction\",\"target\":[\"https:\\\/\\\/sysmatec.ch\\\/de\\\/produit\\\/niederfrequenz-ultraschallreiniger\\\/\"]}]},{\"@type\":\"ImageObject\",\"inLanguage\":\"de\",\"@id\":\"https:\\\/\\\/sysmatec.ch\\\/de\\\/produit\\\/niederfrequenz-ultraschallreiniger\\\/#primaryimage\",\"url\":\"https:\\\/\\\/sysmatec.ch\\\/wp-content\\\/uploads\\\/2019\\\/01\\\/BainUltrasons_AELabLF100.jpg\",\"contentUrl\":\"https:\\\/\\\/sysmatec.ch\\\/wp-content\\\/uploads\\\/2019\\\/01\\\/BainUltrasons_AELabLF100.jpg\",\"width\":184,\"height\":169},{\"@type\":\"BreadcrumbList\",\"@id\":\"https:\\\/\\\/sysmatec.ch\\\/de\\\/produit\\\/niederfrequenz-ultraschallreiniger\\\/#breadcrumb\",\"itemListElement\":[{\"@type\":\"ListItem\",\"position\":1,\"name\":\"Accueil\",\"item\":\"https:\\\/\\\/sysmatec.ch\\\/de\\\/\"},{\"@type\":\"ListItem\",\"position\":2,\"name\":\"Die Aktivit\u00e4t von Sysmatec\",\"item\":\"https:\\\/\\\/sysmatec.ch\\\/de\\\/\"},{\"@type\":\"ListItem\",\"position\":3,\"name\":\"Niederfrequenz-Ultraschallreiniger\"}]},{\"@type\":\"WebSite\",\"@id\":\"https:\\\/\\\/sysmatec.ch\\\/de\\\/#website\",\"url\":\"https:\\\/\\\/sysmatec.ch\\\/de\\\/\",\"name\":\"Sysmatec\",\"description\":\"Equipement de laboratoire et logiciels\",\"publisher\":{\"@id\":\"https:\\\/\\\/sysmatec.ch\\\/de\\\/#organization\"},\"potentialAction\":[{\"@type\":\"SearchAction\",\"target\":{\"@type\":\"EntryPoint\",\"urlTemplate\":\"https:\\\/\\\/sysmatec.ch\\\/de\\\/?s={search_term_string}\"},\"query-input\":{\"@type\":\"PropertyValueSpecification\",\"valueRequired\":true,\"valueName\":\"search_term_string\"}}],\"inLanguage\":\"de\"},{\"@type\":\"Organization\",\"@id\":\"https:\\\/\\\/sysmatec.ch\\\/de\\\/#organization\",\"name\":\"Sysmatec\",\"url\":\"https:\\\/\\\/sysmatec.ch\\\/de\\\/\",\"logo\":{\"@type\":\"ImageObject\",\"inLanguage\":\"de\",\"@id\":\"https:\\\/\\\/sysmatec.ch\\\/de\\\/#\\\/schema\\\/logo\\\/image\\\/\",\"url\":\"https:\\\/\\\/sysmatec.ch\\\/wp-content\\\/uploads\\\/2018\\\/11\\\/LogoSysmatec.jpg\",\"contentUrl\":\"https:\\\/\\\/sysmatec.ch\\\/wp-content\\\/uploads\\\/2018\\\/11\\\/LogoSysmatec.jpg\",\"width\":301,\"height\":297,\"caption\":\"Sysmatec\"},\"image\":{\"@id\":\"https:\\\/\\\/sysmatec.ch\\\/de\\\/#\\\/schema\\\/logo\\\/image\\\/\"}}]}<\/script>\n<!-- \/ Yoast SEO plugin. -->","yoast_head_json":{"title":"Niederfrequenz-Ultraschallreiniger - Sysmatec","description":"35 kHz Niederfrequenz-Ultraschalltank. Es verf\u00fcgt \u00fcber einen automatischen Abschalttimer. Tank aus Edelstahl 304 mit einem Fassungsverm\u00f6gen von 2 bis 30 l.","robots":{"index":"index","follow":"follow","max-snippet":"max-snippet:-1","max-image-preview":"max-image-preview:large","max-video-preview":"max-video-preview:-1"},"canonical":"https:\/\/sysmatec.ch\/de\/produit\/niederfrequenz-ultraschallreiniger\/","og_locale":"de_DE","og_type":"article","og_title":"Niederfrequenz-Ultraschallreiniger - Sysmatec","og_description":"35 kHz Niederfrequenz-Ultraschalltank. Es verf\u00fcgt \u00fcber einen automatischen Abschalttimer. Tank aus Edelstahl 304 mit einem Fassungsverm\u00f6gen von 2 bis 30 l.","og_url":"https:\/\/sysmatec.ch\/de\/produit\/niederfrequenz-ultraschallreiniger\/","og_site_name":"Sysmatec","article_modified_time":"2022-07-19T07:17:08+00:00","og_image":[{"width":184,"height":169,"url":"https:\/\/sysmatec.ch\/wp-content\/uploads\/2019\/01\/BainUltrasons_AELabLF100.jpg","type":"image\/jpeg"}],"twitter_card":"summary_large_image","twitter_misc":{"Gesch\u00e4tzte Lesezeit":"1\u00a0Minute"},"schema":{"@context":"https:\/\/schema.org","@graph":[{"@type":"WebPage","@id":"https:\/\/sysmatec.ch\/de\/produit\/niederfrequenz-ultraschallreiniger\/","url":"https:\/\/sysmatec.ch\/de\/produit\/niederfrequenz-ultraschallreiniger\/","name":"Niederfrequenz-Ultraschallreiniger - Sysmatec","isPartOf":{"@id":"https:\/\/sysmatec.ch\/de\/#website"},"primaryImageOfPage":{"@id":"https:\/\/sysmatec.ch\/de\/produit\/niederfrequenz-ultraschallreiniger\/#primaryimage"},"image":{"@id":"https:\/\/sysmatec.ch\/de\/produit\/niederfrequenz-ultraschallreiniger\/#primaryimage"},"thumbnailUrl":"https:\/\/sysmatec.ch\/wp-content\/uploads\/2019\/01\/BainUltrasons_AELabLF100.jpg","datePublished":"2019-01-04T17:10:22+00:00","dateModified":"2022-07-19T07:17:08+00:00","description":"35 kHz Niederfrequenz-Ultraschalltank. Es verf\u00fcgt \u00fcber einen automatischen Abschalttimer. Tank aus Edelstahl 304 mit einem Fassungsverm\u00f6gen von 2 bis 30 l.","breadcrumb":{"@id":"https:\/\/sysmatec.ch\/de\/produit\/niederfrequenz-ultraschallreiniger\/#breadcrumb"},"inLanguage":"de","potentialAction":[{"@type":"ReadAction","target":["https:\/\/sysmatec.ch\/de\/produit\/niederfrequenz-ultraschallreiniger\/"]}]},{"@type":"ImageObject","inLanguage":"de","@id":"https:\/\/sysmatec.ch\/de\/produit\/niederfrequenz-ultraschallreiniger\/#primaryimage","url":"https:\/\/sysmatec.ch\/wp-content\/uploads\/2019\/01\/BainUltrasons_AELabLF100.jpg","contentUrl":"https:\/\/sysmatec.ch\/wp-content\/uploads\/2019\/01\/BainUltrasons_AELabLF100.jpg","width":184,"height":169},{"@type":"BreadcrumbList","@id":"https:\/\/sysmatec.ch\/de\/produit\/niederfrequenz-ultraschallreiniger\/#breadcrumb","itemListElement":[{"@type":"ListItem","position":1,"name":"Accueil","item":"https:\/\/sysmatec.ch\/de\/"},{"@type":"ListItem","position":2,"name":"Die Aktivit\u00e4t von Sysmatec","item":"https:\/\/sysmatec.ch\/de\/"},{"@type":"ListItem","position":3,"name":"Niederfrequenz-Ultraschallreiniger"}]},{"@type":"WebSite","@id":"https:\/\/sysmatec.ch\/de\/#website","url":"https:\/\/sysmatec.ch\/de\/","name":"Sysmatec","description":"Equipement de laboratoire et logiciels","publisher":{"@id":"https:\/\/sysmatec.ch\/de\/#organization"},"potentialAction":[{"@type":"SearchAction","target":{"@type":"EntryPoint","urlTemplate":"https:\/\/sysmatec.ch\/de\/?s={search_term_string}"},"query-input":{"@type":"PropertyValueSpecification","valueRequired":true,"valueName":"search_term_string"}}],"inLanguage":"de"},{"@type":"Organization","@id":"https:\/\/sysmatec.ch\/de\/#organization","name":"Sysmatec","url":"https:\/\/sysmatec.ch\/de\/","logo":{"@type":"ImageObject","inLanguage":"de","@id":"https:\/\/sysmatec.ch\/de\/#\/schema\/logo\/image\/","url":"https:\/\/sysmatec.ch\/wp-content\/uploads\/2018\/11\/LogoSysmatec.jpg","contentUrl":"https:\/\/sysmatec.ch\/wp-content\/uploads\/2018\/11\/LogoSysmatec.jpg","width":301,"height":297,"caption":"Sysmatec"},"image":{"@id":"https:\/\/sysmatec.ch\/de\/#\/schema\/logo\/image\/"}}]}},"_links":{"self":[{"href":"https:\/\/sysmatec.ch\/de\/wp-json\/wp\/v2\/product\/2396","targetHints":{"allow":["GET"]}}],"collection":[{"href":"https:\/\/sysmatec.ch\/de\/wp-json\/wp\/v2\/product"}],"about":[{"href":"https:\/\/sysmatec.ch\/de\/wp-json\/wp\/v2\/types\/product"}],"wp:featuredmedia":[{"embeddable":true,"href":"https:\/\/sysmatec.ch\/de\/wp-json\/wp\/v2\/media\/1145"}],"wp:attachment":[{"href":"https:\/\/sysmatec.ch\/de\/wp-json\/wp\/v2\/media?parent=2396"}],"wp:term":[{"taxonomy":"product_brand","embeddable":true,"href":"https:\/\/sysmatec.ch\/de\/wp-json\/wp\/v2\/product_brand?post=2396"},{"taxonomy":"product_cat","embeddable":true,"href":"https:\/\/sysmatec.ch\/de\/wp-json\/wp\/v2\/product_cat?post=2396"},{"taxonomy":"product_tag","embeddable":true,"href":"https:\/\/sysmatec.ch\/de\/wp-json\/wp\/v2\/product_tag?post=2396"}],"curies":[{"name":"wp","href":"https:\/\/api.w.org\/{rel}","templated":true}]}}