{"id":2392,"date":"2019-01-04T18:15:09","date_gmt":"2019-01-04T17:15:09","guid":{"rendered":"https:\/\/sysmatec.ch\/produit\/cuve-a-ultrasons-de-paillasse-a-basse-frequence-avec-chauffage\/"},"modified":"2022-07-19T09:23:01","modified_gmt":"2022-07-19T07:23:01","slug":"niederfrequenz-ultraschallbank-mit-heizung","status":"publish","type":"product","link":"https:\/\/sysmatec.ch\/de\/Produkt\/niederfrequenz-ultraschallbank-mit-heizung\/","title":{"rendered":"Niederfrequenz-Ultraschallbank mit Heizung"},"content":{"rendered":"<p>Mit einer st\u00e4rkeren Ultraschallschwingungsamplitude ist die 35 kHz Ultraschallfrequenz f\u00fcr eine schnelle Reinigung geeignet. Das Ger\u00e4t ist sehr einfach zu bedienen. Es ist eine ausgezeichnete Wahl f\u00fcr allgemeine Anwendungen. Heizung mit Temperaturregler.<\/p>\n<p>Leistung: 230 V 50-60 Hz<\/p>\n<p>Digital Timer: 1 bis 99 Minuten<\/p>\n<p>Temperaturbereich: 20-69 \u00b0 C<\/p>\n<p>Beh\u00e4ltermaterial: Edelstahl 304<\/p>\n<p>Der Beh\u00e4lter mit einer Kapazit\u00e4t von 10 l oder mehr wird mit einem flexiblen Entw\u00e4sserungsrohr<\/p>\n<table border=\"1\" width=\"680\" cellspacing=\"2\" cellpadding=\"0\">\n<tbody>\n<tr>\n<td><\/td>\n<td>AE-LF50H<\/td>\n<td>AE-LF100H<\/td>\n<td>AE-LF180H<\/td>\n<td>AE-LF200H<\/td>\n<td>AE-LF350H<\/td>\n<td>AE-LF500H<\/td>\n<td>AE-LF600H<\/td>\n<\/tr>\n<tr>\n<td>Ultraschallleistung (W)<\/td>\n<td>50<\/td>\n<td>100<\/td>\n<td>180<\/td>\n<td>200<\/td>\n<td>350<\/td>\n<td>500<\/td>\n<td>600<\/td>\n<\/tr>\n<tr>\n<td>Heizung (W)<\/td>\n<td>48<\/td>\n<td>88<\/td>\n<td>170<\/td>\n<td>270<\/td>\n<td>370<\/td>\n<td>550<\/td>\n<td>750<\/td>\n<\/tr>\n<tr>\n<td>Tankhinhalt (L)<\/td>\n<td>2<\/td>\n<td>3<\/td>\n<td>6<\/td>\n<td>10<\/td>\n<td>15<\/td>\n<td>22<\/td>\n<td>30<\/td>\n<\/tr>\n<tr>\n<td>Tankgr\u00f6sse (LxWxH, mm)<\/td>\n<td>150x140x100<\/td>\n<td>240x150x100<\/td>\n<td>300x150x150<\/td>\n<td>300x240x150<\/td>\n<td>330x300x150<\/td>\n<td>500x300x150<\/td>\n<td>500x300x200<\/td>\n<\/tr>\n<tr>\n<td>Gewicht (kg)<\/td>\n<td>3<\/td>\n<td>5<\/td>\n<td>6<\/td>\n<td>8<\/td>\n<td>11<\/td>\n<td>14<\/td>\n<td>21<\/td>\n<\/tr>\n<\/tbody>\n<\/table>\n","protected":false},"excerpt":{"rendered":"<p>Niederfrequenz-Ultraschallbank mit Heizung.<\/p>\n","protected":false},"featured_media":1145,"template":"","meta":{"_crdt_document":""},"product_brand":[],"product_cat":[155],"product_tag":[],"class_list":{"0":"post-2392","1":"product","2":"type-product","3":"status-publish","4":"has-post-thumbnail","6":"product_cat-ultraschallbad","8":"first","9":"instock","10":"taxable","11":"shipping-taxable","12":"product-type-simple"},"yoast_head":"<!-- This site is optimized with the Yoast SEO plugin v27.3 - https:\/\/yoast.com\/product\/yoast-seo-wordpress\/ -->\n<title>Niederfrequenz-Ultraschallbank mit Heizung - Sysmatec<\/title>\n<meta name=\"description\" content=\"35-kHz-Niederfrequenz-Ultraschalltank und Heizung f\u00fcr einen Temperaturbereich von 20 \u00b0 C bis 69 \u00b0 C. Fassungsverm\u00f6gen von 2 bis 30 l.\" \/>\n<meta name=\"robots\" content=\"index, follow, max-snippet:-1, max-image-preview:large, max-video-preview:-1\" \/>\n<link rel=\"canonical\" href=\"https:\/\/sysmatec.ch\/de\/produit\/niederfrequenz-ultraschallbank-mit-heizung\/\" \/>\n<meta property=\"og:locale\" content=\"de_DE\" \/>\n<meta property=\"og:type\" content=\"article\" \/>\n<meta property=\"og:title\" content=\"Niederfrequenz-Ultraschallbank mit Heizung - Sysmatec\" \/>\n<meta property=\"og:description\" content=\"35-kHz-Niederfrequenz-Ultraschalltank und Heizung f\u00fcr einen Temperaturbereich von 20 \u00b0 C bis 69 \u00b0 C. Fassungsverm\u00f6gen von 2 bis 30 l.\" \/>\n<meta property=\"og:url\" content=\"https:\/\/sysmatec.ch\/de\/produit\/niederfrequenz-ultraschallbank-mit-heizung\/\" \/>\n<meta property=\"og:site_name\" content=\"Sysmatec\" \/>\n<meta property=\"article:modified_time\" content=\"2022-07-19T07:23:01+00:00\" \/>\n<meta property=\"og:image\" content=\"https:\/\/sysmatec.ch\/wp-content\/uploads\/2019\/01\/BainUltrasons_AELabLF100.jpg\" \/>\n\t<meta property=\"og:image:width\" content=\"184\" \/>\n\t<meta property=\"og:image:height\" content=\"169\" \/>\n\t<meta property=\"og:image:type\" content=\"image\/jpeg\" \/>\n<meta name=\"twitter:card\" content=\"summary_large_image\" \/>\n<meta name=\"twitter:label1\" content=\"Gesch\u00e4tzte Lesezeit\" \/>\n\t<meta name=\"twitter:data1\" content=\"1\u00a0Minute\" \/>\n<script type=\"application\/ld+json\" class=\"yoast-schema-graph\">{\"@context\":\"https:\\\/\\\/schema.org\",\"@graph\":[{\"@type\":\"WebPage\",\"@id\":\"https:\\\/\\\/sysmatec.ch\\\/de\\\/produit\\\/niederfrequenz-ultraschallbank-mit-heizung\\\/\",\"url\":\"https:\\\/\\\/sysmatec.ch\\\/de\\\/produit\\\/niederfrequenz-ultraschallbank-mit-heizung\\\/\",\"name\":\"Niederfrequenz-Ultraschallbank mit Heizung - Sysmatec\",\"isPartOf\":{\"@id\":\"https:\\\/\\\/sysmatec.ch\\\/de\\\/#website\"},\"primaryImageOfPage\":{\"@id\":\"https:\\\/\\\/sysmatec.ch\\\/de\\\/produit\\\/niederfrequenz-ultraschallbank-mit-heizung\\\/#primaryimage\"},\"image\":{\"@id\":\"https:\\\/\\\/sysmatec.ch\\\/de\\\/produit\\\/niederfrequenz-ultraschallbank-mit-heizung\\\/#primaryimage\"},\"thumbnailUrl\":\"https:\\\/\\\/sysmatec.ch\\\/wp-content\\\/uploads\\\/2019\\\/01\\\/BainUltrasons_AELabLF100.jpg\",\"datePublished\":\"2019-01-04T17:15:09+00:00\",\"dateModified\":\"2022-07-19T07:23:01+00:00\",\"description\":\"35-kHz-Niederfrequenz-Ultraschalltank und Heizung f\u00fcr einen Temperaturbereich von 20 \u00b0 C bis 69 \u00b0 C. Fassungsverm\u00f6gen von 2 bis 30 l.\",\"breadcrumb\":{\"@id\":\"https:\\\/\\\/sysmatec.ch\\\/de\\\/produit\\\/niederfrequenz-ultraschallbank-mit-heizung\\\/#breadcrumb\"},\"inLanguage\":\"de\",\"potentialAction\":[{\"@type\":\"ReadAction\",\"target\":[\"https:\\\/\\\/sysmatec.ch\\\/de\\\/produit\\\/niederfrequenz-ultraschallbank-mit-heizung\\\/\"]}]},{\"@type\":\"ImageObject\",\"inLanguage\":\"de\",\"@id\":\"https:\\\/\\\/sysmatec.ch\\\/de\\\/produit\\\/niederfrequenz-ultraschallbank-mit-heizung\\\/#primaryimage\",\"url\":\"https:\\\/\\\/sysmatec.ch\\\/wp-content\\\/uploads\\\/2019\\\/01\\\/BainUltrasons_AELabLF100.jpg\",\"contentUrl\":\"https:\\\/\\\/sysmatec.ch\\\/wp-content\\\/uploads\\\/2019\\\/01\\\/BainUltrasons_AELabLF100.jpg\",\"width\":184,\"height\":169},{\"@type\":\"BreadcrumbList\",\"@id\":\"https:\\\/\\\/sysmatec.ch\\\/de\\\/produit\\\/niederfrequenz-ultraschallbank-mit-heizung\\\/#breadcrumb\",\"itemListElement\":[{\"@type\":\"ListItem\",\"position\":1,\"name\":\"Accueil\",\"item\":\"https:\\\/\\\/sysmatec.ch\\\/de\\\/\"},{\"@type\":\"ListItem\",\"position\":2,\"name\":\"Die Aktivit\u00e4t von Sysmatec\",\"item\":\"https:\\\/\\\/sysmatec.ch\\\/de\\\/\"},{\"@type\":\"ListItem\",\"position\":3,\"name\":\"Niederfrequenz-Ultraschallbank mit Heizung\"}]},{\"@type\":\"WebSite\",\"@id\":\"https:\\\/\\\/sysmatec.ch\\\/de\\\/#website\",\"url\":\"https:\\\/\\\/sysmatec.ch\\\/de\\\/\",\"name\":\"Sysmatec\",\"description\":\"Equipement de laboratoire et logiciels\",\"publisher\":{\"@id\":\"https:\\\/\\\/sysmatec.ch\\\/de\\\/#organization\"},\"potentialAction\":[{\"@type\":\"SearchAction\",\"target\":{\"@type\":\"EntryPoint\",\"urlTemplate\":\"https:\\\/\\\/sysmatec.ch\\\/de\\\/?s={search_term_string}\"},\"query-input\":{\"@type\":\"PropertyValueSpecification\",\"valueRequired\":true,\"valueName\":\"search_term_string\"}}],\"inLanguage\":\"de\"},{\"@type\":\"Organization\",\"@id\":\"https:\\\/\\\/sysmatec.ch\\\/de\\\/#organization\",\"name\":\"Sysmatec\",\"url\":\"https:\\\/\\\/sysmatec.ch\\\/de\\\/\",\"logo\":{\"@type\":\"ImageObject\",\"inLanguage\":\"de\",\"@id\":\"https:\\\/\\\/sysmatec.ch\\\/de\\\/#\\\/schema\\\/logo\\\/image\\\/\",\"url\":\"https:\\\/\\\/sysmatec.ch\\\/wp-content\\\/uploads\\\/2018\\\/11\\\/LogoSysmatec.jpg\",\"contentUrl\":\"https:\\\/\\\/sysmatec.ch\\\/wp-content\\\/uploads\\\/2018\\\/11\\\/LogoSysmatec.jpg\",\"width\":301,\"height\":297,\"caption\":\"Sysmatec\"},\"image\":{\"@id\":\"https:\\\/\\\/sysmatec.ch\\\/de\\\/#\\\/schema\\\/logo\\\/image\\\/\"}}]}<\/script>\n<!-- \/ Yoast SEO plugin. -->","yoast_head_json":{"title":"Niederfrequenz-Ultraschallbank mit Heizung - Sysmatec","description":"35-kHz-Niederfrequenz-Ultraschalltank und Heizung f\u00fcr einen Temperaturbereich von 20 \u00b0 C bis 69 \u00b0 C. Fassungsverm\u00f6gen von 2 bis 30 l.","robots":{"index":"index","follow":"follow","max-snippet":"max-snippet:-1","max-image-preview":"max-image-preview:large","max-video-preview":"max-video-preview:-1"},"canonical":"https:\/\/sysmatec.ch\/de\/produit\/niederfrequenz-ultraschallbank-mit-heizung\/","og_locale":"de_DE","og_type":"article","og_title":"Niederfrequenz-Ultraschallbank mit Heizung - Sysmatec","og_description":"35-kHz-Niederfrequenz-Ultraschalltank und Heizung f\u00fcr einen Temperaturbereich von 20 \u00b0 C bis 69 \u00b0 C. Fassungsverm\u00f6gen von 2 bis 30 l.","og_url":"https:\/\/sysmatec.ch\/de\/produit\/niederfrequenz-ultraschallbank-mit-heizung\/","og_site_name":"Sysmatec","article_modified_time":"2022-07-19T07:23:01+00:00","og_image":[{"width":184,"height":169,"url":"https:\/\/sysmatec.ch\/wp-content\/uploads\/2019\/01\/BainUltrasons_AELabLF100.jpg","type":"image\/jpeg"}],"twitter_card":"summary_large_image","twitter_misc":{"Gesch\u00e4tzte Lesezeit":"1\u00a0Minute"},"schema":{"@context":"https:\/\/schema.org","@graph":[{"@type":"WebPage","@id":"https:\/\/sysmatec.ch\/de\/produit\/niederfrequenz-ultraschallbank-mit-heizung\/","url":"https:\/\/sysmatec.ch\/de\/produit\/niederfrequenz-ultraschallbank-mit-heizung\/","name":"Niederfrequenz-Ultraschallbank mit Heizung - Sysmatec","isPartOf":{"@id":"https:\/\/sysmatec.ch\/de\/#website"},"primaryImageOfPage":{"@id":"https:\/\/sysmatec.ch\/de\/produit\/niederfrequenz-ultraschallbank-mit-heizung\/#primaryimage"},"image":{"@id":"https:\/\/sysmatec.ch\/de\/produit\/niederfrequenz-ultraschallbank-mit-heizung\/#primaryimage"},"thumbnailUrl":"https:\/\/sysmatec.ch\/wp-content\/uploads\/2019\/01\/BainUltrasons_AELabLF100.jpg","datePublished":"2019-01-04T17:15:09+00:00","dateModified":"2022-07-19T07:23:01+00:00","description":"35-kHz-Niederfrequenz-Ultraschalltank und Heizung f\u00fcr einen Temperaturbereich von 20 \u00b0 C bis 69 \u00b0 C. Fassungsverm\u00f6gen von 2 bis 30 l.","breadcrumb":{"@id":"https:\/\/sysmatec.ch\/de\/produit\/niederfrequenz-ultraschallbank-mit-heizung\/#breadcrumb"},"inLanguage":"de","potentialAction":[{"@type":"ReadAction","target":["https:\/\/sysmatec.ch\/de\/produit\/niederfrequenz-ultraschallbank-mit-heizung\/"]}]},{"@type":"ImageObject","inLanguage":"de","@id":"https:\/\/sysmatec.ch\/de\/produit\/niederfrequenz-ultraschallbank-mit-heizung\/#primaryimage","url":"https:\/\/sysmatec.ch\/wp-content\/uploads\/2019\/01\/BainUltrasons_AELabLF100.jpg","contentUrl":"https:\/\/sysmatec.ch\/wp-content\/uploads\/2019\/01\/BainUltrasons_AELabLF100.jpg","width":184,"height":169},{"@type":"BreadcrumbList","@id":"https:\/\/sysmatec.ch\/de\/produit\/niederfrequenz-ultraschallbank-mit-heizung\/#breadcrumb","itemListElement":[{"@type":"ListItem","position":1,"name":"Accueil","item":"https:\/\/sysmatec.ch\/de\/"},{"@type":"ListItem","position":2,"name":"Die Aktivit\u00e4t von Sysmatec","item":"https:\/\/sysmatec.ch\/de\/"},{"@type":"ListItem","position":3,"name":"Niederfrequenz-Ultraschallbank mit Heizung"}]},{"@type":"WebSite","@id":"https:\/\/sysmatec.ch\/de\/#website","url":"https:\/\/sysmatec.ch\/de\/","name":"Sysmatec","description":"Equipement de laboratoire et logiciels","publisher":{"@id":"https:\/\/sysmatec.ch\/de\/#organization"},"potentialAction":[{"@type":"SearchAction","target":{"@type":"EntryPoint","urlTemplate":"https:\/\/sysmatec.ch\/de\/?s={search_term_string}"},"query-input":{"@type":"PropertyValueSpecification","valueRequired":true,"valueName":"search_term_string"}}],"inLanguage":"de"},{"@type":"Organization","@id":"https:\/\/sysmatec.ch\/de\/#organization","name":"Sysmatec","url":"https:\/\/sysmatec.ch\/de\/","logo":{"@type":"ImageObject","inLanguage":"de","@id":"https:\/\/sysmatec.ch\/de\/#\/schema\/logo\/image\/","url":"https:\/\/sysmatec.ch\/wp-content\/uploads\/2018\/11\/LogoSysmatec.jpg","contentUrl":"https:\/\/sysmatec.ch\/wp-content\/uploads\/2018\/11\/LogoSysmatec.jpg","width":301,"height":297,"caption":"Sysmatec"},"image":{"@id":"https:\/\/sysmatec.ch\/de\/#\/schema\/logo\/image\/"}}]}},"_links":{"self":[{"href":"https:\/\/sysmatec.ch\/de\/wp-json\/wp\/v2\/product\/2392","targetHints":{"allow":["GET"]}}],"collection":[{"href":"https:\/\/sysmatec.ch\/de\/wp-json\/wp\/v2\/product"}],"about":[{"href":"https:\/\/sysmatec.ch\/de\/wp-json\/wp\/v2\/types\/product"}],"wp:featuredmedia":[{"embeddable":true,"href":"https:\/\/sysmatec.ch\/de\/wp-json\/wp\/v2\/media\/1145"}],"wp:attachment":[{"href":"https:\/\/sysmatec.ch\/de\/wp-json\/wp\/v2\/media?parent=2392"}],"wp:term":[{"taxonomy":"product_brand","embeddable":true,"href":"https:\/\/sysmatec.ch\/de\/wp-json\/wp\/v2\/product_brand?post=2392"},{"taxonomy":"product_cat","embeddable":true,"href":"https:\/\/sysmatec.ch\/de\/wp-json\/wp\/v2\/product_cat?post=2392"},{"taxonomy":"product_tag","embeddable":true,"href":"https:\/\/sysmatec.ch\/de\/wp-json\/wp\/v2\/product_tag?post=2392"}],"curies":[{"name":"wp","href":"https:\/\/api.w.org\/{rel}","templated":true}]}}