{"id":23919,"date":"2021-04-03T17:42:01","date_gmt":"2021-04-03T15:42:01","guid":{"rendered":"https:\/\/sysmatec.ch\/?post_type=product&#038;p=23919"},"modified":"2021-11-25T21:07:15","modified_gmt":"2021-11-25T20:07:15","slug":"palettenwaage-kern-uid","status":"publish","type":"product","link":"https:\/\/sysmatec.ch\/de\/Produkt\/palettenwaage-kern-uid\/","title":{"rendered":"Palettenwaage KERN UID"},"content":{"rendered":"<ul id=\"kernList1\"><\/ul>\n<ul id=\"kernList1\">\n<li>Zweibereichs-Palettenwaage! Ideal, wenn hohe Maximallasten gewogen werden sollen, aber im unteren Lastbereich nicht auf eine hohe Aufl\u00f6sung verzichtet werden kann. So k\u00f6nnen zwei Waagen durch eine ersetzt werden \u2013 das spart Platz und Geld!<\/li>\n<li>Hohe Mobilit\u00e4t dank Batteriebetrieb bei Auswerteger\u00e4t und Plattform<\/li>\n<li>Lastaufnahme: Stahl, pulverbeschichtet, 4 silikonbeschichtete Aluminium-W\u00e4gezellen, Staub- und Spritzwasserschutz IP67<\/li>\n<li>Waage kann mittels 2 Rollen und 1 Handgriff bequem transportiert und platzsparend verstaut werden<\/li>\n<li>Dank Schnittstellen wie RS-232 oder USB, WLAN, Bluetooth, Ethernet (optional) l\u00e4sst sich die Waage leicht in bestehende Netzwerke einbinden und erleichtert den Datenaustausch zwischen Waage und PC oder Drucker<\/li>\n<li>Netzadapter zur Spannungsversorgung des KERN CE, montierbar auf Hutschiene. Nur \u00fcber\u00a0<a>Datenschnittstelle<\/a>\u00a0RS-232 m\u00f6glich<\/li>\n<li>Ab sofort k\u00f6nnen die geeichten Modelle mit einer optionalen <a>Datenschnittstelle<\/a>, wie z. B. Bluetooth, WiFi, LAN betrieben werden (optionaler Alibispeicher notwendig). Das erm\u00f6glicht in eichpflichtigen Anwendungen einen bequemen Datentransfer der W\u00e4geergebnisse<\/li>\n<li>M\u00f6gliche Einsatzszenarien f\u00fcr Schnittstellen:<\/li>\n<\/ul>\n<p>&#8211; RS-232, im Lieferumfang enthalten, z. B. zum Anschluss eines PC oder Druckers<br \/>\n&#8211; LAN, WLAN, Bluetooth, USB-f\u00fcr-PC, optional, z. B. zum Anschluss eines PC oder Peripherieger\u00e4tes<br \/>\n&#8211; USB f\u00fcr USB-Stick, optional, z. B. zum Export von Alibi Daten an einen USB-Stick oder eine Festplatte<br \/>\n&#8211; Digital I\/O, inklusive Signallampe, optional, z. B. zur optischen Unterst\u00fctzung beim Wiegen mit Toleranzbereich, St\u00fcckz\u00e4hlen etc.<\/p>\n<ul id=\"kernList1\">\n<li>Arbeitsschutzhaube im Lieferumfang enthalten<\/li>\n<\/ul>\n<table border=\"1\" width=\"458\" cellspacing=\"0\" cellpadding=\"2\">\n<tbody>\n<tr>\n<td>Waage Modell<\/td>\n<td width=\"10%\">Ablesbarkeit<\/td>\n<td width=\"10%\">W\u00e4gebereich<\/td>\n<\/tr>\n<tr>\n<td><\/td>\n<td width=\"10%\">g<\/td>\n<td width=\"10%\">kg<\/td>\n<\/tr>\n<tr>\n<td>UID 600K-1M<\/td>\n<td width=\"10%\">200<\/td>\n<td width=\"10%\">600<\/td>\n<\/tr>\n<tr>\n<td>UID 1500K-1M<\/td>\n<td width=\"10%\">500<\/td>\n<td width=\"10%\">1500<\/td>\n<\/tr>\n<tr>\n<td>UID 3000K-0M<\/td>\n<td width=\"10%\">1000<\/td>\n<td width=\"10%\">3000<\/td>\n<\/tr>\n<tr>\n<td>UID 600K-1DM<\/td>\n<td width=\"10%\">100\/200<\/td>\n<td width=\"10%\">300\/600<\/td>\n<\/tr>\n<tr>\n<td>UID 1500K-1DM<\/td>\n<td width=\"10%\">200\/500<\/td>\n<td width=\"10%\">600\/1500<\/td>\n<\/tr>\n<tr>\n<td>UID 3000K-0DM<\/td>\n<td width=\"10%\">500\/1000<\/td>\n<td width=\"10%\">1500\/3000<\/td>\n<\/tr>\n<\/tbody>\n<\/table>\n","protected":false},"excerpt":{"rendered":"<p>Palettenwaage 0-600 kg bis 0-3000 kg, IP67<\/p>\n","protected":false},"featured_media":23924,"template":"","meta":{"_crdt_document":""},"product_brand":[],"product_cat":[165,339],"product_tag":[],"class_list":{"0":"post-23919","1":"product","2":"type-product","3":"status-publish","4":"has-post-thumbnail","6":"product_cat-gewicht","7":"product_cat-plattform","9":"first","10":"instock","11":"taxable","12":"shipping-taxable","13":"purchasable","14":"product-type-variable"},"yoast_head":"<!-- This site is optimized with the Yoast SEO plugin v27.3 - https:\/\/yoast.com\/product\/yoast-seo-wordpress\/ -->\n<title>Palettenwaage KERN UID - Sysmatec<\/title>\n<meta name=\"description\" content=\"Palettenwaage zum Aufstellen auf den Boden, transportabel durch Rollen, f\u00fcr den Bereich 0 bis 3000 kg. IP67\" \/>\n<meta name=\"robots\" content=\"index, follow, max-snippet:-1, max-image-preview:large, max-video-preview:-1\" \/>\n<link rel=\"canonical\" href=\"https:\/\/sysmatec.ch\/de\/produit\/palettenwaage-kern-uid\/\" \/>\n<meta property=\"og:locale\" content=\"de_DE\" \/>\n<meta property=\"og:type\" content=\"article\" \/>\n<meta property=\"og:title\" content=\"Palettenwaage KERN UID - Sysmatec\" \/>\n<meta property=\"og:description\" content=\"Palettenwaage zum Aufstellen auf den Boden, transportabel durch Rollen, f\u00fcr den Bereich 0 bis 3000 kg. IP67\" \/>\n<meta property=\"og:url\" content=\"https:\/\/sysmatec.ch\/de\/produit\/palettenwaage-kern-uid\/\" \/>\n<meta property=\"og:site_name\" content=\"Sysmatec\" \/>\n<meta property=\"article:modified_time\" content=\"2021-11-25T20:07:15+00:00\" \/>\n<meta property=\"og:image\" content=\"https:\/\/sysmatec.ch\/wp-content\/uploads\/2021\/04\/Balance_uid-scaled.jpg\" \/>\n\t<meta property=\"og:image:width\" content=\"8092\" \/>\n\t<meta property=\"og:image:height\" content=\"6500\" \/>\n\t<meta property=\"og:image:type\" content=\"image\/jpeg\" \/>\n<meta name=\"twitter:card\" content=\"summary_large_image\" \/>\n<meta name=\"twitter:label1\" content=\"Gesch\u00e4tzte Lesezeit\" \/>\n\t<meta name=\"twitter:data1\" content=\"2\u00a0Minuten\" \/>\n<script type=\"application\/ld+json\" class=\"yoast-schema-graph\">{\"@context\":\"https:\\\/\\\/schema.org\",\"@graph\":[{\"@type\":\"WebPage\",\"@id\":\"https:\\\/\\\/sysmatec.ch\\\/de\\\/produit\\\/palettenwaage-kern-uid\\\/\",\"url\":\"https:\\\/\\\/sysmatec.ch\\\/de\\\/produit\\\/palettenwaage-kern-uid\\\/\",\"name\":\"Palettenwaage KERN UID - Sysmatec\",\"isPartOf\":{\"@id\":\"https:\\\/\\\/sysmatec.ch\\\/de\\\/#website\"},\"primaryImageOfPage\":{\"@id\":\"https:\\\/\\\/sysmatec.ch\\\/de\\\/produit\\\/palettenwaage-kern-uid\\\/#primaryimage\"},\"image\":{\"@id\":\"https:\\\/\\\/sysmatec.ch\\\/de\\\/produit\\\/palettenwaage-kern-uid\\\/#primaryimage\"},\"thumbnailUrl\":\"https:\\\/\\\/sysmatec.ch\\\/wp-content\\\/uploads\\\/2021\\\/04\\\/Balance_uid-scaled.jpg\",\"datePublished\":\"2021-04-03T15:42:01+00:00\",\"dateModified\":\"2021-11-25T20:07:15+00:00\",\"description\":\"Palettenwaage zum Aufstellen auf den Boden, transportabel durch Rollen, f\u00fcr den Bereich 0 bis 3000 kg. IP67\",\"breadcrumb\":{\"@id\":\"https:\\\/\\\/sysmatec.ch\\\/de\\\/produit\\\/palettenwaage-kern-uid\\\/#breadcrumb\"},\"inLanguage\":\"de\",\"potentialAction\":[{\"@type\":\"ReadAction\",\"target\":[\"https:\\\/\\\/sysmatec.ch\\\/de\\\/produit\\\/palettenwaage-kern-uid\\\/\"]}]},{\"@type\":\"ImageObject\",\"inLanguage\":\"de\",\"@id\":\"https:\\\/\\\/sysmatec.ch\\\/de\\\/produit\\\/palettenwaage-kern-uid\\\/#primaryimage\",\"url\":\"https:\\\/\\\/sysmatec.ch\\\/wp-content\\\/uploads\\\/2021\\\/04\\\/Balance_uid-scaled.jpg\",\"contentUrl\":\"https:\\\/\\\/sysmatec.ch\\\/wp-content\\\/uploads\\\/2021\\\/04\\\/Balance_uid-scaled.jpg\",\"width\":2560,\"height\":2056},{\"@type\":\"BreadcrumbList\",\"@id\":\"https:\\\/\\\/sysmatec.ch\\\/de\\\/produit\\\/palettenwaage-kern-uid\\\/#breadcrumb\",\"itemListElement\":[{\"@type\":\"ListItem\",\"position\":1,\"name\":\"Accueil\",\"item\":\"https:\\\/\\\/sysmatec.ch\\\/de\\\/\"},{\"@type\":\"ListItem\",\"position\":2,\"name\":\"Die Aktivit\u00e4t von Sysmatec\",\"item\":\"https:\\\/\\\/sysmatec.ch\\\/de\\\/\"},{\"@type\":\"ListItem\",\"position\":3,\"name\":\"Palettenwaage KERN UID\"}]},{\"@type\":\"WebSite\",\"@id\":\"https:\\\/\\\/sysmatec.ch\\\/de\\\/#website\",\"url\":\"https:\\\/\\\/sysmatec.ch\\\/de\\\/\",\"name\":\"Sysmatec\",\"description\":\"Equipement de laboratoire et logiciels\",\"publisher\":{\"@id\":\"https:\\\/\\\/sysmatec.ch\\\/de\\\/#organization\"},\"potentialAction\":[{\"@type\":\"SearchAction\",\"target\":{\"@type\":\"EntryPoint\",\"urlTemplate\":\"https:\\\/\\\/sysmatec.ch\\\/de\\\/?s={search_term_string}\"},\"query-input\":{\"@type\":\"PropertyValueSpecification\",\"valueRequired\":true,\"valueName\":\"search_term_string\"}}],\"inLanguage\":\"de\"},{\"@type\":\"Organization\",\"@id\":\"https:\\\/\\\/sysmatec.ch\\\/de\\\/#organization\",\"name\":\"Sysmatec\",\"url\":\"https:\\\/\\\/sysmatec.ch\\\/de\\\/\",\"logo\":{\"@type\":\"ImageObject\",\"inLanguage\":\"de\",\"@id\":\"https:\\\/\\\/sysmatec.ch\\\/de\\\/#\\\/schema\\\/logo\\\/image\\\/\",\"url\":\"https:\\\/\\\/sysmatec.ch\\\/wp-content\\\/uploads\\\/2018\\\/11\\\/LogoSysmatec.jpg\",\"contentUrl\":\"https:\\\/\\\/sysmatec.ch\\\/wp-content\\\/uploads\\\/2018\\\/11\\\/LogoSysmatec.jpg\",\"width\":301,\"height\":297,\"caption\":\"Sysmatec\"},\"image\":{\"@id\":\"https:\\\/\\\/sysmatec.ch\\\/de\\\/#\\\/schema\\\/logo\\\/image\\\/\"}}]}<\/script>\n<!-- \/ Yoast SEO plugin. -->","yoast_head_json":{"title":"Palettenwaage KERN UID - Sysmatec","description":"Palettenwaage zum Aufstellen auf den Boden, transportabel durch Rollen, f\u00fcr den Bereich 0 bis 3000 kg. IP67","robots":{"index":"index","follow":"follow","max-snippet":"max-snippet:-1","max-image-preview":"max-image-preview:large","max-video-preview":"max-video-preview:-1"},"canonical":"https:\/\/sysmatec.ch\/de\/produit\/palettenwaage-kern-uid\/","og_locale":"de_DE","og_type":"article","og_title":"Palettenwaage KERN UID - Sysmatec","og_description":"Palettenwaage zum Aufstellen auf den Boden, transportabel durch Rollen, f\u00fcr den Bereich 0 bis 3000 kg. IP67","og_url":"https:\/\/sysmatec.ch\/de\/produit\/palettenwaage-kern-uid\/","og_site_name":"Sysmatec","article_modified_time":"2021-11-25T20:07:15+00:00","og_image":[{"width":8092,"height":6500,"url":"https:\/\/sysmatec.ch\/wp-content\/uploads\/2021\/04\/Balance_uid-scaled.jpg","type":"image\/jpeg"}],"twitter_card":"summary_large_image","twitter_misc":{"Gesch\u00e4tzte Lesezeit":"2\u00a0Minuten"},"schema":{"@context":"https:\/\/schema.org","@graph":[{"@type":"WebPage","@id":"https:\/\/sysmatec.ch\/de\/produit\/palettenwaage-kern-uid\/","url":"https:\/\/sysmatec.ch\/de\/produit\/palettenwaage-kern-uid\/","name":"Palettenwaage KERN UID - Sysmatec","isPartOf":{"@id":"https:\/\/sysmatec.ch\/de\/#website"},"primaryImageOfPage":{"@id":"https:\/\/sysmatec.ch\/de\/produit\/palettenwaage-kern-uid\/#primaryimage"},"image":{"@id":"https:\/\/sysmatec.ch\/de\/produit\/palettenwaage-kern-uid\/#primaryimage"},"thumbnailUrl":"https:\/\/sysmatec.ch\/wp-content\/uploads\/2021\/04\/Balance_uid-scaled.jpg","datePublished":"2021-04-03T15:42:01+00:00","dateModified":"2021-11-25T20:07:15+00:00","description":"Palettenwaage zum Aufstellen auf den Boden, transportabel durch Rollen, f\u00fcr den Bereich 0 bis 3000 kg. IP67","breadcrumb":{"@id":"https:\/\/sysmatec.ch\/de\/produit\/palettenwaage-kern-uid\/#breadcrumb"},"inLanguage":"de","potentialAction":[{"@type":"ReadAction","target":["https:\/\/sysmatec.ch\/de\/produit\/palettenwaage-kern-uid\/"]}]},{"@type":"ImageObject","inLanguage":"de","@id":"https:\/\/sysmatec.ch\/de\/produit\/palettenwaage-kern-uid\/#primaryimage","url":"https:\/\/sysmatec.ch\/wp-content\/uploads\/2021\/04\/Balance_uid-scaled.jpg","contentUrl":"https:\/\/sysmatec.ch\/wp-content\/uploads\/2021\/04\/Balance_uid-scaled.jpg","width":2560,"height":2056},{"@type":"BreadcrumbList","@id":"https:\/\/sysmatec.ch\/de\/produit\/palettenwaage-kern-uid\/#breadcrumb","itemListElement":[{"@type":"ListItem","position":1,"name":"Accueil","item":"https:\/\/sysmatec.ch\/de\/"},{"@type":"ListItem","position":2,"name":"Die Aktivit\u00e4t von Sysmatec","item":"https:\/\/sysmatec.ch\/de\/"},{"@type":"ListItem","position":3,"name":"Palettenwaage KERN UID"}]},{"@type":"WebSite","@id":"https:\/\/sysmatec.ch\/de\/#website","url":"https:\/\/sysmatec.ch\/de\/","name":"Sysmatec","description":"Equipement de laboratoire et logiciels","publisher":{"@id":"https:\/\/sysmatec.ch\/de\/#organization"},"potentialAction":[{"@type":"SearchAction","target":{"@type":"EntryPoint","urlTemplate":"https:\/\/sysmatec.ch\/de\/?s={search_term_string}"},"query-input":{"@type":"PropertyValueSpecification","valueRequired":true,"valueName":"search_term_string"}}],"inLanguage":"de"},{"@type":"Organization","@id":"https:\/\/sysmatec.ch\/de\/#organization","name":"Sysmatec","url":"https:\/\/sysmatec.ch\/de\/","logo":{"@type":"ImageObject","inLanguage":"de","@id":"https:\/\/sysmatec.ch\/de\/#\/schema\/logo\/image\/","url":"https:\/\/sysmatec.ch\/wp-content\/uploads\/2018\/11\/LogoSysmatec.jpg","contentUrl":"https:\/\/sysmatec.ch\/wp-content\/uploads\/2018\/11\/LogoSysmatec.jpg","width":301,"height":297,"caption":"Sysmatec"},"image":{"@id":"https:\/\/sysmatec.ch\/de\/#\/schema\/logo\/image\/"}}]}},"_links":{"self":[{"href":"https:\/\/sysmatec.ch\/de\/wp-json\/wp\/v2\/product\/23919","targetHints":{"allow":["GET"]}}],"collection":[{"href":"https:\/\/sysmatec.ch\/de\/wp-json\/wp\/v2\/product"}],"about":[{"href":"https:\/\/sysmatec.ch\/de\/wp-json\/wp\/v2\/types\/product"}],"wp:featuredmedia":[{"embeddable":true,"href":"https:\/\/sysmatec.ch\/de\/wp-json\/wp\/v2\/media\/23924"}],"wp:attachment":[{"href":"https:\/\/sysmatec.ch\/de\/wp-json\/wp\/v2\/media?parent=23919"}],"wp:term":[{"taxonomy":"product_brand","embeddable":true,"href":"https:\/\/sysmatec.ch\/de\/wp-json\/wp\/v2\/product_brand?post=23919"},{"taxonomy":"product_cat","embeddable":true,"href":"https:\/\/sysmatec.ch\/de\/wp-json\/wp\/v2\/product_cat?post=23919"},{"taxonomy":"product_tag","embeddable":true,"href":"https:\/\/sysmatec.ch\/de\/wp-json\/wp\/v2\/product_tag?post=23919"}],"curies":[{"name":"wp","href":"https:\/\/api.w.org\/{rel}","templated":true}]}}