{"id":23851,"date":"2021-04-03T13:20:22","date_gmt":"2021-04-03T11:20:22","guid":{"rendered":"https:\/\/sysmatec.ch\/?post_type=product&#038;p=23851"},"modified":"2021-11-25T21:16:19","modified_gmt":"2021-11-25T20:16:19","slug":"plattformwaage-kern-ift","status":"publish","type":"product","link":"https:\/\/sysmatec.ch\/de\/Produkt\/plattformwaage-kern-ift\/","title":{"rendered":"Plattformwaage KERN IFT"},"content":{"rendered":"<ul id=\"kernList1\"><\/ul>\n<ul id=\"kernList1\">\n<li>Hochwertige und schnelle Prozessoren erlauben ein effizientes und verz\u00f6gerungsfreies Arbeiten<\/li>\n<li>Dank des intuitiven Touchscreen-Konzepts und der mehrsprachigen Bedienung (DE, GB, FR, IT, ES, PT, NL, FI, PL, RUS, SE, CZ) ist die Waage f\u00fcr unge\u00fcbten Bediener sofort und leicht einsetzbar. F\u00fcr den Profi-User sieht die Waage Komfort-Funktionen vor, die einen hohen Grad an Individualisierung zulassen und dadurch die Verwendung deutlich erleichtern und beschleunigen<\/li>\n<li>Durch einen gro\u00dfen Speicher, z. B. f\u00fcr Artikelstammdaten, W\u00e4gedaten etc. ist diese Waage die ideale L\u00f6sung f\u00fcr das Arbeiten mit gro\u00dfen Warensortimenten oder bei hohen Anpr\u00fcchen an Datenhaltung und Dokumentation<\/li>\n<li>\n<div id=\"verweis_01\">\u00a0Dank der gro\u00dfen Konnektivt\u00e4t ist der Anschluss von Barcodelesern zur Artikelerkennung, USB-Sticks zur Datenspeicherung oder die Daten\u00fcbertragung an PCs und Netzwerke per RS-232 oder USB bequem m\u00f6glich und macht diese Serie dadurch multifunktionell in Industrie 4.0-Anwendungen einsetzbar<\/div>\n<\/li>\n<li>Komfortables Rezeptieren\n<ul id=\"kernList2\">\n<li>Standard-Use: Direkteingabe der Rezepturbestandteile in Gramm oder Prozent<\/li>\n<li>Professional-Use: Aufrufen von Artikeln aus der Datenbank mit allen relevanten Zusatzdaten, wie Sollwert, Toleranzen, Name, Tarabeh\u00e4ltergewicht. Dadurch super schneller Ablauf des Rezepturvorgangs: Rezepturauswahl \u2013 Einwiegen \u2013 fertig!<\/li>\n<\/ul>\n<\/li>\n<li>Ein grafisches Signal hilft beim Dosieren der einzelnen Rezepturbestandteile. Eine Infos\u00e4ule am linken Bildschirmrand informiert stets \u00fcber die bereits eingewogenen Bestandteile (anteilig)<\/li>\n<li>Multiplikator-Funktion: Rezepturen und deren Bestandteile k\u00f6nnen per Tastendruck beliebig multipliziert werden, ideal f\u00fcr die Herstellung von gr\u00f6\u00dferen Gebinden, Gro\u00dfpackungen etc.<\/li>\n<li>\n<div id=\"verweis_02\">Plattform: Edelstahl-W\u00e4geplatte, Unterbau Stahl lackiert, silikonbeschichtete Aluminium-W\u00e4gezelle, Staub- und Spritzwasserschutz IP65<\/div>\n<\/li>\n<li>\n<div id=\"verweis_03\">\u00a0Komfortable St\u00fcckz\u00e4hl-Funktion<\/div>\n<\/li>\n<\/ul>\n<p>&#8211; Standard-Use: Direkteingabe der Referenzmenge oder des Referenzgewichtes<br \/>\n&#8211; Professional-Use: Aufrufen von Z\u00e4hlartikeln aus der Datenbank mit allen relevanten Zusatzdaten, wie St\u00fcckgewicht, Name, Referenzst\u00fcckzahl, Tarabeh\u00e4ltergewicht, Toleranzen. Dadurch super schneller Ablauf des Z\u00e4hlvorgangs: Artikelauswahl \u2013 Auflegen \u2013 Z\u00e4hlen \u2013 fertig!<\/p>\n<ul id=\"kernList1\">\n<li>\n<div id=\"verweis_04\">Fill-to-target-Funktion: Zielst\u00fcckzahl bzw. Zielgewicht programmierbar, z. B. f\u00fcr Checkweighing<\/div>\n<\/li>\n<li>\n<div id=\"verweis_05\">\u00a0Komfortables\u00a0<a>W\u00e4gen mit Toleranzbereich<\/a>\u00a0(Checkweighing)<\/div>\n<\/li>\n<\/ul>\n<p>&#8211; Standard-Use: Direkteingabe der Toleranzen in Gramm oder Prozent<br \/>\n&#8211; Professional-Use: Aufrufen von Artikeln aus der Datenbank mit allen relevanten Zusatzdaten, wie St\u00fcckgewicht, Name, Referenzst\u00fcckzahl, Tarabeh\u00e4ltergewicht, Toleranzen. Dadurch super schneller Ablauf des Portionier-, Dosier- oder Sortiervorgangs: Artikelauswahl \u2013 Auflegen \u2013 Kontrollieren \u2013 fertig!<\/p>\n<table border=\"1\" width=\"486\" cellspacing=\"0\" cellpadding=\"2\">\n<tbody>\n<tr>\n<td>Plattformwaage<\/td>\n<td width=\"10%\">Ablesbarkeit<\/td>\n<td width=\"10%\">W\u00e4gebereich<\/td>\n<td width=\"10%\">Platte<\/td>\n<\/tr>\n<tr>\n<td><\/td>\n<td width=\"10%\">g<\/td>\n<td width=\"10%\">kg<\/td>\n<td width=\"10%\">mm<\/td>\n<\/tr>\n<tr>\n<td>IFT 6K-4<\/td>\n<td width=\"10%\">0.2<\/td>\n<td width=\"10%\">6<\/td>\n<td width=\"10%\">300&#215;240<\/td>\n<\/tr>\n<tr>\n<td>IFT 10K-4<\/td>\n<td width=\"10%\">0.5<\/td>\n<td width=\"10%\">15<\/td>\n<td width=\"10%\">300&#215;240<\/td>\n<\/tr>\n<tr>\n<td>IFT 10K-4L<\/td>\n<td width=\"10%\">0.5<\/td>\n<td width=\"10%\">15<\/td>\n<td width=\"10%\">400&#215;300<\/td>\n<\/tr>\n<tr>\n<td>IFT 30K-3<\/td>\n<td width=\"10%\">1<\/td>\n<td width=\"10%\">30<\/td>\n<td width=\"10%\">400&#215;300<\/td>\n<\/tr>\n<tr>\n<td>IFT 60K-3<\/td>\n<td width=\"10%\">2<\/td>\n<td width=\"10%\">60<\/td>\n<td width=\"10%\">400&#215;300<\/td>\n<\/tr>\n<tr>\n<td>IFT 60K-3L<\/td>\n<td width=\"10%\">2<\/td>\n<td width=\"10%\">60<\/td>\n<td width=\"10%\">500&#215;400<\/td>\n<\/tr>\n<tr>\n<td>IFT 100K-3<\/td>\n<td width=\"10%\">5<\/td>\n<td width=\"10%\">150<\/td>\n<td width=\"10%\">500&#215;400<\/td>\n<\/tr>\n<tr>\n<td>IFT 100K-3L<\/td>\n<td width=\"10%\">5<\/td>\n<td width=\"10%\">150<\/td>\n<td width=\"10%\">650&#215;500<\/td>\n<\/tr>\n<tr>\n<td>IFT 300K-2L<\/td>\n<td width=\"10%\">10<\/td>\n<td width=\"10%\">300<\/td>\n<td width=\"10%\">650&#215;500<\/td>\n<\/tr>\n<\/tbody>\n<\/table>\n","protected":false},"excerpt":{"rendered":"<p>Plattformwaage f\u00fcr den Bereich 0-6 kg bis 0-300 kg, IP65<\/p>\n","protected":false},"featured_media":23902,"template":"","meta":{"_crdt_document":""},"product_brand":[],"product_cat":[165,339],"product_tag":[],"class_list":{"0":"post-23851","1":"product","2":"type-product","3":"status-publish","4":"has-post-thumbnail","6":"product_cat-gewicht","7":"product_cat-plattform","9":"first","10":"instock","11":"taxable","12":"shipping-taxable","13":"purchasable","14":"product-type-variable"},"yoast_head":"<!-- This site is optimized with the Yoast SEO plugin v27.3 - https:\/\/yoast.com\/product\/yoast-seo-wordpress\/ -->\n<title>Plattformwaage KERN IFT - Sysmatec<\/title>\n<meta name=\"description\" content=\"Plattformwaage, der Bildschirm ist von der Waage getrennt, durch ein Kabel verbunden, f\u00fcr den Bereich bis 300 kg.\" \/>\n<meta name=\"robots\" content=\"index, follow, max-snippet:-1, max-image-preview:large, max-video-preview:-1\" \/>\n<link rel=\"canonical\" href=\"https:\/\/sysmatec.ch\/de\/produit\/plattformwaage-kern-ift\/\" \/>\n<meta property=\"og:locale\" content=\"de_DE\" \/>\n<meta property=\"og:type\" content=\"article\" \/>\n<meta property=\"og:title\" content=\"Plattformwaage KERN IFT - Sysmatec\" \/>\n<meta property=\"og:description\" content=\"Plattformwaage, der Bildschirm ist von der Waage getrennt, durch ein Kabel verbunden, f\u00fcr den Bereich bis 300 kg.\" \/>\n<meta property=\"og:url\" content=\"https:\/\/sysmatec.ch\/de\/produit\/plattformwaage-kern-ift\/\" \/>\n<meta property=\"og:site_name\" content=\"Sysmatec\" \/>\n<meta property=\"article:modified_time\" content=\"2021-11-25T20:16:19+00:00\" \/>\n<meta property=\"og:image\" content=\"https:\/\/sysmatec.ch\/wp-content\/uploads\/2021\/04\/Balance_IFT-10K-4L-scaled.jpg\" \/>\n\t<meta property=\"og:image:width\" content=\"2560\" \/>\n\t<meta property=\"og:image:height\" content=\"2365\" \/>\n\t<meta property=\"og:image:type\" content=\"image\/jpeg\" \/>\n<meta name=\"twitter:card\" content=\"summary_large_image\" \/>\n<meta name=\"twitter:label1\" content=\"Gesch\u00e4tzte Lesezeit\" \/>\n\t<meta name=\"twitter:data1\" content=\"2\u00a0Minuten\" \/>\n<script type=\"application\/ld+json\" class=\"yoast-schema-graph\">{\"@context\":\"https:\\\/\\\/schema.org\",\"@graph\":[{\"@type\":\"WebPage\",\"@id\":\"https:\\\/\\\/sysmatec.ch\\\/de\\\/produit\\\/plattformwaage-kern-ift\\\/\",\"url\":\"https:\\\/\\\/sysmatec.ch\\\/de\\\/produit\\\/plattformwaage-kern-ift\\\/\",\"name\":\"Plattformwaage KERN IFT - Sysmatec\",\"isPartOf\":{\"@id\":\"https:\\\/\\\/sysmatec.ch\\\/de\\\/#website\"},\"primaryImageOfPage\":{\"@id\":\"https:\\\/\\\/sysmatec.ch\\\/de\\\/produit\\\/plattformwaage-kern-ift\\\/#primaryimage\"},\"image\":{\"@id\":\"https:\\\/\\\/sysmatec.ch\\\/de\\\/produit\\\/plattformwaage-kern-ift\\\/#primaryimage\"},\"thumbnailUrl\":\"https:\\\/\\\/sysmatec.ch\\\/wp-content\\\/uploads\\\/2021\\\/04\\\/Balance_IFT-10K-4L-scaled.jpg\",\"datePublished\":\"2021-04-03T11:20:22+00:00\",\"dateModified\":\"2021-11-25T20:16:19+00:00\",\"description\":\"Plattformwaage, der Bildschirm ist von der Waage getrennt, durch ein Kabel verbunden, f\u00fcr den Bereich bis 300 kg.\",\"breadcrumb\":{\"@id\":\"https:\\\/\\\/sysmatec.ch\\\/de\\\/produit\\\/plattformwaage-kern-ift\\\/#breadcrumb\"},\"inLanguage\":\"de\",\"potentialAction\":[{\"@type\":\"ReadAction\",\"target\":[\"https:\\\/\\\/sysmatec.ch\\\/de\\\/produit\\\/plattformwaage-kern-ift\\\/\"]}]},{\"@type\":\"ImageObject\",\"inLanguage\":\"de\",\"@id\":\"https:\\\/\\\/sysmatec.ch\\\/de\\\/produit\\\/plattformwaage-kern-ift\\\/#primaryimage\",\"url\":\"https:\\\/\\\/sysmatec.ch\\\/wp-content\\\/uploads\\\/2021\\\/04\\\/Balance_IFT-10K-4L-scaled.jpg\",\"contentUrl\":\"https:\\\/\\\/sysmatec.ch\\\/wp-content\\\/uploads\\\/2021\\\/04\\\/Balance_IFT-10K-4L-scaled.jpg\",\"width\":2560,\"height\":2365},{\"@type\":\"BreadcrumbList\",\"@id\":\"https:\\\/\\\/sysmatec.ch\\\/de\\\/produit\\\/plattformwaage-kern-ift\\\/#breadcrumb\",\"itemListElement\":[{\"@type\":\"ListItem\",\"position\":1,\"name\":\"Accueil\",\"item\":\"https:\\\/\\\/sysmatec.ch\\\/de\\\/\"},{\"@type\":\"ListItem\",\"position\":2,\"name\":\"Die Aktivit\u00e4t von Sysmatec\",\"item\":\"https:\\\/\\\/sysmatec.ch\\\/de\\\/\"},{\"@type\":\"ListItem\",\"position\":3,\"name\":\"Plattformwaage KERN IFT\"}]},{\"@type\":\"WebSite\",\"@id\":\"https:\\\/\\\/sysmatec.ch\\\/de\\\/#website\",\"url\":\"https:\\\/\\\/sysmatec.ch\\\/de\\\/\",\"name\":\"Sysmatec\",\"description\":\"Equipement de laboratoire et logiciels\",\"publisher\":{\"@id\":\"https:\\\/\\\/sysmatec.ch\\\/de\\\/#organization\"},\"potentialAction\":[{\"@type\":\"SearchAction\",\"target\":{\"@type\":\"EntryPoint\",\"urlTemplate\":\"https:\\\/\\\/sysmatec.ch\\\/de\\\/?s={search_term_string}\"},\"query-input\":{\"@type\":\"PropertyValueSpecification\",\"valueRequired\":true,\"valueName\":\"search_term_string\"}}],\"inLanguage\":\"de\"},{\"@type\":\"Organization\",\"@id\":\"https:\\\/\\\/sysmatec.ch\\\/de\\\/#organization\",\"name\":\"Sysmatec\",\"url\":\"https:\\\/\\\/sysmatec.ch\\\/de\\\/\",\"logo\":{\"@type\":\"ImageObject\",\"inLanguage\":\"de\",\"@id\":\"https:\\\/\\\/sysmatec.ch\\\/de\\\/#\\\/schema\\\/logo\\\/image\\\/\",\"url\":\"https:\\\/\\\/sysmatec.ch\\\/wp-content\\\/uploads\\\/2018\\\/11\\\/LogoSysmatec.jpg\",\"contentUrl\":\"https:\\\/\\\/sysmatec.ch\\\/wp-content\\\/uploads\\\/2018\\\/11\\\/LogoSysmatec.jpg\",\"width\":301,\"height\":297,\"caption\":\"Sysmatec\"},\"image\":{\"@id\":\"https:\\\/\\\/sysmatec.ch\\\/de\\\/#\\\/schema\\\/logo\\\/image\\\/\"}}]}<\/script>\n<!-- \/ Yoast SEO plugin. -->","yoast_head_json":{"title":"Plattformwaage KERN IFT - Sysmatec","description":"Plattformwaage, der Bildschirm ist von der Waage getrennt, durch ein Kabel verbunden, f\u00fcr den Bereich bis 300 kg.","robots":{"index":"index","follow":"follow","max-snippet":"max-snippet:-1","max-image-preview":"max-image-preview:large","max-video-preview":"max-video-preview:-1"},"canonical":"https:\/\/sysmatec.ch\/de\/produit\/plattformwaage-kern-ift\/","og_locale":"de_DE","og_type":"article","og_title":"Plattformwaage KERN IFT - Sysmatec","og_description":"Plattformwaage, der Bildschirm ist von der Waage getrennt, durch ein Kabel verbunden, f\u00fcr den Bereich bis 300 kg.","og_url":"https:\/\/sysmatec.ch\/de\/produit\/plattformwaage-kern-ift\/","og_site_name":"Sysmatec","article_modified_time":"2021-11-25T20:16:19+00:00","og_image":[{"width":2560,"height":2365,"url":"https:\/\/sysmatec.ch\/wp-content\/uploads\/2021\/04\/Balance_IFT-10K-4L-scaled.jpg","type":"image\/jpeg"}],"twitter_card":"summary_large_image","twitter_misc":{"Gesch\u00e4tzte Lesezeit":"2\u00a0Minuten"},"schema":{"@context":"https:\/\/schema.org","@graph":[{"@type":"WebPage","@id":"https:\/\/sysmatec.ch\/de\/produit\/plattformwaage-kern-ift\/","url":"https:\/\/sysmatec.ch\/de\/produit\/plattformwaage-kern-ift\/","name":"Plattformwaage KERN IFT - Sysmatec","isPartOf":{"@id":"https:\/\/sysmatec.ch\/de\/#website"},"primaryImageOfPage":{"@id":"https:\/\/sysmatec.ch\/de\/produit\/plattformwaage-kern-ift\/#primaryimage"},"image":{"@id":"https:\/\/sysmatec.ch\/de\/produit\/plattformwaage-kern-ift\/#primaryimage"},"thumbnailUrl":"https:\/\/sysmatec.ch\/wp-content\/uploads\/2021\/04\/Balance_IFT-10K-4L-scaled.jpg","datePublished":"2021-04-03T11:20:22+00:00","dateModified":"2021-11-25T20:16:19+00:00","description":"Plattformwaage, der Bildschirm ist von der Waage getrennt, durch ein Kabel verbunden, f\u00fcr den Bereich bis 300 kg.","breadcrumb":{"@id":"https:\/\/sysmatec.ch\/de\/produit\/plattformwaage-kern-ift\/#breadcrumb"},"inLanguage":"de","potentialAction":[{"@type":"ReadAction","target":["https:\/\/sysmatec.ch\/de\/produit\/plattformwaage-kern-ift\/"]}]},{"@type":"ImageObject","inLanguage":"de","@id":"https:\/\/sysmatec.ch\/de\/produit\/plattformwaage-kern-ift\/#primaryimage","url":"https:\/\/sysmatec.ch\/wp-content\/uploads\/2021\/04\/Balance_IFT-10K-4L-scaled.jpg","contentUrl":"https:\/\/sysmatec.ch\/wp-content\/uploads\/2021\/04\/Balance_IFT-10K-4L-scaled.jpg","width":2560,"height":2365},{"@type":"BreadcrumbList","@id":"https:\/\/sysmatec.ch\/de\/produit\/plattformwaage-kern-ift\/#breadcrumb","itemListElement":[{"@type":"ListItem","position":1,"name":"Accueil","item":"https:\/\/sysmatec.ch\/de\/"},{"@type":"ListItem","position":2,"name":"Die Aktivit\u00e4t von Sysmatec","item":"https:\/\/sysmatec.ch\/de\/"},{"@type":"ListItem","position":3,"name":"Plattformwaage KERN IFT"}]},{"@type":"WebSite","@id":"https:\/\/sysmatec.ch\/de\/#website","url":"https:\/\/sysmatec.ch\/de\/","name":"Sysmatec","description":"Equipement de laboratoire et logiciels","publisher":{"@id":"https:\/\/sysmatec.ch\/de\/#organization"},"potentialAction":[{"@type":"SearchAction","target":{"@type":"EntryPoint","urlTemplate":"https:\/\/sysmatec.ch\/de\/?s={search_term_string}"},"query-input":{"@type":"PropertyValueSpecification","valueRequired":true,"valueName":"search_term_string"}}],"inLanguage":"de"},{"@type":"Organization","@id":"https:\/\/sysmatec.ch\/de\/#organization","name":"Sysmatec","url":"https:\/\/sysmatec.ch\/de\/","logo":{"@type":"ImageObject","inLanguage":"de","@id":"https:\/\/sysmatec.ch\/de\/#\/schema\/logo\/image\/","url":"https:\/\/sysmatec.ch\/wp-content\/uploads\/2018\/11\/LogoSysmatec.jpg","contentUrl":"https:\/\/sysmatec.ch\/wp-content\/uploads\/2018\/11\/LogoSysmatec.jpg","width":301,"height":297,"caption":"Sysmatec"},"image":{"@id":"https:\/\/sysmatec.ch\/de\/#\/schema\/logo\/image\/"}}]}},"_links":{"self":[{"href":"https:\/\/sysmatec.ch\/de\/wp-json\/wp\/v2\/product\/23851","targetHints":{"allow":["GET"]}}],"collection":[{"href":"https:\/\/sysmatec.ch\/de\/wp-json\/wp\/v2\/product"}],"about":[{"href":"https:\/\/sysmatec.ch\/de\/wp-json\/wp\/v2\/types\/product"}],"wp:featuredmedia":[{"embeddable":true,"href":"https:\/\/sysmatec.ch\/de\/wp-json\/wp\/v2\/media\/23902"}],"wp:attachment":[{"href":"https:\/\/sysmatec.ch\/de\/wp-json\/wp\/v2\/media?parent=23851"}],"wp:term":[{"taxonomy":"product_brand","embeddable":true,"href":"https:\/\/sysmatec.ch\/de\/wp-json\/wp\/v2\/product_brand?post=23851"},{"taxonomy":"product_cat","embeddable":true,"href":"https:\/\/sysmatec.ch\/de\/wp-json\/wp\/v2\/product_cat?post=23851"},{"taxonomy":"product_tag","embeddable":true,"href":"https:\/\/sysmatec.ch\/de\/wp-json\/wp\/v2\/product_tag?post=23851"}],"curies":[{"name":"wp","href":"https:\/\/api.w.org\/{rel}","templated":true}]}}