{"id":23642,"date":"2021-04-03T10:53:30","date_gmt":"2021-04-03T08:53:30","guid":{"rendered":"https:\/\/sysmatec.ch\/?post_type=product&#038;p=23642"},"modified":"2021-11-25T21:25:44","modified_gmt":"2021-11-25T20:25:44","slug":"plattform-waage-kern-sfb","status":"publish","type":"product","link":"https:\/\/sysmatec.ch\/de\/Produkt\/plattform-waage-kern-sfb\/","title":{"rendered":"Plattform Waage KERN SFB"},"content":{"rendered":"<ul id=\"kernList1\">\n<li>Waage gut geeignet f\u00fcr den rauen Industrieeinsatz<\/li>\n<li>Plattform: komplett aus Edelstahl, silikonbeschichtete Edelstahl-W\u00e4gezelle, Staub- und Spritzwasserschutz IP67<\/li>\n<li>Edelstahl-Auswerteger\u00e4t mit Schutzgrad IP65, nur im Akkubetrieb<\/li>\n<li>\n<div id=\"verweis_03\">\u00a0nur SFB-H, Stativ, serienm\u00e4\u00dfig, f\u00fcr Modelle mit W\u00e4geplattengr\u00f6\u00dfe: 300\u00d7240 mm: Stativh\u00f6he ca. 200 mm,\u00a0 400\u00d7300 mm: Stativh\u00f6he ca. 200 mm<\/div>\n<\/li>\n<li>\u00dcberlegene Displaygr\u00f6\u00dfe: Ziffernh\u00f6he 50 mm. Hell hinterleuchtet f\u00fcr bequemes Ablesen des W\u00e4gewerts auch bei schlechten Lichtverh\u00e4ltnissen<\/li>\n<\/ul>\n<table border=\"1\" width=\"486\" cellspacing=\"0\" cellpadding=\"2\">\n<tbody>\n<tr>\n<td>Waage Modell<\/td>\n<td width=\"10%\">Ablesbarkeit<\/td>\n<td width=\"10%\">W\u00e4gebereich<\/td>\n<td width=\"10%\">Platte<\/td>\n<\/tr>\n<tr>\n<td><\/td>\n<td width=\"10%\">g<\/td>\n<td width=\"10%\">kg<\/td>\n<td width=\"10%\">mm<\/td>\n<\/tr>\n<tr>\n<td>SFB 50K-3XL<\/td>\n<td width=\"10%\">5<\/td>\n<td width=\"10%\">50<\/td>\n<td width=\"10%\">500&#215;400<\/td>\n<\/tr>\n<tr>\n<td>SFB 100K-2L<\/td>\n<td width=\"10%\">10<\/td>\n<td width=\"10%\">100<\/td>\n<td width=\"10%\">500&#215;400<\/td>\n<\/tr>\n<tr>\n<td>SFB 100K-2XL<\/td>\n<td width=\"10%\">10<\/td>\n<td width=\"10%\">100<\/td>\n<td width=\"10%\">650&#215;500<\/td>\n<\/tr>\n<tr>\n<td>SFB 10K1HIP<\/td>\n<td width=\"10%\">1<\/td>\n<td width=\"10%\">100<\/td>\n<td width=\"10%\">300&#215;240<\/td>\n<\/tr>\n<tr>\n<td>SFB 20K2HIP<\/td>\n<td width=\"10%\">2<\/td>\n<td width=\"10%\">20<\/td>\n<td width=\"10%\">300&#215;240<\/td>\n<\/tr>\n<tr>\n<td>SFB 50K5HIP<\/td>\n<td width=\"10%\">5<\/td>\n<td width=\"10%\">50<\/td>\n<td width=\"10%\">300&#215;240<\/td>\n<\/tr>\n<tr>\n<td>SFB 50K5LHIP<\/td>\n<td width=\"10%\">5<\/td>\n<td width=\"10%\">50<\/td>\n<td width=\"10%\">400&#215;300<\/td>\n<\/tr>\n<tr>\n<td>SFB 100K10HIP<\/td>\n<td width=\"10%\">10<\/td>\n<td width=\"10%\">100<\/td>\n<td width=\"10%\">400&#215;300<\/td>\n<\/tr>\n<tr>\n<td>SFB 60K-2XLM<\/td>\n<td width=\"10%\">20<\/td>\n<td width=\"10%\">60<\/td>\n<td width=\"10%\">500&#215;400<\/td>\n<\/tr>\n<tr>\n<td>SFB 100K-2LM<\/td>\n<td width=\"10%\">50<\/td>\n<td width=\"10%\">150<\/td>\n<td width=\"10%\">500&#215;400<\/td>\n<\/tr>\n<tr>\n<td>SFB 15K5HIPM-2022e<\/td>\n<td width=\"10%\">5<\/td>\n<td width=\"10%\">15<\/td>\n<td width=\"10%\">300&#215;240<\/td>\n<\/tr>\n<tr>\n<td>SFB 30K10HIPM-2020a<\/td>\n<td width=\"10%\">10<\/td>\n<td width=\"10%\">30<\/td>\n<td width=\"10%\">300&#215;240<\/td>\n<\/tr>\n<tr>\n<td>SFB 60K20HIPM<\/td>\n<td width=\"10%\">20<\/td>\n<td width=\"10%\">60<\/td>\n<td width=\"10%\">300&#215;240<\/td>\n<\/tr>\n<tr>\n<td>SFB 60K20LHIPM<\/td>\n<td width=\"10%\">20<\/td>\n<td width=\"10%\">60<\/td>\n<td width=\"10%\">400&#215;300<\/td>\n<\/tr>\n<tr>\n<td>SFB 100K-2HM<\/td>\n<td width=\"10%\">50<\/td>\n<td width=\"10%\">150<\/td>\n<td width=\"10%\">400&#215;300<\/td>\n<\/tr>\n<\/tbody>\n<\/table>\n","protected":false},"excerpt":{"rendered":"<p>Plattform Waage, 0-10 kg to 0-150 kg<\/p>\n","protected":false},"featured_media":23749,"template":"","meta":{"_crdt_document":""},"product_brand":[],"product_cat":[165,339],"product_tag":[],"class_list":{"0":"post-23642","1":"product","2":"type-product","3":"status-publish","4":"has-post-thumbnail","6":"product_cat-gewicht","7":"product_cat-plattform","9":"first","10":"instock","11":"taxable","12":"shipping-taxable","13":"purchasable","14":"product-type-variable"},"yoast_head":"<!-- This site is optimized with the Yoast SEO plugin v27.3 - https:\/\/yoast.com\/product\/yoast-seo-wordpress\/ -->\n<title>Plattform Waage KERN SFB - Sysmatec<\/title>\n<meta name=\"description\" content=\"Plattformwaage, der Bildschirm ist von der Waage getrennt, durch ein Kabel verbunden, f\u00fcr den Bereich bis 150 kg.\" \/>\n<meta name=\"robots\" content=\"index, follow, max-snippet:-1, max-image-preview:large, max-video-preview:-1\" \/>\n<link rel=\"canonical\" href=\"https:\/\/sysmatec.ch\/de\/produit\/plattform-waage-kern-sfb\/\" \/>\n<meta property=\"og:locale\" content=\"de_DE\" \/>\n<meta property=\"og:type\" content=\"article\" \/>\n<meta property=\"og:title\" content=\"Plattform Waage KERN SFB - Sysmatec\" \/>\n<meta property=\"og:description\" content=\"Plattformwaage, der Bildschirm ist von der Waage getrennt, durch ein Kabel verbunden, f\u00fcr den Bereich bis 150 kg.\" \/>\n<meta property=\"og:url\" content=\"https:\/\/sysmatec.ch\/de\/produit\/plattform-waage-kern-sfb\/\" \/>\n<meta property=\"og:site_name\" content=\"Sysmatec\" \/>\n<meta property=\"article:modified_time\" content=\"2021-11-25T20:25:44+00:00\" \/>\n<meta property=\"og:image\" content=\"https:\/\/sysmatec.ch\/wp-content\/uploads\/2021\/04\/Balance_SFB-50K-3XL-1024x884.jpg\" \/>\n\t<meta property=\"og:image:width\" content=\"1024\" \/>\n\t<meta property=\"og:image:height\" content=\"884\" \/>\n\t<meta property=\"og:image:type\" content=\"image\/jpeg\" \/>\n<meta name=\"twitter:card\" content=\"summary_large_image\" \/>\n<meta name=\"twitter:label1\" content=\"Gesch\u00e4tzte Lesezeit\" \/>\n\t<meta name=\"twitter:data1\" content=\"1\u00a0Minute\" \/>\n<script type=\"application\/ld+json\" class=\"yoast-schema-graph\">{\"@context\":\"https:\\\/\\\/schema.org\",\"@graph\":[{\"@type\":\"WebPage\",\"@id\":\"https:\\\/\\\/sysmatec.ch\\\/de\\\/produit\\\/plattform-waage-kern-sfb\\\/\",\"url\":\"https:\\\/\\\/sysmatec.ch\\\/de\\\/produit\\\/plattform-waage-kern-sfb\\\/\",\"name\":\"Plattform Waage KERN SFB - Sysmatec\",\"isPartOf\":{\"@id\":\"https:\\\/\\\/sysmatec.ch\\\/de\\\/#website\"},\"primaryImageOfPage\":{\"@id\":\"https:\\\/\\\/sysmatec.ch\\\/de\\\/produit\\\/plattform-waage-kern-sfb\\\/#primaryimage\"},\"image\":{\"@id\":\"https:\\\/\\\/sysmatec.ch\\\/de\\\/produit\\\/plattform-waage-kern-sfb\\\/#primaryimage\"},\"thumbnailUrl\":\"https:\\\/\\\/sysmatec.ch\\\/wp-content\\\/uploads\\\/2021\\\/04\\\/Balance_SFB-50K-3XL.jpg\",\"datePublished\":\"2021-04-03T08:53:30+00:00\",\"dateModified\":\"2021-11-25T20:25:44+00:00\",\"description\":\"Plattformwaage, der Bildschirm ist von der Waage getrennt, durch ein Kabel verbunden, f\u00fcr den Bereich bis 150 kg.\",\"breadcrumb\":{\"@id\":\"https:\\\/\\\/sysmatec.ch\\\/de\\\/produit\\\/plattform-waage-kern-sfb\\\/#breadcrumb\"},\"inLanguage\":\"de\",\"potentialAction\":[{\"@type\":\"ReadAction\",\"target\":[\"https:\\\/\\\/sysmatec.ch\\\/de\\\/produit\\\/plattform-waage-kern-sfb\\\/\"]}]},{\"@type\":\"ImageObject\",\"inLanguage\":\"de\",\"@id\":\"https:\\\/\\\/sysmatec.ch\\\/de\\\/produit\\\/plattform-waage-kern-sfb\\\/#primaryimage\",\"url\":\"https:\\\/\\\/sysmatec.ch\\\/wp-content\\\/uploads\\\/2021\\\/04\\\/Balance_SFB-50K-3XL.jpg\",\"contentUrl\":\"https:\\\/\\\/sysmatec.ch\\\/wp-content\\\/uploads\\\/2021\\\/04\\\/Balance_SFB-50K-3XL.jpg\",\"width\":2238,\"height\":1932},{\"@type\":\"BreadcrumbList\",\"@id\":\"https:\\\/\\\/sysmatec.ch\\\/de\\\/produit\\\/plattform-waage-kern-sfb\\\/#breadcrumb\",\"itemListElement\":[{\"@type\":\"ListItem\",\"position\":1,\"name\":\"Accueil\",\"item\":\"https:\\\/\\\/sysmatec.ch\\\/de\\\/\"},{\"@type\":\"ListItem\",\"position\":2,\"name\":\"Die Aktivit\u00e4t von Sysmatec\",\"item\":\"https:\\\/\\\/sysmatec.ch\\\/de\\\/\"},{\"@type\":\"ListItem\",\"position\":3,\"name\":\"Plattform Waage KERN SFB\"}]},{\"@type\":\"WebSite\",\"@id\":\"https:\\\/\\\/sysmatec.ch\\\/de\\\/#website\",\"url\":\"https:\\\/\\\/sysmatec.ch\\\/de\\\/\",\"name\":\"Sysmatec\",\"description\":\"Equipement de laboratoire et logiciels\",\"publisher\":{\"@id\":\"https:\\\/\\\/sysmatec.ch\\\/de\\\/#organization\"},\"potentialAction\":[{\"@type\":\"SearchAction\",\"target\":{\"@type\":\"EntryPoint\",\"urlTemplate\":\"https:\\\/\\\/sysmatec.ch\\\/de\\\/?s={search_term_string}\"},\"query-input\":{\"@type\":\"PropertyValueSpecification\",\"valueRequired\":true,\"valueName\":\"search_term_string\"}}],\"inLanguage\":\"de\"},{\"@type\":\"Organization\",\"@id\":\"https:\\\/\\\/sysmatec.ch\\\/de\\\/#organization\",\"name\":\"Sysmatec\",\"url\":\"https:\\\/\\\/sysmatec.ch\\\/de\\\/\",\"logo\":{\"@type\":\"ImageObject\",\"inLanguage\":\"de\",\"@id\":\"https:\\\/\\\/sysmatec.ch\\\/de\\\/#\\\/schema\\\/logo\\\/image\\\/\",\"url\":\"https:\\\/\\\/sysmatec.ch\\\/wp-content\\\/uploads\\\/2018\\\/11\\\/LogoSysmatec.jpg\",\"contentUrl\":\"https:\\\/\\\/sysmatec.ch\\\/wp-content\\\/uploads\\\/2018\\\/11\\\/LogoSysmatec.jpg\",\"width\":301,\"height\":297,\"caption\":\"Sysmatec\"},\"image\":{\"@id\":\"https:\\\/\\\/sysmatec.ch\\\/de\\\/#\\\/schema\\\/logo\\\/image\\\/\"}}]}<\/script>\n<!-- \/ Yoast SEO plugin. -->","yoast_head_json":{"title":"Plattform Waage KERN SFB - Sysmatec","description":"Plattformwaage, der Bildschirm ist von der Waage getrennt, durch ein Kabel verbunden, f\u00fcr den Bereich bis 150 kg.","robots":{"index":"index","follow":"follow","max-snippet":"max-snippet:-1","max-image-preview":"max-image-preview:large","max-video-preview":"max-video-preview:-1"},"canonical":"https:\/\/sysmatec.ch\/de\/produit\/plattform-waage-kern-sfb\/","og_locale":"de_DE","og_type":"article","og_title":"Plattform Waage KERN SFB - Sysmatec","og_description":"Plattformwaage, der Bildschirm ist von der Waage getrennt, durch ein Kabel verbunden, f\u00fcr den Bereich bis 150 kg.","og_url":"https:\/\/sysmatec.ch\/de\/produit\/plattform-waage-kern-sfb\/","og_site_name":"Sysmatec","article_modified_time":"2021-11-25T20:25:44+00:00","og_image":[{"width":1024,"height":884,"url":"https:\/\/sysmatec.ch\/wp-content\/uploads\/2021\/04\/Balance_SFB-50K-3XL-1024x884.jpg","type":"image\/jpeg"}],"twitter_card":"summary_large_image","twitter_misc":{"Gesch\u00e4tzte Lesezeit":"1\u00a0Minute"},"schema":{"@context":"https:\/\/schema.org","@graph":[{"@type":"WebPage","@id":"https:\/\/sysmatec.ch\/de\/produit\/plattform-waage-kern-sfb\/","url":"https:\/\/sysmatec.ch\/de\/produit\/plattform-waage-kern-sfb\/","name":"Plattform Waage KERN SFB - Sysmatec","isPartOf":{"@id":"https:\/\/sysmatec.ch\/de\/#website"},"primaryImageOfPage":{"@id":"https:\/\/sysmatec.ch\/de\/produit\/plattform-waage-kern-sfb\/#primaryimage"},"image":{"@id":"https:\/\/sysmatec.ch\/de\/produit\/plattform-waage-kern-sfb\/#primaryimage"},"thumbnailUrl":"https:\/\/sysmatec.ch\/wp-content\/uploads\/2021\/04\/Balance_SFB-50K-3XL.jpg","datePublished":"2021-04-03T08:53:30+00:00","dateModified":"2021-11-25T20:25:44+00:00","description":"Plattformwaage, der Bildschirm ist von der Waage getrennt, durch ein Kabel verbunden, f\u00fcr den Bereich bis 150 kg.","breadcrumb":{"@id":"https:\/\/sysmatec.ch\/de\/produit\/plattform-waage-kern-sfb\/#breadcrumb"},"inLanguage":"de","potentialAction":[{"@type":"ReadAction","target":["https:\/\/sysmatec.ch\/de\/produit\/plattform-waage-kern-sfb\/"]}]},{"@type":"ImageObject","inLanguage":"de","@id":"https:\/\/sysmatec.ch\/de\/produit\/plattform-waage-kern-sfb\/#primaryimage","url":"https:\/\/sysmatec.ch\/wp-content\/uploads\/2021\/04\/Balance_SFB-50K-3XL.jpg","contentUrl":"https:\/\/sysmatec.ch\/wp-content\/uploads\/2021\/04\/Balance_SFB-50K-3XL.jpg","width":2238,"height":1932},{"@type":"BreadcrumbList","@id":"https:\/\/sysmatec.ch\/de\/produit\/plattform-waage-kern-sfb\/#breadcrumb","itemListElement":[{"@type":"ListItem","position":1,"name":"Accueil","item":"https:\/\/sysmatec.ch\/de\/"},{"@type":"ListItem","position":2,"name":"Die Aktivit\u00e4t von Sysmatec","item":"https:\/\/sysmatec.ch\/de\/"},{"@type":"ListItem","position":3,"name":"Plattform Waage KERN SFB"}]},{"@type":"WebSite","@id":"https:\/\/sysmatec.ch\/de\/#website","url":"https:\/\/sysmatec.ch\/de\/","name":"Sysmatec","description":"Equipement de laboratoire et logiciels","publisher":{"@id":"https:\/\/sysmatec.ch\/de\/#organization"},"potentialAction":[{"@type":"SearchAction","target":{"@type":"EntryPoint","urlTemplate":"https:\/\/sysmatec.ch\/de\/?s={search_term_string}"},"query-input":{"@type":"PropertyValueSpecification","valueRequired":true,"valueName":"search_term_string"}}],"inLanguage":"de"},{"@type":"Organization","@id":"https:\/\/sysmatec.ch\/de\/#organization","name":"Sysmatec","url":"https:\/\/sysmatec.ch\/de\/","logo":{"@type":"ImageObject","inLanguage":"de","@id":"https:\/\/sysmatec.ch\/de\/#\/schema\/logo\/image\/","url":"https:\/\/sysmatec.ch\/wp-content\/uploads\/2018\/11\/LogoSysmatec.jpg","contentUrl":"https:\/\/sysmatec.ch\/wp-content\/uploads\/2018\/11\/LogoSysmatec.jpg","width":301,"height":297,"caption":"Sysmatec"},"image":{"@id":"https:\/\/sysmatec.ch\/de\/#\/schema\/logo\/image\/"}}]}},"_links":{"self":[{"href":"https:\/\/sysmatec.ch\/de\/wp-json\/wp\/v2\/product\/23642","targetHints":{"allow":["GET"]}}],"collection":[{"href":"https:\/\/sysmatec.ch\/de\/wp-json\/wp\/v2\/product"}],"about":[{"href":"https:\/\/sysmatec.ch\/de\/wp-json\/wp\/v2\/types\/product"}],"wp:featuredmedia":[{"embeddable":true,"href":"https:\/\/sysmatec.ch\/de\/wp-json\/wp\/v2\/media\/23749"}],"wp:attachment":[{"href":"https:\/\/sysmatec.ch\/de\/wp-json\/wp\/v2\/media?parent=23642"}],"wp:term":[{"taxonomy":"product_brand","embeddable":true,"href":"https:\/\/sysmatec.ch\/de\/wp-json\/wp\/v2\/product_brand?post=23642"},{"taxonomy":"product_cat","embeddable":true,"href":"https:\/\/sysmatec.ch\/de\/wp-json\/wp\/v2\/product_cat?post=23642"},{"taxonomy":"product_tag","embeddable":true,"href":"https:\/\/sysmatec.ch\/de\/wp-json\/wp\/v2\/product_tag?post=23642"}],"curies":[{"name":"wp","href":"https:\/\/api.w.org\/{rel}","templated":true}]}}