{"id":2357,"date":"2019-01-04T21:55:01","date_gmt":"2019-01-04T20:55:01","guid":{"rendered":"https:\/\/sysmatec.ch\/produit\/bain-marie-ika-icc-basic-eco\/"},"modified":"2024-06-27T11:01:22","modified_gmt":"2024-06-27T09:01:22","slug":"wasserbad-ika-icc-basic-eco-8-c","status":"publish","type":"product","link":"https:\/\/sysmatec.ch\/de\/Produkt\/wasserbad-ika-icc-basic-eco-8-c\/","title":{"rendered":"Wasserbad Ika ICC basic eco 8 c"},"content":{"rendered":"<p>Das Bain-Marie-Set beinhaltet:<\/p>\n<ul>\n<li>ICC Basic Kompakt-Tauchthermostat<\/li>\n<li>Kunststoffbad IB 18 eco (18 Liter) oder IB 8 (8 Liter)<\/li>\n<li>CL.ICC-Cache<\/li>\n<li>BL.ICC-Montageplatte<\/li>\n<li>Pumpenanschlusssatz PCS.ICC<\/li>\n<li>CC2-K\u00fchlschlange<\/li>\n<li>Max. 100\u00b0C (Wasser)<\/li>\n<\/ul>\n<h2>Merkmale<\/h2>\n<ul>\n<li type=\"disc\">Klasseneinteilung nach DIN 12876: III<\/li>\n<li type=\"disc\">Kennzeichnung nach DIN 12876: F<\/li>\n<li type=\"disc\">Heizleistung: 2000 W<\/li>\n<li type=\"disc\">Betriebstemperatur:-20 \u00b0C bis 150 \u00b0C<\/li>\n<li type=\"disc\">Arbeitstemperatur: Raumtemp. +10K (bei 1000rpm) bis 150 \u00b0C<\/li>\n<li type=\"disc\">Temperaturanzeige: ja<\/li>\n<li type=\"disc\">Temperaturregelung: Pt 100<\/li>\n<li type=\"disc\">Sicherheitstemperaturf\u00fchler: Pt1000<\/li>\n<li type=\"disc\">Arbeitstemperaturanzeige: LED<\/li>\n<li type=\"disc\">Sicherheitstemperaturanzeige: LED<\/li>\n<li type=\"disc\">Temperaturkonstanz DIN 12876: 0.02 \u00b1K<\/li>\n<li type=\"disc\">Anzeigeaufl\u00f6sung: 0.1 \u00b1\u00b0C<\/li>\n<li type=\"disc\">Anzeige bei Betrieb mit ext. F\u00fchler: ja<\/li>\n<li type=\"disc\">Einstellgenauigkeit Heiztemperatur: 0.1 \u00b1K<\/li>\n<li type=\"disc\">Warnfunktion optisch: ja<\/li>\n<li type=\"disc\">Warnfunktion akustisch: ja<\/li>\n<li type=\"disc\">Warnfunktion \u00dcbertemperatur: ja<\/li>\n<li type=\"disc\">Warnfunktion Untertemperatur: nein<\/li>\n<li type=\"disc\">Sicherheitskreis einstellbar: 0 \u00b0C bis 160 \u00b0C<\/li>\n<li type=\"disc\">Unterniveauschutz: ja<\/li>\n<li type=\"disc\">\u00dcberniveauschutz: ja<\/li>\n<li type=\"disc\">Pumpentyp: Druck- \/ Saugpumpe<\/li>\n<li type=\"disc\">Pumpenleisung ver\u00e4nderbar: ja<\/li>\n<li type=\"disc\">Pumpendruck max. (0 Liter F\u00f6rderstrom): 0.3 bar<\/li>\n<li type=\"disc\">Pumpendruck (Saugseite) max. (0 Liter F\u00f6rderstrom): 0.2 bar<\/li>\n<li type=\"disc\">F\u00f6rderstrom max. (0 bar Gegendruck): 18 l\/min<\/li>\n<li type=\"disc\">Badtiefe min.: 150 mm<\/li>\n<li type=\"disc\">Kalibrierungsm\u00f6glichkeit: ja<\/li>\n<li type=\"disc\">Ger\u00e4tebefestigung: Klemme<\/li>\n<li type=\"disc\">Technische Daten nach Norm: DIN 12876<\/li>\n<li type=\"disc\">Zul\u00e4ssige Einschaltdauer: 100 %<\/li>\n<li type=\"disc\">Abmessungen (B x H x T): 145 x 340 x 200 mm<\/li>\n<li type=\"disc\">Gewicht: 3.75 kg<\/li>\n<li type=\"disc\">Zul\u00e4ssiger Umgebungstemperaturbereich: 5 bis 40 \u00b0C<\/li>\n<li type=\"disc\">Zul\u00e4ssige Relative Feuchte: 80 %<\/li>\n<li type=\"disc\">Schutzart nach DIN EN 60529: IP 21<\/li>\n<li type=\"disc\">RS 232 Schnittstelle: ja<\/li>\n<li type=\"disc\">USB Schnittstelle: ja<\/li>\n<li type=\"disc\">Spannung: 230 \/ 115 V<\/li>\n<li type=\"disc\">Frequenz: 50\/60 Hz<\/li>\n<li type=\"disc\">Ger\u00e4teaufnahmeleistung: 2100 W<\/li>\n<\/ul>\n","protected":false},"excerpt":{"rendered":"<p><span class=\"VIiyi\" lang=\"de\"><span class=\"JLqJ4b ChMk0b\" data-language-for-alternatives=\"de\" data-language-to-translate-into=\"fr\" data-phrase-index=\"5\" data-number-of-phrases=\"7\">Wasserbad, max.<\/span> <span class=\"JLqJ4b ChMk0b\" data-language-for-alternatives=\"de\" data-language-to-translate-into=\"fr\" data-phrase-index=\"6\" data-number-of-phrases=\"7\">100 \u00b0C, 18 l\/Min.<\/span><\/span><\/p>\n","protected":false},"featured_media":1159,"template":"","meta":{"_crdt_document":""},"product_brand":[],"product_cat":[153],"product_tag":[],"class_list":{"0":"post-2357","1":"product","2":"type-product","3":"status-publish","4":"has-post-thumbnail","6":"product_cat-wasserbad","8":"first","9":"instock","10":"taxable","11":"shipping-taxable","12":"product-type-simple"},"yoast_head":"<!-- This site is optimized with the Yoast SEO plugin v27.3 - https:\/\/yoast.com\/product\/yoast-seo-wordpress\/ -->\n<title>Wasserbad Ika ICC basic eco 8 c - Sysmatec<\/title>\n<meta name=\"description\" content=\"Wasserbad mit Umw\u00e4lzpumpe erh\u00e4ltlich. Entwickelt f\u00fcr die Warmwasserzirkulation in externen Tanks oder Reaktoren.\" \/>\n<meta name=\"robots\" content=\"index, follow, max-snippet:-1, max-image-preview:large, max-video-preview:-1\" \/>\n<link rel=\"canonical\" href=\"https:\/\/sysmatec.ch\/de\/Produkt\/wasserbad-ika-icc-basic-eco-8-c\/\" \/>\n<meta property=\"og:locale\" content=\"de_DE\" \/>\n<meta property=\"og:type\" content=\"article\" \/>\n<meta property=\"og:title\" content=\"Wasserbad Ika ICC basic eco 8 c - Sysmatec\" \/>\n<meta property=\"og:description\" content=\"Wasserbad mit Umw\u00e4lzpumpe erh\u00e4ltlich. Entwickelt f\u00fcr die Warmwasserzirkulation in externen Tanks oder Reaktoren.\" \/>\n<meta property=\"og:url\" content=\"https:\/\/sysmatec.ch\/de\/Produkt\/wasserbad-ika-icc-basic-eco-8-c\/\" \/>\n<meta property=\"og:site_name\" content=\"Sysmatec\" \/>\n<meta property=\"article:modified_time\" content=\"2024-06-27T09:01:22+00:00\" \/>\n<meta property=\"og:image\" content=\"https:\/\/sysmatec.ch\/wp-content\/uploads\/2019\/01\/Bain-marie_IKAICCBasicEco8.jpg\" \/>\n\t<meta property=\"og:image:width\" content=\"185\" \/>\n\t<meta property=\"og:image:height\" content=\"181\" \/>\n\t<meta property=\"og:image:type\" content=\"image\/jpeg\" \/>\n<meta name=\"twitter:card\" content=\"summary_large_image\" \/>\n<meta name=\"twitter:label1\" content=\"Gesch\u00e4tzte Lesezeit\" \/>\n\t<meta name=\"twitter:data1\" content=\"2\u00a0Minuten\" \/>\n<script type=\"application\/ld+json\" class=\"yoast-schema-graph\">{\"@context\":\"https:\\\/\\\/schema.org\",\"@graph\":[{\"@type\":\"WebPage\",\"@id\":\"https:\\\/\\\/sysmatec.ch\\\/de\\\/Produkt\\\/wasserbad-ika-icc-basic-eco-8-c\\\/\",\"url\":\"https:\\\/\\\/sysmatec.ch\\\/de\\\/Produkt\\\/wasserbad-ika-icc-basic-eco-8-c\\\/\",\"name\":\"Wasserbad Ika ICC basic eco 8 c - Sysmatec\",\"isPartOf\":{\"@id\":\"https:\\\/\\\/sysmatec.ch\\\/de\\\/#website\"},\"primaryImageOfPage\":{\"@id\":\"https:\\\/\\\/sysmatec.ch\\\/de\\\/Produkt\\\/wasserbad-ika-icc-basic-eco-8-c\\\/#primaryimage\"},\"image\":{\"@id\":\"https:\\\/\\\/sysmatec.ch\\\/de\\\/Produkt\\\/wasserbad-ika-icc-basic-eco-8-c\\\/#primaryimage\"},\"thumbnailUrl\":\"https:\\\/\\\/sysmatec.ch\\\/wp-content\\\/uploads\\\/2019\\\/01\\\/Bain-marie_IKAICCBasicEco8.jpg\",\"datePublished\":\"2019-01-04T20:55:01+00:00\",\"dateModified\":\"2024-06-27T09:01:22+00:00\",\"description\":\"Wasserbad mit Umw\u00e4lzpumpe erh\u00e4ltlich. Entwickelt f\u00fcr die Warmwasserzirkulation in externen Tanks oder Reaktoren.\",\"breadcrumb\":{\"@id\":\"https:\\\/\\\/sysmatec.ch\\\/de\\\/Produkt\\\/wasserbad-ika-icc-basic-eco-8-c\\\/#breadcrumb\"},\"inLanguage\":\"de\",\"potentialAction\":[{\"@type\":\"ReadAction\",\"target\":[\"https:\\\/\\\/sysmatec.ch\\\/de\\\/Produkt\\\/wasserbad-ika-icc-basic-eco-8-c\\\/\"]}]},{\"@type\":\"ImageObject\",\"inLanguage\":\"de\",\"@id\":\"https:\\\/\\\/sysmatec.ch\\\/de\\\/Produkt\\\/wasserbad-ika-icc-basic-eco-8-c\\\/#primaryimage\",\"url\":\"https:\\\/\\\/sysmatec.ch\\\/wp-content\\\/uploads\\\/2019\\\/01\\\/Bain-marie_IKAICCBasicEco8.jpg\",\"contentUrl\":\"https:\\\/\\\/sysmatec.ch\\\/wp-content\\\/uploads\\\/2019\\\/01\\\/Bain-marie_IKAICCBasicEco8.jpg\",\"width\":185,\"height\":181},{\"@type\":\"BreadcrumbList\",\"@id\":\"https:\\\/\\\/sysmatec.ch\\\/de\\\/Produkt\\\/wasserbad-ika-icc-basic-eco-8-c\\\/#breadcrumb\",\"itemListElement\":[{\"@type\":\"ListItem\",\"position\":1,\"name\":\"Accueil\",\"item\":\"https:\\\/\\\/sysmatec.ch\\\/de\\\/\"},{\"@type\":\"ListItem\",\"position\":2,\"name\":\"Die Aktivit\u00e4t von Sysmatec\",\"item\":\"https:\\\/\\\/sysmatec.ch\\\/de\\\/\"},{\"@type\":\"ListItem\",\"position\":3,\"name\":\"Wasserbad Ika ICC basic eco 8 c\"}]},{\"@type\":\"WebSite\",\"@id\":\"https:\\\/\\\/sysmatec.ch\\\/de\\\/#website\",\"url\":\"https:\\\/\\\/sysmatec.ch\\\/de\\\/\",\"name\":\"Sysmatec\",\"description\":\"Equipement de laboratoire et logiciels\",\"publisher\":{\"@id\":\"https:\\\/\\\/sysmatec.ch\\\/de\\\/#organization\"},\"potentialAction\":[{\"@type\":\"SearchAction\",\"target\":{\"@type\":\"EntryPoint\",\"urlTemplate\":\"https:\\\/\\\/sysmatec.ch\\\/de\\\/?s={search_term_string}\"},\"query-input\":{\"@type\":\"PropertyValueSpecification\",\"valueRequired\":true,\"valueName\":\"search_term_string\"}}],\"inLanguage\":\"de\"},{\"@type\":\"Organization\",\"@id\":\"https:\\\/\\\/sysmatec.ch\\\/de\\\/#organization\",\"name\":\"Sysmatec\",\"url\":\"https:\\\/\\\/sysmatec.ch\\\/de\\\/\",\"logo\":{\"@type\":\"ImageObject\",\"inLanguage\":\"de\",\"@id\":\"https:\\\/\\\/sysmatec.ch\\\/de\\\/#\\\/schema\\\/logo\\\/image\\\/\",\"url\":\"https:\\\/\\\/sysmatec.ch\\\/wp-content\\\/uploads\\\/2018\\\/11\\\/LogoSysmatec.jpg\",\"contentUrl\":\"https:\\\/\\\/sysmatec.ch\\\/wp-content\\\/uploads\\\/2018\\\/11\\\/LogoSysmatec.jpg\",\"width\":301,\"height\":297,\"caption\":\"Sysmatec\"},\"image\":{\"@id\":\"https:\\\/\\\/sysmatec.ch\\\/de\\\/#\\\/schema\\\/logo\\\/image\\\/\"}}]}<\/script>\n<!-- \/ Yoast SEO plugin. -->","yoast_head_json":{"title":"Wasserbad Ika ICC basic eco 8 c - Sysmatec","description":"Wasserbad mit Umw\u00e4lzpumpe erh\u00e4ltlich. Entwickelt f\u00fcr die Warmwasserzirkulation in externen Tanks oder Reaktoren.","robots":{"index":"index","follow":"follow","max-snippet":"max-snippet:-1","max-image-preview":"max-image-preview:large","max-video-preview":"max-video-preview:-1"},"canonical":"https:\/\/sysmatec.ch\/de\/Produkt\/wasserbad-ika-icc-basic-eco-8-c\/","og_locale":"de_DE","og_type":"article","og_title":"Wasserbad Ika ICC basic eco 8 c - Sysmatec","og_description":"Wasserbad mit Umw\u00e4lzpumpe erh\u00e4ltlich. Entwickelt f\u00fcr die Warmwasserzirkulation in externen Tanks oder Reaktoren.","og_url":"https:\/\/sysmatec.ch\/de\/Produkt\/wasserbad-ika-icc-basic-eco-8-c\/","og_site_name":"Sysmatec","article_modified_time":"2024-06-27T09:01:22+00:00","og_image":[{"width":185,"height":181,"url":"https:\/\/sysmatec.ch\/wp-content\/uploads\/2019\/01\/Bain-marie_IKAICCBasicEco8.jpg","type":"image\/jpeg"}],"twitter_card":"summary_large_image","twitter_misc":{"Gesch\u00e4tzte Lesezeit":"2\u00a0Minuten"},"schema":{"@context":"https:\/\/schema.org","@graph":[{"@type":"WebPage","@id":"https:\/\/sysmatec.ch\/de\/Produkt\/wasserbad-ika-icc-basic-eco-8-c\/","url":"https:\/\/sysmatec.ch\/de\/Produkt\/wasserbad-ika-icc-basic-eco-8-c\/","name":"Wasserbad Ika ICC basic eco 8 c - Sysmatec","isPartOf":{"@id":"https:\/\/sysmatec.ch\/de\/#website"},"primaryImageOfPage":{"@id":"https:\/\/sysmatec.ch\/de\/Produkt\/wasserbad-ika-icc-basic-eco-8-c\/#primaryimage"},"image":{"@id":"https:\/\/sysmatec.ch\/de\/Produkt\/wasserbad-ika-icc-basic-eco-8-c\/#primaryimage"},"thumbnailUrl":"https:\/\/sysmatec.ch\/wp-content\/uploads\/2019\/01\/Bain-marie_IKAICCBasicEco8.jpg","datePublished":"2019-01-04T20:55:01+00:00","dateModified":"2024-06-27T09:01:22+00:00","description":"Wasserbad mit Umw\u00e4lzpumpe erh\u00e4ltlich. Entwickelt f\u00fcr die Warmwasserzirkulation in externen Tanks oder Reaktoren.","breadcrumb":{"@id":"https:\/\/sysmatec.ch\/de\/Produkt\/wasserbad-ika-icc-basic-eco-8-c\/#breadcrumb"},"inLanguage":"de","potentialAction":[{"@type":"ReadAction","target":["https:\/\/sysmatec.ch\/de\/Produkt\/wasserbad-ika-icc-basic-eco-8-c\/"]}]},{"@type":"ImageObject","inLanguage":"de","@id":"https:\/\/sysmatec.ch\/de\/Produkt\/wasserbad-ika-icc-basic-eco-8-c\/#primaryimage","url":"https:\/\/sysmatec.ch\/wp-content\/uploads\/2019\/01\/Bain-marie_IKAICCBasicEco8.jpg","contentUrl":"https:\/\/sysmatec.ch\/wp-content\/uploads\/2019\/01\/Bain-marie_IKAICCBasicEco8.jpg","width":185,"height":181},{"@type":"BreadcrumbList","@id":"https:\/\/sysmatec.ch\/de\/Produkt\/wasserbad-ika-icc-basic-eco-8-c\/#breadcrumb","itemListElement":[{"@type":"ListItem","position":1,"name":"Accueil","item":"https:\/\/sysmatec.ch\/de\/"},{"@type":"ListItem","position":2,"name":"Die Aktivit\u00e4t von Sysmatec","item":"https:\/\/sysmatec.ch\/de\/"},{"@type":"ListItem","position":3,"name":"Wasserbad Ika ICC basic eco 8 c"}]},{"@type":"WebSite","@id":"https:\/\/sysmatec.ch\/de\/#website","url":"https:\/\/sysmatec.ch\/de\/","name":"Sysmatec","description":"Equipement de laboratoire et logiciels","publisher":{"@id":"https:\/\/sysmatec.ch\/de\/#organization"},"potentialAction":[{"@type":"SearchAction","target":{"@type":"EntryPoint","urlTemplate":"https:\/\/sysmatec.ch\/de\/?s={search_term_string}"},"query-input":{"@type":"PropertyValueSpecification","valueRequired":true,"valueName":"search_term_string"}}],"inLanguage":"de"},{"@type":"Organization","@id":"https:\/\/sysmatec.ch\/de\/#organization","name":"Sysmatec","url":"https:\/\/sysmatec.ch\/de\/","logo":{"@type":"ImageObject","inLanguage":"de","@id":"https:\/\/sysmatec.ch\/de\/#\/schema\/logo\/image\/","url":"https:\/\/sysmatec.ch\/wp-content\/uploads\/2018\/11\/LogoSysmatec.jpg","contentUrl":"https:\/\/sysmatec.ch\/wp-content\/uploads\/2018\/11\/LogoSysmatec.jpg","width":301,"height":297,"caption":"Sysmatec"},"image":{"@id":"https:\/\/sysmatec.ch\/de\/#\/schema\/logo\/image\/"}}]}},"_links":{"self":[{"href":"https:\/\/sysmatec.ch\/de\/wp-json\/wp\/v2\/product\/2357","targetHints":{"allow":["GET"]}}],"collection":[{"href":"https:\/\/sysmatec.ch\/de\/wp-json\/wp\/v2\/product"}],"about":[{"href":"https:\/\/sysmatec.ch\/de\/wp-json\/wp\/v2\/types\/product"}],"wp:featuredmedia":[{"embeddable":true,"href":"https:\/\/sysmatec.ch\/de\/wp-json\/wp\/v2\/media\/1159"}],"wp:attachment":[{"href":"https:\/\/sysmatec.ch\/de\/wp-json\/wp\/v2\/media?parent=2357"}],"wp:term":[{"taxonomy":"product_brand","embeddable":true,"href":"https:\/\/sysmatec.ch\/de\/wp-json\/wp\/v2\/product_brand?post=2357"},{"taxonomy":"product_cat","embeddable":true,"href":"https:\/\/sysmatec.ch\/de\/wp-json\/wp\/v2\/product_cat?post=2357"},{"taxonomy":"product_tag","embeddable":true,"href":"https:\/\/sysmatec.ch\/de\/wp-json\/wp\/v2\/product_tag?post=2357"}],"curies":[{"name":"wp","href":"https:\/\/api.w.org\/{rel}","templated":true}]}}