{"id":2352,"date":"2019-01-04T22:05:10","date_gmt":"2019-01-04T21:05:10","guid":{"rendered":"https:\/\/sysmatec.ch\/produit\/bain-marie-multiple-rwb\/"},"modified":"2022-03-11T17:03:43","modified_gmt":"2022-03-11T16:03:43","slug":"reihenwasserbad-rwb","status":"publish","type":"product","link":"https:\/\/sysmatec.ch\/de\/Produkt\/reihenwasserbad-rwb\/","title":{"rendered":"Reihenwasserbad RWB"},"content":{"rendered":"<p>Reihenwasserb\u00e4der f\u00fcr Extraktion oder Destillation mit Ether oder anderen brennbaren Medien.<\/p>\n<p>Die Beheizung erfolgt durch ein Umw\u00e4lzthermostat, das au\u00dferhalb des Gefahrenbereiches positioniert werden muss.<\/p>\n<p>Verschiedene Modelle:<\/p>\n<ul>\n<li type=\"disc\">RWB 4: f\u00fcr 4 Rundkolben<\/li>\n<li type=\"disc\">RWB 6: f\u00fcr 6 Rundkolben<\/li>\n<li type=\"disc\">RWB 10: f\u00fcr 10 Rundkolben<\/li>\n<\/ul>\n","protected":false},"excerpt":{"rendered":"<p>Reihenwasserbad<\/p>\n","protected":false},"featured_media":1161,"template":"","meta":{"_crdt_document":""},"product_brand":[],"product_cat":[153],"product_tag":[],"class_list":{"0":"post-2352","1":"product","2":"type-product","3":"status-publish","4":"has-post-thumbnail","6":"product_cat-wasserbad","8":"first","9":"instock","10":"taxable","11":"shipping-taxable","12":"product-type-simple"},"yoast_head":"<!-- This site is optimized with the Yoast SEO plugin v27.3 - https:\/\/yoast.com\/product\/yoast-seo-wordpress\/ -->\n<title>Reihenwasserbad RWB - Sysmatec<\/title>\n<meta name=\"description\" content=\"Wasserbad f\u00fcr die Extraktion oder Destillation von brennbaren Produkten. Erh\u00e4ltlich mit 4, 6 oder 10 Steckpl\u00e4tzen.\" \/>\n<meta name=\"robots\" content=\"index, follow, max-snippet:-1, max-image-preview:large, max-video-preview:-1\" \/>\n<link rel=\"canonical\" href=\"https:\/\/sysmatec.ch\/de\/produit\/reihenwasserbad-rwb\/\" \/>\n<meta property=\"og:locale\" content=\"de_DE\" \/>\n<meta property=\"og:type\" content=\"article\" \/>\n<meta property=\"og:title\" content=\"Reihenwasserbad RWB - Sysmatec\" \/>\n<meta property=\"og:description\" content=\"Wasserbad f\u00fcr die Extraktion oder Destillation von brennbaren Produkten. Erh\u00e4ltlich mit 4, 6 oder 10 Steckpl\u00e4tzen.\" \/>\n<meta property=\"og:url\" content=\"https:\/\/sysmatec.ch\/de\/produit\/reihenwasserbad-rwb\/\" \/>\n<meta property=\"og:site_name\" content=\"Sysmatec\" \/>\n<meta property=\"article:modified_time\" content=\"2022-03-11T16:03:43+00:00\" \/>\n<meta property=\"og:image\" content=\"https:\/\/sysmatec.ch\/wp-content\/uploads\/2019\/01\/Bain-marie_AerneRWB.jpg\" \/>\n\t<meta property=\"og:image:width\" content=\"189\" \/>\n\t<meta property=\"og:image:height\" content=\"127\" \/>\n\t<meta property=\"og:image:type\" content=\"image\/jpeg\" \/>\n<meta name=\"twitter:card\" content=\"summary_large_image\" \/>\n<script type=\"application\/ld+json\" class=\"yoast-schema-graph\">{\"@context\":\"https:\\\/\\\/schema.org\",\"@graph\":[{\"@type\":\"WebPage\",\"@id\":\"https:\\\/\\\/sysmatec.ch\\\/de\\\/produit\\\/reihenwasserbad-rwb\\\/\",\"url\":\"https:\\\/\\\/sysmatec.ch\\\/de\\\/produit\\\/reihenwasserbad-rwb\\\/\",\"name\":\"Reihenwasserbad RWB - Sysmatec\",\"isPartOf\":{\"@id\":\"https:\\\/\\\/sysmatec.ch\\\/de\\\/#website\"},\"primaryImageOfPage\":{\"@id\":\"https:\\\/\\\/sysmatec.ch\\\/de\\\/produit\\\/reihenwasserbad-rwb\\\/#primaryimage\"},\"image\":{\"@id\":\"https:\\\/\\\/sysmatec.ch\\\/de\\\/produit\\\/reihenwasserbad-rwb\\\/#primaryimage\"},\"thumbnailUrl\":\"https:\\\/\\\/sysmatec.ch\\\/wp-content\\\/uploads\\\/2019\\\/01\\\/Bain-marie_AerneRWB.jpg\",\"datePublished\":\"2019-01-04T21:05:10+00:00\",\"dateModified\":\"2022-03-11T16:03:43+00:00\",\"description\":\"Wasserbad f\u00fcr die Extraktion oder Destillation von brennbaren Produkten. Erh\u00e4ltlich mit 4, 6 oder 10 Steckpl\u00e4tzen.\",\"breadcrumb\":{\"@id\":\"https:\\\/\\\/sysmatec.ch\\\/de\\\/produit\\\/reihenwasserbad-rwb\\\/#breadcrumb\"},\"inLanguage\":\"de\",\"potentialAction\":[{\"@type\":\"ReadAction\",\"target\":[\"https:\\\/\\\/sysmatec.ch\\\/de\\\/produit\\\/reihenwasserbad-rwb\\\/\"]}]},{\"@type\":\"ImageObject\",\"inLanguage\":\"de\",\"@id\":\"https:\\\/\\\/sysmatec.ch\\\/de\\\/produit\\\/reihenwasserbad-rwb\\\/#primaryimage\",\"url\":\"https:\\\/\\\/sysmatec.ch\\\/wp-content\\\/uploads\\\/2019\\\/01\\\/Bain-marie_AerneRWB.jpg\",\"contentUrl\":\"https:\\\/\\\/sysmatec.ch\\\/wp-content\\\/uploads\\\/2019\\\/01\\\/Bain-marie_AerneRWB.jpg\",\"width\":189,\"height\":127},{\"@type\":\"BreadcrumbList\",\"@id\":\"https:\\\/\\\/sysmatec.ch\\\/de\\\/produit\\\/reihenwasserbad-rwb\\\/#breadcrumb\",\"itemListElement\":[{\"@type\":\"ListItem\",\"position\":1,\"name\":\"Accueil\",\"item\":\"https:\\\/\\\/sysmatec.ch\\\/de\\\/\"},{\"@type\":\"ListItem\",\"position\":2,\"name\":\"Die Aktivit\u00e4t von Sysmatec\",\"item\":\"https:\\\/\\\/sysmatec.ch\\\/de\\\/\"},{\"@type\":\"ListItem\",\"position\":3,\"name\":\"Reihenwasserbad RWB\"}]},{\"@type\":\"WebSite\",\"@id\":\"https:\\\/\\\/sysmatec.ch\\\/de\\\/#website\",\"url\":\"https:\\\/\\\/sysmatec.ch\\\/de\\\/\",\"name\":\"Sysmatec\",\"description\":\"Equipement de laboratoire et logiciels\",\"publisher\":{\"@id\":\"https:\\\/\\\/sysmatec.ch\\\/de\\\/#organization\"},\"potentialAction\":[{\"@type\":\"SearchAction\",\"target\":{\"@type\":\"EntryPoint\",\"urlTemplate\":\"https:\\\/\\\/sysmatec.ch\\\/de\\\/?s={search_term_string}\"},\"query-input\":{\"@type\":\"PropertyValueSpecification\",\"valueRequired\":true,\"valueName\":\"search_term_string\"}}],\"inLanguage\":\"de\"},{\"@type\":\"Organization\",\"@id\":\"https:\\\/\\\/sysmatec.ch\\\/de\\\/#organization\",\"name\":\"Sysmatec\",\"url\":\"https:\\\/\\\/sysmatec.ch\\\/de\\\/\",\"logo\":{\"@type\":\"ImageObject\",\"inLanguage\":\"de\",\"@id\":\"https:\\\/\\\/sysmatec.ch\\\/de\\\/#\\\/schema\\\/logo\\\/image\\\/\",\"url\":\"https:\\\/\\\/sysmatec.ch\\\/wp-content\\\/uploads\\\/2018\\\/11\\\/LogoSysmatec.jpg\",\"contentUrl\":\"https:\\\/\\\/sysmatec.ch\\\/wp-content\\\/uploads\\\/2018\\\/11\\\/LogoSysmatec.jpg\",\"width\":301,\"height\":297,\"caption\":\"Sysmatec\"},\"image\":{\"@id\":\"https:\\\/\\\/sysmatec.ch\\\/de\\\/#\\\/schema\\\/logo\\\/image\\\/\"}}]}<\/script>\n<!-- \/ Yoast SEO plugin. -->","yoast_head_json":{"title":"Reihenwasserbad RWB - Sysmatec","description":"Wasserbad f\u00fcr die Extraktion oder Destillation von brennbaren Produkten. Erh\u00e4ltlich mit 4, 6 oder 10 Steckpl\u00e4tzen.","robots":{"index":"index","follow":"follow","max-snippet":"max-snippet:-1","max-image-preview":"max-image-preview:large","max-video-preview":"max-video-preview:-1"},"canonical":"https:\/\/sysmatec.ch\/de\/produit\/reihenwasserbad-rwb\/","og_locale":"de_DE","og_type":"article","og_title":"Reihenwasserbad RWB - Sysmatec","og_description":"Wasserbad f\u00fcr die Extraktion oder Destillation von brennbaren Produkten. Erh\u00e4ltlich mit 4, 6 oder 10 Steckpl\u00e4tzen.","og_url":"https:\/\/sysmatec.ch\/de\/produit\/reihenwasserbad-rwb\/","og_site_name":"Sysmatec","article_modified_time":"2022-03-11T16:03:43+00:00","og_image":[{"width":189,"height":127,"url":"https:\/\/sysmatec.ch\/wp-content\/uploads\/2019\/01\/Bain-marie_AerneRWB.jpg","type":"image\/jpeg"}],"twitter_card":"summary_large_image","schema":{"@context":"https:\/\/schema.org","@graph":[{"@type":"WebPage","@id":"https:\/\/sysmatec.ch\/de\/produit\/reihenwasserbad-rwb\/","url":"https:\/\/sysmatec.ch\/de\/produit\/reihenwasserbad-rwb\/","name":"Reihenwasserbad RWB - Sysmatec","isPartOf":{"@id":"https:\/\/sysmatec.ch\/de\/#website"},"primaryImageOfPage":{"@id":"https:\/\/sysmatec.ch\/de\/produit\/reihenwasserbad-rwb\/#primaryimage"},"image":{"@id":"https:\/\/sysmatec.ch\/de\/produit\/reihenwasserbad-rwb\/#primaryimage"},"thumbnailUrl":"https:\/\/sysmatec.ch\/wp-content\/uploads\/2019\/01\/Bain-marie_AerneRWB.jpg","datePublished":"2019-01-04T21:05:10+00:00","dateModified":"2022-03-11T16:03:43+00:00","description":"Wasserbad f\u00fcr die Extraktion oder Destillation von brennbaren Produkten. Erh\u00e4ltlich mit 4, 6 oder 10 Steckpl\u00e4tzen.","breadcrumb":{"@id":"https:\/\/sysmatec.ch\/de\/produit\/reihenwasserbad-rwb\/#breadcrumb"},"inLanguage":"de","potentialAction":[{"@type":"ReadAction","target":["https:\/\/sysmatec.ch\/de\/produit\/reihenwasserbad-rwb\/"]}]},{"@type":"ImageObject","inLanguage":"de","@id":"https:\/\/sysmatec.ch\/de\/produit\/reihenwasserbad-rwb\/#primaryimage","url":"https:\/\/sysmatec.ch\/wp-content\/uploads\/2019\/01\/Bain-marie_AerneRWB.jpg","contentUrl":"https:\/\/sysmatec.ch\/wp-content\/uploads\/2019\/01\/Bain-marie_AerneRWB.jpg","width":189,"height":127},{"@type":"BreadcrumbList","@id":"https:\/\/sysmatec.ch\/de\/produit\/reihenwasserbad-rwb\/#breadcrumb","itemListElement":[{"@type":"ListItem","position":1,"name":"Accueil","item":"https:\/\/sysmatec.ch\/de\/"},{"@type":"ListItem","position":2,"name":"Die Aktivit\u00e4t von Sysmatec","item":"https:\/\/sysmatec.ch\/de\/"},{"@type":"ListItem","position":3,"name":"Reihenwasserbad RWB"}]},{"@type":"WebSite","@id":"https:\/\/sysmatec.ch\/de\/#website","url":"https:\/\/sysmatec.ch\/de\/","name":"Sysmatec","description":"Equipement de laboratoire et logiciels","publisher":{"@id":"https:\/\/sysmatec.ch\/de\/#organization"},"potentialAction":[{"@type":"SearchAction","target":{"@type":"EntryPoint","urlTemplate":"https:\/\/sysmatec.ch\/de\/?s={search_term_string}"},"query-input":{"@type":"PropertyValueSpecification","valueRequired":true,"valueName":"search_term_string"}}],"inLanguage":"de"},{"@type":"Organization","@id":"https:\/\/sysmatec.ch\/de\/#organization","name":"Sysmatec","url":"https:\/\/sysmatec.ch\/de\/","logo":{"@type":"ImageObject","inLanguage":"de","@id":"https:\/\/sysmatec.ch\/de\/#\/schema\/logo\/image\/","url":"https:\/\/sysmatec.ch\/wp-content\/uploads\/2018\/11\/LogoSysmatec.jpg","contentUrl":"https:\/\/sysmatec.ch\/wp-content\/uploads\/2018\/11\/LogoSysmatec.jpg","width":301,"height":297,"caption":"Sysmatec"},"image":{"@id":"https:\/\/sysmatec.ch\/de\/#\/schema\/logo\/image\/"}}]}},"_links":{"self":[{"href":"https:\/\/sysmatec.ch\/de\/wp-json\/wp\/v2\/product\/2352","targetHints":{"allow":["GET"]}}],"collection":[{"href":"https:\/\/sysmatec.ch\/de\/wp-json\/wp\/v2\/product"}],"about":[{"href":"https:\/\/sysmatec.ch\/de\/wp-json\/wp\/v2\/types\/product"}],"wp:featuredmedia":[{"embeddable":true,"href":"https:\/\/sysmatec.ch\/de\/wp-json\/wp\/v2\/media\/1161"}],"wp:attachment":[{"href":"https:\/\/sysmatec.ch\/de\/wp-json\/wp\/v2\/media?parent=2352"}],"wp:term":[{"taxonomy":"product_brand","embeddable":true,"href":"https:\/\/sysmatec.ch\/de\/wp-json\/wp\/v2\/product_brand?post=2352"},{"taxonomy":"product_cat","embeddable":true,"href":"https:\/\/sysmatec.ch\/de\/wp-json\/wp\/v2\/product_cat?post=2352"},{"taxonomy":"product_tag","embeddable":true,"href":"https:\/\/sysmatec.ch\/de\/wp-json\/wp\/v2\/product_tag?post=2352"}],"curies":[{"name":"wp","href":"https:\/\/api.w.org\/{rel}","templated":true}]}}