{"id":2348,"date":"2019-01-04T22:20:27","date_gmt":"2019-01-04T21:20:27","guid":{"rendered":"https:\/\/sysmatec.ch\/produit\/bec-bunsen-schuett-phoenix-ii\/"},"modified":"2022-03-11T16:57:52","modified_gmt":"2022-03-11T15:57:52","slug":"sicherheits-bunsenbrenner-schuett-phoenix-ii","status":"publish","type":"product","link":"https:\/\/sysmatec.ch\/de\/Produkt\/sicherheits-bunsenbrenner-schuett-phoenix-ii\/","title":{"rendered":"Sicherheits-Bunsenbrenner schuett phoenix II"},"content":{"rendered":"<ul>\n<li>Komfortables Arbeiten wahlweise per Handbetrieb, Fu\u00dfschalter oder Bewegungssensor<\/li>\n<li>Kontrollierte Brenndauer 1 sec bis 120 min (w\u00e4hlbar), Brennzeitanzeige in allen Betriebsarten<\/li>\n<li>Automatische Sicherheitsabschaltung bei Nichtbenutzung<\/li>\n<li>Sensor-Aktivierung 1x\/2x<\/li>\n<li>\u00dcberhitzungsschutz\/Brennerkontrolle durch Sensoren, z.B. Temperatur des Brennerkopfes (Warnung im Display)<\/li>\n<li>Exakte \u00f6konomische Flammenregulierung<\/li>\n<li>Stabile Flamme, auch bei starkem Luftstrom<\/li>\n<li>Flammen- und Z\u00fcndungs\u00fcberwachung<\/li>\n<li>Neigungsverstellung rechts oder links<\/li>\n<\/ul>\n<p>3 Modelle zur Auswahl:<\/p>\n<p>schuett phoenix II eco (ohne Display\/Sensor, mit Fu\u00dftaster)<\/p>\n<ul>\n<li>Z\u00fcnden der Flamme per Fu\u00dftaster oder Knopfdruck (AN\/AUS).<\/li>\n<li>Low-Cost-Modell, optimal f\u00fcr die Sicherheitswerkbank.<\/li>\n<\/ul>\n<p>schuett phoenix II standard (Farb-Display und Sprachauswahl, Sensor und Fu\u00dftaster)<\/p>\n<ul>\n<li>Z\u00fcnden der Flamme per Sensor 1x\/2x, Fu\u00dftaster oder Hand-Knopfdruck (AN\/AUS). Mit Brennzeitanzeige.<\/li>\n<\/ul>\n<p>schuett phoenix II accu (Farb-Display und Sprachauswahl, Sensor, integrierter Hochleistungsakku)<\/p>\n<ul>\n<li>Z\u00fcnden der Flamme per Sensor 1x\/2x, Fu\u00dftaster oder Hand-Knopfdruck (AN\/AUS). Mit Brennzeitanzeige und Akku-Statusanzeige.<\/li>\n<li>Im Geh\u00e4use integrierter Hochleistungsakku f\u00fcr bis zu 30 Stunden Betriebsdauer (Schnell-Ladestation mit \u00dcberladeschutz), ideal f\u00fcr den mobilen Einsatz.<\/li>\n<\/ul>\n","protected":false},"excerpt":{"rendered":"<p>Elektronischer Sicherheits-Bunsenbrenner<\/p>\n","protected":false},"featured_media":1165,"template":"","meta":{"_crdt_document":""},"product_brand":[],"product_cat":[151],"product_tag":[],"class_list":{"0":"post-2348","1":"product","2":"type-product","3":"status-publish","4":"has-post-thumbnail","6":"product_cat-bunsenbrenner","8":"first","9":"instock","10":"taxable","11":"shipping-taxable","12":"product-type-simple"},"yoast_head":"<!-- This site is optimized with the Yoast SEO plugin v27.3 - https:\/\/yoast.com\/product\/yoast-seo-wordpress\/ -->\n<title>Sicherheits-Bunsenbrenner schuett phoenix II - Sysmatec<\/title>\n<meta name=\"description\" content=\"Bunsenbrenner mit einstellbarer Flammendauer von 1 Sek. bis 120 Min. \u00dcberhitzungsschutz, Fu\u00dfpedalsteuerung optional.\" \/>\n<meta name=\"robots\" content=\"index, follow, max-snippet:-1, max-image-preview:large, max-video-preview:-1\" \/>\n<link rel=\"canonical\" href=\"https:\/\/sysmatec.ch\/de\/produit\/sicherheits-bunsenbrenner-schuett-phoenix-ii\/\" \/>\n<meta property=\"og:locale\" content=\"de_DE\" \/>\n<meta property=\"og:type\" content=\"article\" \/>\n<meta property=\"og:title\" content=\"Sicherheits-Bunsenbrenner schuett phoenix II - Sysmatec\" \/>\n<meta property=\"og:description\" content=\"Bunsenbrenner mit einstellbarer Flammendauer von 1 Sek. bis 120 Min. \u00dcberhitzungsschutz, Fu\u00dfpedalsteuerung optional.\" \/>\n<meta property=\"og:url\" content=\"https:\/\/sysmatec.ch\/de\/produit\/sicherheits-bunsenbrenner-schuett-phoenix-ii\/\" \/>\n<meta property=\"og:site_name\" content=\"Sysmatec\" \/>\n<meta property=\"article:modified_time\" content=\"2022-03-11T15:57:52+00:00\" \/>\n<meta property=\"og:image\" content=\"https:\/\/sysmatec.ch\/wp-content\/uploads\/2019\/01\/BecBunsen_SchuettBurner.jpg\" \/>\n\t<meta property=\"og:image:width\" content=\"186\" \/>\n\t<meta property=\"og:image:height\" content=\"482\" \/>\n\t<meta property=\"og:image:type\" content=\"image\/jpeg\" \/>\n<meta name=\"twitter:card\" content=\"summary_large_image\" \/>\n<meta name=\"twitter:label1\" content=\"Gesch\u00e4tzte Lesezeit\" \/>\n\t<meta name=\"twitter:data1\" content=\"1\u00a0Minute\" \/>\n<script type=\"application\/ld+json\" class=\"yoast-schema-graph\">{\"@context\":\"https:\\\/\\\/schema.org\",\"@graph\":[{\"@type\":\"WebPage\",\"@id\":\"https:\\\/\\\/sysmatec.ch\\\/de\\\/produit\\\/sicherheits-bunsenbrenner-schuett-phoenix-ii\\\/\",\"url\":\"https:\\\/\\\/sysmatec.ch\\\/de\\\/produit\\\/sicherheits-bunsenbrenner-schuett-phoenix-ii\\\/\",\"name\":\"Sicherheits-Bunsenbrenner schuett phoenix II - Sysmatec\",\"isPartOf\":{\"@id\":\"https:\\\/\\\/sysmatec.ch\\\/de\\\/#website\"},\"primaryImageOfPage\":{\"@id\":\"https:\\\/\\\/sysmatec.ch\\\/de\\\/produit\\\/sicherheits-bunsenbrenner-schuett-phoenix-ii\\\/#primaryimage\"},\"image\":{\"@id\":\"https:\\\/\\\/sysmatec.ch\\\/de\\\/produit\\\/sicherheits-bunsenbrenner-schuett-phoenix-ii\\\/#primaryimage\"},\"thumbnailUrl\":\"https:\\\/\\\/sysmatec.ch\\\/wp-content\\\/uploads\\\/2019\\\/01\\\/BecBunsen_SchuettBurner.jpg\",\"datePublished\":\"2019-01-04T21:20:27+00:00\",\"dateModified\":\"2022-03-11T15:57:52+00:00\",\"description\":\"Bunsenbrenner mit einstellbarer Flammendauer von 1 Sek. bis 120 Min. \u00dcberhitzungsschutz, Fu\u00dfpedalsteuerung optional.\",\"breadcrumb\":{\"@id\":\"https:\\\/\\\/sysmatec.ch\\\/de\\\/produit\\\/sicherheits-bunsenbrenner-schuett-phoenix-ii\\\/#breadcrumb\"},\"inLanguage\":\"de\",\"potentialAction\":[{\"@type\":\"ReadAction\",\"target\":[\"https:\\\/\\\/sysmatec.ch\\\/de\\\/produit\\\/sicherheits-bunsenbrenner-schuett-phoenix-ii\\\/\"]}]},{\"@type\":\"ImageObject\",\"inLanguage\":\"de\",\"@id\":\"https:\\\/\\\/sysmatec.ch\\\/de\\\/produit\\\/sicherheits-bunsenbrenner-schuett-phoenix-ii\\\/#primaryimage\",\"url\":\"https:\\\/\\\/sysmatec.ch\\\/wp-content\\\/uploads\\\/2019\\\/01\\\/BecBunsen_SchuettBurner.jpg\",\"contentUrl\":\"https:\\\/\\\/sysmatec.ch\\\/wp-content\\\/uploads\\\/2019\\\/01\\\/BecBunsen_SchuettBurner.jpg\",\"width\":186,\"height\":482},{\"@type\":\"BreadcrumbList\",\"@id\":\"https:\\\/\\\/sysmatec.ch\\\/de\\\/produit\\\/sicherheits-bunsenbrenner-schuett-phoenix-ii\\\/#breadcrumb\",\"itemListElement\":[{\"@type\":\"ListItem\",\"position\":1,\"name\":\"Accueil\",\"item\":\"https:\\\/\\\/sysmatec.ch\\\/de\\\/\"},{\"@type\":\"ListItem\",\"position\":2,\"name\":\"Die Aktivit\u00e4t von Sysmatec\",\"item\":\"https:\\\/\\\/sysmatec.ch\\\/de\\\/\"},{\"@type\":\"ListItem\",\"position\":3,\"name\":\"Sicherheits-Bunsenbrenner schuett phoenix II\"}]},{\"@type\":\"WebSite\",\"@id\":\"https:\\\/\\\/sysmatec.ch\\\/de\\\/#website\",\"url\":\"https:\\\/\\\/sysmatec.ch\\\/de\\\/\",\"name\":\"Sysmatec\",\"description\":\"Equipement de laboratoire et logiciels\",\"publisher\":{\"@id\":\"https:\\\/\\\/sysmatec.ch\\\/de\\\/#organization\"},\"potentialAction\":[{\"@type\":\"SearchAction\",\"target\":{\"@type\":\"EntryPoint\",\"urlTemplate\":\"https:\\\/\\\/sysmatec.ch\\\/de\\\/?s={search_term_string}\"},\"query-input\":{\"@type\":\"PropertyValueSpecification\",\"valueRequired\":true,\"valueName\":\"search_term_string\"}}],\"inLanguage\":\"de\"},{\"@type\":\"Organization\",\"@id\":\"https:\\\/\\\/sysmatec.ch\\\/de\\\/#organization\",\"name\":\"Sysmatec\",\"url\":\"https:\\\/\\\/sysmatec.ch\\\/de\\\/\",\"logo\":{\"@type\":\"ImageObject\",\"inLanguage\":\"de\",\"@id\":\"https:\\\/\\\/sysmatec.ch\\\/de\\\/#\\\/schema\\\/logo\\\/image\\\/\",\"url\":\"https:\\\/\\\/sysmatec.ch\\\/wp-content\\\/uploads\\\/2018\\\/11\\\/LogoSysmatec.jpg\",\"contentUrl\":\"https:\\\/\\\/sysmatec.ch\\\/wp-content\\\/uploads\\\/2018\\\/11\\\/LogoSysmatec.jpg\",\"width\":301,\"height\":297,\"caption\":\"Sysmatec\"},\"image\":{\"@id\":\"https:\\\/\\\/sysmatec.ch\\\/de\\\/#\\\/schema\\\/logo\\\/image\\\/\"}}]}<\/script>\n<!-- \/ Yoast SEO plugin. -->","yoast_head_json":{"title":"Sicherheits-Bunsenbrenner schuett phoenix II - Sysmatec","description":"Bunsenbrenner mit einstellbarer Flammendauer von 1 Sek. bis 120 Min. \u00dcberhitzungsschutz, Fu\u00dfpedalsteuerung optional.","robots":{"index":"index","follow":"follow","max-snippet":"max-snippet:-1","max-image-preview":"max-image-preview:large","max-video-preview":"max-video-preview:-1"},"canonical":"https:\/\/sysmatec.ch\/de\/produit\/sicherheits-bunsenbrenner-schuett-phoenix-ii\/","og_locale":"de_DE","og_type":"article","og_title":"Sicherheits-Bunsenbrenner schuett phoenix II - Sysmatec","og_description":"Bunsenbrenner mit einstellbarer Flammendauer von 1 Sek. bis 120 Min. \u00dcberhitzungsschutz, Fu\u00dfpedalsteuerung optional.","og_url":"https:\/\/sysmatec.ch\/de\/produit\/sicherheits-bunsenbrenner-schuett-phoenix-ii\/","og_site_name":"Sysmatec","article_modified_time":"2022-03-11T15:57:52+00:00","og_image":[{"width":186,"height":482,"url":"https:\/\/sysmatec.ch\/wp-content\/uploads\/2019\/01\/BecBunsen_SchuettBurner.jpg","type":"image\/jpeg"}],"twitter_card":"summary_large_image","twitter_misc":{"Gesch\u00e4tzte Lesezeit":"1\u00a0Minute"},"schema":{"@context":"https:\/\/schema.org","@graph":[{"@type":"WebPage","@id":"https:\/\/sysmatec.ch\/de\/produit\/sicherheits-bunsenbrenner-schuett-phoenix-ii\/","url":"https:\/\/sysmatec.ch\/de\/produit\/sicherheits-bunsenbrenner-schuett-phoenix-ii\/","name":"Sicherheits-Bunsenbrenner schuett phoenix II - Sysmatec","isPartOf":{"@id":"https:\/\/sysmatec.ch\/de\/#website"},"primaryImageOfPage":{"@id":"https:\/\/sysmatec.ch\/de\/produit\/sicherheits-bunsenbrenner-schuett-phoenix-ii\/#primaryimage"},"image":{"@id":"https:\/\/sysmatec.ch\/de\/produit\/sicherheits-bunsenbrenner-schuett-phoenix-ii\/#primaryimage"},"thumbnailUrl":"https:\/\/sysmatec.ch\/wp-content\/uploads\/2019\/01\/BecBunsen_SchuettBurner.jpg","datePublished":"2019-01-04T21:20:27+00:00","dateModified":"2022-03-11T15:57:52+00:00","description":"Bunsenbrenner mit einstellbarer Flammendauer von 1 Sek. bis 120 Min. \u00dcberhitzungsschutz, Fu\u00dfpedalsteuerung optional.","breadcrumb":{"@id":"https:\/\/sysmatec.ch\/de\/produit\/sicherheits-bunsenbrenner-schuett-phoenix-ii\/#breadcrumb"},"inLanguage":"de","potentialAction":[{"@type":"ReadAction","target":["https:\/\/sysmatec.ch\/de\/produit\/sicherheits-bunsenbrenner-schuett-phoenix-ii\/"]}]},{"@type":"ImageObject","inLanguage":"de","@id":"https:\/\/sysmatec.ch\/de\/produit\/sicherheits-bunsenbrenner-schuett-phoenix-ii\/#primaryimage","url":"https:\/\/sysmatec.ch\/wp-content\/uploads\/2019\/01\/BecBunsen_SchuettBurner.jpg","contentUrl":"https:\/\/sysmatec.ch\/wp-content\/uploads\/2019\/01\/BecBunsen_SchuettBurner.jpg","width":186,"height":482},{"@type":"BreadcrumbList","@id":"https:\/\/sysmatec.ch\/de\/produit\/sicherheits-bunsenbrenner-schuett-phoenix-ii\/#breadcrumb","itemListElement":[{"@type":"ListItem","position":1,"name":"Accueil","item":"https:\/\/sysmatec.ch\/de\/"},{"@type":"ListItem","position":2,"name":"Die Aktivit\u00e4t von Sysmatec","item":"https:\/\/sysmatec.ch\/de\/"},{"@type":"ListItem","position":3,"name":"Sicherheits-Bunsenbrenner schuett phoenix II"}]},{"@type":"WebSite","@id":"https:\/\/sysmatec.ch\/de\/#website","url":"https:\/\/sysmatec.ch\/de\/","name":"Sysmatec","description":"Equipement de laboratoire et logiciels","publisher":{"@id":"https:\/\/sysmatec.ch\/de\/#organization"},"potentialAction":[{"@type":"SearchAction","target":{"@type":"EntryPoint","urlTemplate":"https:\/\/sysmatec.ch\/de\/?s={search_term_string}"},"query-input":{"@type":"PropertyValueSpecification","valueRequired":true,"valueName":"search_term_string"}}],"inLanguage":"de"},{"@type":"Organization","@id":"https:\/\/sysmatec.ch\/de\/#organization","name":"Sysmatec","url":"https:\/\/sysmatec.ch\/de\/","logo":{"@type":"ImageObject","inLanguage":"de","@id":"https:\/\/sysmatec.ch\/de\/#\/schema\/logo\/image\/","url":"https:\/\/sysmatec.ch\/wp-content\/uploads\/2018\/11\/LogoSysmatec.jpg","contentUrl":"https:\/\/sysmatec.ch\/wp-content\/uploads\/2018\/11\/LogoSysmatec.jpg","width":301,"height":297,"caption":"Sysmatec"},"image":{"@id":"https:\/\/sysmatec.ch\/de\/#\/schema\/logo\/image\/"}}]}},"_links":{"self":[{"href":"https:\/\/sysmatec.ch\/de\/wp-json\/wp\/v2\/product\/2348","targetHints":{"allow":["GET"]}}],"collection":[{"href":"https:\/\/sysmatec.ch\/de\/wp-json\/wp\/v2\/product"}],"about":[{"href":"https:\/\/sysmatec.ch\/de\/wp-json\/wp\/v2\/types\/product"}],"wp:featuredmedia":[{"embeddable":true,"href":"https:\/\/sysmatec.ch\/de\/wp-json\/wp\/v2\/media\/1165"}],"wp:attachment":[{"href":"https:\/\/sysmatec.ch\/de\/wp-json\/wp\/v2\/media?parent=2348"}],"wp:term":[{"taxonomy":"product_brand","embeddable":true,"href":"https:\/\/sysmatec.ch\/de\/wp-json\/wp\/v2\/product_brand?post=2348"},{"taxonomy":"product_cat","embeddable":true,"href":"https:\/\/sysmatec.ch\/de\/wp-json\/wp\/v2\/product_cat?post=2348"},{"taxonomy":"product_tag","embeddable":true,"href":"https:\/\/sysmatec.ch\/de\/wp-json\/wp\/v2\/product_tag?post=2348"}],"curies":[{"name":"wp","href":"https:\/\/api.w.org\/{rel}","templated":true}]}}