{"id":2343,"date":"2019-01-06T10:56:38","date_gmt":"2019-01-06T09:56:38","guid":{"rendered":"https:\/\/sysmatec.ch\/produit\/echantillonneur-dair-mb2\/"},"modified":"2022-03-11T15:30:53","modified_gmt":"2022-03-11T14:30:53","slug":"mb2-luftkeimsammler","status":"publish","type":"product","link":"https:\/\/sysmatec.ch\/de\/Produkt\/mb2-luftkeimsammler\/","title":{"rendered":"MB2 Luftkeimsammler"},"content":{"rendered":"<p>\u00dcberwachung der Luftqualit\u00e4t durch die Sammlung von luftgetragenen Bioaerosole Kontaminanten.<\/p>\n<p>Die MB2 Luftkeimsammler sammelt Luft Bioaerosole Kontaminanten in Innen-und Au\u00dfenbereich. Die Luft wird durch einen abnehmbaren Metall-Kopf (Deckel), die eine Reihe von 1 mm L\u00f6cher enth\u00e4lt, mit einer Geschwindigkeit von 100 l \/ min abgesaugt. Die Laminar-Flow, die durch diese Konstruktion entsteht treibt Mikroorganismen auf die Agar-Oberfl\u00e4che von 55 mm an Platte. Nachdem eine vordefinierte Luftvolum durchgestr\u00f6mmt ist, wird die Platte entfernt und inkubiert. Wenn die Kolonien gross genug sind werden sie gez\u00e4hlt. So kann man die Anzahl von Mikroorganismen pro Kubikmeter Luft (CFU per cubic meter) berechnen.<\/p>\n<p>Neu: Sequential Sampling erm\u00f6glicht eine programmierbare Luftvolumen \u00fcber einen l\u00e4ngeren Zeitraum w\u00e4hrend eine bestimmte Zeitintervall zu nehmen. Dies ist n\u00fctzlich f\u00fcr in Reinraumumgebungen, in denen Kontamination in der Regel niedrig sind. Bei der \u00dcberwachung f\u00fcr eine kurze Zeit k\u00f6nnte die Kontamination untersch\u00e4tzt sein. Das MB2 kann bis zu 10000 L Luft in verschiedene Zeitintervall w\u00e4hrend 24 Stunden aufnehmen.<\/p>\n<p>Technische Daten<\/p>\n<ul>\n<li>Validiert von der UK DTI VAM als Referenz Z\u00e4hler<\/li>\n<li>f\u00fcr die Validierung Reinluftr\u00e4umen nach 14698 ISO Normen (und USP797 in den Vereinigten Staaten treffen)<\/li>\n<li>Mikroprozessorgesteuert<\/li>\n<li>F\u00f6rdermenge 100 Liter \/ Minute, ab Werk kalibriert<\/li>\n<li>Probevolumen einstellbar von 25 bis 2 000 Liter<\/li>\n<li>Frei programmierbare voreingestellte Volumen<\/li>\n<li>Programmierbare zeitverz\u00f6gerte Start<\/li>\n<li>Stativmontage<\/li>\n<li>Leicht (750 g) und tragbar<\/li>\n<li>Batteriebetriebene &#8211; wiederaufladbar oder alkalische Batterien<\/li>\n<li>Anzeige f\u00fcr die Batterieladung<\/li>\n<li>Ger\u00e4uscharm<\/li>\n<li>Probe bis zu 40 000 Liter mit einer Akkuladung<\/li>\n<li>Verwendet 90 mm oder 55 mm Petrischalen<\/li>\n<\/ul>\n<p>In der Lieferung enthalten<\/p>\n<ul>\n<li>Petrischale und Kontaktplatte Klammern<\/li>\n<li>Edelstahl Kopf<\/li>\n<li>Gedruckte Bedienungsanleitung<\/li>\n<li>Gepolsterte Tasche<\/li>\n<li>CD-ROM mit Dokumentation und PC Reporter Software<\/li>\n<li>Ladeger\u00e4t mit UK, Euro, USA, Australien Adapter, 12V<\/li>\n<li>NiMH-Akku &#8211; vorgeladen, so dass die MB2 gebrauchsfertig aus der Box ist<\/li>\n<li>Kalibrierzertifikat<\/li>\n<\/ul>\n<p>2 K\u00f6pfe, mit 220 L\u00f6chern und 400 L\u00f6chern.<\/p>\n<p>Der Kopf mit 220 L\u00f6chern ist f\u00fcr 55mm Platten und gr\u00f6\u00dfere optimiert. 90-mm-Platten geben die gleichen Ergebnisse.<\/p>\n<p>Die 400-L\u00f6chern Probentnahmekopf ist nur f\u00fcr 90mm Petrischalen optimiert. Diese Option bietet eine bessere Sensitivit\u00e4t.<\/p>\n","protected":false},"excerpt":{"rendered":"<p><span class=\"VIiyi\" lang=\"de\"><span class=\"JLqJ4b ChMk0b\" data-language-for-alternatives=\"de\" data-language-to-translate-into=\"fr\" data-phrase-index=\"4\" data-number-of-phrases=\"5\">Luftkeimsammler bei 100 L\/min.<\/span><\/span><\/p>\n","protected":false},"featured_media":1169,"template":"","meta":{"_crdt_document":""},"product_brand":[],"product_cat":[149],"product_tag":[],"class_list":{"0":"post-2343","1":"product","2":"type-product","3":"status-publish","4":"has-post-thumbnail","6":"product_cat-luftkeimsammler","8":"first","9":"instock","10":"taxable","11":"shipping-taxable","12":"product-type-simple"},"yoast_head":"<!-- This site is optimized with the Yoast SEO plugin v27.3 - https:\/\/yoast.com\/product\/yoast-seo-wordpress\/ -->\n<title>MB2 Luftkeimsammler - Sysmatec<\/title>\n<meta name=\"description\" content=\"Luftkeimsammler zur Messung von Bioaerosolen. Es arbeitet mit einem Luftstrom von 100 L\/min. Ideales Werkzeug f\u00fcr Reinr\u00e4ume.\" \/>\n<meta name=\"robots\" content=\"index, follow, max-snippet:-1, max-image-preview:large, max-video-preview:-1\" \/>\n<link rel=\"canonical\" href=\"https:\/\/sysmatec.ch\/de\/produit\/mb2-luftkeimsammler\/\" \/>\n<meta property=\"og:locale\" content=\"de_DE\" \/>\n<meta property=\"og:type\" content=\"article\" \/>\n<meta property=\"og:title\" content=\"MB2 Luftkeimsammler - Sysmatec\" \/>\n<meta property=\"og:description\" content=\"Luftkeimsammler zur Messung von Bioaerosolen. Es arbeitet mit einem Luftstrom von 100 L\/min. Ideales Werkzeug f\u00fcr Reinr\u00e4ume.\" \/>\n<meta property=\"og:url\" content=\"https:\/\/sysmatec.ch\/de\/produit\/mb2-luftkeimsammler\/\" \/>\n<meta property=\"og:site_name\" content=\"Sysmatec\" \/>\n<meta property=\"article:modified_time\" content=\"2022-03-11T14:30:53+00:00\" \/>\n<meta property=\"og:image\" content=\"https:\/\/sysmatec.ch\/wp-content\/uploads\/2019\/01\/Bioareosol_CantiumMB2.gif\" \/>\n\t<meta property=\"og:image:width\" content=\"154\" \/>\n\t<meta property=\"og:image:height\" content=\"185\" \/>\n\t<meta property=\"og:image:type\" content=\"image\/gif\" \/>\n<meta name=\"twitter:card\" content=\"summary_large_image\" \/>\n<meta name=\"twitter:label1\" content=\"Gesch\u00e4tzte Lesezeit\" \/>\n\t<meta name=\"twitter:data1\" content=\"2\u00a0Minuten\" \/>\n<script type=\"application\/ld+json\" class=\"yoast-schema-graph\">{\"@context\":\"https:\\\/\\\/schema.org\",\"@graph\":[{\"@type\":\"WebPage\",\"@id\":\"https:\\\/\\\/sysmatec.ch\\\/de\\\/produit\\\/mb2-luftkeimsammler\\\/\",\"url\":\"https:\\\/\\\/sysmatec.ch\\\/de\\\/produit\\\/mb2-luftkeimsammler\\\/\",\"name\":\"MB2 Luftkeimsammler - Sysmatec\",\"isPartOf\":{\"@id\":\"https:\\\/\\\/sysmatec.ch\\\/de\\\/#website\"},\"primaryImageOfPage\":{\"@id\":\"https:\\\/\\\/sysmatec.ch\\\/de\\\/produit\\\/mb2-luftkeimsammler\\\/#primaryimage\"},\"image\":{\"@id\":\"https:\\\/\\\/sysmatec.ch\\\/de\\\/produit\\\/mb2-luftkeimsammler\\\/#primaryimage\"},\"thumbnailUrl\":\"https:\\\/\\\/sysmatec.ch\\\/wp-content\\\/uploads\\\/2019\\\/01\\\/Bioareosol_CantiumMB2.gif\",\"datePublished\":\"2019-01-06T09:56:38+00:00\",\"dateModified\":\"2022-03-11T14:30:53+00:00\",\"description\":\"Luftkeimsammler zur Messung von Bioaerosolen. Es arbeitet mit einem Luftstrom von 100 L\\\/min. Ideales Werkzeug f\u00fcr Reinr\u00e4ume.\",\"breadcrumb\":{\"@id\":\"https:\\\/\\\/sysmatec.ch\\\/de\\\/produit\\\/mb2-luftkeimsammler\\\/#breadcrumb\"},\"inLanguage\":\"de\",\"potentialAction\":[{\"@type\":\"ReadAction\",\"target\":[\"https:\\\/\\\/sysmatec.ch\\\/de\\\/produit\\\/mb2-luftkeimsammler\\\/\"]}]},{\"@type\":\"ImageObject\",\"inLanguage\":\"de\",\"@id\":\"https:\\\/\\\/sysmatec.ch\\\/de\\\/produit\\\/mb2-luftkeimsammler\\\/#primaryimage\",\"url\":\"https:\\\/\\\/sysmatec.ch\\\/wp-content\\\/uploads\\\/2019\\\/01\\\/Bioareosol_CantiumMB2.gif\",\"contentUrl\":\"https:\\\/\\\/sysmatec.ch\\\/wp-content\\\/uploads\\\/2019\\\/01\\\/Bioareosol_CantiumMB2.gif\",\"width\":154,\"height\":185},{\"@type\":\"BreadcrumbList\",\"@id\":\"https:\\\/\\\/sysmatec.ch\\\/de\\\/produit\\\/mb2-luftkeimsammler\\\/#breadcrumb\",\"itemListElement\":[{\"@type\":\"ListItem\",\"position\":1,\"name\":\"Accueil\",\"item\":\"https:\\\/\\\/sysmatec.ch\\\/de\\\/\"},{\"@type\":\"ListItem\",\"position\":2,\"name\":\"Die Aktivit\u00e4t von Sysmatec\",\"item\":\"https:\\\/\\\/sysmatec.ch\\\/de\\\/\"},{\"@type\":\"ListItem\",\"position\":3,\"name\":\"MB2 Luftkeimsammler\"}]},{\"@type\":\"WebSite\",\"@id\":\"https:\\\/\\\/sysmatec.ch\\\/de\\\/#website\",\"url\":\"https:\\\/\\\/sysmatec.ch\\\/de\\\/\",\"name\":\"Sysmatec\",\"description\":\"Equipement de laboratoire et logiciels\",\"publisher\":{\"@id\":\"https:\\\/\\\/sysmatec.ch\\\/de\\\/#organization\"},\"potentialAction\":[{\"@type\":\"SearchAction\",\"target\":{\"@type\":\"EntryPoint\",\"urlTemplate\":\"https:\\\/\\\/sysmatec.ch\\\/de\\\/?s={search_term_string}\"},\"query-input\":{\"@type\":\"PropertyValueSpecification\",\"valueRequired\":true,\"valueName\":\"search_term_string\"}}],\"inLanguage\":\"de\"},{\"@type\":\"Organization\",\"@id\":\"https:\\\/\\\/sysmatec.ch\\\/de\\\/#organization\",\"name\":\"Sysmatec\",\"url\":\"https:\\\/\\\/sysmatec.ch\\\/de\\\/\",\"logo\":{\"@type\":\"ImageObject\",\"inLanguage\":\"de\",\"@id\":\"https:\\\/\\\/sysmatec.ch\\\/de\\\/#\\\/schema\\\/logo\\\/image\\\/\",\"url\":\"https:\\\/\\\/sysmatec.ch\\\/wp-content\\\/uploads\\\/2018\\\/11\\\/LogoSysmatec.jpg\",\"contentUrl\":\"https:\\\/\\\/sysmatec.ch\\\/wp-content\\\/uploads\\\/2018\\\/11\\\/LogoSysmatec.jpg\",\"width\":301,\"height\":297,\"caption\":\"Sysmatec\"},\"image\":{\"@id\":\"https:\\\/\\\/sysmatec.ch\\\/de\\\/#\\\/schema\\\/logo\\\/image\\\/\"}}]}<\/script>\n<!-- \/ Yoast SEO plugin. -->","yoast_head_json":{"title":"MB2 Luftkeimsammler - Sysmatec","description":"Luftkeimsammler zur Messung von Bioaerosolen. Es arbeitet mit einem Luftstrom von 100 L\/min. Ideales Werkzeug f\u00fcr Reinr\u00e4ume.","robots":{"index":"index","follow":"follow","max-snippet":"max-snippet:-1","max-image-preview":"max-image-preview:large","max-video-preview":"max-video-preview:-1"},"canonical":"https:\/\/sysmatec.ch\/de\/produit\/mb2-luftkeimsammler\/","og_locale":"de_DE","og_type":"article","og_title":"MB2 Luftkeimsammler - Sysmatec","og_description":"Luftkeimsammler zur Messung von Bioaerosolen. Es arbeitet mit einem Luftstrom von 100 L\/min. Ideales Werkzeug f\u00fcr Reinr\u00e4ume.","og_url":"https:\/\/sysmatec.ch\/de\/produit\/mb2-luftkeimsammler\/","og_site_name":"Sysmatec","article_modified_time":"2022-03-11T14:30:53+00:00","og_image":[{"width":154,"height":185,"url":"https:\/\/sysmatec.ch\/wp-content\/uploads\/2019\/01\/Bioareosol_CantiumMB2.gif","type":"image\/gif"}],"twitter_card":"summary_large_image","twitter_misc":{"Gesch\u00e4tzte Lesezeit":"2\u00a0Minuten"},"schema":{"@context":"https:\/\/schema.org","@graph":[{"@type":"WebPage","@id":"https:\/\/sysmatec.ch\/de\/produit\/mb2-luftkeimsammler\/","url":"https:\/\/sysmatec.ch\/de\/produit\/mb2-luftkeimsammler\/","name":"MB2 Luftkeimsammler - Sysmatec","isPartOf":{"@id":"https:\/\/sysmatec.ch\/de\/#website"},"primaryImageOfPage":{"@id":"https:\/\/sysmatec.ch\/de\/produit\/mb2-luftkeimsammler\/#primaryimage"},"image":{"@id":"https:\/\/sysmatec.ch\/de\/produit\/mb2-luftkeimsammler\/#primaryimage"},"thumbnailUrl":"https:\/\/sysmatec.ch\/wp-content\/uploads\/2019\/01\/Bioareosol_CantiumMB2.gif","datePublished":"2019-01-06T09:56:38+00:00","dateModified":"2022-03-11T14:30:53+00:00","description":"Luftkeimsammler zur Messung von Bioaerosolen. Es arbeitet mit einem Luftstrom von 100 L\/min. Ideales Werkzeug f\u00fcr Reinr\u00e4ume.","breadcrumb":{"@id":"https:\/\/sysmatec.ch\/de\/produit\/mb2-luftkeimsammler\/#breadcrumb"},"inLanguage":"de","potentialAction":[{"@type":"ReadAction","target":["https:\/\/sysmatec.ch\/de\/produit\/mb2-luftkeimsammler\/"]}]},{"@type":"ImageObject","inLanguage":"de","@id":"https:\/\/sysmatec.ch\/de\/produit\/mb2-luftkeimsammler\/#primaryimage","url":"https:\/\/sysmatec.ch\/wp-content\/uploads\/2019\/01\/Bioareosol_CantiumMB2.gif","contentUrl":"https:\/\/sysmatec.ch\/wp-content\/uploads\/2019\/01\/Bioareosol_CantiumMB2.gif","width":154,"height":185},{"@type":"BreadcrumbList","@id":"https:\/\/sysmatec.ch\/de\/produit\/mb2-luftkeimsammler\/#breadcrumb","itemListElement":[{"@type":"ListItem","position":1,"name":"Accueil","item":"https:\/\/sysmatec.ch\/de\/"},{"@type":"ListItem","position":2,"name":"Die Aktivit\u00e4t von Sysmatec","item":"https:\/\/sysmatec.ch\/de\/"},{"@type":"ListItem","position":3,"name":"MB2 Luftkeimsammler"}]},{"@type":"WebSite","@id":"https:\/\/sysmatec.ch\/de\/#website","url":"https:\/\/sysmatec.ch\/de\/","name":"Sysmatec","description":"Equipement de laboratoire et logiciels","publisher":{"@id":"https:\/\/sysmatec.ch\/de\/#organization"},"potentialAction":[{"@type":"SearchAction","target":{"@type":"EntryPoint","urlTemplate":"https:\/\/sysmatec.ch\/de\/?s={search_term_string}"},"query-input":{"@type":"PropertyValueSpecification","valueRequired":true,"valueName":"search_term_string"}}],"inLanguage":"de"},{"@type":"Organization","@id":"https:\/\/sysmatec.ch\/de\/#organization","name":"Sysmatec","url":"https:\/\/sysmatec.ch\/de\/","logo":{"@type":"ImageObject","inLanguage":"de","@id":"https:\/\/sysmatec.ch\/de\/#\/schema\/logo\/image\/","url":"https:\/\/sysmatec.ch\/wp-content\/uploads\/2018\/11\/LogoSysmatec.jpg","contentUrl":"https:\/\/sysmatec.ch\/wp-content\/uploads\/2018\/11\/LogoSysmatec.jpg","width":301,"height":297,"caption":"Sysmatec"},"image":{"@id":"https:\/\/sysmatec.ch\/de\/#\/schema\/logo\/image\/"}}]}},"_links":{"self":[{"href":"https:\/\/sysmatec.ch\/de\/wp-json\/wp\/v2\/product\/2343","targetHints":{"allow":["GET"]}}],"collection":[{"href":"https:\/\/sysmatec.ch\/de\/wp-json\/wp\/v2\/product"}],"about":[{"href":"https:\/\/sysmatec.ch\/de\/wp-json\/wp\/v2\/types\/product"}],"wp:featuredmedia":[{"embeddable":true,"href":"https:\/\/sysmatec.ch\/de\/wp-json\/wp\/v2\/media\/1169"}],"wp:attachment":[{"href":"https:\/\/sysmatec.ch\/de\/wp-json\/wp\/v2\/media?parent=2343"}],"wp:term":[{"taxonomy":"product_brand","embeddable":true,"href":"https:\/\/sysmatec.ch\/de\/wp-json\/wp\/v2\/product_brand?post=2343"},{"taxonomy":"product_cat","embeddable":true,"href":"https:\/\/sysmatec.ch\/de\/wp-json\/wp\/v2\/product_cat?post=2343"},{"taxonomy":"product_tag","embeddable":true,"href":"https:\/\/sysmatec.ch\/de\/wp-json\/wp\/v2\/product_tag?post=2343"}],"curies":[{"name":"wp","href":"https:\/\/api.w.org\/{rel}","templated":true}]}}