{"id":2340,"date":"2019-01-06T11:00:38","date_gmt":"2019-01-06T10:00:38","guid":{"rendered":"https:\/\/sysmatec.ch\/produit\/echantillonneur-dair-mb2-srh\/"},"modified":"2022-03-11T15:20:15","modified_gmt":"2022-03-11T14:20:15","slug":"mb2-srh-air-luftkeimsammler","status":"publish","type":"product","link":"https:\/\/sysmatec.ch\/de\/Produkt\/mb2-srh-air-luftkeimsammler\/","title":{"rendered":"MB2-SRH Air Luftkeimsammler"},"content":{"rendered":"<p>Der MB2 SRH Bioaerosole Fernprobentnahme Kopf ist ideal f\u00fcr den Einsatz in geschlossenen R\u00e4ume. Er wurde vollst\u00e4ndig validiert.<\/p>\n<h2>Luftkeimsammler Technische Daten<\/h2>\n<ul>\n<li>Validiert von der UK DTI VAM als Referenz Z\u00e4hler<\/li>\n<li>Ger\u00e4t zur Validierung Reinluftr\u00e4umen nach 14698 ISO Normen<\/li>\n<li>Mikroprozessorgesteuert<\/li>\n<li>F\u00f6rdermenge 100 Liter \/ Minute, ab Werk kalibriert<\/li>\n<li>Probevolumen einstellebar von 25 bis 2 000 Liter<\/li>\n<li>Frei programmierbare voreingestellte Volumen<\/li>\n<li>Programmierbare zeitverz\u00f6gerte Start<\/li>\n<li>Stativmontage m\u00f6glich<\/li>\n<li>Leicht (750 g) und tragbar<\/li>\n<li>Batteriebetriebene &#8211; wiederaufladbar oder alkalische Batterien<\/li>\n<li>Anzeige f\u00fcr die Batterieladung<\/li>\n<li>Ger\u00e4uscharm<\/li>\n<li>Probe bis zu 40.000 Liter<\/li>\n<li>Verwendet 90 mm oder 55 mm Petrischalen<\/li>\n<\/ul>\n<p>In der Lieferung enthalten<\/p>\n<ul>\n<li>Petrischale und Kontaktplatte Klammern<\/li>\n<li>10 Meter Kabel<\/li>\n<li>Edelstahl Kopf<\/li>\n<li>CD-ROM mit Dokumentation und PC Reporter Software<\/li>\n<li>Ladeger\u00e4t mit UK, Euro, USA, Australien Adapter, 12V<\/li>\n<li>NiMH-Akku &#8211; vorgeladen, so dass die MB2 gebrauchsfertig aus der Box ist<\/li>\n<\/ul>\n","protected":false},"excerpt":{"rendered":"<p><span class=\"VIiyi\" lang=\"de\"><span class=\"JLqJ4b ChMk0b\" data-language-for-alternatives=\"de\" data-language-to-translate-into=\"fr\" data-phrase-index=\"4\" data-number-of-phrases=\"5\">Luftkeimsammler bei 100 L\/min.<\/span><\/span><\/p>\n","protected":false},"featured_media":1171,"template":"","meta":{"_crdt_document":""},"product_brand":[],"product_cat":[149],"product_tag":[],"class_list":{"0":"post-2340","1":"product","2":"type-product","3":"status-publish","4":"has-post-thumbnail","6":"product_cat-luftkeimsammler","8":"first","9":"instock","10":"taxable","11":"shipping-taxable","12":"product-type-simple"},"yoast_head":"<!-- This site is optimized with the Yoast SEO plugin v27.3 - https:\/\/yoast.com\/product\/yoast-seo-wordpress\/ -->\n<title>MB2-SRH Air Luftkeimsammler - Sysmatec<\/title>\n<meta name=\"description\" content=\"Luftkeimsammler zur Messung von Bioaerosolen. Es arbeitet mit einem Luftstrom von 100 L\/min. Ideales Werkzeug f\u00fcr Reinr\u00e4ume.\" \/>\n<meta name=\"robots\" content=\"index, follow, max-snippet:-1, max-image-preview:large, max-video-preview:-1\" \/>\n<link rel=\"canonical\" href=\"https:\/\/sysmatec.ch\/de\/produit\/mb2-srh-air-luftkeimsammler\/\" \/>\n<meta property=\"og:locale\" content=\"de_DE\" \/>\n<meta property=\"og:type\" content=\"article\" \/>\n<meta property=\"og:title\" content=\"MB2-SRH Air Luftkeimsammler - Sysmatec\" \/>\n<meta property=\"og:description\" content=\"Luftkeimsammler zur Messung von Bioaerosolen. Es arbeitet mit einem Luftstrom von 100 L\/min. Ideales Werkzeug f\u00fcr Reinr\u00e4ume.\" \/>\n<meta property=\"og:url\" content=\"https:\/\/sysmatec.ch\/de\/produit\/mb2-srh-air-luftkeimsammler\/\" \/>\n<meta property=\"og:site_name\" content=\"Sysmatec\" \/>\n<meta property=\"article:modified_time\" content=\"2022-03-11T14:20:15+00:00\" \/>\n<meta property=\"og:image\" content=\"https:\/\/sysmatec.ch\/wp-content\/uploads\/2019\/01\/Bioareosol_CantiumMB2SRH.jpg\" \/>\n\t<meta property=\"og:image:width\" content=\"155\" \/>\n\t<meta property=\"og:image:height\" content=\"147\" \/>\n\t<meta property=\"og:image:type\" content=\"image\/jpeg\" \/>\n<meta name=\"twitter:card\" content=\"summary_large_image\" \/>\n<meta name=\"twitter:label1\" content=\"Gesch\u00e4tzte Lesezeit\" \/>\n\t<meta name=\"twitter:data1\" content=\"1\u00a0Minute\" \/>\n<script type=\"application\/ld+json\" class=\"yoast-schema-graph\">{\"@context\":\"https:\\\/\\\/schema.org\",\"@graph\":[{\"@type\":\"WebPage\",\"@id\":\"https:\\\/\\\/sysmatec.ch\\\/de\\\/produit\\\/mb2-srh-air-luftkeimsammler\\\/\",\"url\":\"https:\\\/\\\/sysmatec.ch\\\/de\\\/produit\\\/mb2-srh-air-luftkeimsammler\\\/\",\"name\":\"MB2-SRH Air Luftkeimsammler - Sysmatec\",\"isPartOf\":{\"@id\":\"https:\\\/\\\/sysmatec.ch\\\/de\\\/#website\"},\"primaryImageOfPage\":{\"@id\":\"https:\\\/\\\/sysmatec.ch\\\/de\\\/produit\\\/mb2-srh-air-luftkeimsammler\\\/#primaryimage\"},\"image\":{\"@id\":\"https:\\\/\\\/sysmatec.ch\\\/de\\\/produit\\\/mb2-srh-air-luftkeimsammler\\\/#primaryimage\"},\"thumbnailUrl\":\"https:\\\/\\\/sysmatec.ch\\\/wp-content\\\/uploads\\\/2019\\\/01\\\/Bioareosol_CantiumMB2SRH.jpg\",\"datePublished\":\"2019-01-06T10:00:38+00:00\",\"dateModified\":\"2022-03-11T14:20:15+00:00\",\"description\":\"Luftkeimsammler zur Messung von Bioaerosolen. Es arbeitet mit einem Luftstrom von 100 L\\\/min. Ideales Werkzeug f\u00fcr Reinr\u00e4ume.\",\"breadcrumb\":{\"@id\":\"https:\\\/\\\/sysmatec.ch\\\/de\\\/produit\\\/mb2-srh-air-luftkeimsammler\\\/#breadcrumb\"},\"inLanguage\":\"de\",\"potentialAction\":[{\"@type\":\"ReadAction\",\"target\":[\"https:\\\/\\\/sysmatec.ch\\\/de\\\/produit\\\/mb2-srh-air-luftkeimsammler\\\/\"]}]},{\"@type\":\"ImageObject\",\"inLanguage\":\"de\",\"@id\":\"https:\\\/\\\/sysmatec.ch\\\/de\\\/produit\\\/mb2-srh-air-luftkeimsammler\\\/#primaryimage\",\"url\":\"https:\\\/\\\/sysmatec.ch\\\/wp-content\\\/uploads\\\/2019\\\/01\\\/Bioareosol_CantiumMB2SRH.jpg\",\"contentUrl\":\"https:\\\/\\\/sysmatec.ch\\\/wp-content\\\/uploads\\\/2019\\\/01\\\/Bioareosol_CantiumMB2SRH.jpg\",\"width\":155,\"height\":147},{\"@type\":\"BreadcrumbList\",\"@id\":\"https:\\\/\\\/sysmatec.ch\\\/de\\\/produit\\\/mb2-srh-air-luftkeimsammler\\\/#breadcrumb\",\"itemListElement\":[{\"@type\":\"ListItem\",\"position\":1,\"name\":\"Accueil\",\"item\":\"https:\\\/\\\/sysmatec.ch\\\/de\\\/\"},{\"@type\":\"ListItem\",\"position\":2,\"name\":\"Die Aktivit\u00e4t von Sysmatec\",\"item\":\"https:\\\/\\\/sysmatec.ch\\\/de\\\/\"},{\"@type\":\"ListItem\",\"position\":3,\"name\":\"MB2-SRH Air Luftkeimsammler\"}]},{\"@type\":\"WebSite\",\"@id\":\"https:\\\/\\\/sysmatec.ch\\\/de\\\/#website\",\"url\":\"https:\\\/\\\/sysmatec.ch\\\/de\\\/\",\"name\":\"Sysmatec\",\"description\":\"Equipement de laboratoire et logiciels\",\"publisher\":{\"@id\":\"https:\\\/\\\/sysmatec.ch\\\/de\\\/#organization\"},\"potentialAction\":[{\"@type\":\"SearchAction\",\"target\":{\"@type\":\"EntryPoint\",\"urlTemplate\":\"https:\\\/\\\/sysmatec.ch\\\/de\\\/?s={search_term_string}\"},\"query-input\":{\"@type\":\"PropertyValueSpecification\",\"valueRequired\":true,\"valueName\":\"search_term_string\"}}],\"inLanguage\":\"de\"},{\"@type\":\"Organization\",\"@id\":\"https:\\\/\\\/sysmatec.ch\\\/de\\\/#organization\",\"name\":\"Sysmatec\",\"url\":\"https:\\\/\\\/sysmatec.ch\\\/de\\\/\",\"logo\":{\"@type\":\"ImageObject\",\"inLanguage\":\"de\",\"@id\":\"https:\\\/\\\/sysmatec.ch\\\/de\\\/#\\\/schema\\\/logo\\\/image\\\/\",\"url\":\"https:\\\/\\\/sysmatec.ch\\\/wp-content\\\/uploads\\\/2018\\\/11\\\/LogoSysmatec.jpg\",\"contentUrl\":\"https:\\\/\\\/sysmatec.ch\\\/wp-content\\\/uploads\\\/2018\\\/11\\\/LogoSysmatec.jpg\",\"width\":301,\"height\":297,\"caption\":\"Sysmatec\"},\"image\":{\"@id\":\"https:\\\/\\\/sysmatec.ch\\\/de\\\/#\\\/schema\\\/logo\\\/image\\\/\"}}]}<\/script>\n<!-- \/ Yoast SEO plugin. -->","yoast_head_json":{"title":"MB2-SRH Air Luftkeimsammler - Sysmatec","description":"Luftkeimsammler zur Messung von Bioaerosolen. Es arbeitet mit einem Luftstrom von 100 L\/min. Ideales Werkzeug f\u00fcr Reinr\u00e4ume.","robots":{"index":"index","follow":"follow","max-snippet":"max-snippet:-1","max-image-preview":"max-image-preview:large","max-video-preview":"max-video-preview:-1"},"canonical":"https:\/\/sysmatec.ch\/de\/produit\/mb2-srh-air-luftkeimsammler\/","og_locale":"de_DE","og_type":"article","og_title":"MB2-SRH Air Luftkeimsammler - Sysmatec","og_description":"Luftkeimsammler zur Messung von Bioaerosolen. Es arbeitet mit einem Luftstrom von 100 L\/min. Ideales Werkzeug f\u00fcr Reinr\u00e4ume.","og_url":"https:\/\/sysmatec.ch\/de\/produit\/mb2-srh-air-luftkeimsammler\/","og_site_name":"Sysmatec","article_modified_time":"2022-03-11T14:20:15+00:00","og_image":[{"width":155,"height":147,"url":"https:\/\/sysmatec.ch\/wp-content\/uploads\/2019\/01\/Bioareosol_CantiumMB2SRH.jpg","type":"image\/jpeg"}],"twitter_card":"summary_large_image","twitter_misc":{"Gesch\u00e4tzte Lesezeit":"1\u00a0Minute"},"schema":{"@context":"https:\/\/schema.org","@graph":[{"@type":"WebPage","@id":"https:\/\/sysmatec.ch\/de\/produit\/mb2-srh-air-luftkeimsammler\/","url":"https:\/\/sysmatec.ch\/de\/produit\/mb2-srh-air-luftkeimsammler\/","name":"MB2-SRH Air Luftkeimsammler - Sysmatec","isPartOf":{"@id":"https:\/\/sysmatec.ch\/de\/#website"},"primaryImageOfPage":{"@id":"https:\/\/sysmatec.ch\/de\/produit\/mb2-srh-air-luftkeimsammler\/#primaryimage"},"image":{"@id":"https:\/\/sysmatec.ch\/de\/produit\/mb2-srh-air-luftkeimsammler\/#primaryimage"},"thumbnailUrl":"https:\/\/sysmatec.ch\/wp-content\/uploads\/2019\/01\/Bioareosol_CantiumMB2SRH.jpg","datePublished":"2019-01-06T10:00:38+00:00","dateModified":"2022-03-11T14:20:15+00:00","description":"Luftkeimsammler zur Messung von Bioaerosolen. Es arbeitet mit einem Luftstrom von 100 L\/min. Ideales Werkzeug f\u00fcr Reinr\u00e4ume.","breadcrumb":{"@id":"https:\/\/sysmatec.ch\/de\/produit\/mb2-srh-air-luftkeimsammler\/#breadcrumb"},"inLanguage":"de","potentialAction":[{"@type":"ReadAction","target":["https:\/\/sysmatec.ch\/de\/produit\/mb2-srh-air-luftkeimsammler\/"]}]},{"@type":"ImageObject","inLanguage":"de","@id":"https:\/\/sysmatec.ch\/de\/produit\/mb2-srh-air-luftkeimsammler\/#primaryimage","url":"https:\/\/sysmatec.ch\/wp-content\/uploads\/2019\/01\/Bioareosol_CantiumMB2SRH.jpg","contentUrl":"https:\/\/sysmatec.ch\/wp-content\/uploads\/2019\/01\/Bioareosol_CantiumMB2SRH.jpg","width":155,"height":147},{"@type":"BreadcrumbList","@id":"https:\/\/sysmatec.ch\/de\/produit\/mb2-srh-air-luftkeimsammler\/#breadcrumb","itemListElement":[{"@type":"ListItem","position":1,"name":"Accueil","item":"https:\/\/sysmatec.ch\/de\/"},{"@type":"ListItem","position":2,"name":"Die Aktivit\u00e4t von Sysmatec","item":"https:\/\/sysmatec.ch\/de\/"},{"@type":"ListItem","position":3,"name":"MB2-SRH Air Luftkeimsammler"}]},{"@type":"WebSite","@id":"https:\/\/sysmatec.ch\/de\/#website","url":"https:\/\/sysmatec.ch\/de\/","name":"Sysmatec","description":"Equipement de laboratoire et logiciels","publisher":{"@id":"https:\/\/sysmatec.ch\/de\/#organization"},"potentialAction":[{"@type":"SearchAction","target":{"@type":"EntryPoint","urlTemplate":"https:\/\/sysmatec.ch\/de\/?s={search_term_string}"},"query-input":{"@type":"PropertyValueSpecification","valueRequired":true,"valueName":"search_term_string"}}],"inLanguage":"de"},{"@type":"Organization","@id":"https:\/\/sysmatec.ch\/de\/#organization","name":"Sysmatec","url":"https:\/\/sysmatec.ch\/de\/","logo":{"@type":"ImageObject","inLanguage":"de","@id":"https:\/\/sysmatec.ch\/de\/#\/schema\/logo\/image\/","url":"https:\/\/sysmatec.ch\/wp-content\/uploads\/2018\/11\/LogoSysmatec.jpg","contentUrl":"https:\/\/sysmatec.ch\/wp-content\/uploads\/2018\/11\/LogoSysmatec.jpg","width":301,"height":297,"caption":"Sysmatec"},"image":{"@id":"https:\/\/sysmatec.ch\/de\/#\/schema\/logo\/image\/"}}]}},"_links":{"self":[{"href":"https:\/\/sysmatec.ch\/de\/wp-json\/wp\/v2\/product\/2340","targetHints":{"allow":["GET"]}}],"collection":[{"href":"https:\/\/sysmatec.ch\/de\/wp-json\/wp\/v2\/product"}],"about":[{"href":"https:\/\/sysmatec.ch\/de\/wp-json\/wp\/v2\/types\/product"}],"wp:featuredmedia":[{"embeddable":true,"href":"https:\/\/sysmatec.ch\/de\/wp-json\/wp\/v2\/media\/1171"}],"wp:attachment":[{"href":"https:\/\/sysmatec.ch\/de\/wp-json\/wp\/v2\/media?parent=2340"}],"wp:term":[{"taxonomy":"product_brand","embeddable":true,"href":"https:\/\/sysmatec.ch\/de\/wp-json\/wp\/v2\/product_brand?post=2340"},{"taxonomy":"product_cat","embeddable":true,"href":"https:\/\/sysmatec.ch\/de\/wp-json\/wp\/v2\/product_cat?post=2340"},{"taxonomy":"product_tag","embeddable":true,"href":"https:\/\/sysmatec.ch\/de\/wp-json\/wp\/v2\/product_tag?post=2340"}],"curies":[{"name":"wp","href":"https:\/\/api.w.org\/{rel}","templated":true}]}}