{"id":2335,"date":"2019-01-06T11:04:40","date_gmt":"2019-01-06T10:04:40","guid":{"rendered":"https:\/\/sysmatec.ch\/produit\/echantillonneur-dair-microbio-mb2-hiflow\/"},"modified":"2022-03-11T15:10:13","modified_gmt":"2022-03-11T14:10:13","slug":"microbio-mb2-hiflow-luftkeimsammler","status":"publish","type":"product","link":"https:\/\/sysmatec.ch\/de\/Produkt\/microbio-mb2-hiflow-luftkeimsammler\/","title":{"rendered":"MicroBio MB2-HiFlow Luftkeimsammler"},"content":{"rendered":"<p>Probenahme bei 180 Liter Luft pro Minute<\/p>\n<p>Bioaerosol Sampler sind wichtige Ger\u00e4te f\u00fcr den Einsatz \u00fcberall dort, wo die Lufthygiene von entscheidender Bedeutung ist (Bioaerosol Forschung, saubere Zimmer, pharmazeutischen Validierung, Lebensmittelproduktion und Verpackung, Raumluftqualit\u00e4t, Klimatechnik,in Krankenh\u00e4usern und Gesundheitseinrichtungen). Der MiniBio MB2-HiFlow Luftkeimsammler hat die gleiche Funktionen wie der MiniBio MB2-Modell, aber mit dem zus\u00e4tzlichen Vorteil, dass eine Luftdurchfluss von 180 Litern pro Minute fast die Zeit halbiert, um eine Probe zu nehmen. Die Zeit, um einen Kubikmeter Luft zu saugen wurde von 10 Minuten auf 6 Minuten verk\u00fcrzt.<\/p>\n<p>Die MiniBio MB2-HiFlow verwendet Standard-90 mm Petrischalen und ein 400-Loch hart eloxiertes Aluminium Probenahmekopf, und so die Kosten von propriet\u00e4ren Probenmedien vermeidet. Unter Verwendung von Standard leicht verf\u00fcgbaren Verbrauchsmaterialien, zu niedrigen Kosten mit einer Vielzahl von Medien, macht die MiniBio MB2-HiFlow ein wirtschaftliches Instrument zu verwenden.<\/p>\n<h2>Luftkeimsammler Spezifikationen<\/h2>\n<ul>\n<li type=\"disc\">Probenkopf: 400 L\u00f6cher x 1,0 mm, hart eloxiert, autoklavierbar<\/li>\n<li type=\"disc\">Durchfluss: 180 l \/ min<\/li>\n<li type=\"disc\">d50: 1.71\u03bcm<\/li>\n<li type=\"disc\">Mittlere Partikelgeschwindigkeit: 9.55 m \/ s<\/li>\n<li type=\"disc\">Sampling Volumen pro Probe: 10 bis 10 000 Liter<\/li>\n<li type=\"disc\">Sequential Sampling: 5 Minuten bis 24 Stunden, bis zu 100 Einzelproben bis zu 10 000 Liter<\/li>\n<li type=\"disc\">Startverz\u00f6gerung: 1 min bis 3 Stunden<\/li>\n<li type=\"disc\">Benutzerdefinierte Volumen: 9 (Standard: 100, 200, 400, 500, 750, 1000, 2000, 5000, 10000 Liter)<\/li>\n<li type=\"disc\">Autonomie mit NiMh Batterien: 40 000 Liter<\/li>\n<li type=\"disc\">LCD Bildschirm<\/li>\n<li type=\"disc\">Mikroprozessor-Steuerung<\/li>\n<li type=\"disc\">90mm Petrischale<\/li>\n<li type=\"disc\">Gewicht: 0.69 kg<\/li>\n<li type=\"disc\">Stativhalterung: UNC \u00bc-20-Fotogewinde<\/li>\n<li type=\"disc\">Abmessungen: 196 x 100 x 108 mm inklusiv Probenahmekopf<\/li>\n<li type=\"disc\">Batterie: 4 x AA NiMH-Zellen, 6V<\/li>\n<li type=\"disc\">Batteriewechsel: durch den Benutzer austauschbar<\/li>\n<li type=\"disc\">Schnell-Ladeger\u00e4t: Max 120 Minuten<\/li>\n<li type=\"disc\">Garantie: 2 Jahre<\/li>\n<li type=\"disc\">Menusprachen: Englisch, Franz\u00f6sisch, Deutsch, Ungarisch, Italienisch, Malaysisch, Norwegisch, Spanisch<\/li>\n<\/ul>\n<p>Geliefert mit dem MT2-HiFlow Bioaerosol Sampler<\/p>\n<ul>\n<li type=\"disc\">400 L\u00f6scher x 1.0 mm hart eloxiertes Aluminium Probenahmekopf<\/li>\n<li type=\"disc\">Benutzerhandbuch<\/li>\n<li type=\"disc\">Gepolsterte Tragetasche<\/li>\n<li type=\"disc\">Mini-Tischstativ<\/li>\n<li type=\"disc\">Ladeger\u00e4t mit UK, Euro, USA, Australien Adapter und 12V im Auto-Stecker und vorgeladene Zellen, so dass die MT2-HiFlow bereit zu verwenden ist<\/li>\n<li type=\"disc\">Optional medizinischer Qualit\u00e4t Netzteil<\/li>\n<li type=\"disc\">Kalibrierungszertifikat<\/li>\n<\/ul>\n","protected":false},"excerpt":{"rendered":"<p><span class=\"VIiyi\" lang=\"de\"><span class=\"JLqJ4b ChMk0b\" data-language-for-alternatives=\"de\" data-language-to-translate-into=\"fr\" data-phrase-index=\"3\" data-number-of-phrases=\"4\">Luftkeimsammler bei 180 L\/min.<\/span><\/span><\/p>\n","protected":false},"featured_media":1173,"template":"","meta":{"_crdt_document":""},"product_brand":[],"product_cat":[149],"product_tag":[],"class_list":{"0":"post-2335","1":"product","2":"type-product","3":"status-publish","4":"has-post-thumbnail","6":"product_cat-luftkeimsammler","8":"first","9":"instock","10":"taxable","11":"shipping-taxable","12":"product-type-simple"},"yoast_head":"<!-- This site is optimized with the Yoast SEO plugin v27.3 - https:\/\/yoast.com\/product\/yoast-seo-wordpress\/ -->\n<title>MicroBio MB2-HiFlow Luftkeimsammler - Sysmatec<\/title>\n<meta name=\"description\" content=\"Luftkeimsammler zur Messung von Bioaerosolen. Es arbeitet mit einem Luftstrom von 180 l\/min und verk\u00fcrzt so die Probenahmezeit.\" \/>\n<meta name=\"robots\" content=\"index, follow, max-snippet:-1, max-image-preview:large, max-video-preview:-1\" \/>\n<link rel=\"canonical\" href=\"https:\/\/sysmatec.ch\/de\/produit\/microbio-mb2-hiflow-luftkeimsammler\/\" \/>\n<meta property=\"og:locale\" content=\"de_DE\" \/>\n<meta property=\"og:type\" content=\"article\" \/>\n<meta property=\"og:title\" content=\"MicroBio MB2-HiFlow Luftkeimsammler - Sysmatec\" \/>\n<meta property=\"og:description\" content=\"Luftkeimsammler zur Messung von Bioaerosolen. Es arbeitet mit einem Luftstrom von 180 l\/min und verk\u00fcrzt so die Probenahmezeit.\" \/>\n<meta property=\"og:url\" content=\"https:\/\/sysmatec.ch\/de\/produit\/microbio-mb2-hiflow-luftkeimsammler\/\" \/>\n<meta property=\"og:site_name\" content=\"Sysmatec\" \/>\n<meta property=\"article:modified_time\" content=\"2022-03-11T14:10:13+00:00\" \/>\n<meta property=\"og:image\" content=\"https:\/\/sysmatec.ch\/wp-content\/uploads\/2019\/01\/Bioareosol_CantiumMB2HiFlow.jpg\" \/>\n\t<meta property=\"og:image:width\" content=\"132\" \/>\n\t<meta property=\"og:image:height\" content=\"254\" \/>\n\t<meta property=\"og:image:type\" content=\"image\/jpeg\" \/>\n<meta name=\"twitter:card\" content=\"summary_large_image\" \/>\n<meta name=\"twitter:label1\" content=\"Gesch\u00e4tzte Lesezeit\" \/>\n\t<meta name=\"twitter:data1\" content=\"2\u00a0Minuten\" \/>\n<script type=\"application\/ld+json\" class=\"yoast-schema-graph\">{\"@context\":\"https:\\\/\\\/schema.org\",\"@graph\":[{\"@type\":\"WebPage\",\"@id\":\"https:\\\/\\\/sysmatec.ch\\\/de\\\/produit\\\/microbio-mb2-hiflow-luftkeimsammler\\\/\",\"url\":\"https:\\\/\\\/sysmatec.ch\\\/de\\\/produit\\\/microbio-mb2-hiflow-luftkeimsammler\\\/\",\"name\":\"MicroBio MB2-HiFlow Luftkeimsammler - Sysmatec\",\"isPartOf\":{\"@id\":\"https:\\\/\\\/sysmatec.ch\\\/de\\\/#website\"},\"primaryImageOfPage\":{\"@id\":\"https:\\\/\\\/sysmatec.ch\\\/de\\\/produit\\\/microbio-mb2-hiflow-luftkeimsammler\\\/#primaryimage\"},\"image\":{\"@id\":\"https:\\\/\\\/sysmatec.ch\\\/de\\\/produit\\\/microbio-mb2-hiflow-luftkeimsammler\\\/#primaryimage\"},\"thumbnailUrl\":\"https:\\\/\\\/sysmatec.ch\\\/wp-content\\\/uploads\\\/2019\\\/01\\\/Bioareosol_CantiumMB2HiFlow.jpg\",\"datePublished\":\"2019-01-06T10:04:40+00:00\",\"dateModified\":\"2022-03-11T14:10:13+00:00\",\"description\":\"Luftkeimsammler zur Messung von Bioaerosolen. Es arbeitet mit einem Luftstrom von 180 l\\\/min und verk\u00fcrzt so die Probenahmezeit.\",\"breadcrumb\":{\"@id\":\"https:\\\/\\\/sysmatec.ch\\\/de\\\/produit\\\/microbio-mb2-hiflow-luftkeimsammler\\\/#breadcrumb\"},\"inLanguage\":\"de\",\"potentialAction\":[{\"@type\":\"ReadAction\",\"target\":[\"https:\\\/\\\/sysmatec.ch\\\/de\\\/produit\\\/microbio-mb2-hiflow-luftkeimsammler\\\/\"]}]},{\"@type\":\"ImageObject\",\"inLanguage\":\"de\",\"@id\":\"https:\\\/\\\/sysmatec.ch\\\/de\\\/produit\\\/microbio-mb2-hiflow-luftkeimsammler\\\/#primaryimage\",\"url\":\"https:\\\/\\\/sysmatec.ch\\\/wp-content\\\/uploads\\\/2019\\\/01\\\/Bioareosol_CantiumMB2HiFlow.jpg\",\"contentUrl\":\"https:\\\/\\\/sysmatec.ch\\\/wp-content\\\/uploads\\\/2019\\\/01\\\/Bioareosol_CantiumMB2HiFlow.jpg\",\"width\":132,\"height\":254},{\"@type\":\"BreadcrumbList\",\"@id\":\"https:\\\/\\\/sysmatec.ch\\\/de\\\/produit\\\/microbio-mb2-hiflow-luftkeimsammler\\\/#breadcrumb\",\"itemListElement\":[{\"@type\":\"ListItem\",\"position\":1,\"name\":\"Accueil\",\"item\":\"https:\\\/\\\/sysmatec.ch\\\/de\\\/\"},{\"@type\":\"ListItem\",\"position\":2,\"name\":\"Die Aktivit\u00e4t von Sysmatec\",\"item\":\"https:\\\/\\\/sysmatec.ch\\\/de\\\/\"},{\"@type\":\"ListItem\",\"position\":3,\"name\":\"MicroBio MB2-HiFlow Luftkeimsammler\"}]},{\"@type\":\"WebSite\",\"@id\":\"https:\\\/\\\/sysmatec.ch\\\/de\\\/#website\",\"url\":\"https:\\\/\\\/sysmatec.ch\\\/de\\\/\",\"name\":\"Sysmatec\",\"description\":\"Equipement de laboratoire et logiciels\",\"publisher\":{\"@id\":\"https:\\\/\\\/sysmatec.ch\\\/de\\\/#organization\"},\"potentialAction\":[{\"@type\":\"SearchAction\",\"target\":{\"@type\":\"EntryPoint\",\"urlTemplate\":\"https:\\\/\\\/sysmatec.ch\\\/de\\\/?s={search_term_string}\"},\"query-input\":{\"@type\":\"PropertyValueSpecification\",\"valueRequired\":true,\"valueName\":\"search_term_string\"}}],\"inLanguage\":\"de\"},{\"@type\":\"Organization\",\"@id\":\"https:\\\/\\\/sysmatec.ch\\\/de\\\/#organization\",\"name\":\"Sysmatec\",\"url\":\"https:\\\/\\\/sysmatec.ch\\\/de\\\/\",\"logo\":{\"@type\":\"ImageObject\",\"inLanguage\":\"de\",\"@id\":\"https:\\\/\\\/sysmatec.ch\\\/de\\\/#\\\/schema\\\/logo\\\/image\\\/\",\"url\":\"https:\\\/\\\/sysmatec.ch\\\/wp-content\\\/uploads\\\/2018\\\/11\\\/LogoSysmatec.jpg\",\"contentUrl\":\"https:\\\/\\\/sysmatec.ch\\\/wp-content\\\/uploads\\\/2018\\\/11\\\/LogoSysmatec.jpg\",\"width\":301,\"height\":297,\"caption\":\"Sysmatec\"},\"image\":{\"@id\":\"https:\\\/\\\/sysmatec.ch\\\/de\\\/#\\\/schema\\\/logo\\\/image\\\/\"}}]}<\/script>\n<!-- \/ Yoast SEO plugin. -->","yoast_head_json":{"title":"MicroBio MB2-HiFlow Luftkeimsammler - Sysmatec","description":"Luftkeimsammler zur Messung von Bioaerosolen. Es arbeitet mit einem Luftstrom von 180 l\/min und verk\u00fcrzt so die Probenahmezeit.","robots":{"index":"index","follow":"follow","max-snippet":"max-snippet:-1","max-image-preview":"max-image-preview:large","max-video-preview":"max-video-preview:-1"},"canonical":"https:\/\/sysmatec.ch\/de\/produit\/microbio-mb2-hiflow-luftkeimsammler\/","og_locale":"de_DE","og_type":"article","og_title":"MicroBio MB2-HiFlow Luftkeimsammler - Sysmatec","og_description":"Luftkeimsammler zur Messung von Bioaerosolen. Es arbeitet mit einem Luftstrom von 180 l\/min und verk\u00fcrzt so die Probenahmezeit.","og_url":"https:\/\/sysmatec.ch\/de\/produit\/microbio-mb2-hiflow-luftkeimsammler\/","og_site_name":"Sysmatec","article_modified_time":"2022-03-11T14:10:13+00:00","og_image":[{"width":132,"height":254,"url":"https:\/\/sysmatec.ch\/wp-content\/uploads\/2019\/01\/Bioareosol_CantiumMB2HiFlow.jpg","type":"image\/jpeg"}],"twitter_card":"summary_large_image","twitter_misc":{"Gesch\u00e4tzte Lesezeit":"2\u00a0Minuten"},"schema":{"@context":"https:\/\/schema.org","@graph":[{"@type":"WebPage","@id":"https:\/\/sysmatec.ch\/de\/produit\/microbio-mb2-hiflow-luftkeimsammler\/","url":"https:\/\/sysmatec.ch\/de\/produit\/microbio-mb2-hiflow-luftkeimsammler\/","name":"MicroBio MB2-HiFlow Luftkeimsammler - Sysmatec","isPartOf":{"@id":"https:\/\/sysmatec.ch\/de\/#website"},"primaryImageOfPage":{"@id":"https:\/\/sysmatec.ch\/de\/produit\/microbio-mb2-hiflow-luftkeimsammler\/#primaryimage"},"image":{"@id":"https:\/\/sysmatec.ch\/de\/produit\/microbio-mb2-hiflow-luftkeimsammler\/#primaryimage"},"thumbnailUrl":"https:\/\/sysmatec.ch\/wp-content\/uploads\/2019\/01\/Bioareosol_CantiumMB2HiFlow.jpg","datePublished":"2019-01-06T10:04:40+00:00","dateModified":"2022-03-11T14:10:13+00:00","description":"Luftkeimsammler zur Messung von Bioaerosolen. Es arbeitet mit einem Luftstrom von 180 l\/min und verk\u00fcrzt so die Probenahmezeit.","breadcrumb":{"@id":"https:\/\/sysmatec.ch\/de\/produit\/microbio-mb2-hiflow-luftkeimsammler\/#breadcrumb"},"inLanguage":"de","potentialAction":[{"@type":"ReadAction","target":["https:\/\/sysmatec.ch\/de\/produit\/microbio-mb2-hiflow-luftkeimsammler\/"]}]},{"@type":"ImageObject","inLanguage":"de","@id":"https:\/\/sysmatec.ch\/de\/produit\/microbio-mb2-hiflow-luftkeimsammler\/#primaryimage","url":"https:\/\/sysmatec.ch\/wp-content\/uploads\/2019\/01\/Bioareosol_CantiumMB2HiFlow.jpg","contentUrl":"https:\/\/sysmatec.ch\/wp-content\/uploads\/2019\/01\/Bioareosol_CantiumMB2HiFlow.jpg","width":132,"height":254},{"@type":"BreadcrumbList","@id":"https:\/\/sysmatec.ch\/de\/produit\/microbio-mb2-hiflow-luftkeimsammler\/#breadcrumb","itemListElement":[{"@type":"ListItem","position":1,"name":"Accueil","item":"https:\/\/sysmatec.ch\/de\/"},{"@type":"ListItem","position":2,"name":"Die Aktivit\u00e4t von Sysmatec","item":"https:\/\/sysmatec.ch\/de\/"},{"@type":"ListItem","position":3,"name":"MicroBio MB2-HiFlow Luftkeimsammler"}]},{"@type":"WebSite","@id":"https:\/\/sysmatec.ch\/de\/#website","url":"https:\/\/sysmatec.ch\/de\/","name":"Sysmatec","description":"Equipement de laboratoire et logiciels","publisher":{"@id":"https:\/\/sysmatec.ch\/de\/#organization"},"potentialAction":[{"@type":"SearchAction","target":{"@type":"EntryPoint","urlTemplate":"https:\/\/sysmatec.ch\/de\/?s={search_term_string}"},"query-input":{"@type":"PropertyValueSpecification","valueRequired":true,"valueName":"search_term_string"}}],"inLanguage":"de"},{"@type":"Organization","@id":"https:\/\/sysmatec.ch\/de\/#organization","name":"Sysmatec","url":"https:\/\/sysmatec.ch\/de\/","logo":{"@type":"ImageObject","inLanguage":"de","@id":"https:\/\/sysmatec.ch\/de\/#\/schema\/logo\/image\/","url":"https:\/\/sysmatec.ch\/wp-content\/uploads\/2018\/11\/LogoSysmatec.jpg","contentUrl":"https:\/\/sysmatec.ch\/wp-content\/uploads\/2018\/11\/LogoSysmatec.jpg","width":301,"height":297,"caption":"Sysmatec"},"image":{"@id":"https:\/\/sysmatec.ch\/de\/#\/schema\/logo\/image\/"}}]}},"_links":{"self":[{"href":"https:\/\/sysmatec.ch\/de\/wp-json\/wp\/v2\/product\/2335","targetHints":{"allow":["GET"]}}],"collection":[{"href":"https:\/\/sysmatec.ch\/de\/wp-json\/wp\/v2\/product"}],"about":[{"href":"https:\/\/sysmatec.ch\/de\/wp-json\/wp\/v2\/types\/product"}],"wp:featuredmedia":[{"embeddable":true,"href":"https:\/\/sysmatec.ch\/de\/wp-json\/wp\/v2\/media\/1173"}],"wp:attachment":[{"href":"https:\/\/sysmatec.ch\/de\/wp-json\/wp\/v2\/media?parent=2335"}],"wp:term":[{"taxonomy":"product_brand","embeddable":true,"href":"https:\/\/sysmatec.ch\/de\/wp-json\/wp\/v2\/product_brand?post=2335"},{"taxonomy":"product_cat","embeddable":true,"href":"https:\/\/sysmatec.ch\/de\/wp-json\/wp\/v2\/product_cat?post=2335"},{"taxonomy":"product_tag","embeddable":true,"href":"https:\/\/sysmatec.ch\/de\/wp-json\/wp\/v2\/product_tag?post=2335"}],"curies":[{"name":"wp","href":"https:\/\/api.w.org\/{rel}","templated":true}]}}