{"id":23327,"date":"2021-04-01T18:08:13","date_gmt":"2021-04-01T16:08:13","guid":{"rendered":"https:\/\/sysmatec.ch\/?post_type=product&#038;p=23327"},"modified":"2021-11-25T21:36:38","modified_gmt":"2021-11-25T20:36:38","slug":"plattformwaage-kern-ioc","status":"publish","type":"product","link":"https:\/\/sysmatec.ch\/de\/Produkt\/plattformwaage-kern-ioc\/","title":{"rendered":"Plattformwaage KERN IOC"},"content":{"rendered":"<ul id=\"kernList1\"><\/ul>\n<ul id=\"kernList1\">\n<li>Waage bereit f\u00fcr Industrie 4.0: Eine Vielzahl an (optionalen) <a>Datenschnittstelle<\/a>n erm\u00f6glicht ein bequemes \u00dcbertragen der W\u00e4gedaten an Tablets, Labtops, PC, Netzwerke, Smartphones, Drucker etc.<\/li>\n<li>Hohe Mobilit\u00e4t: Dank Akkubetrieb (optional) und kompakter, leichter Bauweise geeignet zum Einsatz an mehreren Standorten (Labor, Produktion, Qualit\u00e4tspru?fung, Kommissionierung etc.)<\/li>\n<li>Libelle und Fu\u00dfschrauben zum exakten\u00a0<a>Nivellieren<\/a>\u00a0der Waage serienm\u00e4\u00dfig, dadurch genaueste W\u00e4geergebnisse<\/li>\n<li>Abfrage und Fernsteuerung der Waage\u00a0\u00fcber externe Steuerungsger\u00e4te oder Computer mittels\u00a0<a>KERN Communication Protocol<\/a>\u00a0(<a>KCP<\/a>). Das\u00a0<a>KCP<\/a>\u00a0ist ein standardisierter Schnittstellen-Befehlssatz f\u00fcr KERN-Waagen und andere Instrumente, der das Abrufen und Steuern aller relevanten Parameter und Ger\u00e4tefunktionen erlaubt. KERN Ger\u00e4te mit\u00a0<a>KCP<\/a>\u00a0kann man dadurch ganz einfach an Computer, Industriesteuerungen und andere digitale Systeme anbinden. Das\u00a0<a>KCP<\/a>\u00a0Protokoll ist in gro\u00dfen Teilen mit dem MT-SICS Protokoll kompatibel. Nur \u00fcber\u00a0<a>Datenschnittstelle<\/a>\u00a0RS-232 m\u00f6glich, weitere Schnittstellen auf Anfrage<\/li>\n<li>Plattform: Edelstahl-W\u00e4geplatte, Unterbau Stahl lackiert, silikonbeschichtete Aluminium-W\u00e4gezelle, Staub- und Spritzwasserschutz IP65<\/li>\n<li>NEU: ab sofort k\u00f6nnen die geeichten Modelle mit einer optionalen\u00a0<a>Datenschnittstelle<\/a>, wie z. B. Bluetooth, WiFi, LAN betrieben werden (optionaler Alibispeicher notwendig). Das erm\u00f6glicht in eichpflichtigen Anwendungen einen bequemen Datentransfer der W\u00e4geergebnisse<\/li>\n<li>M\u00f6gliche Einsatzszenarien f\u00fcr Schnittstellen:<\/li>\n<\/ul>\n<p>&#8211; RS-232, im Lieferumfang enthalten, z. B. zum Anschluss eines PC oder Druckers<br \/>\n&#8211; LAN, WLAN, Bluetooth, USB-f\u00fcr-PC, optional, z. B. zum Anschluss eines PC oder Peripherieger\u00e4tes<br \/>\n&#8211; USB f\u00fcr USB-Stick, optional, z. B. zum Export von Alibi Daten an einen USB-Stick oder eine Festplatte<br \/>\n&#8211; Digital I\/O, inklusive Signallampe, optional, z. B. zur optischen Unterst\u00fctzung beim Wiegen mit Toleranzbereich, St\u00fcckz\u00e4hlen etc.<\/p>\n<table border=\"1\" width=\"486\" cellspacing=\"0\" cellpadding=\"2\">\n<tbody>\n<tr>\n<td>Waage Modell<\/td>\n<td width=\"10%\">Ablesbarkeit<\/td>\n<td width=\"10%\">W\u00e4gebereich<\/td>\n<td width=\"10%\">Platte<\/td>\n<\/tr>\n<tr>\n<td><\/td>\n<td width=\"10%\">g<\/td>\n<td width=\"10%\">kg<\/td>\n<td width=\"10%\">mm<\/td>\n<\/tr>\n<tr>\n<td><a>IOC 6K-3M<\/a><\/td>\n<td width=\"10%\">1\/2<\/td>\n<td width=\"10%\">3\/6<\/td>\n<td width=\"10%\">300&#215;300<\/td>\n<\/tr>\n<tr>\n<td><a>IOC 10K-3M<\/a><\/td>\n<td width=\"10%\">2\/5<\/td>\n<td width=\"10%\">6\/15<\/td>\n<td width=\"10%\">300&#215;240<\/td>\n<\/tr>\n<tr>\n<td>IOC 10K-3LM<\/td>\n<td width=\"10%\">2\/5<\/td>\n<td width=\"10%\">6\/15<\/td>\n<td width=\"10%\">400&#215;300<\/td>\n<\/tr>\n<tr>\n<td>IOC 30K-3M<\/td>\n<td width=\"10%\">5\/10<\/td>\n<td width=\"10%\">15\/30<\/td>\n<td width=\"10%\">400&#215;300<\/td>\n<\/tr>\n<tr>\n<td>IOC 60K-2M<\/td>\n<td width=\"10%\">10\/20<\/td>\n<td width=\"10%\">30\/60<\/td>\n<td width=\"10%\">400&#215;300<\/td>\n<\/tr>\n<tr>\n<td><a>IOC 60K-2LM<\/a><\/td>\n<td width=\"10%\">10\/20<\/td>\n<td width=\"10%\">30\/60<\/td>\n<td width=\"10%\">500&#215;400<\/td>\n<\/tr>\n<tr>\n<td><a>IOC 100K-2M<\/a><\/td>\n<td width=\"10%\">20\/50<\/td>\n<td width=\"10%\">60\/150<\/td>\n<td width=\"10%\">500&#215;400<\/td>\n<\/tr>\n<tr>\n<td><a>IOC 100K-2LM<\/a><\/td>\n<td width=\"10%\">20\/50<\/td>\n<td width=\"10%\">60\/150<\/td>\n<td width=\"10%\">650&#215;500<\/td>\n<\/tr>\n<tr>\n<td><a>IOC 300K-2M<\/a><\/td>\n<td width=\"10%\">50\/100<\/td>\n<td width=\"10%\">150\/300<\/td>\n<td width=\"10%\">650&#215;500<\/td>\n<\/tr>\n<tr>\n<td>IOC 600K-1M<\/td>\n<td width=\"10%\">100\/200<\/td>\n<td width=\"10%\">300\/600<\/td>\n<td width=\"10%\">800&#215;600<\/td>\n<\/tr>\n<\/tbody>\n<\/table>\n","protected":false},"excerpt":{"rendered":"<p>Plattformwaage 0-6 kg bis 0-600 kg<\/p>\n","protected":false},"featured_media":23458,"template":"","meta":{"_crdt_document":""},"product_brand":[],"product_cat":[165,339],"product_tag":[],"class_list":{"0":"post-23327","1":"product","2":"type-product","3":"status-publish","4":"has-post-thumbnail","6":"product_cat-gewicht","7":"product_cat-plattform","9":"first","10":"instock","11":"taxable","12":"shipping-taxable","13":"purchasable","14":"product-type-variable"},"yoast_head":"<!-- This site is optimized with the Yoast SEO plugin v27.3 - https:\/\/yoast.com\/product\/yoast-seo-wordpress\/ -->\n<title>Plattformwaage KERN IOC - Sysmatec<\/title>\n<meta name=\"description\" content=\"Plattformwaage, der Bildschirm ist von der Waage getrennt, durch ein Kabel verbunden, f\u00fcr den Bereich bis 600 kg.\" \/>\n<meta name=\"robots\" content=\"index, follow, max-snippet:-1, max-image-preview:large, max-video-preview:-1\" \/>\n<link rel=\"canonical\" href=\"https:\/\/sysmatec.ch\/de\/produit\/plattformwaage-kern-ioc\/\" \/>\n<meta property=\"og:locale\" content=\"de_DE\" \/>\n<meta property=\"og:type\" content=\"article\" \/>\n<meta property=\"og:title\" content=\"Plattformwaage KERN IOC - Sysmatec\" \/>\n<meta property=\"og:description\" content=\"Plattformwaage, der Bildschirm ist von der Waage getrennt, durch ein Kabel verbunden, f\u00fcr den Bereich bis 600 kg.\" \/>\n<meta property=\"og:url\" content=\"https:\/\/sysmatec.ch\/de\/produit\/plattformwaage-kern-ioc\/\" \/>\n<meta property=\"og:site_name\" content=\"Sysmatec\" \/>\n<meta property=\"article:modified_time\" content=\"2021-11-25T20:36:38+00:00\" \/>\n<meta property=\"og:image\" content=\"https:\/\/sysmatec.ch\/wp-content\/uploads\/2021\/04\/Balance_IOC-6K-3M-scaled.jpg\" \/>\n\t<meta property=\"og:image:width\" content=\"2560\" \/>\n\t<meta property=\"og:image:height\" content=\"1707\" \/>\n\t<meta property=\"og:image:type\" content=\"image\/jpeg\" \/>\n<meta name=\"twitter:card\" content=\"summary_large_image\" \/>\n<meta name=\"twitter:label1\" content=\"Gesch\u00e4tzte Lesezeit\" \/>\n\t<meta name=\"twitter:data1\" content=\"2\u00a0Minuten\" \/>\n<script type=\"application\/ld+json\" class=\"yoast-schema-graph\">{\"@context\":\"https:\\\/\\\/schema.org\",\"@graph\":[{\"@type\":\"WebPage\",\"@id\":\"https:\\\/\\\/sysmatec.ch\\\/de\\\/produit\\\/plattformwaage-kern-ioc\\\/\",\"url\":\"https:\\\/\\\/sysmatec.ch\\\/de\\\/produit\\\/plattformwaage-kern-ioc\\\/\",\"name\":\"Plattformwaage KERN IOC - Sysmatec\",\"isPartOf\":{\"@id\":\"https:\\\/\\\/sysmatec.ch\\\/de\\\/#website\"},\"primaryImageOfPage\":{\"@id\":\"https:\\\/\\\/sysmatec.ch\\\/de\\\/produit\\\/plattformwaage-kern-ioc\\\/#primaryimage\"},\"image\":{\"@id\":\"https:\\\/\\\/sysmatec.ch\\\/de\\\/produit\\\/plattformwaage-kern-ioc\\\/#primaryimage\"},\"thumbnailUrl\":\"https:\\\/\\\/sysmatec.ch\\\/wp-content\\\/uploads\\\/2021\\\/04\\\/Balance_IOC-6K-3M-scaled.jpg\",\"datePublished\":\"2021-04-01T16:08:13+00:00\",\"dateModified\":\"2021-11-25T20:36:38+00:00\",\"description\":\"Plattformwaage, der Bildschirm ist von der Waage getrennt, durch ein Kabel verbunden, f\u00fcr den Bereich bis 600 kg.\",\"breadcrumb\":{\"@id\":\"https:\\\/\\\/sysmatec.ch\\\/de\\\/produit\\\/plattformwaage-kern-ioc\\\/#breadcrumb\"},\"inLanguage\":\"de\",\"potentialAction\":[{\"@type\":\"ReadAction\",\"target\":[\"https:\\\/\\\/sysmatec.ch\\\/de\\\/produit\\\/plattformwaage-kern-ioc\\\/\"]}]},{\"@type\":\"ImageObject\",\"inLanguage\":\"de\",\"@id\":\"https:\\\/\\\/sysmatec.ch\\\/de\\\/produit\\\/plattformwaage-kern-ioc\\\/#primaryimage\",\"url\":\"https:\\\/\\\/sysmatec.ch\\\/wp-content\\\/uploads\\\/2021\\\/04\\\/Balance_IOC-6K-3M-scaled.jpg\",\"contentUrl\":\"https:\\\/\\\/sysmatec.ch\\\/wp-content\\\/uploads\\\/2021\\\/04\\\/Balance_IOC-6K-3M-scaled.jpg\",\"width\":2560,\"height\":1707},{\"@type\":\"BreadcrumbList\",\"@id\":\"https:\\\/\\\/sysmatec.ch\\\/de\\\/produit\\\/plattformwaage-kern-ioc\\\/#breadcrumb\",\"itemListElement\":[{\"@type\":\"ListItem\",\"position\":1,\"name\":\"Accueil\",\"item\":\"https:\\\/\\\/sysmatec.ch\\\/de\\\/\"},{\"@type\":\"ListItem\",\"position\":2,\"name\":\"Die Aktivit\u00e4t von Sysmatec\",\"item\":\"https:\\\/\\\/sysmatec.ch\\\/de\\\/\"},{\"@type\":\"ListItem\",\"position\":3,\"name\":\"Plattformwaage KERN IOC\"}]},{\"@type\":\"WebSite\",\"@id\":\"https:\\\/\\\/sysmatec.ch\\\/de\\\/#website\",\"url\":\"https:\\\/\\\/sysmatec.ch\\\/de\\\/\",\"name\":\"Sysmatec\",\"description\":\"Equipement de laboratoire et logiciels\",\"publisher\":{\"@id\":\"https:\\\/\\\/sysmatec.ch\\\/de\\\/#organization\"},\"potentialAction\":[{\"@type\":\"SearchAction\",\"target\":{\"@type\":\"EntryPoint\",\"urlTemplate\":\"https:\\\/\\\/sysmatec.ch\\\/de\\\/?s={search_term_string}\"},\"query-input\":{\"@type\":\"PropertyValueSpecification\",\"valueRequired\":true,\"valueName\":\"search_term_string\"}}],\"inLanguage\":\"de\"},{\"@type\":\"Organization\",\"@id\":\"https:\\\/\\\/sysmatec.ch\\\/de\\\/#organization\",\"name\":\"Sysmatec\",\"url\":\"https:\\\/\\\/sysmatec.ch\\\/de\\\/\",\"logo\":{\"@type\":\"ImageObject\",\"inLanguage\":\"de\",\"@id\":\"https:\\\/\\\/sysmatec.ch\\\/de\\\/#\\\/schema\\\/logo\\\/image\\\/\",\"url\":\"https:\\\/\\\/sysmatec.ch\\\/wp-content\\\/uploads\\\/2018\\\/11\\\/LogoSysmatec.jpg\",\"contentUrl\":\"https:\\\/\\\/sysmatec.ch\\\/wp-content\\\/uploads\\\/2018\\\/11\\\/LogoSysmatec.jpg\",\"width\":301,\"height\":297,\"caption\":\"Sysmatec\"},\"image\":{\"@id\":\"https:\\\/\\\/sysmatec.ch\\\/de\\\/#\\\/schema\\\/logo\\\/image\\\/\"}}]}<\/script>\n<!-- \/ Yoast SEO plugin. -->","yoast_head_json":{"title":"Plattformwaage KERN IOC - Sysmatec","description":"Plattformwaage, der Bildschirm ist von der Waage getrennt, durch ein Kabel verbunden, f\u00fcr den Bereich bis 600 kg.","robots":{"index":"index","follow":"follow","max-snippet":"max-snippet:-1","max-image-preview":"max-image-preview:large","max-video-preview":"max-video-preview:-1"},"canonical":"https:\/\/sysmatec.ch\/de\/produit\/plattformwaage-kern-ioc\/","og_locale":"de_DE","og_type":"article","og_title":"Plattformwaage KERN IOC - Sysmatec","og_description":"Plattformwaage, der Bildschirm ist von der Waage getrennt, durch ein Kabel verbunden, f\u00fcr den Bereich bis 600 kg.","og_url":"https:\/\/sysmatec.ch\/de\/produit\/plattformwaage-kern-ioc\/","og_site_name":"Sysmatec","article_modified_time":"2021-11-25T20:36:38+00:00","og_image":[{"width":2560,"height":1707,"url":"https:\/\/sysmatec.ch\/wp-content\/uploads\/2021\/04\/Balance_IOC-6K-3M-scaled.jpg","type":"image\/jpeg"}],"twitter_card":"summary_large_image","twitter_misc":{"Gesch\u00e4tzte Lesezeit":"2\u00a0Minuten"},"schema":{"@context":"https:\/\/schema.org","@graph":[{"@type":"WebPage","@id":"https:\/\/sysmatec.ch\/de\/produit\/plattformwaage-kern-ioc\/","url":"https:\/\/sysmatec.ch\/de\/produit\/plattformwaage-kern-ioc\/","name":"Plattformwaage KERN IOC - Sysmatec","isPartOf":{"@id":"https:\/\/sysmatec.ch\/de\/#website"},"primaryImageOfPage":{"@id":"https:\/\/sysmatec.ch\/de\/produit\/plattformwaage-kern-ioc\/#primaryimage"},"image":{"@id":"https:\/\/sysmatec.ch\/de\/produit\/plattformwaage-kern-ioc\/#primaryimage"},"thumbnailUrl":"https:\/\/sysmatec.ch\/wp-content\/uploads\/2021\/04\/Balance_IOC-6K-3M-scaled.jpg","datePublished":"2021-04-01T16:08:13+00:00","dateModified":"2021-11-25T20:36:38+00:00","description":"Plattformwaage, der Bildschirm ist von der Waage getrennt, durch ein Kabel verbunden, f\u00fcr den Bereich bis 600 kg.","breadcrumb":{"@id":"https:\/\/sysmatec.ch\/de\/produit\/plattformwaage-kern-ioc\/#breadcrumb"},"inLanguage":"de","potentialAction":[{"@type":"ReadAction","target":["https:\/\/sysmatec.ch\/de\/produit\/plattformwaage-kern-ioc\/"]}]},{"@type":"ImageObject","inLanguage":"de","@id":"https:\/\/sysmatec.ch\/de\/produit\/plattformwaage-kern-ioc\/#primaryimage","url":"https:\/\/sysmatec.ch\/wp-content\/uploads\/2021\/04\/Balance_IOC-6K-3M-scaled.jpg","contentUrl":"https:\/\/sysmatec.ch\/wp-content\/uploads\/2021\/04\/Balance_IOC-6K-3M-scaled.jpg","width":2560,"height":1707},{"@type":"BreadcrumbList","@id":"https:\/\/sysmatec.ch\/de\/produit\/plattformwaage-kern-ioc\/#breadcrumb","itemListElement":[{"@type":"ListItem","position":1,"name":"Accueil","item":"https:\/\/sysmatec.ch\/de\/"},{"@type":"ListItem","position":2,"name":"Die Aktivit\u00e4t von Sysmatec","item":"https:\/\/sysmatec.ch\/de\/"},{"@type":"ListItem","position":3,"name":"Plattformwaage KERN IOC"}]},{"@type":"WebSite","@id":"https:\/\/sysmatec.ch\/de\/#website","url":"https:\/\/sysmatec.ch\/de\/","name":"Sysmatec","description":"Equipement de laboratoire et logiciels","publisher":{"@id":"https:\/\/sysmatec.ch\/de\/#organization"},"potentialAction":[{"@type":"SearchAction","target":{"@type":"EntryPoint","urlTemplate":"https:\/\/sysmatec.ch\/de\/?s={search_term_string}"},"query-input":{"@type":"PropertyValueSpecification","valueRequired":true,"valueName":"search_term_string"}}],"inLanguage":"de"},{"@type":"Organization","@id":"https:\/\/sysmatec.ch\/de\/#organization","name":"Sysmatec","url":"https:\/\/sysmatec.ch\/de\/","logo":{"@type":"ImageObject","inLanguage":"de","@id":"https:\/\/sysmatec.ch\/de\/#\/schema\/logo\/image\/","url":"https:\/\/sysmatec.ch\/wp-content\/uploads\/2018\/11\/LogoSysmatec.jpg","contentUrl":"https:\/\/sysmatec.ch\/wp-content\/uploads\/2018\/11\/LogoSysmatec.jpg","width":301,"height":297,"caption":"Sysmatec"},"image":{"@id":"https:\/\/sysmatec.ch\/de\/#\/schema\/logo\/image\/"}}]}},"_links":{"self":[{"href":"https:\/\/sysmatec.ch\/de\/wp-json\/wp\/v2\/product\/23327","targetHints":{"allow":["GET"]}}],"collection":[{"href":"https:\/\/sysmatec.ch\/de\/wp-json\/wp\/v2\/product"}],"about":[{"href":"https:\/\/sysmatec.ch\/de\/wp-json\/wp\/v2\/types\/product"}],"wp:featuredmedia":[{"embeddable":true,"href":"https:\/\/sysmatec.ch\/de\/wp-json\/wp\/v2\/media\/23458"}],"wp:attachment":[{"href":"https:\/\/sysmatec.ch\/de\/wp-json\/wp\/v2\/media?parent=23327"}],"wp:term":[{"taxonomy":"product_brand","embeddable":true,"href":"https:\/\/sysmatec.ch\/de\/wp-json\/wp\/v2\/product_brand?post=23327"},{"taxonomy":"product_cat","embeddable":true,"href":"https:\/\/sysmatec.ch\/de\/wp-json\/wp\/v2\/product_cat?post=23327"},{"taxonomy":"product_tag","embeddable":true,"href":"https:\/\/sysmatec.ch\/de\/wp-json\/wp\/v2\/product_tag?post=23327"}],"curies":[{"name":"wp","href":"https:\/\/api.w.org\/{rel}","templated":true}]}}