{"id":2332,"date":"2019-01-06T11:09:39","date_gmt":"2019-01-06T10:09:39","guid":{"rendered":"https:\/\/sysmatec.ch\/produit\/kit-de-validation-microbio\/"},"modified":"2022-03-11T15:00:33","modified_gmt":"2022-03-11T14:00:33","slug":"microbio-validierungskit","status":"publish","type":"product","link":"https:\/\/sysmatec.ch\/de\/Produkt\/microbio-validierungskit\/","title":{"rendered":"Microbio Validierungskit"},"content":{"rendered":"<p>Um sicherzustellen, dass Ihre Microbio Luftkeimsammler auf dem H\u00f6hepunkt seiner Leistung ist und der Industrie Regulierungsbeh\u00f6rden und Standards erf\u00fcllt, ist eine regelm\u00e4\u00dfige \u00dcberpr\u00fcfung erforderlich.<\/p>\n<p>Entwickelt nur f\u00fcr die Verwendung mit Bioaerosole Samplern, konnten die Validierung nicht einfacher sein.<\/p>\n<p>Der Bausatz selber erfordert keine Kalibrierung. Er ist mit hohen Dimensionsstabilit\u00e4t hergestellt, bezogen auf nationale Normen und als solche, die Kalibrierung des Ger\u00e4ts ist f\u00fcr das Leben fixiert. Dadurch wird Ihre Betriebskosten auf ein Minimum reduziert.<\/p>\n<p>Technische Daten<\/p>\n<ul>\n<li>Kalibrierung r\u00fcckf\u00fchrbar auf Nationale Normen<\/li>\n<li>Leicht und einfach zu bedienen<\/li>\n<li>Ben\u00f6tigt keine Batterien oder Akkus<\/li>\n<li>Geliefert im robusten Schaumstoff Kunststoffkoffer<\/li>\n<li>Ausgestattet mit Durchflussmessung, 90 mm Petrischale, 55 mm Kontaktplatte und Schraubenzieher<\/li>\n<li>Geliefert mit Kalibrierzertifikat<\/li>\n<li>Gesamtgewicht 1,6 kg (inklusive Koffer und Zubeh\u00f6r)<\/li>\n<li>Entwickelt und hergestellt in Gro\u00dfbritannien unter ISO 9001:2008 Qualit\u00e4tsmanagementsysteme<\/li>\n<\/ul>\n","protected":false},"excerpt":{"rendered":"<p>Microbio Validierungskit f\u00fcr Luftkeimsammler.<\/p>\n","protected":false},"featured_media":1175,"template":"","meta":{"_crdt_document":""},"product_brand":[],"product_cat":[149],"product_tag":[],"class_list":{"0":"post-2332","1":"product","2":"type-product","3":"status-publish","4":"has-post-thumbnail","6":"product_cat-luftkeimsammler","8":"first","9":"instock","10":"taxable","11":"shipping-taxable","12":"product-type-simple"},"yoast_head":"<!-- This site is optimized with the Yoast SEO plugin v27.3 - https:\/\/yoast.com\/product\/yoast-seo-wordpress\/ -->\n<title>Microbio Validierungskit - Sysmatec<\/title>\n<meta name=\"description\" content=\"Validierungskit f\u00fcr MicroBio MB1 und MB2 Luftkeimsammler. Es dient zur Kontrolle des vom Sampler angesaugten Luftstroms.\" \/>\n<meta name=\"robots\" content=\"index, follow, max-snippet:-1, max-image-preview:large, max-video-preview:-1\" \/>\n<link rel=\"canonical\" href=\"https:\/\/sysmatec.ch\/de\/produit\/microbio-validierungskit\/\" \/>\n<meta property=\"og:locale\" content=\"de_DE\" \/>\n<meta property=\"og:type\" content=\"article\" \/>\n<meta property=\"og:title\" content=\"Microbio Validierungskit - Sysmatec\" \/>\n<meta property=\"og:description\" content=\"Validierungskit f\u00fcr MicroBio MB1 und MB2 Luftkeimsammler. Es dient zur Kontrolle des vom Sampler angesaugten Luftstroms.\" \/>\n<meta property=\"og:url\" content=\"https:\/\/sysmatec.ch\/de\/produit\/microbio-validierungskit\/\" \/>\n<meta property=\"og:site_name\" content=\"Sysmatec\" \/>\n<meta property=\"article:modified_time\" content=\"2022-03-11T14:00:33+00:00\" \/>\n<meta property=\"og:image\" content=\"https:\/\/sysmatec.ch\/wp-content\/uploads\/2019\/01\/Bioareosol_CantiumCalibration.jpg\" \/>\n\t<meta property=\"og:image:width\" content=\"188\" \/>\n\t<meta property=\"og:image:height\" content=\"139\" \/>\n\t<meta property=\"og:image:type\" content=\"image\/jpeg\" \/>\n<meta name=\"twitter:card\" content=\"summary_large_image\" \/>\n<meta name=\"twitter:label1\" content=\"Gesch\u00e4tzte Lesezeit\" \/>\n\t<meta name=\"twitter:data1\" content=\"1\u00a0Minute\" \/>\n<script type=\"application\/ld+json\" class=\"yoast-schema-graph\">{\"@context\":\"https:\\\/\\\/schema.org\",\"@graph\":[{\"@type\":\"WebPage\",\"@id\":\"https:\\\/\\\/sysmatec.ch\\\/de\\\/produit\\\/microbio-validierungskit\\\/\",\"url\":\"https:\\\/\\\/sysmatec.ch\\\/de\\\/produit\\\/microbio-validierungskit\\\/\",\"name\":\"Microbio Validierungskit - Sysmatec\",\"isPartOf\":{\"@id\":\"https:\\\/\\\/sysmatec.ch\\\/de\\\/#website\"},\"primaryImageOfPage\":{\"@id\":\"https:\\\/\\\/sysmatec.ch\\\/de\\\/produit\\\/microbio-validierungskit\\\/#primaryimage\"},\"image\":{\"@id\":\"https:\\\/\\\/sysmatec.ch\\\/de\\\/produit\\\/microbio-validierungskit\\\/#primaryimage\"},\"thumbnailUrl\":\"https:\\\/\\\/sysmatec.ch\\\/wp-content\\\/uploads\\\/2019\\\/01\\\/Bioareosol_CantiumCalibration.jpg\",\"datePublished\":\"2019-01-06T10:09:39+00:00\",\"dateModified\":\"2022-03-11T14:00:33+00:00\",\"description\":\"Validierungskit f\u00fcr MicroBio MB1 und MB2 Luftkeimsammler. Es dient zur Kontrolle des vom Sampler angesaugten Luftstroms.\",\"breadcrumb\":{\"@id\":\"https:\\\/\\\/sysmatec.ch\\\/de\\\/produit\\\/microbio-validierungskit\\\/#breadcrumb\"},\"inLanguage\":\"de\",\"potentialAction\":[{\"@type\":\"ReadAction\",\"target\":[\"https:\\\/\\\/sysmatec.ch\\\/de\\\/produit\\\/microbio-validierungskit\\\/\"]}]},{\"@type\":\"ImageObject\",\"inLanguage\":\"de\",\"@id\":\"https:\\\/\\\/sysmatec.ch\\\/de\\\/produit\\\/microbio-validierungskit\\\/#primaryimage\",\"url\":\"https:\\\/\\\/sysmatec.ch\\\/wp-content\\\/uploads\\\/2019\\\/01\\\/Bioareosol_CantiumCalibration.jpg\",\"contentUrl\":\"https:\\\/\\\/sysmatec.ch\\\/wp-content\\\/uploads\\\/2019\\\/01\\\/Bioareosol_CantiumCalibration.jpg\",\"width\":188,\"height\":139},{\"@type\":\"BreadcrumbList\",\"@id\":\"https:\\\/\\\/sysmatec.ch\\\/de\\\/produit\\\/microbio-validierungskit\\\/#breadcrumb\",\"itemListElement\":[{\"@type\":\"ListItem\",\"position\":1,\"name\":\"Accueil\",\"item\":\"https:\\\/\\\/sysmatec.ch\\\/de\\\/\"},{\"@type\":\"ListItem\",\"position\":2,\"name\":\"Die Aktivit\u00e4t von Sysmatec\",\"item\":\"https:\\\/\\\/sysmatec.ch\\\/de\\\/\"},{\"@type\":\"ListItem\",\"position\":3,\"name\":\"Microbio Validierungskit\"}]},{\"@type\":\"WebSite\",\"@id\":\"https:\\\/\\\/sysmatec.ch\\\/de\\\/#website\",\"url\":\"https:\\\/\\\/sysmatec.ch\\\/de\\\/\",\"name\":\"Sysmatec\",\"description\":\"Equipement de laboratoire et logiciels\",\"publisher\":{\"@id\":\"https:\\\/\\\/sysmatec.ch\\\/de\\\/#organization\"},\"potentialAction\":[{\"@type\":\"SearchAction\",\"target\":{\"@type\":\"EntryPoint\",\"urlTemplate\":\"https:\\\/\\\/sysmatec.ch\\\/de\\\/?s={search_term_string}\"},\"query-input\":{\"@type\":\"PropertyValueSpecification\",\"valueRequired\":true,\"valueName\":\"search_term_string\"}}],\"inLanguage\":\"de\"},{\"@type\":\"Organization\",\"@id\":\"https:\\\/\\\/sysmatec.ch\\\/de\\\/#organization\",\"name\":\"Sysmatec\",\"url\":\"https:\\\/\\\/sysmatec.ch\\\/de\\\/\",\"logo\":{\"@type\":\"ImageObject\",\"inLanguage\":\"de\",\"@id\":\"https:\\\/\\\/sysmatec.ch\\\/de\\\/#\\\/schema\\\/logo\\\/image\\\/\",\"url\":\"https:\\\/\\\/sysmatec.ch\\\/wp-content\\\/uploads\\\/2018\\\/11\\\/LogoSysmatec.jpg\",\"contentUrl\":\"https:\\\/\\\/sysmatec.ch\\\/wp-content\\\/uploads\\\/2018\\\/11\\\/LogoSysmatec.jpg\",\"width\":301,\"height\":297,\"caption\":\"Sysmatec\"},\"image\":{\"@id\":\"https:\\\/\\\/sysmatec.ch\\\/de\\\/#\\\/schema\\\/logo\\\/image\\\/\"}}]}<\/script>\n<!-- \/ Yoast SEO plugin. -->","yoast_head_json":{"title":"Microbio Validierungskit - Sysmatec","description":"Validierungskit f\u00fcr MicroBio MB1 und MB2 Luftkeimsammler. Es dient zur Kontrolle des vom Sampler angesaugten Luftstroms.","robots":{"index":"index","follow":"follow","max-snippet":"max-snippet:-1","max-image-preview":"max-image-preview:large","max-video-preview":"max-video-preview:-1"},"canonical":"https:\/\/sysmatec.ch\/de\/produit\/microbio-validierungskit\/","og_locale":"de_DE","og_type":"article","og_title":"Microbio Validierungskit - Sysmatec","og_description":"Validierungskit f\u00fcr MicroBio MB1 und MB2 Luftkeimsammler. Es dient zur Kontrolle des vom Sampler angesaugten Luftstroms.","og_url":"https:\/\/sysmatec.ch\/de\/produit\/microbio-validierungskit\/","og_site_name":"Sysmatec","article_modified_time":"2022-03-11T14:00:33+00:00","og_image":[{"width":188,"height":139,"url":"https:\/\/sysmatec.ch\/wp-content\/uploads\/2019\/01\/Bioareosol_CantiumCalibration.jpg","type":"image\/jpeg"}],"twitter_card":"summary_large_image","twitter_misc":{"Gesch\u00e4tzte Lesezeit":"1\u00a0Minute"},"schema":{"@context":"https:\/\/schema.org","@graph":[{"@type":"WebPage","@id":"https:\/\/sysmatec.ch\/de\/produit\/microbio-validierungskit\/","url":"https:\/\/sysmatec.ch\/de\/produit\/microbio-validierungskit\/","name":"Microbio Validierungskit - Sysmatec","isPartOf":{"@id":"https:\/\/sysmatec.ch\/de\/#website"},"primaryImageOfPage":{"@id":"https:\/\/sysmatec.ch\/de\/produit\/microbio-validierungskit\/#primaryimage"},"image":{"@id":"https:\/\/sysmatec.ch\/de\/produit\/microbio-validierungskit\/#primaryimage"},"thumbnailUrl":"https:\/\/sysmatec.ch\/wp-content\/uploads\/2019\/01\/Bioareosol_CantiumCalibration.jpg","datePublished":"2019-01-06T10:09:39+00:00","dateModified":"2022-03-11T14:00:33+00:00","description":"Validierungskit f\u00fcr MicroBio MB1 und MB2 Luftkeimsammler. Es dient zur Kontrolle des vom Sampler angesaugten Luftstroms.","breadcrumb":{"@id":"https:\/\/sysmatec.ch\/de\/produit\/microbio-validierungskit\/#breadcrumb"},"inLanguage":"de","potentialAction":[{"@type":"ReadAction","target":["https:\/\/sysmatec.ch\/de\/produit\/microbio-validierungskit\/"]}]},{"@type":"ImageObject","inLanguage":"de","@id":"https:\/\/sysmatec.ch\/de\/produit\/microbio-validierungskit\/#primaryimage","url":"https:\/\/sysmatec.ch\/wp-content\/uploads\/2019\/01\/Bioareosol_CantiumCalibration.jpg","contentUrl":"https:\/\/sysmatec.ch\/wp-content\/uploads\/2019\/01\/Bioareosol_CantiumCalibration.jpg","width":188,"height":139},{"@type":"BreadcrumbList","@id":"https:\/\/sysmatec.ch\/de\/produit\/microbio-validierungskit\/#breadcrumb","itemListElement":[{"@type":"ListItem","position":1,"name":"Accueil","item":"https:\/\/sysmatec.ch\/de\/"},{"@type":"ListItem","position":2,"name":"Die Aktivit\u00e4t von Sysmatec","item":"https:\/\/sysmatec.ch\/de\/"},{"@type":"ListItem","position":3,"name":"Microbio Validierungskit"}]},{"@type":"WebSite","@id":"https:\/\/sysmatec.ch\/de\/#website","url":"https:\/\/sysmatec.ch\/de\/","name":"Sysmatec","description":"Equipement de laboratoire et logiciels","publisher":{"@id":"https:\/\/sysmatec.ch\/de\/#organization"},"potentialAction":[{"@type":"SearchAction","target":{"@type":"EntryPoint","urlTemplate":"https:\/\/sysmatec.ch\/de\/?s={search_term_string}"},"query-input":{"@type":"PropertyValueSpecification","valueRequired":true,"valueName":"search_term_string"}}],"inLanguage":"de"},{"@type":"Organization","@id":"https:\/\/sysmatec.ch\/de\/#organization","name":"Sysmatec","url":"https:\/\/sysmatec.ch\/de\/","logo":{"@type":"ImageObject","inLanguage":"de","@id":"https:\/\/sysmatec.ch\/de\/#\/schema\/logo\/image\/","url":"https:\/\/sysmatec.ch\/wp-content\/uploads\/2018\/11\/LogoSysmatec.jpg","contentUrl":"https:\/\/sysmatec.ch\/wp-content\/uploads\/2018\/11\/LogoSysmatec.jpg","width":301,"height":297,"caption":"Sysmatec"},"image":{"@id":"https:\/\/sysmatec.ch\/de\/#\/schema\/logo\/image\/"}}]}},"_links":{"self":[{"href":"https:\/\/sysmatec.ch\/de\/wp-json\/wp\/v2\/product\/2332","targetHints":{"allow":["GET"]}}],"collection":[{"href":"https:\/\/sysmatec.ch\/de\/wp-json\/wp\/v2\/product"}],"about":[{"href":"https:\/\/sysmatec.ch\/de\/wp-json\/wp\/v2\/types\/product"}],"wp:featuredmedia":[{"embeddable":true,"href":"https:\/\/sysmatec.ch\/de\/wp-json\/wp\/v2\/media\/1175"}],"wp:attachment":[{"href":"https:\/\/sysmatec.ch\/de\/wp-json\/wp\/v2\/media?parent=2332"}],"wp:term":[{"taxonomy":"product_brand","embeddable":true,"href":"https:\/\/sysmatec.ch\/de\/wp-json\/wp\/v2\/product_brand?post=2332"},{"taxonomy":"product_cat","embeddable":true,"href":"https:\/\/sysmatec.ch\/de\/wp-json\/wp\/v2\/product_cat?post=2332"},{"taxonomy":"product_tag","embeddable":true,"href":"https:\/\/sysmatec.ch\/de\/wp-json\/wp\/v2\/product_tag?post=2332"}],"curies":[{"name":"wp","href":"https:\/\/api.w.org\/{rel}","templated":true}]}}