{"id":2328,"date":"2019-01-10T21:45:22","date_gmt":"2019-01-10T20:45:22","guid":{"rendered":"https:\/\/sysmatec.ch\/produit\/centrifugeuse-sprout-mini\/"},"modified":"2022-03-11T11:55:51","modified_gmt":"2022-03-11T10:55:51","slug":"sprout-mini-zentrifuge","status":"publish","type":"product","link":"https:\/\/sysmatec.ch\/de\/Produkt\/sprout-mini-zentrifuge\/","title":{"rendered":"Sprout Mini-Zentrifuge"},"content":{"rendered":"<p>Zwei neue SnapSpin Rotoren (ein sechs-fach Standard-Rotor und ein Acht-fach Streifenrotor) f\u00fcr die schnelle und einfache \u00c4nderungen. Zwei S\u00e4tze von Adaptern alle g\u00e4ngigen Mikror\u00f6hrchen und PCR \u00ae-Rohr (2.0, 1.5, 0.5, 0.2 mL) f\u00fcr individuelle Nutzung sind auch dabei.<\/p>\n<p>Diese Tischzentrifuge ist ideal f\u00fcr Mikrofilter Zelle Trennungen und HPLC-Proben. Einer ergonomisch Deckel wurde speziell entwickelt, um in der Handfl\u00e4che der Hand f\u00fcr einfache Wiederholung \u00d6ffnung und Nutzung zu passen. Er wurde mit UV-best\u00e4ndigem Kunststoff hergestellt.<\/p>\n<p>Die Bedienung ist jetzt schneller und einfacher: Rotor einbauen, Mustern einstecken und schlie\u00dfen. F\u00fcr wiederholte Zentrifugationen, schlie\u00dfen Sie einfach den Deckel zu reaktivieren. Eine interne Sicherheitsschalter sorgt daf\u00e8r, dass die Zentrifuge nicht mit ge\u00f6ffnetem Deckel drehen kann.<\/p>\n<p>Entwickelt und getestet, um mit den USA, Kanada und europ\u00e4ischen Sicherheitsstandards zu erf\u00fcllen.<\/p>\n<p>Technische Daten<\/p>\n<ul>\n<li>Maximale Drehzahl: 6000 min<\/li>\n<li>Maximale RCF: 2000 x g<\/li>\n<li>Abmessungen: 153 x 128 x 104mm, sehr kompakt<\/li>\n<li>im Lieferumfang der Zentrifuge<\/li>\n<li>Zwei leicht zu wechseln (ohne Werkzeug) Rotoren: 6 Pl\u00e4tze Standard-Rotor f\u00fcr 1.5 \/ 2 ml-R\u00f6hrchen, 8-Pl\u00e4tze Gef\u00e4\u00dfstreifenrotor f\u00fcr zwei 0.2 ml-R\u00f6hrchen Streifen oder 16 einzelnen R\u00f6hren<\/li>\n<li>Sechs 0.2 mL und sechs 0.5 ml-Adapter f\u00fcr individuelle Nutzung<\/li>\n<li>Lagerungsgeh\u00e4use, um Rotoren und Adapter staubfrei zu erhalten<\/li>\n<li>Rack f\u00fcr R\u00f6hrchen, f\u00fcr einen praktische Umgang mit Proben<\/li>\n<\/ul>\n","protected":false},"excerpt":{"rendered":"<p><span class=\"VIiyi\" lang=\"de\"><span class=\"JLqJ4b ChMk0b\" data-language-for-alternatives=\"de\" data-language-to-translate-into=\"fr\" data-phrase-index=\"3\" data-number-of-phrases=\"4\">Tischzentrifuge mit 6 000 U\/min.<\/span><\/span><\/p>\n","protected":false},"featured_media":1183,"template":"","meta":{"_crdt_document":""},"product_brand":[],"product_cat":[145],"product_tag":[],"class_list":{"0":"post-2328","1":"product","2":"type-product","3":"status-publish","4":"has-post-thumbnail","6":"product_cat-zentrifuge","8":"first","9":"instock","10":"taxable","11":"shipping-taxable","12":"product-type-simple"},"yoast_head":"<!-- This site is optimized with the Yoast SEO plugin v27.4 - https:\/\/yoast.com\/product\/yoast-seo-wordpress\/ -->\n<title>Sprout Mini-Zentrifuge - Sysmatec<\/title>\n<meta name=\"description\" content=\"Kompakte Tischzentrifuge mit austauschbaren Rotoren f\u00fcr 6 R\u00f6hrchen 1,5\/2,0 ml, 0,2\/0,5 ml. H\u00f6chstgeschwindigkeit 6 000 U\/min.\" \/>\n<meta name=\"robots\" content=\"index, follow, max-snippet:-1, max-image-preview:large, max-video-preview:-1\" \/>\n<link rel=\"canonical\" href=\"https:\/\/sysmatec.ch\/de\/produit\/sprout-mini-zentrifuge\/\" \/>\n<meta property=\"og:locale\" content=\"de_DE\" \/>\n<meta property=\"og:type\" content=\"article\" \/>\n<meta property=\"og:title\" content=\"Sprout Mini-Zentrifuge - Sysmatec\" \/>\n<meta property=\"og:description\" content=\"Kompakte Tischzentrifuge mit austauschbaren Rotoren f\u00fcr 6 R\u00f6hrchen 1,5\/2,0 ml, 0,2\/0,5 ml. H\u00f6chstgeschwindigkeit 6 000 U\/min.\" \/>\n<meta property=\"og:url\" content=\"https:\/\/sysmatec.ch\/de\/produit\/sprout-mini-zentrifuge\/\" \/>\n<meta property=\"og:site_name\" content=\"Sysmatec\" \/>\n<meta property=\"article:modified_time\" content=\"2022-03-11T10:55:51+00:00\" \/>\n<meta property=\"og:image\" content=\"https:\/\/sysmatec.ch\/wp-content\/uploads\/2019\/01\/Centrifugeuse_Sprout.jpg\" \/>\n\t<meta property=\"og:image:width\" content=\"180\" \/>\n\t<meta property=\"og:image:height\" content=\"211\" \/>\n\t<meta property=\"og:image:type\" content=\"image\/jpeg\" \/>\n<meta name=\"twitter:card\" content=\"summary_large_image\" \/>\n<meta name=\"twitter:label1\" content=\"Gesch\u00e4tzte Lesezeit\" \/>\n\t<meta name=\"twitter:data1\" content=\"1\u00a0Minute\" \/>\n<script type=\"application\/ld+json\" class=\"yoast-schema-graph\">{\"@context\":\"https:\\\/\\\/schema.org\",\"@graph\":[{\"@type\":\"WebPage\",\"@id\":\"https:\\\/\\\/sysmatec.ch\\\/de\\\/produit\\\/sprout-mini-zentrifuge\\\/\",\"url\":\"https:\\\/\\\/sysmatec.ch\\\/de\\\/produit\\\/sprout-mini-zentrifuge\\\/\",\"name\":\"Sprout Mini-Zentrifuge - Sysmatec\",\"isPartOf\":{\"@id\":\"https:\\\/\\\/sysmatec.ch\\\/de\\\/#website\"},\"primaryImageOfPage\":{\"@id\":\"https:\\\/\\\/sysmatec.ch\\\/de\\\/produit\\\/sprout-mini-zentrifuge\\\/#primaryimage\"},\"image\":{\"@id\":\"https:\\\/\\\/sysmatec.ch\\\/de\\\/produit\\\/sprout-mini-zentrifuge\\\/#primaryimage\"},\"thumbnailUrl\":\"https:\\\/\\\/sysmatec.ch\\\/wp-content\\\/uploads\\\/2019\\\/01\\\/Centrifugeuse_Sprout.jpg\",\"datePublished\":\"2019-01-10T20:45:22+00:00\",\"dateModified\":\"2022-03-11T10:55:51+00:00\",\"description\":\"Kompakte Tischzentrifuge mit austauschbaren Rotoren f\u00fcr 6 R\u00f6hrchen 1,5\\\/2,0 ml, 0,2\\\/0,5 ml. H\u00f6chstgeschwindigkeit 6 000 U\\\/min.\",\"breadcrumb\":{\"@id\":\"https:\\\/\\\/sysmatec.ch\\\/de\\\/produit\\\/sprout-mini-zentrifuge\\\/#breadcrumb\"},\"inLanguage\":\"de\",\"potentialAction\":[{\"@type\":\"ReadAction\",\"target\":[\"https:\\\/\\\/sysmatec.ch\\\/de\\\/produit\\\/sprout-mini-zentrifuge\\\/\"]}]},{\"@type\":\"ImageObject\",\"inLanguage\":\"de\",\"@id\":\"https:\\\/\\\/sysmatec.ch\\\/de\\\/produit\\\/sprout-mini-zentrifuge\\\/#primaryimage\",\"url\":\"https:\\\/\\\/sysmatec.ch\\\/wp-content\\\/uploads\\\/2019\\\/01\\\/Centrifugeuse_Sprout.jpg\",\"contentUrl\":\"https:\\\/\\\/sysmatec.ch\\\/wp-content\\\/uploads\\\/2019\\\/01\\\/Centrifugeuse_Sprout.jpg\",\"width\":180,\"height\":211},{\"@type\":\"BreadcrumbList\",\"@id\":\"https:\\\/\\\/sysmatec.ch\\\/de\\\/produit\\\/sprout-mini-zentrifuge\\\/#breadcrumb\",\"itemListElement\":[{\"@type\":\"ListItem\",\"position\":1,\"name\":\"Accueil\",\"item\":\"https:\\\/\\\/sysmatec.ch\\\/de\\\/\"},{\"@type\":\"ListItem\",\"position\":2,\"name\":\"Die Aktivit\u00e4t von Sysmatec\",\"item\":\"https:\\\/\\\/sysmatec.ch\\\/de\\\/\"},{\"@type\":\"ListItem\",\"position\":3,\"name\":\"Sprout Mini-Zentrifuge\"}]},{\"@type\":\"WebSite\",\"@id\":\"https:\\\/\\\/sysmatec.ch\\\/de\\\/#website\",\"url\":\"https:\\\/\\\/sysmatec.ch\\\/de\\\/\",\"name\":\"Sysmatec\",\"description\":\"Equipement de laboratoire et logiciels\",\"publisher\":{\"@id\":\"https:\\\/\\\/sysmatec.ch\\\/de\\\/#organization\"},\"potentialAction\":[{\"@type\":\"SearchAction\",\"target\":{\"@type\":\"EntryPoint\",\"urlTemplate\":\"https:\\\/\\\/sysmatec.ch\\\/de\\\/?s={search_term_string}\"},\"query-input\":{\"@type\":\"PropertyValueSpecification\",\"valueRequired\":true,\"valueName\":\"search_term_string\"}}],\"inLanguage\":\"de\"},{\"@type\":\"Organization\",\"@id\":\"https:\\\/\\\/sysmatec.ch\\\/de\\\/#organization\",\"name\":\"Sysmatec\",\"url\":\"https:\\\/\\\/sysmatec.ch\\\/de\\\/\",\"logo\":{\"@type\":\"ImageObject\",\"inLanguage\":\"de\",\"@id\":\"https:\\\/\\\/sysmatec.ch\\\/de\\\/#\\\/schema\\\/logo\\\/image\\\/\",\"url\":\"https:\\\/\\\/sysmatec.ch\\\/wp-content\\\/uploads\\\/2018\\\/11\\\/LogoSysmatec.jpg\",\"contentUrl\":\"https:\\\/\\\/sysmatec.ch\\\/wp-content\\\/uploads\\\/2018\\\/11\\\/LogoSysmatec.jpg\",\"width\":301,\"height\":297,\"caption\":\"Sysmatec\"},\"image\":{\"@id\":\"https:\\\/\\\/sysmatec.ch\\\/de\\\/#\\\/schema\\\/logo\\\/image\\\/\"}}]}<\/script>\n<!-- \/ Yoast SEO plugin. -->","yoast_head_json":{"title":"Sprout Mini-Zentrifuge - Sysmatec","description":"Kompakte Tischzentrifuge mit austauschbaren Rotoren f\u00fcr 6 R\u00f6hrchen 1,5\/2,0 ml, 0,2\/0,5 ml. H\u00f6chstgeschwindigkeit 6 000 U\/min.","robots":{"index":"index","follow":"follow","max-snippet":"max-snippet:-1","max-image-preview":"max-image-preview:large","max-video-preview":"max-video-preview:-1"},"canonical":"https:\/\/sysmatec.ch\/de\/produit\/sprout-mini-zentrifuge\/","og_locale":"de_DE","og_type":"article","og_title":"Sprout Mini-Zentrifuge - Sysmatec","og_description":"Kompakte Tischzentrifuge mit austauschbaren Rotoren f\u00fcr 6 R\u00f6hrchen 1,5\/2,0 ml, 0,2\/0,5 ml. H\u00f6chstgeschwindigkeit 6 000 U\/min.","og_url":"https:\/\/sysmatec.ch\/de\/produit\/sprout-mini-zentrifuge\/","og_site_name":"Sysmatec","article_modified_time":"2022-03-11T10:55:51+00:00","og_image":[{"width":180,"height":211,"url":"https:\/\/sysmatec.ch\/wp-content\/uploads\/2019\/01\/Centrifugeuse_Sprout.jpg","type":"image\/jpeg"}],"twitter_card":"summary_large_image","twitter_misc":{"Gesch\u00e4tzte Lesezeit":"1\u00a0Minute"},"schema":{"@context":"https:\/\/schema.org","@graph":[{"@type":"WebPage","@id":"https:\/\/sysmatec.ch\/de\/produit\/sprout-mini-zentrifuge\/","url":"https:\/\/sysmatec.ch\/de\/produit\/sprout-mini-zentrifuge\/","name":"Sprout Mini-Zentrifuge - Sysmatec","isPartOf":{"@id":"https:\/\/sysmatec.ch\/de\/#website"},"primaryImageOfPage":{"@id":"https:\/\/sysmatec.ch\/de\/produit\/sprout-mini-zentrifuge\/#primaryimage"},"image":{"@id":"https:\/\/sysmatec.ch\/de\/produit\/sprout-mini-zentrifuge\/#primaryimage"},"thumbnailUrl":"https:\/\/sysmatec.ch\/wp-content\/uploads\/2019\/01\/Centrifugeuse_Sprout.jpg","datePublished":"2019-01-10T20:45:22+00:00","dateModified":"2022-03-11T10:55:51+00:00","description":"Kompakte Tischzentrifuge mit austauschbaren Rotoren f\u00fcr 6 R\u00f6hrchen 1,5\/2,0 ml, 0,2\/0,5 ml. H\u00f6chstgeschwindigkeit 6 000 U\/min.","breadcrumb":{"@id":"https:\/\/sysmatec.ch\/de\/produit\/sprout-mini-zentrifuge\/#breadcrumb"},"inLanguage":"de","potentialAction":[{"@type":"ReadAction","target":["https:\/\/sysmatec.ch\/de\/produit\/sprout-mini-zentrifuge\/"]}]},{"@type":"ImageObject","inLanguage":"de","@id":"https:\/\/sysmatec.ch\/de\/produit\/sprout-mini-zentrifuge\/#primaryimage","url":"https:\/\/sysmatec.ch\/wp-content\/uploads\/2019\/01\/Centrifugeuse_Sprout.jpg","contentUrl":"https:\/\/sysmatec.ch\/wp-content\/uploads\/2019\/01\/Centrifugeuse_Sprout.jpg","width":180,"height":211},{"@type":"BreadcrumbList","@id":"https:\/\/sysmatec.ch\/de\/produit\/sprout-mini-zentrifuge\/#breadcrumb","itemListElement":[{"@type":"ListItem","position":1,"name":"Accueil","item":"https:\/\/sysmatec.ch\/de\/"},{"@type":"ListItem","position":2,"name":"Die Aktivit\u00e4t von Sysmatec","item":"https:\/\/sysmatec.ch\/de\/"},{"@type":"ListItem","position":3,"name":"Sprout Mini-Zentrifuge"}]},{"@type":"WebSite","@id":"https:\/\/sysmatec.ch\/de\/#website","url":"https:\/\/sysmatec.ch\/de\/","name":"Sysmatec","description":"Equipement de laboratoire et logiciels","publisher":{"@id":"https:\/\/sysmatec.ch\/de\/#organization"},"potentialAction":[{"@type":"SearchAction","target":{"@type":"EntryPoint","urlTemplate":"https:\/\/sysmatec.ch\/de\/?s={search_term_string}"},"query-input":{"@type":"PropertyValueSpecification","valueRequired":true,"valueName":"search_term_string"}}],"inLanguage":"de"},{"@type":"Organization","@id":"https:\/\/sysmatec.ch\/de\/#organization","name":"Sysmatec","url":"https:\/\/sysmatec.ch\/de\/","logo":{"@type":"ImageObject","inLanguage":"de","@id":"https:\/\/sysmatec.ch\/de\/#\/schema\/logo\/image\/","url":"https:\/\/sysmatec.ch\/wp-content\/uploads\/2018\/11\/LogoSysmatec.jpg","contentUrl":"https:\/\/sysmatec.ch\/wp-content\/uploads\/2018\/11\/LogoSysmatec.jpg","width":301,"height":297,"caption":"Sysmatec"},"image":{"@id":"https:\/\/sysmatec.ch\/de\/#\/schema\/logo\/image\/"}}]}},"_links":{"self":[{"href":"https:\/\/sysmatec.ch\/de\/wp-json\/wp\/v2\/product\/2328","targetHints":{"allow":["GET"]}}],"collection":[{"href":"https:\/\/sysmatec.ch\/de\/wp-json\/wp\/v2\/product"}],"about":[{"href":"https:\/\/sysmatec.ch\/de\/wp-json\/wp\/v2\/types\/product"}],"wp:featuredmedia":[{"embeddable":true,"href":"https:\/\/sysmatec.ch\/de\/wp-json\/wp\/v2\/media\/1183"}],"wp:attachment":[{"href":"https:\/\/sysmatec.ch\/de\/wp-json\/wp\/v2\/media?parent=2328"}],"wp:term":[{"taxonomy":"product_brand","embeddable":true,"href":"https:\/\/sysmatec.ch\/de\/wp-json\/wp\/v2\/product_brand?post=2328"},{"taxonomy":"product_cat","embeddable":true,"href":"https:\/\/sysmatec.ch\/de\/wp-json\/wp\/v2\/product_cat?post=2328"},{"taxonomy":"product_tag","embeddable":true,"href":"https:\/\/sysmatec.ch\/de\/wp-json\/wp\/v2\/product_tag?post=2328"}],"curies":[{"name":"wp","href":"https:\/\/api.w.org\/{rel}","templated":true}]}}