{"id":2320,"date":"2019-01-10T22:01:13","date_gmt":"2019-01-10T21:01:13","guid":{"rendered":"https:\/\/sysmatec.ch\/produit\/centrifugeuse-clinique-capp-rondo-crc-416x\/"},"modified":"2022-03-11T11:28:15","modified_gmt":"2022-03-11T10:28:15","slug":"klinische-zentrifuge-capp-rondo-crc-416x","status":"publish","type":"product","link":"https:\/\/sysmatec.ch\/de\/Produkt\/klinische-zentrifuge-capp-rondo-crc-416x\/","title":{"rendered":"Klinische Zentrifuge Capp Rondo CRC-416X"},"content":{"rendered":"<p>Diese Zentrifuge hat 3 austauschbare optionale Rotoren: zwei Festwinkelrotoren f\u00fcr 8x15mL und 16x10mL R\u00f6hren und einen 6x10mL Schwenkrotor. Diese Zentrifuge arbeitet mit einer variablen Geschwindigkeit im Bereich von 500 bis 4000 U \/ min, was 2270 g entspricht. Die Geschwindigkeit kann mit 10 RPM-Intervallen eingestellt werden.<\/p>\n<p>Sie ist mit einem robusten b\u00fcrstenlosen Gleichstrommotor ausgestattet, ideal f\u00fcr den langen Einsatz und wartungsfreien, langlebigen und leisen Betrieb.<\/p>\n<p>Sie ist auch mit einem Sicherheitssystem ausgestattet, das verhindert, dass sich der Deckel w\u00e4hrend des Betriebs \u00f6ffnet. Sie hat ein kompaktes Design und geringe Ladeh\u00f6he, was eine einfache und effiziente Nutzung erm\u00f6glicht.<\/p>\n<p>Es ist m\u00f6glich, bis zu 99 einzelne Protokolle zu speichern. Ein einfacher Druck auf das Bedienfeld erm\u00f6glicht Ihnen den Zugriff auf die kurze Zentrifugationsfunktion. Die Zentrifuge wird mit mehreren R\u00f6rchenadaptern geliefert (siehe unten).<\/p>\n<p>Technische Informationen<\/p>\n<ul>\n<li type=\"disc\">Rotortypen (bei der Bestellung zu w\u00e4hlen): 6x10mL (schwenkbar) \/ 8x15mL (fester Winkel) \/ 16x10mL (fester Winkel)<\/li>\n<li type=\"disc\">Max. Geschwindigkeit: 4.000 RPM \/ 2.270g (schwenkbarer Rotor)<\/li>\n<li type=\"disc\">Geschwindigkeitseinstellungen: 500-4000 RPM in Schritten von 10 RPM<\/li>\n<li type=\"disc\">Timer-Einstellungen: 1-999 Minuten oder unendlicher Modus<\/li>\n<li type=\"disc\">Programmierbare Funktionen: bis zu 99 benutzerdefinierte Protokolle<\/li>\n<li type=\"disc\">Deckelschloss Sicherheit: ja<\/li>\n<li type=\"disc\">Erkennung von Ungleichgewicht: Ja<\/li>\n<li type=\"disc\">Abmessungen (BxTxH): 415x355x173mm<\/li>\n<li type=\"disc\">Gewicht: 7.7 kg (ohne Rotor)<\/li>\n<\/ul>\n<p>Adapter f\u00fcr CRC-4-6S Rotor (drehbar):<\/p>\n<ul>\n<li type=\"disc\">Adapter f\u00fcr 8 ml, 9 ml, 10 ml R\u00f6hrchen &#8211; 6 St\u00fcck von jedem<\/li>\n<li type=\"disc\">6 ml H\u00fclse &#8211; 6 St\u00fcck<\/li>\n<li type=\"disc\">Adapter f\u00fcr 2 ml R\u00f6hrchen, 3 ml, 4 ml &#8211; je 6 St\u00fcck<\/li>\n<li type=\"disc\">H\u00fclse f\u00fcr 2mL, 3mL, 4mL &#8211; 6 St\u00fcck<\/li>\n<\/ul>\n<p>CRC-4-8 Rotoradapter (fester Winkel):<\/p>\n<ul>\n<li type=\"disc\">Rohrabstandssystem 2mL, 3mL, 4mL &#8211; je 8 St\u00fcck<\/li>\n<li type=\"disc\">H\u00fclse f\u00fcr 6 ml &#8211; 8 St\u00fcck<\/li>\n<\/ul>\n<p>CRC-4-16 Rotoradapter (fester Winkel):<\/p>\n<ul>\n<li type=\"disc\">H\u00fclse f\u00fcr 9mL R\u00f6rchen, 10mL &#8211; 16 Stck. von jedem<\/li>\n<li type=\"disc\">H\u00fclse f\u00fcr 6 ml R\u00f6rchen &#8211; 16 St\u00fcck<\/li>\n<li type=\"disc\">Rohrabstandssystem 2mL, 3mL, 4mL &#8211; 16 Stck. von jedem<\/li>\n<\/ul>\n","protected":false},"excerpt":{"rendered":"<p><span class=\"VIiyi\" lang=\"de\"><span class=\"JLqJ4b ChMk0b\" data-language-for-alternatives=\"de\" data-language-to-translate-into=\"fr\" data-phrase-index=\"3\" data-number-of-phrases=\"4\">Tischzentrifuge Max. 4000 U\/min.<\/span><\/span><\/p>\n","protected":false},"featured_media":1187,"template":"","meta":{"_crdt_document":""},"product_brand":[],"product_cat":[145],"product_tag":[],"class_list":{"0":"post-2320","1":"product","2":"type-product","3":"status-publish","4":"has-post-thumbnail","6":"product_cat-zentrifuge","8":"first","9":"instock","10":"taxable","11":"shipping-taxable","12":"product-type-simple"},"yoast_head":"<!-- This site is optimized with the Yoast SEO plugin v27.3 - https:\/\/yoast.com\/product\/yoast-seo-wordpress\/ -->\n<title>Klinische Zentrifuge Capp Rondo CRC-416X - Sysmatec<\/title>\n<meta name=\"description\" content=\"Tischzentrifugen mit austauschbaren Rotoren f\u00fcr 2 ml, 3 ml, 4 ml, 8 ml, 9 ml, 10 ml R\u00f6hrchen. Max. Drehzahl 4000 U\/min.\" \/>\n<meta name=\"robots\" content=\"index, follow, max-snippet:-1, max-image-preview:large, max-video-preview:-1\" \/>\n<link rel=\"canonical\" href=\"https:\/\/sysmatec.ch\/de\/produit\/klinische-zentrifuge-capp-rondo-crc-416x\/\" \/>\n<meta property=\"og:locale\" content=\"de_DE\" \/>\n<meta property=\"og:type\" content=\"article\" \/>\n<meta property=\"og:title\" content=\"Klinische Zentrifuge Capp Rondo CRC-416X - Sysmatec\" \/>\n<meta property=\"og:description\" content=\"Tischzentrifugen mit austauschbaren Rotoren f\u00fcr 2 ml, 3 ml, 4 ml, 8 ml, 9 ml, 10 ml R\u00f6hrchen. Max. Drehzahl 4000 U\/min.\" \/>\n<meta property=\"og:url\" content=\"https:\/\/sysmatec.ch\/de\/produit\/klinische-zentrifuge-capp-rondo-crc-416x\/\" \/>\n<meta property=\"og:site_name\" content=\"Sysmatec\" \/>\n<meta property=\"article:modified_time\" content=\"2022-03-11T10:28:15+00:00\" \/>\n<meta property=\"og:image\" content=\"https:\/\/sysmatec.ch\/wp-content\/uploads\/2019\/01\/Centrifugeuse_CappRondoCRC416.jpg\" \/>\n\t<meta property=\"og:image:width\" content=\"191\" \/>\n\t<meta property=\"og:image:height\" content=\"176\" \/>\n\t<meta property=\"og:image:type\" content=\"image\/jpeg\" \/>\n<meta name=\"twitter:card\" content=\"summary_large_image\" \/>\n<meta name=\"twitter:label1\" content=\"Gesch\u00e4tzte Lesezeit\" \/>\n\t<meta name=\"twitter:data1\" content=\"2\u00a0Minuten\" \/>\n<script type=\"application\/ld+json\" class=\"yoast-schema-graph\">{\"@context\":\"https:\\\/\\\/schema.org\",\"@graph\":[{\"@type\":\"WebPage\",\"@id\":\"https:\\\/\\\/sysmatec.ch\\\/de\\\/produit\\\/klinische-zentrifuge-capp-rondo-crc-416x\\\/\",\"url\":\"https:\\\/\\\/sysmatec.ch\\\/de\\\/produit\\\/klinische-zentrifuge-capp-rondo-crc-416x\\\/\",\"name\":\"Klinische Zentrifuge Capp Rondo CRC-416X - Sysmatec\",\"isPartOf\":{\"@id\":\"https:\\\/\\\/sysmatec.ch\\\/de\\\/#website\"},\"primaryImageOfPage\":{\"@id\":\"https:\\\/\\\/sysmatec.ch\\\/de\\\/produit\\\/klinische-zentrifuge-capp-rondo-crc-416x\\\/#primaryimage\"},\"image\":{\"@id\":\"https:\\\/\\\/sysmatec.ch\\\/de\\\/produit\\\/klinische-zentrifuge-capp-rondo-crc-416x\\\/#primaryimage\"},\"thumbnailUrl\":\"https:\\\/\\\/sysmatec.ch\\\/wp-content\\\/uploads\\\/2019\\\/01\\\/Centrifugeuse_CappRondoCRC416.jpg\",\"datePublished\":\"2019-01-10T21:01:13+00:00\",\"dateModified\":\"2022-03-11T10:28:15+00:00\",\"description\":\"Tischzentrifugen mit austauschbaren Rotoren f\u00fcr 2 ml, 3 ml, 4 ml, 8 ml, 9 ml, 10 ml R\u00f6hrchen. Max. Drehzahl 4000 U\\\/min.\",\"breadcrumb\":{\"@id\":\"https:\\\/\\\/sysmatec.ch\\\/de\\\/produit\\\/klinische-zentrifuge-capp-rondo-crc-416x\\\/#breadcrumb\"},\"inLanguage\":\"de\",\"potentialAction\":[{\"@type\":\"ReadAction\",\"target\":[\"https:\\\/\\\/sysmatec.ch\\\/de\\\/produit\\\/klinische-zentrifuge-capp-rondo-crc-416x\\\/\"]}]},{\"@type\":\"ImageObject\",\"inLanguage\":\"de\",\"@id\":\"https:\\\/\\\/sysmatec.ch\\\/de\\\/produit\\\/klinische-zentrifuge-capp-rondo-crc-416x\\\/#primaryimage\",\"url\":\"https:\\\/\\\/sysmatec.ch\\\/wp-content\\\/uploads\\\/2019\\\/01\\\/Centrifugeuse_CappRondoCRC416.jpg\",\"contentUrl\":\"https:\\\/\\\/sysmatec.ch\\\/wp-content\\\/uploads\\\/2019\\\/01\\\/Centrifugeuse_CappRondoCRC416.jpg\",\"width\":191,\"height\":176},{\"@type\":\"BreadcrumbList\",\"@id\":\"https:\\\/\\\/sysmatec.ch\\\/de\\\/produit\\\/klinische-zentrifuge-capp-rondo-crc-416x\\\/#breadcrumb\",\"itemListElement\":[{\"@type\":\"ListItem\",\"position\":1,\"name\":\"Accueil\",\"item\":\"https:\\\/\\\/sysmatec.ch\\\/de\\\/\"},{\"@type\":\"ListItem\",\"position\":2,\"name\":\"Die Aktivit\u00e4t von Sysmatec\",\"item\":\"https:\\\/\\\/sysmatec.ch\\\/de\\\/\"},{\"@type\":\"ListItem\",\"position\":3,\"name\":\"Klinische Zentrifuge Capp Rondo CRC-416X\"}]},{\"@type\":\"WebSite\",\"@id\":\"https:\\\/\\\/sysmatec.ch\\\/de\\\/#website\",\"url\":\"https:\\\/\\\/sysmatec.ch\\\/de\\\/\",\"name\":\"Sysmatec\",\"description\":\"Equipement de laboratoire et logiciels\",\"publisher\":{\"@id\":\"https:\\\/\\\/sysmatec.ch\\\/de\\\/#organization\"},\"potentialAction\":[{\"@type\":\"SearchAction\",\"target\":{\"@type\":\"EntryPoint\",\"urlTemplate\":\"https:\\\/\\\/sysmatec.ch\\\/de\\\/?s={search_term_string}\"},\"query-input\":{\"@type\":\"PropertyValueSpecification\",\"valueRequired\":true,\"valueName\":\"search_term_string\"}}],\"inLanguage\":\"de\"},{\"@type\":\"Organization\",\"@id\":\"https:\\\/\\\/sysmatec.ch\\\/de\\\/#organization\",\"name\":\"Sysmatec\",\"url\":\"https:\\\/\\\/sysmatec.ch\\\/de\\\/\",\"logo\":{\"@type\":\"ImageObject\",\"inLanguage\":\"de\",\"@id\":\"https:\\\/\\\/sysmatec.ch\\\/de\\\/#\\\/schema\\\/logo\\\/image\\\/\",\"url\":\"https:\\\/\\\/sysmatec.ch\\\/wp-content\\\/uploads\\\/2018\\\/11\\\/LogoSysmatec.jpg\",\"contentUrl\":\"https:\\\/\\\/sysmatec.ch\\\/wp-content\\\/uploads\\\/2018\\\/11\\\/LogoSysmatec.jpg\",\"width\":301,\"height\":297,\"caption\":\"Sysmatec\"},\"image\":{\"@id\":\"https:\\\/\\\/sysmatec.ch\\\/de\\\/#\\\/schema\\\/logo\\\/image\\\/\"}}]}<\/script>\n<!-- \/ Yoast SEO plugin. -->","yoast_head_json":{"title":"Klinische Zentrifuge Capp Rondo CRC-416X - Sysmatec","description":"Tischzentrifugen mit austauschbaren Rotoren f\u00fcr 2 ml, 3 ml, 4 ml, 8 ml, 9 ml, 10 ml R\u00f6hrchen. Max. Drehzahl 4000 U\/min.","robots":{"index":"index","follow":"follow","max-snippet":"max-snippet:-1","max-image-preview":"max-image-preview:large","max-video-preview":"max-video-preview:-1"},"canonical":"https:\/\/sysmatec.ch\/de\/produit\/klinische-zentrifuge-capp-rondo-crc-416x\/","og_locale":"de_DE","og_type":"article","og_title":"Klinische Zentrifuge Capp Rondo CRC-416X - Sysmatec","og_description":"Tischzentrifugen mit austauschbaren Rotoren f\u00fcr 2 ml, 3 ml, 4 ml, 8 ml, 9 ml, 10 ml R\u00f6hrchen. Max. Drehzahl 4000 U\/min.","og_url":"https:\/\/sysmatec.ch\/de\/produit\/klinische-zentrifuge-capp-rondo-crc-416x\/","og_site_name":"Sysmatec","article_modified_time":"2022-03-11T10:28:15+00:00","og_image":[{"width":191,"height":176,"url":"https:\/\/sysmatec.ch\/wp-content\/uploads\/2019\/01\/Centrifugeuse_CappRondoCRC416.jpg","type":"image\/jpeg"}],"twitter_card":"summary_large_image","twitter_misc":{"Gesch\u00e4tzte Lesezeit":"2\u00a0Minuten"},"schema":{"@context":"https:\/\/schema.org","@graph":[{"@type":"WebPage","@id":"https:\/\/sysmatec.ch\/de\/produit\/klinische-zentrifuge-capp-rondo-crc-416x\/","url":"https:\/\/sysmatec.ch\/de\/produit\/klinische-zentrifuge-capp-rondo-crc-416x\/","name":"Klinische Zentrifuge Capp Rondo CRC-416X - Sysmatec","isPartOf":{"@id":"https:\/\/sysmatec.ch\/de\/#website"},"primaryImageOfPage":{"@id":"https:\/\/sysmatec.ch\/de\/produit\/klinische-zentrifuge-capp-rondo-crc-416x\/#primaryimage"},"image":{"@id":"https:\/\/sysmatec.ch\/de\/produit\/klinische-zentrifuge-capp-rondo-crc-416x\/#primaryimage"},"thumbnailUrl":"https:\/\/sysmatec.ch\/wp-content\/uploads\/2019\/01\/Centrifugeuse_CappRondoCRC416.jpg","datePublished":"2019-01-10T21:01:13+00:00","dateModified":"2022-03-11T10:28:15+00:00","description":"Tischzentrifugen mit austauschbaren Rotoren f\u00fcr 2 ml, 3 ml, 4 ml, 8 ml, 9 ml, 10 ml R\u00f6hrchen. Max. Drehzahl 4000 U\/min.","breadcrumb":{"@id":"https:\/\/sysmatec.ch\/de\/produit\/klinische-zentrifuge-capp-rondo-crc-416x\/#breadcrumb"},"inLanguage":"de","potentialAction":[{"@type":"ReadAction","target":["https:\/\/sysmatec.ch\/de\/produit\/klinische-zentrifuge-capp-rondo-crc-416x\/"]}]},{"@type":"ImageObject","inLanguage":"de","@id":"https:\/\/sysmatec.ch\/de\/produit\/klinische-zentrifuge-capp-rondo-crc-416x\/#primaryimage","url":"https:\/\/sysmatec.ch\/wp-content\/uploads\/2019\/01\/Centrifugeuse_CappRondoCRC416.jpg","contentUrl":"https:\/\/sysmatec.ch\/wp-content\/uploads\/2019\/01\/Centrifugeuse_CappRondoCRC416.jpg","width":191,"height":176},{"@type":"BreadcrumbList","@id":"https:\/\/sysmatec.ch\/de\/produit\/klinische-zentrifuge-capp-rondo-crc-416x\/#breadcrumb","itemListElement":[{"@type":"ListItem","position":1,"name":"Accueil","item":"https:\/\/sysmatec.ch\/de\/"},{"@type":"ListItem","position":2,"name":"Die Aktivit\u00e4t von Sysmatec","item":"https:\/\/sysmatec.ch\/de\/"},{"@type":"ListItem","position":3,"name":"Klinische Zentrifuge Capp Rondo CRC-416X"}]},{"@type":"WebSite","@id":"https:\/\/sysmatec.ch\/de\/#website","url":"https:\/\/sysmatec.ch\/de\/","name":"Sysmatec","description":"Equipement de laboratoire et logiciels","publisher":{"@id":"https:\/\/sysmatec.ch\/de\/#organization"},"potentialAction":[{"@type":"SearchAction","target":{"@type":"EntryPoint","urlTemplate":"https:\/\/sysmatec.ch\/de\/?s={search_term_string}"},"query-input":{"@type":"PropertyValueSpecification","valueRequired":true,"valueName":"search_term_string"}}],"inLanguage":"de"},{"@type":"Organization","@id":"https:\/\/sysmatec.ch\/de\/#organization","name":"Sysmatec","url":"https:\/\/sysmatec.ch\/de\/","logo":{"@type":"ImageObject","inLanguage":"de","@id":"https:\/\/sysmatec.ch\/de\/#\/schema\/logo\/image\/","url":"https:\/\/sysmatec.ch\/wp-content\/uploads\/2018\/11\/LogoSysmatec.jpg","contentUrl":"https:\/\/sysmatec.ch\/wp-content\/uploads\/2018\/11\/LogoSysmatec.jpg","width":301,"height":297,"caption":"Sysmatec"},"image":{"@id":"https:\/\/sysmatec.ch\/de\/#\/schema\/logo\/image\/"}}]}},"_links":{"self":[{"href":"https:\/\/sysmatec.ch\/de\/wp-json\/wp\/v2\/product\/2320","targetHints":{"allow":["GET"]}}],"collection":[{"href":"https:\/\/sysmatec.ch\/de\/wp-json\/wp\/v2\/product"}],"about":[{"href":"https:\/\/sysmatec.ch\/de\/wp-json\/wp\/v2\/types\/product"}],"wp:featuredmedia":[{"embeddable":true,"href":"https:\/\/sysmatec.ch\/de\/wp-json\/wp\/v2\/media\/1187"}],"wp:attachment":[{"href":"https:\/\/sysmatec.ch\/de\/wp-json\/wp\/v2\/media?parent=2320"}],"wp:term":[{"taxonomy":"product_brand","embeddable":true,"href":"https:\/\/sysmatec.ch\/de\/wp-json\/wp\/v2\/product_brand?post=2320"},{"taxonomy":"product_cat","embeddable":true,"href":"https:\/\/sysmatec.ch\/de\/wp-json\/wp\/v2\/product_cat?post=2320"},{"taxonomy":"product_tag","embeddable":true,"href":"https:\/\/sysmatec.ch\/de\/wp-json\/wp\/v2\/product_tag?post=2320"}],"curies":[{"name":"wp","href":"https:\/\/api.w.org\/{rel}","templated":true}]}}