{"id":23190,"date":"2021-03-31T20:28:03","date_gmt":"2021-03-31T18:28:03","guid":{"rendered":"https:\/\/sysmatec.ch\/?post_type=product&#038;p=23190"},"modified":"2021-11-26T10:13:44","modified_gmt":"2021-11-26T09:13:44","slug":"zaehlwaage-ifs","status":"publish","type":"product","link":"https:\/\/sysmatec.ch\/de\/Produkt\/zaehlwaage-ifs\/","title":{"rendered":"Z\u00e4hlwaage IFS"},"content":{"rendered":"<ul id=\"kernList1\">\n<li>Schwerer Industriestandard geeignet f\u00fcr den rauen Industrieeinsatz<\/li>\n<li>Ergonomisches Auswerteger\u00e4t mit gro\u00dfem Tastenblock und kontrastreichen LCD-Displays f\u00fcr bequemes Eingeben und Ablesen z. B. von Tarawerten, Referenzgewichten, Grenzwerten etc.<\/li>\n<li>Genaues Z\u00e4hlen: Die manuelle Referenzoptimierung verbessert stufenweise den Durchschnittswert des Teilegewichts<\/li>\n<li><a>Summieren<\/a>\u00a0von Z\u00e4hlteilen<\/li>\n<li>Drei Displays f\u00fcr Gewichtsanzeige (eichf\u00e4hig), Referenzgewicht, Gesamtst\u00fcckzahl<\/li>\n<li>100 Artikelspeicherpl\u00e4tze f\u00fcr Stammdaten wie\u00a0<a>Taravorabzug<\/a>\u00a0(Beh\u00e4ltergewicht), Referenzmenge, Referenzgewicht etc.<\/li>\n<li>Ausdruck mit Datum und Uhrzeit<\/li>\n<li>Arbeitsschutzhaube im Lieferumfang enthalten<\/li>\n<\/ul>\n<table border=\"1\" width=\"458\" cellspacing=\"0\" cellpadding=\"2\">\n<tbody>\n<tr>\n<td>Waage Modell<\/td>\n<td>W\u00e4gebereich<\/td>\n<td>Ablesbarkeit<\/td>\n<td>Linearit\u00e4t<\/td>\n<\/tr>\n<tr>\n<td><\/td>\n<td>kg<\/td>\n<td>g<\/td>\n<td>g<\/td>\n<\/tr>\n<tr>\n<td>IFS 6K-4S<\/td>\n<td>3 | 6<\/td>\n<td>0,1 | 0,2<\/td>\n<td>0,1 | 0,2<\/td>\n<\/tr>\n<tr>\n<td>IFS 10K-4<\/td>\n<td>6 | 15<\/td>\n<td>0,1 | 0,2<\/td>\n<td>0,4 | 0,8<\/td>\n<\/tr>\n<tr>\n<td>IFS 30K0.2DL<\/td>\n<td>12 | 30<\/td>\n<td>0,2 | 0,5<\/td>\n<td>0,8 | 2<\/td>\n<\/tr>\n<tr>\n<td>IFS 60K0.5D<\/td>\n<td>30 | 60<\/td>\n<td>0,5 | 1<\/td>\n<td>2 | 4<\/td>\n<\/tr>\n<tr>\n<td>IFS 60K0.5DL<\/td>\n<td>30 | 60<\/td>\n<td>0,5 | 1<\/td>\n<td>3 | 6<\/td>\n<\/tr>\n<tr>\n<td>IFS 100K-3<\/td>\n<td>75 | 150<\/td>\n<td>1 | 2<\/td>\n<td>6 | 10<\/td>\n<\/tr>\n<tr>\n<td><a style=\"font-family: 'Open Sans', arial, Helvetica, sans-serif; font-size: 12px; text-decoration: underline; color: black; font-style: normal; font-variant-ligatures: normal; font-variant-caps: normal; font-weight: 400; letter-spacing: normal; orphans: 2; text-align: left; text-indent: 0px; text-transform: none; white-space: normal; widows: 2; word-spacing: 0px; -webkit-text-stroke-width: 0px; background-color: #ffffff;\">FS 100K-3L<\/a><\/td>\n<td>75 | 150<\/td>\n<td>1 | 2<\/td>\n<td>6 | 10<\/td>\n<\/tr>\n<tr>\n<td><a style=\"font-family: 'Open Sans', arial, Helvetica, sans-serif; font-size: 12px; text-decoration: underline; color: black; font-style: normal; font-variant-ligatures: normal; font-variant-caps: normal; font-weight: 400; letter-spacing: normal; orphans: 2; text-align: left; text-indent: 0px; text-transform: none; white-space: normal; widows: 2; word-spacing: 0px; -webkit-text-stroke-width: 0px; background-color: #ffffff;\">IFS 300K-3<\/a><\/td>\n<td>150 | 300<\/td>\n<td>2 | 5<\/td>\n<td>14 | 30<\/td>\n<\/tr>\n<tr>\n<td>IFS 6K-3SM<\/td>\n<td>3 | 6<\/td>\n<td>1 | 2<\/td>\n<td>1 | 2<\/td>\n<\/tr>\n<tr>\n<td>IFS 6K-3M<\/td>\n<td>3 | 6<\/td>\n<td>1 | 2<\/td>\n<td>1 | 2<\/td>\n<\/tr>\n<tr>\n<td>IFS 10K-3M<\/td>\n<td>6 | 15<\/td>\n<td>2 | 5<\/td>\n<td>2 | 5<\/td>\n<\/tr>\n<tr>\n<td>IFS 10K-3LM<\/td>\n<td>6 | 15<\/td>\n<td>2 | 5<\/td>\n<td>2 | 5<\/td>\n<\/tr>\n<tr>\n<td>IFS 30K-3M<\/td>\n<td>15 | 30<\/td>\n<td>5 | 10<\/td>\n<td>5 | 10<\/td>\n<\/tr>\n<tr>\n<td>IFS 60K-2M<\/td>\n<td>30 | 60<\/td>\n<td>10 | 20<\/td>\n<td>10 | 20<\/td>\n<\/tr>\n<tr>\n<td>IFS 60K-2LM<\/td>\n<td>30 | 60<\/td>\n<td>10 | 20<\/td>\n<td>10 | 20<\/td>\n<\/tr>\n<tr>\n<td>IFS 100K-2M<\/td>\n<td>60 | 150<\/td>\n<td>20 | 50<\/td>\n<td>20 | 50<\/td>\n<\/tr>\n<tr>\n<td><a style=\"font-family: 'Open Sans', arial, Helvetica, sans-serif; font-size: 12px; text-decoration: underline; color: black; font-style: normal; font-variant-ligatures: normal; font-variant-caps: normal; font-weight: 400; letter-spacing: normal; orphans: 2; text-align: left; text-indent: 0px; text-transform: none; white-space: normal; widows: 2; word-spacing: 0px; -webkit-text-stroke-width: 0px; background-color: #ffffff;\">IFS 100K-2LM<\/a><\/td>\n<td>60 | 150<\/td>\n<td>20 | 50<\/td>\n<td>20 | 50<\/td>\n<\/tr>\n<tr>\n<td><a style=\"font-family: 'Open Sans', arial, Helvetica, sans-serif; font-size: 12px; text-decoration: underline; color: black; font-style: normal; font-variant-ligatures: normal; font-variant-caps: normal; font-weight: 400; letter-spacing: normal; orphans: 2; text-align: left; text-indent: 0px; text-transform: none; white-space: normal; widows: 2; word-spacing: 0px; -webkit-text-stroke-width: 0px; background-color: #ffffff;\">IFS 300K-2M<\/a><\/td>\n<td>150 | 300<\/td>\n<td>50 | 100<\/td>\n<td>50 | 100<\/td>\n<\/tr>\n<\/tbody>\n<\/table>\n","protected":false},"excerpt":{"rendered":"<p>Z\u00e4hlwaage 0-6 kg bis 0-300 kg<\/p>\n","protected":false},"featured_media":23209,"template":"","meta":{"_crdt_document":""},"product_brand":[],"product_cat":[165,344],"product_tag":[],"class_list":{"0":"post-23190","1":"product","2":"type-product","3":"status-publish","4":"has-post-thumbnail","6":"product_cat-gewicht","7":"product_cat-zahlen","9":"first","10":"instock","11":"taxable","12":"shipping-taxable","13":"purchasable","14":"product-type-variable"},"yoast_head":"<!-- This site is optimized with the Yoast SEO plugin v27.3 - https:\/\/yoast.com\/product\/yoast-seo-wordpress\/ -->\n<title>Z\u00e4hlwaage IFS - Sysmatec<\/title>\n<meta name=\"description\" content=\"Z\u00e4hlwaage mit Remote-Bildschirm. Anzeige von Gewicht und Anzahl der Gegenst\u00e4nde. f\u00fcr ein Gesamtgewicht von bis zu 300 kg.\" \/>\n<meta name=\"robots\" content=\"index, follow, max-snippet:-1, max-image-preview:large, max-video-preview:-1\" \/>\n<link rel=\"canonical\" href=\"https:\/\/sysmatec.ch\/de\/produit\/zaehlwaage-ifs\/\" \/>\n<meta property=\"og:locale\" content=\"de_DE\" \/>\n<meta property=\"og:type\" content=\"article\" \/>\n<meta property=\"og:title\" content=\"Z\u00e4hlwaage IFS - Sysmatec\" \/>\n<meta property=\"og:description\" content=\"Z\u00e4hlwaage mit Remote-Bildschirm. Anzeige von Gewicht und Anzahl der Gegenst\u00e4nde. f\u00fcr ein Gesamtgewicht von bis zu 300 kg.\" \/>\n<meta property=\"og:url\" content=\"https:\/\/sysmatec.ch\/de\/produit\/zaehlwaage-ifs\/\" \/>\n<meta property=\"og:site_name\" content=\"Sysmatec\" \/>\n<meta property=\"article:modified_time\" content=\"2021-11-26T09:13:44+00:00\" \/>\n<meta property=\"og:image\" content=\"https:\/\/sysmatec.ch\/wp-content\/uploads\/2021\/03\/Balance_IFS-6K-4S-scaled.jpg\" \/>\n\t<meta property=\"og:image:width\" content=\"2308\" \/>\n\t<meta property=\"og:image:height\" content=\"2560\" \/>\n\t<meta property=\"og:image:type\" content=\"image\/jpeg\" \/>\n<meta name=\"twitter:card\" content=\"summary_large_image\" \/>\n<meta name=\"twitter:label1\" content=\"Gesch\u00e4tzte Lesezeit\" \/>\n\t<meta name=\"twitter:data1\" content=\"2\u00a0Minuten\" \/>\n<script type=\"application\/ld+json\" class=\"yoast-schema-graph\">{\"@context\":\"https:\\\/\\\/schema.org\",\"@graph\":[{\"@type\":\"WebPage\",\"@id\":\"https:\\\/\\\/sysmatec.ch\\\/de\\\/produit\\\/zaehlwaage-ifs\\\/\",\"url\":\"https:\\\/\\\/sysmatec.ch\\\/de\\\/produit\\\/zaehlwaage-ifs\\\/\",\"name\":\"Z\u00e4hlwaage IFS - Sysmatec\",\"isPartOf\":{\"@id\":\"https:\\\/\\\/sysmatec.ch\\\/de\\\/#website\"},\"primaryImageOfPage\":{\"@id\":\"https:\\\/\\\/sysmatec.ch\\\/de\\\/produit\\\/zaehlwaage-ifs\\\/#primaryimage\"},\"image\":{\"@id\":\"https:\\\/\\\/sysmatec.ch\\\/de\\\/produit\\\/zaehlwaage-ifs\\\/#primaryimage\"},\"thumbnailUrl\":\"https:\\\/\\\/sysmatec.ch\\\/wp-content\\\/uploads\\\/2021\\\/03\\\/Balance_IFS-6K-4S-scaled.jpg\",\"datePublished\":\"2021-03-31T18:28:03+00:00\",\"dateModified\":\"2021-11-26T09:13:44+00:00\",\"description\":\"Z\u00e4hlwaage mit Remote-Bildschirm. Anzeige von Gewicht und Anzahl der Gegenst\u00e4nde. f\u00fcr ein Gesamtgewicht von bis zu 300 kg.\",\"breadcrumb\":{\"@id\":\"https:\\\/\\\/sysmatec.ch\\\/de\\\/produit\\\/zaehlwaage-ifs\\\/#breadcrumb\"},\"inLanguage\":\"de\",\"potentialAction\":[{\"@type\":\"ReadAction\",\"target\":[\"https:\\\/\\\/sysmatec.ch\\\/de\\\/produit\\\/zaehlwaage-ifs\\\/\"]}]},{\"@type\":\"ImageObject\",\"inLanguage\":\"de\",\"@id\":\"https:\\\/\\\/sysmatec.ch\\\/de\\\/produit\\\/zaehlwaage-ifs\\\/#primaryimage\",\"url\":\"https:\\\/\\\/sysmatec.ch\\\/wp-content\\\/uploads\\\/2021\\\/03\\\/Balance_IFS-6K-4S-scaled.jpg\",\"contentUrl\":\"https:\\\/\\\/sysmatec.ch\\\/wp-content\\\/uploads\\\/2021\\\/03\\\/Balance_IFS-6K-4S-scaled.jpg\",\"width\":2308,\"height\":2560},{\"@type\":\"BreadcrumbList\",\"@id\":\"https:\\\/\\\/sysmatec.ch\\\/de\\\/produit\\\/zaehlwaage-ifs\\\/#breadcrumb\",\"itemListElement\":[{\"@type\":\"ListItem\",\"position\":1,\"name\":\"Accueil\",\"item\":\"https:\\\/\\\/sysmatec.ch\\\/de\\\/\"},{\"@type\":\"ListItem\",\"position\":2,\"name\":\"Die Aktivit\u00e4t von Sysmatec\",\"item\":\"https:\\\/\\\/sysmatec.ch\\\/de\\\/\"},{\"@type\":\"ListItem\",\"position\":3,\"name\":\"Z\u00e4hlwaage IFS\"}]},{\"@type\":\"WebSite\",\"@id\":\"https:\\\/\\\/sysmatec.ch\\\/de\\\/#website\",\"url\":\"https:\\\/\\\/sysmatec.ch\\\/de\\\/\",\"name\":\"Sysmatec\",\"description\":\"Equipement de laboratoire et logiciels\",\"publisher\":{\"@id\":\"https:\\\/\\\/sysmatec.ch\\\/de\\\/#organization\"},\"potentialAction\":[{\"@type\":\"SearchAction\",\"target\":{\"@type\":\"EntryPoint\",\"urlTemplate\":\"https:\\\/\\\/sysmatec.ch\\\/de\\\/?s={search_term_string}\"},\"query-input\":{\"@type\":\"PropertyValueSpecification\",\"valueRequired\":true,\"valueName\":\"search_term_string\"}}],\"inLanguage\":\"de\"},{\"@type\":\"Organization\",\"@id\":\"https:\\\/\\\/sysmatec.ch\\\/de\\\/#organization\",\"name\":\"Sysmatec\",\"url\":\"https:\\\/\\\/sysmatec.ch\\\/de\\\/\",\"logo\":{\"@type\":\"ImageObject\",\"inLanguage\":\"de\",\"@id\":\"https:\\\/\\\/sysmatec.ch\\\/de\\\/#\\\/schema\\\/logo\\\/image\\\/\",\"url\":\"https:\\\/\\\/sysmatec.ch\\\/wp-content\\\/uploads\\\/2018\\\/11\\\/LogoSysmatec.jpg\",\"contentUrl\":\"https:\\\/\\\/sysmatec.ch\\\/wp-content\\\/uploads\\\/2018\\\/11\\\/LogoSysmatec.jpg\",\"width\":301,\"height\":297,\"caption\":\"Sysmatec\"},\"image\":{\"@id\":\"https:\\\/\\\/sysmatec.ch\\\/de\\\/#\\\/schema\\\/logo\\\/image\\\/\"}}]}<\/script>\n<!-- \/ Yoast SEO plugin. -->","yoast_head_json":{"title":"Z\u00e4hlwaage IFS - Sysmatec","description":"Z\u00e4hlwaage mit Remote-Bildschirm. Anzeige von Gewicht und Anzahl der Gegenst\u00e4nde. f\u00fcr ein Gesamtgewicht von bis zu 300 kg.","robots":{"index":"index","follow":"follow","max-snippet":"max-snippet:-1","max-image-preview":"max-image-preview:large","max-video-preview":"max-video-preview:-1"},"canonical":"https:\/\/sysmatec.ch\/de\/produit\/zaehlwaage-ifs\/","og_locale":"de_DE","og_type":"article","og_title":"Z\u00e4hlwaage IFS - Sysmatec","og_description":"Z\u00e4hlwaage mit Remote-Bildschirm. Anzeige von Gewicht und Anzahl der Gegenst\u00e4nde. f\u00fcr ein Gesamtgewicht von bis zu 300 kg.","og_url":"https:\/\/sysmatec.ch\/de\/produit\/zaehlwaage-ifs\/","og_site_name":"Sysmatec","article_modified_time":"2021-11-26T09:13:44+00:00","og_image":[{"width":2308,"height":2560,"url":"https:\/\/sysmatec.ch\/wp-content\/uploads\/2021\/03\/Balance_IFS-6K-4S-scaled.jpg","type":"image\/jpeg"}],"twitter_card":"summary_large_image","twitter_misc":{"Gesch\u00e4tzte Lesezeit":"2\u00a0Minuten"},"schema":{"@context":"https:\/\/schema.org","@graph":[{"@type":"WebPage","@id":"https:\/\/sysmatec.ch\/de\/produit\/zaehlwaage-ifs\/","url":"https:\/\/sysmatec.ch\/de\/produit\/zaehlwaage-ifs\/","name":"Z\u00e4hlwaage IFS - Sysmatec","isPartOf":{"@id":"https:\/\/sysmatec.ch\/de\/#website"},"primaryImageOfPage":{"@id":"https:\/\/sysmatec.ch\/de\/produit\/zaehlwaage-ifs\/#primaryimage"},"image":{"@id":"https:\/\/sysmatec.ch\/de\/produit\/zaehlwaage-ifs\/#primaryimage"},"thumbnailUrl":"https:\/\/sysmatec.ch\/wp-content\/uploads\/2021\/03\/Balance_IFS-6K-4S-scaled.jpg","datePublished":"2021-03-31T18:28:03+00:00","dateModified":"2021-11-26T09:13:44+00:00","description":"Z\u00e4hlwaage mit Remote-Bildschirm. Anzeige von Gewicht und Anzahl der Gegenst\u00e4nde. f\u00fcr ein Gesamtgewicht von bis zu 300 kg.","breadcrumb":{"@id":"https:\/\/sysmatec.ch\/de\/produit\/zaehlwaage-ifs\/#breadcrumb"},"inLanguage":"de","potentialAction":[{"@type":"ReadAction","target":["https:\/\/sysmatec.ch\/de\/produit\/zaehlwaage-ifs\/"]}]},{"@type":"ImageObject","inLanguage":"de","@id":"https:\/\/sysmatec.ch\/de\/produit\/zaehlwaage-ifs\/#primaryimage","url":"https:\/\/sysmatec.ch\/wp-content\/uploads\/2021\/03\/Balance_IFS-6K-4S-scaled.jpg","contentUrl":"https:\/\/sysmatec.ch\/wp-content\/uploads\/2021\/03\/Balance_IFS-6K-4S-scaled.jpg","width":2308,"height":2560},{"@type":"BreadcrumbList","@id":"https:\/\/sysmatec.ch\/de\/produit\/zaehlwaage-ifs\/#breadcrumb","itemListElement":[{"@type":"ListItem","position":1,"name":"Accueil","item":"https:\/\/sysmatec.ch\/de\/"},{"@type":"ListItem","position":2,"name":"Die Aktivit\u00e4t von Sysmatec","item":"https:\/\/sysmatec.ch\/de\/"},{"@type":"ListItem","position":3,"name":"Z\u00e4hlwaage IFS"}]},{"@type":"WebSite","@id":"https:\/\/sysmatec.ch\/de\/#website","url":"https:\/\/sysmatec.ch\/de\/","name":"Sysmatec","description":"Equipement de laboratoire et logiciels","publisher":{"@id":"https:\/\/sysmatec.ch\/de\/#organization"},"potentialAction":[{"@type":"SearchAction","target":{"@type":"EntryPoint","urlTemplate":"https:\/\/sysmatec.ch\/de\/?s={search_term_string}"},"query-input":{"@type":"PropertyValueSpecification","valueRequired":true,"valueName":"search_term_string"}}],"inLanguage":"de"},{"@type":"Organization","@id":"https:\/\/sysmatec.ch\/de\/#organization","name":"Sysmatec","url":"https:\/\/sysmatec.ch\/de\/","logo":{"@type":"ImageObject","inLanguage":"de","@id":"https:\/\/sysmatec.ch\/de\/#\/schema\/logo\/image\/","url":"https:\/\/sysmatec.ch\/wp-content\/uploads\/2018\/11\/LogoSysmatec.jpg","contentUrl":"https:\/\/sysmatec.ch\/wp-content\/uploads\/2018\/11\/LogoSysmatec.jpg","width":301,"height":297,"caption":"Sysmatec"},"image":{"@id":"https:\/\/sysmatec.ch\/de\/#\/schema\/logo\/image\/"}}]}},"_links":{"self":[{"href":"https:\/\/sysmatec.ch\/de\/wp-json\/wp\/v2\/product\/23190","targetHints":{"allow":["GET"]}}],"collection":[{"href":"https:\/\/sysmatec.ch\/de\/wp-json\/wp\/v2\/product"}],"about":[{"href":"https:\/\/sysmatec.ch\/de\/wp-json\/wp\/v2\/types\/product"}],"wp:featuredmedia":[{"embeddable":true,"href":"https:\/\/sysmatec.ch\/de\/wp-json\/wp\/v2\/media\/23209"}],"wp:attachment":[{"href":"https:\/\/sysmatec.ch\/de\/wp-json\/wp\/v2\/media?parent=23190"}],"wp:term":[{"taxonomy":"product_brand","embeddable":true,"href":"https:\/\/sysmatec.ch\/de\/wp-json\/wp\/v2\/product_brand?post=23190"},{"taxonomy":"product_cat","embeddable":true,"href":"https:\/\/sysmatec.ch\/de\/wp-json\/wp\/v2\/product_cat?post=23190"},{"taxonomy":"product_tag","embeddable":true,"href":"https:\/\/sysmatec.ch\/de\/wp-json\/wp\/v2\/product_tag?post=23190"}],"curies":[{"name":"wp","href":"https:\/\/api.w.org\/{rel}","templated":true}]}}