{"id":23115,"date":"2021-03-31T16:50:04","date_gmt":"2021-03-31T14:50:04","guid":{"rendered":"https:\/\/sysmatec.ch\/?post_type=product&#038;p=23115"},"modified":"2021-11-26T10:20:26","modified_gmt":"2021-11-26T09:20:26","slug":"zaehlsystem-cca","status":"publish","type":"product","link":"https:\/\/sysmatec.ch\/de\/Produkt\/zaehlsystem-cca\/","title":{"rendered":"Z\u00e4hlsystem CCA"},"content":{"rendered":"<ul id=\"kernList1\"><\/ul>\n<ul id=\"kernList1\"><\/ul>\n<ul id=\"kernList1\">\n<li>Mit diesem hochgenauen Z\u00e4hlsystem KERN kann eine gro\u00dfe Bandbreite von Einzelwaagen kosteng\u00fcnstig und effizient ersetzt werden<\/li>\n<li>Dank\u00a0<a>Eichzulassung<\/a>\u00a0[M] kann dieses Z\u00e4hlsystem auch in eichpflichtigen Anwendungen eingesetzt werden, z. B. zum Kommissionieren von Verkaufsverpackungen etc.<\/li>\n<li>Die Waagen sind mit einem RS-232 Y-Kabel miteinander verbunden, das die M\u00f6glichkeit bietet zus\u00e4tzlich ein Endger\u00e4t, wie z. B. Signallampe, Barcode-Scanner oder Drucker anzuschlie\u00dfen (KERN TCCA-A01-A, im Lieferumfang enthalten)<\/li>\n<\/ul>\n<p>Referenzwaage KERN EWJ<\/p>\n<ul id=\"kernList1\">\n<li>Diese auch einzeln einsetzbare Pr\u00e4zisionswaage erf\u00fcllt durch den Anschluss einer hochlastigen W\u00e4gebr\u00fccke auch h\u00f6chste Anspr\u00fcche an Genauigkeit<\/li>\n<li>Komfortable Bedienphilosophie: Alle Hauptfunktionen haben eine eigene Taste auf dem Bedienfeld<\/li>\n<li>Interne Justierautomatik zeitgesteuert alle 2 Stunden, garantiert hohe Genauigkeit und macht standortunabh\u00e4ngig<\/li>\n<li><a>Windschutz<\/a>\u00a0serienm\u00e4\u00dfig, W\u00e4geraum B\u00d7T\u00d7H 134\u00d7128\u00d780 mm<\/li>\n<li>Arbeitsschutzhaube im Lieferumfang enthalten<\/li>\n<\/ul>\n<p>Mengenwaage KERN IFS<\/p>\n<ul id=\"kernList1\">\n<li>Die Mengenst\u00fcckz\u00e4hlung findet mit hoher Pr\u00e4zision auf der W\u00e4geplattform (= W\u00e4gebr\u00fccke) KERN statt. So k\u00f6nnen selbst kleinste Z\u00e4hlteile in gr\u00f6\u00dften Volumina gez\u00e4hlt werden<\/li>\n<li>Schwerer Industriestandard geeignet f\u00fcr den rauen Industrieeinsatz<\/li>\n<li>Ergonomisches Auswerteger\u00e4t mit gro\u00dfem Tastenblock und kontrastreichen LCD-Displays f\u00fcr bequemes Eingeben und Ablesen z. B. von Tarawerten, Referenzgewichten, Grenzwerten etc.<\/li>\n<li>Drei Displays f\u00fcr Gewichtsanzeige (eichf\u00e4hig), Referenzgewicht, Gesamtst\u00fcckzahl<\/li>\n<li>100 Artikelspeicherpl\u00e4tze f\u00fcr Stammdaten wie\u00a0<a>Taravorabzug<\/a>\u00a0(Beh\u00e4ltergewicht), Referenzmenge, Referenzgewicht etc.<\/li>\n<li>Genaues Z\u00e4hlen: Die manuelle Referenzoptimierung verbessert stufenweise den Durchschnittswert des Teilegewichts<\/li>\n<li><a>Summieren<\/a>\u00a0von Z\u00e4hlteilen<\/li>\n<li>Ausdruck mit Datum und Uhrzeit<\/li>\n<li>Aluminium-Single-Point-W\u00e4gezelle (1x3000e), Staub- und Spritzwasserschutz IP65<\/li>\n<li>Arbeitsschutzhaube im Lieferumfang enthalten<\/li>\n<\/ul>\n<table border=\"1\" width=\"458\" cellspacing=\"0\" cellpadding=\"2\">\n<tbody>\n<tr>\n<td>Systeme<\/td>\n<td>Mengen-Waage<\/td>\n<td width=\"10%\">W\u00e4gebereich<\/td>\n<td width=\"10%\">Platte<\/td>\n<td>Referenz-Waage<\/td>\n<td width=\"10%\">W\u00e4gebereich<\/td>\n<td width=\"10%\">Ablesbarkeit<\/td>\n<\/tr>\n<tr>\n<td><\/td>\n<td><\/td>\n<td width=\"10%\">kg<\/td>\n<td width=\"10%\">mm<\/td>\n<td><\/td>\n<td width=\"10%\">kg<\/td>\n<td width=\"10%\">g<\/td>\n<\/tr>\n<tr>\n<td>CCA 6K-5M<\/td>\n<td>IFS 6K-3M<\/td>\n<td width=\"10%\">3 | 6<\/td>\n<td width=\"10%\">300\u00d7240\u00d7110<\/td>\n<td>EWJ 600-2M<\/td>\n<td width=\"10%\">0.6<\/td>\n<td width=\"10%\">0.01<\/td>\n<\/tr>\n<tr>\n<td>CCA 10K-5M<\/td>\n<td>IFS 10K-3M<\/td>\n<td width=\"10%\">6 | 15<\/td>\n<td width=\"10%\">300\u00d7240\u00d7110<\/td>\n<td>EWJ 600-2M<\/td>\n<td width=\"10%\">0.6<\/td>\n<td width=\"10%\">0.01<\/td>\n<\/tr>\n<tr>\n<td>CCA 30K-5M<\/td>\n<td>IFS 30K-3M<\/td>\n<td width=\"10%\">15 | 30<\/td>\n<td width=\"10%\">400\u00d7300\u00d7120<\/td>\n<td>EWJ 600-2M<\/td>\n<td width=\"10%\">0.6<\/td>\n<td width=\"10%\">0.01<\/td>\n<\/tr>\n<tr>\n<td>CCA 60K-5M<\/td>\n<td>IFS 60K-2M<\/td>\n<td width=\"10%\">30 | 60<\/td>\n<td width=\"10%\">400\u00d7300\u00d7120<\/td>\n<td>EWJ 600-2M<\/td>\n<td width=\"10%\">0.6<\/td>\n<td width=\"10%\">0.01<\/td>\n<\/tr>\n<tr>\n<td>CCA 100K-5M<\/td>\n<td>IFS 100K-2M<\/td>\n<td width=\"10%\">60 | 150<\/td>\n<td width=\"10%\">500\u00d7400\u00d7140<\/td>\n<td>EWJ 600-2M<\/td>\n<td width=\"10%\">0.6<\/td>\n<td width=\"10%\">0.01<\/td>\n<\/tr>\n<tr>\n<td>CCA 300K-5M<\/td>\n<td>IFS 300K-2M<\/td>\n<td width=\"10%\">160 | 300<\/td>\n<td width=\"10%\">650\u00d7500\u00d7140<\/td>\n<td>EWJ 600-2M<\/td>\n<td width=\"10%\">0.6<\/td>\n<td width=\"10%\">0.01<\/td>\n<\/tr>\n<\/tbody>\n<\/table>\n","protected":false},"excerpt":{"rendered":"<p>Z\u00e4hlsystem 0-3 kg \u00e0 0-300 kg<\/p>\n","protected":false},"featured_media":23154,"template":"","meta":{"_crdt_document":""},"product_brand":[],"product_cat":[165,344],"product_tag":[],"class_list":{"0":"post-23115","1":"product","2":"type-product","3":"status-publish","4":"has-post-thumbnail","6":"product_cat-gewicht","7":"product_cat-zahlen","9":"first","10":"instock","11":"taxable","12":"shipping-taxable","13":"purchasable","14":"product-type-variable"},"yoast_head":"<!-- This site is optimized with the Yoast SEO plugin v27.3 - https:\/\/yoast.com\/product\/yoast-seo-wordpress\/ -->\n<title>Z\u00e4hlsystem CCA - Sysmatec<\/title>\n<meta name=\"description\" content=\"Z\u00e4hlsystem bestehend aus 2 Waagen, davon eine f\u00fcr Referenzgewicht, f\u00fcr ein maximale Objektgewicht bis zu 300 kg.\" \/>\n<meta name=\"robots\" content=\"index, follow, max-snippet:-1, max-image-preview:large, max-video-preview:-1\" \/>\n<link rel=\"canonical\" href=\"https:\/\/sysmatec.ch\/de\/produit\/zaehlsystem-cca\/\" \/>\n<meta property=\"og:locale\" content=\"de_DE\" \/>\n<meta property=\"og:type\" content=\"article\" \/>\n<meta property=\"og:title\" content=\"Z\u00e4hlsystem CCA - Sysmatec\" \/>\n<meta property=\"og:description\" content=\"Z\u00e4hlsystem bestehend aus 2 Waagen, davon eine f\u00fcr Referenzgewicht, f\u00fcr ein maximale Objektgewicht bis zu 300 kg.\" \/>\n<meta property=\"og:url\" content=\"https:\/\/sysmatec.ch\/de\/produit\/zaehlsystem-cca\/\" \/>\n<meta property=\"og:site_name\" content=\"Sysmatec\" \/>\n<meta property=\"article:modified_time\" content=\"2021-11-26T09:20:26+00:00\" \/>\n<meta property=\"og:image\" content=\"https:\/\/sysmatec.ch\/wp-content\/uploads\/2021\/03\/Balance_CCA-30K-5M.jpg\" \/>\n\t<meta property=\"og:image:width\" content=\"1280\" \/>\n\t<meta property=\"og:image:height\" content=\"671\" \/>\n\t<meta property=\"og:image:type\" content=\"image\/jpeg\" \/>\n<meta name=\"twitter:card\" content=\"summary_large_image\" \/>\n<meta name=\"twitter:label1\" content=\"Gesch\u00e4tzte Lesezeit\" \/>\n\t<meta name=\"twitter:data1\" content=\"2\u00a0Minuten\" \/>\n<script type=\"application\/ld+json\" class=\"yoast-schema-graph\">{\"@context\":\"https:\\\/\\\/schema.org\",\"@graph\":[{\"@type\":\"WebPage\",\"@id\":\"https:\\\/\\\/sysmatec.ch\\\/de\\\/produit\\\/zaehlsystem-cca\\\/\",\"url\":\"https:\\\/\\\/sysmatec.ch\\\/de\\\/produit\\\/zaehlsystem-cca\\\/\",\"name\":\"Z\u00e4hlsystem CCA - Sysmatec\",\"isPartOf\":{\"@id\":\"https:\\\/\\\/sysmatec.ch\\\/de\\\/#website\"},\"primaryImageOfPage\":{\"@id\":\"https:\\\/\\\/sysmatec.ch\\\/de\\\/produit\\\/zaehlsystem-cca\\\/#primaryimage\"},\"image\":{\"@id\":\"https:\\\/\\\/sysmatec.ch\\\/de\\\/produit\\\/zaehlsystem-cca\\\/#primaryimage\"},\"thumbnailUrl\":\"https:\\\/\\\/sysmatec.ch\\\/wp-content\\\/uploads\\\/2021\\\/03\\\/Balance_CCA-30K-5M.jpg\",\"datePublished\":\"2021-03-31T14:50:04+00:00\",\"dateModified\":\"2021-11-26T09:20:26+00:00\",\"description\":\"Z\u00e4hlsystem bestehend aus 2 Waagen, davon eine f\u00fcr Referenzgewicht, f\u00fcr ein maximale Objektgewicht bis zu 300 kg.\",\"breadcrumb\":{\"@id\":\"https:\\\/\\\/sysmatec.ch\\\/de\\\/produit\\\/zaehlsystem-cca\\\/#breadcrumb\"},\"inLanguage\":\"de\",\"potentialAction\":[{\"@type\":\"ReadAction\",\"target\":[\"https:\\\/\\\/sysmatec.ch\\\/de\\\/produit\\\/zaehlsystem-cca\\\/\"]}]},{\"@type\":\"ImageObject\",\"inLanguage\":\"de\",\"@id\":\"https:\\\/\\\/sysmatec.ch\\\/de\\\/produit\\\/zaehlsystem-cca\\\/#primaryimage\",\"url\":\"https:\\\/\\\/sysmatec.ch\\\/wp-content\\\/uploads\\\/2021\\\/03\\\/Balance_CCA-30K-5M.jpg\",\"contentUrl\":\"https:\\\/\\\/sysmatec.ch\\\/wp-content\\\/uploads\\\/2021\\\/03\\\/Balance_CCA-30K-5M.jpg\",\"width\":1280,\"height\":671},{\"@type\":\"BreadcrumbList\",\"@id\":\"https:\\\/\\\/sysmatec.ch\\\/de\\\/produit\\\/zaehlsystem-cca\\\/#breadcrumb\",\"itemListElement\":[{\"@type\":\"ListItem\",\"position\":1,\"name\":\"Accueil\",\"item\":\"https:\\\/\\\/sysmatec.ch\\\/de\\\/\"},{\"@type\":\"ListItem\",\"position\":2,\"name\":\"Die Aktivit\u00e4t von Sysmatec\",\"item\":\"https:\\\/\\\/sysmatec.ch\\\/de\\\/\"},{\"@type\":\"ListItem\",\"position\":3,\"name\":\"Z\u00e4hlsystem CCA\"}]},{\"@type\":\"WebSite\",\"@id\":\"https:\\\/\\\/sysmatec.ch\\\/de\\\/#website\",\"url\":\"https:\\\/\\\/sysmatec.ch\\\/de\\\/\",\"name\":\"Sysmatec\",\"description\":\"Equipement de laboratoire et logiciels\",\"publisher\":{\"@id\":\"https:\\\/\\\/sysmatec.ch\\\/de\\\/#organization\"},\"potentialAction\":[{\"@type\":\"SearchAction\",\"target\":{\"@type\":\"EntryPoint\",\"urlTemplate\":\"https:\\\/\\\/sysmatec.ch\\\/de\\\/?s={search_term_string}\"},\"query-input\":{\"@type\":\"PropertyValueSpecification\",\"valueRequired\":true,\"valueName\":\"search_term_string\"}}],\"inLanguage\":\"de\"},{\"@type\":\"Organization\",\"@id\":\"https:\\\/\\\/sysmatec.ch\\\/de\\\/#organization\",\"name\":\"Sysmatec\",\"url\":\"https:\\\/\\\/sysmatec.ch\\\/de\\\/\",\"logo\":{\"@type\":\"ImageObject\",\"inLanguage\":\"de\",\"@id\":\"https:\\\/\\\/sysmatec.ch\\\/de\\\/#\\\/schema\\\/logo\\\/image\\\/\",\"url\":\"https:\\\/\\\/sysmatec.ch\\\/wp-content\\\/uploads\\\/2018\\\/11\\\/LogoSysmatec.jpg\",\"contentUrl\":\"https:\\\/\\\/sysmatec.ch\\\/wp-content\\\/uploads\\\/2018\\\/11\\\/LogoSysmatec.jpg\",\"width\":301,\"height\":297,\"caption\":\"Sysmatec\"},\"image\":{\"@id\":\"https:\\\/\\\/sysmatec.ch\\\/de\\\/#\\\/schema\\\/logo\\\/image\\\/\"}}]}<\/script>\n<!-- \/ Yoast SEO plugin. -->","yoast_head_json":{"title":"Z\u00e4hlsystem CCA - Sysmatec","description":"Z\u00e4hlsystem bestehend aus 2 Waagen, davon eine f\u00fcr Referenzgewicht, f\u00fcr ein maximale Objektgewicht bis zu 300 kg.","robots":{"index":"index","follow":"follow","max-snippet":"max-snippet:-1","max-image-preview":"max-image-preview:large","max-video-preview":"max-video-preview:-1"},"canonical":"https:\/\/sysmatec.ch\/de\/produit\/zaehlsystem-cca\/","og_locale":"de_DE","og_type":"article","og_title":"Z\u00e4hlsystem CCA - Sysmatec","og_description":"Z\u00e4hlsystem bestehend aus 2 Waagen, davon eine f\u00fcr Referenzgewicht, f\u00fcr ein maximale Objektgewicht bis zu 300 kg.","og_url":"https:\/\/sysmatec.ch\/de\/produit\/zaehlsystem-cca\/","og_site_name":"Sysmatec","article_modified_time":"2021-11-26T09:20:26+00:00","og_image":[{"width":1280,"height":671,"url":"https:\/\/sysmatec.ch\/wp-content\/uploads\/2021\/03\/Balance_CCA-30K-5M.jpg","type":"image\/jpeg"}],"twitter_card":"summary_large_image","twitter_misc":{"Gesch\u00e4tzte Lesezeit":"2\u00a0Minuten"},"schema":{"@context":"https:\/\/schema.org","@graph":[{"@type":"WebPage","@id":"https:\/\/sysmatec.ch\/de\/produit\/zaehlsystem-cca\/","url":"https:\/\/sysmatec.ch\/de\/produit\/zaehlsystem-cca\/","name":"Z\u00e4hlsystem CCA - Sysmatec","isPartOf":{"@id":"https:\/\/sysmatec.ch\/de\/#website"},"primaryImageOfPage":{"@id":"https:\/\/sysmatec.ch\/de\/produit\/zaehlsystem-cca\/#primaryimage"},"image":{"@id":"https:\/\/sysmatec.ch\/de\/produit\/zaehlsystem-cca\/#primaryimage"},"thumbnailUrl":"https:\/\/sysmatec.ch\/wp-content\/uploads\/2021\/03\/Balance_CCA-30K-5M.jpg","datePublished":"2021-03-31T14:50:04+00:00","dateModified":"2021-11-26T09:20:26+00:00","description":"Z\u00e4hlsystem bestehend aus 2 Waagen, davon eine f\u00fcr Referenzgewicht, f\u00fcr ein maximale Objektgewicht bis zu 300 kg.","breadcrumb":{"@id":"https:\/\/sysmatec.ch\/de\/produit\/zaehlsystem-cca\/#breadcrumb"},"inLanguage":"de","potentialAction":[{"@type":"ReadAction","target":["https:\/\/sysmatec.ch\/de\/produit\/zaehlsystem-cca\/"]}]},{"@type":"ImageObject","inLanguage":"de","@id":"https:\/\/sysmatec.ch\/de\/produit\/zaehlsystem-cca\/#primaryimage","url":"https:\/\/sysmatec.ch\/wp-content\/uploads\/2021\/03\/Balance_CCA-30K-5M.jpg","contentUrl":"https:\/\/sysmatec.ch\/wp-content\/uploads\/2021\/03\/Balance_CCA-30K-5M.jpg","width":1280,"height":671},{"@type":"BreadcrumbList","@id":"https:\/\/sysmatec.ch\/de\/produit\/zaehlsystem-cca\/#breadcrumb","itemListElement":[{"@type":"ListItem","position":1,"name":"Accueil","item":"https:\/\/sysmatec.ch\/de\/"},{"@type":"ListItem","position":2,"name":"Die Aktivit\u00e4t von Sysmatec","item":"https:\/\/sysmatec.ch\/de\/"},{"@type":"ListItem","position":3,"name":"Z\u00e4hlsystem CCA"}]},{"@type":"WebSite","@id":"https:\/\/sysmatec.ch\/de\/#website","url":"https:\/\/sysmatec.ch\/de\/","name":"Sysmatec","description":"Equipement de laboratoire et logiciels","publisher":{"@id":"https:\/\/sysmatec.ch\/de\/#organization"},"potentialAction":[{"@type":"SearchAction","target":{"@type":"EntryPoint","urlTemplate":"https:\/\/sysmatec.ch\/de\/?s={search_term_string}"},"query-input":{"@type":"PropertyValueSpecification","valueRequired":true,"valueName":"search_term_string"}}],"inLanguage":"de"},{"@type":"Organization","@id":"https:\/\/sysmatec.ch\/de\/#organization","name":"Sysmatec","url":"https:\/\/sysmatec.ch\/de\/","logo":{"@type":"ImageObject","inLanguage":"de","@id":"https:\/\/sysmatec.ch\/de\/#\/schema\/logo\/image\/","url":"https:\/\/sysmatec.ch\/wp-content\/uploads\/2018\/11\/LogoSysmatec.jpg","contentUrl":"https:\/\/sysmatec.ch\/wp-content\/uploads\/2018\/11\/LogoSysmatec.jpg","width":301,"height":297,"caption":"Sysmatec"},"image":{"@id":"https:\/\/sysmatec.ch\/de\/#\/schema\/logo\/image\/"}}]}},"_links":{"self":[{"href":"https:\/\/sysmatec.ch\/de\/wp-json\/wp\/v2\/product\/23115","targetHints":{"allow":["GET"]}}],"collection":[{"href":"https:\/\/sysmatec.ch\/de\/wp-json\/wp\/v2\/product"}],"about":[{"href":"https:\/\/sysmatec.ch\/de\/wp-json\/wp\/v2\/types\/product"}],"wp:featuredmedia":[{"embeddable":true,"href":"https:\/\/sysmatec.ch\/de\/wp-json\/wp\/v2\/media\/23154"}],"wp:attachment":[{"href":"https:\/\/sysmatec.ch\/de\/wp-json\/wp\/v2\/media?parent=23115"}],"wp:term":[{"taxonomy":"product_brand","embeddable":true,"href":"https:\/\/sysmatec.ch\/de\/wp-json\/wp\/v2\/product_brand?post=23115"},{"taxonomy":"product_cat","embeddable":true,"href":"https:\/\/sysmatec.ch\/de\/wp-json\/wp\/v2\/product_cat?post=23115"},{"taxonomy":"product_tag","embeddable":true,"href":"https:\/\/sysmatec.ch\/de\/wp-json\/wp\/v2\/product_tag?post=23115"}],"curies":[{"name":"wp","href":"https:\/\/api.w.org\/{rel}","templated":true}]}}