{"id":2307,"date":"2019-01-10T22:15:12","date_gmt":"2019-01-10T21:15:12","guid":{"rendered":"https:\/\/sysmatec.ch\/produit\/centrifugeuses-centrisart-a-14-et-a-14c\/"},"modified":"2022-03-11T09:13:45","modified_gmt":"2022-03-11T08:13:45","slug":"zentrifuge-centrisart-a-14-und-a-14c","status":"publish","type":"product","link":"https:\/\/sysmatec.ch\/de\/Produkt\/zentrifuge-centrisart-a-14-und-a-14c\/","title":{"rendered":"Zentrifuge Centrisart\u00ae A-14 und A-14C"},"content":{"rendered":"<p>Sie sind \u00e4u\u00dferst kompakt, platzsparend und leistungsstark. Der Rotor A1C ist speziell auf die Ultrafiltrationseinheit Vivaspin\u00ae 500 abgestimmt, kann allerdings auch mit herk\u00f6mmlichen 1.5 und 2 ml Reaktionsgef\u00e4\u00dfen betrieben werden. Er unterst\u00fctzt Anwendungen zur Probenkonzentration. Beispiele hierf\u00fcr sind Antik\u00f6rperl\u00f6-sungen, Probenentsalzungen oder Umpufferung und Entfernung von Kontaminationen mit kleineren oder sehr gro\u00dfen Molekulargewichten.<\/p>\n<p>Die starke Kompressork\u00fchlung der Centrisart\u00ae A-14C sorgt f\u00fcr eine schnelle und exakte K\u00fchlung der Probe und sch\u00fctzt diese zuverl\u00e4ssig vor Erw\u00e4rmung.<\/p>\n<table border=\"1\" width=\"685\" cellspacing=\"2\" cellpadding=\"0\">\n<tbody>\n<tr>\n<td><\/td>\n<td>Centrisart\u00ae A-14<\/td>\n<td>Centrisart\u00ae A-14C<\/td>\n<\/tr>\n<tr>\n<td>Max. Drehzahl rpm<\/td>\n<td>14 800 min-1<\/td>\n<td>15 000 min-1<\/td>\n<\/tr>\n<tr>\n<td>Max. Fassungsverm\u00f6gen<\/td>\n<td>12 x 2 ml<\/td>\n<td>24 x 1.5-2 ml<\/td>\n<\/tr>\n<tr>\n<td>Max. Schwerefeld<\/td>\n<td>16 162 g<\/td>\n<td>16 602 g<\/td>\n<\/tr>\n<tr>\n<td>Min. Drehzahl rpm<\/td>\n<td>200 min-1<\/td>\n<td>200 min-1<\/td>\n<\/tr>\n<tr>\n<td>Motor<\/td>\n<td>Wartungsfreier, b\u00fcrstenloser Motor<\/td>\n<td>Wartungsfreier, b\u00fcrstenloser Motor<\/td>\n<\/tr>\n<tr>\n<td>Temperaturbereich<\/td>\n<td>&#8211;<\/td>\n<td>&#8211; 10 \u00b0C bis + 40 \u00b0C, in 1 \u00b0C Schritten<\/td>\n<\/tr>\n<tr>\n<td>K\u00fchlmittel<\/td>\n<td><\/td>\n<td>FCKW-frei (R134a)<\/td>\n<\/tr>\n<tr>\n<td>Timer<\/td>\n<td>10 Sek. bis 99 Min., Kurzlauf | Dauerlauf<\/td>\n<td>10 Sek. bis 99 Min., Kurzlauf | Dauerlauf<\/td>\n<\/tr>\n<tr>\n<td>Entriegelung<\/td>\n<td>Motorisches Deckelschloss, automatische Entriegelung<\/td>\n<td>Motorisches Deckelschloss, automatische Entriegelung<\/td>\n<\/tr>\n<tr>\n<td>Rotor<\/td>\n<td>Festwinkelrotor<\/td>\n<td>Festwinkelrotor<\/td>\n<\/tr>\n<tr>\n<td>Deckel<\/td>\n<td>Sichtfenster zur unabh\u00e4ngigen Drehzahlmessung<\/td>\n<td>Sichtfenster zur unabh\u00e4ngigen Drehzahlmessung<\/td>\n<\/tr>\n<tr>\n<td>Programme<\/td>\n<td>10<\/td>\n<td>10<\/td>\n<\/tr>\n<tr>\n<td>Abmessungen (B \u00d7 T \u00d7 H)<\/td>\n<td>212 x 266 x 176 mm<\/td>\n<td>273 x 515 x 236 mm<\/td>\n<\/tr>\n<tr>\n<td>H\u00f6he bei ge\u00f6ffnetem Deckel<\/td>\n<td>404 mm<\/td>\n<td>404 mm<\/td>\n<\/tr>\n<tr>\n<td>Gewicht<\/td>\n<td>6 kg<\/td>\n<td>19 kg<\/td>\n<\/tr>\n<tr>\n<td>Ger\u00e4usch bei max. Drehzahl<\/td>\n<td>53 dB<\/td>\n<td>53 dB<\/td>\n<\/tr>\n<\/tbody>\n<\/table>\n","protected":false},"excerpt":{"rendered":"<p><span class=\"VIiyi\" lang=\"de\"><span class=\"JLqJ4b ChMk0b\" data-language-for-alternatives=\"de\" data-language-to-translate-into=\"fr\" data-phrase-index=\"4\" data-number-of-phrases=\"5\">Tischzentrifuge 15 800 U\/min, optionale K\u00fchlung.<\/span><\/span><\/p>\n","protected":false},"featured_media":1201,"template":"","meta":{"_crdt_document":""},"product_brand":[],"product_cat":[145],"product_tag":[],"class_list":{"0":"post-2307","1":"product","2":"type-product","3":"status-publish","4":"has-post-thumbnail","6":"product_cat-zentrifuge","8":"first","9":"instock","10":"taxable","11":"shipping-taxable","12":"product-type-simple"},"yoast_head":"<!-- This site is optimized with the Yoast SEO plugin v27.3 - https:\/\/yoast.com\/product\/yoast-seo-wordpress\/ -->\n<title>Zentrifuge Centrisart\u00ae A-14 und A-14C - Sysmatec<\/title>\n<meta name=\"description\" content=\"Zentrifuge verwendbar mit unterschiedlichen Rotoren f\u00fcr unterschiedliche Gef\u00e4\u00dfe. H\u00f6chstdrehzahl 15.800 U\/min. Wahlweise gek\u00fchlt.\" \/>\n<meta name=\"robots\" content=\"index, follow, max-snippet:-1, max-image-preview:large, max-video-preview:-1\" \/>\n<link rel=\"canonical\" href=\"https:\/\/sysmatec.ch\/de\/produit\/zentrifuge-centrisart-a-14-und-a-14c\/\" \/>\n<meta property=\"og:locale\" content=\"de_DE\" \/>\n<meta property=\"og:type\" content=\"article\" \/>\n<meta property=\"og:title\" content=\"Zentrifuge Centrisart\u00ae A-14 und A-14C - Sysmatec\" \/>\n<meta property=\"og:description\" content=\"Zentrifuge verwendbar mit unterschiedlichen Rotoren f\u00fcr unterschiedliche Gef\u00e4\u00dfe. H\u00f6chstdrehzahl 15.800 U\/min. Wahlweise gek\u00fchlt.\" \/>\n<meta property=\"og:url\" content=\"https:\/\/sysmatec.ch\/de\/produit\/zentrifuge-centrisart-a-14-und-a-14c\/\" \/>\n<meta property=\"og:site_name\" content=\"Sysmatec\" \/>\n<meta property=\"article:modified_time\" content=\"2022-03-11T08:13:45+00:00\" \/>\n<meta property=\"og:image\" content=\"https:\/\/sysmatec.ch\/wp-content\/uploads\/2019\/01\/Centrifugeuse_SartoriusCentrisartA14.jpg\" \/>\n\t<meta property=\"og:image:width\" content=\"189\" \/>\n\t<meta property=\"og:image:height\" content=\"124\" \/>\n\t<meta property=\"og:image:type\" content=\"image\/jpeg\" \/>\n<meta name=\"twitter:card\" content=\"summary_large_image\" \/>\n<meta name=\"twitter:label1\" content=\"Gesch\u00e4tzte Lesezeit\" \/>\n\t<meta name=\"twitter:data1\" content=\"1\u00a0Minute\" \/>\n<script type=\"application\/ld+json\" class=\"yoast-schema-graph\">{\"@context\":\"https:\\\/\\\/schema.org\",\"@graph\":[{\"@type\":\"WebPage\",\"@id\":\"https:\\\/\\\/sysmatec.ch\\\/de\\\/produit\\\/zentrifuge-centrisart-a-14-und-a-14c\\\/\",\"url\":\"https:\\\/\\\/sysmatec.ch\\\/de\\\/produit\\\/zentrifuge-centrisart-a-14-und-a-14c\\\/\",\"name\":\"Zentrifuge Centrisart\u00ae A-14 und A-14C - Sysmatec\",\"isPartOf\":{\"@id\":\"https:\\\/\\\/sysmatec.ch\\\/de\\\/#website\"},\"primaryImageOfPage\":{\"@id\":\"https:\\\/\\\/sysmatec.ch\\\/de\\\/produit\\\/zentrifuge-centrisart-a-14-und-a-14c\\\/#primaryimage\"},\"image\":{\"@id\":\"https:\\\/\\\/sysmatec.ch\\\/de\\\/produit\\\/zentrifuge-centrisart-a-14-und-a-14c\\\/#primaryimage\"},\"thumbnailUrl\":\"https:\\\/\\\/sysmatec.ch\\\/wp-content\\\/uploads\\\/2019\\\/01\\\/Centrifugeuse_SartoriusCentrisartA14.jpg\",\"datePublished\":\"2019-01-10T21:15:12+00:00\",\"dateModified\":\"2022-03-11T08:13:45+00:00\",\"description\":\"Zentrifuge verwendbar mit unterschiedlichen Rotoren f\u00fcr unterschiedliche Gef\u00e4\u00dfe. H\u00f6chstdrehzahl 15.800 U\\\/min. Wahlweise gek\u00fchlt.\",\"breadcrumb\":{\"@id\":\"https:\\\/\\\/sysmatec.ch\\\/de\\\/produit\\\/zentrifuge-centrisart-a-14-und-a-14c\\\/#breadcrumb\"},\"inLanguage\":\"de\",\"potentialAction\":[{\"@type\":\"ReadAction\",\"target\":[\"https:\\\/\\\/sysmatec.ch\\\/de\\\/produit\\\/zentrifuge-centrisart-a-14-und-a-14c\\\/\"]}]},{\"@type\":\"ImageObject\",\"inLanguage\":\"de\",\"@id\":\"https:\\\/\\\/sysmatec.ch\\\/de\\\/produit\\\/zentrifuge-centrisart-a-14-und-a-14c\\\/#primaryimage\",\"url\":\"https:\\\/\\\/sysmatec.ch\\\/wp-content\\\/uploads\\\/2019\\\/01\\\/Centrifugeuse_SartoriusCentrisartA14.jpg\",\"contentUrl\":\"https:\\\/\\\/sysmatec.ch\\\/wp-content\\\/uploads\\\/2019\\\/01\\\/Centrifugeuse_SartoriusCentrisartA14.jpg\",\"width\":189,\"height\":124},{\"@type\":\"BreadcrumbList\",\"@id\":\"https:\\\/\\\/sysmatec.ch\\\/de\\\/produit\\\/zentrifuge-centrisart-a-14-und-a-14c\\\/#breadcrumb\",\"itemListElement\":[{\"@type\":\"ListItem\",\"position\":1,\"name\":\"Accueil\",\"item\":\"https:\\\/\\\/sysmatec.ch\\\/de\\\/\"},{\"@type\":\"ListItem\",\"position\":2,\"name\":\"Die Aktivit\u00e4t von Sysmatec\",\"item\":\"https:\\\/\\\/sysmatec.ch\\\/de\\\/\"},{\"@type\":\"ListItem\",\"position\":3,\"name\":\"Zentrifuge Centrisart\u00ae A-14 und A-14C\"}]},{\"@type\":\"WebSite\",\"@id\":\"https:\\\/\\\/sysmatec.ch\\\/de\\\/#website\",\"url\":\"https:\\\/\\\/sysmatec.ch\\\/de\\\/\",\"name\":\"Sysmatec\",\"description\":\"Equipement de laboratoire et logiciels\",\"publisher\":{\"@id\":\"https:\\\/\\\/sysmatec.ch\\\/de\\\/#organization\"},\"potentialAction\":[{\"@type\":\"SearchAction\",\"target\":{\"@type\":\"EntryPoint\",\"urlTemplate\":\"https:\\\/\\\/sysmatec.ch\\\/de\\\/?s={search_term_string}\"},\"query-input\":{\"@type\":\"PropertyValueSpecification\",\"valueRequired\":true,\"valueName\":\"search_term_string\"}}],\"inLanguage\":\"de\"},{\"@type\":\"Organization\",\"@id\":\"https:\\\/\\\/sysmatec.ch\\\/de\\\/#organization\",\"name\":\"Sysmatec\",\"url\":\"https:\\\/\\\/sysmatec.ch\\\/de\\\/\",\"logo\":{\"@type\":\"ImageObject\",\"inLanguage\":\"de\",\"@id\":\"https:\\\/\\\/sysmatec.ch\\\/de\\\/#\\\/schema\\\/logo\\\/image\\\/\",\"url\":\"https:\\\/\\\/sysmatec.ch\\\/wp-content\\\/uploads\\\/2018\\\/11\\\/LogoSysmatec.jpg\",\"contentUrl\":\"https:\\\/\\\/sysmatec.ch\\\/wp-content\\\/uploads\\\/2018\\\/11\\\/LogoSysmatec.jpg\",\"width\":301,\"height\":297,\"caption\":\"Sysmatec\"},\"image\":{\"@id\":\"https:\\\/\\\/sysmatec.ch\\\/de\\\/#\\\/schema\\\/logo\\\/image\\\/\"}}]}<\/script>\n<!-- \/ Yoast SEO plugin. -->","yoast_head_json":{"title":"Zentrifuge Centrisart\u00ae A-14 und A-14C - Sysmatec","description":"Zentrifuge verwendbar mit unterschiedlichen Rotoren f\u00fcr unterschiedliche Gef\u00e4\u00dfe. H\u00f6chstdrehzahl 15.800 U\/min. Wahlweise gek\u00fchlt.","robots":{"index":"index","follow":"follow","max-snippet":"max-snippet:-1","max-image-preview":"max-image-preview:large","max-video-preview":"max-video-preview:-1"},"canonical":"https:\/\/sysmatec.ch\/de\/produit\/zentrifuge-centrisart-a-14-und-a-14c\/","og_locale":"de_DE","og_type":"article","og_title":"Zentrifuge Centrisart\u00ae A-14 und A-14C - Sysmatec","og_description":"Zentrifuge verwendbar mit unterschiedlichen Rotoren f\u00fcr unterschiedliche Gef\u00e4\u00dfe. H\u00f6chstdrehzahl 15.800 U\/min. Wahlweise gek\u00fchlt.","og_url":"https:\/\/sysmatec.ch\/de\/produit\/zentrifuge-centrisart-a-14-und-a-14c\/","og_site_name":"Sysmatec","article_modified_time":"2022-03-11T08:13:45+00:00","og_image":[{"width":189,"height":124,"url":"https:\/\/sysmatec.ch\/wp-content\/uploads\/2019\/01\/Centrifugeuse_SartoriusCentrisartA14.jpg","type":"image\/jpeg"}],"twitter_card":"summary_large_image","twitter_misc":{"Gesch\u00e4tzte Lesezeit":"1\u00a0Minute"},"schema":{"@context":"https:\/\/schema.org","@graph":[{"@type":"WebPage","@id":"https:\/\/sysmatec.ch\/de\/produit\/zentrifuge-centrisart-a-14-und-a-14c\/","url":"https:\/\/sysmatec.ch\/de\/produit\/zentrifuge-centrisart-a-14-und-a-14c\/","name":"Zentrifuge Centrisart\u00ae A-14 und A-14C - Sysmatec","isPartOf":{"@id":"https:\/\/sysmatec.ch\/de\/#website"},"primaryImageOfPage":{"@id":"https:\/\/sysmatec.ch\/de\/produit\/zentrifuge-centrisart-a-14-und-a-14c\/#primaryimage"},"image":{"@id":"https:\/\/sysmatec.ch\/de\/produit\/zentrifuge-centrisart-a-14-und-a-14c\/#primaryimage"},"thumbnailUrl":"https:\/\/sysmatec.ch\/wp-content\/uploads\/2019\/01\/Centrifugeuse_SartoriusCentrisartA14.jpg","datePublished":"2019-01-10T21:15:12+00:00","dateModified":"2022-03-11T08:13:45+00:00","description":"Zentrifuge verwendbar mit unterschiedlichen Rotoren f\u00fcr unterschiedliche Gef\u00e4\u00dfe. H\u00f6chstdrehzahl 15.800 U\/min. Wahlweise gek\u00fchlt.","breadcrumb":{"@id":"https:\/\/sysmatec.ch\/de\/produit\/zentrifuge-centrisart-a-14-und-a-14c\/#breadcrumb"},"inLanguage":"de","potentialAction":[{"@type":"ReadAction","target":["https:\/\/sysmatec.ch\/de\/produit\/zentrifuge-centrisart-a-14-und-a-14c\/"]}]},{"@type":"ImageObject","inLanguage":"de","@id":"https:\/\/sysmatec.ch\/de\/produit\/zentrifuge-centrisart-a-14-und-a-14c\/#primaryimage","url":"https:\/\/sysmatec.ch\/wp-content\/uploads\/2019\/01\/Centrifugeuse_SartoriusCentrisartA14.jpg","contentUrl":"https:\/\/sysmatec.ch\/wp-content\/uploads\/2019\/01\/Centrifugeuse_SartoriusCentrisartA14.jpg","width":189,"height":124},{"@type":"BreadcrumbList","@id":"https:\/\/sysmatec.ch\/de\/produit\/zentrifuge-centrisart-a-14-und-a-14c\/#breadcrumb","itemListElement":[{"@type":"ListItem","position":1,"name":"Accueil","item":"https:\/\/sysmatec.ch\/de\/"},{"@type":"ListItem","position":2,"name":"Die Aktivit\u00e4t von Sysmatec","item":"https:\/\/sysmatec.ch\/de\/"},{"@type":"ListItem","position":3,"name":"Zentrifuge Centrisart\u00ae A-14 und A-14C"}]},{"@type":"WebSite","@id":"https:\/\/sysmatec.ch\/de\/#website","url":"https:\/\/sysmatec.ch\/de\/","name":"Sysmatec","description":"Equipement de laboratoire et logiciels","publisher":{"@id":"https:\/\/sysmatec.ch\/de\/#organization"},"potentialAction":[{"@type":"SearchAction","target":{"@type":"EntryPoint","urlTemplate":"https:\/\/sysmatec.ch\/de\/?s={search_term_string}"},"query-input":{"@type":"PropertyValueSpecification","valueRequired":true,"valueName":"search_term_string"}}],"inLanguage":"de"},{"@type":"Organization","@id":"https:\/\/sysmatec.ch\/de\/#organization","name":"Sysmatec","url":"https:\/\/sysmatec.ch\/de\/","logo":{"@type":"ImageObject","inLanguage":"de","@id":"https:\/\/sysmatec.ch\/de\/#\/schema\/logo\/image\/","url":"https:\/\/sysmatec.ch\/wp-content\/uploads\/2018\/11\/LogoSysmatec.jpg","contentUrl":"https:\/\/sysmatec.ch\/wp-content\/uploads\/2018\/11\/LogoSysmatec.jpg","width":301,"height":297,"caption":"Sysmatec"},"image":{"@id":"https:\/\/sysmatec.ch\/de\/#\/schema\/logo\/image\/"}}]}},"_links":{"self":[{"href":"https:\/\/sysmatec.ch\/de\/wp-json\/wp\/v2\/product\/2307","targetHints":{"allow":["GET"]}}],"collection":[{"href":"https:\/\/sysmatec.ch\/de\/wp-json\/wp\/v2\/product"}],"about":[{"href":"https:\/\/sysmatec.ch\/de\/wp-json\/wp\/v2\/types\/product"}],"wp:featuredmedia":[{"embeddable":true,"href":"https:\/\/sysmatec.ch\/de\/wp-json\/wp\/v2\/media\/1201"}],"wp:attachment":[{"href":"https:\/\/sysmatec.ch\/de\/wp-json\/wp\/v2\/media?parent=2307"}],"wp:term":[{"taxonomy":"product_brand","embeddable":true,"href":"https:\/\/sysmatec.ch\/de\/wp-json\/wp\/v2\/product_brand?post=2307"},{"taxonomy":"product_cat","embeddable":true,"href":"https:\/\/sysmatec.ch\/de\/wp-json\/wp\/v2\/product_cat?post=2307"},{"taxonomy":"product_tag","embeddable":true,"href":"https:\/\/sysmatec.ch\/de\/wp-json\/wp\/v2\/product_tag?post=2307"}],"curies":[{"name":"wp","href":"https:\/\/api.w.org\/{rel}","templated":true}]}}