{"id":23030,"date":"2021-03-29T21:16:01","date_gmt":"2021-03-29T19:16:01","guid":{"rendered":"https:\/\/sysmatec.ch\/?post_type=product&#038;p=23030"},"modified":"2021-11-26T10:35:29","modified_gmt":"2021-11-26T09:35:29","slug":"preisrechnende-waage-rfe","status":"publish","type":"product","link":"https:\/\/sysmatec.ch\/de\/Produkt\/preisrechnende-waage-rfe\/","title":{"rendered":"Preisrechnende Waage RFE"},"content":{"rendered":"<ul>\n<li>Gro\u00dfes LCD-Display mit vier Anzeigen f\u00fcr Gewichtsanzeige (eichf\u00e4hig), Grundpreis, Verkaufspreis und gespeichertem TARA-bzw.\u00a0<a class=\"lexikon_link\" style=\"font-family: arial, Helvetica, sans-serif; font-size: 12px; text-decoration: none; color: black; border-bottom: 1px dashed #999999;\">PRE-TARE<\/a>-Wert<\/li>\n<li>TARA-Wert Anzeige: diese zeigt einen beim\u00a0<a class=\"lexikon_link\" style=\"font-family: arial, Helvetica, sans-serif; font-size: 12px; text-decoration: none; color: black; border-bottom: 1px dashed #999999;\">PLU\u00a0<\/a>hinterlegten TARA- bzw.\u00a0<a class=\"lexikon_link\" style=\"font-family: arial, Helvetica, sans-serif; font-size: 12px; text-decoration: none; color: black; border-bottom: 1px dashed #999999;\">PRE-TARE<\/a>-Wert an, wodurch das rechtssichere Speichern dieses Wertes gem\u00e4\u00df des Eichgesetzes m\u00f6glich wird<\/li>\n<li>\n<div id=\"verweis_01\">\u00a0Zweitanzeige an der Waagenr\u00fcckseite<\/div>\n<\/li>\n<li>\n<div id=\"verweis_02\">\u00a0Stativ zum Hochsetzen des Auswerteger\u00e4ts serienm\u00e4\u00dfig, kann vom Verwender bequem an- oder abmontiert werden . Das Stromkabel f\u00fcr die Zweitanzeige kann hygienisch und optisch aufger\u00e4umt im aufklappbaren Stativ verlegt werden. Stativh\u00f6he ca. 395 mm<\/div>\n<\/li>\n<li>\n<div id=\"verweis_03\">\u00a0Dank leicht verst\u00e4ndlicher, allgemeing\u00fcltiger Symbole z. B. f\u00fcr Gewicht, St\u00fcckgewicht, Gesamtpreis kann diese Waage auch international verstanden und bequem bedient werden<\/div>\n<\/li>\n<li>Grundpreis umschaltbar von \u20ac\/kg auf \u20ac\/100 g<\/li>\n<li>Auto-Clear-Taste: Eingestellter Grundpreis wird bei entlasteter Waage automatisch gel\u00f6scht<\/li>\n<li>Speicher (PLU) f\u00fcr 100 Artikelpreise<\/li>\n<li>4 Direktpreis-Tasten f\u00fcr h\u00e4ufig wiederkehrende Artikelpreise<\/li>\n<li>Artikelbezeichnung kann im Klartext eingegeben, gespeichert und im Display ausgegeben werden<\/li>\n<li>Kopf- und Fu\u00dfzeile des Ausdrucks direkt \u00fcber die Waage programmierbar<\/li>\n<li>Hohe Mobilit\u00e4t: dank Akkubetrieb (optional), kompakter, flacher Bauweise und geringem Eigengewicht geeignet zum Einsatz an mehreren Standorten<\/li>\n<li>Griffmulden an der Unterseite zum bequemen Transport der Waage<\/li>\n<\/ul>\n<table border=\"1\" width=\"577\" cellspacing=\"0\" cellpadding=\"2\">\n<tbody>\n<tr>\n<td>Waage Modell<\/td>\n<td width=\"10%\">Ablesbarkeit<\/td>\n<td width=\"10%\">W\u00e4gebereich<\/td>\n<td width=\"10%\">Reproduzierbarkeit<\/td>\n<td width=\"10%\">Platte<\/td>\n<\/tr>\n<tr>\n<td><\/td>\n<td width=\"10%\">g<\/td>\n<td width=\"10%\">kg<\/td>\n<td width=\"10%\">g<\/td>\n<td width=\"10%\">g<\/td>\n<\/tr>\n<tr>\n<td>RFE 6K3M<\/td>\n<td width=\"10%\">1\/2<\/td>\n<td width=\"10%\">3\/6<\/td>\n<td width=\"10%\">1\/2<\/td>\n<td width=\"10%\">\u00b11\/2<\/td>\n<\/tr>\n<tr>\n<td>RFE 15K3M<\/td>\n<td width=\"10%\">2\/5<\/td>\n<td width=\"10%\">6\/15<\/td>\n<td width=\"10%\">2\/5<\/td>\n<td width=\"10%\">\u00b12\/5<\/td>\n<\/tr>\n<tr>\n<td>RFE 30K3M<\/td>\n<td width=\"10%\">5\/10<\/td>\n<td width=\"10%\">15\/30<\/td>\n<td width=\"10%\">5\/10<\/td>\n<td width=\"10%\">\u00b15\/10<\/td>\n<\/tr>\n<\/tbody>\n<\/table>\n","protected":false},"excerpt":{"rendered":"<p>Preisrechnende Waage 0-6 kg bis 0-30 kg<\/p>\n","protected":false},"featured_media":23052,"template":"","meta":{"_crdt_document":""},"product_brand":[],"product_cat":[165,344],"product_tag":[],"class_list":{"0":"post-23030","1":"product","2":"type-product","3":"status-publish","4":"has-post-thumbnail","6":"product_cat-gewicht","7":"product_cat-zahlen","9":"first","10":"instock","11":"taxable","12":"shipping-taxable","13":"purchasable","14":"product-type-variable"},"yoast_head":"<!-- This site is optimized with the Yoast SEO plugin v27.3 - https:\/\/yoast.com\/product\/yoast-seo-wordpress\/ -->\n<title>Preisrechnende Waage RFE - Sysmatec<\/title>\n<meta name=\"description\" content=\"Gewichts-Preis-Handelswaage mit Gewichts- und Preisanzeige. Verschiedene Ausf\u00fchrungen f\u00fcr eine Belastung bis 30 kg.\" \/>\n<meta name=\"robots\" content=\"index, follow, max-snippet:-1, max-image-preview:large, max-video-preview:-1\" \/>\n<link rel=\"canonical\" href=\"https:\/\/sysmatec.ch\/de\/produit\/preisrechnende-waage-rfe\/\" \/>\n<meta property=\"og:locale\" content=\"de_DE\" \/>\n<meta property=\"og:type\" content=\"article\" \/>\n<meta property=\"og:title\" content=\"Preisrechnende Waage RFE - Sysmatec\" \/>\n<meta property=\"og:description\" content=\"Gewichts-Preis-Handelswaage mit Gewichts- und Preisanzeige. Verschiedene Ausf\u00fchrungen f\u00fcr eine Belastung bis 30 kg.\" \/>\n<meta property=\"og:url\" content=\"https:\/\/sysmatec.ch\/de\/produit\/preisrechnende-waage-rfe\/\" \/>\n<meta property=\"og:site_name\" content=\"Sysmatec\" \/>\n<meta property=\"article:modified_time\" content=\"2021-11-26T09:35:29+00:00\" \/>\n<meta property=\"og:image\" content=\"https:\/\/sysmatec.ch\/wp-content\/uploads\/2021\/03\/Balance_RFE-6K3M-scaled.jpg\" \/>\n\t<meta property=\"og:image:width\" content=\"2560\" \/>\n\t<meta property=\"og:image:height\" content=\"2045\" \/>\n\t<meta property=\"og:image:type\" content=\"image\/jpeg\" \/>\n<meta name=\"twitter:card\" content=\"summary_large_image\" \/>\n<meta name=\"twitter:label1\" content=\"Gesch\u00e4tzte Lesezeit\" \/>\n\t<meta name=\"twitter:data1\" content=\"1\u00a0Minute\" \/>\n<script type=\"application\/ld+json\" class=\"yoast-schema-graph\">{\"@context\":\"https:\\\/\\\/schema.org\",\"@graph\":[{\"@type\":\"WebPage\",\"@id\":\"https:\\\/\\\/sysmatec.ch\\\/de\\\/produit\\\/preisrechnende-waage-rfe\\\/\",\"url\":\"https:\\\/\\\/sysmatec.ch\\\/de\\\/produit\\\/preisrechnende-waage-rfe\\\/\",\"name\":\"Preisrechnende Waage RFE - Sysmatec\",\"isPartOf\":{\"@id\":\"https:\\\/\\\/sysmatec.ch\\\/de\\\/#website\"},\"primaryImageOfPage\":{\"@id\":\"https:\\\/\\\/sysmatec.ch\\\/de\\\/produit\\\/preisrechnende-waage-rfe\\\/#primaryimage\"},\"image\":{\"@id\":\"https:\\\/\\\/sysmatec.ch\\\/de\\\/produit\\\/preisrechnende-waage-rfe\\\/#primaryimage\"},\"thumbnailUrl\":\"https:\\\/\\\/sysmatec.ch\\\/wp-content\\\/uploads\\\/2021\\\/03\\\/Balance_RFE-6K3M-scaled.jpg\",\"datePublished\":\"2021-03-29T19:16:01+00:00\",\"dateModified\":\"2021-11-26T09:35:29+00:00\",\"description\":\"Gewichts-Preis-Handelswaage mit Gewichts- und Preisanzeige. Verschiedene Ausf\u00fchrungen f\u00fcr eine Belastung bis 30 kg.\",\"breadcrumb\":{\"@id\":\"https:\\\/\\\/sysmatec.ch\\\/de\\\/produit\\\/preisrechnende-waage-rfe\\\/#breadcrumb\"},\"inLanguage\":\"de\",\"potentialAction\":[{\"@type\":\"ReadAction\",\"target\":[\"https:\\\/\\\/sysmatec.ch\\\/de\\\/produit\\\/preisrechnende-waage-rfe\\\/\"]}]},{\"@type\":\"ImageObject\",\"inLanguage\":\"de\",\"@id\":\"https:\\\/\\\/sysmatec.ch\\\/de\\\/produit\\\/preisrechnende-waage-rfe\\\/#primaryimage\",\"url\":\"https:\\\/\\\/sysmatec.ch\\\/wp-content\\\/uploads\\\/2021\\\/03\\\/Balance_RFE-6K3M-scaled.jpg\",\"contentUrl\":\"https:\\\/\\\/sysmatec.ch\\\/wp-content\\\/uploads\\\/2021\\\/03\\\/Balance_RFE-6K3M-scaled.jpg\",\"width\":2560,\"height\":2045},{\"@type\":\"BreadcrumbList\",\"@id\":\"https:\\\/\\\/sysmatec.ch\\\/de\\\/produit\\\/preisrechnende-waage-rfe\\\/#breadcrumb\",\"itemListElement\":[{\"@type\":\"ListItem\",\"position\":1,\"name\":\"Accueil\",\"item\":\"https:\\\/\\\/sysmatec.ch\\\/de\\\/\"},{\"@type\":\"ListItem\",\"position\":2,\"name\":\"Die Aktivit\u00e4t von Sysmatec\",\"item\":\"https:\\\/\\\/sysmatec.ch\\\/de\\\/\"},{\"@type\":\"ListItem\",\"position\":3,\"name\":\"Preisrechnende Waage RFE\"}]},{\"@type\":\"WebSite\",\"@id\":\"https:\\\/\\\/sysmatec.ch\\\/de\\\/#website\",\"url\":\"https:\\\/\\\/sysmatec.ch\\\/de\\\/\",\"name\":\"Sysmatec\",\"description\":\"Equipement de laboratoire et logiciels\",\"publisher\":{\"@id\":\"https:\\\/\\\/sysmatec.ch\\\/de\\\/#organization\"},\"potentialAction\":[{\"@type\":\"SearchAction\",\"target\":{\"@type\":\"EntryPoint\",\"urlTemplate\":\"https:\\\/\\\/sysmatec.ch\\\/de\\\/?s={search_term_string}\"},\"query-input\":{\"@type\":\"PropertyValueSpecification\",\"valueRequired\":true,\"valueName\":\"search_term_string\"}}],\"inLanguage\":\"de\"},{\"@type\":\"Organization\",\"@id\":\"https:\\\/\\\/sysmatec.ch\\\/de\\\/#organization\",\"name\":\"Sysmatec\",\"url\":\"https:\\\/\\\/sysmatec.ch\\\/de\\\/\",\"logo\":{\"@type\":\"ImageObject\",\"inLanguage\":\"de\",\"@id\":\"https:\\\/\\\/sysmatec.ch\\\/de\\\/#\\\/schema\\\/logo\\\/image\\\/\",\"url\":\"https:\\\/\\\/sysmatec.ch\\\/wp-content\\\/uploads\\\/2018\\\/11\\\/LogoSysmatec.jpg\",\"contentUrl\":\"https:\\\/\\\/sysmatec.ch\\\/wp-content\\\/uploads\\\/2018\\\/11\\\/LogoSysmatec.jpg\",\"width\":301,\"height\":297,\"caption\":\"Sysmatec\"},\"image\":{\"@id\":\"https:\\\/\\\/sysmatec.ch\\\/de\\\/#\\\/schema\\\/logo\\\/image\\\/\"}}]}<\/script>\n<!-- \/ Yoast SEO plugin. -->","yoast_head_json":{"title":"Preisrechnende Waage RFE - Sysmatec","description":"Gewichts-Preis-Handelswaage mit Gewichts- und Preisanzeige. Verschiedene Ausf\u00fchrungen f\u00fcr eine Belastung bis 30 kg.","robots":{"index":"index","follow":"follow","max-snippet":"max-snippet:-1","max-image-preview":"max-image-preview:large","max-video-preview":"max-video-preview:-1"},"canonical":"https:\/\/sysmatec.ch\/de\/produit\/preisrechnende-waage-rfe\/","og_locale":"de_DE","og_type":"article","og_title":"Preisrechnende Waage RFE - Sysmatec","og_description":"Gewichts-Preis-Handelswaage mit Gewichts- und Preisanzeige. Verschiedene Ausf\u00fchrungen f\u00fcr eine Belastung bis 30 kg.","og_url":"https:\/\/sysmatec.ch\/de\/produit\/preisrechnende-waage-rfe\/","og_site_name":"Sysmatec","article_modified_time":"2021-11-26T09:35:29+00:00","og_image":[{"width":2560,"height":2045,"url":"https:\/\/sysmatec.ch\/wp-content\/uploads\/2021\/03\/Balance_RFE-6K3M-scaled.jpg","type":"image\/jpeg"}],"twitter_card":"summary_large_image","twitter_misc":{"Gesch\u00e4tzte Lesezeit":"1\u00a0Minute"},"schema":{"@context":"https:\/\/schema.org","@graph":[{"@type":"WebPage","@id":"https:\/\/sysmatec.ch\/de\/produit\/preisrechnende-waage-rfe\/","url":"https:\/\/sysmatec.ch\/de\/produit\/preisrechnende-waage-rfe\/","name":"Preisrechnende Waage RFE - Sysmatec","isPartOf":{"@id":"https:\/\/sysmatec.ch\/de\/#website"},"primaryImageOfPage":{"@id":"https:\/\/sysmatec.ch\/de\/produit\/preisrechnende-waage-rfe\/#primaryimage"},"image":{"@id":"https:\/\/sysmatec.ch\/de\/produit\/preisrechnende-waage-rfe\/#primaryimage"},"thumbnailUrl":"https:\/\/sysmatec.ch\/wp-content\/uploads\/2021\/03\/Balance_RFE-6K3M-scaled.jpg","datePublished":"2021-03-29T19:16:01+00:00","dateModified":"2021-11-26T09:35:29+00:00","description":"Gewichts-Preis-Handelswaage mit Gewichts- und Preisanzeige. Verschiedene Ausf\u00fchrungen f\u00fcr eine Belastung bis 30 kg.","breadcrumb":{"@id":"https:\/\/sysmatec.ch\/de\/produit\/preisrechnende-waage-rfe\/#breadcrumb"},"inLanguage":"de","potentialAction":[{"@type":"ReadAction","target":["https:\/\/sysmatec.ch\/de\/produit\/preisrechnende-waage-rfe\/"]}]},{"@type":"ImageObject","inLanguage":"de","@id":"https:\/\/sysmatec.ch\/de\/produit\/preisrechnende-waage-rfe\/#primaryimage","url":"https:\/\/sysmatec.ch\/wp-content\/uploads\/2021\/03\/Balance_RFE-6K3M-scaled.jpg","contentUrl":"https:\/\/sysmatec.ch\/wp-content\/uploads\/2021\/03\/Balance_RFE-6K3M-scaled.jpg","width":2560,"height":2045},{"@type":"BreadcrumbList","@id":"https:\/\/sysmatec.ch\/de\/produit\/preisrechnende-waage-rfe\/#breadcrumb","itemListElement":[{"@type":"ListItem","position":1,"name":"Accueil","item":"https:\/\/sysmatec.ch\/de\/"},{"@type":"ListItem","position":2,"name":"Die Aktivit\u00e4t von Sysmatec","item":"https:\/\/sysmatec.ch\/de\/"},{"@type":"ListItem","position":3,"name":"Preisrechnende Waage RFE"}]},{"@type":"WebSite","@id":"https:\/\/sysmatec.ch\/de\/#website","url":"https:\/\/sysmatec.ch\/de\/","name":"Sysmatec","description":"Equipement de laboratoire et logiciels","publisher":{"@id":"https:\/\/sysmatec.ch\/de\/#organization"},"potentialAction":[{"@type":"SearchAction","target":{"@type":"EntryPoint","urlTemplate":"https:\/\/sysmatec.ch\/de\/?s={search_term_string}"},"query-input":{"@type":"PropertyValueSpecification","valueRequired":true,"valueName":"search_term_string"}}],"inLanguage":"de"},{"@type":"Organization","@id":"https:\/\/sysmatec.ch\/de\/#organization","name":"Sysmatec","url":"https:\/\/sysmatec.ch\/de\/","logo":{"@type":"ImageObject","inLanguage":"de","@id":"https:\/\/sysmatec.ch\/de\/#\/schema\/logo\/image\/","url":"https:\/\/sysmatec.ch\/wp-content\/uploads\/2018\/11\/LogoSysmatec.jpg","contentUrl":"https:\/\/sysmatec.ch\/wp-content\/uploads\/2018\/11\/LogoSysmatec.jpg","width":301,"height":297,"caption":"Sysmatec"},"image":{"@id":"https:\/\/sysmatec.ch\/de\/#\/schema\/logo\/image\/"}}]}},"_links":{"self":[{"href":"https:\/\/sysmatec.ch\/de\/wp-json\/wp\/v2\/product\/23030","targetHints":{"allow":["GET"]}}],"collection":[{"href":"https:\/\/sysmatec.ch\/de\/wp-json\/wp\/v2\/product"}],"about":[{"href":"https:\/\/sysmatec.ch\/de\/wp-json\/wp\/v2\/types\/product"}],"wp:featuredmedia":[{"embeddable":true,"href":"https:\/\/sysmatec.ch\/de\/wp-json\/wp\/v2\/media\/23052"}],"wp:attachment":[{"href":"https:\/\/sysmatec.ch\/de\/wp-json\/wp\/v2\/media?parent=23030"}],"wp:term":[{"taxonomy":"product_brand","embeddable":true,"href":"https:\/\/sysmatec.ch\/de\/wp-json\/wp\/v2\/product_brand?post=23030"},{"taxonomy":"product_cat","embeddable":true,"href":"https:\/\/sysmatec.ch\/de\/wp-json\/wp\/v2\/product_cat?post=23030"},{"taxonomy":"product_tag","embeddable":true,"href":"https:\/\/sysmatec.ch\/de\/wp-json\/wp\/v2\/product_tag?post=23030"}],"curies":[{"name":"wp","href":"https:\/\/api.w.org\/{rel}","templated":true}]}}