{"id":2303,"date":"2019-01-10T22:20:07","date_gmt":"2019-01-10T21:20:07","guid":{"rendered":"https:\/\/sysmatec.ch\/produit\/centrifugeuse-centrisart-d-16c\/"},"modified":"2022-03-11T09:07:32","modified_gmt":"2022-03-11T08:07:32","slug":"zentrifuge-centrisart-d-16c","status":"publish","type":"product","link":"https:\/\/sysmatec.ch\/de\/Produkt\/zentrifuge-centrisart-d-16c\/","title":{"rendered":"Zentrifuge Centrisart\u00ae D-16C"},"content":{"rendered":"<p>Die universelle Tischzentrifuge Centrisart\u00ae D-16C mit mittlerer Kapazit\u00e4t und K\u00fchlung ist im Labor vielseitig einsetzbar. Die maximale Drehzahl von 15.300 min-1 erm\u00f6glicht auch molekularbiologische Anwendungen.<\/p>\n<p>Im niedrigen Drehzahlbereich ist die Centrisart\u00ae D-16C f\u00fcr eine schonende Behandlung von Zellen oder sensiblen Proben geeignet. Schonende Brems-kurven sorgen f\u00fcr ein sanftes Abbremsen und verhindern so ein Aufwirbeln der Probe. Diese schonende Funktion ist auch bei der Verwendung von Mikro-titerplatten von Vorteil. Durch die Verwendung von Adaptern l\u00e4sst sich die Centrisart\u00ae D-16C auch optimal f\u00fcr Hochdurchsatz-Anwendungen f\u00fcr Spin-Kits mit 1,5 ml- | 2 ml-Gef\u00e4\u00dfen einsetzen.<\/p>\n<ul>\n<li type=\"disc\">Max. Drehzahl: 15 300 min-1<\/li>\n<li type=\"disc\">Max. Fassungsverm\u00f6gen: 4 \u00d7 100 ml<\/li>\n<li type=\"disc\">Max. Schwerefeld: 21 913 g<\/li>\n<li type=\"disc\">Min. Drehzahl: 100 min -1<\/li>\n<li type=\"disc\">Temperaturbereich: -10\u00b0C bis +40\u00b0C mit 1 \u00b0C Schritten<\/li>\n<li type=\"disc\">Schnellk\u00fchlprogramm, Garantiert 4\u00b0C bei max. Drehzahl, K\u00fchlung des Rotors auch im Stillstand m\u00f6glich<\/li>\n<li type=\"disc\">K\u00fchlmittel: FCKW-frei (R134a)<\/li>\n<li type=\"disc\">Motor: Wartungsfreier, b\u00fcrstenloser Motor<\/li>\n<li type=\"disc\">Entriegelung: Motorisches Deckelschloss, automatische Entriegelung<\/li>\n<li type=\"disc\">Deckel: Sichtfenster zur unabh\u00e4ngigen Drehzahlmessung, einfache Deckel\u00f6ffnung<\/li>\n<li type=\"disc\">Rotor: Rotorerkennung f\u00fcr Festwinkelrotoren, Ausschwingrotoren<\/li>\n<li type=\"disc\">Rotorraum: Rostfreier Edelstahl<\/li>\n<li type=\"disc\">Unwuchtsicherung: Automatische Unwuchtkontrolle<\/li>\n<li type=\"disc\">Timer: 10 Sek. \u2013 99 min., Kurzlauf \/ Dauerlauf<\/li>\n<li type=\"disc\">Programme: 50<\/li>\n<li type=\"disc\">Beschleunigungskurven: 10<\/li>\n<li type=\"disc\">Bremskurven: 10<\/li>\n<li type=\"disc\">Rotor Sicherheit: automatische Rotorerkennung, Zyklenz\u00e4hlung der Rotoren<\/li>\n<li type=\"disc\">Abmessungen (BxTxH): 550 \u00d7 570 \u00d7 310 mm<\/li>\n<li type=\"disc\">H\u00f6he bei ge\u00f6ffnetem Deckel: 705 mm<\/li>\n<li type=\"disc\">Gewicht ohne Rotor: 60 kg<\/li>\n<li type=\"disc\">Ger\u00e4usch bei max. Drehzahl: &lt; 65 dB<\/li>\n<\/ul>\n<p>Zubeh\u00f6r<\/p>\n<p>A9B6x50mLCTD16: Festwinkelrotor f\u00fcr 6 x 50ml Kulturflaschen mit Hermetikdeckel aus Aluminium<\/p>\n<p>S5B-MT0001-D16: Komplettsatz \u2013 Ausschwingrotor einschliesslich Tr\u00e4gern f\u00fcr Mikrotiterplatten. Max. H\u00f6he 56 mm; max. Beladung je Tr\u00e4ger 335 Gramm<\/p>\n<p>A4B24x1.5mLRVD16: Festwinkelrotor 24 x 1.5-2 ml Reaktionsgef\u00e4\u00dfe, mit Hermetikdeckel aus Aluminium<\/p>\n<p>S1B-D16: Ausschwingender Rotor, 4 Pl\u00e4tze, f\u00fcr Becher B9Bdia45mmS3B<\/p>\n<p>B9Bdia45mmS3B: Rundbecher f\u00fcr Rotor S1B-D16, verschlie\u00dfbar mit Kappe, f\u00fcr Adapter AxxxxxxB9B, 1 Set = 2 St\u00fcck<\/p>\n<p>R9B1x50mLCTB9B: Rundgestell f\u00fcr ein Kulturgef\u00e4\u00df 50 ml, 1 Set = 2 St\u00fcck<\/p>\n<p>R0B1x15mLCTB9B: Rundgestell f\u00fcr zwei Kulturgef\u00e4\u00dfe 15 ml, nur ohne Kappe, 1 Set = 2 St\u00fcck<\/p>\n<p>RAB4x1.5mLRVB9B: Rundgestell f\u00fcr 4 Reaktionsgef\u00e4\u00dfe 1.5 \/ 2.0 ml, max. d 11 mm, 1 Set = 2 St\u00fcck<\/p>\n<p>RBB1x30mLFBB9B: Rundgestell f\u00fcr Stehrand- oder Flachbodengef\u00e4\u00dfe 30 ml, max. d 25 \/ 31 \u00d7 65 \u2013 95 mm, 1 Set = 2 St\u00fcck<\/p>\n<p>YCTTable-D-16C: Zentrifugen-Tisch aus lackiertem Stahlblech mit 2 T\u00fcren und Platz f\u00fcr Zubeh\u00f6r, fahrbar, mit feststellbaren Rollen, Abmessungen: B 550, T 600, H 497 mm<\/p>\n","protected":false},"excerpt":{"rendered":"<p><span class=\"VIiyi\" lang=\"de\"><span class=\"JLqJ4b ChMk0b\" data-language-for-alternatives=\"de\" data-language-to-translate-into=\"fr\" data-phrase-index=\"3\" data-number-of-phrases=\"4\">Tischzentrifuge 15.300 U\/min, gek\u00fchlt.<\/span><\/span><\/p>\n","protected":false},"featured_media":1199,"template":"","meta":{"_crdt_document":""},"product_brand":[],"product_cat":[145],"product_tag":[],"class_list":{"0":"post-2303","1":"product","2":"type-product","3":"status-publish","4":"has-post-thumbnail","6":"product_cat-zentrifuge","8":"first","9":"instock","10":"taxable","11":"shipping-taxable","12":"product-type-simple"},"yoast_head":"<!-- This site is optimized with the Yoast SEO plugin v27.3 - https:\/\/yoast.com\/product\/yoast-seo-wordpress\/ -->\n<title>Zentrifuge Centrisart\u00ae D-16C - Sysmatec<\/title>\n<meta name=\"description\" content=\"Gek\u00fchlte Zentrifuge verwendbar mit verschiedenen Rotoren f\u00fcr verschiedene R\u00f6hrchen. H\u00f6chstdrehzahl 15 300 U\/min.\" \/>\n<meta name=\"robots\" content=\"index, follow, max-snippet:-1, max-image-preview:large, max-video-preview:-1\" \/>\n<link rel=\"canonical\" href=\"https:\/\/sysmatec.ch\/de\/produit\/zentrifuge-centrisart-d-16c\/\" \/>\n<meta property=\"og:locale\" content=\"de_DE\" \/>\n<meta property=\"og:type\" content=\"article\" \/>\n<meta property=\"og:title\" content=\"Zentrifuge Centrisart\u00ae D-16C - Sysmatec\" \/>\n<meta property=\"og:description\" content=\"Gek\u00fchlte Zentrifuge verwendbar mit verschiedenen Rotoren f\u00fcr verschiedene R\u00f6hrchen. H\u00f6chstdrehzahl 15 300 U\/min.\" \/>\n<meta property=\"og:url\" content=\"https:\/\/sysmatec.ch\/de\/produit\/zentrifuge-centrisart-d-16c\/\" \/>\n<meta property=\"og:site_name\" content=\"Sysmatec\" \/>\n<meta property=\"article:modified_time\" content=\"2022-03-11T08:07:32+00:00\" \/>\n<meta property=\"og:image\" content=\"https:\/\/sysmatec.ch\/wp-content\/uploads\/2019\/01\/Centrifugeuse_SartoriusCentristartD16C.jpg\" \/>\n\t<meta property=\"og:image:width\" content=\"182\" \/>\n\t<meta property=\"og:image:height\" content=\"123\" \/>\n\t<meta property=\"og:image:type\" content=\"image\/jpeg\" \/>\n<meta name=\"twitter:card\" content=\"summary_large_image\" \/>\n<meta name=\"twitter:label1\" content=\"Gesch\u00e4tzte Lesezeit\" \/>\n\t<meta name=\"twitter:data1\" content=\"2\u00a0Minuten\" \/>\n<script type=\"application\/ld+json\" class=\"yoast-schema-graph\">{\"@context\":\"https:\\\/\\\/schema.org\",\"@graph\":[{\"@type\":\"WebPage\",\"@id\":\"https:\\\/\\\/sysmatec.ch\\\/de\\\/produit\\\/zentrifuge-centrisart-d-16c\\\/\",\"url\":\"https:\\\/\\\/sysmatec.ch\\\/de\\\/produit\\\/zentrifuge-centrisart-d-16c\\\/\",\"name\":\"Zentrifuge Centrisart\u00ae D-16C - Sysmatec\",\"isPartOf\":{\"@id\":\"https:\\\/\\\/sysmatec.ch\\\/de\\\/#website\"},\"primaryImageOfPage\":{\"@id\":\"https:\\\/\\\/sysmatec.ch\\\/de\\\/produit\\\/zentrifuge-centrisart-d-16c\\\/#primaryimage\"},\"image\":{\"@id\":\"https:\\\/\\\/sysmatec.ch\\\/de\\\/produit\\\/zentrifuge-centrisart-d-16c\\\/#primaryimage\"},\"thumbnailUrl\":\"https:\\\/\\\/sysmatec.ch\\\/wp-content\\\/uploads\\\/2019\\\/01\\\/Centrifugeuse_SartoriusCentristartD16C.jpg\",\"datePublished\":\"2019-01-10T21:20:07+00:00\",\"dateModified\":\"2022-03-11T08:07:32+00:00\",\"description\":\"Gek\u00fchlte Zentrifuge verwendbar mit verschiedenen Rotoren f\u00fcr verschiedene R\u00f6hrchen. H\u00f6chstdrehzahl 15 300 U\\\/min.\",\"breadcrumb\":{\"@id\":\"https:\\\/\\\/sysmatec.ch\\\/de\\\/produit\\\/zentrifuge-centrisart-d-16c\\\/#breadcrumb\"},\"inLanguage\":\"de\",\"potentialAction\":[{\"@type\":\"ReadAction\",\"target\":[\"https:\\\/\\\/sysmatec.ch\\\/de\\\/produit\\\/zentrifuge-centrisart-d-16c\\\/\"]}]},{\"@type\":\"ImageObject\",\"inLanguage\":\"de\",\"@id\":\"https:\\\/\\\/sysmatec.ch\\\/de\\\/produit\\\/zentrifuge-centrisart-d-16c\\\/#primaryimage\",\"url\":\"https:\\\/\\\/sysmatec.ch\\\/wp-content\\\/uploads\\\/2019\\\/01\\\/Centrifugeuse_SartoriusCentristartD16C.jpg\",\"contentUrl\":\"https:\\\/\\\/sysmatec.ch\\\/wp-content\\\/uploads\\\/2019\\\/01\\\/Centrifugeuse_SartoriusCentristartD16C.jpg\",\"width\":182,\"height\":123},{\"@type\":\"BreadcrumbList\",\"@id\":\"https:\\\/\\\/sysmatec.ch\\\/de\\\/produit\\\/zentrifuge-centrisart-d-16c\\\/#breadcrumb\",\"itemListElement\":[{\"@type\":\"ListItem\",\"position\":1,\"name\":\"Accueil\",\"item\":\"https:\\\/\\\/sysmatec.ch\\\/de\\\/\"},{\"@type\":\"ListItem\",\"position\":2,\"name\":\"Die Aktivit\u00e4t von Sysmatec\",\"item\":\"https:\\\/\\\/sysmatec.ch\\\/de\\\/\"},{\"@type\":\"ListItem\",\"position\":3,\"name\":\"Zentrifuge Centrisart\u00ae D-16C\"}]},{\"@type\":\"WebSite\",\"@id\":\"https:\\\/\\\/sysmatec.ch\\\/de\\\/#website\",\"url\":\"https:\\\/\\\/sysmatec.ch\\\/de\\\/\",\"name\":\"Sysmatec\",\"description\":\"Equipement de laboratoire et logiciels\",\"publisher\":{\"@id\":\"https:\\\/\\\/sysmatec.ch\\\/de\\\/#organization\"},\"potentialAction\":[{\"@type\":\"SearchAction\",\"target\":{\"@type\":\"EntryPoint\",\"urlTemplate\":\"https:\\\/\\\/sysmatec.ch\\\/de\\\/?s={search_term_string}\"},\"query-input\":{\"@type\":\"PropertyValueSpecification\",\"valueRequired\":true,\"valueName\":\"search_term_string\"}}],\"inLanguage\":\"de\"},{\"@type\":\"Organization\",\"@id\":\"https:\\\/\\\/sysmatec.ch\\\/de\\\/#organization\",\"name\":\"Sysmatec\",\"url\":\"https:\\\/\\\/sysmatec.ch\\\/de\\\/\",\"logo\":{\"@type\":\"ImageObject\",\"inLanguage\":\"de\",\"@id\":\"https:\\\/\\\/sysmatec.ch\\\/de\\\/#\\\/schema\\\/logo\\\/image\\\/\",\"url\":\"https:\\\/\\\/sysmatec.ch\\\/wp-content\\\/uploads\\\/2018\\\/11\\\/LogoSysmatec.jpg\",\"contentUrl\":\"https:\\\/\\\/sysmatec.ch\\\/wp-content\\\/uploads\\\/2018\\\/11\\\/LogoSysmatec.jpg\",\"width\":301,\"height\":297,\"caption\":\"Sysmatec\"},\"image\":{\"@id\":\"https:\\\/\\\/sysmatec.ch\\\/de\\\/#\\\/schema\\\/logo\\\/image\\\/\"}}]}<\/script>\n<!-- \/ Yoast SEO plugin. -->","yoast_head_json":{"title":"Zentrifuge Centrisart\u00ae D-16C - Sysmatec","description":"Gek\u00fchlte Zentrifuge verwendbar mit verschiedenen Rotoren f\u00fcr verschiedene R\u00f6hrchen. H\u00f6chstdrehzahl 15 300 U\/min.","robots":{"index":"index","follow":"follow","max-snippet":"max-snippet:-1","max-image-preview":"max-image-preview:large","max-video-preview":"max-video-preview:-1"},"canonical":"https:\/\/sysmatec.ch\/de\/produit\/zentrifuge-centrisart-d-16c\/","og_locale":"de_DE","og_type":"article","og_title":"Zentrifuge Centrisart\u00ae D-16C - Sysmatec","og_description":"Gek\u00fchlte Zentrifuge verwendbar mit verschiedenen Rotoren f\u00fcr verschiedene R\u00f6hrchen. H\u00f6chstdrehzahl 15 300 U\/min.","og_url":"https:\/\/sysmatec.ch\/de\/produit\/zentrifuge-centrisart-d-16c\/","og_site_name":"Sysmatec","article_modified_time":"2022-03-11T08:07:32+00:00","og_image":[{"width":182,"height":123,"url":"https:\/\/sysmatec.ch\/wp-content\/uploads\/2019\/01\/Centrifugeuse_SartoriusCentristartD16C.jpg","type":"image\/jpeg"}],"twitter_card":"summary_large_image","twitter_misc":{"Gesch\u00e4tzte Lesezeit":"2\u00a0Minuten"},"schema":{"@context":"https:\/\/schema.org","@graph":[{"@type":"WebPage","@id":"https:\/\/sysmatec.ch\/de\/produit\/zentrifuge-centrisart-d-16c\/","url":"https:\/\/sysmatec.ch\/de\/produit\/zentrifuge-centrisart-d-16c\/","name":"Zentrifuge Centrisart\u00ae D-16C - Sysmatec","isPartOf":{"@id":"https:\/\/sysmatec.ch\/de\/#website"},"primaryImageOfPage":{"@id":"https:\/\/sysmatec.ch\/de\/produit\/zentrifuge-centrisart-d-16c\/#primaryimage"},"image":{"@id":"https:\/\/sysmatec.ch\/de\/produit\/zentrifuge-centrisart-d-16c\/#primaryimage"},"thumbnailUrl":"https:\/\/sysmatec.ch\/wp-content\/uploads\/2019\/01\/Centrifugeuse_SartoriusCentristartD16C.jpg","datePublished":"2019-01-10T21:20:07+00:00","dateModified":"2022-03-11T08:07:32+00:00","description":"Gek\u00fchlte Zentrifuge verwendbar mit verschiedenen Rotoren f\u00fcr verschiedene R\u00f6hrchen. H\u00f6chstdrehzahl 15 300 U\/min.","breadcrumb":{"@id":"https:\/\/sysmatec.ch\/de\/produit\/zentrifuge-centrisart-d-16c\/#breadcrumb"},"inLanguage":"de","potentialAction":[{"@type":"ReadAction","target":["https:\/\/sysmatec.ch\/de\/produit\/zentrifuge-centrisart-d-16c\/"]}]},{"@type":"ImageObject","inLanguage":"de","@id":"https:\/\/sysmatec.ch\/de\/produit\/zentrifuge-centrisart-d-16c\/#primaryimage","url":"https:\/\/sysmatec.ch\/wp-content\/uploads\/2019\/01\/Centrifugeuse_SartoriusCentristartD16C.jpg","contentUrl":"https:\/\/sysmatec.ch\/wp-content\/uploads\/2019\/01\/Centrifugeuse_SartoriusCentristartD16C.jpg","width":182,"height":123},{"@type":"BreadcrumbList","@id":"https:\/\/sysmatec.ch\/de\/produit\/zentrifuge-centrisart-d-16c\/#breadcrumb","itemListElement":[{"@type":"ListItem","position":1,"name":"Accueil","item":"https:\/\/sysmatec.ch\/de\/"},{"@type":"ListItem","position":2,"name":"Die Aktivit\u00e4t von Sysmatec","item":"https:\/\/sysmatec.ch\/de\/"},{"@type":"ListItem","position":3,"name":"Zentrifuge Centrisart\u00ae D-16C"}]},{"@type":"WebSite","@id":"https:\/\/sysmatec.ch\/de\/#website","url":"https:\/\/sysmatec.ch\/de\/","name":"Sysmatec","description":"Equipement de laboratoire et logiciels","publisher":{"@id":"https:\/\/sysmatec.ch\/de\/#organization"},"potentialAction":[{"@type":"SearchAction","target":{"@type":"EntryPoint","urlTemplate":"https:\/\/sysmatec.ch\/de\/?s={search_term_string}"},"query-input":{"@type":"PropertyValueSpecification","valueRequired":true,"valueName":"search_term_string"}}],"inLanguage":"de"},{"@type":"Organization","@id":"https:\/\/sysmatec.ch\/de\/#organization","name":"Sysmatec","url":"https:\/\/sysmatec.ch\/de\/","logo":{"@type":"ImageObject","inLanguage":"de","@id":"https:\/\/sysmatec.ch\/de\/#\/schema\/logo\/image\/","url":"https:\/\/sysmatec.ch\/wp-content\/uploads\/2018\/11\/LogoSysmatec.jpg","contentUrl":"https:\/\/sysmatec.ch\/wp-content\/uploads\/2018\/11\/LogoSysmatec.jpg","width":301,"height":297,"caption":"Sysmatec"},"image":{"@id":"https:\/\/sysmatec.ch\/de\/#\/schema\/logo\/image\/"}}]}},"_links":{"self":[{"href":"https:\/\/sysmatec.ch\/de\/wp-json\/wp\/v2\/product\/2303","targetHints":{"allow":["GET"]}}],"collection":[{"href":"https:\/\/sysmatec.ch\/de\/wp-json\/wp\/v2\/product"}],"about":[{"href":"https:\/\/sysmatec.ch\/de\/wp-json\/wp\/v2\/types\/product"}],"wp:featuredmedia":[{"embeddable":true,"href":"https:\/\/sysmatec.ch\/de\/wp-json\/wp\/v2\/media\/1199"}],"wp:attachment":[{"href":"https:\/\/sysmatec.ch\/de\/wp-json\/wp\/v2\/media?parent=2303"}],"wp:term":[{"taxonomy":"product_brand","embeddable":true,"href":"https:\/\/sysmatec.ch\/de\/wp-json\/wp\/v2\/product_brand?post=2303"},{"taxonomy":"product_cat","embeddable":true,"href":"https:\/\/sysmatec.ch\/de\/wp-json\/wp\/v2\/product_cat?post=2303"},{"taxonomy":"product_tag","embeddable":true,"href":"https:\/\/sysmatec.ch\/de\/wp-json\/wp\/v2\/product_tag?post=2303"}],"curies":[{"name":"wp","href":"https:\/\/api.w.org\/{rel}","templated":true}]}}