{"id":2299,"date":"2019-01-10T22:24:51","date_gmt":"2019-01-10T21:24:51","guid":{"rendered":"https:\/\/sysmatec.ch\/produit\/centrifugeuse-centrisart-g-16-et-centrisart-g-16c\/"},"modified":"2022-03-11T09:01:41","modified_gmt":"2022-03-11T08:01:41","slug":"zentrifuge-centrisart-g-16-und-centrisart-g-16c","status":"publish","type":"product","link":"https:\/\/sysmatec.ch\/de\/Produkt\/zentrifuge-centrisart-g-16-und-centrisart-g-16c\/","title":{"rendered":"Zentrifuge Centrisart\u00ae G-16 und Centrisart\u00ae G-16C"},"content":{"rendered":"<p>Die beiden Tischzentrifugen wurden speziell f\u00fcr Anwendungen mit hoher Kapazit\u00e4t entwickelt. Durch verschiedene Rotoroptionen k\u00f6nnen nahezu alle Gef\u00e4\u00dftypen f\u00fcr niedrigen bis hohen Durchsatz eingesetzt werden.<\/p>\n<p>Mit Ihrem hohen Fassungsverm\u00f6gen sind die beiden Zentrifugen echte Alles-k\u00f6nner. Sie k\u00f6nnen f\u00fcr beinahe jede Anwendung eingesetzt werden. Dank ihrer gro\u00dfen Programmspeicher haben Sie die M\u00f6glichkeit, gleich mehrere Programme zu hinterlegen und diese jederzeit wieder abzurufen. Ihre schoenenden Bremskurven bremsen Ihre Proben sanft ab und verhindern so ein Aufwirbeln der Probe. Vorteilhaft ist dies beispielsweise bei der Verwendung von Mikrotiterplatten.<\/p>\n<p>Die starke Kompressork\u00fchlung der Centrisart\u00ae G-16C sorgt f\u00fcr eine schnelle und exakte K\u00fchlung der Probe und sch\u00fctzt diese vor Erw\u00e4rmung.<\/p>\n<table border=\"1\" width=\"653\" cellspacing=\"2\" cellpadding=\"0\">\n<tbody>\n<tr>\n<td><\/td>\n<td>Centrisart\u00ae G-16<\/td>\n<td>Centrisart\u00ae G-16C<\/td>\n<\/tr>\n<tr>\n<td>Max. Drehzahl<\/td>\n<td>15 300 min-1<\/td>\n<td>15 300 min-1<\/td>\n<\/tr>\n<tr>\n<td>Max. Fassungsverm\u00f6gen<\/td>\n<td>4 x 400 mL<\/td>\n<td>4 x 400 mL<\/td>\n<\/tr>\n<tr>\n<td>Max. Schwerefeld<\/td>\n<td>21 460 g<\/td>\n<td>21 460 g<\/td>\n<\/tr>\n<tr>\n<td>Min. Drehzahl<\/td>\n<td>100 min-1<\/td>\n<td>100 min-1<\/td>\n<\/tr>\n<tr>\n<td>Motor<\/td>\n<td>Wartungsfreier, b\u00fcrstenloser Motor<\/td>\n<td>Wartungsfreier, b\u00fcrstenloser Motor<\/td>\n<\/tr>\n<tr>\n<td>Temperaturbereich<\/td>\n<td>&#8211;<\/td>\n<td>&#8211; 10 \u00b0C bis + 40 \u00b0C, mit 1 \u00b0C Schritten<\/td>\n<\/tr>\n<tr>\n<td>K\u00fchlmittel<\/td>\n<td><\/td>\n<td>FCKW-frei (R134a)<\/td>\n<\/tr>\n<tr>\n<td>Entriegelung<\/td>\n<td>Elektromechanisches Deckelschloss, automatische Entriegelung<\/td>\n<td>Elektromechanisches Deckelschloss, automatische Entriegelung<\/td>\n<\/tr>\n<tr>\n<td>Rotor<\/td>\n<td>Rotorerkennung f\u00fcr Festwinkelrotoren, Ausschwingrotoren<\/td>\n<td>Rotorerkennung f\u00fcr Festwinkelrotoren, Ausschwingrotoren<\/td>\n<\/tr>\n<tr>\n<td>Deckel<\/td>\n<td>Sichtfenster zur unabh\u00e4ngigen Drehzahlmessung, einfache Deckel\u00f6ffnung<\/td>\n<td>Sichtfenster zur unabh\u00e4ngigen Drehzahlmessung, einfache Deckel\u00f6ffnung<\/td>\n<\/tr>\n<tr>\n<td>Unwuchtsicherung<\/td>\n<td>Automatische Unwuchtkontrolle<\/td>\n<td>Automatische Unwuchtkontrolle<\/td>\n<\/tr>\n<tr>\n<td>Programme<\/td>\n<td>50<\/td>\n<td>50<\/td>\n<\/tr>\n<tr>\n<td>Abmessungen (B\u00d7 T \u00d7 H)<\/td>\n<td>460 \u00d7 600 \u00d7 355 mm<\/td>\n<td>630 \u00d7 600 \u00d7 355 mm<\/td>\n<\/tr>\n<tr>\n<td>H\u00f6he bei ge\u00f6ffneten Deckel<\/td>\n<td>785 mm<\/td>\n<td>785 mm<\/td>\n<\/tr>\n<tr>\n<td>Gewicht<\/td>\n<td>48 kg<\/td>\n<td>78 kg<\/td>\n<\/tr>\n<tr>\n<td>Ger\u00e4usch bei max. Drehzahl<\/td>\n<td>57 dB<\/td>\n<td>57 dB<\/td>\n<\/tr>\n<\/tbody>\n<\/table>\n<p>Zubeh\u00f6r<\/p>\n<p>A5B6x50mLSTG16: Winkelrotor 6 x 50 ml, f\u00fcr Gef\u00e4\u00dfe aus Kunststoff oder Edelstahl d 28.5 \u00d7 101,5 mm, mit Hermetikdeckel aus Aluminium<\/p>\n<p>A6B24x1.5mLRVG16: Winkelrotor f\u00fcr 24 x 1.5-2 ml Reaktionsgef\u00e4\u00dfe, mit Hermetikdeckel aus Aluminium<\/p>\n<p>A7B4x80mLSTG16: Winkelrotor 4 \u00d7 80 |85 ml, f\u00fcr Gef\u00e4\u00dfe aus Kunststoff oder Edelstahl d 38 \u00d7 103 mm, mit Hermetikdeckel aus Aluminium<\/p>\n<p>A8B6x85mLSTG16: Winkelrotor 6 \u00d7 85 ml f\u00fcr Gef\u00e4\u00dfe aus Kunststoff oder Edelstahl d 38 x 112 mm, mit Hermetikdeckel aus Aluminium<\/p>\n<p>S2B-G16: Ausschwingender Rotor, 4 Pl\u00e4tze, f\u00fcr Becher B8Bdia85mmS2B<\/p>\n<p>S6B-MT0002-G16: Komplettsatz \u2013 Ausschwingrotor einschliesslich Tr\u00e4gern f\u00fcr Mikrotiterplatten und Kappen. Max. H\u00f6he 55 mm; max. Beladung je Tr\u00e4ger 290 Gramm<\/p>\n<p>B8Bdia85mmS2B: Rundbecher, verschlie\u00dfbar mit Kappe, f\u00fcr Rundgestelle d 85 mm, A2Bxxxx bis A8Bxxxx, und 400 ml Flasche, max. Gef\u00e4\u00dfl\u00e4nge ca. 110 mm, 1 Set = 2 St\u00fcck<\/p>\n<p>C3B5x15mLCTB8B: Rundgestell f\u00fcr 5 Kulturr\u00f6hrchen 15 ml, max. d 23 mm, 1 Set = 2 St\u00fcck<\/p>\n<p>C4B3x50mLCTB8B: Rundgestell f\u00fcr 3 Kulturr\u00f6hrchen 50 ml, 1 Set = 2 St\u00fcck<\/p>\n<p>C5B1x250mLFBB8B: Rundgestell f\u00fcr 1 Flasche mit Flachboden ca. 250 ml, max. d 61.5 x 90 &#8211; 125 mm, 1 Set = 2 St\u00fcck<\/p>\n<p>C6B20x1.5mLRVB8B: Rundgestell f\u00fcr 20 Reaktionsgef\u00e4\u00dfe 1.5 | 2.0 ml, max. d 11 mm, 1 Set = 2 St\u00fcck<\/p>\n<p>C7B9x15mLCTB8B: Rundgestell f\u00fcr 9 Kulturr\u00f6hrchen 15 ml, Kappen, max. d 23 mm, 1 Set = 2 St\u00fcck<\/p>\n<p>C8B4x50mLCTB8B: Rundgestell f\u00fcr 4 Kulturr\u00f6hrchen 50 ml (ohne Kappen), 1 Set = 2 St\u00fcck<\/p>\n<p>YCLidB8B: Runde Verschlusskappe f\u00fcr Becher B8Bdia85mmS2B<\/p>\n<p>YCTTable-G-16C: Zentrifugen-Tisch aus lackiertem Stahlblech mit 2 T\u00fcren und Platz<\/p>\n<p>f\u00fcr Zubeh\u00f6r, fahrbar, mit feststellbaren Rollen B 650, T 647, H 497 mm<\/p>\n","protected":false},"excerpt":{"rendered":"<p>Tischzentrifuge 15 300 U\/min.<\/p>\n","protected":false},"featured_media":1199,"template":"","meta":{"_crdt_document":""},"product_brand":[],"product_cat":[145],"product_tag":[],"class_list":{"0":"post-2299","1":"product","2":"type-product","3":"status-publish","4":"has-post-thumbnail","6":"product_cat-zentrifuge","8":"first","9":"instock","10":"taxable","11":"shipping-taxable","12":"product-type-simple"},"yoast_head":"<!-- This site is optimized with the Yoast SEO plugin v27.4 - https:\/\/yoast.com\/product\/yoast-seo-wordpress\/ -->\n<title>Zentrifuge Centrisart\u00ae G-16 und Centrisart\u00ae G-16C - Sysmatec<\/title>\n<meta name=\"description\" content=\"Zentrifuge verwendbar mit unterschiedlichen Rotoren f\u00fcr unterschiedliche Gef\u00e4\u00dfe. H\u00f6chstdrehzahl 15.300 U\/min. Optionale K\u00fchlung.\" \/>\n<meta name=\"robots\" content=\"index, follow, max-snippet:-1, max-image-preview:large, max-video-preview:-1\" \/>\n<link rel=\"canonical\" href=\"https:\/\/sysmatec.ch\/de\/produit\/zentrifuge-centrisart-g-16-und-centrisart-g-16c\/\" \/>\n<meta property=\"og:locale\" content=\"de_DE\" \/>\n<meta property=\"og:type\" content=\"article\" \/>\n<meta property=\"og:title\" content=\"Zentrifuge Centrisart\u00ae G-16 und Centrisart\u00ae G-16C - Sysmatec\" \/>\n<meta property=\"og:description\" content=\"Zentrifuge verwendbar mit unterschiedlichen Rotoren f\u00fcr unterschiedliche Gef\u00e4\u00dfe. H\u00f6chstdrehzahl 15.300 U\/min. Optionale K\u00fchlung.\" \/>\n<meta property=\"og:url\" content=\"https:\/\/sysmatec.ch\/de\/produit\/zentrifuge-centrisart-g-16-und-centrisart-g-16c\/\" \/>\n<meta property=\"og:site_name\" content=\"Sysmatec\" \/>\n<meta property=\"article:modified_time\" content=\"2022-03-11T08:01:41+00:00\" \/>\n<meta property=\"og:image\" content=\"https:\/\/sysmatec.ch\/wp-content\/uploads\/2019\/01\/Centrifugeuse_SartoriusCentristartD16C.jpg\" \/>\n\t<meta property=\"og:image:width\" content=\"182\" \/>\n\t<meta property=\"og:image:height\" content=\"123\" \/>\n\t<meta property=\"og:image:type\" content=\"image\/jpeg\" \/>\n<meta name=\"twitter:card\" content=\"summary_large_image\" \/>\n<meta name=\"twitter:label1\" content=\"Gesch\u00e4tzte Lesezeit\" \/>\n\t<meta name=\"twitter:data1\" content=\"3\u00a0Minuten\" \/>\n<script type=\"application\/ld+json\" class=\"yoast-schema-graph\">{\"@context\":\"https:\\\/\\\/schema.org\",\"@graph\":[{\"@type\":\"WebPage\",\"@id\":\"https:\\\/\\\/sysmatec.ch\\\/de\\\/produit\\\/zentrifuge-centrisart-g-16-und-centrisart-g-16c\\\/\",\"url\":\"https:\\\/\\\/sysmatec.ch\\\/de\\\/produit\\\/zentrifuge-centrisart-g-16-und-centrisart-g-16c\\\/\",\"name\":\"Zentrifuge Centrisart\u00ae G-16 und Centrisart\u00ae G-16C - Sysmatec\",\"isPartOf\":{\"@id\":\"https:\\\/\\\/sysmatec.ch\\\/de\\\/#website\"},\"primaryImageOfPage\":{\"@id\":\"https:\\\/\\\/sysmatec.ch\\\/de\\\/produit\\\/zentrifuge-centrisart-g-16-und-centrisart-g-16c\\\/#primaryimage\"},\"image\":{\"@id\":\"https:\\\/\\\/sysmatec.ch\\\/de\\\/produit\\\/zentrifuge-centrisart-g-16-und-centrisart-g-16c\\\/#primaryimage\"},\"thumbnailUrl\":\"https:\\\/\\\/sysmatec.ch\\\/wp-content\\\/uploads\\\/2019\\\/01\\\/Centrifugeuse_SartoriusCentristartD16C.jpg\",\"datePublished\":\"2019-01-10T21:24:51+00:00\",\"dateModified\":\"2022-03-11T08:01:41+00:00\",\"description\":\"Zentrifuge verwendbar mit unterschiedlichen Rotoren f\u00fcr unterschiedliche Gef\u00e4\u00dfe. H\u00f6chstdrehzahl 15.300 U\\\/min. Optionale K\u00fchlung.\",\"breadcrumb\":{\"@id\":\"https:\\\/\\\/sysmatec.ch\\\/de\\\/produit\\\/zentrifuge-centrisart-g-16-und-centrisart-g-16c\\\/#breadcrumb\"},\"inLanguage\":\"de\",\"potentialAction\":[{\"@type\":\"ReadAction\",\"target\":[\"https:\\\/\\\/sysmatec.ch\\\/de\\\/produit\\\/zentrifuge-centrisart-g-16-und-centrisart-g-16c\\\/\"]}]},{\"@type\":\"ImageObject\",\"inLanguage\":\"de\",\"@id\":\"https:\\\/\\\/sysmatec.ch\\\/de\\\/produit\\\/zentrifuge-centrisart-g-16-und-centrisart-g-16c\\\/#primaryimage\",\"url\":\"https:\\\/\\\/sysmatec.ch\\\/wp-content\\\/uploads\\\/2019\\\/01\\\/Centrifugeuse_SartoriusCentristartD16C.jpg\",\"contentUrl\":\"https:\\\/\\\/sysmatec.ch\\\/wp-content\\\/uploads\\\/2019\\\/01\\\/Centrifugeuse_SartoriusCentristartD16C.jpg\",\"width\":182,\"height\":123},{\"@type\":\"BreadcrumbList\",\"@id\":\"https:\\\/\\\/sysmatec.ch\\\/de\\\/produit\\\/zentrifuge-centrisart-g-16-und-centrisart-g-16c\\\/#breadcrumb\",\"itemListElement\":[{\"@type\":\"ListItem\",\"position\":1,\"name\":\"Accueil\",\"item\":\"https:\\\/\\\/sysmatec.ch\\\/de\\\/\"},{\"@type\":\"ListItem\",\"position\":2,\"name\":\"Die Aktivit\u00e4t von Sysmatec\",\"item\":\"https:\\\/\\\/sysmatec.ch\\\/de\\\/\"},{\"@type\":\"ListItem\",\"position\":3,\"name\":\"Zentrifuge Centrisart\u00ae G-16 und Centrisart\u00ae G-16C\"}]},{\"@type\":\"WebSite\",\"@id\":\"https:\\\/\\\/sysmatec.ch\\\/de\\\/#website\",\"url\":\"https:\\\/\\\/sysmatec.ch\\\/de\\\/\",\"name\":\"Sysmatec\",\"description\":\"Equipement de laboratoire et logiciels\",\"publisher\":{\"@id\":\"https:\\\/\\\/sysmatec.ch\\\/de\\\/#organization\"},\"potentialAction\":[{\"@type\":\"SearchAction\",\"target\":{\"@type\":\"EntryPoint\",\"urlTemplate\":\"https:\\\/\\\/sysmatec.ch\\\/de\\\/?s={search_term_string}\"},\"query-input\":{\"@type\":\"PropertyValueSpecification\",\"valueRequired\":true,\"valueName\":\"search_term_string\"}}],\"inLanguage\":\"de\"},{\"@type\":\"Organization\",\"@id\":\"https:\\\/\\\/sysmatec.ch\\\/de\\\/#organization\",\"name\":\"Sysmatec\",\"url\":\"https:\\\/\\\/sysmatec.ch\\\/de\\\/\",\"logo\":{\"@type\":\"ImageObject\",\"inLanguage\":\"de\",\"@id\":\"https:\\\/\\\/sysmatec.ch\\\/de\\\/#\\\/schema\\\/logo\\\/image\\\/\",\"url\":\"https:\\\/\\\/sysmatec.ch\\\/wp-content\\\/uploads\\\/2018\\\/11\\\/LogoSysmatec.jpg\",\"contentUrl\":\"https:\\\/\\\/sysmatec.ch\\\/wp-content\\\/uploads\\\/2018\\\/11\\\/LogoSysmatec.jpg\",\"width\":301,\"height\":297,\"caption\":\"Sysmatec\"},\"image\":{\"@id\":\"https:\\\/\\\/sysmatec.ch\\\/de\\\/#\\\/schema\\\/logo\\\/image\\\/\"}}]}<\/script>\n<!-- \/ Yoast SEO plugin. -->","yoast_head_json":{"title":"Zentrifuge Centrisart\u00ae G-16 und Centrisart\u00ae G-16C - Sysmatec","description":"Zentrifuge verwendbar mit unterschiedlichen Rotoren f\u00fcr unterschiedliche Gef\u00e4\u00dfe. H\u00f6chstdrehzahl 15.300 U\/min. Optionale K\u00fchlung.","robots":{"index":"index","follow":"follow","max-snippet":"max-snippet:-1","max-image-preview":"max-image-preview:large","max-video-preview":"max-video-preview:-1"},"canonical":"https:\/\/sysmatec.ch\/de\/produit\/zentrifuge-centrisart-g-16-und-centrisart-g-16c\/","og_locale":"de_DE","og_type":"article","og_title":"Zentrifuge Centrisart\u00ae G-16 und Centrisart\u00ae G-16C - Sysmatec","og_description":"Zentrifuge verwendbar mit unterschiedlichen Rotoren f\u00fcr unterschiedliche Gef\u00e4\u00dfe. H\u00f6chstdrehzahl 15.300 U\/min. Optionale K\u00fchlung.","og_url":"https:\/\/sysmatec.ch\/de\/produit\/zentrifuge-centrisart-g-16-und-centrisart-g-16c\/","og_site_name":"Sysmatec","article_modified_time":"2022-03-11T08:01:41+00:00","og_image":[{"width":182,"height":123,"url":"https:\/\/sysmatec.ch\/wp-content\/uploads\/2019\/01\/Centrifugeuse_SartoriusCentristartD16C.jpg","type":"image\/jpeg"}],"twitter_card":"summary_large_image","twitter_misc":{"Gesch\u00e4tzte Lesezeit":"3\u00a0Minuten"},"schema":{"@context":"https:\/\/schema.org","@graph":[{"@type":"WebPage","@id":"https:\/\/sysmatec.ch\/de\/produit\/zentrifuge-centrisart-g-16-und-centrisart-g-16c\/","url":"https:\/\/sysmatec.ch\/de\/produit\/zentrifuge-centrisart-g-16-und-centrisart-g-16c\/","name":"Zentrifuge Centrisart\u00ae G-16 und Centrisart\u00ae G-16C - Sysmatec","isPartOf":{"@id":"https:\/\/sysmatec.ch\/de\/#website"},"primaryImageOfPage":{"@id":"https:\/\/sysmatec.ch\/de\/produit\/zentrifuge-centrisart-g-16-und-centrisart-g-16c\/#primaryimage"},"image":{"@id":"https:\/\/sysmatec.ch\/de\/produit\/zentrifuge-centrisart-g-16-und-centrisart-g-16c\/#primaryimage"},"thumbnailUrl":"https:\/\/sysmatec.ch\/wp-content\/uploads\/2019\/01\/Centrifugeuse_SartoriusCentristartD16C.jpg","datePublished":"2019-01-10T21:24:51+00:00","dateModified":"2022-03-11T08:01:41+00:00","description":"Zentrifuge verwendbar mit unterschiedlichen Rotoren f\u00fcr unterschiedliche Gef\u00e4\u00dfe. H\u00f6chstdrehzahl 15.300 U\/min. Optionale K\u00fchlung.","breadcrumb":{"@id":"https:\/\/sysmatec.ch\/de\/produit\/zentrifuge-centrisart-g-16-und-centrisart-g-16c\/#breadcrumb"},"inLanguage":"de","potentialAction":[{"@type":"ReadAction","target":["https:\/\/sysmatec.ch\/de\/produit\/zentrifuge-centrisart-g-16-und-centrisart-g-16c\/"]}]},{"@type":"ImageObject","inLanguage":"de","@id":"https:\/\/sysmatec.ch\/de\/produit\/zentrifuge-centrisart-g-16-und-centrisart-g-16c\/#primaryimage","url":"https:\/\/sysmatec.ch\/wp-content\/uploads\/2019\/01\/Centrifugeuse_SartoriusCentristartD16C.jpg","contentUrl":"https:\/\/sysmatec.ch\/wp-content\/uploads\/2019\/01\/Centrifugeuse_SartoriusCentristartD16C.jpg","width":182,"height":123},{"@type":"BreadcrumbList","@id":"https:\/\/sysmatec.ch\/de\/produit\/zentrifuge-centrisart-g-16-und-centrisart-g-16c\/#breadcrumb","itemListElement":[{"@type":"ListItem","position":1,"name":"Accueil","item":"https:\/\/sysmatec.ch\/de\/"},{"@type":"ListItem","position":2,"name":"Die Aktivit\u00e4t von Sysmatec","item":"https:\/\/sysmatec.ch\/de\/"},{"@type":"ListItem","position":3,"name":"Zentrifuge Centrisart\u00ae G-16 und Centrisart\u00ae G-16C"}]},{"@type":"WebSite","@id":"https:\/\/sysmatec.ch\/de\/#website","url":"https:\/\/sysmatec.ch\/de\/","name":"Sysmatec","description":"Equipement de laboratoire et logiciels","publisher":{"@id":"https:\/\/sysmatec.ch\/de\/#organization"},"potentialAction":[{"@type":"SearchAction","target":{"@type":"EntryPoint","urlTemplate":"https:\/\/sysmatec.ch\/de\/?s={search_term_string}"},"query-input":{"@type":"PropertyValueSpecification","valueRequired":true,"valueName":"search_term_string"}}],"inLanguage":"de"},{"@type":"Organization","@id":"https:\/\/sysmatec.ch\/de\/#organization","name":"Sysmatec","url":"https:\/\/sysmatec.ch\/de\/","logo":{"@type":"ImageObject","inLanguage":"de","@id":"https:\/\/sysmatec.ch\/de\/#\/schema\/logo\/image\/","url":"https:\/\/sysmatec.ch\/wp-content\/uploads\/2018\/11\/LogoSysmatec.jpg","contentUrl":"https:\/\/sysmatec.ch\/wp-content\/uploads\/2018\/11\/LogoSysmatec.jpg","width":301,"height":297,"caption":"Sysmatec"},"image":{"@id":"https:\/\/sysmatec.ch\/de\/#\/schema\/logo\/image\/"}}]}},"_links":{"self":[{"href":"https:\/\/sysmatec.ch\/de\/wp-json\/wp\/v2\/product\/2299","targetHints":{"allow":["GET"]}}],"collection":[{"href":"https:\/\/sysmatec.ch\/de\/wp-json\/wp\/v2\/product"}],"about":[{"href":"https:\/\/sysmatec.ch\/de\/wp-json\/wp\/v2\/types\/product"}],"wp:featuredmedia":[{"embeddable":true,"href":"https:\/\/sysmatec.ch\/de\/wp-json\/wp\/v2\/media\/1199"}],"wp:attachment":[{"href":"https:\/\/sysmatec.ch\/de\/wp-json\/wp\/v2\/media?parent=2299"}],"wp:term":[{"taxonomy":"product_brand","embeddable":true,"href":"https:\/\/sysmatec.ch\/de\/wp-json\/wp\/v2\/product_brand?post=2299"},{"taxonomy":"product_cat","embeddable":true,"href":"https:\/\/sysmatec.ch\/de\/wp-json\/wp\/v2\/product_cat?post=2299"},{"taxonomy":"product_tag","embeddable":true,"href":"https:\/\/sysmatec.ch\/de\/wp-json\/wp\/v2\/product_tag?post=2299"}],"curies":[{"name":"wp","href":"https:\/\/api.w.org\/{rel}","templated":true}]}}