{"id":2296,"date":"2019-01-10T22:26:11","date_gmt":"2019-01-10T21:26:11","guid":{"rendered":"https:\/\/sysmatec.ch\/produit\/centrifugeuse-centrisart-g-26c\/"},"modified":"2022-03-11T08:57:58","modified_gmt":"2022-03-11T07:57:58","slug":"zentrifuge-centrisart-g-26c","status":"publish","type":"product","link":"https:\/\/sysmatec.ch\/de\/Produkt\/zentrifuge-centrisart-g-26c\/","title":{"rendered":"Gek\u00fchlte Zentrifuge Centrisart\u00ae G-26C"},"content":{"rendered":"<p>Diese K\u00fchlzentrifuge erreicht ein Schwerefeld von bis zu 62 000 g und schlie\u00dft hier auf die Ultrazentrifugen auf. Damit ist sie ideal f\u00fcr Hochgeschwindigkeits-Anwendungen. Durch verschiedene Rotoroptionen k\u00f6nnen nahezu alle Gef\u00e4\u00dftypen f\u00fcr niedrigen bis hohen Durchsatz eingesetzt werden. Auch Anwendungen aus dem Bereich Zellkultur oder Mikrobiologie lassen sich mit dieser Zentrifuge ausf\u00fchren.<\/p>\n<ul>\n<li type=\"disc\">Max. Drehzahl: 30.000 min -1<\/li>\n<li type=\"disc\">Max. Fassungsverm\u00f6gen: 6 x 85 ml<\/li>\n<li type=\"disc\">Max. Schwerefeld: 61 973 g<\/li>\n<li type=\"disc\">Min. Drehzahl: 100 min-1<\/li>\n<li type=\"disc\">Temperaturbereich: &#8211; 20 \u00b0C bis + 40 \u00b0C<\/li>\n<li type=\"disc\">Temperaturschritte: in 1\u00b0C Schritten einstellbar<\/li>\n<li type=\"disc\">Schnellk\u00fchlung: Schnellk\u00fchlprogramm, K\u00fchlung des Rotors auch im Stillstand m\u00f6glich<\/li>\n<li type=\"disc\">K\u00fchlmittel: FCKW-frei (R404a)<\/li>\n<li type=\"disc\">Motor: Wartungsfreier, b\u00fcrstenloser Motor<\/li>\n<li type=\"disc\">Signal: Akustische Signal, abschaltbar, Signall\u00e4nge einstellbar<\/li>\n<li type=\"disc\">Entriegelung: Motorisches Deckelschloss, automatische Entriegelung<\/li>\n<li type=\"disc\">Deckel: Sichtfenster zur unabh\u00e4ngigen Drehzahlmessung, einfache Deckel\u00f6ffnung<\/li>\n<li type=\"disc\">Rotor: Rotorerkennung f\u00fcr Festwinkelrotoren, Ausschwingrotoren<\/li>\n<li type=\"disc\">Rotorraum: Rostfreier Edelstahl<\/li>\n<li type=\"disc\">Unwuchtsicherung: Automatische Unwuchtkontrolle<\/li>\n<li type=\"disc\">Timer: 10 Sek. \u2013 99 min., Kurzlauf \/ Dauerlauf<\/li>\n<li type=\"disc\">Programme: 60<\/li>\n<li type=\"disc\">Beschleunigungskurven: 10, linear, quadratisch, frei definierbar<\/li>\n<li type=\"disc\">Bremskurven: 10, linear, quadratisch, frei definierbar<\/li>\n<li type=\"disc\">Rotor Sicherheit: automatische Rotorerkennung, Zyklenz\u00e4hlung der Rotoren<\/li>\n<li type=\"disc\">Abmessungen (B x T x H): 570 x 616 x 460 mm<\/li>\n<li type=\"disc\">H\u00f6he bei ge\u00f6ffnetem Deckel: 890 mm<\/li>\n<li type=\"disc\">Gewicht: 100 kg<\/li>\n<li type=\"disc\">Ger\u00e4usch bei max. Drehzahl: &lt;63 dB<\/li>\n<\/ul>\n<p>Zubeh\u00f6r<\/p>\n<p>A5B6x50mLSTG16: Winkelrotor 6 x 50 ml, f\u00fcr Gef\u00e4\u00dfe aus Kunststoff oder Edelstahl d 28.5 x 101.5 mm, mit Hermetikdeckel aus Aluminium<\/p>\n<p>A6B24x1.5mLRVG16: Winkelrotor f\u00fcr 24 x 1.5-2 ml Reaktionsgef\u00e4\u00dfe, mit Hermetikdeckel aus Aluminium<\/p>\n<p>A7B4x80mLSTG16: Winkelrotor 4 x 80\/85 ml, f\u00fcr Gef\u00e4\u00dfe aus Kunststoff oder Edelstahl d 38 x 103 mm, mit Hermetikdeckel aus Aluminium<\/p>\n<p>A8B6x85mLSTG16: Winkelrotor 6 x 85 ml f\u00fcr Gef\u00e4\u00dfe aus Kunststoff oder Edelstahl d 38 x 112 mm, mit Hermetikdeckel aus Aluminium<\/p>\n<p>S3B-G26: Ausschwingender Rotor, 4 Pl\u00e4tze, f\u00fcr Becher B9Bdia45mmS3B<\/p>\n<p>B9Bdia45mmS3B: Rundbecher, verschlie\u00dfbar mit Kappe, 1 Set = 2 St\u00fcck<\/p>\n<p>R9B1x50mLCTB9B: Rundgestell f\u00fcr ein Kulturgef\u00e4\u00df 50 ml, 1 Set = 2 St\u00fcck<\/p>\n<p>R0B1x50mLCTB9B: Rundgestell f\u00fcr zwei Kulturgef\u00e4\u00dfe 15 ml, nur ohne Kappe, 1 Set = 2 St\u00fcck<\/p>\n<p>RAB4x1.5mLRVB9B: Rundgestell f\u00fcr 4 Reaktionsgef\u00e4\u00dfe 1,5 | 2,0 ml, max. d 11 mm, 1 Set = 2 St\u00fcck<\/p>\n<p>RBB1x30mLFBB9B: Rundgestell f\u00fcr Stehrand- oder Flachbodengef\u00e4\u00dfe 30 ml, max. d 25 \/ 31 x 65\u201395 mm, 1 Set = 2 St\u00fcck<\/p>\n<p>RCB3x5mLEPB9B: Rundgestell f\u00fcr 3 x 5 ml Reaktionsgef\u00e4\u00dfe, 1 Set = 2 St\u00fcck<\/p>\n<p>YCTTable-G-26C: Zentrifugen-Tisch aus lackiertem Stahlblech mit 2 T\u00fcren und Platz f\u00fcr Zubeh\u00f6r, fahrbar, mit feststellbaren Rollen B 570, T 616, H 481 mm<\/p>\n","protected":false},"excerpt":{"rendered":"<p>Gek\u00fchlte Zentrifuge<\/p>\n","protected":false},"featured_media":1203,"template":"","meta":{"_crdt_document":""},"product_brand":[],"product_cat":[145],"product_tag":[],"class_list":{"0":"post-2296","1":"product","2":"type-product","3":"status-publish","4":"has-post-thumbnail","6":"product_cat-zentrifuge","8":"first","9":"instock","10":"taxable","11":"shipping-taxable","12":"product-type-simple"},"yoast_head":"<!-- This site is optimized with the Yoast SEO plugin v27.3 - https:\/\/yoast.com\/product\/yoast-seo-wordpress\/ -->\n<title>Gek\u00fchlte Zentrifuge Centrisart\u00ae G-26C - Sysmatec<\/title>\n<meta name=\"description\" content=\"Gek\u00fchlte Zentrifuge verwendbar mit verschiedenen Rotoren f\u00fcr verschiedene R\u00f6hrchen. H\u00f6chstdrehzahl 26 000 U\/min.\" \/>\n<meta name=\"robots\" content=\"index, follow, max-snippet:-1, max-image-preview:large, max-video-preview:-1\" \/>\n<link rel=\"canonical\" href=\"https:\/\/sysmatec.ch\/de\/produit\/zentrifuge-centrisart-g-26c\/\" \/>\n<meta property=\"og:locale\" content=\"de_DE\" \/>\n<meta property=\"og:type\" content=\"article\" \/>\n<meta property=\"og:title\" content=\"Gek\u00fchlte Zentrifuge Centrisart\u00ae G-26C - Sysmatec\" \/>\n<meta property=\"og:description\" content=\"Gek\u00fchlte Zentrifuge verwendbar mit verschiedenen Rotoren f\u00fcr verschiedene R\u00f6hrchen. H\u00f6chstdrehzahl 26 000 U\/min.\" \/>\n<meta property=\"og:url\" content=\"https:\/\/sysmatec.ch\/de\/produit\/zentrifuge-centrisart-g-26c\/\" \/>\n<meta property=\"og:site_name\" content=\"Sysmatec\" \/>\n<meta property=\"article:modified_time\" content=\"2022-03-11T07:57:58+00:00\" \/>\n<meta property=\"og:image\" content=\"https:\/\/sysmatec.ch\/wp-content\/uploads\/2019\/01\/Centrifugeuse_SartoriusCentrisartG26C.jpg\" \/>\n\t<meta property=\"og:image:width\" content=\"183\" \/>\n\t<meta property=\"og:image:height\" content=\"129\" \/>\n\t<meta property=\"og:image:type\" content=\"image\/jpeg\" \/>\n<meta name=\"twitter:card\" content=\"summary_large_image\" \/>\n<meta name=\"twitter:label1\" content=\"Gesch\u00e4tzte Lesezeit\" \/>\n\t<meta name=\"twitter:data1\" content=\"2\u00a0Minuten\" \/>\n<script type=\"application\/ld+json\" class=\"yoast-schema-graph\">{\"@context\":\"https:\\\/\\\/schema.org\",\"@graph\":[{\"@type\":\"WebPage\",\"@id\":\"https:\\\/\\\/sysmatec.ch\\\/de\\\/produit\\\/zentrifuge-centrisart-g-26c\\\/\",\"url\":\"https:\\\/\\\/sysmatec.ch\\\/de\\\/produit\\\/zentrifuge-centrisart-g-26c\\\/\",\"name\":\"Gek\u00fchlte Zentrifuge Centrisart\u00ae G-26C - Sysmatec\",\"isPartOf\":{\"@id\":\"https:\\\/\\\/sysmatec.ch\\\/de\\\/#website\"},\"primaryImageOfPage\":{\"@id\":\"https:\\\/\\\/sysmatec.ch\\\/de\\\/produit\\\/zentrifuge-centrisart-g-26c\\\/#primaryimage\"},\"image\":{\"@id\":\"https:\\\/\\\/sysmatec.ch\\\/de\\\/produit\\\/zentrifuge-centrisart-g-26c\\\/#primaryimage\"},\"thumbnailUrl\":\"https:\\\/\\\/sysmatec.ch\\\/wp-content\\\/uploads\\\/2019\\\/01\\\/Centrifugeuse_SartoriusCentrisartG26C.jpg\",\"datePublished\":\"2019-01-10T21:26:11+00:00\",\"dateModified\":\"2022-03-11T07:57:58+00:00\",\"description\":\"Gek\u00fchlte Zentrifuge verwendbar mit verschiedenen Rotoren f\u00fcr verschiedene R\u00f6hrchen. H\u00f6chstdrehzahl 26 000 U\\\/min.\",\"breadcrumb\":{\"@id\":\"https:\\\/\\\/sysmatec.ch\\\/de\\\/produit\\\/zentrifuge-centrisart-g-26c\\\/#breadcrumb\"},\"inLanguage\":\"de\",\"potentialAction\":[{\"@type\":\"ReadAction\",\"target\":[\"https:\\\/\\\/sysmatec.ch\\\/de\\\/produit\\\/zentrifuge-centrisart-g-26c\\\/\"]}]},{\"@type\":\"ImageObject\",\"inLanguage\":\"de\",\"@id\":\"https:\\\/\\\/sysmatec.ch\\\/de\\\/produit\\\/zentrifuge-centrisart-g-26c\\\/#primaryimage\",\"url\":\"https:\\\/\\\/sysmatec.ch\\\/wp-content\\\/uploads\\\/2019\\\/01\\\/Centrifugeuse_SartoriusCentrisartG26C.jpg\",\"contentUrl\":\"https:\\\/\\\/sysmatec.ch\\\/wp-content\\\/uploads\\\/2019\\\/01\\\/Centrifugeuse_SartoriusCentrisartG26C.jpg\",\"width\":183,\"height\":129},{\"@type\":\"BreadcrumbList\",\"@id\":\"https:\\\/\\\/sysmatec.ch\\\/de\\\/produit\\\/zentrifuge-centrisart-g-26c\\\/#breadcrumb\",\"itemListElement\":[{\"@type\":\"ListItem\",\"position\":1,\"name\":\"Accueil\",\"item\":\"https:\\\/\\\/sysmatec.ch\\\/de\\\/\"},{\"@type\":\"ListItem\",\"position\":2,\"name\":\"Die Aktivit\u00e4t von Sysmatec\",\"item\":\"https:\\\/\\\/sysmatec.ch\\\/de\\\/\"},{\"@type\":\"ListItem\",\"position\":3,\"name\":\"Gek\u00fchlte Zentrifuge Centrisart\u00ae G-26C\"}]},{\"@type\":\"WebSite\",\"@id\":\"https:\\\/\\\/sysmatec.ch\\\/de\\\/#website\",\"url\":\"https:\\\/\\\/sysmatec.ch\\\/de\\\/\",\"name\":\"Sysmatec\",\"description\":\"Equipement de laboratoire et logiciels\",\"publisher\":{\"@id\":\"https:\\\/\\\/sysmatec.ch\\\/de\\\/#organization\"},\"potentialAction\":[{\"@type\":\"SearchAction\",\"target\":{\"@type\":\"EntryPoint\",\"urlTemplate\":\"https:\\\/\\\/sysmatec.ch\\\/de\\\/?s={search_term_string}\"},\"query-input\":{\"@type\":\"PropertyValueSpecification\",\"valueRequired\":true,\"valueName\":\"search_term_string\"}}],\"inLanguage\":\"de\"},{\"@type\":\"Organization\",\"@id\":\"https:\\\/\\\/sysmatec.ch\\\/de\\\/#organization\",\"name\":\"Sysmatec\",\"url\":\"https:\\\/\\\/sysmatec.ch\\\/de\\\/\",\"logo\":{\"@type\":\"ImageObject\",\"inLanguage\":\"de\",\"@id\":\"https:\\\/\\\/sysmatec.ch\\\/de\\\/#\\\/schema\\\/logo\\\/image\\\/\",\"url\":\"https:\\\/\\\/sysmatec.ch\\\/wp-content\\\/uploads\\\/2018\\\/11\\\/LogoSysmatec.jpg\",\"contentUrl\":\"https:\\\/\\\/sysmatec.ch\\\/wp-content\\\/uploads\\\/2018\\\/11\\\/LogoSysmatec.jpg\",\"width\":301,\"height\":297,\"caption\":\"Sysmatec\"},\"image\":{\"@id\":\"https:\\\/\\\/sysmatec.ch\\\/de\\\/#\\\/schema\\\/logo\\\/image\\\/\"}}]}<\/script>\n<!-- \/ Yoast SEO plugin. -->","yoast_head_json":{"title":"Gek\u00fchlte Zentrifuge Centrisart\u00ae G-26C - Sysmatec","description":"Gek\u00fchlte Zentrifuge verwendbar mit verschiedenen Rotoren f\u00fcr verschiedene R\u00f6hrchen. H\u00f6chstdrehzahl 26 000 U\/min.","robots":{"index":"index","follow":"follow","max-snippet":"max-snippet:-1","max-image-preview":"max-image-preview:large","max-video-preview":"max-video-preview:-1"},"canonical":"https:\/\/sysmatec.ch\/de\/produit\/zentrifuge-centrisart-g-26c\/","og_locale":"de_DE","og_type":"article","og_title":"Gek\u00fchlte Zentrifuge Centrisart\u00ae G-26C - Sysmatec","og_description":"Gek\u00fchlte Zentrifuge verwendbar mit verschiedenen Rotoren f\u00fcr verschiedene R\u00f6hrchen. H\u00f6chstdrehzahl 26 000 U\/min.","og_url":"https:\/\/sysmatec.ch\/de\/produit\/zentrifuge-centrisart-g-26c\/","og_site_name":"Sysmatec","article_modified_time":"2022-03-11T07:57:58+00:00","og_image":[{"width":183,"height":129,"url":"https:\/\/sysmatec.ch\/wp-content\/uploads\/2019\/01\/Centrifugeuse_SartoriusCentrisartG26C.jpg","type":"image\/jpeg"}],"twitter_card":"summary_large_image","twitter_misc":{"Gesch\u00e4tzte Lesezeit":"2\u00a0Minuten"},"schema":{"@context":"https:\/\/schema.org","@graph":[{"@type":"WebPage","@id":"https:\/\/sysmatec.ch\/de\/produit\/zentrifuge-centrisart-g-26c\/","url":"https:\/\/sysmatec.ch\/de\/produit\/zentrifuge-centrisart-g-26c\/","name":"Gek\u00fchlte Zentrifuge Centrisart\u00ae G-26C - Sysmatec","isPartOf":{"@id":"https:\/\/sysmatec.ch\/de\/#website"},"primaryImageOfPage":{"@id":"https:\/\/sysmatec.ch\/de\/produit\/zentrifuge-centrisart-g-26c\/#primaryimage"},"image":{"@id":"https:\/\/sysmatec.ch\/de\/produit\/zentrifuge-centrisart-g-26c\/#primaryimage"},"thumbnailUrl":"https:\/\/sysmatec.ch\/wp-content\/uploads\/2019\/01\/Centrifugeuse_SartoriusCentrisartG26C.jpg","datePublished":"2019-01-10T21:26:11+00:00","dateModified":"2022-03-11T07:57:58+00:00","description":"Gek\u00fchlte Zentrifuge verwendbar mit verschiedenen Rotoren f\u00fcr verschiedene R\u00f6hrchen. H\u00f6chstdrehzahl 26 000 U\/min.","breadcrumb":{"@id":"https:\/\/sysmatec.ch\/de\/produit\/zentrifuge-centrisart-g-26c\/#breadcrumb"},"inLanguage":"de","potentialAction":[{"@type":"ReadAction","target":["https:\/\/sysmatec.ch\/de\/produit\/zentrifuge-centrisart-g-26c\/"]}]},{"@type":"ImageObject","inLanguage":"de","@id":"https:\/\/sysmatec.ch\/de\/produit\/zentrifuge-centrisart-g-26c\/#primaryimage","url":"https:\/\/sysmatec.ch\/wp-content\/uploads\/2019\/01\/Centrifugeuse_SartoriusCentrisartG26C.jpg","contentUrl":"https:\/\/sysmatec.ch\/wp-content\/uploads\/2019\/01\/Centrifugeuse_SartoriusCentrisartG26C.jpg","width":183,"height":129},{"@type":"BreadcrumbList","@id":"https:\/\/sysmatec.ch\/de\/produit\/zentrifuge-centrisart-g-26c\/#breadcrumb","itemListElement":[{"@type":"ListItem","position":1,"name":"Accueil","item":"https:\/\/sysmatec.ch\/de\/"},{"@type":"ListItem","position":2,"name":"Die Aktivit\u00e4t von Sysmatec","item":"https:\/\/sysmatec.ch\/de\/"},{"@type":"ListItem","position":3,"name":"Gek\u00fchlte Zentrifuge Centrisart\u00ae G-26C"}]},{"@type":"WebSite","@id":"https:\/\/sysmatec.ch\/de\/#website","url":"https:\/\/sysmatec.ch\/de\/","name":"Sysmatec","description":"Equipement de laboratoire et logiciels","publisher":{"@id":"https:\/\/sysmatec.ch\/de\/#organization"},"potentialAction":[{"@type":"SearchAction","target":{"@type":"EntryPoint","urlTemplate":"https:\/\/sysmatec.ch\/de\/?s={search_term_string}"},"query-input":{"@type":"PropertyValueSpecification","valueRequired":true,"valueName":"search_term_string"}}],"inLanguage":"de"},{"@type":"Organization","@id":"https:\/\/sysmatec.ch\/de\/#organization","name":"Sysmatec","url":"https:\/\/sysmatec.ch\/de\/","logo":{"@type":"ImageObject","inLanguage":"de","@id":"https:\/\/sysmatec.ch\/de\/#\/schema\/logo\/image\/","url":"https:\/\/sysmatec.ch\/wp-content\/uploads\/2018\/11\/LogoSysmatec.jpg","contentUrl":"https:\/\/sysmatec.ch\/wp-content\/uploads\/2018\/11\/LogoSysmatec.jpg","width":301,"height":297,"caption":"Sysmatec"},"image":{"@id":"https:\/\/sysmatec.ch\/de\/#\/schema\/logo\/image\/"}}]}},"_links":{"self":[{"href":"https:\/\/sysmatec.ch\/de\/wp-json\/wp\/v2\/product\/2296","targetHints":{"allow":["GET"]}}],"collection":[{"href":"https:\/\/sysmatec.ch\/de\/wp-json\/wp\/v2\/product"}],"about":[{"href":"https:\/\/sysmatec.ch\/de\/wp-json\/wp\/v2\/types\/product"}],"wp:featuredmedia":[{"embeddable":true,"href":"https:\/\/sysmatec.ch\/de\/wp-json\/wp\/v2\/media\/1203"}],"wp:attachment":[{"href":"https:\/\/sysmatec.ch\/de\/wp-json\/wp\/v2\/media?parent=2296"}],"wp:term":[{"taxonomy":"product_brand","embeddable":true,"href":"https:\/\/sysmatec.ch\/de\/wp-json\/wp\/v2\/product_brand?post=2296"},{"taxonomy":"product_cat","embeddable":true,"href":"https:\/\/sysmatec.ch\/de\/wp-json\/wp\/v2\/product_cat?post=2296"},{"taxonomy":"product_tag","embeddable":true,"href":"https:\/\/sysmatec.ch\/de\/wp-json\/wp\/v2\/product_tag?post=2296"}],"curies":[{"name":"wp","href":"https:\/\/api.w.org\/{rel}","templated":true}]}}