{"id":2294,"date":"2019-01-10T22:28:12","date_gmt":"2019-01-10T21:28:12","guid":{"rendered":"https:\/\/sysmatec.ch\/produit\/centrifugeuse-refrigeree-capprondo\/"},"modified":"2022-03-11T08:53:31","modified_gmt":"2022-03-11T07:53:31","slug":"kuehlzentrifuge-capprondo","status":"publish","type":"product","link":"https:\/\/sysmatec.ch\/de\/Produkt\/kuehlzentrifuge-capprondo\/","title":{"rendered":"K\u00fchlzentrifuge CappRondo"},"content":{"rendered":"<p>Anwendungen in der Molekular- und Zellbiologie, wie Pr\u00e4zipitation mit Ethanol, Phenol-Extraktion, Nukleins\u00e4ure-Pr\u00e4paration, temperaturempfindliche Zelle oder Mischungen sammeln k\u00f6nnen bequem mit der CappRondo K\u00fchlzentrifuge durchgef\u00fchrt werden.<\/p>\n<p>Die Geschwindigkeit kann bis zu 17.000 U \/ min (27.237 g) erreichen.<\/p>\n<p>Die CappRondo K\u00fchlzentrifuge arbeitet mit Temperaturen im Bereich von -20 \u00b0 C bis 40 \u00b0 C. Die Proben kann in nur 5 Minuten bei 4 \u00b0 C gek\u00fchlt werden. Die Kammer der Zentrifuge Teflon beschichtet.<\/p>\n<p>F\u00fcr Standard-Mikorr\u00f6hrchen von 1,5 ml und 2,0 ml, bietet die K\u00fchlzentrifuge Rotoren mit 18, 24 oder 30 Pl\u00e4tze. Die drei Rotoren haben einen Winkel von 45 Grad. Andere zus\u00e4tzliche Rotoren stehen zur Verf\u00fcgung &#8211; siehe nachfolgende Tabelle.<\/p>\n<p>Der Kompressor stoppt wenn der Deckel ge\u00f6ffnet wird, um unn\u00f6tige K\u00fchlung und das Risiko von Frostbildung zu vermeiden.<\/p>\n<p>Das gek\u00fchlte Mikro ist tabile un ist sehr leise (weniger als 56 dB).<\/p>\n<p>Die Einstellungen k\u00f6nnen w\u00e4hrend des Betriebs ge\u00e4ndert werden, es sei denn, die Tastensperre aktiviert ist.<\/p>\n<table border=\"1\" width=\"564\" cellspacing=\"2\" cellpadding=\"0\">\n<tbody>\n<tr>\n<td>Rotor Nr<\/td>\n<td>Beschreibung<\/td>\n<td><\/td>\n<\/tr>\n<tr>\n<td>CR-17-24<\/td>\n<td>Rotor mit fixem Winkel Kapazit\u00e4t: \u00a024 x 1.5mL\/ 2.0mL Mikror\u00f6rchen<\/p>\n<p>45\u00b0, Durchmesser 11.1mm, maximaler R\u00f6rchenh\u00f6hen 52mm<\/p>\n<p>Inkl O-Ring<\/td>\n<td><\/td>\n<\/tr>\n<tr>\n<td>CR-17-30<\/td>\n<td>Rotor mit fixem Winkel Kapazit\u00e4t: 30 x 1.5mL\/ 2.0mL Mikror\u00f6rchen<\/p>\n<p>45\u00b0, Durchmesser 11.1mm, maximaler R\u00f6rchenh\u00f6hen 52mm<\/p>\n<p>Founi avec joint torique<\/td>\n<td><\/td>\n<\/tr>\n<tr>\n<td>CR-17-18<\/td>\n<td>Rotor mit fixem Winkel Kapazit\u00e4t: 18 x 1.5mL\/ 2.0mL Mikror\u00f6rchen<\/p>\n<p>45\u00b0, Durchmesser 17mm, maximaler R\u00f6rchenh\u00f6hen 64 mm<\/p>\n<p>Founi avec joint torique<\/td>\n<td><\/td>\n<\/tr>\n<tr>\n<td>CR-17-5<\/td>\n<td>Rotor mit fixem Winkel Kapazit\u00e4t: 12 x 5mL Mikror\u00f6rchen mit Deckel<\/p>\n<p>45\u00b0, Durchmesser 11.1mm, maximaler R\u00f6rchenh\u00f6hen 65 mm<\/p>\n<p>Founi avec joint torique<\/td>\n<td><\/td>\n<\/tr>\n<tr>\n<td>CR-17-PCR<\/td>\n<td>Rotor mit fixem Winkel f\u00fcr PCR R\u00f6rchenKapazit\u00e4t: 64 x 0.2\u00b5l PCR Mirkror\u00f6hrchen oder 8 PCR Strips<\/p>\n<p>45\u00b0, Durchmesser 6.5mm, maximaler R\u00f6rchenh\u00f6hen 16 mm<\/td>\n<td><\/td>\n<\/tr>\n<tr>\n<td>CR-17-D8<\/td>\n<td>Freier Rotor Kapazit\u00e4t: 8 x 1.5mL\/ 2.0mL Mikror\u00f6rchen<\/p>\n<p>90\u00b0, Durchmesser 11.1mm,maximaler R\u00f6rchenh\u00f6hen 50mm<\/td>\n<td><\/td>\n<\/tr>\n<tr>\n<td>CR-17-D16<\/td>\n<td>Freier Rotor Kapazit\u00e4t: 16 x 1.5mL\/ 2.0mL Mikror\u00f6rchen<\/p>\n<p>90\u00b0, Durchmesser11.1mm, maximaler R\u00f6rchenh\u00f6hen 43mm<\/td>\n<\/tr>\n<\/tbody>\n<\/table>\n","protected":false},"excerpt":{"rendered":"<p>K\u00fchlzentrifuge<\/p>\n","protected":false},"featured_media":1191,"template":"","meta":{"_crdt_document":""},"product_brand":[],"product_cat":[145],"product_tag":[],"class_list":{"0":"post-2294","1":"product","2":"type-product","3":"status-publish","4":"has-post-thumbnail","6":"product_cat-zentrifuge","8":"first","9":"instock","10":"taxable","11":"shipping-taxable","12":"product-type-simple"},"yoast_head":"<!-- This site is optimized with the Yoast SEO plugin v27.3 - https:\/\/yoast.com\/product\/yoast-seo-wordpress\/ -->\n<title>K\u00fchlzentrifuge CappRondo - Sysmatec<\/title>\n<meta name=\"description\" content=\"Gek\u00fchlte Zentrifuge verwendbar mit verschiedenen Rotoren f\u00fcr verschiedene R\u00f6hrchen. H\u00f6chstdrehzahl 17 000 U\/min.\" \/>\n<meta name=\"robots\" content=\"index, follow, max-snippet:-1, max-image-preview:large, max-video-preview:-1\" \/>\n<link rel=\"canonical\" href=\"https:\/\/sysmatec.ch\/de\/produit\/kuehlzentrifuge-capprondo\/\" \/>\n<meta property=\"og:locale\" content=\"de_DE\" \/>\n<meta property=\"og:type\" content=\"article\" \/>\n<meta property=\"og:title\" content=\"K\u00fchlzentrifuge CappRondo - Sysmatec\" \/>\n<meta property=\"og:description\" content=\"Gek\u00fchlte Zentrifuge verwendbar mit verschiedenen Rotoren f\u00fcr verschiedene R\u00f6hrchen. H\u00f6chstdrehzahl 17 000 U\/min.\" \/>\n<meta property=\"og:url\" content=\"https:\/\/sysmatec.ch\/de\/produit\/kuehlzentrifuge-capprondo\/\" \/>\n<meta property=\"og:site_name\" content=\"Sysmatec\" \/>\n<meta property=\"article:modified_time\" content=\"2022-03-11T07:53:31+00:00\" \/>\n<meta property=\"og:image\" content=\"https:\/\/sysmatec.ch\/wp-content\/uploads\/2019\/01\/Centrifugeuse_CappRondo2.jpg\" \/>\n\t<meta property=\"og:image:width\" content=\"186\" \/>\n\t<meta property=\"og:image:height\" content=\"211\" \/>\n\t<meta property=\"og:image:type\" content=\"image\/jpeg\" \/>\n<meta name=\"twitter:card\" content=\"summary_large_image\" \/>\n<meta name=\"twitter:label1\" content=\"Gesch\u00e4tzte Lesezeit\" \/>\n\t<meta name=\"twitter:data1\" content=\"2\u00a0Minuten\" \/>\n<script type=\"application\/ld+json\" class=\"yoast-schema-graph\">{\"@context\":\"https:\\\/\\\/schema.org\",\"@graph\":[{\"@type\":\"WebPage\",\"@id\":\"https:\\\/\\\/sysmatec.ch\\\/de\\\/produit\\\/kuehlzentrifuge-capprondo\\\/\",\"url\":\"https:\\\/\\\/sysmatec.ch\\\/de\\\/produit\\\/kuehlzentrifuge-capprondo\\\/\",\"name\":\"K\u00fchlzentrifuge CappRondo - Sysmatec\",\"isPartOf\":{\"@id\":\"https:\\\/\\\/sysmatec.ch\\\/de\\\/#website\"},\"primaryImageOfPage\":{\"@id\":\"https:\\\/\\\/sysmatec.ch\\\/de\\\/produit\\\/kuehlzentrifuge-capprondo\\\/#primaryimage\"},\"image\":{\"@id\":\"https:\\\/\\\/sysmatec.ch\\\/de\\\/produit\\\/kuehlzentrifuge-capprondo\\\/#primaryimage\"},\"thumbnailUrl\":\"https:\\\/\\\/sysmatec.ch\\\/wp-content\\\/uploads\\\/2019\\\/01\\\/Centrifugeuse_CappRondo2.jpg\",\"datePublished\":\"2019-01-10T21:28:12+00:00\",\"dateModified\":\"2022-03-11T07:53:31+00:00\",\"description\":\"Gek\u00fchlte Zentrifuge verwendbar mit verschiedenen Rotoren f\u00fcr verschiedene R\u00f6hrchen. H\u00f6chstdrehzahl 17 000 U\\\/min.\",\"breadcrumb\":{\"@id\":\"https:\\\/\\\/sysmatec.ch\\\/de\\\/produit\\\/kuehlzentrifuge-capprondo\\\/#breadcrumb\"},\"inLanguage\":\"de\",\"potentialAction\":[{\"@type\":\"ReadAction\",\"target\":[\"https:\\\/\\\/sysmatec.ch\\\/de\\\/produit\\\/kuehlzentrifuge-capprondo\\\/\"]}]},{\"@type\":\"ImageObject\",\"inLanguage\":\"de\",\"@id\":\"https:\\\/\\\/sysmatec.ch\\\/de\\\/produit\\\/kuehlzentrifuge-capprondo\\\/#primaryimage\",\"url\":\"https:\\\/\\\/sysmatec.ch\\\/wp-content\\\/uploads\\\/2019\\\/01\\\/Centrifugeuse_CappRondo2.jpg\",\"contentUrl\":\"https:\\\/\\\/sysmatec.ch\\\/wp-content\\\/uploads\\\/2019\\\/01\\\/Centrifugeuse_CappRondo2.jpg\",\"width\":186,\"height\":211},{\"@type\":\"BreadcrumbList\",\"@id\":\"https:\\\/\\\/sysmatec.ch\\\/de\\\/produit\\\/kuehlzentrifuge-capprondo\\\/#breadcrumb\",\"itemListElement\":[{\"@type\":\"ListItem\",\"position\":1,\"name\":\"Accueil\",\"item\":\"https:\\\/\\\/sysmatec.ch\\\/de\\\/\"},{\"@type\":\"ListItem\",\"position\":2,\"name\":\"Die Aktivit\u00e4t von Sysmatec\",\"item\":\"https:\\\/\\\/sysmatec.ch\\\/de\\\/\"},{\"@type\":\"ListItem\",\"position\":3,\"name\":\"K\u00fchlzentrifuge CappRondo\"}]},{\"@type\":\"WebSite\",\"@id\":\"https:\\\/\\\/sysmatec.ch\\\/de\\\/#website\",\"url\":\"https:\\\/\\\/sysmatec.ch\\\/de\\\/\",\"name\":\"Sysmatec\",\"description\":\"Equipement de laboratoire et logiciels\",\"publisher\":{\"@id\":\"https:\\\/\\\/sysmatec.ch\\\/de\\\/#organization\"},\"potentialAction\":[{\"@type\":\"SearchAction\",\"target\":{\"@type\":\"EntryPoint\",\"urlTemplate\":\"https:\\\/\\\/sysmatec.ch\\\/de\\\/?s={search_term_string}\"},\"query-input\":{\"@type\":\"PropertyValueSpecification\",\"valueRequired\":true,\"valueName\":\"search_term_string\"}}],\"inLanguage\":\"de\"},{\"@type\":\"Organization\",\"@id\":\"https:\\\/\\\/sysmatec.ch\\\/de\\\/#organization\",\"name\":\"Sysmatec\",\"url\":\"https:\\\/\\\/sysmatec.ch\\\/de\\\/\",\"logo\":{\"@type\":\"ImageObject\",\"inLanguage\":\"de\",\"@id\":\"https:\\\/\\\/sysmatec.ch\\\/de\\\/#\\\/schema\\\/logo\\\/image\\\/\",\"url\":\"https:\\\/\\\/sysmatec.ch\\\/wp-content\\\/uploads\\\/2018\\\/11\\\/LogoSysmatec.jpg\",\"contentUrl\":\"https:\\\/\\\/sysmatec.ch\\\/wp-content\\\/uploads\\\/2018\\\/11\\\/LogoSysmatec.jpg\",\"width\":301,\"height\":297,\"caption\":\"Sysmatec\"},\"image\":{\"@id\":\"https:\\\/\\\/sysmatec.ch\\\/de\\\/#\\\/schema\\\/logo\\\/image\\\/\"}}]}<\/script>\n<!-- \/ Yoast SEO plugin. -->","yoast_head_json":{"title":"K\u00fchlzentrifuge CappRondo - Sysmatec","description":"Gek\u00fchlte Zentrifuge verwendbar mit verschiedenen Rotoren f\u00fcr verschiedene R\u00f6hrchen. H\u00f6chstdrehzahl 17 000 U\/min.","robots":{"index":"index","follow":"follow","max-snippet":"max-snippet:-1","max-image-preview":"max-image-preview:large","max-video-preview":"max-video-preview:-1"},"canonical":"https:\/\/sysmatec.ch\/de\/produit\/kuehlzentrifuge-capprondo\/","og_locale":"de_DE","og_type":"article","og_title":"K\u00fchlzentrifuge CappRondo - Sysmatec","og_description":"Gek\u00fchlte Zentrifuge verwendbar mit verschiedenen Rotoren f\u00fcr verschiedene R\u00f6hrchen. H\u00f6chstdrehzahl 17 000 U\/min.","og_url":"https:\/\/sysmatec.ch\/de\/produit\/kuehlzentrifuge-capprondo\/","og_site_name":"Sysmatec","article_modified_time":"2022-03-11T07:53:31+00:00","og_image":[{"width":186,"height":211,"url":"https:\/\/sysmatec.ch\/wp-content\/uploads\/2019\/01\/Centrifugeuse_CappRondo2.jpg","type":"image\/jpeg"}],"twitter_card":"summary_large_image","twitter_misc":{"Gesch\u00e4tzte Lesezeit":"2\u00a0Minuten"},"schema":{"@context":"https:\/\/schema.org","@graph":[{"@type":"WebPage","@id":"https:\/\/sysmatec.ch\/de\/produit\/kuehlzentrifuge-capprondo\/","url":"https:\/\/sysmatec.ch\/de\/produit\/kuehlzentrifuge-capprondo\/","name":"K\u00fchlzentrifuge CappRondo - Sysmatec","isPartOf":{"@id":"https:\/\/sysmatec.ch\/de\/#website"},"primaryImageOfPage":{"@id":"https:\/\/sysmatec.ch\/de\/produit\/kuehlzentrifuge-capprondo\/#primaryimage"},"image":{"@id":"https:\/\/sysmatec.ch\/de\/produit\/kuehlzentrifuge-capprondo\/#primaryimage"},"thumbnailUrl":"https:\/\/sysmatec.ch\/wp-content\/uploads\/2019\/01\/Centrifugeuse_CappRondo2.jpg","datePublished":"2019-01-10T21:28:12+00:00","dateModified":"2022-03-11T07:53:31+00:00","description":"Gek\u00fchlte Zentrifuge verwendbar mit verschiedenen Rotoren f\u00fcr verschiedene R\u00f6hrchen. H\u00f6chstdrehzahl 17 000 U\/min.","breadcrumb":{"@id":"https:\/\/sysmatec.ch\/de\/produit\/kuehlzentrifuge-capprondo\/#breadcrumb"},"inLanguage":"de","potentialAction":[{"@type":"ReadAction","target":["https:\/\/sysmatec.ch\/de\/produit\/kuehlzentrifuge-capprondo\/"]}]},{"@type":"ImageObject","inLanguage":"de","@id":"https:\/\/sysmatec.ch\/de\/produit\/kuehlzentrifuge-capprondo\/#primaryimage","url":"https:\/\/sysmatec.ch\/wp-content\/uploads\/2019\/01\/Centrifugeuse_CappRondo2.jpg","contentUrl":"https:\/\/sysmatec.ch\/wp-content\/uploads\/2019\/01\/Centrifugeuse_CappRondo2.jpg","width":186,"height":211},{"@type":"BreadcrumbList","@id":"https:\/\/sysmatec.ch\/de\/produit\/kuehlzentrifuge-capprondo\/#breadcrumb","itemListElement":[{"@type":"ListItem","position":1,"name":"Accueil","item":"https:\/\/sysmatec.ch\/de\/"},{"@type":"ListItem","position":2,"name":"Die Aktivit\u00e4t von Sysmatec","item":"https:\/\/sysmatec.ch\/de\/"},{"@type":"ListItem","position":3,"name":"K\u00fchlzentrifuge CappRondo"}]},{"@type":"WebSite","@id":"https:\/\/sysmatec.ch\/de\/#website","url":"https:\/\/sysmatec.ch\/de\/","name":"Sysmatec","description":"Equipement de laboratoire et logiciels","publisher":{"@id":"https:\/\/sysmatec.ch\/de\/#organization"},"potentialAction":[{"@type":"SearchAction","target":{"@type":"EntryPoint","urlTemplate":"https:\/\/sysmatec.ch\/de\/?s={search_term_string}"},"query-input":{"@type":"PropertyValueSpecification","valueRequired":true,"valueName":"search_term_string"}}],"inLanguage":"de"},{"@type":"Organization","@id":"https:\/\/sysmatec.ch\/de\/#organization","name":"Sysmatec","url":"https:\/\/sysmatec.ch\/de\/","logo":{"@type":"ImageObject","inLanguage":"de","@id":"https:\/\/sysmatec.ch\/de\/#\/schema\/logo\/image\/","url":"https:\/\/sysmatec.ch\/wp-content\/uploads\/2018\/11\/LogoSysmatec.jpg","contentUrl":"https:\/\/sysmatec.ch\/wp-content\/uploads\/2018\/11\/LogoSysmatec.jpg","width":301,"height":297,"caption":"Sysmatec"},"image":{"@id":"https:\/\/sysmatec.ch\/de\/#\/schema\/logo\/image\/"}}]}},"_links":{"self":[{"href":"https:\/\/sysmatec.ch\/de\/wp-json\/wp\/v2\/product\/2294","targetHints":{"allow":["GET"]}}],"collection":[{"href":"https:\/\/sysmatec.ch\/de\/wp-json\/wp\/v2\/product"}],"about":[{"href":"https:\/\/sysmatec.ch\/de\/wp-json\/wp\/v2\/types\/product"}],"wp:featuredmedia":[{"embeddable":true,"href":"https:\/\/sysmatec.ch\/de\/wp-json\/wp\/v2\/media\/1191"}],"wp:attachment":[{"href":"https:\/\/sysmatec.ch\/de\/wp-json\/wp\/v2\/media?parent=2294"}],"wp:term":[{"taxonomy":"product_brand","embeddable":true,"href":"https:\/\/sysmatec.ch\/de\/wp-json\/wp\/v2\/product_brand?post=2294"},{"taxonomy":"product_cat","embeddable":true,"href":"https:\/\/sysmatec.ch\/de\/wp-json\/wp\/v2\/product_cat?post=2294"},{"taxonomy":"product_tag","embeddable":true,"href":"https:\/\/sysmatec.ch\/de\/wp-json\/wp\/v2\/product_tag?post=2294"}],"curies":[{"name":"wp","href":"https:\/\/api.w.org\/{rel}","templated":true}]}}