{"id":2291,"date":"2019-01-10T22:30:10","date_gmt":"2019-01-10T21:30:10","guid":{"rendered":"https:\/\/sysmatec.ch\/produit\/centrifugeuse-clinique-capprondo\/"},"modified":"2022-03-11T08:46:41","modified_gmt":"2022-03-11T07:46:41","slug":"klinische-zentrifuge-capprondo","status":"publish","type":"product","link":"https:\/\/sysmatec.ch\/de\/Produkt\/klinische-zentrifuge-capprondo\/","title":{"rendered":"Klinische Zentrifuge CappRondo"},"content":{"rendered":"<p>Sie ist eine ideale Zentrifuge f\u00fcr Blutseparationsanwendungen bis zu 6500 U \/ min, was eine Beschleunigung von 3873 g entspricht. Ihrer Rotor hat eine Kapazit\u00e4t von acht 15 ml-R\u00f6hrchen. Kleinere R\u00f6hrchen wie 1.5 ml, 2 ml, 5 ml, 7 ml und 10 ml k\u00f6nnen dank der im Lieferumfang enthaltenen zus\u00e4tzlichen Adapter auch zur Blutseparation verwendet werden. Diese Zentrifuge ist mit den meisten Standard-Probenr\u00f6hrchen voll kompatibel. Der Ger\u00e4uschpegel wurde auf weniger als 60 dB reduziert. Die gro\u00dfe digitale Anzeige der Capp Clinical Centrifuge zeigt Ihnen die aktuellen Geschwindigkeits- und Zeiteinstellungen an. Die Geschwindigkeitseinstellung ist sehr pr\u00e4zise und reicht von 500 bis 6500 U \/ min in Schritten von 100 U \/ min.<\/p>\n<p>Diese klinische Zentrifuge ist mit einem b\u00fcrstenlosen Gleichstrommotor ausgestattet, wartungsfrei und absolut perfekt f\u00fcr lange Zentrifugationen. Bei der Konstruktion dieser Zentrifuge stand die Anwendersicherheit im Mittelpunkt. Das Sicherheitsbremssystem verhindert ein unbeabsichtigtes \u00d6ffnen des Deckels, bis der Rotor vollst\u00e4ndig stoppt. Diese Trennzentrifuge ist eine kompakte und zuverl\u00e4ssige L\u00f6sung, ideal f\u00fcr Blutzentrifugationsanwendungen mit Volumina unter 15 ml. Sie zeichnet sich in seiner Klasse durch seine au\u00dfergew\u00f6hnlichen Merkmale aus, die eine ausgezeichnete Leistung, gute Zuverl\u00e4ssigkeit und Benutzerfreundlichkeit bei absoluter Sicherheit erm\u00f6glichen. Die Unwuchterkennungsfunktion warnt Sie, wenn die R\u00f6hren ungleichm\u00e4\u00dfig geladen wurden. Probieren Sie die CappRondo-Zentrifuge zur Blutseparation mit 15 ml BluCapp-R\u00f6hrchen oder kleineren Expell-Zentrifugenr\u00f6hrchen aus.<\/p>\n<p>Spezifikationen<\/p>\n<ul>\n<li type=\"disc\">Maximale Drehzahl RPM \/ RCF (g): 6500 U \/ min \/ 3873 g<\/li>\n<li type=\"disc\">Geschwindigkeitseinstellung: 500 bis 6500 U \/ min (in Schritten von 100 U \/ min)<\/li>\n<li type=\"disc\">Timer: 0.5 bis 30 Minuten oder unendliche Zeit<\/li>\n<li type=\"disc\">Erkennung von Ungleichgewicht: Ja<\/li>\n<li type=\"disc\">Abmessungen: 260 x 244 x 205 mm<\/li>\n<li type=\"disc\">Ger\u00e4usch: &lt;60 dB<\/li>\n<li type=\"disc\">Gewicht: 4 kg<\/li>\n<li type=\"disc\">Mitgelieferte Rotoren und Adapter: 8&#215;10 \/ 15 ml, Adapter f\u00fcr 5 ml-R\u00f6hrchen, 7 ml, 1.5 ml und 2 ml<\/li>\n<\/ul>\n","protected":false},"excerpt":{"rendered":"<p>Klinische Zentrifuge<\/p>\n","protected":false},"featured_media":1185,"template":"","meta":{"_crdt_document":""},"product_brand":[],"product_cat":[145],"product_tag":[],"class_list":{"0":"post-2291","1":"product","2":"type-product","3":"status-publish","4":"has-post-thumbnail","6":"product_cat-zentrifuge","8":"first","9":"instock","10":"taxable","11":"shipping-taxable","12":"product-type-simple"},"yoast_head":"<!-- This site is optimized with the Yoast SEO plugin v27.3 - https:\/\/yoast.com\/product\/yoast-seo-wordpress\/ -->\n<title>Klinische Zentrifuge CappRondo - Sysmatec<\/title>\n<meta name=\"description\" content=\"Zentrifuge verwendbar f\u00fcr R\u00f6hrchen von 1,5 ml, 2 ml, 5 ml, 7 ml, 10 ml, 15 ml. Maximale Drehzahl von 6.500 U\/min.\" \/>\n<meta name=\"robots\" content=\"index, follow, max-snippet:-1, max-image-preview:large, max-video-preview:-1\" \/>\n<link rel=\"canonical\" href=\"https:\/\/sysmatec.ch\/de\/produit\/klinische-zentrifuge-capprondo\/\" \/>\n<meta property=\"og:locale\" content=\"de_DE\" \/>\n<meta property=\"og:type\" content=\"article\" \/>\n<meta property=\"og:title\" content=\"Klinische Zentrifuge CappRondo - Sysmatec\" \/>\n<meta property=\"og:description\" content=\"Zentrifuge verwendbar f\u00fcr R\u00f6hrchen von 1,5 ml, 2 ml, 5 ml, 7 ml, 10 ml, 15 ml. Maximale Drehzahl von 6.500 U\/min.\" \/>\n<meta property=\"og:url\" content=\"https:\/\/sysmatec.ch\/de\/produit\/klinische-zentrifuge-capprondo\/\" \/>\n<meta property=\"og:site_name\" content=\"Sysmatec\" \/>\n<meta property=\"article:modified_time\" content=\"2022-03-11T07:46:41+00:00\" \/>\n<meta property=\"og:image\" content=\"https:\/\/sysmatec.ch\/wp-content\/uploads\/2019\/01\/Centrifugeuse_CappRondoClinical.jpg\" \/>\n\t<meta property=\"og:image:width\" content=\"185\" \/>\n\t<meta property=\"og:image:height\" content=\"186\" \/>\n\t<meta property=\"og:image:type\" content=\"image\/jpeg\" \/>\n<meta name=\"twitter:card\" content=\"summary_large_image\" \/>\n<meta name=\"twitter:label1\" content=\"Gesch\u00e4tzte Lesezeit\" \/>\n\t<meta name=\"twitter:data1\" content=\"1\u00a0Minute\" \/>\n<script type=\"application\/ld+json\" class=\"yoast-schema-graph\">{\"@context\":\"https:\\\/\\\/schema.org\",\"@graph\":[{\"@type\":\"WebPage\",\"@id\":\"https:\\\/\\\/sysmatec.ch\\\/de\\\/produit\\\/klinische-zentrifuge-capprondo\\\/\",\"url\":\"https:\\\/\\\/sysmatec.ch\\\/de\\\/produit\\\/klinische-zentrifuge-capprondo\\\/\",\"name\":\"Klinische Zentrifuge CappRondo - Sysmatec\",\"isPartOf\":{\"@id\":\"https:\\\/\\\/sysmatec.ch\\\/de\\\/#website\"},\"primaryImageOfPage\":{\"@id\":\"https:\\\/\\\/sysmatec.ch\\\/de\\\/produit\\\/klinische-zentrifuge-capprondo\\\/#primaryimage\"},\"image\":{\"@id\":\"https:\\\/\\\/sysmatec.ch\\\/de\\\/produit\\\/klinische-zentrifuge-capprondo\\\/#primaryimage\"},\"thumbnailUrl\":\"https:\\\/\\\/sysmatec.ch\\\/wp-content\\\/uploads\\\/2019\\\/01\\\/Centrifugeuse_CappRondoClinical.jpg\",\"datePublished\":\"2019-01-10T21:30:10+00:00\",\"dateModified\":\"2022-03-11T07:46:41+00:00\",\"description\":\"Zentrifuge verwendbar f\u00fcr R\u00f6hrchen von 1,5 ml, 2 ml, 5 ml, 7 ml, 10 ml, 15 ml. Maximale Drehzahl von 6.500 U\\\/min.\",\"breadcrumb\":{\"@id\":\"https:\\\/\\\/sysmatec.ch\\\/de\\\/produit\\\/klinische-zentrifuge-capprondo\\\/#breadcrumb\"},\"inLanguage\":\"de\",\"potentialAction\":[{\"@type\":\"ReadAction\",\"target\":[\"https:\\\/\\\/sysmatec.ch\\\/de\\\/produit\\\/klinische-zentrifuge-capprondo\\\/\"]}]},{\"@type\":\"ImageObject\",\"inLanguage\":\"de\",\"@id\":\"https:\\\/\\\/sysmatec.ch\\\/de\\\/produit\\\/klinische-zentrifuge-capprondo\\\/#primaryimage\",\"url\":\"https:\\\/\\\/sysmatec.ch\\\/wp-content\\\/uploads\\\/2019\\\/01\\\/Centrifugeuse_CappRondoClinical.jpg\",\"contentUrl\":\"https:\\\/\\\/sysmatec.ch\\\/wp-content\\\/uploads\\\/2019\\\/01\\\/Centrifugeuse_CappRondoClinical.jpg\",\"width\":185,\"height\":186},{\"@type\":\"BreadcrumbList\",\"@id\":\"https:\\\/\\\/sysmatec.ch\\\/de\\\/produit\\\/klinische-zentrifuge-capprondo\\\/#breadcrumb\",\"itemListElement\":[{\"@type\":\"ListItem\",\"position\":1,\"name\":\"Accueil\",\"item\":\"https:\\\/\\\/sysmatec.ch\\\/de\\\/\"},{\"@type\":\"ListItem\",\"position\":2,\"name\":\"Die Aktivit\u00e4t von Sysmatec\",\"item\":\"https:\\\/\\\/sysmatec.ch\\\/de\\\/\"},{\"@type\":\"ListItem\",\"position\":3,\"name\":\"Klinische Zentrifuge CappRondo\"}]},{\"@type\":\"WebSite\",\"@id\":\"https:\\\/\\\/sysmatec.ch\\\/de\\\/#website\",\"url\":\"https:\\\/\\\/sysmatec.ch\\\/de\\\/\",\"name\":\"Sysmatec\",\"description\":\"Equipement de laboratoire et logiciels\",\"publisher\":{\"@id\":\"https:\\\/\\\/sysmatec.ch\\\/de\\\/#organization\"},\"potentialAction\":[{\"@type\":\"SearchAction\",\"target\":{\"@type\":\"EntryPoint\",\"urlTemplate\":\"https:\\\/\\\/sysmatec.ch\\\/de\\\/?s={search_term_string}\"},\"query-input\":{\"@type\":\"PropertyValueSpecification\",\"valueRequired\":true,\"valueName\":\"search_term_string\"}}],\"inLanguage\":\"de\"},{\"@type\":\"Organization\",\"@id\":\"https:\\\/\\\/sysmatec.ch\\\/de\\\/#organization\",\"name\":\"Sysmatec\",\"url\":\"https:\\\/\\\/sysmatec.ch\\\/de\\\/\",\"logo\":{\"@type\":\"ImageObject\",\"inLanguage\":\"de\",\"@id\":\"https:\\\/\\\/sysmatec.ch\\\/de\\\/#\\\/schema\\\/logo\\\/image\\\/\",\"url\":\"https:\\\/\\\/sysmatec.ch\\\/wp-content\\\/uploads\\\/2018\\\/11\\\/LogoSysmatec.jpg\",\"contentUrl\":\"https:\\\/\\\/sysmatec.ch\\\/wp-content\\\/uploads\\\/2018\\\/11\\\/LogoSysmatec.jpg\",\"width\":301,\"height\":297,\"caption\":\"Sysmatec\"},\"image\":{\"@id\":\"https:\\\/\\\/sysmatec.ch\\\/de\\\/#\\\/schema\\\/logo\\\/image\\\/\"}}]}<\/script>\n<!-- \/ Yoast SEO plugin. -->","yoast_head_json":{"title":"Klinische Zentrifuge CappRondo - Sysmatec","description":"Zentrifuge verwendbar f\u00fcr R\u00f6hrchen von 1,5 ml, 2 ml, 5 ml, 7 ml, 10 ml, 15 ml. Maximale Drehzahl von 6.500 U\/min.","robots":{"index":"index","follow":"follow","max-snippet":"max-snippet:-1","max-image-preview":"max-image-preview:large","max-video-preview":"max-video-preview:-1"},"canonical":"https:\/\/sysmatec.ch\/de\/produit\/klinische-zentrifuge-capprondo\/","og_locale":"de_DE","og_type":"article","og_title":"Klinische Zentrifuge CappRondo - Sysmatec","og_description":"Zentrifuge verwendbar f\u00fcr R\u00f6hrchen von 1,5 ml, 2 ml, 5 ml, 7 ml, 10 ml, 15 ml. Maximale Drehzahl von 6.500 U\/min.","og_url":"https:\/\/sysmatec.ch\/de\/produit\/klinische-zentrifuge-capprondo\/","og_site_name":"Sysmatec","article_modified_time":"2022-03-11T07:46:41+00:00","og_image":[{"width":185,"height":186,"url":"https:\/\/sysmatec.ch\/wp-content\/uploads\/2019\/01\/Centrifugeuse_CappRondoClinical.jpg","type":"image\/jpeg"}],"twitter_card":"summary_large_image","twitter_misc":{"Gesch\u00e4tzte Lesezeit":"1\u00a0Minute"},"schema":{"@context":"https:\/\/schema.org","@graph":[{"@type":"WebPage","@id":"https:\/\/sysmatec.ch\/de\/produit\/klinische-zentrifuge-capprondo\/","url":"https:\/\/sysmatec.ch\/de\/produit\/klinische-zentrifuge-capprondo\/","name":"Klinische Zentrifuge CappRondo - Sysmatec","isPartOf":{"@id":"https:\/\/sysmatec.ch\/de\/#website"},"primaryImageOfPage":{"@id":"https:\/\/sysmatec.ch\/de\/produit\/klinische-zentrifuge-capprondo\/#primaryimage"},"image":{"@id":"https:\/\/sysmatec.ch\/de\/produit\/klinische-zentrifuge-capprondo\/#primaryimage"},"thumbnailUrl":"https:\/\/sysmatec.ch\/wp-content\/uploads\/2019\/01\/Centrifugeuse_CappRondoClinical.jpg","datePublished":"2019-01-10T21:30:10+00:00","dateModified":"2022-03-11T07:46:41+00:00","description":"Zentrifuge verwendbar f\u00fcr R\u00f6hrchen von 1,5 ml, 2 ml, 5 ml, 7 ml, 10 ml, 15 ml. Maximale Drehzahl von 6.500 U\/min.","breadcrumb":{"@id":"https:\/\/sysmatec.ch\/de\/produit\/klinische-zentrifuge-capprondo\/#breadcrumb"},"inLanguage":"de","potentialAction":[{"@type":"ReadAction","target":["https:\/\/sysmatec.ch\/de\/produit\/klinische-zentrifuge-capprondo\/"]}]},{"@type":"ImageObject","inLanguage":"de","@id":"https:\/\/sysmatec.ch\/de\/produit\/klinische-zentrifuge-capprondo\/#primaryimage","url":"https:\/\/sysmatec.ch\/wp-content\/uploads\/2019\/01\/Centrifugeuse_CappRondoClinical.jpg","contentUrl":"https:\/\/sysmatec.ch\/wp-content\/uploads\/2019\/01\/Centrifugeuse_CappRondoClinical.jpg","width":185,"height":186},{"@type":"BreadcrumbList","@id":"https:\/\/sysmatec.ch\/de\/produit\/klinische-zentrifuge-capprondo\/#breadcrumb","itemListElement":[{"@type":"ListItem","position":1,"name":"Accueil","item":"https:\/\/sysmatec.ch\/de\/"},{"@type":"ListItem","position":2,"name":"Die Aktivit\u00e4t von Sysmatec","item":"https:\/\/sysmatec.ch\/de\/"},{"@type":"ListItem","position":3,"name":"Klinische Zentrifuge CappRondo"}]},{"@type":"WebSite","@id":"https:\/\/sysmatec.ch\/de\/#website","url":"https:\/\/sysmatec.ch\/de\/","name":"Sysmatec","description":"Equipement de laboratoire et logiciels","publisher":{"@id":"https:\/\/sysmatec.ch\/de\/#organization"},"potentialAction":[{"@type":"SearchAction","target":{"@type":"EntryPoint","urlTemplate":"https:\/\/sysmatec.ch\/de\/?s={search_term_string}"},"query-input":{"@type":"PropertyValueSpecification","valueRequired":true,"valueName":"search_term_string"}}],"inLanguage":"de"},{"@type":"Organization","@id":"https:\/\/sysmatec.ch\/de\/#organization","name":"Sysmatec","url":"https:\/\/sysmatec.ch\/de\/","logo":{"@type":"ImageObject","inLanguage":"de","@id":"https:\/\/sysmatec.ch\/de\/#\/schema\/logo\/image\/","url":"https:\/\/sysmatec.ch\/wp-content\/uploads\/2018\/11\/LogoSysmatec.jpg","contentUrl":"https:\/\/sysmatec.ch\/wp-content\/uploads\/2018\/11\/LogoSysmatec.jpg","width":301,"height":297,"caption":"Sysmatec"},"image":{"@id":"https:\/\/sysmatec.ch\/de\/#\/schema\/logo\/image\/"}}]}},"_links":{"self":[{"href":"https:\/\/sysmatec.ch\/de\/wp-json\/wp\/v2\/product\/2291","targetHints":{"allow":["GET"]}}],"collection":[{"href":"https:\/\/sysmatec.ch\/de\/wp-json\/wp\/v2\/product"}],"about":[{"href":"https:\/\/sysmatec.ch\/de\/wp-json\/wp\/v2\/types\/product"}],"wp:featuredmedia":[{"embeddable":true,"href":"https:\/\/sysmatec.ch\/de\/wp-json\/wp\/v2\/media\/1185"}],"wp:attachment":[{"href":"https:\/\/sysmatec.ch\/de\/wp-json\/wp\/v2\/media?parent=2291"}],"wp:term":[{"taxonomy":"product_brand","embeddable":true,"href":"https:\/\/sysmatec.ch\/de\/wp-json\/wp\/v2\/product_brand?post=2291"},{"taxonomy":"product_cat","embeddable":true,"href":"https:\/\/sysmatec.ch\/de\/wp-json\/wp\/v2\/product_cat?post=2291"},{"taxonomy":"product_tag","embeddable":true,"href":"https:\/\/sysmatec.ch\/de\/wp-json\/wp\/v2\/product_tag?post=2291"}],"curies":[{"name":"wp","href":"https:\/\/api.w.org\/{rel}","templated":true}]}}