{"id":22847,"date":"2021-03-27T10:56:03","date_gmt":"2021-03-27T09:56:03","guid":{"rendered":"https:\/\/sysmatec.ch\/?post_type=product&#038;p=22847"},"modified":"2021-11-26T10:41:50","modified_gmt":"2021-11-26T09:41:50","slug":"analysenwaage-abp","status":"publish","type":"product","link":"https:\/\/sysmatec.ch\/de\/Produkt\/analysenwaage-abp\/","title":{"rendered":"Analysenwaage ABP"},"content":{"rendered":"<ul id=\"kernList1\">\n<li>\n<div id=\"verweis_02\">Leuchtstarkes OLED-Display mit gro\u00dfer Blickwinkelstabilit\u00e4t f\u00fcr optimale Ablesbarkeit aus unterschiedlichsten Blickrichtungen<\/div>\n<\/li>\n<li>\n<div id=\"verweis_03\">\u00a0<a>Datenschnittstelle<\/a>n RS-232 und USB zum \u00dcbertragen von W\u00e4gedaten an PC, Tablet, Drucker sowie zum Anschluss externer Ger\u00e4te, wie Barcode-Scanner (Option), Numerische Tastatur (Option) etc.<\/div>\n<\/li>\n<li>\n<div id=\"verweis_04\">\u00a0<a>GLP<\/a>\/ISO-Protokollierung: professionelles und ausf\u00fchrliches\u00a0<a>GLP<\/a>-Protokoll, damit ist die Waage vollst\u00e4ndig konform zu den entsprechenden Normanforderungen gem\u00e4\u00df ISO,\u00a0<a>GLP<\/a>\u00a0und GMP<\/div>\n<\/li>\n<li>Diese neue Analysenwaagengeneration vereint h\u00f6chste Pr\u00e4zision mit gro\u00dfen W\u00e4gebereichen. Dank der neuen Single-Cell Generation wird das W\u00e4geergebnis in einem Bruchteil der Zeit vergleichbarer Modelle angezeigt. Zusammen mit dem intuitiv aufgebauten Men\u00fc sorgt dies f\u00fcr effizientes und schnelles Arbeiten<\/li>\n<li>Navigationskreuz f\u00fcr blitzschnelles Navigieren innerhalb des Men\u00fcs<\/li>\n<li>Interne Justierautomatik bei Temperatur\u00e4nderungen &gt; 1 \u00b0C und zeitgesteuert alle 4 h, garantiert hohe Genauigkeit und macht standortunabh\u00e4ngig<\/li>\n<li>Die\u00a0<a>Mindesteinwaage<\/a>\u00a0kann manuell im Ger\u00e4t hinterlegt oder automatisch berechnet werden. Bei W\u00e4gungen unterhalb dieses Werts gibt die Waage eine Warnmeldung aus<\/li>\n<li>Netzadapter zur Spannungsversorgung des KERN CE, montierbar auf Hutschiene<\/li>\n<li>Komfortables Rezeptieren\/Dokumentieren mit kombinierter Tara\/Print-Funktion. Zudem werden die Mischungsbestandteile der Rezeptur automatisch nummeriert und mit Nummer\/Gewichtswert ausgedruckt<\/li>\n<li>Individuelle Benutzereinstellungen f\u00fcr bis zu 10 Benutzer hinterlegbar: Benutzername\/- nummer (kann zu jedem Vorgang ausgedruckt oder zum Datensatz hinzugespeichert werden), Passwort, Men\u00fcsprache, Benutzerprofile, Aufrufen der Benutzereinstellungen \u00fcber Barcode, zus\u00e4tzlicher Gastmodus f\u00fcr nicht eingeloggte Benutzer, Berechtigungen, z. B. Waagenjustage, \u00c4ndern von Einstellungen oder Anlage bzw. Modifikation einer Rezeptur nur durch den Berechtigten &amp; Durchf\u00fchrung des Rezeptierens durch den Anwender<\/li>\n<li>U.S. FDA 21 Part 11: Unterst\u00fctzt sie in der Datenintegrit\u00e4t gem\u00e4\u00df U.S. FDA 21 Part 11 (z.B. Wiegeergebnis, Sample ID, Benutzername, Waagen ID etc.)<\/li>\n<li>Men\u00fcsprache DE, GB<\/li>\n<li>Automatischer Daten-Output an den PC\/Drucker nach jedem Stillstand der Waage<\/li>\n<li>Gro\u00dfer Glas-<a>Windschutz<\/a> mit 3 Schiebet\u00fcren f\u00fcr komfortablen Zugang zum W\u00e4gegut<\/li>\n<li>\n<div id=\"verweis_05\">\u00a0Multifunktionsw\u00e4geplatte im Lieferumfang enthalten, minimiert die Einwirkung von Luftstr\u00f6men im W\u00e4geraum und verbessert so deutlich die Einschwingzeit und Wiederholbarkeit. Dar\u00fcber hinaus lassen sich \u00fcberstehende Proben, Probenpapier, PCR-Gef\u00e4\u00dfe, Mikrozentrifugenr\u00f6hrchen u. v. m. bequem fixieren und problemlos wiegen<\/div>\n<\/li>\n<li>Arbeitsschutzhaube im Lieferumfang enthalten<\/li>\n<\/ul>\n<h2>Single-Cell Spitzentechnologie<\/h2>\n<ul id=\"kernList1\">\n<li>Vollautomatische Herstellung der W\u00e4gezelle aus einem St\u00fcck<\/li>\n<li>Stabiles Temperatur-Verhalten<\/li>\n<li>Kurze Einschwingzeit: Stabile W\u00e4gewerte innerhalb von ca. 2 sec (Modelle mit [d] = 0,1 mg), ca. 8 sec (Modelle mit [d] = 0,01 mg) unter Laborbedingungen<\/li>\n<li>Hohe mechanische Robustheit<\/li>\n<li>Hohe Eckenlast-Sicherheit<\/li>\n<\/ul>\n<ul id=\"kernList1\"><\/ul>\n<table border=\"1\" width=\"636\" cellspacing=\"0\" cellpadding=\"2\">\n<tbody>\n<tr>\n<td>Waage Modell<\/td>\n<td width=\"10%\">Ablesbarkeit<\/td>\n<td width=\"10%\">W\u00e4gebereich<\/td>\n<td width=\"10%\">Reproduzierbarkeit<\/td>\n<td width=\"10%\">Lin\u00e9arit\u00e4t<\/td>\n<td width=\"10%\">Platte<\/td>\n<\/tr>\n<tr>\n<td><\/td>\n<td width=\"10%\">mg<\/td>\n<td width=\"10%\">mg<\/td>\n<td width=\"10%\">mg<\/td>\n<td width=\"10%\">mg<\/td>\n<td width=\"10%\">mm<\/td>\n<\/tr>\n<tr>\n<td>ABP 100-4M<\/td>\n<td width=\"10%\">0.1<\/td>\n<td width=\"10%\">120<\/td>\n<td width=\"10%\">0.1<\/td>\n<td width=\"10%\">\u00b10.2<\/td>\n<td width=\"10%\">diam. 91<\/td>\n<\/tr>\n<tr>\n<td>ABP 200-4M<\/td>\n<td width=\"10%\">0.1<\/td>\n<td width=\"10%\">320<\/td>\n<td width=\"10%\">0.1<\/td>\n<td width=\"10%\">\u00b10.2<\/td>\n<td width=\"10%\">diam. 91<\/td>\n<\/tr>\n<tr>\n<td>ABP 300-4M<\/td>\n<td width=\"10%\">0.1<\/td>\n<td width=\"10%\">320<\/td>\n<td width=\"10%\">0.1<\/td>\n<td width=\"10%\">\u00b10.2<\/td>\n<td width=\"10%\">diam. 91<\/td>\n<\/tr>\n<tr>\n<td>ABP 100-5DM<\/td>\n<td width=\"10%\">0.01\/0.1<\/td>\n<td width=\"10%\">52\/120<\/td>\n<td width=\"10%\">0.02\/0.1<\/td>\n<td width=\"10%\">\u00b10.05\/\u00b10.2<\/td>\n<td width=\"10%\">diam. 91<\/td>\n<\/tr>\n<tr>\n<td>ABP-200.5DM<\/td>\n<td width=\"10%\">0.01\/0.1<\/td>\n<td width=\"10%\">102\/220<\/td>\n<td width=\"10%\">0.05\/0.1<\/td>\n<td width=\"10%\">\u00b10.1\/\u00b10.2<\/td>\n<td width=\"10%\">diam. 91<\/td>\n<\/tr>\n<\/tbody>\n<\/table>\n","protected":false},"excerpt":{"rendered":"<p>Analysewaage 0-52 g bis 0-320 g<\/p>\n","protected":false},"featured_media":22869,"template":"","meta":{"_crdt_document":""},"product_brand":[],"product_cat":[165,346],"product_tag":[],"class_list":{"0":"post-22847","1":"product","2":"type-product","3":"status-publish","4":"has-post-thumbnail","6":"product_cat-gewicht","7":"product_cat-labor","9":"first","10":"instock","11":"taxable","12":"shipping-taxable","13":"purchasable","14":"product-type-variable"},"yoast_head":"<!-- This site is optimized with the Yoast SEO plugin v27.3 - https:\/\/yoast.com\/product\/yoast-seo-wordpress\/ -->\n<title>Analysenwaage ABP - Sysmatec<\/title>\n<meta name=\"description\" content=\"Analysenwaage vom Typ Pr\u00e4zisionswaage mit Single Cell Technologie. Aufl\u00f6sung von 0.1 mg f\u00fcr einen Bereich bis 320 g.\" \/>\n<meta name=\"robots\" content=\"index, follow, max-snippet:-1, max-image-preview:large, max-video-preview:-1\" \/>\n<link rel=\"canonical\" href=\"https:\/\/sysmatec.ch\/de\/produit\/analysenwaage-abp\/\" \/>\n<meta property=\"og:locale\" content=\"de_DE\" \/>\n<meta property=\"og:type\" content=\"article\" \/>\n<meta property=\"og:title\" content=\"Analysenwaage ABP - Sysmatec\" \/>\n<meta property=\"og:description\" content=\"Analysenwaage vom Typ Pr\u00e4zisionswaage mit Single Cell Technologie. Aufl\u00f6sung von 0.1 mg f\u00fcr einen Bereich bis 320 g.\" \/>\n<meta property=\"og:url\" content=\"https:\/\/sysmatec.ch\/de\/produit\/analysenwaage-abp\/\" \/>\n<meta property=\"og:site_name\" content=\"Sysmatec\" \/>\n<meta property=\"article:modified_time\" content=\"2021-11-26T09:41:50+00:00\" \/>\n<meta property=\"og:image\" content=\"https:\/\/sysmatec.ch\/wp-content\/uploads\/2021\/03\/Balance_ABP-100-4M-scaled.jpg\" \/>\n\t<meta property=\"og:image:width\" content=\"2142\" \/>\n\t<meta property=\"og:image:height\" content=\"2560\" \/>\n\t<meta property=\"og:image:type\" content=\"image\/jpeg\" \/>\n<meta name=\"twitter:card\" content=\"summary_large_image\" \/>\n<meta name=\"twitter:label1\" content=\"Gesch\u00e4tzte Lesezeit\" \/>\n\t<meta name=\"twitter:data1\" content=\"2\u00a0Minuten\" \/>\n<script type=\"application\/ld+json\" class=\"yoast-schema-graph\">{\"@context\":\"https:\\\/\\\/schema.org\",\"@graph\":[{\"@type\":\"WebPage\",\"@id\":\"https:\\\/\\\/sysmatec.ch\\\/de\\\/produit\\\/analysenwaage-abp\\\/\",\"url\":\"https:\\\/\\\/sysmatec.ch\\\/de\\\/produit\\\/analysenwaage-abp\\\/\",\"name\":\"Analysenwaage ABP - Sysmatec\",\"isPartOf\":{\"@id\":\"https:\\\/\\\/sysmatec.ch\\\/de\\\/#website\"},\"primaryImageOfPage\":{\"@id\":\"https:\\\/\\\/sysmatec.ch\\\/de\\\/produit\\\/analysenwaage-abp\\\/#primaryimage\"},\"image\":{\"@id\":\"https:\\\/\\\/sysmatec.ch\\\/de\\\/produit\\\/analysenwaage-abp\\\/#primaryimage\"},\"thumbnailUrl\":\"https:\\\/\\\/sysmatec.ch\\\/wp-content\\\/uploads\\\/2021\\\/03\\\/Balance_ABP-100-4M-scaled.jpg\",\"datePublished\":\"2021-03-27T09:56:03+00:00\",\"dateModified\":\"2021-11-26T09:41:50+00:00\",\"description\":\"Analysenwaage vom Typ Pr\u00e4zisionswaage mit Single Cell Technologie. Aufl\u00f6sung von 0.1 mg f\u00fcr einen Bereich bis 320 g.\",\"breadcrumb\":{\"@id\":\"https:\\\/\\\/sysmatec.ch\\\/de\\\/produit\\\/analysenwaage-abp\\\/#breadcrumb\"},\"inLanguage\":\"de\",\"potentialAction\":[{\"@type\":\"ReadAction\",\"target\":[\"https:\\\/\\\/sysmatec.ch\\\/de\\\/produit\\\/analysenwaage-abp\\\/\"]}]},{\"@type\":\"ImageObject\",\"inLanguage\":\"de\",\"@id\":\"https:\\\/\\\/sysmatec.ch\\\/de\\\/produit\\\/analysenwaage-abp\\\/#primaryimage\",\"url\":\"https:\\\/\\\/sysmatec.ch\\\/wp-content\\\/uploads\\\/2021\\\/03\\\/Balance_ABP-100-4M-scaled.jpg\",\"contentUrl\":\"https:\\\/\\\/sysmatec.ch\\\/wp-content\\\/uploads\\\/2021\\\/03\\\/Balance_ABP-100-4M-scaled.jpg\",\"width\":2142,\"height\":2560},{\"@type\":\"BreadcrumbList\",\"@id\":\"https:\\\/\\\/sysmatec.ch\\\/de\\\/produit\\\/analysenwaage-abp\\\/#breadcrumb\",\"itemListElement\":[{\"@type\":\"ListItem\",\"position\":1,\"name\":\"Accueil\",\"item\":\"https:\\\/\\\/sysmatec.ch\\\/de\\\/\"},{\"@type\":\"ListItem\",\"position\":2,\"name\":\"Die Aktivit\u00e4t von Sysmatec\",\"item\":\"https:\\\/\\\/sysmatec.ch\\\/de\\\/\"},{\"@type\":\"ListItem\",\"position\":3,\"name\":\"Analysenwaage ABP\"}]},{\"@type\":\"WebSite\",\"@id\":\"https:\\\/\\\/sysmatec.ch\\\/de\\\/#website\",\"url\":\"https:\\\/\\\/sysmatec.ch\\\/de\\\/\",\"name\":\"Sysmatec\",\"description\":\"Equipement de laboratoire et logiciels\",\"publisher\":{\"@id\":\"https:\\\/\\\/sysmatec.ch\\\/de\\\/#organization\"},\"potentialAction\":[{\"@type\":\"SearchAction\",\"target\":{\"@type\":\"EntryPoint\",\"urlTemplate\":\"https:\\\/\\\/sysmatec.ch\\\/de\\\/?s={search_term_string}\"},\"query-input\":{\"@type\":\"PropertyValueSpecification\",\"valueRequired\":true,\"valueName\":\"search_term_string\"}}],\"inLanguage\":\"de\"},{\"@type\":\"Organization\",\"@id\":\"https:\\\/\\\/sysmatec.ch\\\/de\\\/#organization\",\"name\":\"Sysmatec\",\"url\":\"https:\\\/\\\/sysmatec.ch\\\/de\\\/\",\"logo\":{\"@type\":\"ImageObject\",\"inLanguage\":\"de\",\"@id\":\"https:\\\/\\\/sysmatec.ch\\\/de\\\/#\\\/schema\\\/logo\\\/image\\\/\",\"url\":\"https:\\\/\\\/sysmatec.ch\\\/wp-content\\\/uploads\\\/2018\\\/11\\\/LogoSysmatec.jpg\",\"contentUrl\":\"https:\\\/\\\/sysmatec.ch\\\/wp-content\\\/uploads\\\/2018\\\/11\\\/LogoSysmatec.jpg\",\"width\":301,\"height\":297,\"caption\":\"Sysmatec\"},\"image\":{\"@id\":\"https:\\\/\\\/sysmatec.ch\\\/de\\\/#\\\/schema\\\/logo\\\/image\\\/\"}}]}<\/script>\n<!-- \/ Yoast SEO plugin. -->","yoast_head_json":{"title":"Analysenwaage ABP - Sysmatec","description":"Analysenwaage vom Typ Pr\u00e4zisionswaage mit Single Cell Technologie. Aufl\u00f6sung von 0.1 mg f\u00fcr einen Bereich bis 320 g.","robots":{"index":"index","follow":"follow","max-snippet":"max-snippet:-1","max-image-preview":"max-image-preview:large","max-video-preview":"max-video-preview:-1"},"canonical":"https:\/\/sysmatec.ch\/de\/produit\/analysenwaage-abp\/","og_locale":"de_DE","og_type":"article","og_title":"Analysenwaage ABP - Sysmatec","og_description":"Analysenwaage vom Typ Pr\u00e4zisionswaage mit Single Cell Technologie. Aufl\u00f6sung von 0.1 mg f\u00fcr einen Bereich bis 320 g.","og_url":"https:\/\/sysmatec.ch\/de\/produit\/analysenwaage-abp\/","og_site_name":"Sysmatec","article_modified_time":"2021-11-26T09:41:50+00:00","og_image":[{"width":2142,"height":2560,"url":"https:\/\/sysmatec.ch\/wp-content\/uploads\/2021\/03\/Balance_ABP-100-4M-scaled.jpg","type":"image\/jpeg"}],"twitter_card":"summary_large_image","twitter_misc":{"Gesch\u00e4tzte Lesezeit":"2\u00a0Minuten"},"schema":{"@context":"https:\/\/schema.org","@graph":[{"@type":"WebPage","@id":"https:\/\/sysmatec.ch\/de\/produit\/analysenwaage-abp\/","url":"https:\/\/sysmatec.ch\/de\/produit\/analysenwaage-abp\/","name":"Analysenwaage ABP - Sysmatec","isPartOf":{"@id":"https:\/\/sysmatec.ch\/de\/#website"},"primaryImageOfPage":{"@id":"https:\/\/sysmatec.ch\/de\/produit\/analysenwaage-abp\/#primaryimage"},"image":{"@id":"https:\/\/sysmatec.ch\/de\/produit\/analysenwaage-abp\/#primaryimage"},"thumbnailUrl":"https:\/\/sysmatec.ch\/wp-content\/uploads\/2021\/03\/Balance_ABP-100-4M-scaled.jpg","datePublished":"2021-03-27T09:56:03+00:00","dateModified":"2021-11-26T09:41:50+00:00","description":"Analysenwaage vom Typ Pr\u00e4zisionswaage mit Single Cell Technologie. Aufl\u00f6sung von 0.1 mg f\u00fcr einen Bereich bis 320 g.","breadcrumb":{"@id":"https:\/\/sysmatec.ch\/de\/produit\/analysenwaage-abp\/#breadcrumb"},"inLanguage":"de","potentialAction":[{"@type":"ReadAction","target":["https:\/\/sysmatec.ch\/de\/produit\/analysenwaage-abp\/"]}]},{"@type":"ImageObject","inLanguage":"de","@id":"https:\/\/sysmatec.ch\/de\/produit\/analysenwaage-abp\/#primaryimage","url":"https:\/\/sysmatec.ch\/wp-content\/uploads\/2021\/03\/Balance_ABP-100-4M-scaled.jpg","contentUrl":"https:\/\/sysmatec.ch\/wp-content\/uploads\/2021\/03\/Balance_ABP-100-4M-scaled.jpg","width":2142,"height":2560},{"@type":"BreadcrumbList","@id":"https:\/\/sysmatec.ch\/de\/produit\/analysenwaage-abp\/#breadcrumb","itemListElement":[{"@type":"ListItem","position":1,"name":"Accueil","item":"https:\/\/sysmatec.ch\/de\/"},{"@type":"ListItem","position":2,"name":"Die Aktivit\u00e4t von Sysmatec","item":"https:\/\/sysmatec.ch\/de\/"},{"@type":"ListItem","position":3,"name":"Analysenwaage ABP"}]},{"@type":"WebSite","@id":"https:\/\/sysmatec.ch\/de\/#website","url":"https:\/\/sysmatec.ch\/de\/","name":"Sysmatec","description":"Equipement de laboratoire et logiciels","publisher":{"@id":"https:\/\/sysmatec.ch\/de\/#organization"},"potentialAction":[{"@type":"SearchAction","target":{"@type":"EntryPoint","urlTemplate":"https:\/\/sysmatec.ch\/de\/?s={search_term_string}"},"query-input":{"@type":"PropertyValueSpecification","valueRequired":true,"valueName":"search_term_string"}}],"inLanguage":"de"},{"@type":"Organization","@id":"https:\/\/sysmatec.ch\/de\/#organization","name":"Sysmatec","url":"https:\/\/sysmatec.ch\/de\/","logo":{"@type":"ImageObject","inLanguage":"de","@id":"https:\/\/sysmatec.ch\/de\/#\/schema\/logo\/image\/","url":"https:\/\/sysmatec.ch\/wp-content\/uploads\/2018\/11\/LogoSysmatec.jpg","contentUrl":"https:\/\/sysmatec.ch\/wp-content\/uploads\/2018\/11\/LogoSysmatec.jpg","width":301,"height":297,"caption":"Sysmatec"},"image":{"@id":"https:\/\/sysmatec.ch\/de\/#\/schema\/logo\/image\/"}}]}},"_links":{"self":[{"href":"https:\/\/sysmatec.ch\/de\/wp-json\/wp\/v2\/product\/22847","targetHints":{"allow":["GET"]}}],"collection":[{"href":"https:\/\/sysmatec.ch\/de\/wp-json\/wp\/v2\/product"}],"about":[{"href":"https:\/\/sysmatec.ch\/de\/wp-json\/wp\/v2\/types\/product"}],"wp:featuredmedia":[{"embeddable":true,"href":"https:\/\/sysmatec.ch\/de\/wp-json\/wp\/v2\/media\/22869"}],"wp:attachment":[{"href":"https:\/\/sysmatec.ch\/de\/wp-json\/wp\/v2\/media?parent=22847"}],"wp:term":[{"taxonomy":"product_brand","embeddable":true,"href":"https:\/\/sysmatec.ch\/de\/wp-json\/wp\/v2\/product_brand?post=22847"},{"taxonomy":"product_cat","embeddable":true,"href":"https:\/\/sysmatec.ch\/de\/wp-json\/wp\/v2\/product_cat?post=22847"},{"taxonomy":"product_tag","embeddable":true,"href":"https:\/\/sysmatec.ch\/de\/wp-json\/wp\/v2\/product_tag?post=22847"}],"curies":[{"name":"wp","href":"https:\/\/api.w.org\/{rel}","templated":true}]}}