{"id":22679,"date":"2021-03-23T20:04:06","date_gmt":"2021-03-23T19:04:06","guid":{"rendered":"https:\/\/sysmatec.ch\/?post_type=product&#038;p=22679"},"modified":"2021-11-26T10:59:33","modified_gmt":"2021-11-26T09:59:33","slug":"waage-kern-pls-plj","status":"publish","type":"product","link":"https:\/\/sysmatec.ch\/de\/Produkt\/waage-kern-pls-plj\/","title":{"rendered":"Waage KERN PLS \/PLJ"},"content":{"rendered":"<ul>\n<li>\n<div id=\"verweis_01\">\u00a0Komfortables Rezeptieren: mit der Rezept-Datenbank, in der bis zu 99 Rezepte mit jeweils bis zu 20 Rezepturbestandteilen mit Name und Sollwert hinterlegt werden k\u00f6nnen<\/div>\n<\/li>\n<li>Schnelles und effizientes Arbeiten dank Grafik-Display<\/li>\n<li>Einfache Klartext-Bedienerf\u00fchrung im Display in den Sprachen DE, GB, FR, IT, ES, PT<\/li>\n<li>\n<div id=\"verweis_02\">\u00a0PLJ 2000-3A hochwertige Milligramm-Waage mit enormem W\u00e4gebereich bis 2100 g \u2013 ideal f\u00fcr gro\u00dfe Proben oder schwere Taragef\u00e4\u00dfe<\/div>\n<\/li>\n<li>KERN PLJ: Interne Justierautomatik, garantiert hohe Genauigkeit und macht standortunabh\u00e4ngig. Ideal f\u00fcr mobile, eichpflichtige Anwendungen, wie den ambulanten Gold- und Schmuckankauf<\/li>\n<li>Dosierhilfe: Hochstabilit\u00e4tsmodus und andere Filtereinstellungen w\u00e4hlbar<\/li>\n<li>Interner Speicher f\u00fcr komplette Rezepturen mit Name und Sollwert der Rezepturbestandteile. Displayunterst\u00fctzte Benutzerf\u00fchrung<\/li>\n<li><a class=\"lexikon_link\" style=\"font-family: arial, Helvetica, sans-serif; font-size: 12px; text-decoration: none; color: black; border-bottom: 1px dashed #999999;\">Windschutz<\/a>\u00a0serienm\u00e4\u00dfig bei Modellen mit W\u00e4geplattengr\u00f6\u00dfe A, W\u00e4geraum \u00d8 \u00d7 H 150&#215;60 mm<\/li>\n<li>Arbeitsschutzhaube im Lieferumfang enthalten<\/li>\n<\/ul>\n<table border=\"1\" width=\"636\" cellspacing=\"0\" cellpadding=\"2\">\n<tbody>\n<tr>\n<td>Waage Modell<\/td>\n<td width=\"10%\">Ablesbarkeit<\/td>\n<td width=\"10%\">W\u00e4gebereich<\/td>\n<td width=\"10%\">Reproduktibilit\u00e4t<\/td>\n<td width=\"10%\">Linearit\u00e4t<\/td>\n<td width=\"10%\">Platteau<\/td>\n<\/tr>\n<tr>\n<td><\/td>\n<td width=\"10%\">g<\/td>\n<td width=\"10%\">g<\/td>\n<td width=\"10%\">g<\/td>\n<td width=\"10%\">g<\/td>\n<td width=\"10%\">mm<\/td>\n<\/tr>\n<tr>\n<td>PLS 420-3F<\/td>\n<td width=\"10%\">0.001<\/td>\n<td width=\"10%\">420<\/td>\n<td width=\"10%\">0.001<\/td>\n<td width=\"10%\">\u00b10.004<\/td>\n<td width=\"10%\">diam. 110<\/td>\n<\/tr>\n<tr>\n<td>PLS 720-3A<\/td>\n<td width=\"10%\">0.001<\/td>\n<td width=\"10%\">720<\/td>\n<td width=\"10%\">0.001<\/td>\n<td width=\"10%\">\u00b10.002<\/td>\n<td width=\"10%\">diam. 110<\/td>\n<\/tr>\n<tr>\n<td>PLS 1200-3A<\/td>\n<td width=\"10%\">0.001<\/td>\n<td width=\"10%\">1200<\/td>\n<td width=\"10%\">0.001<\/td>\n<td width=\"10%\">\u00b10.003<\/td>\n<td width=\"10%\">diam. 110<\/td>\n<\/tr>\n<tr>\n<td>PLS 4200-2F<\/td>\n<td width=\"10%\">0.01<\/td>\n<td width=\"10%\">4200<\/td>\n<td width=\"10%\">0.01<\/td>\n<td width=\"10%\">\u00b10.04<\/td>\n<td width=\"10%\">diam. 160<\/td>\n<\/tr>\n<tr>\n<td>PLS 6200-2A<\/td>\n<td width=\"10%\">0.01<\/td>\n<td width=\"10%\">6200<\/td>\n<td width=\"10%\">0.01<\/td>\n<td width=\"10%\">\u00b10.03<\/td>\n<td width=\"10%\">diam. 160<\/td>\n<\/tr>\n<tr>\n<td>PLS 8000-2A<\/td>\n<td width=\"10%\">0.01<\/td>\n<td width=\"10%\">8200<\/td>\n<td width=\"10%\">0.01<\/td>\n<td width=\"10%\">\u00b10.04<\/td>\n<td width=\"10%\">diam. 160<\/td>\n<\/tr>\n<tr>\n<td>PLS 20000-1F<\/td>\n<td width=\"10%\">0.1<\/td>\n<td width=\"10%\">20000<\/td>\n<td width=\"10%\">0.1<\/td>\n<td width=\"10%\">\u00b10,4<\/td>\n<td width=\"10%\">200&#215;175<\/td>\n<\/tr>\n<tr>\n<td>PLJ 420-3F<\/td>\n<td width=\"10%\">0.001<\/td>\n<td width=\"10%\">420<\/td>\n<td width=\"10%\">0.001<\/td>\n<td width=\"10%\">\u00b10.003<\/td>\n<td width=\"10%\">diam 110<\/td>\n<\/tr>\n<tr>\n<td>PLJ 720-3A<\/td>\n<td width=\"10%\">0.001<\/td>\n<td width=\"10%\">720<\/td>\n<td width=\"10%\">0.001<\/td>\n<td width=\"10%\">\u00b10.002<\/td>\n<td width=\"10%\">diam 110<\/td>\n<\/tr>\n<tr>\n<td>PLJ 720-3AM<\/td>\n<td width=\"10%\">0.001<\/td>\n<td width=\"10%\">720<\/td>\n<td width=\"10%\">0.001<\/td>\n<td width=\"10%\">\u00b10.002<\/td>\n<td width=\"10%\">diam 110<\/td>\n<\/tr>\n<tr>\n<td>PLJ 1200-3A<\/td>\n<td width=\"10%\">0.001<\/td>\n<td width=\"10%\">1200<\/td>\n<td width=\"10%\">0.001<\/td>\n<td width=\"10%\">\u00b10.003<\/td>\n<td width=\"10%\">diam 110<\/td>\n<\/tr>\n<tr>\n<td>PLJ 2000-3A<\/td>\n<td width=\"10%\">0.001<\/td>\n<td width=\"10%\">2100<\/td>\n<td width=\"10%\">0.001<\/td>\n<td width=\"10%\">\u00b10.004<\/td>\n<td width=\"10%\">diam 110<\/td>\n<\/tr>\n<tr>\n<td>PLJ 4200-2F<\/td>\n<td width=\"10%\">0.01<\/td>\n<td width=\"10%\">4200<\/td>\n<td width=\"10%\">0.01<\/td>\n<td width=\"10%\">\u00b10.04<\/td>\n<td width=\"10%\">diam 160<\/td>\n<\/tr>\n<tr>\n<td>PLJ 6200-2A<\/td>\n<td width=\"10%\">0.01<\/td>\n<td width=\"10%\">6200<\/td>\n<td width=\"10%\">0.01<\/td>\n<td width=\"10%\">\u00b10.03<\/td>\n<td width=\"10%\">diam 160<\/td>\n<\/tr>\n<tr>\n<td>LJ 6200-2AM<\/td>\n<td width=\"10%\">0.01<\/td>\n<td width=\"10%\">6200<\/td>\n<td width=\"10%\">0.01<\/td>\n<td width=\"10%\">\u00b10.03<\/td>\n<td width=\"10%\">diam 160<\/td>\n<\/tr>\n<\/tbody>\n<\/table>\n","protected":false},"excerpt":{"rendered":"<p>Laborwaage 0-420 g \u00e0 0-20 000 g<\/p>\n","protected":false},"featured_media":22758,"template":"","meta":{"_crdt_document":""},"product_brand":[],"product_cat":[165,346],"product_tag":[],"class_list":{"0":"post-22679","1":"product","2":"type-product","3":"status-publish","4":"has-post-thumbnail","6":"product_cat-gewicht","7":"product_cat-labor","9":"first","10":"instock","11":"taxable","12":"shipping-taxable","13":"purchasable","14":"product-type-variable"},"yoast_head":"<!-- This site is optimized with the Yoast SEO plugin v27.3 - https:\/\/yoast.com\/product\/yoast-seo-wordpress\/ -->\n<title>Waage KERN PLS \/PLJ - Sysmatec<\/title>\n<meta name=\"description\" content=\"Pr\u00e4zisionswaage, verschiedene Ausf\u00fchrungen f\u00fcr einen Messbereich bis 20 000 g. Ideal Ben\u00fctzung als Laborwaage.\" \/>\n<meta name=\"robots\" content=\"index, follow, max-snippet:-1, max-image-preview:large, max-video-preview:-1\" \/>\n<link rel=\"canonical\" href=\"https:\/\/sysmatec.ch\/de\/produit\/waage-kern-pls-plj\/\" \/>\n<meta property=\"og:locale\" content=\"de_DE\" \/>\n<meta property=\"og:type\" content=\"article\" \/>\n<meta property=\"og:title\" content=\"Waage KERN PLS \/PLJ - Sysmatec\" \/>\n<meta property=\"og:description\" content=\"Pr\u00e4zisionswaage, verschiedene Ausf\u00fchrungen f\u00fcr einen Messbereich bis 20 000 g. Ideal Ben\u00fctzung als Laborwaage.\" \/>\n<meta property=\"og:url\" content=\"https:\/\/sysmatec.ch\/de\/produit\/waage-kern-pls-plj\/\" \/>\n<meta property=\"og:site_name\" content=\"Sysmatec\" \/>\n<meta property=\"article:modified_time\" content=\"2021-11-26T09:59:33+00:00\" \/>\n<meta property=\"og:image\" content=\"https:\/\/sysmatec.ch\/wp-content\/uploads\/2021\/03\/Balance_PLS-4200-2F-scaled.jpg\" \/>\n\t<meta property=\"og:image:width\" content=\"2560\" \/>\n\t<meta property=\"og:image:height\" content=\"2470\" \/>\n\t<meta property=\"og:image:type\" content=\"image\/jpeg\" \/>\n<meta name=\"twitter:card\" content=\"summary_large_image\" \/>\n<meta name=\"twitter:label1\" content=\"Gesch\u00e4tzte Lesezeit\" \/>\n\t<meta name=\"twitter:data1\" content=\"2\u00a0Minuten\" \/>\n<script type=\"application\/ld+json\" class=\"yoast-schema-graph\">{\"@context\":\"https:\\\/\\\/schema.org\",\"@graph\":[{\"@type\":\"WebPage\",\"@id\":\"https:\\\/\\\/sysmatec.ch\\\/de\\\/produit\\\/waage-kern-pls-plj\\\/\",\"url\":\"https:\\\/\\\/sysmatec.ch\\\/de\\\/produit\\\/waage-kern-pls-plj\\\/\",\"name\":\"Waage KERN PLS \\\/PLJ - Sysmatec\",\"isPartOf\":{\"@id\":\"https:\\\/\\\/sysmatec.ch\\\/de\\\/#website\"},\"primaryImageOfPage\":{\"@id\":\"https:\\\/\\\/sysmatec.ch\\\/de\\\/produit\\\/waage-kern-pls-plj\\\/#primaryimage\"},\"image\":{\"@id\":\"https:\\\/\\\/sysmatec.ch\\\/de\\\/produit\\\/waage-kern-pls-plj\\\/#primaryimage\"},\"thumbnailUrl\":\"https:\\\/\\\/sysmatec.ch\\\/wp-content\\\/uploads\\\/2021\\\/03\\\/Balance_PLS-4200-2F-scaled.jpg\",\"datePublished\":\"2021-03-23T19:04:06+00:00\",\"dateModified\":\"2021-11-26T09:59:33+00:00\",\"description\":\"Pr\u00e4zisionswaage, verschiedene Ausf\u00fchrungen f\u00fcr einen Messbereich bis 20 000 g. Ideal Ben\u00fctzung als Laborwaage.\",\"breadcrumb\":{\"@id\":\"https:\\\/\\\/sysmatec.ch\\\/de\\\/produit\\\/waage-kern-pls-plj\\\/#breadcrumb\"},\"inLanguage\":\"de\",\"potentialAction\":[{\"@type\":\"ReadAction\",\"target\":[\"https:\\\/\\\/sysmatec.ch\\\/de\\\/produit\\\/waage-kern-pls-plj\\\/\"]}]},{\"@type\":\"ImageObject\",\"inLanguage\":\"de\",\"@id\":\"https:\\\/\\\/sysmatec.ch\\\/de\\\/produit\\\/waage-kern-pls-plj\\\/#primaryimage\",\"url\":\"https:\\\/\\\/sysmatec.ch\\\/wp-content\\\/uploads\\\/2021\\\/03\\\/Balance_PLS-4200-2F-scaled.jpg\",\"contentUrl\":\"https:\\\/\\\/sysmatec.ch\\\/wp-content\\\/uploads\\\/2021\\\/03\\\/Balance_PLS-4200-2F-scaled.jpg\",\"width\":2560,\"height\":2470},{\"@type\":\"BreadcrumbList\",\"@id\":\"https:\\\/\\\/sysmatec.ch\\\/de\\\/produit\\\/waage-kern-pls-plj\\\/#breadcrumb\",\"itemListElement\":[{\"@type\":\"ListItem\",\"position\":1,\"name\":\"Accueil\",\"item\":\"https:\\\/\\\/sysmatec.ch\\\/de\\\/\"},{\"@type\":\"ListItem\",\"position\":2,\"name\":\"Die Aktivit\u00e4t von Sysmatec\",\"item\":\"https:\\\/\\\/sysmatec.ch\\\/de\\\/\"},{\"@type\":\"ListItem\",\"position\":3,\"name\":\"Waage KERN PLS \\\/PLJ\"}]},{\"@type\":\"WebSite\",\"@id\":\"https:\\\/\\\/sysmatec.ch\\\/de\\\/#website\",\"url\":\"https:\\\/\\\/sysmatec.ch\\\/de\\\/\",\"name\":\"Sysmatec\",\"description\":\"Equipement de laboratoire et logiciels\",\"publisher\":{\"@id\":\"https:\\\/\\\/sysmatec.ch\\\/de\\\/#organization\"},\"potentialAction\":[{\"@type\":\"SearchAction\",\"target\":{\"@type\":\"EntryPoint\",\"urlTemplate\":\"https:\\\/\\\/sysmatec.ch\\\/de\\\/?s={search_term_string}\"},\"query-input\":{\"@type\":\"PropertyValueSpecification\",\"valueRequired\":true,\"valueName\":\"search_term_string\"}}],\"inLanguage\":\"de\"},{\"@type\":\"Organization\",\"@id\":\"https:\\\/\\\/sysmatec.ch\\\/de\\\/#organization\",\"name\":\"Sysmatec\",\"url\":\"https:\\\/\\\/sysmatec.ch\\\/de\\\/\",\"logo\":{\"@type\":\"ImageObject\",\"inLanguage\":\"de\",\"@id\":\"https:\\\/\\\/sysmatec.ch\\\/de\\\/#\\\/schema\\\/logo\\\/image\\\/\",\"url\":\"https:\\\/\\\/sysmatec.ch\\\/wp-content\\\/uploads\\\/2018\\\/11\\\/LogoSysmatec.jpg\",\"contentUrl\":\"https:\\\/\\\/sysmatec.ch\\\/wp-content\\\/uploads\\\/2018\\\/11\\\/LogoSysmatec.jpg\",\"width\":301,\"height\":297,\"caption\":\"Sysmatec\"},\"image\":{\"@id\":\"https:\\\/\\\/sysmatec.ch\\\/de\\\/#\\\/schema\\\/logo\\\/image\\\/\"}}]}<\/script>\n<!-- \/ Yoast SEO plugin. -->","yoast_head_json":{"title":"Waage KERN PLS \/PLJ - Sysmatec","description":"Pr\u00e4zisionswaage, verschiedene Ausf\u00fchrungen f\u00fcr einen Messbereich bis 20 000 g. Ideal Ben\u00fctzung als Laborwaage.","robots":{"index":"index","follow":"follow","max-snippet":"max-snippet:-1","max-image-preview":"max-image-preview:large","max-video-preview":"max-video-preview:-1"},"canonical":"https:\/\/sysmatec.ch\/de\/produit\/waage-kern-pls-plj\/","og_locale":"de_DE","og_type":"article","og_title":"Waage KERN PLS \/PLJ - Sysmatec","og_description":"Pr\u00e4zisionswaage, verschiedene Ausf\u00fchrungen f\u00fcr einen Messbereich bis 20 000 g. Ideal Ben\u00fctzung als Laborwaage.","og_url":"https:\/\/sysmatec.ch\/de\/produit\/waage-kern-pls-plj\/","og_site_name":"Sysmatec","article_modified_time":"2021-11-26T09:59:33+00:00","og_image":[{"width":2560,"height":2470,"url":"https:\/\/sysmatec.ch\/wp-content\/uploads\/2021\/03\/Balance_PLS-4200-2F-scaled.jpg","type":"image\/jpeg"}],"twitter_card":"summary_large_image","twitter_misc":{"Gesch\u00e4tzte Lesezeit":"2\u00a0Minuten"},"schema":{"@context":"https:\/\/schema.org","@graph":[{"@type":"WebPage","@id":"https:\/\/sysmatec.ch\/de\/produit\/waage-kern-pls-plj\/","url":"https:\/\/sysmatec.ch\/de\/produit\/waage-kern-pls-plj\/","name":"Waage KERN PLS \/PLJ - Sysmatec","isPartOf":{"@id":"https:\/\/sysmatec.ch\/de\/#website"},"primaryImageOfPage":{"@id":"https:\/\/sysmatec.ch\/de\/produit\/waage-kern-pls-plj\/#primaryimage"},"image":{"@id":"https:\/\/sysmatec.ch\/de\/produit\/waage-kern-pls-plj\/#primaryimage"},"thumbnailUrl":"https:\/\/sysmatec.ch\/wp-content\/uploads\/2021\/03\/Balance_PLS-4200-2F-scaled.jpg","datePublished":"2021-03-23T19:04:06+00:00","dateModified":"2021-11-26T09:59:33+00:00","description":"Pr\u00e4zisionswaage, verschiedene Ausf\u00fchrungen f\u00fcr einen Messbereich bis 20 000 g. Ideal Ben\u00fctzung als Laborwaage.","breadcrumb":{"@id":"https:\/\/sysmatec.ch\/de\/produit\/waage-kern-pls-plj\/#breadcrumb"},"inLanguage":"de","potentialAction":[{"@type":"ReadAction","target":["https:\/\/sysmatec.ch\/de\/produit\/waage-kern-pls-plj\/"]}]},{"@type":"ImageObject","inLanguage":"de","@id":"https:\/\/sysmatec.ch\/de\/produit\/waage-kern-pls-plj\/#primaryimage","url":"https:\/\/sysmatec.ch\/wp-content\/uploads\/2021\/03\/Balance_PLS-4200-2F-scaled.jpg","contentUrl":"https:\/\/sysmatec.ch\/wp-content\/uploads\/2021\/03\/Balance_PLS-4200-2F-scaled.jpg","width":2560,"height":2470},{"@type":"BreadcrumbList","@id":"https:\/\/sysmatec.ch\/de\/produit\/waage-kern-pls-plj\/#breadcrumb","itemListElement":[{"@type":"ListItem","position":1,"name":"Accueil","item":"https:\/\/sysmatec.ch\/de\/"},{"@type":"ListItem","position":2,"name":"Die Aktivit\u00e4t von Sysmatec","item":"https:\/\/sysmatec.ch\/de\/"},{"@type":"ListItem","position":3,"name":"Waage KERN PLS \/PLJ"}]},{"@type":"WebSite","@id":"https:\/\/sysmatec.ch\/de\/#website","url":"https:\/\/sysmatec.ch\/de\/","name":"Sysmatec","description":"Equipement de laboratoire et logiciels","publisher":{"@id":"https:\/\/sysmatec.ch\/de\/#organization"},"potentialAction":[{"@type":"SearchAction","target":{"@type":"EntryPoint","urlTemplate":"https:\/\/sysmatec.ch\/de\/?s={search_term_string}"},"query-input":{"@type":"PropertyValueSpecification","valueRequired":true,"valueName":"search_term_string"}}],"inLanguage":"de"},{"@type":"Organization","@id":"https:\/\/sysmatec.ch\/de\/#organization","name":"Sysmatec","url":"https:\/\/sysmatec.ch\/de\/","logo":{"@type":"ImageObject","inLanguage":"de","@id":"https:\/\/sysmatec.ch\/de\/#\/schema\/logo\/image\/","url":"https:\/\/sysmatec.ch\/wp-content\/uploads\/2018\/11\/LogoSysmatec.jpg","contentUrl":"https:\/\/sysmatec.ch\/wp-content\/uploads\/2018\/11\/LogoSysmatec.jpg","width":301,"height":297,"caption":"Sysmatec"},"image":{"@id":"https:\/\/sysmatec.ch\/de\/#\/schema\/logo\/image\/"}}]}},"_links":{"self":[{"href":"https:\/\/sysmatec.ch\/de\/wp-json\/wp\/v2\/product\/22679","targetHints":{"allow":["GET"]}}],"collection":[{"href":"https:\/\/sysmatec.ch\/de\/wp-json\/wp\/v2\/product"}],"about":[{"href":"https:\/\/sysmatec.ch\/de\/wp-json\/wp\/v2\/types\/product"}],"wp:featuredmedia":[{"embeddable":true,"href":"https:\/\/sysmatec.ch\/de\/wp-json\/wp\/v2\/media\/22758"}],"wp:attachment":[{"href":"https:\/\/sysmatec.ch\/de\/wp-json\/wp\/v2\/media?parent=22679"}],"wp:term":[{"taxonomy":"product_brand","embeddable":true,"href":"https:\/\/sysmatec.ch\/de\/wp-json\/wp\/v2\/product_brand?post=22679"},{"taxonomy":"product_cat","embeddable":true,"href":"https:\/\/sysmatec.ch\/de\/wp-json\/wp\/v2\/product_cat?post=22679"},{"taxonomy":"product_tag","embeddable":true,"href":"https:\/\/sysmatec.ch\/de\/wp-json\/wp\/v2\/product_tag?post=22679"}],"curies":[{"name":"wp","href":"https:\/\/api.w.org\/{rel}","templated":true}]}}