{"id":2267,"date":"2019-01-11T22:09:37","date_gmt":"2019-01-11T21:09:37","guid":{"rendered":"https:\/\/sysmatec.ch\/produit\/dessiccateur-star-v1910-07\/"},"modified":"2022-03-10T15:14:16","modified_gmt":"2022-03-10T14:14:16","slug":"antistatik-star-exsikkator-1910-07","status":"publish","type":"product","link":"https:\/\/sysmatec.ch\/de\/Produkt\/antistatik-star-exsikkator-1910-07\/","title":{"rendered":"Antistatik Star-Exsikkator 1910-07"},"content":{"rendered":"<ul>\n<li>Material: PC ESD (Polycarbonat)<\/li>\n<li>verst\u00e4rkter Aluminiumrahmen mit antistatisch beschichteten Acrylglasscheiben<\/li>\n<li>Temperaturbest\u00e4ndigkeit: -20 \u00b0C bis +70 \u00b0C<\/li>\n<li>Verwendung: Normaldruck<\/li>\n<li>inklusive zwei Zwischenb\u00f6den aus Acrylglas, Schale, Hygrometer und Trocknungsmittel, mit bis zu 13 B\u00f6den best\u00fcckbar, T\u00fcr \u00f6ffnet nach vorne, stapelbar<\/li>\n<li>Au\u00dfenma\u00dfe B x H xT: 310 x 525 x 375 mm<\/li>\n<li>Nutzbarer Innenraum B x H xT: 260 x 480 x 330 mm<\/li>\n<li>Nutzvolumen: 42 Liter<\/li>\n<li>Gesamtvolumen: 45 Liter<\/li>\n<li>Gewicht: ca. 7 kg<\/li>\n<li>Max. Bodenlast bei fl\u00e4chiger Belastung: 15 kg<\/li>\n<li>Gesamtlast bei fl\u00e4chiger Belastung: 30 kg<\/li>\n<\/ul>\n","protected":false},"excerpt":{"rendered":"<p><span class=\"VIiyi\" lang=\"de\"><span class=\"JLqJ4b ChMk0b\" data-language-for-alternatives=\"de\" data-language-to-translate-into=\"fr\" data-phrase-index=\"3\" data-number-of-phrases=\"4\">Exsikkator mit transparenter antistatischer Verglasung.<\/span><\/span><\/p>\n","protected":false},"featured_media":1209,"template":"","meta":{"_crdt_document":""},"product_brand":[],"product_cat":[143],"product_tag":[],"class_list":{"0":"post-2267","1":"product","2":"type-product","3":"status-publish","4":"has-post-thumbnail","6":"product_cat-exsikkator","8":"first","9":"instock","10":"taxable","11":"shipping-taxable","12":"product-type-simple"},"yoast_head":"<!-- This site is optimized with the Yoast SEO plugin v27.3 - https:\/\/yoast.com\/product\/yoast-seo-wordpress\/ -->\n<title>Antistatik Star-Exsikkator 1910-07 - Sysmatec<\/title>\n<meta name=\"description\" content=\"Exsikkator mit antistatischer Acrylglasverglasung. Nutzvolumen 42 L. Betriebstemperatur von -20\u00b0C bis +70\u00b0C.\" \/>\n<meta name=\"robots\" content=\"index, follow, max-snippet:-1, max-image-preview:large, max-video-preview:-1\" \/>\n<link rel=\"canonical\" href=\"https:\/\/sysmatec.ch\/de\/produit\/antistatik-star-exsikkator-1910-07\/\" \/>\n<meta property=\"og:locale\" content=\"de_DE\" \/>\n<meta property=\"og:type\" content=\"article\" \/>\n<meta property=\"og:title\" content=\"Antistatik Star-Exsikkator 1910-07 - Sysmatec\" \/>\n<meta property=\"og:description\" content=\"Exsikkator mit antistatischer Acrylglasverglasung. Nutzvolumen 42 L. Betriebstemperatur von -20\u00b0C bis +70\u00b0C.\" \/>\n<meta property=\"og:url\" content=\"https:\/\/sysmatec.ch\/de\/produit\/antistatik-star-exsikkator-1910-07\/\" \/>\n<meta property=\"og:site_name\" content=\"Sysmatec\" \/>\n<meta property=\"article:modified_time\" content=\"2022-03-10T14:14:16+00:00\" \/>\n<meta property=\"og:image\" content=\"https:\/\/sysmatec.ch\/wp-content\/uploads\/2019\/01\/Dessiccateur_BolaV1877.jpg\" \/>\n\t<meta property=\"og:image:width\" content=\"170\" \/>\n\t<meta property=\"og:image:height\" content=\"170\" \/>\n\t<meta property=\"og:image:type\" content=\"image\/jpeg\" \/>\n<meta name=\"twitter:card\" content=\"summary_large_image\" \/>\n<script type=\"application\/ld+json\" class=\"yoast-schema-graph\">{\"@context\":\"https:\\\/\\\/schema.org\",\"@graph\":[{\"@type\":\"WebPage\",\"@id\":\"https:\\\/\\\/sysmatec.ch\\\/de\\\/produit\\\/antistatik-star-exsikkator-1910-07\\\/\",\"url\":\"https:\\\/\\\/sysmatec.ch\\\/de\\\/produit\\\/antistatik-star-exsikkator-1910-07\\\/\",\"name\":\"Antistatik Star-Exsikkator 1910-07 - Sysmatec\",\"isPartOf\":{\"@id\":\"https:\\\/\\\/sysmatec.ch\\\/de\\\/#website\"},\"primaryImageOfPage\":{\"@id\":\"https:\\\/\\\/sysmatec.ch\\\/de\\\/produit\\\/antistatik-star-exsikkator-1910-07\\\/#primaryimage\"},\"image\":{\"@id\":\"https:\\\/\\\/sysmatec.ch\\\/de\\\/produit\\\/antistatik-star-exsikkator-1910-07\\\/#primaryimage\"},\"thumbnailUrl\":\"https:\\\/\\\/sysmatec.ch\\\/wp-content\\\/uploads\\\/2019\\\/01\\\/Dessiccateur_BolaV1877.jpg\",\"datePublished\":\"2019-01-11T21:09:37+00:00\",\"dateModified\":\"2022-03-10T14:14:16+00:00\",\"description\":\"Exsikkator mit antistatischer Acrylglasverglasung. Nutzvolumen 42 L. Betriebstemperatur von -20\u00b0C bis +70\u00b0C.\",\"breadcrumb\":{\"@id\":\"https:\\\/\\\/sysmatec.ch\\\/de\\\/produit\\\/antistatik-star-exsikkator-1910-07\\\/#breadcrumb\"},\"inLanguage\":\"de\",\"potentialAction\":[{\"@type\":\"ReadAction\",\"target\":[\"https:\\\/\\\/sysmatec.ch\\\/de\\\/produit\\\/antistatik-star-exsikkator-1910-07\\\/\"]}]},{\"@type\":\"ImageObject\",\"inLanguage\":\"de\",\"@id\":\"https:\\\/\\\/sysmatec.ch\\\/de\\\/produit\\\/antistatik-star-exsikkator-1910-07\\\/#primaryimage\",\"url\":\"https:\\\/\\\/sysmatec.ch\\\/wp-content\\\/uploads\\\/2019\\\/01\\\/Dessiccateur_BolaV1877.jpg\",\"contentUrl\":\"https:\\\/\\\/sysmatec.ch\\\/wp-content\\\/uploads\\\/2019\\\/01\\\/Dessiccateur_BolaV1877.jpg\",\"width\":170,\"height\":170},{\"@type\":\"BreadcrumbList\",\"@id\":\"https:\\\/\\\/sysmatec.ch\\\/de\\\/produit\\\/antistatik-star-exsikkator-1910-07\\\/#breadcrumb\",\"itemListElement\":[{\"@type\":\"ListItem\",\"position\":1,\"name\":\"Accueil\",\"item\":\"https:\\\/\\\/sysmatec.ch\\\/de\\\/\"},{\"@type\":\"ListItem\",\"position\":2,\"name\":\"Die Aktivit\u00e4t von Sysmatec\",\"item\":\"https:\\\/\\\/sysmatec.ch\\\/de\\\/\"},{\"@type\":\"ListItem\",\"position\":3,\"name\":\"Antistatik Star-Exsikkator 1910-07\"}]},{\"@type\":\"WebSite\",\"@id\":\"https:\\\/\\\/sysmatec.ch\\\/de\\\/#website\",\"url\":\"https:\\\/\\\/sysmatec.ch\\\/de\\\/\",\"name\":\"Sysmatec\",\"description\":\"Equipement de laboratoire et logiciels\",\"publisher\":{\"@id\":\"https:\\\/\\\/sysmatec.ch\\\/de\\\/#organization\"},\"potentialAction\":[{\"@type\":\"SearchAction\",\"target\":{\"@type\":\"EntryPoint\",\"urlTemplate\":\"https:\\\/\\\/sysmatec.ch\\\/de\\\/?s={search_term_string}\"},\"query-input\":{\"@type\":\"PropertyValueSpecification\",\"valueRequired\":true,\"valueName\":\"search_term_string\"}}],\"inLanguage\":\"de\"},{\"@type\":\"Organization\",\"@id\":\"https:\\\/\\\/sysmatec.ch\\\/de\\\/#organization\",\"name\":\"Sysmatec\",\"url\":\"https:\\\/\\\/sysmatec.ch\\\/de\\\/\",\"logo\":{\"@type\":\"ImageObject\",\"inLanguage\":\"de\",\"@id\":\"https:\\\/\\\/sysmatec.ch\\\/de\\\/#\\\/schema\\\/logo\\\/image\\\/\",\"url\":\"https:\\\/\\\/sysmatec.ch\\\/wp-content\\\/uploads\\\/2018\\\/11\\\/LogoSysmatec.jpg\",\"contentUrl\":\"https:\\\/\\\/sysmatec.ch\\\/wp-content\\\/uploads\\\/2018\\\/11\\\/LogoSysmatec.jpg\",\"width\":301,\"height\":297,\"caption\":\"Sysmatec\"},\"image\":{\"@id\":\"https:\\\/\\\/sysmatec.ch\\\/de\\\/#\\\/schema\\\/logo\\\/image\\\/\"}}]}<\/script>\n<!-- \/ Yoast SEO plugin. -->","yoast_head_json":{"title":"Antistatik Star-Exsikkator 1910-07 - Sysmatec","description":"Exsikkator mit antistatischer Acrylglasverglasung. Nutzvolumen 42 L. Betriebstemperatur von -20\u00b0C bis +70\u00b0C.","robots":{"index":"index","follow":"follow","max-snippet":"max-snippet:-1","max-image-preview":"max-image-preview:large","max-video-preview":"max-video-preview:-1"},"canonical":"https:\/\/sysmatec.ch\/de\/produit\/antistatik-star-exsikkator-1910-07\/","og_locale":"de_DE","og_type":"article","og_title":"Antistatik Star-Exsikkator 1910-07 - Sysmatec","og_description":"Exsikkator mit antistatischer Acrylglasverglasung. Nutzvolumen 42 L. Betriebstemperatur von -20\u00b0C bis +70\u00b0C.","og_url":"https:\/\/sysmatec.ch\/de\/produit\/antistatik-star-exsikkator-1910-07\/","og_site_name":"Sysmatec","article_modified_time":"2022-03-10T14:14:16+00:00","og_image":[{"width":170,"height":170,"url":"https:\/\/sysmatec.ch\/wp-content\/uploads\/2019\/01\/Dessiccateur_BolaV1877.jpg","type":"image\/jpeg"}],"twitter_card":"summary_large_image","schema":{"@context":"https:\/\/schema.org","@graph":[{"@type":"WebPage","@id":"https:\/\/sysmatec.ch\/de\/produit\/antistatik-star-exsikkator-1910-07\/","url":"https:\/\/sysmatec.ch\/de\/produit\/antistatik-star-exsikkator-1910-07\/","name":"Antistatik Star-Exsikkator 1910-07 - Sysmatec","isPartOf":{"@id":"https:\/\/sysmatec.ch\/de\/#website"},"primaryImageOfPage":{"@id":"https:\/\/sysmatec.ch\/de\/produit\/antistatik-star-exsikkator-1910-07\/#primaryimage"},"image":{"@id":"https:\/\/sysmatec.ch\/de\/produit\/antistatik-star-exsikkator-1910-07\/#primaryimage"},"thumbnailUrl":"https:\/\/sysmatec.ch\/wp-content\/uploads\/2019\/01\/Dessiccateur_BolaV1877.jpg","datePublished":"2019-01-11T21:09:37+00:00","dateModified":"2022-03-10T14:14:16+00:00","description":"Exsikkator mit antistatischer Acrylglasverglasung. Nutzvolumen 42 L. Betriebstemperatur von -20\u00b0C bis +70\u00b0C.","breadcrumb":{"@id":"https:\/\/sysmatec.ch\/de\/produit\/antistatik-star-exsikkator-1910-07\/#breadcrumb"},"inLanguage":"de","potentialAction":[{"@type":"ReadAction","target":["https:\/\/sysmatec.ch\/de\/produit\/antistatik-star-exsikkator-1910-07\/"]}]},{"@type":"ImageObject","inLanguage":"de","@id":"https:\/\/sysmatec.ch\/de\/produit\/antistatik-star-exsikkator-1910-07\/#primaryimage","url":"https:\/\/sysmatec.ch\/wp-content\/uploads\/2019\/01\/Dessiccateur_BolaV1877.jpg","contentUrl":"https:\/\/sysmatec.ch\/wp-content\/uploads\/2019\/01\/Dessiccateur_BolaV1877.jpg","width":170,"height":170},{"@type":"BreadcrumbList","@id":"https:\/\/sysmatec.ch\/de\/produit\/antistatik-star-exsikkator-1910-07\/#breadcrumb","itemListElement":[{"@type":"ListItem","position":1,"name":"Accueil","item":"https:\/\/sysmatec.ch\/de\/"},{"@type":"ListItem","position":2,"name":"Die Aktivit\u00e4t von Sysmatec","item":"https:\/\/sysmatec.ch\/de\/"},{"@type":"ListItem","position":3,"name":"Antistatik Star-Exsikkator 1910-07"}]},{"@type":"WebSite","@id":"https:\/\/sysmatec.ch\/de\/#website","url":"https:\/\/sysmatec.ch\/de\/","name":"Sysmatec","description":"Equipement de laboratoire et logiciels","publisher":{"@id":"https:\/\/sysmatec.ch\/de\/#organization"},"potentialAction":[{"@type":"SearchAction","target":{"@type":"EntryPoint","urlTemplate":"https:\/\/sysmatec.ch\/de\/?s={search_term_string}"},"query-input":{"@type":"PropertyValueSpecification","valueRequired":true,"valueName":"search_term_string"}}],"inLanguage":"de"},{"@type":"Organization","@id":"https:\/\/sysmatec.ch\/de\/#organization","name":"Sysmatec","url":"https:\/\/sysmatec.ch\/de\/","logo":{"@type":"ImageObject","inLanguage":"de","@id":"https:\/\/sysmatec.ch\/de\/#\/schema\/logo\/image\/","url":"https:\/\/sysmatec.ch\/wp-content\/uploads\/2018\/11\/LogoSysmatec.jpg","contentUrl":"https:\/\/sysmatec.ch\/wp-content\/uploads\/2018\/11\/LogoSysmatec.jpg","width":301,"height":297,"caption":"Sysmatec"},"image":{"@id":"https:\/\/sysmatec.ch\/de\/#\/schema\/logo\/image\/"}}]}},"_links":{"self":[{"href":"https:\/\/sysmatec.ch\/de\/wp-json\/wp\/v2\/product\/2267","targetHints":{"allow":["GET"]}}],"collection":[{"href":"https:\/\/sysmatec.ch\/de\/wp-json\/wp\/v2\/product"}],"about":[{"href":"https:\/\/sysmatec.ch\/de\/wp-json\/wp\/v2\/types\/product"}],"wp:featuredmedia":[{"embeddable":true,"href":"https:\/\/sysmatec.ch\/de\/wp-json\/wp\/v2\/media\/1209"}],"wp:attachment":[{"href":"https:\/\/sysmatec.ch\/de\/wp-json\/wp\/v2\/media?parent=2267"}],"wp:term":[{"taxonomy":"product_brand","embeddable":true,"href":"https:\/\/sysmatec.ch\/de\/wp-json\/wp\/v2\/product_brand?post=2267"},{"taxonomy":"product_cat","embeddable":true,"href":"https:\/\/sysmatec.ch\/de\/wp-json\/wp\/v2\/product_cat?post=2267"},{"taxonomy":"product_tag","embeddable":true,"href":"https:\/\/sysmatec.ch\/de\/wp-json\/wp\/v2\/product_tag?post=2267"}],"curies":[{"name":"wp","href":"https:\/\/api.w.org\/{rel}","templated":true}]}}