{"id":2264,"date":"2019-01-11T22:15:03","date_gmt":"2019-01-11T21:15:03","guid":{"rendered":"https:\/\/sysmatec.ch\/produit\/dessiccateur-maxi-1-protect\/"},"modified":"2022-03-10T12:01:52","modified_gmt":"2022-03-10T11:01:52","slug":"maxi-1-exsikkator-protect","status":"publish","type":"product","link":"https:\/\/sysmatec.ch\/de\/Produkt\/maxi-1-exsikkator-protect\/","title":{"rendered":"Maxi 1-Exsikkator Protect"},"content":{"rendered":"<ul>\n<li type=\"disc\">Material: PMM<\/li>\n<li type=\"disc\">Farbe: orange, zur Aufbewahrung von lichtempfindlichen Substanzen geeignet<\/li>\n<li type=\"disc\">Temperaturbest\u00e4ndigkeit: -20\u00b0C bis +70\u00b0C<\/li>\n<li type=\"disc\">Verwendung: Normaldruck<\/li>\n<li type=\"disc\">Stand: Rollen<\/li>\n<li type=\"disc\">Diese Exsikkatoren zur Trocknung eignen sich zur feuchtigkeitsabwehrenden Aufbewahrung oder Trocknung mittels Silicagel. Gleichzeitig sch\u00fctzt die dicht abschlie\u00dfende T\u00fcr vor Verunreinigungen durch die Umgebungsluft. Die Innenbedingungen sind beispielsweise optimal f\u00fcr die Aufbewahrung von Referenzmaterialien, R\u00fcckstellmustern, metallografischen Schliffproben, Tabakbl\u00e4ttern und sogar DNA-Proben.<\/li>\n<li type=\"disc\">Inklusive vier Zwischenb\u00f6den aus Edelstahl, Schale und Hygrometer,mit bis zu 34 B\u00f6den best\u00fcckbar, orangefarbenes Acryl hemmt den Lichteinfall, wirkt als UV-Schutz.<\/li>\n<li type=\"disc\">Au\u00dfenma\u00dfe B x H xT: 560 x 1150 x 580 mm<\/li>\n<li type=\"disc\">Nutzbarer Innenraum B x H xT: 495 x 1030 x 540 mm<\/li>\n<li type=\"disc\">Nutzvolumen: 280 Liter<\/li>\n<li type=\"disc\">Gesamtvolumen: 300 Liter<\/li>\n<li type=\"disc\">Gewicht: ca. 30 kg<\/li>\n<li type=\"disc\">Max. Bodenlast bei fl\u00e4chiger Belastung: 30 kg<\/li>\n<li type=\"disc\">Gesamtlast bei fl\u00e4chiger Belastung: 160 kg<\/li>\n<\/ul>\n","protected":false},"excerpt":{"rendered":"<p><span class=\"VIiyi\" lang=\"de\"><span class=\"JLqJ4b ChMk0b\" data-language-for-alternatives=\"de\" data-language-to-translate-into=\"fr\" data-phrase-index=\"3\" data-number-of-phrases=\"4\">Exsikkator mit farbiger Verglasung.<\/span><\/span><\/p>\n","protected":false},"featured_media":1223,"template":"","meta":{"_crdt_document":""},"product_brand":[],"product_cat":[143],"product_tag":[],"class_list":{"0":"post-2264","1":"product","2":"type-product","3":"status-publish","4":"has-post-thumbnail","6":"product_cat-exsikkator","8":"first","9":"instock","10":"taxable","11":"shipping-taxable","12":"product-type-simple"},"yoast_head":"<!-- This site is optimized with the Yoast SEO plugin v27.3 - https:\/\/yoast.com\/product\/yoast-seo-wordpress\/ -->\n<title>Maxi 1-Exsikkator Protect - Sysmatec<\/title>\n<meta name=\"description\" content=\"Exsikkator mit farbigen Acrylglasscheiben zum Schutz der darin befindlichen Produkte vor Licht. Volumen 280 l.\" \/>\n<meta name=\"robots\" content=\"index, follow, max-snippet:-1, max-image-preview:large, max-video-preview:-1\" \/>\n<link rel=\"canonical\" href=\"https:\/\/sysmatec.ch\/de\/produit\/maxi-1-exsikkator-protect\/\" \/>\n<meta property=\"og:locale\" content=\"de_DE\" \/>\n<meta property=\"og:type\" content=\"article\" \/>\n<meta property=\"og:title\" content=\"Maxi 1-Exsikkator Protect - Sysmatec\" \/>\n<meta property=\"og:description\" content=\"Exsikkator mit farbigen Acrylglasscheiben zum Schutz der darin befindlichen Produkte vor Licht. Volumen 280 l.\" \/>\n<meta property=\"og:url\" content=\"https:\/\/sysmatec.ch\/de\/produit\/maxi-1-exsikkator-protect\/\" \/>\n<meta property=\"og:site_name\" content=\"Sysmatec\" \/>\n<meta property=\"article:modified_time\" content=\"2022-03-10T11:01:52+00:00\" \/>\n<meta property=\"og:image\" content=\"https:\/\/sysmatec.ch\/wp-content\/uploads\/2019\/01\/Dessiccateur_SiccoMaxi1Protect.jpg\" \/>\n\t<meta property=\"og:image:width\" content=\"186\" \/>\n\t<meta property=\"og:image:height\" content=\"186\" \/>\n\t<meta property=\"og:image:type\" content=\"image\/jpeg\" \/>\n<meta name=\"twitter:card\" content=\"summary_large_image\" \/>\n<meta name=\"twitter:label1\" content=\"Gesch\u00e4tzte Lesezeit\" \/>\n\t<meta name=\"twitter:data1\" content=\"1\u00a0Minute\" \/>\n<script type=\"application\/ld+json\" class=\"yoast-schema-graph\">{\"@context\":\"https:\\\/\\\/schema.org\",\"@graph\":[{\"@type\":\"WebPage\",\"@id\":\"https:\\\/\\\/sysmatec.ch\\\/de\\\/produit\\\/maxi-1-exsikkator-protect\\\/\",\"url\":\"https:\\\/\\\/sysmatec.ch\\\/de\\\/produit\\\/maxi-1-exsikkator-protect\\\/\",\"name\":\"Maxi 1-Exsikkator Protect - Sysmatec\",\"isPartOf\":{\"@id\":\"https:\\\/\\\/sysmatec.ch\\\/de\\\/#website\"},\"primaryImageOfPage\":{\"@id\":\"https:\\\/\\\/sysmatec.ch\\\/de\\\/produit\\\/maxi-1-exsikkator-protect\\\/#primaryimage\"},\"image\":{\"@id\":\"https:\\\/\\\/sysmatec.ch\\\/de\\\/produit\\\/maxi-1-exsikkator-protect\\\/#primaryimage\"},\"thumbnailUrl\":\"https:\\\/\\\/sysmatec.ch\\\/wp-content\\\/uploads\\\/2019\\\/01\\\/Dessiccateur_SiccoMaxi1Protect.jpg\",\"datePublished\":\"2019-01-11T21:15:03+00:00\",\"dateModified\":\"2022-03-10T11:01:52+00:00\",\"description\":\"Exsikkator mit farbigen Acrylglasscheiben zum Schutz der darin befindlichen Produkte vor Licht. Volumen 280 l.\",\"breadcrumb\":{\"@id\":\"https:\\\/\\\/sysmatec.ch\\\/de\\\/produit\\\/maxi-1-exsikkator-protect\\\/#breadcrumb\"},\"inLanguage\":\"de\",\"potentialAction\":[{\"@type\":\"ReadAction\",\"target\":[\"https:\\\/\\\/sysmatec.ch\\\/de\\\/produit\\\/maxi-1-exsikkator-protect\\\/\"]}]},{\"@type\":\"ImageObject\",\"inLanguage\":\"de\",\"@id\":\"https:\\\/\\\/sysmatec.ch\\\/de\\\/produit\\\/maxi-1-exsikkator-protect\\\/#primaryimage\",\"url\":\"https:\\\/\\\/sysmatec.ch\\\/wp-content\\\/uploads\\\/2019\\\/01\\\/Dessiccateur_SiccoMaxi1Protect.jpg\",\"contentUrl\":\"https:\\\/\\\/sysmatec.ch\\\/wp-content\\\/uploads\\\/2019\\\/01\\\/Dessiccateur_SiccoMaxi1Protect.jpg\",\"width\":186,\"height\":186},{\"@type\":\"BreadcrumbList\",\"@id\":\"https:\\\/\\\/sysmatec.ch\\\/de\\\/produit\\\/maxi-1-exsikkator-protect\\\/#breadcrumb\",\"itemListElement\":[{\"@type\":\"ListItem\",\"position\":1,\"name\":\"Accueil\",\"item\":\"https:\\\/\\\/sysmatec.ch\\\/de\\\/\"},{\"@type\":\"ListItem\",\"position\":2,\"name\":\"Die Aktivit\u00e4t von Sysmatec\",\"item\":\"https:\\\/\\\/sysmatec.ch\\\/de\\\/\"},{\"@type\":\"ListItem\",\"position\":3,\"name\":\"Maxi 1-Exsikkator Protect\"}]},{\"@type\":\"WebSite\",\"@id\":\"https:\\\/\\\/sysmatec.ch\\\/de\\\/#website\",\"url\":\"https:\\\/\\\/sysmatec.ch\\\/de\\\/\",\"name\":\"Sysmatec\",\"description\":\"Equipement de laboratoire et logiciels\",\"publisher\":{\"@id\":\"https:\\\/\\\/sysmatec.ch\\\/de\\\/#organization\"},\"potentialAction\":[{\"@type\":\"SearchAction\",\"target\":{\"@type\":\"EntryPoint\",\"urlTemplate\":\"https:\\\/\\\/sysmatec.ch\\\/de\\\/?s={search_term_string}\"},\"query-input\":{\"@type\":\"PropertyValueSpecification\",\"valueRequired\":true,\"valueName\":\"search_term_string\"}}],\"inLanguage\":\"de\"},{\"@type\":\"Organization\",\"@id\":\"https:\\\/\\\/sysmatec.ch\\\/de\\\/#organization\",\"name\":\"Sysmatec\",\"url\":\"https:\\\/\\\/sysmatec.ch\\\/de\\\/\",\"logo\":{\"@type\":\"ImageObject\",\"inLanguage\":\"de\",\"@id\":\"https:\\\/\\\/sysmatec.ch\\\/de\\\/#\\\/schema\\\/logo\\\/image\\\/\",\"url\":\"https:\\\/\\\/sysmatec.ch\\\/wp-content\\\/uploads\\\/2018\\\/11\\\/LogoSysmatec.jpg\",\"contentUrl\":\"https:\\\/\\\/sysmatec.ch\\\/wp-content\\\/uploads\\\/2018\\\/11\\\/LogoSysmatec.jpg\",\"width\":301,\"height\":297,\"caption\":\"Sysmatec\"},\"image\":{\"@id\":\"https:\\\/\\\/sysmatec.ch\\\/de\\\/#\\\/schema\\\/logo\\\/image\\\/\"}}]}<\/script>\n<!-- \/ Yoast SEO plugin. -->","yoast_head_json":{"title":"Maxi 1-Exsikkator Protect - Sysmatec","description":"Exsikkator mit farbigen Acrylglasscheiben zum Schutz der darin befindlichen Produkte vor Licht. Volumen 280 l.","robots":{"index":"index","follow":"follow","max-snippet":"max-snippet:-1","max-image-preview":"max-image-preview:large","max-video-preview":"max-video-preview:-1"},"canonical":"https:\/\/sysmatec.ch\/de\/produit\/maxi-1-exsikkator-protect\/","og_locale":"de_DE","og_type":"article","og_title":"Maxi 1-Exsikkator Protect - Sysmatec","og_description":"Exsikkator mit farbigen Acrylglasscheiben zum Schutz der darin befindlichen Produkte vor Licht. Volumen 280 l.","og_url":"https:\/\/sysmatec.ch\/de\/produit\/maxi-1-exsikkator-protect\/","og_site_name":"Sysmatec","article_modified_time":"2022-03-10T11:01:52+00:00","og_image":[{"width":186,"height":186,"url":"https:\/\/sysmatec.ch\/wp-content\/uploads\/2019\/01\/Dessiccateur_SiccoMaxi1Protect.jpg","type":"image\/jpeg"}],"twitter_card":"summary_large_image","twitter_misc":{"Gesch\u00e4tzte Lesezeit":"1\u00a0Minute"},"schema":{"@context":"https:\/\/schema.org","@graph":[{"@type":"WebPage","@id":"https:\/\/sysmatec.ch\/de\/produit\/maxi-1-exsikkator-protect\/","url":"https:\/\/sysmatec.ch\/de\/produit\/maxi-1-exsikkator-protect\/","name":"Maxi 1-Exsikkator Protect - Sysmatec","isPartOf":{"@id":"https:\/\/sysmatec.ch\/de\/#website"},"primaryImageOfPage":{"@id":"https:\/\/sysmatec.ch\/de\/produit\/maxi-1-exsikkator-protect\/#primaryimage"},"image":{"@id":"https:\/\/sysmatec.ch\/de\/produit\/maxi-1-exsikkator-protect\/#primaryimage"},"thumbnailUrl":"https:\/\/sysmatec.ch\/wp-content\/uploads\/2019\/01\/Dessiccateur_SiccoMaxi1Protect.jpg","datePublished":"2019-01-11T21:15:03+00:00","dateModified":"2022-03-10T11:01:52+00:00","description":"Exsikkator mit farbigen Acrylglasscheiben zum Schutz der darin befindlichen Produkte vor Licht. Volumen 280 l.","breadcrumb":{"@id":"https:\/\/sysmatec.ch\/de\/produit\/maxi-1-exsikkator-protect\/#breadcrumb"},"inLanguage":"de","potentialAction":[{"@type":"ReadAction","target":["https:\/\/sysmatec.ch\/de\/produit\/maxi-1-exsikkator-protect\/"]}]},{"@type":"ImageObject","inLanguage":"de","@id":"https:\/\/sysmatec.ch\/de\/produit\/maxi-1-exsikkator-protect\/#primaryimage","url":"https:\/\/sysmatec.ch\/wp-content\/uploads\/2019\/01\/Dessiccateur_SiccoMaxi1Protect.jpg","contentUrl":"https:\/\/sysmatec.ch\/wp-content\/uploads\/2019\/01\/Dessiccateur_SiccoMaxi1Protect.jpg","width":186,"height":186},{"@type":"BreadcrumbList","@id":"https:\/\/sysmatec.ch\/de\/produit\/maxi-1-exsikkator-protect\/#breadcrumb","itemListElement":[{"@type":"ListItem","position":1,"name":"Accueil","item":"https:\/\/sysmatec.ch\/de\/"},{"@type":"ListItem","position":2,"name":"Die Aktivit\u00e4t von Sysmatec","item":"https:\/\/sysmatec.ch\/de\/"},{"@type":"ListItem","position":3,"name":"Maxi 1-Exsikkator Protect"}]},{"@type":"WebSite","@id":"https:\/\/sysmatec.ch\/de\/#website","url":"https:\/\/sysmatec.ch\/de\/","name":"Sysmatec","description":"Equipement de laboratoire et logiciels","publisher":{"@id":"https:\/\/sysmatec.ch\/de\/#organization"},"potentialAction":[{"@type":"SearchAction","target":{"@type":"EntryPoint","urlTemplate":"https:\/\/sysmatec.ch\/de\/?s={search_term_string}"},"query-input":{"@type":"PropertyValueSpecification","valueRequired":true,"valueName":"search_term_string"}}],"inLanguage":"de"},{"@type":"Organization","@id":"https:\/\/sysmatec.ch\/de\/#organization","name":"Sysmatec","url":"https:\/\/sysmatec.ch\/de\/","logo":{"@type":"ImageObject","inLanguage":"de","@id":"https:\/\/sysmatec.ch\/de\/#\/schema\/logo\/image\/","url":"https:\/\/sysmatec.ch\/wp-content\/uploads\/2018\/11\/LogoSysmatec.jpg","contentUrl":"https:\/\/sysmatec.ch\/wp-content\/uploads\/2018\/11\/LogoSysmatec.jpg","width":301,"height":297,"caption":"Sysmatec"},"image":{"@id":"https:\/\/sysmatec.ch\/de\/#\/schema\/logo\/image\/"}}]}},"_links":{"self":[{"href":"https:\/\/sysmatec.ch\/de\/wp-json\/wp\/v2\/product\/2264","targetHints":{"allow":["GET"]}}],"collection":[{"href":"https:\/\/sysmatec.ch\/de\/wp-json\/wp\/v2\/product"}],"about":[{"href":"https:\/\/sysmatec.ch\/de\/wp-json\/wp\/v2\/types\/product"}],"wp:featuredmedia":[{"embeddable":true,"href":"https:\/\/sysmatec.ch\/de\/wp-json\/wp\/v2\/media\/1223"}],"wp:attachment":[{"href":"https:\/\/sysmatec.ch\/de\/wp-json\/wp\/v2\/media?parent=2264"}],"wp:term":[{"taxonomy":"product_brand","embeddable":true,"href":"https:\/\/sysmatec.ch\/de\/wp-json\/wp\/v2\/product_brand?post=2264"},{"taxonomy":"product_cat","embeddable":true,"href":"https:\/\/sysmatec.ch\/de\/wp-json\/wp\/v2\/product_cat?post=2264"},{"taxonomy":"product_tag","embeddable":true,"href":"https:\/\/sysmatec.ch\/de\/wp-json\/wp\/v2\/product_tag?post=2264"}],"curies":[{"name":"wp","href":"https:\/\/api.w.org\/{rel}","templated":true}]}}