{"id":2253,"date":"2019-01-12T19:33:37","date_gmt":"2019-01-12T18:33:37","guid":{"rendered":"https:\/\/sysmatec.ch\/produit\/maxi-2-dessiccateur-noir\/"},"modified":"2022-03-10T11:48:39","modified_gmt":"2022-03-10T10:48:39","slug":"maxi-2-exsikkator-black","status":"publish","type":"product","link":"https:\/\/sysmatec.ch\/de\/Produkt\/maxi-2-exsikkator-black\/","title":{"rendered":"Maxi 2-Exsikkator Black"},"content":{"rendered":"<ul>\n<li type=\"disc\">Material: PMMA<\/li>\n<li type=\"disc\">Temperaturbest\u00e4ndigkeit: -20\u00b0C bis +70\u00b0C<\/li>\n<li type=\"disc\">Verwendung: Normaldruck<\/li>\n<li type=\"disc\">Stand: Rollen<\/li>\n<li type=\"disc\">Aluminiumrahmen, Scheiben aus schwarzem, licht- und UV-undurchl\u00e4ssigem Acrylglas, Oberfl\u00e4chen hochgl\u00e4nzend, zwei getrennte Kammern und zwei T\u00fcren, inklusive vier Zwischenb\u00f6den aus Edelstahl, zwei Schalen und zwei Hygrometern, vier Lenkrollen, mit bis zu 17 B\u00f6den je Kammer best\u00fcckbar.<\/li>\n<li type=\"disc\">Insbesondere zur Lagerung von Substanzen unter Ausschluss von Licht- oder UV-Strahlung.<\/li>\n<li type=\"disc\">Au\u00dfenma\u00dfe B x H xT: 560 x 1150 x 580 mm<\/li>\n<li type=\"disc\">Nutzbarer Innenraum B x H xT: 495 x 500 x 540 mm pro Kammer<\/li>\n<li type=\"disc\">Nutzvolumen: 156 Liter pro Kammer<\/li>\n<li type=\"disc\">Gewicht: ca. 34 kg<\/li>\n<li type=\"disc\">Max. Bodenlast bei fl\u00e4chiger Belastung: 30 kg<\/li>\n<li type=\"disc\">Gesamtlast bei fl\u00e4chiger Belastung: 80 kg pro Kammer<\/li>\n<\/ul>\n","protected":false},"excerpt":{"rendered":"<p><span class=\"VIiyi\" lang=\"de\"><span class=\"JLqJ4b ChMk0b\" data-language-for-alternatives=\"de\" data-language-to-translate-into=\"fr\" data-phrase-index=\"3\" data-number-of-phrases=\"4\">Exsikkator mit opaker Verglasung.<\/span><\/span><\/p>\n","protected":false},"featured_media":1225,"template":"","meta":{"_crdt_document":""},"product_brand":[],"product_cat":[143],"product_tag":[],"class_list":{"0":"post-2253","1":"product","2":"type-product","3":"status-publish","4":"has-post-thumbnail","6":"product_cat-exsikkator","8":"first","9":"instock","10":"taxable","11":"shipping-taxable","12":"product-type-simple"},"yoast_head":"<!-- This site is optimized with the Yoast SEO plugin v27.3 - https:\/\/yoast.com\/product\/yoast-seo-wordpress\/ -->\n<title>Maxi 2-Exsikkator Black - Sysmatec<\/title>\n<meta name=\"description\" content=\"Exsikkator mit schwarzen Acrylglasscheiben zum Schutz der darin befindlichen Produkte vor Licht. Volumen 156 L pro Fach.\" \/>\n<meta name=\"robots\" content=\"index, follow, max-snippet:-1, max-image-preview:large, max-video-preview:-1\" \/>\n<link rel=\"canonical\" href=\"https:\/\/sysmatec.ch\/de\/produit\/maxi-2-exsikkator-black\/\" \/>\n<meta property=\"og:locale\" content=\"de_DE\" \/>\n<meta property=\"og:type\" content=\"article\" \/>\n<meta property=\"og:title\" content=\"Maxi 2-Exsikkator Black - Sysmatec\" \/>\n<meta property=\"og:description\" content=\"Exsikkator mit schwarzen Acrylglasscheiben zum Schutz der darin befindlichen Produkte vor Licht. Volumen 156 L pro Fach.\" \/>\n<meta property=\"og:url\" content=\"https:\/\/sysmatec.ch\/de\/produit\/maxi-2-exsikkator-black\/\" \/>\n<meta property=\"og:site_name\" content=\"Sysmatec\" \/>\n<meta property=\"article:modified_time\" content=\"2022-03-10T10:48:39+00:00\" \/>\n<meta property=\"og:image\" content=\"https:\/\/sysmatec.ch\/wp-content\/uploads\/2019\/01\/Dessiccateur_SiccoMaxi2BlackDessicator.jpg\" \/>\n\t<meta property=\"og:image:width\" content=\"190\" \/>\n\t<meta property=\"og:image:height\" content=\"222\" \/>\n\t<meta property=\"og:image:type\" content=\"image\/jpeg\" \/>\n<meta name=\"twitter:card\" content=\"summary_large_image\" \/>\n<meta name=\"twitter:label1\" content=\"Gesch\u00e4tzte Lesezeit\" \/>\n\t<meta name=\"twitter:data1\" content=\"1\u00a0Minute\" \/>\n<script type=\"application\/ld+json\" class=\"yoast-schema-graph\">{\"@context\":\"https:\\\/\\\/schema.org\",\"@graph\":[{\"@type\":\"WebPage\",\"@id\":\"https:\\\/\\\/sysmatec.ch\\\/de\\\/produit\\\/maxi-2-exsikkator-black\\\/\",\"url\":\"https:\\\/\\\/sysmatec.ch\\\/de\\\/produit\\\/maxi-2-exsikkator-black\\\/\",\"name\":\"Maxi 2-Exsikkator Black - Sysmatec\",\"isPartOf\":{\"@id\":\"https:\\\/\\\/sysmatec.ch\\\/de\\\/#website\"},\"primaryImageOfPage\":{\"@id\":\"https:\\\/\\\/sysmatec.ch\\\/de\\\/produit\\\/maxi-2-exsikkator-black\\\/#primaryimage\"},\"image\":{\"@id\":\"https:\\\/\\\/sysmatec.ch\\\/de\\\/produit\\\/maxi-2-exsikkator-black\\\/#primaryimage\"},\"thumbnailUrl\":\"https:\\\/\\\/sysmatec.ch\\\/wp-content\\\/uploads\\\/2019\\\/01\\\/Dessiccateur_SiccoMaxi2BlackDessicator.jpg\",\"datePublished\":\"2019-01-12T18:33:37+00:00\",\"dateModified\":\"2022-03-10T10:48:39+00:00\",\"description\":\"Exsikkator mit schwarzen Acrylglasscheiben zum Schutz der darin befindlichen Produkte vor Licht. Volumen 156 L pro Fach.\",\"breadcrumb\":{\"@id\":\"https:\\\/\\\/sysmatec.ch\\\/de\\\/produit\\\/maxi-2-exsikkator-black\\\/#breadcrumb\"},\"inLanguage\":\"de\",\"potentialAction\":[{\"@type\":\"ReadAction\",\"target\":[\"https:\\\/\\\/sysmatec.ch\\\/de\\\/produit\\\/maxi-2-exsikkator-black\\\/\"]}]},{\"@type\":\"ImageObject\",\"inLanguage\":\"de\",\"@id\":\"https:\\\/\\\/sysmatec.ch\\\/de\\\/produit\\\/maxi-2-exsikkator-black\\\/#primaryimage\",\"url\":\"https:\\\/\\\/sysmatec.ch\\\/wp-content\\\/uploads\\\/2019\\\/01\\\/Dessiccateur_SiccoMaxi2BlackDessicator.jpg\",\"contentUrl\":\"https:\\\/\\\/sysmatec.ch\\\/wp-content\\\/uploads\\\/2019\\\/01\\\/Dessiccateur_SiccoMaxi2BlackDessicator.jpg\",\"width\":190,\"height\":222},{\"@type\":\"BreadcrumbList\",\"@id\":\"https:\\\/\\\/sysmatec.ch\\\/de\\\/produit\\\/maxi-2-exsikkator-black\\\/#breadcrumb\",\"itemListElement\":[{\"@type\":\"ListItem\",\"position\":1,\"name\":\"Accueil\",\"item\":\"https:\\\/\\\/sysmatec.ch\\\/de\\\/\"},{\"@type\":\"ListItem\",\"position\":2,\"name\":\"Die Aktivit\u00e4t von Sysmatec\",\"item\":\"https:\\\/\\\/sysmatec.ch\\\/de\\\/\"},{\"@type\":\"ListItem\",\"position\":3,\"name\":\"Maxi 2-Exsikkator Black\"}]},{\"@type\":\"WebSite\",\"@id\":\"https:\\\/\\\/sysmatec.ch\\\/de\\\/#website\",\"url\":\"https:\\\/\\\/sysmatec.ch\\\/de\\\/\",\"name\":\"Sysmatec\",\"description\":\"Equipement de laboratoire et logiciels\",\"publisher\":{\"@id\":\"https:\\\/\\\/sysmatec.ch\\\/de\\\/#organization\"},\"potentialAction\":[{\"@type\":\"SearchAction\",\"target\":{\"@type\":\"EntryPoint\",\"urlTemplate\":\"https:\\\/\\\/sysmatec.ch\\\/de\\\/?s={search_term_string}\"},\"query-input\":{\"@type\":\"PropertyValueSpecification\",\"valueRequired\":true,\"valueName\":\"search_term_string\"}}],\"inLanguage\":\"de\"},{\"@type\":\"Organization\",\"@id\":\"https:\\\/\\\/sysmatec.ch\\\/de\\\/#organization\",\"name\":\"Sysmatec\",\"url\":\"https:\\\/\\\/sysmatec.ch\\\/de\\\/\",\"logo\":{\"@type\":\"ImageObject\",\"inLanguage\":\"de\",\"@id\":\"https:\\\/\\\/sysmatec.ch\\\/de\\\/#\\\/schema\\\/logo\\\/image\\\/\",\"url\":\"https:\\\/\\\/sysmatec.ch\\\/wp-content\\\/uploads\\\/2018\\\/11\\\/LogoSysmatec.jpg\",\"contentUrl\":\"https:\\\/\\\/sysmatec.ch\\\/wp-content\\\/uploads\\\/2018\\\/11\\\/LogoSysmatec.jpg\",\"width\":301,\"height\":297,\"caption\":\"Sysmatec\"},\"image\":{\"@id\":\"https:\\\/\\\/sysmatec.ch\\\/de\\\/#\\\/schema\\\/logo\\\/image\\\/\"}}]}<\/script>\n<!-- \/ Yoast SEO plugin. -->","yoast_head_json":{"title":"Maxi 2-Exsikkator Black - Sysmatec","description":"Exsikkator mit schwarzen Acrylglasscheiben zum Schutz der darin befindlichen Produkte vor Licht. Volumen 156 L pro Fach.","robots":{"index":"index","follow":"follow","max-snippet":"max-snippet:-1","max-image-preview":"max-image-preview:large","max-video-preview":"max-video-preview:-1"},"canonical":"https:\/\/sysmatec.ch\/de\/produit\/maxi-2-exsikkator-black\/","og_locale":"de_DE","og_type":"article","og_title":"Maxi 2-Exsikkator Black - Sysmatec","og_description":"Exsikkator mit schwarzen Acrylglasscheiben zum Schutz der darin befindlichen Produkte vor Licht. Volumen 156 L pro Fach.","og_url":"https:\/\/sysmatec.ch\/de\/produit\/maxi-2-exsikkator-black\/","og_site_name":"Sysmatec","article_modified_time":"2022-03-10T10:48:39+00:00","og_image":[{"width":190,"height":222,"url":"https:\/\/sysmatec.ch\/wp-content\/uploads\/2019\/01\/Dessiccateur_SiccoMaxi2BlackDessicator.jpg","type":"image\/jpeg"}],"twitter_card":"summary_large_image","twitter_misc":{"Gesch\u00e4tzte Lesezeit":"1\u00a0Minute"},"schema":{"@context":"https:\/\/schema.org","@graph":[{"@type":"WebPage","@id":"https:\/\/sysmatec.ch\/de\/produit\/maxi-2-exsikkator-black\/","url":"https:\/\/sysmatec.ch\/de\/produit\/maxi-2-exsikkator-black\/","name":"Maxi 2-Exsikkator Black - Sysmatec","isPartOf":{"@id":"https:\/\/sysmatec.ch\/de\/#website"},"primaryImageOfPage":{"@id":"https:\/\/sysmatec.ch\/de\/produit\/maxi-2-exsikkator-black\/#primaryimage"},"image":{"@id":"https:\/\/sysmatec.ch\/de\/produit\/maxi-2-exsikkator-black\/#primaryimage"},"thumbnailUrl":"https:\/\/sysmatec.ch\/wp-content\/uploads\/2019\/01\/Dessiccateur_SiccoMaxi2BlackDessicator.jpg","datePublished":"2019-01-12T18:33:37+00:00","dateModified":"2022-03-10T10:48:39+00:00","description":"Exsikkator mit schwarzen Acrylglasscheiben zum Schutz der darin befindlichen Produkte vor Licht. Volumen 156 L pro Fach.","breadcrumb":{"@id":"https:\/\/sysmatec.ch\/de\/produit\/maxi-2-exsikkator-black\/#breadcrumb"},"inLanguage":"de","potentialAction":[{"@type":"ReadAction","target":["https:\/\/sysmatec.ch\/de\/produit\/maxi-2-exsikkator-black\/"]}]},{"@type":"ImageObject","inLanguage":"de","@id":"https:\/\/sysmatec.ch\/de\/produit\/maxi-2-exsikkator-black\/#primaryimage","url":"https:\/\/sysmatec.ch\/wp-content\/uploads\/2019\/01\/Dessiccateur_SiccoMaxi2BlackDessicator.jpg","contentUrl":"https:\/\/sysmatec.ch\/wp-content\/uploads\/2019\/01\/Dessiccateur_SiccoMaxi2BlackDessicator.jpg","width":190,"height":222},{"@type":"BreadcrumbList","@id":"https:\/\/sysmatec.ch\/de\/produit\/maxi-2-exsikkator-black\/#breadcrumb","itemListElement":[{"@type":"ListItem","position":1,"name":"Accueil","item":"https:\/\/sysmatec.ch\/de\/"},{"@type":"ListItem","position":2,"name":"Die Aktivit\u00e4t von Sysmatec","item":"https:\/\/sysmatec.ch\/de\/"},{"@type":"ListItem","position":3,"name":"Maxi 2-Exsikkator Black"}]},{"@type":"WebSite","@id":"https:\/\/sysmatec.ch\/de\/#website","url":"https:\/\/sysmatec.ch\/de\/","name":"Sysmatec","description":"Equipement de laboratoire et logiciels","publisher":{"@id":"https:\/\/sysmatec.ch\/de\/#organization"},"potentialAction":[{"@type":"SearchAction","target":{"@type":"EntryPoint","urlTemplate":"https:\/\/sysmatec.ch\/de\/?s={search_term_string}"},"query-input":{"@type":"PropertyValueSpecification","valueRequired":true,"valueName":"search_term_string"}}],"inLanguage":"de"},{"@type":"Organization","@id":"https:\/\/sysmatec.ch\/de\/#organization","name":"Sysmatec","url":"https:\/\/sysmatec.ch\/de\/","logo":{"@type":"ImageObject","inLanguage":"de","@id":"https:\/\/sysmatec.ch\/de\/#\/schema\/logo\/image\/","url":"https:\/\/sysmatec.ch\/wp-content\/uploads\/2018\/11\/LogoSysmatec.jpg","contentUrl":"https:\/\/sysmatec.ch\/wp-content\/uploads\/2018\/11\/LogoSysmatec.jpg","width":301,"height":297,"caption":"Sysmatec"},"image":{"@id":"https:\/\/sysmatec.ch\/de\/#\/schema\/logo\/image\/"}}]}},"_links":{"self":[{"href":"https:\/\/sysmatec.ch\/de\/wp-json\/wp\/v2\/product\/2253","targetHints":{"allow":["GET"]}}],"collection":[{"href":"https:\/\/sysmatec.ch\/de\/wp-json\/wp\/v2\/product"}],"about":[{"href":"https:\/\/sysmatec.ch\/de\/wp-json\/wp\/v2\/types\/product"}],"wp:featuredmedia":[{"embeddable":true,"href":"https:\/\/sysmatec.ch\/de\/wp-json\/wp\/v2\/media\/1225"}],"wp:attachment":[{"href":"https:\/\/sysmatec.ch\/de\/wp-json\/wp\/v2\/media?parent=2253"}],"wp:term":[{"taxonomy":"product_brand","embeddable":true,"href":"https:\/\/sysmatec.ch\/de\/wp-json\/wp\/v2\/product_brand?post=2253"},{"taxonomy":"product_cat","embeddable":true,"href":"https:\/\/sysmatec.ch\/de\/wp-json\/wp\/v2\/product_cat?post=2253"},{"taxonomy":"product_tag","embeddable":true,"href":"https:\/\/sysmatec.ch\/de\/wp-json\/wp\/v2\/product_tag?post=2253"}],"curies":[{"name":"wp","href":"https:\/\/api.w.org\/{rel}","templated":true}]}}