{"id":22514,"date":"2021-03-21T11:41:20","date_gmt":"2021-03-21T10:41:20","guid":{"rendered":"https:\/\/sysmatec.ch\/?post_type=product&#038;p=22514"},"modified":"2021-11-26T18:17:11","modified_gmt":"2021-11-26T17:17:11","slug":"ph-messung-mit-sensor-stick","status":"publish","type":"product","link":"https:\/\/sysmatec.ch\/de\/Produkt\/ph-messung-mit-sensor-stick\/","title":{"rendered":"pH Messung mit Sensor Stick"},"content":{"rendered":"<p>Dieser Luer Lock Adapter ist mit einem miniaturisierten pH Sensor Spot vom Typ HP5 ausgestattet (Messbereich von pH 5,5 &#8211; 8,5). Eine optische Polymerfaser wird am Sensor Stick befestigt und verbindet ihn mit einem pH Messger\u00e4t. So k\u00f6nnen kontinuierliche, nicht-invasive pH Messungen durchgef\u00fchrt werden. Der pH Sensor Stick kann leicht \u00fcber Luer-Anschl\u00fcsse in kundenspezifische Durchflusszellen oder experimentelle Aufbauten integriert werden. Der SST-HP5-US ist unabh\u00e4ngig von Flie\u00dfgeschwindigkeit oder elektromagnetischen Feldern und kann durch seine kleinen Abmessungen in vielen Aufbauten eingesetzt werden, wo andere pH Messtechnik einfach nicht passt.<\/p>\n<table class=\"contenttable\">\n<tbody>\n<tr>\n<td>Messbereich<\/td>\n<td>pH 5.5 &#8211; 8.5<\/td>\n<\/tr>\n<tr>\n<td>Aufl\u00f6sung<\/td>\n<td>bei pH = 7: \u00b1 0.02 pH<\/td>\n<\/tr>\n<tr>\n<td>Genauigkeit**<\/td>\n<td>bei pH = 7: \u00b1 0.05 pH<\/td>\n<\/tr>\n<tr>\n<td>Drift<\/td>\n<td>bei pH = 7: &lt; 0.005 pH pro Tag (Messintervall von 1 Min.)<\/td>\n<\/tr>\n<tr>\n<td>Messtemperaturbereich<\/td>\n<td>von + 5 \u00b0C bis + 50 \u00b0C<\/td>\n<\/tr>\n<tr>\n<td>Ansprechzeit (t<sub>90<\/sub>)***<\/td>\n<td>&lt; 120 Sek.<\/td>\n<\/tr>\n<tr class=\"row-highlight\">\n<td colspan=\"2\" rowspan=\"1\">Eigenschaften<\/td>\n<\/tr>\n<tr>\n<td>Kompatibilit\u00e4t<\/td>\n<td>W\u00e4ssrige L\u00f6sungen, Ethanol (max. 10 % V\/V), Methanol (max. 10 % V\/V), pH 2 &#8211; 10<\/td>\n<\/tr>\n<tr>\n<td>Querempfindlichkeit<\/td>\n<td>Reduziert auf Ionenst\u00e4rke (Salinit\u00e4t); eine hohe Konzentration kleiner, im sichtbaren Bereich fluoreszierender Molek\u00fcle kann st\u00f6ren<\/td>\n<\/tr>\n<tr>\n<td>Sterilisationsverfahren****<\/td>\n<td>Bestrahlung, Ethylenoxid (EtO)<\/td>\n<\/tr>\n<tr>\n<td>Kalibrierung<\/td>\n<td>SSTs sind vorkalibriert; Ein-Punkt-Kalibrierung wird empfohlen<\/td>\n<\/tr>\n<tr>\n<td>Lagerbest\u00e4ndigkeit<\/td>\n<td>18 Monate, vorausgesetzt der Sensor wird im Dunkeln gelagert<\/td>\n<\/tr>\n<\/tbody>\n<\/table>\n<p>*vorausgesetzt pH Sensoren werden ohne weitere Handhabung in physiologischer L\u00f6sung verwendet<br \/>\n**nach Ein-Punkt-Kalibrierung bei pH = 7<br \/>\n***\u00e4quilibrierter Sensor Stick mit physiologischer L\u00f6sung und ausreichender Flussrate (min. 15 ml\/min) bei 37 \u00b0C)<br \/>\n****eventuell Rekalibrierung erforderlich<\/p>\n","protected":false},"excerpt":{"rendered":"<p><span class=\"VIiyi\" lang=\"de\"><span class=\"JLqJ4b ChMk0b\" data-language-for-alternatives=\"de\" data-language-to-translate-into=\"en\" data-phrase-index=\"0\">Nicht-invasive pH-Messung 5.5 bis 8.5<\/span><\/span><\/p>\n","protected":false},"featured_media":22518,"template":"","meta":{"_crdt_document":""},"product_brand":[],"product_cat":[180,241],"product_tag":[],"class_list":{"0":"post-22514","1":"product","2":"type-product","3":"status-publish","4":"has-post-thumbnail","6":"product_cat-messung","7":"product_cat-ph-de","9":"first","10":"instock","11":"taxable","12":"shipping-taxable","13":"product-type-simple"},"yoast_head":"<!-- This site is optimized with the Yoast SEO plugin v27.4 - https:\/\/yoast.com\/product\/yoast-seo-wordpress\/ -->\n<title>pH Messung mit Sensor Stick - Sysmatec<\/title>\n<meta name=\"description\" content=\"Faseroptischer pH-Sensor und Luer-Lock-Anschluss. Sehr konpakt und einfach zu integrieren f\u00fcr Durchflusszellenmessung.\" \/>\n<meta name=\"robots\" content=\"index, follow, max-snippet:-1, max-image-preview:large, max-video-preview:-1\" \/>\n<link rel=\"canonical\" href=\"https:\/\/sysmatec.ch\/de\/produit\/ph-messung-mit-sensor-stick\/\" \/>\n<meta property=\"og:locale\" content=\"de_DE\" \/>\n<meta property=\"og:type\" content=\"article\" \/>\n<meta property=\"og:title\" content=\"pH Messung mit Sensor Stick - Sysmatec\" \/>\n<meta property=\"og:description\" content=\"Faseroptischer pH-Sensor und Luer-Lock-Anschluss. Sehr konpakt und einfach zu integrieren f\u00fcr Durchflusszellenmessung.\" \/>\n<meta property=\"og:url\" content=\"https:\/\/sysmatec.ch\/de\/produit\/ph-messung-mit-sensor-stick\/\" \/>\n<meta property=\"og:site_name\" content=\"Sysmatec\" \/>\n<meta property=\"article:modified_time\" content=\"2021-11-26T17:17:11+00:00\" \/>\n<meta property=\"og:image\" content=\"https:\/\/sysmatec.ch\/wp-content\/uploads\/2021\/03\/pH-Sensor-Stick_Presens.jpg\" \/>\n\t<meta property=\"og:image:width\" content=\"474\" \/>\n\t<meta property=\"og:image:height\" content=\"402\" \/>\n\t<meta property=\"og:image:type\" content=\"image\/jpeg\" \/>\n<meta name=\"twitter:card\" content=\"summary_large_image\" \/>\n<meta name=\"twitter:label1\" content=\"Gesch\u00e4tzte Lesezeit\" \/>\n\t<meta name=\"twitter:data1\" content=\"1\u00a0Minute\" \/>\n<script type=\"application\/ld+json\" class=\"yoast-schema-graph\">{\"@context\":\"https:\\\/\\\/schema.org\",\"@graph\":[{\"@type\":\"WebPage\",\"@id\":\"https:\\\/\\\/sysmatec.ch\\\/de\\\/produit\\\/ph-messung-mit-sensor-stick\\\/\",\"url\":\"https:\\\/\\\/sysmatec.ch\\\/de\\\/produit\\\/ph-messung-mit-sensor-stick\\\/\",\"name\":\"pH Messung mit Sensor Stick - Sysmatec\",\"isPartOf\":{\"@id\":\"https:\\\/\\\/sysmatec.ch\\\/de\\\/#website\"},\"primaryImageOfPage\":{\"@id\":\"https:\\\/\\\/sysmatec.ch\\\/de\\\/produit\\\/ph-messung-mit-sensor-stick\\\/#primaryimage\"},\"image\":{\"@id\":\"https:\\\/\\\/sysmatec.ch\\\/de\\\/produit\\\/ph-messung-mit-sensor-stick\\\/#primaryimage\"},\"thumbnailUrl\":\"https:\\\/\\\/sysmatec.ch\\\/wp-content\\\/uploads\\\/2021\\\/03\\\/pH-Sensor-Stick_Presens.jpg\",\"datePublished\":\"2021-03-21T10:41:20+00:00\",\"dateModified\":\"2021-11-26T17:17:11+00:00\",\"description\":\"Faseroptischer pH-Sensor und Luer-Lock-Anschluss. Sehr konpakt und einfach zu integrieren f\u00fcr Durchflusszellenmessung.\",\"breadcrumb\":{\"@id\":\"https:\\\/\\\/sysmatec.ch\\\/de\\\/produit\\\/ph-messung-mit-sensor-stick\\\/#breadcrumb\"},\"inLanguage\":\"de\",\"potentialAction\":[{\"@type\":\"ReadAction\",\"target\":[\"https:\\\/\\\/sysmatec.ch\\\/de\\\/produit\\\/ph-messung-mit-sensor-stick\\\/\"]}]},{\"@type\":\"ImageObject\",\"inLanguage\":\"de\",\"@id\":\"https:\\\/\\\/sysmatec.ch\\\/de\\\/produit\\\/ph-messung-mit-sensor-stick\\\/#primaryimage\",\"url\":\"https:\\\/\\\/sysmatec.ch\\\/wp-content\\\/uploads\\\/2021\\\/03\\\/pH-Sensor-Stick_Presens.jpg\",\"contentUrl\":\"https:\\\/\\\/sysmatec.ch\\\/wp-content\\\/uploads\\\/2021\\\/03\\\/pH-Sensor-Stick_Presens.jpg\",\"width\":474,\"height\":402},{\"@type\":\"BreadcrumbList\",\"@id\":\"https:\\\/\\\/sysmatec.ch\\\/de\\\/produit\\\/ph-messung-mit-sensor-stick\\\/#breadcrumb\",\"itemListElement\":[{\"@type\":\"ListItem\",\"position\":1,\"name\":\"Accueil\",\"item\":\"https:\\\/\\\/sysmatec.ch\\\/de\\\/\"},{\"@type\":\"ListItem\",\"position\":2,\"name\":\"Die Aktivit\u00e4t von Sysmatec\",\"item\":\"https:\\\/\\\/sysmatec.ch\\\/de\\\/\"},{\"@type\":\"ListItem\",\"position\":3,\"name\":\"pH Messung mit Sensor Stick\"}]},{\"@type\":\"WebSite\",\"@id\":\"https:\\\/\\\/sysmatec.ch\\\/de\\\/#website\",\"url\":\"https:\\\/\\\/sysmatec.ch\\\/de\\\/\",\"name\":\"Sysmatec\",\"description\":\"Equipement de laboratoire et logiciels\",\"publisher\":{\"@id\":\"https:\\\/\\\/sysmatec.ch\\\/de\\\/#organization\"},\"potentialAction\":[{\"@type\":\"SearchAction\",\"target\":{\"@type\":\"EntryPoint\",\"urlTemplate\":\"https:\\\/\\\/sysmatec.ch\\\/de\\\/?s={search_term_string}\"},\"query-input\":{\"@type\":\"PropertyValueSpecification\",\"valueRequired\":true,\"valueName\":\"search_term_string\"}}],\"inLanguage\":\"de\"},{\"@type\":\"Organization\",\"@id\":\"https:\\\/\\\/sysmatec.ch\\\/de\\\/#organization\",\"name\":\"Sysmatec\",\"url\":\"https:\\\/\\\/sysmatec.ch\\\/de\\\/\",\"logo\":{\"@type\":\"ImageObject\",\"inLanguage\":\"de\",\"@id\":\"https:\\\/\\\/sysmatec.ch\\\/de\\\/#\\\/schema\\\/logo\\\/image\\\/\",\"url\":\"https:\\\/\\\/sysmatec.ch\\\/wp-content\\\/uploads\\\/2018\\\/11\\\/LogoSysmatec.jpg\",\"contentUrl\":\"https:\\\/\\\/sysmatec.ch\\\/wp-content\\\/uploads\\\/2018\\\/11\\\/LogoSysmatec.jpg\",\"width\":301,\"height\":297,\"caption\":\"Sysmatec\"},\"image\":{\"@id\":\"https:\\\/\\\/sysmatec.ch\\\/de\\\/#\\\/schema\\\/logo\\\/image\\\/\"}}]}<\/script>\n<!-- \/ Yoast SEO plugin. -->","yoast_head_json":{"title":"pH Messung mit Sensor Stick - Sysmatec","description":"Faseroptischer pH-Sensor und Luer-Lock-Anschluss. Sehr konpakt und einfach zu integrieren f\u00fcr Durchflusszellenmessung.","robots":{"index":"index","follow":"follow","max-snippet":"max-snippet:-1","max-image-preview":"max-image-preview:large","max-video-preview":"max-video-preview:-1"},"canonical":"https:\/\/sysmatec.ch\/de\/produit\/ph-messung-mit-sensor-stick\/","og_locale":"de_DE","og_type":"article","og_title":"pH Messung mit Sensor Stick - Sysmatec","og_description":"Faseroptischer pH-Sensor und Luer-Lock-Anschluss. Sehr konpakt und einfach zu integrieren f\u00fcr Durchflusszellenmessung.","og_url":"https:\/\/sysmatec.ch\/de\/produit\/ph-messung-mit-sensor-stick\/","og_site_name":"Sysmatec","article_modified_time":"2021-11-26T17:17:11+00:00","og_image":[{"width":474,"height":402,"url":"https:\/\/sysmatec.ch\/wp-content\/uploads\/2021\/03\/pH-Sensor-Stick_Presens.jpg","type":"image\/jpeg"}],"twitter_card":"summary_large_image","twitter_misc":{"Gesch\u00e4tzte Lesezeit":"1\u00a0Minute"},"schema":{"@context":"https:\/\/schema.org","@graph":[{"@type":"WebPage","@id":"https:\/\/sysmatec.ch\/de\/produit\/ph-messung-mit-sensor-stick\/","url":"https:\/\/sysmatec.ch\/de\/produit\/ph-messung-mit-sensor-stick\/","name":"pH Messung mit Sensor Stick - Sysmatec","isPartOf":{"@id":"https:\/\/sysmatec.ch\/de\/#website"},"primaryImageOfPage":{"@id":"https:\/\/sysmatec.ch\/de\/produit\/ph-messung-mit-sensor-stick\/#primaryimage"},"image":{"@id":"https:\/\/sysmatec.ch\/de\/produit\/ph-messung-mit-sensor-stick\/#primaryimage"},"thumbnailUrl":"https:\/\/sysmatec.ch\/wp-content\/uploads\/2021\/03\/pH-Sensor-Stick_Presens.jpg","datePublished":"2021-03-21T10:41:20+00:00","dateModified":"2021-11-26T17:17:11+00:00","description":"Faseroptischer pH-Sensor und Luer-Lock-Anschluss. Sehr konpakt und einfach zu integrieren f\u00fcr Durchflusszellenmessung.","breadcrumb":{"@id":"https:\/\/sysmatec.ch\/de\/produit\/ph-messung-mit-sensor-stick\/#breadcrumb"},"inLanguage":"de","potentialAction":[{"@type":"ReadAction","target":["https:\/\/sysmatec.ch\/de\/produit\/ph-messung-mit-sensor-stick\/"]}]},{"@type":"ImageObject","inLanguage":"de","@id":"https:\/\/sysmatec.ch\/de\/produit\/ph-messung-mit-sensor-stick\/#primaryimage","url":"https:\/\/sysmatec.ch\/wp-content\/uploads\/2021\/03\/pH-Sensor-Stick_Presens.jpg","contentUrl":"https:\/\/sysmatec.ch\/wp-content\/uploads\/2021\/03\/pH-Sensor-Stick_Presens.jpg","width":474,"height":402},{"@type":"BreadcrumbList","@id":"https:\/\/sysmatec.ch\/de\/produit\/ph-messung-mit-sensor-stick\/#breadcrumb","itemListElement":[{"@type":"ListItem","position":1,"name":"Accueil","item":"https:\/\/sysmatec.ch\/de\/"},{"@type":"ListItem","position":2,"name":"Die Aktivit\u00e4t von Sysmatec","item":"https:\/\/sysmatec.ch\/de\/"},{"@type":"ListItem","position":3,"name":"pH Messung mit Sensor Stick"}]},{"@type":"WebSite","@id":"https:\/\/sysmatec.ch\/de\/#website","url":"https:\/\/sysmatec.ch\/de\/","name":"Sysmatec","description":"Equipement de laboratoire et logiciels","publisher":{"@id":"https:\/\/sysmatec.ch\/de\/#organization"},"potentialAction":[{"@type":"SearchAction","target":{"@type":"EntryPoint","urlTemplate":"https:\/\/sysmatec.ch\/de\/?s={search_term_string}"},"query-input":{"@type":"PropertyValueSpecification","valueRequired":true,"valueName":"search_term_string"}}],"inLanguage":"de"},{"@type":"Organization","@id":"https:\/\/sysmatec.ch\/de\/#organization","name":"Sysmatec","url":"https:\/\/sysmatec.ch\/de\/","logo":{"@type":"ImageObject","inLanguage":"de","@id":"https:\/\/sysmatec.ch\/de\/#\/schema\/logo\/image\/","url":"https:\/\/sysmatec.ch\/wp-content\/uploads\/2018\/11\/LogoSysmatec.jpg","contentUrl":"https:\/\/sysmatec.ch\/wp-content\/uploads\/2018\/11\/LogoSysmatec.jpg","width":301,"height":297,"caption":"Sysmatec"},"image":{"@id":"https:\/\/sysmatec.ch\/de\/#\/schema\/logo\/image\/"}}]}},"_links":{"self":[{"href":"https:\/\/sysmatec.ch\/de\/wp-json\/wp\/v2\/product\/22514","targetHints":{"allow":["GET"]}}],"collection":[{"href":"https:\/\/sysmatec.ch\/de\/wp-json\/wp\/v2\/product"}],"about":[{"href":"https:\/\/sysmatec.ch\/de\/wp-json\/wp\/v2\/types\/product"}],"wp:featuredmedia":[{"embeddable":true,"href":"https:\/\/sysmatec.ch\/de\/wp-json\/wp\/v2\/media\/22518"}],"wp:attachment":[{"href":"https:\/\/sysmatec.ch\/de\/wp-json\/wp\/v2\/media?parent=22514"}],"wp:term":[{"taxonomy":"product_brand","embeddable":true,"href":"https:\/\/sysmatec.ch\/de\/wp-json\/wp\/v2\/product_brand?post=22514"},{"taxonomy":"product_cat","embeddable":true,"href":"https:\/\/sysmatec.ch\/de\/wp-json\/wp\/v2\/product_cat?post=22514"},{"taxonomy":"product_tag","embeddable":true,"href":"https:\/\/sysmatec.ch\/de\/wp-json\/wp\/v2\/product_tag?post=22514"}],"curies":[{"name":"wp","href":"https:\/\/api.w.org\/{rel}","templated":true}]}}