{"id":22507,"date":"2021-03-21T11:12:59","date_gmt":"2021-03-21T10:12:59","guid":{"rendered":"https:\/\/sysmatec.ch\/?post_type=product&#038;p=22507"},"modified":"2021-11-26T18:30:16","modified_gmt":"2021-11-26T17:30:16","slug":"co2-sensor-mit-luer-lock-sst-cd1-308-s-sb","status":"publish","type":"product","link":"https:\/\/sysmatec.ch\/de\/Produkt\/co2-sensor-mit-luer-lock-sst-cd1-308-s-sb\/","title":{"rendered":"CO2 sensor mit Luer Lock SST-CD1-308-S-SB"},"content":{"rendered":"<p>Dieser Luer Lock Adapter ist mit einem miniaturisierten CO<sub>2<\/sub>\u00a0Sensor Spot Typ CD1 ausgestattet (Messbereich 1 &#8211; 25% CO<sub>2<\/sub>\u00a0\/ 8 &#8211; 190 mmHg pCO<sub>2<\/sub>). Eine optische Polymerfaser wird am Sensor Stick angebracht und mit einem kleinen\u00a0 Benchtop CO<sub>2<\/sub>\u00a0Messger\u00e4t oder EOM Modul verbunden. Auf diese Weise k\u00f6nnen kontinuierliche, nicht-invasive CO<sub>2<\/sub>-Messungen durchgef\u00fchrt werden. Der CO2 Sensor Stick wird bestrahlt geliefert und kann \u00fcber Luer-Steckverbinder problemlos in kundenspezifische Durchflusszellen oder Versuchsaufbauten integriert werden. Der SST-CD1-308-S-SB ist unabh\u00e4ngig von Str\u00f6mungsgeschwindigkeit oder elektromagnetischen Feldern und kann aufgrund seiner geringen Gr\u00f6\u00dfe in vielen Aufbauten eingesetzt werden, in denen andere Messger\u00e4te einfach nicht passen. Da der Sensor in einem Quetschbeutel mit Kochsalzl\u00f6sung geliefert wird, ist er vorbenetzt und messbereit.<\/p>\n<table class=\"contenttable\">\n<tbody>\n<tr>\n<td>Messbereich<\/td>\n<td>1 \u2013 25 % CO<sub>2<\/sub>\u00a0bei atmosph\u00e4rischem Druck (1013.5 hPa)<br \/>\n10 &#8211; 250 hPa pCO<sub>2<\/sub><br \/>\n8 \u2013 190 mmHg pCO<sub>2<\/sub><\/td>\n<\/tr>\n<tr>\n<td>Aufl\u00f6sung bei 37 \u00baC<\/td>\n<td>\u00b10,06 % bei 2 % CO<sub>2<\/sub>, \u00b10,15 % bei 5 % CO<sub>2<\/sub><br \/>\n\u00b10,5 mmHg bei 15mmHg pCO<sub>2,\u00a0<\/sub>\u00b10,12 mmHg bei 38 mmHg pCO<sub>2<\/sub><\/td>\n<\/tr>\n<tr>\n<td>Genauigkeit<\/td>\n<td>Nach Mehrpunkt-Kalibrierung und 1-Punkt-Kalibrierung bei 5 % CO<sub>2<\/sub>:<br \/>\n\u00b1 5 % des Messwertes oder 0,2 %; welcher Wert h\u00f6her ist<br \/>\nNach Sensorbatch-Kalibrierung und 1-Punkt-Kalibrierung bei\u00a0 5% CO<sub>2<\/sub>:<br \/>\n\u00b1 10 % des Messwertes oder 0,3 %; welcher Wert h\u00f6her ist**<\/td>\n<\/tr>\n<tr>\n<td>Drift bei 37 \u00baC<\/td>\n<td>&lt; 0,3 % pCO<sub>2<\/sub>\u00a0pro Tag (4 Sek. Messintervall bei 5 % pCO<sub>2<\/sub>)<\/td>\n<\/tr>\n<tr>\n<td>Messtemperaturbereich<\/td>\n<td>Von + 15 \u00baC bis + 45 \u00baC<\/td>\n<\/tr>\n<tr>\n<td>Ansprechzeit (t<sub>90<\/sub>) bei 20 \u00baC<\/td>\n<td>&lt; 6 min. f\u00fcr einen Wechsel von 5 % auf 10 % (38 mmHg auf 76 mmHg) pCO<sub>2<\/sub><\/td>\n<\/tr>\n<tr class=\"row-highlight\">\n<td>Eigenschaften<\/td>\n<td><\/td>\n<\/tr>\n<tr>\n<td>Kompatibilit\u00e4t<\/td>\n<td>W\u00e4ssrige L\u00f6sungen, pH 4 &#8211; 9<\/td>\n<\/tr>\n<tr>\n<td>Querempfindlichkeit<\/td>\n<td>Optische pCO<sub>2<\/sub>\u00a0Sensoren zeigen Querempfindlichkeit gegen\u00fcber Osmolalit\u00e4t; saure oder basische Gase (z. B. Essigs\u00e4ure, Ammoniak)<\/td>\n<\/tr>\n<tr>\n<td>Stabilit\u00e4t<\/td>\n<td>Optische pCO<sub>2<\/sub>\u00a0halten nicht Stand: organische L\u00f6sungsmittel, pH-Wert \u00fcber 10 oder unter 4<\/td>\n<\/tr>\n<tr>\n<td>Reinigungsverfahren<\/td>\n<td>Keine Reinigung; Einweg-Produkt<\/td>\n<\/tr>\n<tr>\n<td>Kalibrierung<\/td>\n<td>Vorkalibriert f\u00fcr 20 \u00b0 C, 37 \u00b0 C und physiologische Osmolalit\u00e4t; Eine Neukalibrierung ist m\u00f6glich. F\u00fcr genaue Messungen wird eine 1-Punkt-Kalibrierung empfohlen (bei \u2265 2% CO<sub>2<\/sub>\u00a0(f\u00fcr optimale Ergebnisse \u2265 5% CO<sub>2<\/sub>)).<\/td>\n<\/tr>\n<tr>\n<td>Lagerbest\u00e4ndigkeit<\/td>\n<td>18 Monate, sofern der Sensor in seiner Originalverpackung bei Raumtemperatur im Dunkeln gelagert wird<\/td>\n<\/tr>\n<tr>\n<td>Bestrahlung<\/td>\n<td>Beta-bestrahlt &gt; 25 kGy<\/td>\n<\/tr>\n<\/tbody>\n<\/table>\n","protected":false},"excerpt":{"rendered":"<p><span class=\"VIiyi\" lang=\"de\"><span class=\"JLqJ4b ChMk0b\" data-language-for-alternatives=\"de\" data-language-to-translate-into=\"en\" data-phrase-index=\"0\">Nicht invasive CO2-Messung 0-25%<\/span><\/span><\/p>\n","protected":false},"featured_media":22511,"template":"","meta":{"_crdt_document":""},"product_brand":[],"product_cat":[248,180],"product_tag":[],"class_list":{"0":"post-22507","1":"product","2":"type-product","3":"status-publish","4":"has-post-thumbnail","6":"product_cat-co2-de","7":"product_cat-messung","9":"first","10":"instock","11":"taxable","12":"shipping-taxable","13":"product-type-simple"},"yoast_head":"<!-- This site is optimized with the Yoast SEO plugin v27.4 - https:\/\/yoast.com\/product\/yoast-seo-wordpress\/ -->\n<title>CO2 sensor mit Luer Lock SST-CD1-308-S-SB - Sysmatec<\/title>\n<meta name=\"description\" content=\"Faseroptischer CO2-Sensor und Luer-Lock-Anschluss. Kompakt und einfach zu integrieren f\u00fcr Durchflusszellenmessung.\" \/>\n<meta name=\"robots\" content=\"index, follow, max-snippet:-1, max-image-preview:large, max-video-preview:-1\" \/>\n<link rel=\"canonical\" href=\"https:\/\/sysmatec.ch\/de\/produit\/co2-sensor-mit-luer-lock-sst-cd1-308-s-sb\/\" \/>\n<meta property=\"og:locale\" content=\"de_DE\" \/>\n<meta property=\"og:type\" content=\"article\" \/>\n<meta property=\"og:title\" content=\"CO2 sensor mit Luer Lock SST-CD1-308-S-SB - Sysmatec\" \/>\n<meta property=\"og:description\" content=\"Faseroptischer CO2-Sensor und Luer-Lock-Anschluss. Kompakt und einfach zu integrieren f\u00fcr Durchflusszellenmessung.\" \/>\n<meta property=\"og:url\" content=\"https:\/\/sysmatec.ch\/de\/produit\/co2-sensor-mit-luer-lock-sst-cd1-308-s-sb\/\" \/>\n<meta property=\"og:site_name\" content=\"Sysmatec\" \/>\n<meta property=\"article:modified_time\" content=\"2021-11-26T17:30:16+00:00\" \/>\n<meta property=\"og:image\" content=\"https:\/\/sysmatec.ch\/wp-content\/uploads\/2021\/03\/CO2-Sensor-Stick_Presens.jpg\" \/>\n\t<meta property=\"og:image:width\" content=\"226\" \/>\n\t<meta property=\"og:image:height\" content=\"213\" \/>\n\t<meta property=\"og:image:type\" content=\"image\/jpeg\" \/>\n<meta name=\"twitter:card\" content=\"summary_large_image\" \/>\n<meta name=\"twitter:label1\" content=\"Gesch\u00e4tzte Lesezeit\" \/>\n\t<meta name=\"twitter:data1\" content=\"2\u00a0Minuten\" \/>\n<script type=\"application\/ld+json\" class=\"yoast-schema-graph\">{\"@context\":\"https:\\\/\\\/schema.org\",\"@graph\":[{\"@type\":\"WebPage\",\"@id\":\"https:\\\/\\\/sysmatec.ch\\\/de\\\/produit\\\/co2-sensor-mit-luer-lock-sst-cd1-308-s-sb\\\/\",\"url\":\"https:\\\/\\\/sysmatec.ch\\\/de\\\/produit\\\/co2-sensor-mit-luer-lock-sst-cd1-308-s-sb\\\/\",\"name\":\"CO2 sensor mit Luer Lock SST-CD1-308-S-SB - Sysmatec\",\"isPartOf\":{\"@id\":\"https:\\\/\\\/sysmatec.ch\\\/de\\\/#website\"},\"primaryImageOfPage\":{\"@id\":\"https:\\\/\\\/sysmatec.ch\\\/de\\\/produit\\\/co2-sensor-mit-luer-lock-sst-cd1-308-s-sb\\\/#primaryimage\"},\"image\":{\"@id\":\"https:\\\/\\\/sysmatec.ch\\\/de\\\/produit\\\/co2-sensor-mit-luer-lock-sst-cd1-308-s-sb\\\/#primaryimage\"},\"thumbnailUrl\":\"https:\\\/\\\/sysmatec.ch\\\/wp-content\\\/uploads\\\/2021\\\/03\\\/CO2-Sensor-Stick_Presens.jpg\",\"datePublished\":\"2021-03-21T10:12:59+00:00\",\"dateModified\":\"2021-11-26T17:30:16+00:00\",\"description\":\"Faseroptischer CO2-Sensor und Luer-Lock-Anschluss. Kompakt und einfach zu integrieren f\u00fcr Durchflusszellenmessung.\",\"breadcrumb\":{\"@id\":\"https:\\\/\\\/sysmatec.ch\\\/de\\\/produit\\\/co2-sensor-mit-luer-lock-sst-cd1-308-s-sb\\\/#breadcrumb\"},\"inLanguage\":\"de\",\"potentialAction\":[{\"@type\":\"ReadAction\",\"target\":[\"https:\\\/\\\/sysmatec.ch\\\/de\\\/produit\\\/co2-sensor-mit-luer-lock-sst-cd1-308-s-sb\\\/\"]}]},{\"@type\":\"ImageObject\",\"inLanguage\":\"de\",\"@id\":\"https:\\\/\\\/sysmatec.ch\\\/de\\\/produit\\\/co2-sensor-mit-luer-lock-sst-cd1-308-s-sb\\\/#primaryimage\",\"url\":\"https:\\\/\\\/sysmatec.ch\\\/wp-content\\\/uploads\\\/2021\\\/03\\\/CO2-Sensor-Stick_Presens.jpg\",\"contentUrl\":\"https:\\\/\\\/sysmatec.ch\\\/wp-content\\\/uploads\\\/2021\\\/03\\\/CO2-Sensor-Stick_Presens.jpg\",\"width\":226,\"height\":213},{\"@type\":\"BreadcrumbList\",\"@id\":\"https:\\\/\\\/sysmatec.ch\\\/de\\\/produit\\\/co2-sensor-mit-luer-lock-sst-cd1-308-s-sb\\\/#breadcrumb\",\"itemListElement\":[{\"@type\":\"ListItem\",\"position\":1,\"name\":\"Accueil\",\"item\":\"https:\\\/\\\/sysmatec.ch\\\/de\\\/\"},{\"@type\":\"ListItem\",\"position\":2,\"name\":\"Die Aktivit\u00e4t von Sysmatec\",\"item\":\"https:\\\/\\\/sysmatec.ch\\\/de\\\/\"},{\"@type\":\"ListItem\",\"position\":3,\"name\":\"CO2 sensor mit Luer Lock SST-CD1-308-S-SB\"}]},{\"@type\":\"WebSite\",\"@id\":\"https:\\\/\\\/sysmatec.ch\\\/de\\\/#website\",\"url\":\"https:\\\/\\\/sysmatec.ch\\\/de\\\/\",\"name\":\"Sysmatec\",\"description\":\"Equipement de laboratoire et logiciels\",\"publisher\":{\"@id\":\"https:\\\/\\\/sysmatec.ch\\\/de\\\/#organization\"},\"potentialAction\":[{\"@type\":\"SearchAction\",\"target\":{\"@type\":\"EntryPoint\",\"urlTemplate\":\"https:\\\/\\\/sysmatec.ch\\\/de\\\/?s={search_term_string}\"},\"query-input\":{\"@type\":\"PropertyValueSpecification\",\"valueRequired\":true,\"valueName\":\"search_term_string\"}}],\"inLanguage\":\"de\"},{\"@type\":\"Organization\",\"@id\":\"https:\\\/\\\/sysmatec.ch\\\/de\\\/#organization\",\"name\":\"Sysmatec\",\"url\":\"https:\\\/\\\/sysmatec.ch\\\/de\\\/\",\"logo\":{\"@type\":\"ImageObject\",\"inLanguage\":\"de\",\"@id\":\"https:\\\/\\\/sysmatec.ch\\\/de\\\/#\\\/schema\\\/logo\\\/image\\\/\",\"url\":\"https:\\\/\\\/sysmatec.ch\\\/wp-content\\\/uploads\\\/2018\\\/11\\\/LogoSysmatec.jpg\",\"contentUrl\":\"https:\\\/\\\/sysmatec.ch\\\/wp-content\\\/uploads\\\/2018\\\/11\\\/LogoSysmatec.jpg\",\"width\":301,\"height\":297,\"caption\":\"Sysmatec\"},\"image\":{\"@id\":\"https:\\\/\\\/sysmatec.ch\\\/de\\\/#\\\/schema\\\/logo\\\/image\\\/\"}}]}<\/script>\n<!-- \/ Yoast SEO plugin. -->","yoast_head_json":{"title":"CO2 sensor mit Luer Lock SST-CD1-308-S-SB - Sysmatec","description":"Faseroptischer CO2-Sensor und Luer-Lock-Anschluss. Kompakt und einfach zu integrieren f\u00fcr Durchflusszellenmessung.","robots":{"index":"index","follow":"follow","max-snippet":"max-snippet:-1","max-image-preview":"max-image-preview:large","max-video-preview":"max-video-preview:-1"},"canonical":"https:\/\/sysmatec.ch\/de\/produit\/co2-sensor-mit-luer-lock-sst-cd1-308-s-sb\/","og_locale":"de_DE","og_type":"article","og_title":"CO2 sensor mit Luer Lock SST-CD1-308-S-SB - Sysmatec","og_description":"Faseroptischer CO2-Sensor und Luer-Lock-Anschluss. Kompakt und einfach zu integrieren f\u00fcr Durchflusszellenmessung.","og_url":"https:\/\/sysmatec.ch\/de\/produit\/co2-sensor-mit-luer-lock-sst-cd1-308-s-sb\/","og_site_name":"Sysmatec","article_modified_time":"2021-11-26T17:30:16+00:00","og_image":[{"width":226,"height":213,"url":"https:\/\/sysmatec.ch\/wp-content\/uploads\/2021\/03\/CO2-Sensor-Stick_Presens.jpg","type":"image\/jpeg"}],"twitter_card":"summary_large_image","twitter_misc":{"Gesch\u00e4tzte Lesezeit":"2\u00a0Minuten"},"schema":{"@context":"https:\/\/schema.org","@graph":[{"@type":"WebPage","@id":"https:\/\/sysmatec.ch\/de\/produit\/co2-sensor-mit-luer-lock-sst-cd1-308-s-sb\/","url":"https:\/\/sysmatec.ch\/de\/produit\/co2-sensor-mit-luer-lock-sst-cd1-308-s-sb\/","name":"CO2 sensor mit Luer Lock SST-CD1-308-S-SB - Sysmatec","isPartOf":{"@id":"https:\/\/sysmatec.ch\/de\/#website"},"primaryImageOfPage":{"@id":"https:\/\/sysmatec.ch\/de\/produit\/co2-sensor-mit-luer-lock-sst-cd1-308-s-sb\/#primaryimage"},"image":{"@id":"https:\/\/sysmatec.ch\/de\/produit\/co2-sensor-mit-luer-lock-sst-cd1-308-s-sb\/#primaryimage"},"thumbnailUrl":"https:\/\/sysmatec.ch\/wp-content\/uploads\/2021\/03\/CO2-Sensor-Stick_Presens.jpg","datePublished":"2021-03-21T10:12:59+00:00","dateModified":"2021-11-26T17:30:16+00:00","description":"Faseroptischer CO2-Sensor und Luer-Lock-Anschluss. Kompakt und einfach zu integrieren f\u00fcr Durchflusszellenmessung.","breadcrumb":{"@id":"https:\/\/sysmatec.ch\/de\/produit\/co2-sensor-mit-luer-lock-sst-cd1-308-s-sb\/#breadcrumb"},"inLanguage":"de","potentialAction":[{"@type":"ReadAction","target":["https:\/\/sysmatec.ch\/de\/produit\/co2-sensor-mit-luer-lock-sst-cd1-308-s-sb\/"]}]},{"@type":"ImageObject","inLanguage":"de","@id":"https:\/\/sysmatec.ch\/de\/produit\/co2-sensor-mit-luer-lock-sst-cd1-308-s-sb\/#primaryimage","url":"https:\/\/sysmatec.ch\/wp-content\/uploads\/2021\/03\/CO2-Sensor-Stick_Presens.jpg","contentUrl":"https:\/\/sysmatec.ch\/wp-content\/uploads\/2021\/03\/CO2-Sensor-Stick_Presens.jpg","width":226,"height":213},{"@type":"BreadcrumbList","@id":"https:\/\/sysmatec.ch\/de\/produit\/co2-sensor-mit-luer-lock-sst-cd1-308-s-sb\/#breadcrumb","itemListElement":[{"@type":"ListItem","position":1,"name":"Accueil","item":"https:\/\/sysmatec.ch\/de\/"},{"@type":"ListItem","position":2,"name":"Die Aktivit\u00e4t von Sysmatec","item":"https:\/\/sysmatec.ch\/de\/"},{"@type":"ListItem","position":3,"name":"CO2 sensor mit Luer Lock SST-CD1-308-S-SB"}]},{"@type":"WebSite","@id":"https:\/\/sysmatec.ch\/de\/#website","url":"https:\/\/sysmatec.ch\/de\/","name":"Sysmatec","description":"Equipement de laboratoire et logiciels","publisher":{"@id":"https:\/\/sysmatec.ch\/de\/#organization"},"potentialAction":[{"@type":"SearchAction","target":{"@type":"EntryPoint","urlTemplate":"https:\/\/sysmatec.ch\/de\/?s={search_term_string}"},"query-input":{"@type":"PropertyValueSpecification","valueRequired":true,"valueName":"search_term_string"}}],"inLanguage":"de"},{"@type":"Organization","@id":"https:\/\/sysmatec.ch\/de\/#organization","name":"Sysmatec","url":"https:\/\/sysmatec.ch\/de\/","logo":{"@type":"ImageObject","inLanguage":"de","@id":"https:\/\/sysmatec.ch\/de\/#\/schema\/logo\/image\/","url":"https:\/\/sysmatec.ch\/wp-content\/uploads\/2018\/11\/LogoSysmatec.jpg","contentUrl":"https:\/\/sysmatec.ch\/wp-content\/uploads\/2018\/11\/LogoSysmatec.jpg","width":301,"height":297,"caption":"Sysmatec"},"image":{"@id":"https:\/\/sysmatec.ch\/de\/#\/schema\/logo\/image\/"}}]}},"_links":{"self":[{"href":"https:\/\/sysmatec.ch\/de\/wp-json\/wp\/v2\/product\/22507","targetHints":{"allow":["GET"]}}],"collection":[{"href":"https:\/\/sysmatec.ch\/de\/wp-json\/wp\/v2\/product"}],"about":[{"href":"https:\/\/sysmatec.ch\/de\/wp-json\/wp\/v2\/types\/product"}],"wp:featuredmedia":[{"embeddable":true,"href":"https:\/\/sysmatec.ch\/de\/wp-json\/wp\/v2\/media\/22511"}],"wp:attachment":[{"href":"https:\/\/sysmatec.ch\/de\/wp-json\/wp\/v2\/media?parent=22507"}],"wp:term":[{"taxonomy":"product_brand","embeddable":true,"href":"https:\/\/sysmatec.ch\/de\/wp-json\/wp\/v2\/product_brand?post=22507"},{"taxonomy":"product_cat","embeddable":true,"href":"https:\/\/sysmatec.ch\/de\/wp-json\/wp\/v2\/product_cat?post=22507"},{"taxonomy":"product_tag","embeddable":true,"href":"https:\/\/sysmatec.ch\/de\/wp-json\/wp\/v2\/product_tag?post=22507"}],"curies":[{"name":"wp","href":"https:\/\/api.w.org\/{rel}","templated":true}]}}