{"id":22498,"date":"2021-03-21T09:45:06","date_gmt":"2021-03-21T08:45:06","guid":{"rendered":"https:\/\/sysmatec.ch\/?post_type=product&#038;p=22498"},"modified":"2021-11-26T18:38:26","modified_gmt":"2021-11-26T17:38:26","slug":"o2-sensor-stick","status":"publish","type":"product","link":"https:\/\/sysmatec.ch\/de\/Produkt\/o2-sensor-stick\/","title":{"rendered":"O2 Sensor Stick"},"content":{"rendered":"<p>Dieser Luer Lock Adapter ist mit einem miniaturisierten O<sub>2<\/sub> Sensor Spot vom Typ PSt3 (max. Messbereich 0 &#8211; 100 % O<sub>2<\/sub>, 2 mm Fiberdurchmesser) oder Typ PSt7 (max. Messbereich 0 &#8211; 100 % O<sub>2<\/sub>, 1 mm Fiberdurchmesser) ausgestattet . Eine optische Polymerfaser wird am Sensor Stick befestigt und verbindet ihn mit einem Sauerstoff-Messger\u00e4t. So k\u00f6nnen kontinuierliche, nicht-invasive Sauerstoffmessungen durchgef\u00fchrt werden. Der O<sub>2<\/sub> Sensor Stick kann leicht \u00fcber Luer-Anschl\u00fcsse in kundenspezifische Durchflusszellen oder experimentelle Aufbauten integriert werden. Der SST-PSt3-US (Fibox 4 und OXY-1-SMA) und SST-PSt7-US (Microx 4 und OXY-+-ST) sind unabh\u00e4ngig von der Flie\u00dfgeschwindigkeit und elektromagnetischen Feldern und kann durch seine kleinen Abmessungen in vielen Aufbauten eingesetzt werden, wo andere O<sub>2<\/sub>\u00a0Messtechnik einfach nicht passt.<\/p>\n<table border=\"1\" width=\"673\" cellspacing=\"2\" cellpadding=\"0\">\n<tbody>\n<tr>\n<td><\/td>\n<td>Gasf\u00f6rmiger &amp; Gel\u00f6ster O<sub>2<\/sub><\/td>\n<td>Gel\u00f6ster O<sub>2<\/sub><\/td>\n<\/tr>\n<tr>\n<td>Messbereich<\/td>\n<td>0-100 % O2 (optimal 0-50 %)<\/td>\n<td>0-45 mg\/L (optimal 0 &#8211; 22.5 mg\/L)<\/td>\n<\/tr>\n<tr>\n<td>Nachweisgrenze<\/td>\n<td>0.03 % O2, 0.3 hPa<\/td>\n<td>0.020 mg\/L<\/td>\n<\/tr>\n<tr>\n<td>Aufl\u00f6sung<\/td>\n<td>+\/- 0.02 % O2 bei 1 % O2<\/p>\n<p>+\/- 0.2 % O2 bei 20.9 %<\/td>\n<td>+\/-0.09 bei 0.4 mg\/L<\/p>\n<p>+\/-0.04 bei 9 mg\/L<\/td>\n<\/tr>\n<tr>\n<td>Ansprechzeit\u00a0 (t90)<\/td>\n<td>&lt; 10 sec.<\/td>\n<td>&lt; 30 sec.<\/td>\n<\/tr>\n<tr>\n<td>Kompatibilit\u00e4t<\/td>\n<td colspan=\"2\">W\u00e4ssrige L\u00f6sungen, Ethanol, Methanol<\/td>\n<\/tr>\n<tr>\n<td>Keine Querempfindlichkeit<\/td>\n<td colspan=\"2\">pH 1 &#8211; 14, CO<sub>2<\/sub>, H<sub>2<\/sub>S, SO<sub>2<\/sub>, ionische Spezies<\/td>\n<\/tr>\n<tr>\n<td>Querempfindlichkeit<\/td>\n<td colspan=\"2\">Organische L\u00f6sungsmittel wie reines Aceton, Toluol, Chloroform oder Methylchlorid, Chlorgas<\/td>\n<\/tr>\n<tr>\n<td>Sterilisationsverfahren<\/td>\n<td colspan=\"2\">Bestrahlung, Ethylenoxid (EtO)<\/td>\n<\/tr>\n<tr>\n<td>Betriebstemperaturbereich<\/td>\n<td colspan=\"2\">Optimal: 0 \u00b0C bis + 40 \u00b0C, Max.: 0\u00b0C bis + 70 \u00b0C<\/td>\n<\/tr>\n<tr>\n<td>Lagerbest\u00e4ndigkeit<\/td>\n<td colspan=\"2\">5 Jahre, vorausgesetzt das Sensormaterial wird bei Raumtemperatur im Dunkeln und trocken gelagert<\/td>\n<\/tr>\n<\/tbody>\n<\/table>\n","protected":false},"excerpt":{"rendered":"<p><span class=\"VIiyi\" lang=\"de\"><span class=\"JLqJ4b ChMk0b\" data-language-for-alternatives=\"de\" data-language-to-translate-into=\"en\" data-phrase-index=\"0\">Nicht-invasive Sauerstoffmessung 0-100%<\/span><\/span><\/p>\n","protected":false},"featured_media":22501,"template":"","meta":{"_crdt_document":""},"product_brand":[],"product_cat":[180,246],"product_tag":[],"class_list":{"0":"post-22498","1":"product","2":"type-product","3":"status-publish","4":"has-post-thumbnail","6":"product_cat-messung","7":"product_cat-sauerstoff","9":"first","10":"instock","11":"taxable","12":"shipping-taxable","13":"product-type-simple"},"yoast_head":"<!-- This site is optimized with the Yoast SEO plugin v27.3 - https:\/\/yoast.com\/product\/yoast-seo-wordpress\/ -->\n<title>O2 Sensor Stick - Sysmatec<\/title>\n<meta name=\"description\" content=\"Faseroptischer Sauerstoffsensor und Luer-Lock-Anschluss. Kompakt und einfach zu integrieren f\u00fcr Durchflusszellenmessung.\" \/>\n<meta name=\"robots\" content=\"index, follow, max-snippet:-1, max-image-preview:large, max-video-preview:-1\" \/>\n<link rel=\"canonical\" href=\"https:\/\/sysmatec.ch\/de\/produit\/o2-sensor-stick\/\" \/>\n<meta property=\"og:locale\" content=\"de_DE\" \/>\n<meta property=\"og:type\" content=\"article\" \/>\n<meta property=\"og:title\" content=\"O2 Sensor Stick - Sysmatec\" \/>\n<meta property=\"og:description\" content=\"Faseroptischer Sauerstoffsensor und Luer-Lock-Anschluss. Kompakt und einfach zu integrieren f\u00fcr Durchflusszellenmessung.\" \/>\n<meta property=\"og:url\" content=\"https:\/\/sysmatec.ch\/de\/produit\/o2-sensor-stick\/\" \/>\n<meta property=\"og:site_name\" content=\"Sysmatec\" \/>\n<meta property=\"article:modified_time\" content=\"2021-11-26T17:38:26+00:00\" \/>\n<meta property=\"og:image\" content=\"https:\/\/sysmatec.ch\/wp-content\/uploads\/2021\/03\/O2SensorStick_Presens.jpg\" \/>\n\t<meta property=\"og:image:width\" content=\"425\" \/>\n\t<meta property=\"og:image:height\" content=\"335\" \/>\n\t<meta property=\"og:image:type\" content=\"image\/jpeg\" \/>\n<meta name=\"twitter:card\" content=\"summary_large_image\" \/>\n<meta name=\"twitter:label1\" content=\"Gesch\u00e4tzte Lesezeit\" \/>\n\t<meta name=\"twitter:data1\" content=\"2\u00a0Minuten\" \/>\n<script type=\"application\/ld+json\" class=\"yoast-schema-graph\">{\"@context\":\"https:\\\/\\\/schema.org\",\"@graph\":[{\"@type\":\"WebPage\",\"@id\":\"https:\\\/\\\/sysmatec.ch\\\/de\\\/produit\\\/o2-sensor-stick\\\/\",\"url\":\"https:\\\/\\\/sysmatec.ch\\\/de\\\/produit\\\/o2-sensor-stick\\\/\",\"name\":\"O2 Sensor Stick - Sysmatec\",\"isPartOf\":{\"@id\":\"https:\\\/\\\/sysmatec.ch\\\/de\\\/#website\"},\"primaryImageOfPage\":{\"@id\":\"https:\\\/\\\/sysmatec.ch\\\/de\\\/produit\\\/o2-sensor-stick\\\/#primaryimage\"},\"image\":{\"@id\":\"https:\\\/\\\/sysmatec.ch\\\/de\\\/produit\\\/o2-sensor-stick\\\/#primaryimage\"},\"thumbnailUrl\":\"https:\\\/\\\/sysmatec.ch\\\/wp-content\\\/uploads\\\/2021\\\/03\\\/O2SensorStick_Presens.jpg\",\"datePublished\":\"2021-03-21T08:45:06+00:00\",\"dateModified\":\"2021-11-26T17:38:26+00:00\",\"description\":\"Faseroptischer Sauerstoffsensor und Luer-Lock-Anschluss. Kompakt und einfach zu integrieren f\u00fcr Durchflusszellenmessung.\",\"breadcrumb\":{\"@id\":\"https:\\\/\\\/sysmatec.ch\\\/de\\\/produit\\\/o2-sensor-stick\\\/#breadcrumb\"},\"inLanguage\":\"de\",\"potentialAction\":[{\"@type\":\"ReadAction\",\"target\":[\"https:\\\/\\\/sysmatec.ch\\\/de\\\/produit\\\/o2-sensor-stick\\\/\"]}]},{\"@type\":\"ImageObject\",\"inLanguage\":\"de\",\"@id\":\"https:\\\/\\\/sysmatec.ch\\\/de\\\/produit\\\/o2-sensor-stick\\\/#primaryimage\",\"url\":\"https:\\\/\\\/sysmatec.ch\\\/wp-content\\\/uploads\\\/2021\\\/03\\\/O2SensorStick_Presens.jpg\",\"contentUrl\":\"https:\\\/\\\/sysmatec.ch\\\/wp-content\\\/uploads\\\/2021\\\/03\\\/O2SensorStick_Presens.jpg\",\"width\":425,\"height\":335},{\"@type\":\"BreadcrumbList\",\"@id\":\"https:\\\/\\\/sysmatec.ch\\\/de\\\/produit\\\/o2-sensor-stick\\\/#breadcrumb\",\"itemListElement\":[{\"@type\":\"ListItem\",\"position\":1,\"name\":\"Accueil\",\"item\":\"https:\\\/\\\/sysmatec.ch\\\/de\\\/\"},{\"@type\":\"ListItem\",\"position\":2,\"name\":\"Die Aktivit\u00e4t von Sysmatec\",\"item\":\"https:\\\/\\\/sysmatec.ch\\\/de\\\/\"},{\"@type\":\"ListItem\",\"position\":3,\"name\":\"O2 Sensor Stick\"}]},{\"@type\":\"WebSite\",\"@id\":\"https:\\\/\\\/sysmatec.ch\\\/de\\\/#website\",\"url\":\"https:\\\/\\\/sysmatec.ch\\\/de\\\/\",\"name\":\"Sysmatec\",\"description\":\"Equipement de laboratoire et logiciels\",\"publisher\":{\"@id\":\"https:\\\/\\\/sysmatec.ch\\\/de\\\/#organization\"},\"potentialAction\":[{\"@type\":\"SearchAction\",\"target\":{\"@type\":\"EntryPoint\",\"urlTemplate\":\"https:\\\/\\\/sysmatec.ch\\\/de\\\/?s={search_term_string}\"},\"query-input\":{\"@type\":\"PropertyValueSpecification\",\"valueRequired\":true,\"valueName\":\"search_term_string\"}}],\"inLanguage\":\"de\"},{\"@type\":\"Organization\",\"@id\":\"https:\\\/\\\/sysmatec.ch\\\/de\\\/#organization\",\"name\":\"Sysmatec\",\"url\":\"https:\\\/\\\/sysmatec.ch\\\/de\\\/\",\"logo\":{\"@type\":\"ImageObject\",\"inLanguage\":\"de\",\"@id\":\"https:\\\/\\\/sysmatec.ch\\\/de\\\/#\\\/schema\\\/logo\\\/image\\\/\",\"url\":\"https:\\\/\\\/sysmatec.ch\\\/wp-content\\\/uploads\\\/2018\\\/11\\\/LogoSysmatec.jpg\",\"contentUrl\":\"https:\\\/\\\/sysmatec.ch\\\/wp-content\\\/uploads\\\/2018\\\/11\\\/LogoSysmatec.jpg\",\"width\":301,\"height\":297,\"caption\":\"Sysmatec\"},\"image\":{\"@id\":\"https:\\\/\\\/sysmatec.ch\\\/de\\\/#\\\/schema\\\/logo\\\/image\\\/\"}}]}<\/script>\n<!-- \/ Yoast SEO plugin. -->","yoast_head_json":{"title":"O2 Sensor Stick - Sysmatec","description":"Faseroptischer Sauerstoffsensor und Luer-Lock-Anschluss. Kompakt und einfach zu integrieren f\u00fcr Durchflusszellenmessung.","robots":{"index":"index","follow":"follow","max-snippet":"max-snippet:-1","max-image-preview":"max-image-preview:large","max-video-preview":"max-video-preview:-1"},"canonical":"https:\/\/sysmatec.ch\/de\/produit\/o2-sensor-stick\/","og_locale":"de_DE","og_type":"article","og_title":"O2 Sensor Stick - Sysmatec","og_description":"Faseroptischer Sauerstoffsensor und Luer-Lock-Anschluss. Kompakt und einfach zu integrieren f\u00fcr Durchflusszellenmessung.","og_url":"https:\/\/sysmatec.ch\/de\/produit\/o2-sensor-stick\/","og_site_name":"Sysmatec","article_modified_time":"2021-11-26T17:38:26+00:00","og_image":[{"width":425,"height":335,"url":"https:\/\/sysmatec.ch\/wp-content\/uploads\/2021\/03\/O2SensorStick_Presens.jpg","type":"image\/jpeg"}],"twitter_card":"summary_large_image","twitter_misc":{"Gesch\u00e4tzte Lesezeit":"2\u00a0Minuten"},"schema":{"@context":"https:\/\/schema.org","@graph":[{"@type":"WebPage","@id":"https:\/\/sysmatec.ch\/de\/produit\/o2-sensor-stick\/","url":"https:\/\/sysmatec.ch\/de\/produit\/o2-sensor-stick\/","name":"O2 Sensor Stick - Sysmatec","isPartOf":{"@id":"https:\/\/sysmatec.ch\/de\/#website"},"primaryImageOfPage":{"@id":"https:\/\/sysmatec.ch\/de\/produit\/o2-sensor-stick\/#primaryimage"},"image":{"@id":"https:\/\/sysmatec.ch\/de\/produit\/o2-sensor-stick\/#primaryimage"},"thumbnailUrl":"https:\/\/sysmatec.ch\/wp-content\/uploads\/2021\/03\/O2SensorStick_Presens.jpg","datePublished":"2021-03-21T08:45:06+00:00","dateModified":"2021-11-26T17:38:26+00:00","description":"Faseroptischer Sauerstoffsensor und Luer-Lock-Anschluss. Kompakt und einfach zu integrieren f\u00fcr Durchflusszellenmessung.","breadcrumb":{"@id":"https:\/\/sysmatec.ch\/de\/produit\/o2-sensor-stick\/#breadcrumb"},"inLanguage":"de","potentialAction":[{"@type":"ReadAction","target":["https:\/\/sysmatec.ch\/de\/produit\/o2-sensor-stick\/"]}]},{"@type":"ImageObject","inLanguage":"de","@id":"https:\/\/sysmatec.ch\/de\/produit\/o2-sensor-stick\/#primaryimage","url":"https:\/\/sysmatec.ch\/wp-content\/uploads\/2021\/03\/O2SensorStick_Presens.jpg","contentUrl":"https:\/\/sysmatec.ch\/wp-content\/uploads\/2021\/03\/O2SensorStick_Presens.jpg","width":425,"height":335},{"@type":"BreadcrumbList","@id":"https:\/\/sysmatec.ch\/de\/produit\/o2-sensor-stick\/#breadcrumb","itemListElement":[{"@type":"ListItem","position":1,"name":"Accueil","item":"https:\/\/sysmatec.ch\/de\/"},{"@type":"ListItem","position":2,"name":"Die Aktivit\u00e4t von Sysmatec","item":"https:\/\/sysmatec.ch\/de\/"},{"@type":"ListItem","position":3,"name":"O2 Sensor Stick"}]},{"@type":"WebSite","@id":"https:\/\/sysmatec.ch\/de\/#website","url":"https:\/\/sysmatec.ch\/de\/","name":"Sysmatec","description":"Equipement de laboratoire et logiciels","publisher":{"@id":"https:\/\/sysmatec.ch\/de\/#organization"},"potentialAction":[{"@type":"SearchAction","target":{"@type":"EntryPoint","urlTemplate":"https:\/\/sysmatec.ch\/de\/?s={search_term_string}"},"query-input":{"@type":"PropertyValueSpecification","valueRequired":true,"valueName":"search_term_string"}}],"inLanguage":"de"},{"@type":"Organization","@id":"https:\/\/sysmatec.ch\/de\/#organization","name":"Sysmatec","url":"https:\/\/sysmatec.ch\/de\/","logo":{"@type":"ImageObject","inLanguage":"de","@id":"https:\/\/sysmatec.ch\/de\/#\/schema\/logo\/image\/","url":"https:\/\/sysmatec.ch\/wp-content\/uploads\/2018\/11\/LogoSysmatec.jpg","contentUrl":"https:\/\/sysmatec.ch\/wp-content\/uploads\/2018\/11\/LogoSysmatec.jpg","width":301,"height":297,"caption":"Sysmatec"},"image":{"@id":"https:\/\/sysmatec.ch\/de\/#\/schema\/logo\/image\/"}}]}},"_links":{"self":[{"href":"https:\/\/sysmatec.ch\/de\/wp-json\/wp\/v2\/product\/22498","targetHints":{"allow":["GET"]}}],"collection":[{"href":"https:\/\/sysmatec.ch\/de\/wp-json\/wp\/v2\/product"}],"about":[{"href":"https:\/\/sysmatec.ch\/de\/wp-json\/wp\/v2\/types\/product"}],"wp:featuredmedia":[{"embeddable":true,"href":"https:\/\/sysmatec.ch\/de\/wp-json\/wp\/v2\/media\/22501"}],"wp:attachment":[{"href":"https:\/\/sysmatec.ch\/de\/wp-json\/wp\/v2\/media?parent=22498"}],"wp:term":[{"taxonomy":"product_brand","embeddable":true,"href":"https:\/\/sysmatec.ch\/de\/wp-json\/wp\/v2\/product_brand?post=22498"},{"taxonomy":"product_cat","embeddable":true,"href":"https:\/\/sysmatec.ch\/de\/wp-json\/wp\/v2\/product_cat?post=22498"},{"taxonomy":"product_tag","embeddable":true,"href":"https:\/\/sysmatec.ch\/de\/wp-json\/wp\/v2\/product_tag?post=22498"}],"curies":[{"name":"wp","href":"https:\/\/api.w.org\/{rel}","templated":true}]}}