{"id":22463,"date":"2021-03-09T16:27:31","date_gmt":"2021-03-09T15:27:31","guid":{"rendered":"https:\/\/sysmatec.ch\/?post_type=product&#038;p=22463"},"modified":"2021-11-26T19:02:56","modified_gmt":"2021-11-26T18:02:56","slug":"temperatur-luftfeuchtigkeit-druck-und-licht-funkueberwachung-mit-lo-ra-deepwave","status":"publish","type":"product","link":"https:\/\/sysmatec.ch\/de\/Produkt\/temperatur-luftfeuchtigkeit-druck-und-licht-funkueberwachung-mit-lo-ra-deepwave\/","title":{"rendered":"Temperatur, Luftfeuchtigkeit, Druck und Licht &#8211; Funk\u00fcberwachung mit Lo.Ra. (DeepWave)"},"content":{"rendered":"<p><span class=\"VIiyi\" lang=\"de\"><span class=\"JLqJ4b ChMk0b\" data-language-for-alternatives=\"de\" data-language-to-translate-into=\"en\" data-phrase-index=\"0\">DeepWave ist eine Komplettl\u00f6sung f\u00fcr die Echtzeit\u00fcberwachung in R\u00e4umen, Lagern, K\u00fchlschr\u00e4nken, K\u00fchlr\u00e4umen und Ultra-Gefrierger\u00e4ten.<\/span> <span class=\"JLqJ4b ChMk0b\" data-language-for-alternatives=\"de\" data-language-to-translate-into=\"en\" data-phrase-index=\"1\">Es besteht aus einer Reihe von Funkdatenloggern mit Fern\u00fcbertragung (LoRa-Protokoll), die in zahlreichen Versionen erh\u00e4ltlich sind, und einem an die TSLog 21-Software angeschlossenen Empf\u00e4nger, der in den Bereichen Pharma, Kosmetik, Gesundheitswesen und Medizin validiert werden kann.<\/span> <span class=\"JLqJ4b ChMk0b\" data-language-for-alternatives=\"de\" data-language-to-translate-into=\"en\" data-phrase-index=\"3\">Das System ist vielseitig und skalierbar und erm\u00f6glicht es Ihnen, das Netzwerk jederzeit zu erweitern und Sensoren und Funkmodule hinzuzuf\u00fcgen, wo und wann immer Sie m\u00f6chten.<\/span> <span class=\"JLqJ4b ChMk0b\" data-language-for-alternatives=\"de\" data-language-to-translate-into=\"en\" data-phrase-index=\"4\">Funkdatenlogger verwenden Smart Sensors, die immer mit einem Kalibrierungszertifikat geliefert werden und eine schnelle und einfache Neukalibrierung des gesamten Systems erm\u00f6glichen.<\/span><\/span><\/p>\n<h2><span class=\"VIiyi\" lang=\"de\"><span class=\"JLqJ4b ChMk0b\" data-language-for-alternatives=\"de\" data-language-to-translate-into=\"en\" data-phrase-index=\"0\">Das System besteht aus<\/span> <\/span><\/h2>\n<ul>\n<li><span class=\"VIiyi\" lang=\"de\"><span class=\"JLqJ4b ChMk0b\" data-language-for-alternatives=\"de\" data-language-to-translate-into=\"en\" data-phrase-index=\"2\">Lo.Ra.<\/span> <span class=\"JLqJ4b ChMk0b\" data-language-for-alternatives=\"de\" data-language-to-translate-into=\"en\" data-phrase-index=\"3\">Funkmodule<\/span><\/span><\/li>\n<li><span class=\"VIiyi\" lang=\"de\"><span class=\"JLqJ4b ChMk0b\" data-language-for-alternatives=\"de\" data-language-to-translate-into=\"en\" data-phrase-index=\"5\">Empf\u00e4nger Helios<\/span><\/span><\/li>\n<li><span class=\"VIiyi\" lang=\"de\"><span class=\"JLqJ4b ChMk0b\" data-language-for-alternatives=\"de\" data-language-to-translate-into=\"en\" data-phrase-index=\"7\">TSLog 21-Software<\/span><\/span><\/li>\n<\/ul>\n<h2><span class=\"VIiyi\" lang=\"de\"><span class=\"JLqJ4b ChMk0b\" data-language-for-alternatives=\"de\" data-language-to-translate-into=\"en\" data-phrase-index=\"0\">Datenlogger Eigenschaften<\/span><\/span><\/h2>\n<ul>\n<li><span class=\"VIiyi\" lang=\"de\"><span class=\"JLqJ4b ChMk0b\" data-language-for-alternatives=\"de\" data-language-to-translate-into=\"en\" data-phrase-index=\"2\">Basierend auf dem LoRa-Funkprotokoll (Long Range) f\u00fcr Fern\u00fcbertragung und breite Signalabdeckung<\/span><\/span><\/li>\n<li><span class=\"VIiyi\" lang=\"de\"><span class=\"JLqJ4b ChMk0b\" data-language-for-alternatives=\"de\" data-language-to-translate-into=\"en\" data-phrase-index=\"4\">Einfach zu installieren und zu konfigurieren<\/span><\/span><\/li>\n<li><span class=\"VIiyi\" lang=\"de\"><span class=\"JLqJ4b ChMk0b\" data-language-for-alternatives=\"de\" data-language-to-translate-into=\"en\" data-phrase-index=\"6\">Funkmodule mit internem Speicher ohne Datenverlust<\/span><\/span><\/li>\n<li><span class=\"VIiyi\" lang=\"de\"><span class=\"JLqJ4b ChMk0b\" data-language-for-alternatives=\"de\" data-language-to-translate-into=\"en\" data-phrase-index=\"8\">Intelligente Sensoren, die schnell und einfach kalibriert und neu kalibriert werden<\/span><\/span><\/li>\n<li><span class=\"VIiyi\" lang=\"de\"><span class=\"JLqJ4b ChMk0b\" data-language-for-alternatives=\"de\" data-language-to-translate-into=\"en\" data-phrase-index=\"10\">Kompatibel mit Pharma-, Gesundheits- und Lebensmittelvorschriften und daher nach internationalen Standards validierbar<\/span><\/span><\/li>\n<li><span class=\"VIiyi\" lang=\"de\"><span class=\"JLqJ4b ChMk0b\" data-language-for-alternatives=\"de\" data-language-to-translate-into=\"en\" data-phrase-index=\"12\">Jederzeit erweiterbar<\/span><\/span><\/li>\n<li><span class=\"VIiyi\" lang=\"de\"><span class=\"JLqJ4b ChMk0b\" data-language-for-alternatives=\"de\" data-language-to-translate-into=\"en\" data-phrase-index=\"14\">Daten dank Fernalarm immer unter Kontrolle<\/span><\/span><\/li>\n<li><span class=\"VIiyi\" lang=\"de\"><span class=\"JLqJ4b ChMk0b\" data-language-for-alternatives=\"de\" data-language-to-translate-into=\"en\" data-phrase-index=\"16\">Fern\u00fcbertragung dank des LoRa-Protokolls<\/span><\/span><\/li>\n<li><span class=\"VIiyi\" lang=\"de\"><span class=\"JLqJ4b ChMk0b\" data-language-for-alternatives=\"de\" data-language-to-translate-into=\"en\" data-phrase-index=\"18\">Gro\u00dfe Auswahl an Funksensoren f\u00fcr Temperatur, Luftfeuchtigkeit, Differenzdruck, Licht<\/span><\/span><\/li>\n<li><span class=\"VIiyi\" lang=\"de\"><span class=\"JLqJ4b ChMk0b\" data-language-for-alternatives=\"de\" data-language-to-translate-into=\"en\" data-phrase-index=\"20\">Einfach zu installieren<\/span><\/span><\/li>\n<li><span class=\"VIiyi\" lang=\"de\"><span class=\"JLqJ4b ChMk0b\" data-language-for-alternatives=\"de\" data-language-to-translate-into=\"en\" data-phrase-index=\"22\">Fernalarme immer unter Kontrolle<\/span><\/span><\/li>\n<li><span class=\"VIiyi\" lang=\"de\"><span class=\"JLqJ4b ChMk0b\" data-language-for-alternatives=\"de\" data-language-to-translate-into=\"en\" data-phrase-index=\"24\">System zur Verwaltung der Verf\u00fcgbarkeit von Mitarbeitern<\/span><\/span><\/li>\n<\/ul>\n<h2><span class=\"VIiyi\" lang=\"de\"><span class=\"JLqJ4b ChMk0b\" data-language-for-alternatives=\"de\" data-language-to-translate-into=\"en\" data-phrase-index=\"0\">Datenlogger Modulauswahl<\/span><\/span><\/h2>\n<table width=\"931\">\n<tbody>\n<tr>\n<td width=\"97\">Modul (node)<\/td>\n<td width=\"97\">Buzzer<\/td>\n<td width=\"97\"><span class=\"VIiyi\" lang=\"de\"><span class=\"JLqJ4b ChMk0b\" data-language-for-alternatives=\"de\" data-language-to-translate-into=\"en\" data-phrase-index=\"0\">kleines Display<\/span><\/span><\/td>\n<td width=\"80\"><span class=\"VIiyi\" lang=\"de\"><span class=\"JLqJ4b ChMk0b\" data-language-for-alternatives=\"de\" data-language-to-translate-into=\"en\" data-phrase-index=\"0\">grosses Display<\/span><\/span><\/td>\n<td width=\"80\"><span class=\"VIiyi\" lang=\"de\"><span class=\"JLqJ4b ChMk0b\" data-language-for-alternatives=\"de\" data-language-to-translate-into=\"en\" data-phrase-index=\"0\">Batterien<\/span><\/span><\/td>\n<td width=\"80\">ext. Speisung<\/td>\n<td width=\"80\"><span class=\"VIiyi\" lang=\"de\"><span class=\"JLqJ4b ChMk0b\" data-language-for-alternatives=\"de\" data-language-to-translate-into=\"en\" data-phrase-index=\"0\">interner Sensor<\/span><\/span><\/td>\n<td width=\"80\"><span class=\"VIiyi\" lang=\"de\"><span class=\"JLqJ4b ChMk0b\" data-language-for-alternatives=\"de\" data-language-to-translate-into=\"en\" data-phrase-index=\"0\">externer Sensor<\/span><\/span><\/td>\n<td width=\"80\">interne Antenne<\/td>\n<td width=\"80\">externe Antenne<\/td>\n<td width=\"80\">Relais<\/td>\n<\/tr>\n<tr>\n<td>Juno<\/td>\n<td>nein<\/td>\n<td>yes<\/td>\n<td>nein<\/td>\n<td>yes<\/td>\n<td>nein<\/td>\n<td>yes<\/td>\n<td>nein<\/td>\n<td>yes<\/td>\n<td>nein<\/td>\n<td>nein<\/td>\n<\/tr>\n<tr>\n<td>Venus<\/td>\n<td>yes<\/td>\n<td>nein<\/td>\n<td>yes<\/td>\n<td>yes<\/td>\n<td>nein<\/td>\n<td>yes<\/td>\n<td>nein<\/td>\n<td>yes<\/td>\n<td>nein<\/td>\n<td>nein<\/td>\n<\/tr>\n<tr>\n<td>Mars<\/td>\n<td>yes<\/td>\n<td>nein<\/td>\n<td>yes<\/td>\n<td>yes<\/td>\n<td>nein<\/td>\n<td>ja<\/td>\n<td>nein<\/td>\n<td>nein<\/td>\n<td>ja<\/td>\n<td>nein<\/td>\n<\/tr>\n<tr>\n<td>Deimos<\/td>\n<td>yes<\/td>\n<td>yes<\/td>\n<td>nein<\/td>\n<td>yes<\/td>\n<td>nein<\/td>\n<td>nein<\/td>\n<td>ja<\/td>\n<td>yes<\/td>\n<td>nein<\/td>\n<td>nein<\/td>\n<\/tr>\n<tr>\n<td>Fobos<\/td>\n<td>yes<\/td>\n<td>yes<\/td>\n<td>nein<\/td>\n<td>yes<\/td>\n<td>nein<\/td>\n<td>nein<\/td>\n<td>ja<\/td>\n<td>nein<\/td>\n<td>ja<\/td>\n<td>nein<\/td>\n<\/tr>\n<tr>\n<td>Moon<\/td>\n<td>yes<\/td>\n<td>yes<\/td>\n<td>no<\/td>\n<td>yes<\/td>\n<td>ja<\/td>\n<td>nein<\/td>\n<td>ja<\/td>\n<td>nein<\/td>\n<td>ja<\/td>\n<td>nein<\/td>\n<\/tr>\n<tr>\n<td>Gea<\/td>\n<td>yes<\/td>\n<td>no<\/td>\n<td>yes<\/td>\n<td>yes<\/td>\n<td>nein<\/td>\n<td>nein<\/td>\n<td>ja<\/td>\n<td>ja<\/td>\n<td>nein<\/td>\n<td>nein<\/td>\n<\/tr>\n<tr>\n<td>Mercury<\/td>\n<td>ja<\/td>\n<td>nein<\/td>\n<td>ja<\/td>\n<td>ja<\/td>\n<td>nein<\/td>\n<td>nein<\/td>\n<td>ja<\/td>\n<td>nein<\/td>\n<td>ja<\/td>\n<td>nein<\/td>\n<\/tr>\n<tr>\n<td>Jupiter<\/td>\n<td>ja<\/td>\n<td>nein<\/td>\n<td>ja<\/td>\n<td>ja<\/td>\n<td>ja<\/td>\n<td>nein<\/td>\n<td>ja<\/td>\n<td>nein<\/td>\n<td>ja<\/td>\n<td>nein<\/td>\n<\/tr>\n<tr>\n<td>Pluto<\/td>\n<td>ja<\/td>\n<td>nein<\/td>\n<td>ja<\/td>\n<td>ja<\/td>\n<td>ja<\/td>\n<td>nein<\/td>\n<td>ja<\/td>\n<td>ja<\/td>\n<td>nein<\/td>\n<td>nein<\/td>\n<\/tr>\n<tr>\n<td>Neptune<\/td>\n<td>ja<\/td>\n<td>ja<\/td>\n<td>nein<\/td>\n<td>ja<\/td>\n<td>ja<\/td>\n<td>nein<\/td>\n<td>ja<\/td>\n<td>nein<\/td>\n<td>ja<\/td>\n<td>ja<\/td>\n<\/tr>\n<tr>\n<td>Saturn<\/td>\n<td>ja<\/td>\n<td>nein<\/td>\n<td>ja<\/td>\n<td>ja<\/td>\n<td>ja<\/td>\n<td>nein<\/td>\n<td>ja<\/td>\n<td>nein<\/td>\n<td>ja<\/td>\n<td>ja<\/td>\n<\/tr>\n<\/tbody>\n<\/table>\n","protected":false},"excerpt":{"rendered":"<p><span class=\"VIiyi\" lang=\"de\"><span class=\"JLqJ4b ChMk0b\" data-language-for-alternatives=\"de\" data-language-to-translate-into=\"en\" data-phrase-index=\"0\">Modulares System f\u00fcr Temperatur-, Feuchtigkeits-, Druck- und Lichtaufzeichnung mit Daten\u00fcbertragung \u00fcber das Lora-Netzwerk.<\/span><\/span><\/p>\n","protected":false},"featured_media":22467,"template":"","meta":{"_crdt_document":""},"product_brand":[],"product_cat":[168,169,175,206,173],"product_tag":[],"class_list":{"0":"post-22463","1":"product","2":"type-product","3":"status-publish","4":"has-post-thumbnail","6":"product_cat-datenlogger","7":"product_cat-druck","8":"product_cat-feuchte","9":"product_cat-licht","10":"product_cat-temperatur","12":"first","13":"instock","14":"taxable","15":"shipping-taxable","16":"product-type-simple"},"yoast_head":"<!-- This site is optimized with the Yoast SEO plugin v27.4 - https:\/\/yoast.com\/product\/yoast-seo-wordpress\/ -->\n<title>Temperatur, Luftfeuchtigkeit, Druck und Licht - Funk\u00fcberwachung mit Lo.Ra. (DeepWave) - Sysmatec<\/title>\n<meta name=\"description\" content=\"Lora-Logger f\u00fcr Temperatur-, Feuchtigkeits-, Druck- und Lichtparameter. Sie verf\u00fcgen \u00fcber einen Speicher, der jeglichen Datenverlust verhindert.\" \/>\n<meta name=\"robots\" content=\"index, follow, max-snippet:-1, max-image-preview:large, max-video-preview:-1\" \/>\n<link rel=\"canonical\" href=\"https:\/\/sysmatec.ch\/de\/produit\/temperatur-luftfeuchtigkeit-druck-und-licht-funkueberwachung-mit-lo-ra-deepwave\/\" \/>\n<meta property=\"og:locale\" content=\"de_DE\" \/>\n<meta property=\"og:type\" content=\"article\" \/>\n<meta property=\"og:title\" content=\"Temperatur, Luftfeuchtigkeit, Druck und Licht - Funk\u00fcberwachung mit Lo.Ra. (DeepWave) - Sysmatec\" \/>\n<meta property=\"og:description\" content=\"Lora-Logger f\u00fcr Temperatur-, Feuchtigkeits-, Druck- und Lichtparameter. Sie verf\u00fcgen \u00fcber einen Speicher, der jeglichen Datenverlust verhindert.\" \/>\n<meta property=\"og:url\" content=\"https:\/\/sysmatec.ch\/de\/produit\/temperatur-luftfeuchtigkeit-druck-und-licht-funkueberwachung-mit-lo-ra-deepwave\/\" \/>\n<meta property=\"og:site_name\" content=\"Sysmatec\" \/>\n<meta property=\"article:modified_time\" content=\"2021-11-26T18:02:56+00:00\" \/>\n<meta property=\"og:image\" content=\"https:\/\/sysmatec.ch\/wp-content\/uploads\/2021\/03\/EnregistreurLora_Tecnosoft.jpg\" \/>\n\t<meta property=\"og:image:width\" content=\"860\" \/>\n\t<meta property=\"og:image:height\" content=\"678\" \/>\n\t<meta property=\"og:image:type\" content=\"image\/jpeg\" \/>\n<meta name=\"twitter:card\" content=\"summary_large_image\" \/>\n<meta name=\"twitter:label1\" content=\"Gesch\u00e4tzte Lesezeit\" \/>\n\t<meta name=\"twitter:data1\" content=\"2\u00a0Minuten\" \/>\n<script type=\"application\/ld+json\" class=\"yoast-schema-graph\">{\"@context\":\"https:\\\/\\\/schema.org\",\"@graph\":[{\"@type\":\"WebPage\",\"@id\":\"https:\\\/\\\/sysmatec.ch\\\/de\\\/produit\\\/temperatur-luftfeuchtigkeit-druck-und-licht-funkueberwachung-mit-lo-ra-deepwave\\\/\",\"url\":\"https:\\\/\\\/sysmatec.ch\\\/de\\\/produit\\\/temperatur-luftfeuchtigkeit-druck-und-licht-funkueberwachung-mit-lo-ra-deepwave\\\/\",\"name\":\"Temperatur, Luftfeuchtigkeit, Druck und Licht - Funk\u00fcberwachung mit Lo.Ra. (DeepWave) - Sysmatec\",\"isPartOf\":{\"@id\":\"https:\\\/\\\/sysmatec.ch\\\/de\\\/#website\"},\"primaryImageOfPage\":{\"@id\":\"https:\\\/\\\/sysmatec.ch\\\/de\\\/produit\\\/temperatur-luftfeuchtigkeit-druck-und-licht-funkueberwachung-mit-lo-ra-deepwave\\\/#primaryimage\"},\"image\":{\"@id\":\"https:\\\/\\\/sysmatec.ch\\\/de\\\/produit\\\/temperatur-luftfeuchtigkeit-druck-und-licht-funkueberwachung-mit-lo-ra-deepwave\\\/#primaryimage\"},\"thumbnailUrl\":\"https:\\\/\\\/sysmatec.ch\\\/wp-content\\\/uploads\\\/2021\\\/03\\\/EnregistreurLora_Tecnosoft.jpg\",\"datePublished\":\"2021-03-09T15:27:31+00:00\",\"dateModified\":\"2021-11-26T18:02:56+00:00\",\"description\":\"Lora-Logger f\u00fcr Temperatur-, Feuchtigkeits-, Druck- und Lichtparameter. Sie verf\u00fcgen \u00fcber einen Speicher, der jeglichen Datenverlust verhindert.\",\"breadcrumb\":{\"@id\":\"https:\\\/\\\/sysmatec.ch\\\/de\\\/produit\\\/temperatur-luftfeuchtigkeit-druck-und-licht-funkueberwachung-mit-lo-ra-deepwave\\\/#breadcrumb\"},\"inLanguage\":\"de\",\"potentialAction\":[{\"@type\":\"ReadAction\",\"target\":[\"https:\\\/\\\/sysmatec.ch\\\/de\\\/produit\\\/temperatur-luftfeuchtigkeit-druck-und-licht-funkueberwachung-mit-lo-ra-deepwave\\\/\"]}]},{\"@type\":\"ImageObject\",\"inLanguage\":\"de\",\"@id\":\"https:\\\/\\\/sysmatec.ch\\\/de\\\/produit\\\/temperatur-luftfeuchtigkeit-druck-und-licht-funkueberwachung-mit-lo-ra-deepwave\\\/#primaryimage\",\"url\":\"https:\\\/\\\/sysmatec.ch\\\/wp-content\\\/uploads\\\/2021\\\/03\\\/EnregistreurLora_Tecnosoft.jpg\",\"contentUrl\":\"https:\\\/\\\/sysmatec.ch\\\/wp-content\\\/uploads\\\/2021\\\/03\\\/EnregistreurLora_Tecnosoft.jpg\",\"width\":860,\"height\":678},{\"@type\":\"BreadcrumbList\",\"@id\":\"https:\\\/\\\/sysmatec.ch\\\/de\\\/produit\\\/temperatur-luftfeuchtigkeit-druck-und-licht-funkueberwachung-mit-lo-ra-deepwave\\\/#breadcrumb\",\"itemListElement\":[{\"@type\":\"ListItem\",\"position\":1,\"name\":\"Accueil\",\"item\":\"https:\\\/\\\/sysmatec.ch\\\/de\\\/\"},{\"@type\":\"ListItem\",\"position\":2,\"name\":\"Die Aktivit\u00e4t von Sysmatec\",\"item\":\"https:\\\/\\\/sysmatec.ch\\\/de\\\/\"},{\"@type\":\"ListItem\",\"position\":3,\"name\":\"Temperatur, Luftfeuchtigkeit, Druck und Licht &#8211; Funk\u00fcberwachung mit Lo.Ra. (DeepWave)\"}]},{\"@type\":\"WebSite\",\"@id\":\"https:\\\/\\\/sysmatec.ch\\\/de\\\/#website\",\"url\":\"https:\\\/\\\/sysmatec.ch\\\/de\\\/\",\"name\":\"Sysmatec\",\"description\":\"Equipement de laboratoire et logiciels\",\"publisher\":{\"@id\":\"https:\\\/\\\/sysmatec.ch\\\/de\\\/#organization\"},\"potentialAction\":[{\"@type\":\"SearchAction\",\"target\":{\"@type\":\"EntryPoint\",\"urlTemplate\":\"https:\\\/\\\/sysmatec.ch\\\/de\\\/?s={search_term_string}\"},\"query-input\":{\"@type\":\"PropertyValueSpecification\",\"valueRequired\":true,\"valueName\":\"search_term_string\"}}],\"inLanguage\":\"de\"},{\"@type\":\"Organization\",\"@id\":\"https:\\\/\\\/sysmatec.ch\\\/de\\\/#organization\",\"name\":\"Sysmatec\",\"url\":\"https:\\\/\\\/sysmatec.ch\\\/de\\\/\",\"logo\":{\"@type\":\"ImageObject\",\"inLanguage\":\"de\",\"@id\":\"https:\\\/\\\/sysmatec.ch\\\/de\\\/#\\\/schema\\\/logo\\\/image\\\/\",\"url\":\"https:\\\/\\\/sysmatec.ch\\\/wp-content\\\/uploads\\\/2018\\\/11\\\/LogoSysmatec.jpg\",\"contentUrl\":\"https:\\\/\\\/sysmatec.ch\\\/wp-content\\\/uploads\\\/2018\\\/11\\\/LogoSysmatec.jpg\",\"width\":301,\"height\":297,\"caption\":\"Sysmatec\"},\"image\":{\"@id\":\"https:\\\/\\\/sysmatec.ch\\\/de\\\/#\\\/schema\\\/logo\\\/image\\\/\"}}]}<\/script>\n<!-- \/ Yoast SEO plugin. -->","yoast_head_json":{"title":"Temperatur, Luftfeuchtigkeit, Druck und Licht - Funk\u00fcberwachung mit Lo.Ra. (DeepWave) - Sysmatec","description":"Lora-Logger f\u00fcr Temperatur-, Feuchtigkeits-, Druck- und Lichtparameter. Sie verf\u00fcgen \u00fcber einen Speicher, der jeglichen Datenverlust verhindert.","robots":{"index":"index","follow":"follow","max-snippet":"max-snippet:-1","max-image-preview":"max-image-preview:large","max-video-preview":"max-video-preview:-1"},"canonical":"https:\/\/sysmatec.ch\/de\/produit\/temperatur-luftfeuchtigkeit-druck-und-licht-funkueberwachung-mit-lo-ra-deepwave\/","og_locale":"de_DE","og_type":"article","og_title":"Temperatur, Luftfeuchtigkeit, Druck und Licht - Funk\u00fcberwachung mit Lo.Ra. (DeepWave) - Sysmatec","og_description":"Lora-Logger f\u00fcr Temperatur-, Feuchtigkeits-, Druck- und Lichtparameter. Sie verf\u00fcgen \u00fcber einen Speicher, der jeglichen Datenverlust verhindert.","og_url":"https:\/\/sysmatec.ch\/de\/produit\/temperatur-luftfeuchtigkeit-druck-und-licht-funkueberwachung-mit-lo-ra-deepwave\/","og_site_name":"Sysmatec","article_modified_time":"2021-11-26T18:02:56+00:00","og_image":[{"width":860,"height":678,"url":"https:\/\/sysmatec.ch\/wp-content\/uploads\/2021\/03\/EnregistreurLora_Tecnosoft.jpg","type":"image\/jpeg"}],"twitter_card":"summary_large_image","twitter_misc":{"Gesch\u00e4tzte Lesezeit":"2\u00a0Minuten"},"schema":{"@context":"https:\/\/schema.org","@graph":[{"@type":"WebPage","@id":"https:\/\/sysmatec.ch\/de\/produit\/temperatur-luftfeuchtigkeit-druck-und-licht-funkueberwachung-mit-lo-ra-deepwave\/","url":"https:\/\/sysmatec.ch\/de\/produit\/temperatur-luftfeuchtigkeit-druck-und-licht-funkueberwachung-mit-lo-ra-deepwave\/","name":"Temperatur, Luftfeuchtigkeit, Druck und Licht - Funk\u00fcberwachung mit Lo.Ra. (DeepWave) - Sysmatec","isPartOf":{"@id":"https:\/\/sysmatec.ch\/de\/#website"},"primaryImageOfPage":{"@id":"https:\/\/sysmatec.ch\/de\/produit\/temperatur-luftfeuchtigkeit-druck-und-licht-funkueberwachung-mit-lo-ra-deepwave\/#primaryimage"},"image":{"@id":"https:\/\/sysmatec.ch\/de\/produit\/temperatur-luftfeuchtigkeit-druck-und-licht-funkueberwachung-mit-lo-ra-deepwave\/#primaryimage"},"thumbnailUrl":"https:\/\/sysmatec.ch\/wp-content\/uploads\/2021\/03\/EnregistreurLora_Tecnosoft.jpg","datePublished":"2021-03-09T15:27:31+00:00","dateModified":"2021-11-26T18:02:56+00:00","description":"Lora-Logger f\u00fcr Temperatur-, Feuchtigkeits-, Druck- und Lichtparameter. Sie verf\u00fcgen \u00fcber einen Speicher, der jeglichen Datenverlust verhindert.","breadcrumb":{"@id":"https:\/\/sysmatec.ch\/de\/produit\/temperatur-luftfeuchtigkeit-druck-und-licht-funkueberwachung-mit-lo-ra-deepwave\/#breadcrumb"},"inLanguage":"de","potentialAction":[{"@type":"ReadAction","target":["https:\/\/sysmatec.ch\/de\/produit\/temperatur-luftfeuchtigkeit-druck-und-licht-funkueberwachung-mit-lo-ra-deepwave\/"]}]},{"@type":"ImageObject","inLanguage":"de","@id":"https:\/\/sysmatec.ch\/de\/produit\/temperatur-luftfeuchtigkeit-druck-und-licht-funkueberwachung-mit-lo-ra-deepwave\/#primaryimage","url":"https:\/\/sysmatec.ch\/wp-content\/uploads\/2021\/03\/EnregistreurLora_Tecnosoft.jpg","contentUrl":"https:\/\/sysmatec.ch\/wp-content\/uploads\/2021\/03\/EnregistreurLora_Tecnosoft.jpg","width":860,"height":678},{"@type":"BreadcrumbList","@id":"https:\/\/sysmatec.ch\/de\/produit\/temperatur-luftfeuchtigkeit-druck-und-licht-funkueberwachung-mit-lo-ra-deepwave\/#breadcrumb","itemListElement":[{"@type":"ListItem","position":1,"name":"Accueil","item":"https:\/\/sysmatec.ch\/de\/"},{"@type":"ListItem","position":2,"name":"Die Aktivit\u00e4t von Sysmatec","item":"https:\/\/sysmatec.ch\/de\/"},{"@type":"ListItem","position":3,"name":"Temperatur, Luftfeuchtigkeit, Druck und Licht &#8211; Funk\u00fcberwachung mit Lo.Ra. (DeepWave)"}]},{"@type":"WebSite","@id":"https:\/\/sysmatec.ch\/de\/#website","url":"https:\/\/sysmatec.ch\/de\/","name":"Sysmatec","description":"Equipement de laboratoire et logiciels","publisher":{"@id":"https:\/\/sysmatec.ch\/de\/#organization"},"potentialAction":[{"@type":"SearchAction","target":{"@type":"EntryPoint","urlTemplate":"https:\/\/sysmatec.ch\/de\/?s={search_term_string}"},"query-input":{"@type":"PropertyValueSpecification","valueRequired":true,"valueName":"search_term_string"}}],"inLanguage":"de"},{"@type":"Organization","@id":"https:\/\/sysmatec.ch\/de\/#organization","name":"Sysmatec","url":"https:\/\/sysmatec.ch\/de\/","logo":{"@type":"ImageObject","inLanguage":"de","@id":"https:\/\/sysmatec.ch\/de\/#\/schema\/logo\/image\/","url":"https:\/\/sysmatec.ch\/wp-content\/uploads\/2018\/11\/LogoSysmatec.jpg","contentUrl":"https:\/\/sysmatec.ch\/wp-content\/uploads\/2018\/11\/LogoSysmatec.jpg","width":301,"height":297,"caption":"Sysmatec"},"image":{"@id":"https:\/\/sysmatec.ch\/de\/#\/schema\/logo\/image\/"}}]}},"_links":{"self":[{"href":"https:\/\/sysmatec.ch\/de\/wp-json\/wp\/v2\/product\/22463","targetHints":{"allow":["GET"]}}],"collection":[{"href":"https:\/\/sysmatec.ch\/de\/wp-json\/wp\/v2\/product"}],"about":[{"href":"https:\/\/sysmatec.ch\/de\/wp-json\/wp\/v2\/types\/product"}],"wp:featuredmedia":[{"embeddable":true,"href":"https:\/\/sysmatec.ch\/de\/wp-json\/wp\/v2\/media\/22467"}],"wp:attachment":[{"href":"https:\/\/sysmatec.ch\/de\/wp-json\/wp\/v2\/media?parent=22463"}],"wp:term":[{"taxonomy":"product_brand","embeddable":true,"href":"https:\/\/sysmatec.ch\/de\/wp-json\/wp\/v2\/product_brand?post=22463"},{"taxonomy":"product_cat","embeddable":true,"href":"https:\/\/sysmatec.ch\/de\/wp-json\/wp\/v2\/product_cat?post=22463"},{"taxonomy":"product_tag","embeddable":true,"href":"https:\/\/sysmatec.ch\/de\/wp-json\/wp\/v2\/product_tag?post=22463"}],"curies":[{"name":"wp","href":"https:\/\/api.w.org\/{rel}","templated":true}]}}