{"id":2246,"date":"2019-01-12T19:42:43","date_gmt":"2019-01-12T18:42:43","guid":{"rendered":"https:\/\/sysmatec.ch\/produit\/dessiccateur-automatique-v1877\/"},"modified":"2022-03-10T11:29:15","modified_gmt":"2022-03-10T10:29:15","slug":"automatische-entfeuchtungssystem-v1877","status":"publish","type":"product","link":"https:\/\/sysmatec.ch\/de\/Produkt\/automatische-entfeuchtungssystem-v1877\/","title":{"rendered":"Automatische Entfeuchtungssystem V1877"},"content":{"rendered":"<ul>\n<li>Material: PMMA (Polymethylmethacrylat, Plexiglas)<\/li>\n<li>Temperaturbest\u00e4ndigkeit: -20 \u00b0C bis +70 \u00b0C<\/li>\n<li>Verwendung: Normaldruck<\/li>\n<li>Stromspeisung: 230V\/50Hz<\/li>\n<li>inkl. Hygrometer<\/li>\n<li>automatische Trocknung, der Silikagel wird automatisch regeneriert<\/li>\n<li>konstante Luftfeuchtigkeit im Innenraum zwischen 20 und 30%<\/li>\n<li>Ein Zyklus zur automatischen Entfeuchtung und Regenerierung des Silikagels dauert ca. 20 Minuten<\/li>\n<\/ul>\n<p>Modell V1877-07: 4 Zwischenb\u00f6den aus acrylglas, Innenmasse (BxTxH) 260 x 480 x 330 mm, Aussenmasse (BxTxH) 310 x 525 x 375 mm<\/p>\n","protected":false},"excerpt":{"rendered":"<p>Automatischer\u00a0Exsikkator<\/p>\n","protected":false},"featured_media":1209,"template":"","meta":{"_crdt_document":""},"product_brand":[],"product_cat":[143],"product_tag":[],"class_list":{"0":"post-2246","1":"product","2":"type-product","3":"status-publish","4":"has-post-thumbnail","6":"product_cat-exsikkator","8":"first","9":"instock","10":"taxable","11":"shipping-taxable","12":"product-type-simple"},"yoast_head":"<!-- This site is optimized with the Yoast SEO plugin v27.3 - https:\/\/yoast.com\/product\/yoast-seo-wordpress\/ -->\n<title>Automatische Entfeuchtungssystem V1877 - Sysmatec<\/title>\n<meta name=\"description\" content=\"Automatischer Exsikkator. Es verf\u00fcgt \u00fcber eine automatische Trockengel-Trocknungseinheit. Es h\u00e4lt eine konstante Luftfeuchtigkeit von 20-30% RH aufrecht.\" \/>\n<meta name=\"robots\" content=\"index, follow, max-snippet:-1, max-image-preview:large, max-video-preview:-1\" \/>\n<link rel=\"canonical\" href=\"https:\/\/sysmatec.ch\/de\/produit\/automatische-entfeuchtungssystem-v1877\/\" \/>\n<meta property=\"og:locale\" content=\"de_DE\" \/>\n<meta property=\"og:type\" content=\"article\" \/>\n<meta property=\"og:title\" content=\"Automatische Entfeuchtungssystem V1877 - Sysmatec\" \/>\n<meta property=\"og:description\" content=\"Automatischer Exsikkator. Es verf\u00fcgt \u00fcber eine automatische Trockengel-Trocknungseinheit. Es h\u00e4lt eine konstante Luftfeuchtigkeit von 20-30% RH aufrecht.\" \/>\n<meta property=\"og:url\" content=\"https:\/\/sysmatec.ch\/de\/produit\/automatische-entfeuchtungssystem-v1877\/\" \/>\n<meta property=\"og:site_name\" content=\"Sysmatec\" \/>\n<meta property=\"article:modified_time\" content=\"2022-03-10T10:29:15+00:00\" \/>\n<meta property=\"og:image\" content=\"https:\/\/sysmatec.ch\/wp-content\/uploads\/2019\/01\/Dessiccateur_BolaV1877.jpg\" \/>\n\t<meta property=\"og:image:width\" content=\"170\" \/>\n\t<meta property=\"og:image:height\" content=\"170\" \/>\n\t<meta property=\"og:image:type\" content=\"image\/jpeg\" \/>\n<meta name=\"twitter:card\" content=\"summary_large_image\" \/>\n<script type=\"application\/ld+json\" class=\"yoast-schema-graph\">{\"@context\":\"https:\\\/\\\/schema.org\",\"@graph\":[{\"@type\":\"WebPage\",\"@id\":\"https:\\\/\\\/sysmatec.ch\\\/de\\\/produit\\\/automatische-entfeuchtungssystem-v1877\\\/\",\"url\":\"https:\\\/\\\/sysmatec.ch\\\/de\\\/produit\\\/automatische-entfeuchtungssystem-v1877\\\/\",\"name\":\"Automatische Entfeuchtungssystem V1877 - Sysmatec\",\"isPartOf\":{\"@id\":\"https:\\\/\\\/sysmatec.ch\\\/de\\\/#website\"},\"primaryImageOfPage\":{\"@id\":\"https:\\\/\\\/sysmatec.ch\\\/de\\\/produit\\\/automatische-entfeuchtungssystem-v1877\\\/#primaryimage\"},\"image\":{\"@id\":\"https:\\\/\\\/sysmatec.ch\\\/de\\\/produit\\\/automatische-entfeuchtungssystem-v1877\\\/#primaryimage\"},\"thumbnailUrl\":\"https:\\\/\\\/sysmatec.ch\\\/wp-content\\\/uploads\\\/2019\\\/01\\\/Dessiccateur_BolaV1877.jpg\",\"datePublished\":\"2019-01-12T18:42:43+00:00\",\"dateModified\":\"2022-03-10T10:29:15+00:00\",\"description\":\"Automatischer Exsikkator. Es verf\u00fcgt \u00fcber eine automatische Trockengel-Trocknungseinheit. Es h\u00e4lt eine konstante Luftfeuchtigkeit von 20-30% RH aufrecht.\",\"breadcrumb\":{\"@id\":\"https:\\\/\\\/sysmatec.ch\\\/de\\\/produit\\\/automatische-entfeuchtungssystem-v1877\\\/#breadcrumb\"},\"inLanguage\":\"de\",\"potentialAction\":[{\"@type\":\"ReadAction\",\"target\":[\"https:\\\/\\\/sysmatec.ch\\\/de\\\/produit\\\/automatische-entfeuchtungssystem-v1877\\\/\"]}]},{\"@type\":\"ImageObject\",\"inLanguage\":\"de\",\"@id\":\"https:\\\/\\\/sysmatec.ch\\\/de\\\/produit\\\/automatische-entfeuchtungssystem-v1877\\\/#primaryimage\",\"url\":\"https:\\\/\\\/sysmatec.ch\\\/wp-content\\\/uploads\\\/2019\\\/01\\\/Dessiccateur_BolaV1877.jpg\",\"contentUrl\":\"https:\\\/\\\/sysmatec.ch\\\/wp-content\\\/uploads\\\/2019\\\/01\\\/Dessiccateur_BolaV1877.jpg\",\"width\":170,\"height\":170},{\"@type\":\"BreadcrumbList\",\"@id\":\"https:\\\/\\\/sysmatec.ch\\\/de\\\/produit\\\/automatische-entfeuchtungssystem-v1877\\\/#breadcrumb\",\"itemListElement\":[{\"@type\":\"ListItem\",\"position\":1,\"name\":\"Accueil\",\"item\":\"https:\\\/\\\/sysmatec.ch\\\/de\\\/\"},{\"@type\":\"ListItem\",\"position\":2,\"name\":\"Die Aktivit\u00e4t von Sysmatec\",\"item\":\"https:\\\/\\\/sysmatec.ch\\\/de\\\/\"},{\"@type\":\"ListItem\",\"position\":3,\"name\":\"Automatische Entfeuchtungssystem V1877\"}]},{\"@type\":\"WebSite\",\"@id\":\"https:\\\/\\\/sysmatec.ch\\\/de\\\/#website\",\"url\":\"https:\\\/\\\/sysmatec.ch\\\/de\\\/\",\"name\":\"Sysmatec\",\"description\":\"Equipement de laboratoire et logiciels\",\"publisher\":{\"@id\":\"https:\\\/\\\/sysmatec.ch\\\/de\\\/#organization\"},\"potentialAction\":[{\"@type\":\"SearchAction\",\"target\":{\"@type\":\"EntryPoint\",\"urlTemplate\":\"https:\\\/\\\/sysmatec.ch\\\/de\\\/?s={search_term_string}\"},\"query-input\":{\"@type\":\"PropertyValueSpecification\",\"valueRequired\":true,\"valueName\":\"search_term_string\"}}],\"inLanguage\":\"de\"},{\"@type\":\"Organization\",\"@id\":\"https:\\\/\\\/sysmatec.ch\\\/de\\\/#organization\",\"name\":\"Sysmatec\",\"url\":\"https:\\\/\\\/sysmatec.ch\\\/de\\\/\",\"logo\":{\"@type\":\"ImageObject\",\"inLanguage\":\"de\",\"@id\":\"https:\\\/\\\/sysmatec.ch\\\/de\\\/#\\\/schema\\\/logo\\\/image\\\/\",\"url\":\"https:\\\/\\\/sysmatec.ch\\\/wp-content\\\/uploads\\\/2018\\\/11\\\/LogoSysmatec.jpg\",\"contentUrl\":\"https:\\\/\\\/sysmatec.ch\\\/wp-content\\\/uploads\\\/2018\\\/11\\\/LogoSysmatec.jpg\",\"width\":301,\"height\":297,\"caption\":\"Sysmatec\"},\"image\":{\"@id\":\"https:\\\/\\\/sysmatec.ch\\\/de\\\/#\\\/schema\\\/logo\\\/image\\\/\"}}]}<\/script>\n<!-- \/ Yoast SEO plugin. -->","yoast_head_json":{"title":"Automatische Entfeuchtungssystem V1877 - Sysmatec","description":"Automatischer Exsikkator. Es verf\u00fcgt \u00fcber eine automatische Trockengel-Trocknungseinheit. Es h\u00e4lt eine konstante Luftfeuchtigkeit von 20-30% RH aufrecht.","robots":{"index":"index","follow":"follow","max-snippet":"max-snippet:-1","max-image-preview":"max-image-preview:large","max-video-preview":"max-video-preview:-1"},"canonical":"https:\/\/sysmatec.ch\/de\/produit\/automatische-entfeuchtungssystem-v1877\/","og_locale":"de_DE","og_type":"article","og_title":"Automatische Entfeuchtungssystem V1877 - Sysmatec","og_description":"Automatischer Exsikkator. Es verf\u00fcgt \u00fcber eine automatische Trockengel-Trocknungseinheit. Es h\u00e4lt eine konstante Luftfeuchtigkeit von 20-30% RH aufrecht.","og_url":"https:\/\/sysmatec.ch\/de\/produit\/automatische-entfeuchtungssystem-v1877\/","og_site_name":"Sysmatec","article_modified_time":"2022-03-10T10:29:15+00:00","og_image":[{"width":170,"height":170,"url":"https:\/\/sysmatec.ch\/wp-content\/uploads\/2019\/01\/Dessiccateur_BolaV1877.jpg","type":"image\/jpeg"}],"twitter_card":"summary_large_image","schema":{"@context":"https:\/\/schema.org","@graph":[{"@type":"WebPage","@id":"https:\/\/sysmatec.ch\/de\/produit\/automatische-entfeuchtungssystem-v1877\/","url":"https:\/\/sysmatec.ch\/de\/produit\/automatische-entfeuchtungssystem-v1877\/","name":"Automatische Entfeuchtungssystem V1877 - Sysmatec","isPartOf":{"@id":"https:\/\/sysmatec.ch\/de\/#website"},"primaryImageOfPage":{"@id":"https:\/\/sysmatec.ch\/de\/produit\/automatische-entfeuchtungssystem-v1877\/#primaryimage"},"image":{"@id":"https:\/\/sysmatec.ch\/de\/produit\/automatische-entfeuchtungssystem-v1877\/#primaryimage"},"thumbnailUrl":"https:\/\/sysmatec.ch\/wp-content\/uploads\/2019\/01\/Dessiccateur_BolaV1877.jpg","datePublished":"2019-01-12T18:42:43+00:00","dateModified":"2022-03-10T10:29:15+00:00","description":"Automatischer Exsikkator. Es verf\u00fcgt \u00fcber eine automatische Trockengel-Trocknungseinheit. Es h\u00e4lt eine konstante Luftfeuchtigkeit von 20-30% RH aufrecht.","breadcrumb":{"@id":"https:\/\/sysmatec.ch\/de\/produit\/automatische-entfeuchtungssystem-v1877\/#breadcrumb"},"inLanguage":"de","potentialAction":[{"@type":"ReadAction","target":["https:\/\/sysmatec.ch\/de\/produit\/automatische-entfeuchtungssystem-v1877\/"]}]},{"@type":"ImageObject","inLanguage":"de","@id":"https:\/\/sysmatec.ch\/de\/produit\/automatische-entfeuchtungssystem-v1877\/#primaryimage","url":"https:\/\/sysmatec.ch\/wp-content\/uploads\/2019\/01\/Dessiccateur_BolaV1877.jpg","contentUrl":"https:\/\/sysmatec.ch\/wp-content\/uploads\/2019\/01\/Dessiccateur_BolaV1877.jpg","width":170,"height":170},{"@type":"BreadcrumbList","@id":"https:\/\/sysmatec.ch\/de\/produit\/automatische-entfeuchtungssystem-v1877\/#breadcrumb","itemListElement":[{"@type":"ListItem","position":1,"name":"Accueil","item":"https:\/\/sysmatec.ch\/de\/"},{"@type":"ListItem","position":2,"name":"Die Aktivit\u00e4t von Sysmatec","item":"https:\/\/sysmatec.ch\/de\/"},{"@type":"ListItem","position":3,"name":"Automatische Entfeuchtungssystem V1877"}]},{"@type":"WebSite","@id":"https:\/\/sysmatec.ch\/de\/#website","url":"https:\/\/sysmatec.ch\/de\/","name":"Sysmatec","description":"Equipement de laboratoire et logiciels","publisher":{"@id":"https:\/\/sysmatec.ch\/de\/#organization"},"potentialAction":[{"@type":"SearchAction","target":{"@type":"EntryPoint","urlTemplate":"https:\/\/sysmatec.ch\/de\/?s={search_term_string}"},"query-input":{"@type":"PropertyValueSpecification","valueRequired":true,"valueName":"search_term_string"}}],"inLanguage":"de"},{"@type":"Organization","@id":"https:\/\/sysmatec.ch\/de\/#organization","name":"Sysmatec","url":"https:\/\/sysmatec.ch\/de\/","logo":{"@type":"ImageObject","inLanguage":"de","@id":"https:\/\/sysmatec.ch\/de\/#\/schema\/logo\/image\/","url":"https:\/\/sysmatec.ch\/wp-content\/uploads\/2018\/11\/LogoSysmatec.jpg","contentUrl":"https:\/\/sysmatec.ch\/wp-content\/uploads\/2018\/11\/LogoSysmatec.jpg","width":301,"height":297,"caption":"Sysmatec"},"image":{"@id":"https:\/\/sysmatec.ch\/de\/#\/schema\/logo\/image\/"}}]}},"_links":{"self":[{"href":"https:\/\/sysmatec.ch\/de\/wp-json\/wp\/v2\/product\/2246","targetHints":{"allow":["GET"]}}],"collection":[{"href":"https:\/\/sysmatec.ch\/de\/wp-json\/wp\/v2\/product"}],"about":[{"href":"https:\/\/sysmatec.ch\/de\/wp-json\/wp\/v2\/types\/product"}],"wp:featuredmedia":[{"embeddable":true,"href":"https:\/\/sysmatec.ch\/de\/wp-json\/wp\/v2\/media\/1209"}],"wp:attachment":[{"href":"https:\/\/sysmatec.ch\/de\/wp-json\/wp\/v2\/media?parent=2246"}],"wp:term":[{"taxonomy":"product_brand","embeddable":true,"href":"https:\/\/sysmatec.ch\/de\/wp-json\/wp\/v2\/product_brand?post=2246"},{"taxonomy":"product_cat","embeddable":true,"href":"https:\/\/sysmatec.ch\/de\/wp-json\/wp\/v2\/product_cat?post=2246"},{"taxonomy":"product_tag","embeddable":true,"href":"https:\/\/sysmatec.ch\/de\/wp-json\/wp\/v2\/product_tag?post=2246"}],"curies":[{"name":"wp","href":"https:\/\/api.w.org\/{rel}","templated":true}]}}