{"id":22445,"date":"2021-03-07T21:20:46","date_gmt":"2021-03-07T20:20:46","guid":{"rendered":"https:\/\/sysmatec.ch\/?post_type=product&#038;p=22445"},"modified":"2021-11-27T10:21:20","modified_gmt":"2021-11-27T09:21:20","slug":"industrielle-schlauchpumpe-wg600f","status":"publish","type":"product","link":"https:\/\/sysmatec.ch\/de\/Produkt\/industrielle-schlauchpumpe-wg600f\/","title":{"rendered":"Industrielle Schlauchpumpe WG600F"},"content":{"rendered":"<p><span class=\"VIiyi\" lang=\"de\"><span class=\"JLqJ4b\" data-language-for-alternatives=\"de\" data-language-to-translate-into=\"en\" data-phrase-index=\"0\">Die Pumpe eignet sich zum F\u00f6rdern und Abgeben gro\u00dfer Fl\u00fcssigkeitsmengen in der Industrie. Sie bietet einen Durchflussbereich von 0.01 bis 13 l \/ min pro Kanal (max. 2 Kan\u00e4le). Der b\u00fcrstenlose Servomotorantrieb mit gro\u00dfem Drehmoment hat eine hohe Drehgenauigkeit und ist wartungsfrei. Sie verf\u00fcgt nicht nur \u00fcber grundlegende Funktionen wie umkehrbare Richtung, Start \/ Stopp, volle Geschwindigkeit (f\u00fcr schnelle Reinigung) und variable Geschwindigkeit, sondern auch \u00fcber drei Arten von Verteilungsmodi: Zeitausgabemodus, Volumenausgabemodus und Kopierausgabemodus f\u00fcr alle Arten von komplexe Abgabeanforderungen. Mit der RS485-MODBUS-Schnittstelle kann die Pumpe einfach von einem externen Ger\u00e4t wie einem Computer, einer Mensch-Maschine-Schnittstelle oder einer SPS gesteuert werden.<\/span><\/span><\/p>\n<h2><span class=\"VIiyi\" lang=\"de\"><span class=\"JLqJ4b\" data-language-for-alternatives=\"de\" data-language-to-translate-into=\"en\" data-phrase-index=\"0\">Pumpe Funktionen und Merkmale<\/span><\/span><\/h2>\n<ul>\n<li><span class=\"VIiyi\" lang=\"de\"><span class=\"JLqJ4b\" data-language-for-alternatives=\"de\" data-language-to-translate-into=\"en\" data-phrase-index=\"0\">Durchflussbereich pro Kanal: 0.01-13 l \/ min.<\/span><\/span><\/li>\n<li><span class=\"VIiyi\" lang=\"de\"><span class=\"JLqJ4b\" data-language-for-alternatives=\"de\" data-language-to-translate-into=\"en\" data-phrase-index=\"0\">Anwendbarer Pumpenkopf: YZ35, 2xYZ35.<\/span><\/span><\/li>\n<li><span class=\"VIiyi\" lang=\"de\"><span class=\"JLqJ4b\" data-language-for-alternatives=\"de\" data-language-to-translate-into=\"en\" data-phrase-index=\"0\">B\u00fcrstenloser Servomotorantrieb mit gro\u00dfem Drehmoment, wartungsfrei, hoher Drehgenauigkeit. Die Leiterplatte mit Schutzbeschichtung ist staub- und feuchtigkeitsbest\u00e4ndig.<\/span><\/span><\/li>\n<li><span class=\"VIiyi\" lang=\"de\"><span class=\"JLqJ4b\" data-language-for-alternatives=\"de\" data-language-to-translate-into=\"en\" data-phrase-index=\"0\">Farb-LCD-Anzeige, Touchscreen und Tastatur f\u00fcr den Betrieb. Einfache Tastensteuerung zum Umkehren der Richtung, Starten \/ Stoppen und Laufen mit voller Geschwindigkeit (zur Reinigung).<\/span><\/span><\/li>\n<li><span class=\"VIiyi\" lang=\"de\"><span class=\"JLqJ4b\" data-language-for-alternatives=\"de\" data-language-to-translate-into=\"en\" data-phrase-index=\"0\">Geschwindigkeitsaufl\u00f6sung: 0.1 U \/ min<\/span><\/span><\/li>\n<li><span class=\"VIiyi\" lang=\"de\"><span class=\"JLqJ4b\" data-language-for-alternatives=\"de\" data-language-to-translate-into=\"en\" data-phrase-index=\"0\">Geschwindigkeitsgenauigkeit: 0.5%<\/span><\/span><\/li>\n<li><span class=\"VIiyi\" lang=\"de\"><span class=\"JLqJ4b\" data-language-for-alternatives=\"de\" data-language-to-translate-into=\"en\" data-phrase-index=\"0\">Durchflusskalibrierung<\/span><\/span><\/li>\n<li><span class=\"VIiyi\" lang=\"de\"><span class=\"JLqJ4b\" data-language-for-alternatives=\"de\" data-language-to-translate-into=\"en\" data-phrase-index=\"0\">Drei Arten von Verteilungsmodi: Zeitausgabemodus; Volumenausgabemodus; Kopierausgabemodus.<\/span><\/span><\/li>\n<li><span class=\"VIiyi\" lang=\"de\"><span class=\"JLqJ4b\" data-language-for-alternatives=\"de\" data-language-to-translate-into=\"en\" data-phrase-index=\"0\">Speichern Sie automatisch f\u00fcnf Gruppen von Arbeitsparametern.<\/span><\/span><\/li>\n<li><span class=\"VIiyi\" lang=\"de\"><span class=\"JLqJ4b\" data-language-for-alternatives=\"de\" data-language-to-translate-into=\"en\" data-phrase-index=\"0\">Professionelles Betriebssystem.<\/span><\/span><\/li>\n<li><span class=\"VIiyi\" lang=\"de\"><span class=\"JLqJ4b\" data-language-for-alternatives=\"de\" data-language-to-translate-into=\"en\" data-phrase-index=\"0\">Infrarot-Fernsteuerung (optional).<\/span><\/span><\/li>\n<li><span class=\"VIiyi\" lang=\"de\"><span class=\"JLqJ4b\" data-language-for-alternatives=\"de\" data-language-to-translate-into=\"en\" data-phrase-index=\"0\">Entst\u00f6rungsfunktion, breiter Eingangsspannungsbereich f\u00fcr komplexe Leistungsumgebungen.<\/span><\/span><\/li>\n<li><span class=\"VIiyi\" lang=\"de\"><span class=\"JLqJ4b\" data-language-for-alternatives=\"de\" data-language-to-translate-into=\"en\" data-phrase-index=\"0\">Edelstahlgeh\u00e4use, leicht zu reinigen, ausgezeichnete Korrosionsbest\u00e4ndigkeit der S\u00e4ure-, Alkali-, Natrium- und organischen L\u00f6sungsmittel<\/span><\/span><\/li>\n<li><span class=\"VIiyi\" lang=\"de\"><span class=\"JLqJ4b\" data-language-for-alternatives=\"de\" data-language-to-translate-into=\"en\" data-phrase-index=\"0\">Externes Ein \/ Aus-Spannungssignal steuert Start \/ Stopp, umkehrbare Richtung und einfache Ausgabefunktion, optisch gekoppelter Isolator. Externes analoges Steuersignal regelt die Drehzahl.<\/span><\/span><\/li>\n<li><span class=\"VIiyi\" lang=\"de\"><span class=\"JLqJ4b\" data-language-for-alternatives=\"de\" data-language-to-translate-into=\"en\" data-phrase-index=\"0\">Mit RS485 MODBUS-Schnittstelle, einfach von anderen Ger\u00e4ten zu steuern<\/span><\/span><\/li>\n<li><span class=\"VIiyi\" lang=\"de\"><span class=\"JLqJ4b\" data-language-for-alternatives=\"de\" data-language-to-translate-into=\"en\" data-phrase-index=\"0\">Durchflussbereich: 0.01-13 l \/ min<\/span><\/span><\/li>\n<li><span class=\"VIiyi\" lang=\"de\"><span class=\"JLqJ4b\" data-language-for-alternatives=\"de\" data-language-to-translate-into=\"en\" data-phrase-index=\"0\">Drehzahlbereich: 0.1-600 U \/ min<\/span><\/span><\/li>\n<li><span class=\"VIiyi\" lang=\"de\"><span class=\"JLqJ4b\" data-language-for-alternatives=\"de\" data-language-to-translate-into=\"en\" data-phrase-index=\"0\">Drehzahlaufl\u00f6sung: 0.1 U \/ min<\/span><\/span><\/li>\n<li><span class=\"VIiyi\" lang=\"de\"><span class=\"JLqJ4b\" data-language-for-alternatives=\"de\" data-language-to-translate-into=\"en\" data-phrase-index=\"0\">Durchflussgenauigkeit: 0.5%<\/span><\/span><\/li>\n<li><span class=\"VIiyi\" lang=\"de\"><span class=\"JLqJ4b\" data-language-for-alternatives=\"de\" data-language-to-translate-into=\"en\" data-phrase-index=\"0\">Stromversorgung: AC 100-240V 50Hz \/ 60Hz<\/span><\/span><\/li>\n<li><span class=\"VIiyi\" lang=\"de\"><span class=\"JLqJ4b\" data-language-for-alternatives=\"de\" data-language-to-translate-into=\"en\" data-phrase-index=\"0\">Leistungsaufnahme: &lt;400W<\/span><\/span><\/li>\n<li><span class=\"VIiyi\" lang=\"de\"><span class=\"JLqJ4b\" data-language-for-alternatives=\"de\" data-language-to-translate-into=\"en\" data-phrase-index=\"0\">Externe Ein \/ Aus-Steuerung: 5 V, 12 V (Standard), 24 V (optional); Externe analoge Steuerung: 0-5 V (Standard); 0-10 V, 4-20 mA (optional)<\/span><\/span><\/li>\n<li><span class=\"VIiyi\" lang=\"de\"><span class=\"JLqJ4b\" data-language-for-alternatives=\"de\" data-language-to-translate-into=\"en\" data-phrase-index=\"0\">Kommunikationsschnittstelle: RS485 MODBUS-Schnittstelle<\/span><\/span><\/li>\n<li><span class=\"VIiyi\" lang=\"de\"><span class=\"JLqJ4b\" data-language-for-alternatives=\"de\" data-language-to-translate-into=\"en\" data-phrase-index=\"0\">Betriebsbedingung: Temperatur 0 ~ 40 \u00b0 C; Relative Luftfeuchtigkeit &lt;80%<\/span><\/span><\/li>\n<li><span class=\"VIiyi\" lang=\"de\"><span class=\"JLqJ4b\" data-language-for-alternatives=\"de\" data-language-to-translate-into=\"en\" data-phrase-index=\"0\">IP-Klasse: IP31<\/span><\/span><\/li>\n<li><span class=\"VIiyi\" lang=\"de\"><span class=\"JLqJ4b\" data-language-for-alternatives=\"de\" data-language-to-translate-into=\"en\" data-phrase-index=\"0\">Abmessungen (L x B x H): 350 x 235 x 315 mm<\/span><\/span><\/li>\n<li><span class=\"VIiyi\" lang=\"de\"><span class=\"JLqJ4b\" data-language-for-alternatives=\"de\" data-language-to-translate-into=\"en\" data-phrase-index=\"0\">Gewicht: 15 kg<\/span><\/span><\/li>\n<\/ul>\n<p class=\"fusion-responsive-typography-calculated\" data-fontsize=\"15\" data-lineheight=\"25.95px\"><span class=\"VIiyi\" lang=\"de\"><span class=\"JLqJ4b ChMk0b\" data-language-for-alternatives=\"de\" data-language-to-translate-into=\"en\" data-phrase-index=\"0\">Anwendbare Pumpenk\u00f6pfe und Schl\u00e4uche, Durchflussparameter<\/span><\/span><\/p>\n<table border=\"1\">\n<tbody>\n<tr>\n<td><strong>Pumpe<\/strong><\/td>\n<td><strong>Kopf<\/strong><\/td>\n<td><strong>Kanal<\/strong><\/td>\n<td><strong>Schlauch<\/strong><strong> D (<\/strong><strong>mm<\/strong><strong>)<\/strong><\/td>\n<td><strong>Durchfluss<\/strong>\u00a0<strong>(L\/min)<\/strong>\u00a0<strong>pro Kanal<\/strong><\/td>\n<\/tr>\n<tr>\n<td rowspan=\"2\">WG600F<\/td>\n<td>YZ35<\/td>\n<td>1<\/td>\n<td>73# 82#<\/td>\n<td>0.01-13<\/td>\n<\/tr>\n<tr>\n<td>2 x YZ35<\/td>\n<td>2<\/td>\n<td>73# 82#<\/td>\n<td>0.01-13<\/td>\n<\/tr>\n<\/tbody>\n<\/table>\n","protected":false},"excerpt":{"rendered":"<p><span class=\"VIiyi\" lang=\"de\"><span class=\"JLqJ4b ChMk0b\" data-language-for-alternatives=\"de\" data-language-to-translate-into=\"en\" data-phrase-index=\"0\">Industrielle Schlauchpumpe, 1 oder 2 Kan\u00e4le<\/span><\/span><\/p>\n","protected":false},"featured_media":22449,"template":"","meta":{"_crdt_document":""},"product_brand":[],"product_cat":[98,99],"product_tag":[],"class_list":{"0":"post-22445","1":"product","2":"type-product","3":"status-publish","4":"has-post-thumbnail","6":"product_cat-peristaltisch","7":"product_cat-pumpe","9":"first","10":"instock","11":"taxable","12":"shipping-taxable","13":"product-type-simple"},"yoast_head":"<!-- This site is optimized with the Yoast SEO plugin v27.4 - https:\/\/yoast.com\/product\/yoast-seo-wordpress\/ -->\n<title>Industrielle Schlauchpumpe WG600F - Sysmatec<\/title>\n<meta name=\"description\" content=\"Industrielle Schlauchpumpe f\u00fcr F\u00f6rdermengen bis 13 L\/min. 1 oder 2 Kan\u00e4le Pumpe. Modbus-Schnittstelle verf\u00fcgbar.\" \/>\n<meta name=\"robots\" content=\"index, follow, max-snippet:-1, max-image-preview:large, max-video-preview:-1\" \/>\n<link rel=\"canonical\" href=\"https:\/\/sysmatec.ch\/de\/produit\/industrielle-schlauchpumpe-wg600f\/\" \/>\n<meta property=\"og:locale\" content=\"de_DE\" \/>\n<meta property=\"og:type\" content=\"article\" \/>\n<meta property=\"og:title\" content=\"Industrielle Schlauchpumpe WG600F - Sysmatec\" \/>\n<meta property=\"og:description\" content=\"Industrielle Schlauchpumpe f\u00fcr F\u00f6rdermengen bis 13 L\/min. 1 oder 2 Kan\u00e4le Pumpe. Modbus-Schnittstelle verf\u00fcgbar.\" \/>\n<meta property=\"og:url\" content=\"https:\/\/sysmatec.ch\/de\/produit\/industrielle-schlauchpumpe-wg600f\/\" \/>\n<meta property=\"og:site_name\" content=\"Sysmatec\" \/>\n<meta property=\"article:modified_time\" content=\"2021-11-27T09:21:20+00:00\" \/>\n<meta property=\"og:image\" content=\"https:\/\/sysmatec.ch\/wp-content\/uploads\/2021\/03\/PompePeristaltique_WG600fLeadfluid.jpg\" \/>\n\t<meta property=\"og:image:width\" content=\"723\" \/>\n\t<meta property=\"og:image:height\" content=\"676\" \/>\n\t<meta property=\"og:image:type\" content=\"image\/jpeg\" \/>\n<meta name=\"twitter:card\" content=\"summary_large_image\" \/>\n<meta name=\"twitter:label1\" content=\"Gesch\u00e4tzte Lesezeit\" \/>\n\t<meta name=\"twitter:data1\" content=\"2\u00a0Minuten\" \/>\n<script type=\"application\/ld+json\" class=\"yoast-schema-graph\">{\"@context\":\"https:\\\/\\\/schema.org\",\"@graph\":[{\"@type\":\"WebPage\",\"@id\":\"https:\\\/\\\/sysmatec.ch\\\/de\\\/produit\\\/industrielle-schlauchpumpe-wg600f\\\/\",\"url\":\"https:\\\/\\\/sysmatec.ch\\\/de\\\/produit\\\/industrielle-schlauchpumpe-wg600f\\\/\",\"name\":\"Industrielle Schlauchpumpe WG600F - Sysmatec\",\"isPartOf\":{\"@id\":\"https:\\\/\\\/sysmatec.ch\\\/de\\\/#website\"},\"primaryImageOfPage\":{\"@id\":\"https:\\\/\\\/sysmatec.ch\\\/de\\\/produit\\\/industrielle-schlauchpumpe-wg600f\\\/#primaryimage\"},\"image\":{\"@id\":\"https:\\\/\\\/sysmatec.ch\\\/de\\\/produit\\\/industrielle-schlauchpumpe-wg600f\\\/#primaryimage\"},\"thumbnailUrl\":\"https:\\\/\\\/sysmatec.ch\\\/wp-content\\\/uploads\\\/2021\\\/03\\\/PompePeristaltique_WG600fLeadfluid.jpg\",\"datePublished\":\"2021-03-07T20:20:46+00:00\",\"dateModified\":\"2021-11-27T09:21:20+00:00\",\"description\":\"Industrielle Schlauchpumpe f\u00fcr F\u00f6rdermengen bis 13 L\\\/min. 1 oder 2 Kan\u00e4le Pumpe. Modbus-Schnittstelle verf\u00fcgbar.\",\"breadcrumb\":{\"@id\":\"https:\\\/\\\/sysmatec.ch\\\/de\\\/produit\\\/industrielle-schlauchpumpe-wg600f\\\/#breadcrumb\"},\"inLanguage\":\"de\",\"potentialAction\":[{\"@type\":\"ReadAction\",\"target\":[\"https:\\\/\\\/sysmatec.ch\\\/de\\\/produit\\\/industrielle-schlauchpumpe-wg600f\\\/\"]}]},{\"@type\":\"ImageObject\",\"inLanguage\":\"de\",\"@id\":\"https:\\\/\\\/sysmatec.ch\\\/de\\\/produit\\\/industrielle-schlauchpumpe-wg600f\\\/#primaryimage\",\"url\":\"https:\\\/\\\/sysmatec.ch\\\/wp-content\\\/uploads\\\/2021\\\/03\\\/PompePeristaltique_WG600fLeadfluid.jpg\",\"contentUrl\":\"https:\\\/\\\/sysmatec.ch\\\/wp-content\\\/uploads\\\/2021\\\/03\\\/PompePeristaltique_WG600fLeadfluid.jpg\",\"width\":723,\"height\":676},{\"@type\":\"BreadcrumbList\",\"@id\":\"https:\\\/\\\/sysmatec.ch\\\/de\\\/produit\\\/industrielle-schlauchpumpe-wg600f\\\/#breadcrumb\",\"itemListElement\":[{\"@type\":\"ListItem\",\"position\":1,\"name\":\"Accueil\",\"item\":\"https:\\\/\\\/sysmatec.ch\\\/de\\\/\"},{\"@type\":\"ListItem\",\"position\":2,\"name\":\"Die Aktivit\u00e4t von Sysmatec\",\"item\":\"https:\\\/\\\/sysmatec.ch\\\/de\\\/\"},{\"@type\":\"ListItem\",\"position\":3,\"name\":\"Industrielle Schlauchpumpe WG600F\"}]},{\"@type\":\"WebSite\",\"@id\":\"https:\\\/\\\/sysmatec.ch\\\/de\\\/#website\",\"url\":\"https:\\\/\\\/sysmatec.ch\\\/de\\\/\",\"name\":\"Sysmatec\",\"description\":\"Equipement de laboratoire et logiciels\",\"publisher\":{\"@id\":\"https:\\\/\\\/sysmatec.ch\\\/de\\\/#organization\"},\"potentialAction\":[{\"@type\":\"SearchAction\",\"target\":{\"@type\":\"EntryPoint\",\"urlTemplate\":\"https:\\\/\\\/sysmatec.ch\\\/de\\\/?s={search_term_string}\"},\"query-input\":{\"@type\":\"PropertyValueSpecification\",\"valueRequired\":true,\"valueName\":\"search_term_string\"}}],\"inLanguage\":\"de\"},{\"@type\":\"Organization\",\"@id\":\"https:\\\/\\\/sysmatec.ch\\\/de\\\/#organization\",\"name\":\"Sysmatec\",\"url\":\"https:\\\/\\\/sysmatec.ch\\\/de\\\/\",\"logo\":{\"@type\":\"ImageObject\",\"inLanguage\":\"de\",\"@id\":\"https:\\\/\\\/sysmatec.ch\\\/de\\\/#\\\/schema\\\/logo\\\/image\\\/\",\"url\":\"https:\\\/\\\/sysmatec.ch\\\/wp-content\\\/uploads\\\/2018\\\/11\\\/LogoSysmatec.jpg\",\"contentUrl\":\"https:\\\/\\\/sysmatec.ch\\\/wp-content\\\/uploads\\\/2018\\\/11\\\/LogoSysmatec.jpg\",\"width\":301,\"height\":297,\"caption\":\"Sysmatec\"},\"image\":{\"@id\":\"https:\\\/\\\/sysmatec.ch\\\/de\\\/#\\\/schema\\\/logo\\\/image\\\/\"}}]}<\/script>\n<!-- \/ Yoast SEO plugin. -->","yoast_head_json":{"title":"Industrielle Schlauchpumpe WG600F - Sysmatec","description":"Industrielle Schlauchpumpe f\u00fcr F\u00f6rdermengen bis 13 L\/min. 1 oder 2 Kan\u00e4le Pumpe. Modbus-Schnittstelle verf\u00fcgbar.","robots":{"index":"index","follow":"follow","max-snippet":"max-snippet:-1","max-image-preview":"max-image-preview:large","max-video-preview":"max-video-preview:-1"},"canonical":"https:\/\/sysmatec.ch\/de\/produit\/industrielle-schlauchpumpe-wg600f\/","og_locale":"de_DE","og_type":"article","og_title":"Industrielle Schlauchpumpe WG600F - Sysmatec","og_description":"Industrielle Schlauchpumpe f\u00fcr F\u00f6rdermengen bis 13 L\/min. 1 oder 2 Kan\u00e4le Pumpe. Modbus-Schnittstelle verf\u00fcgbar.","og_url":"https:\/\/sysmatec.ch\/de\/produit\/industrielle-schlauchpumpe-wg600f\/","og_site_name":"Sysmatec","article_modified_time":"2021-11-27T09:21:20+00:00","og_image":[{"width":723,"height":676,"url":"https:\/\/sysmatec.ch\/wp-content\/uploads\/2021\/03\/PompePeristaltique_WG600fLeadfluid.jpg","type":"image\/jpeg"}],"twitter_card":"summary_large_image","twitter_misc":{"Gesch\u00e4tzte Lesezeit":"2\u00a0Minuten"},"schema":{"@context":"https:\/\/schema.org","@graph":[{"@type":"WebPage","@id":"https:\/\/sysmatec.ch\/de\/produit\/industrielle-schlauchpumpe-wg600f\/","url":"https:\/\/sysmatec.ch\/de\/produit\/industrielle-schlauchpumpe-wg600f\/","name":"Industrielle Schlauchpumpe WG600F - Sysmatec","isPartOf":{"@id":"https:\/\/sysmatec.ch\/de\/#website"},"primaryImageOfPage":{"@id":"https:\/\/sysmatec.ch\/de\/produit\/industrielle-schlauchpumpe-wg600f\/#primaryimage"},"image":{"@id":"https:\/\/sysmatec.ch\/de\/produit\/industrielle-schlauchpumpe-wg600f\/#primaryimage"},"thumbnailUrl":"https:\/\/sysmatec.ch\/wp-content\/uploads\/2021\/03\/PompePeristaltique_WG600fLeadfluid.jpg","datePublished":"2021-03-07T20:20:46+00:00","dateModified":"2021-11-27T09:21:20+00:00","description":"Industrielle Schlauchpumpe f\u00fcr F\u00f6rdermengen bis 13 L\/min. 1 oder 2 Kan\u00e4le Pumpe. Modbus-Schnittstelle verf\u00fcgbar.","breadcrumb":{"@id":"https:\/\/sysmatec.ch\/de\/produit\/industrielle-schlauchpumpe-wg600f\/#breadcrumb"},"inLanguage":"de","potentialAction":[{"@type":"ReadAction","target":["https:\/\/sysmatec.ch\/de\/produit\/industrielle-schlauchpumpe-wg600f\/"]}]},{"@type":"ImageObject","inLanguage":"de","@id":"https:\/\/sysmatec.ch\/de\/produit\/industrielle-schlauchpumpe-wg600f\/#primaryimage","url":"https:\/\/sysmatec.ch\/wp-content\/uploads\/2021\/03\/PompePeristaltique_WG600fLeadfluid.jpg","contentUrl":"https:\/\/sysmatec.ch\/wp-content\/uploads\/2021\/03\/PompePeristaltique_WG600fLeadfluid.jpg","width":723,"height":676},{"@type":"BreadcrumbList","@id":"https:\/\/sysmatec.ch\/de\/produit\/industrielle-schlauchpumpe-wg600f\/#breadcrumb","itemListElement":[{"@type":"ListItem","position":1,"name":"Accueil","item":"https:\/\/sysmatec.ch\/de\/"},{"@type":"ListItem","position":2,"name":"Die Aktivit\u00e4t von Sysmatec","item":"https:\/\/sysmatec.ch\/de\/"},{"@type":"ListItem","position":3,"name":"Industrielle Schlauchpumpe WG600F"}]},{"@type":"WebSite","@id":"https:\/\/sysmatec.ch\/de\/#website","url":"https:\/\/sysmatec.ch\/de\/","name":"Sysmatec","description":"Equipement de laboratoire et logiciels","publisher":{"@id":"https:\/\/sysmatec.ch\/de\/#organization"},"potentialAction":[{"@type":"SearchAction","target":{"@type":"EntryPoint","urlTemplate":"https:\/\/sysmatec.ch\/de\/?s={search_term_string}"},"query-input":{"@type":"PropertyValueSpecification","valueRequired":true,"valueName":"search_term_string"}}],"inLanguage":"de"},{"@type":"Organization","@id":"https:\/\/sysmatec.ch\/de\/#organization","name":"Sysmatec","url":"https:\/\/sysmatec.ch\/de\/","logo":{"@type":"ImageObject","inLanguage":"de","@id":"https:\/\/sysmatec.ch\/de\/#\/schema\/logo\/image\/","url":"https:\/\/sysmatec.ch\/wp-content\/uploads\/2018\/11\/LogoSysmatec.jpg","contentUrl":"https:\/\/sysmatec.ch\/wp-content\/uploads\/2018\/11\/LogoSysmatec.jpg","width":301,"height":297,"caption":"Sysmatec"},"image":{"@id":"https:\/\/sysmatec.ch\/de\/#\/schema\/logo\/image\/"}}]}},"_links":{"self":[{"href":"https:\/\/sysmatec.ch\/de\/wp-json\/wp\/v2\/product\/22445","targetHints":{"allow":["GET"]}}],"collection":[{"href":"https:\/\/sysmatec.ch\/de\/wp-json\/wp\/v2\/product"}],"about":[{"href":"https:\/\/sysmatec.ch\/de\/wp-json\/wp\/v2\/types\/product"}],"wp:featuredmedia":[{"embeddable":true,"href":"https:\/\/sysmatec.ch\/de\/wp-json\/wp\/v2\/media\/22449"}],"wp:attachment":[{"href":"https:\/\/sysmatec.ch\/de\/wp-json\/wp\/v2\/media?parent=22445"}],"wp:term":[{"taxonomy":"product_brand","embeddable":true,"href":"https:\/\/sysmatec.ch\/de\/wp-json\/wp\/v2\/product_brand?post=22445"},{"taxonomy":"product_cat","embeddable":true,"href":"https:\/\/sysmatec.ch\/de\/wp-json\/wp\/v2\/product_cat?post=22445"},{"taxonomy":"product_tag","embeddable":true,"href":"https:\/\/sysmatec.ch\/de\/wp-json\/wp\/v2\/product_tag?post=22445"}],"curies":[{"name":"wp","href":"https:\/\/api.w.org\/{rel}","templated":true}]}}