{"id":22438,"date":"2021-03-07T19:08:31","date_gmt":"2021-03-07T18:08:31","guid":{"rendered":"https:\/\/sysmatec.ch\/?post_type=product&#038;p=22438"},"modified":"2021-11-27T11:18:45","modified_gmt":"2021-11-27T10:18:45","slug":"mikrozahnradpumpe-ct3000f","status":"publish","type":"product","link":"https:\/\/sysmatec.ch\/de\/Produkt\/mikrozahnradpumpe-ct3000f\/","title":{"rendered":"Mikrozahnradpumpe CT3000F"},"content":{"rendered":"<p><span class=\"VIiyi\" lang=\"de\"><span class=\"JLqJ4b\" data-language-for-alternatives=\"de\" data-language-to-translate-into=\"en\" data-phrase-index=\"0\">Diese Pumpe ist eine leistungsstarke, ger\u00e4uscharme Mikrozahnradpumpe. Sie verwendet einen b\u00fcrstenlosen Servomotor, Edelstahl und eine Magnetantrieb. Die Str\u00f6mung erfolgt ohne Pulsation, konstante Geschwindigkeit. <\/span><\/span><\/p>\n<h2><span class=\"VIiyi\" lang=\"de\"><span class=\"JLqJ4b\" data-language-for-alternatives=\"de\" data-language-to-translate-into=\"en\" data-phrase-index=\"0\">Mikrozahnradpumpe Funktion und Merkmal<\/span><\/span><\/h2>\n<ul>\n<li><span class=\"VIiyi\" lang=\"de\"><span class=\"JLqJ4b\" data-language-for-alternatives=\"de\" data-language-to-translate-into=\"en\" data-phrase-index=\"0\">M\u00f6glichkeit, den Kopf zu wechseln<\/span><\/span><\/li>\n<li><span class=\"VIiyi\" lang=\"de\"><span class=\"JLqJ4b\" data-language-for-alternatives=\"de\" data-language-to-translate-into=\"en\" data-phrase-index=\"0\">geeignet f\u00fcr viskose Hochdruckfl\u00fcssigkeit<\/span><\/span><\/li>\n<li><span class=\"VIiyi\" lang=\"de\"><span class=\"JLqJ4b\" data-language-for-alternatives=\"de\" data-language-to-translate-into=\"en\" data-phrase-index=\"0\">keine Impuls\u00fcbertragung, geringes Rauschen<\/span><\/span><\/li>\n<li><span class=\"VIiyi\" lang=\"de\"><span class=\"JLqJ4b\" data-language-for-alternatives=\"de\" data-language-to-translate-into=\"en\" data-phrase-index=\"0\">Magnetkupplung, pflegeleicht b\u00fcrstenloser Servoantrieb, hoher Wirkungsgrad, keine Wartung<\/span><\/span><\/li>\n<li><span class=\"VIiyi\" lang=\"de\"><span class=\"JLqJ4b\" data-language-for-alternatives=\"de\" data-language-to-translate-into=\"en\" data-phrase-index=\"0\">Farb-LCD-Display, Touchscreen-Betrieb Durchflusskalibrierungsassistent, stellen Sie die Genauigkeit des Fl\u00fcssigkeitsvolumens sicher<\/span><\/span><\/li>\n<li><span class=\"VIiyi\" lang=\"de\"><span class=\"JLqJ4b\" data-language-for-alternatives=\"de\" data-language-to-translate-into=\"en\" data-phrase-index=\"0\">intelligente Temperaturregelung<\/span><\/span><\/li>\n<li><span class=\"VIiyi\" lang=\"de\"><span class=\"JLqJ4b\" data-language-for-alternatives=\"de\" data-language-to-translate-into=\"en\" data-phrase-index=\"0\">externe Steuersignalsteuerung, physikalische Isolation, analoge Steuerung<\/span><\/span><\/li>\n<li><span class=\"VIiyi\" lang=\"de\"><span class=\"JLqJ4b\" data-language-for-alternatives=\"de\" data-language-to-translate-into=\"en\" data-phrase-index=\"0\">RS485-Kommunikation, unterst\u00fctzt das MODBUS-Protokoll<\/span><\/span><\/li>\n<li><span class=\"VIiyi\" lang=\"de\"><span class=\"JLqJ4b\" data-language-for-alternatives=\"de\" data-language-to-translate-into=\"en\" data-phrase-index=\"0\">Edelstahlhaus Weitreichende Leistungsaufnahme, angepasst an unterschiedliche Umgebungen<\/span><\/span><\/li>\n<li><span class=\"VIiyi\" lang=\"de\"><span class=\"JLqJ4b\" data-language-for-alternatives=\"de\" data-language-to-translate-into=\"en\" data-phrase-index=\"0\">Flussbereich: 15-2700 ml \/ min<\/span><\/span><\/li>\n<li><span class=\"VIiyi\" lang=\"de\"><span class=\"JLqJ4b\" data-language-for-alternatives=\"de\" data-language-to-translate-into=\"en\" data-phrase-index=\"0\">Drehzahlbereich: 50-3000 U \/ min<\/span><\/span><\/li>\n<li><span class=\"VIiyi\" lang=\"de\"><span class=\"JLqJ4b\" data-language-for-alternatives=\"de\" data-language-to-translate-into=\"en\" data-phrase-index=\"0\">Geschwindigkeitsaufl\u00f6sung: 1 U \/ min<\/span><\/span><\/li>\n<li><span class=\"VIiyi\" lang=\"de\"><span class=\"JLqJ4b\" data-language-for-alternatives=\"de\" data-language-to-translate-into=\"en\" data-phrase-index=\"0\">Genauigkeit: 0.5%<\/span><\/span><\/li>\n<li><span class=\"VIiyi\" lang=\"de\"><span class=\"JLqJ4b\" data-language-for-alternatives=\"de\" data-language-to-translate-into=\"en\" data-phrase-index=\"0\">F\u00f6rderungszeit: 0.1-999 Sekunden<\/span><\/span><\/li>\n<li><span class=\"VIiyi\" lang=\"de\"><span class=\"JLqJ4b\" data-language-for-alternatives=\"de\" data-language-to-translate-into=\"en\" data-phrase-index=\"0\">Pausenzeit: 0.1-999.9 Sekunden<\/span><\/span><\/li>\n<li><span class=\"VIiyi\" lang=\"de\"><span class=\"JLqJ4b\" data-language-for-alternatives=\"de\" data-language-to-translate-into=\"en\" data-phrase-index=\"0\">Stromversorgung: AC 100-240V 50Hz \/ 60Hz<\/span><\/span><\/li>\n<li><span class=\"VIiyi\" lang=\"de\"><span class=\"JLqJ4b\" data-language-for-alternatives=\"de\" data-language-to-translate-into=\"en\" data-phrase-index=\"0\">Verbrauch &lt;150W<\/span><\/span><\/li>\n<li><span class=\"VIiyi\" lang=\"de\"><span class=\"JLqJ4b\" data-language-for-alternatives=\"de\" data-language-to-translate-into=\"en\" data-phrase-index=\"0\">Arbeitsumgebung: Temperatur 0 -40 \u2103, Luftfeuchtigkeit &lt;80%<\/span><\/span><\/li>\n<li><span class=\"VIiyi\" lang=\"de\"><span class=\"JLqJ4b\" data-language-for-alternatives=\"de\" data-language-to-translate-into=\"en\" data-phrase-index=\"0\">Abmessung: 320 * 150 * 237 mm<\/span><\/span><\/li>\n<li><span class=\"VIiyi\" lang=\"de\"><span class=\"JLqJ4b\" data-language-for-alternatives=\"de\" data-language-to-translate-into=\"en\" data-phrase-index=\"0\">Gewicht: 5.5 kg IP-Standard IP31<\/span><\/span><\/li>\n<\/ul>\n<h2><span class=\"VIiyi\" lang=\"de\"><span class=\"JLqJ4b ChMk0b\" data-language-for-alternatives=\"de\" data-language-to-translate-into=\"en\" data-phrase-index=\"0\">Verschiedene K\u00f6pfe f\u00fcr die Mikrozahnradpumpe\u00a0<\/span><\/span><\/h2>\n<table width=\"559\">\n<tbody>\n<tr>\n<td>Pumpekopf<\/td>\n<td>Zahnradmaterial<\/td>\n<td>Druck (MPa)<\/td>\n<td>Durchfluss (mL\/min)<\/td>\n<td>Fl\u00fcssigkeitstemperatur (\u2103)<\/td>\n<\/tr>\n<tr>\n<td>MS204XD0PT00000<\/td>\n<td>PEEK<\/td>\n<td>\u22641.4<\/td>\n<td>15-900<\/td>\n<td>-45-120<\/td>\n<\/tr>\n<tr>\n<td>MS209XD0PT00000<\/td>\n<td>PEEK<\/td>\n<td>\u22640.9<\/td>\n<td>30-1800<\/td>\n<td>-45-120<\/td>\n<\/tr>\n<tr>\n<td>MS213XD0PT00000<\/td>\n<td>PEEK<\/td>\n<td>\u22640.8<\/td>\n<td>45-2700<\/td>\n<td>-45-120<\/td>\n<\/tr>\n<\/tbody>\n<\/table>\n","protected":false},"excerpt":{"rendered":"<p><span class=\"VIiyi\" lang=\"de\"><span class=\"JLqJ4b ChMk0b\" data-language-for-alternatives=\"de\" data-language-to-translate-into=\"en\" data-phrase-index=\"0\">Mikrozahnradpumpe mit Durchfluss bis zu 2700 mL\/min<\/span><\/span><\/p>\n","protected":false},"featured_media":22442,"template":"","meta":{"_crdt_document":""},"product_brand":[],"product_cat":[98,99],"product_tag":[],"class_list":{"0":"post-22438","1":"product","2":"type-product","3":"status-publish","4":"has-post-thumbnail","6":"product_cat-peristaltisch","7":"product_cat-pumpe","9":"first","10":"instock","11":"taxable","12":"shipping-taxable","13":"product-type-simple"},"yoast_head":"<!-- This site is optimized with the Yoast SEO plugin v27.4 - https:\/\/yoast.com\/product\/yoast-seo-wordpress\/ -->\n<title>Mikrozahnradpumpe CT3000F - Sysmatec<\/title>\n<meta name=\"description\" content=\"Magnetisch angetriebene Mikrozahnradpumpe. Die erhaltene Str\u00f6mung ist ohne Pulsation. Medienber\u00fchrende Elemente: Peek und Edelstahl.\" \/>\n<meta name=\"robots\" content=\"index, follow, max-snippet:-1, max-image-preview:large, max-video-preview:-1\" \/>\n<link rel=\"canonical\" href=\"https:\/\/sysmatec.ch\/de\/produit\/mikrozahnradpumpe-ct3000f\/\" \/>\n<meta property=\"og:locale\" content=\"de_DE\" \/>\n<meta property=\"og:type\" content=\"article\" \/>\n<meta property=\"og:title\" content=\"Mikrozahnradpumpe CT3000F - Sysmatec\" \/>\n<meta property=\"og:description\" content=\"Magnetisch angetriebene Mikrozahnradpumpe. Die erhaltene Str\u00f6mung ist ohne Pulsation. Medienber\u00fchrende Elemente: Peek und Edelstahl.\" \/>\n<meta property=\"og:url\" content=\"https:\/\/sysmatec.ch\/de\/produit\/mikrozahnradpumpe-ct3000f\/\" \/>\n<meta property=\"og:site_name\" content=\"Sysmatec\" \/>\n<meta property=\"article:modified_time\" content=\"2021-11-27T10:18:45+00:00\" \/>\n<meta property=\"og:image\" content=\"https:\/\/sysmatec.ch\/wp-content\/uploads\/2021\/03\/PompeEngrenage_CT300fLeadfluid.jpg\" \/>\n\t<meta property=\"og:image:width\" content=\"495\" \/>\n\t<meta property=\"og:image:height\" content=\"525\" \/>\n\t<meta property=\"og:image:type\" content=\"image\/jpeg\" \/>\n<meta name=\"twitter:card\" content=\"summary_large_image\" \/>\n<meta name=\"twitter:label1\" content=\"Gesch\u00e4tzte Lesezeit\" \/>\n\t<meta name=\"twitter:data1\" content=\"1\u00a0Minute\" \/>\n<script type=\"application\/ld+json\" class=\"yoast-schema-graph\">{\"@context\":\"https:\\\/\\\/schema.org\",\"@graph\":[{\"@type\":\"WebPage\",\"@id\":\"https:\\\/\\\/sysmatec.ch\\\/de\\\/produit\\\/mikrozahnradpumpe-ct3000f\\\/\",\"url\":\"https:\\\/\\\/sysmatec.ch\\\/de\\\/produit\\\/mikrozahnradpumpe-ct3000f\\\/\",\"name\":\"Mikrozahnradpumpe CT3000F - Sysmatec\",\"isPartOf\":{\"@id\":\"https:\\\/\\\/sysmatec.ch\\\/de\\\/#website\"},\"primaryImageOfPage\":{\"@id\":\"https:\\\/\\\/sysmatec.ch\\\/de\\\/produit\\\/mikrozahnradpumpe-ct3000f\\\/#primaryimage\"},\"image\":{\"@id\":\"https:\\\/\\\/sysmatec.ch\\\/de\\\/produit\\\/mikrozahnradpumpe-ct3000f\\\/#primaryimage\"},\"thumbnailUrl\":\"https:\\\/\\\/sysmatec.ch\\\/wp-content\\\/uploads\\\/2021\\\/03\\\/PompeEngrenage_CT300fLeadfluid.jpg\",\"datePublished\":\"2021-03-07T18:08:31+00:00\",\"dateModified\":\"2021-11-27T10:18:45+00:00\",\"description\":\"Magnetisch angetriebene Mikrozahnradpumpe. Die erhaltene Str\u00f6mung ist ohne Pulsation. Medienber\u00fchrende Elemente: Peek und Edelstahl.\",\"breadcrumb\":{\"@id\":\"https:\\\/\\\/sysmatec.ch\\\/de\\\/produit\\\/mikrozahnradpumpe-ct3000f\\\/#breadcrumb\"},\"inLanguage\":\"de\",\"potentialAction\":[{\"@type\":\"ReadAction\",\"target\":[\"https:\\\/\\\/sysmatec.ch\\\/de\\\/produit\\\/mikrozahnradpumpe-ct3000f\\\/\"]}]},{\"@type\":\"ImageObject\",\"inLanguage\":\"de\",\"@id\":\"https:\\\/\\\/sysmatec.ch\\\/de\\\/produit\\\/mikrozahnradpumpe-ct3000f\\\/#primaryimage\",\"url\":\"https:\\\/\\\/sysmatec.ch\\\/wp-content\\\/uploads\\\/2021\\\/03\\\/PompeEngrenage_CT300fLeadfluid.jpg\",\"contentUrl\":\"https:\\\/\\\/sysmatec.ch\\\/wp-content\\\/uploads\\\/2021\\\/03\\\/PompeEngrenage_CT300fLeadfluid.jpg\",\"width\":495,\"height\":525},{\"@type\":\"BreadcrumbList\",\"@id\":\"https:\\\/\\\/sysmatec.ch\\\/de\\\/produit\\\/mikrozahnradpumpe-ct3000f\\\/#breadcrumb\",\"itemListElement\":[{\"@type\":\"ListItem\",\"position\":1,\"name\":\"Accueil\",\"item\":\"https:\\\/\\\/sysmatec.ch\\\/de\\\/\"},{\"@type\":\"ListItem\",\"position\":2,\"name\":\"Die Aktivit\u00e4t von Sysmatec\",\"item\":\"https:\\\/\\\/sysmatec.ch\\\/de\\\/\"},{\"@type\":\"ListItem\",\"position\":3,\"name\":\"Mikrozahnradpumpe CT3000F\"}]},{\"@type\":\"WebSite\",\"@id\":\"https:\\\/\\\/sysmatec.ch\\\/de\\\/#website\",\"url\":\"https:\\\/\\\/sysmatec.ch\\\/de\\\/\",\"name\":\"Sysmatec\",\"description\":\"Equipement de laboratoire et logiciels\",\"publisher\":{\"@id\":\"https:\\\/\\\/sysmatec.ch\\\/de\\\/#organization\"},\"potentialAction\":[{\"@type\":\"SearchAction\",\"target\":{\"@type\":\"EntryPoint\",\"urlTemplate\":\"https:\\\/\\\/sysmatec.ch\\\/de\\\/?s={search_term_string}\"},\"query-input\":{\"@type\":\"PropertyValueSpecification\",\"valueRequired\":true,\"valueName\":\"search_term_string\"}}],\"inLanguage\":\"de\"},{\"@type\":\"Organization\",\"@id\":\"https:\\\/\\\/sysmatec.ch\\\/de\\\/#organization\",\"name\":\"Sysmatec\",\"url\":\"https:\\\/\\\/sysmatec.ch\\\/de\\\/\",\"logo\":{\"@type\":\"ImageObject\",\"inLanguage\":\"de\",\"@id\":\"https:\\\/\\\/sysmatec.ch\\\/de\\\/#\\\/schema\\\/logo\\\/image\\\/\",\"url\":\"https:\\\/\\\/sysmatec.ch\\\/wp-content\\\/uploads\\\/2018\\\/11\\\/LogoSysmatec.jpg\",\"contentUrl\":\"https:\\\/\\\/sysmatec.ch\\\/wp-content\\\/uploads\\\/2018\\\/11\\\/LogoSysmatec.jpg\",\"width\":301,\"height\":297,\"caption\":\"Sysmatec\"},\"image\":{\"@id\":\"https:\\\/\\\/sysmatec.ch\\\/de\\\/#\\\/schema\\\/logo\\\/image\\\/\"}}]}<\/script>\n<!-- \/ Yoast SEO plugin. -->","yoast_head_json":{"title":"Mikrozahnradpumpe CT3000F - Sysmatec","description":"Magnetisch angetriebene Mikrozahnradpumpe. Die erhaltene Str\u00f6mung ist ohne Pulsation. Medienber\u00fchrende Elemente: Peek und Edelstahl.","robots":{"index":"index","follow":"follow","max-snippet":"max-snippet:-1","max-image-preview":"max-image-preview:large","max-video-preview":"max-video-preview:-1"},"canonical":"https:\/\/sysmatec.ch\/de\/produit\/mikrozahnradpumpe-ct3000f\/","og_locale":"de_DE","og_type":"article","og_title":"Mikrozahnradpumpe CT3000F - Sysmatec","og_description":"Magnetisch angetriebene Mikrozahnradpumpe. Die erhaltene Str\u00f6mung ist ohne Pulsation. Medienber\u00fchrende Elemente: Peek und Edelstahl.","og_url":"https:\/\/sysmatec.ch\/de\/produit\/mikrozahnradpumpe-ct3000f\/","og_site_name":"Sysmatec","article_modified_time":"2021-11-27T10:18:45+00:00","og_image":[{"width":495,"height":525,"url":"https:\/\/sysmatec.ch\/wp-content\/uploads\/2021\/03\/PompeEngrenage_CT300fLeadfluid.jpg","type":"image\/jpeg"}],"twitter_card":"summary_large_image","twitter_misc":{"Gesch\u00e4tzte Lesezeit":"1\u00a0Minute"},"schema":{"@context":"https:\/\/schema.org","@graph":[{"@type":"WebPage","@id":"https:\/\/sysmatec.ch\/de\/produit\/mikrozahnradpumpe-ct3000f\/","url":"https:\/\/sysmatec.ch\/de\/produit\/mikrozahnradpumpe-ct3000f\/","name":"Mikrozahnradpumpe CT3000F - Sysmatec","isPartOf":{"@id":"https:\/\/sysmatec.ch\/de\/#website"},"primaryImageOfPage":{"@id":"https:\/\/sysmatec.ch\/de\/produit\/mikrozahnradpumpe-ct3000f\/#primaryimage"},"image":{"@id":"https:\/\/sysmatec.ch\/de\/produit\/mikrozahnradpumpe-ct3000f\/#primaryimage"},"thumbnailUrl":"https:\/\/sysmatec.ch\/wp-content\/uploads\/2021\/03\/PompeEngrenage_CT300fLeadfluid.jpg","datePublished":"2021-03-07T18:08:31+00:00","dateModified":"2021-11-27T10:18:45+00:00","description":"Magnetisch angetriebene Mikrozahnradpumpe. Die erhaltene Str\u00f6mung ist ohne Pulsation. Medienber\u00fchrende Elemente: Peek und Edelstahl.","breadcrumb":{"@id":"https:\/\/sysmatec.ch\/de\/produit\/mikrozahnradpumpe-ct3000f\/#breadcrumb"},"inLanguage":"de","potentialAction":[{"@type":"ReadAction","target":["https:\/\/sysmatec.ch\/de\/produit\/mikrozahnradpumpe-ct3000f\/"]}]},{"@type":"ImageObject","inLanguage":"de","@id":"https:\/\/sysmatec.ch\/de\/produit\/mikrozahnradpumpe-ct3000f\/#primaryimage","url":"https:\/\/sysmatec.ch\/wp-content\/uploads\/2021\/03\/PompeEngrenage_CT300fLeadfluid.jpg","contentUrl":"https:\/\/sysmatec.ch\/wp-content\/uploads\/2021\/03\/PompeEngrenage_CT300fLeadfluid.jpg","width":495,"height":525},{"@type":"BreadcrumbList","@id":"https:\/\/sysmatec.ch\/de\/produit\/mikrozahnradpumpe-ct3000f\/#breadcrumb","itemListElement":[{"@type":"ListItem","position":1,"name":"Accueil","item":"https:\/\/sysmatec.ch\/de\/"},{"@type":"ListItem","position":2,"name":"Die Aktivit\u00e4t von Sysmatec","item":"https:\/\/sysmatec.ch\/de\/"},{"@type":"ListItem","position":3,"name":"Mikrozahnradpumpe CT3000F"}]},{"@type":"WebSite","@id":"https:\/\/sysmatec.ch\/de\/#website","url":"https:\/\/sysmatec.ch\/de\/","name":"Sysmatec","description":"Equipement de laboratoire et logiciels","publisher":{"@id":"https:\/\/sysmatec.ch\/de\/#organization"},"potentialAction":[{"@type":"SearchAction","target":{"@type":"EntryPoint","urlTemplate":"https:\/\/sysmatec.ch\/de\/?s={search_term_string}"},"query-input":{"@type":"PropertyValueSpecification","valueRequired":true,"valueName":"search_term_string"}}],"inLanguage":"de"},{"@type":"Organization","@id":"https:\/\/sysmatec.ch\/de\/#organization","name":"Sysmatec","url":"https:\/\/sysmatec.ch\/de\/","logo":{"@type":"ImageObject","inLanguage":"de","@id":"https:\/\/sysmatec.ch\/de\/#\/schema\/logo\/image\/","url":"https:\/\/sysmatec.ch\/wp-content\/uploads\/2018\/11\/LogoSysmatec.jpg","contentUrl":"https:\/\/sysmatec.ch\/wp-content\/uploads\/2018\/11\/LogoSysmatec.jpg","width":301,"height":297,"caption":"Sysmatec"},"image":{"@id":"https:\/\/sysmatec.ch\/de\/#\/schema\/logo\/image\/"}}]}},"_links":{"self":[{"href":"https:\/\/sysmatec.ch\/de\/wp-json\/wp\/v2\/product\/22438","targetHints":{"allow":["GET"]}}],"collection":[{"href":"https:\/\/sysmatec.ch\/de\/wp-json\/wp\/v2\/product"}],"about":[{"href":"https:\/\/sysmatec.ch\/de\/wp-json\/wp\/v2\/types\/product"}],"wp:featuredmedia":[{"embeddable":true,"href":"https:\/\/sysmatec.ch\/de\/wp-json\/wp\/v2\/media\/22442"}],"wp:attachment":[{"href":"https:\/\/sysmatec.ch\/de\/wp-json\/wp\/v2\/media?parent=22438"}],"wp:term":[{"taxonomy":"product_brand","embeddable":true,"href":"https:\/\/sysmatec.ch\/de\/wp-json\/wp\/v2\/product_brand?post=22438"},{"taxonomy":"product_cat","embeddable":true,"href":"https:\/\/sysmatec.ch\/de\/wp-json\/wp\/v2\/product_cat?post=22438"},{"taxonomy":"product_tag","embeddable":true,"href":"https:\/\/sysmatec.ch\/de\/wp-json\/wp\/v2\/product_tag?post=22438"}],"curies":[{"name":"wp","href":"https:\/\/api.w.org\/{rel}","templated":true}]}}