{"id":22431,"date":"2021-03-07T18:14:47","date_gmt":"2021-03-07T17:14:47","guid":{"rendered":"https:\/\/sysmatec.ch\/?post_type=product&#038;p=22431"},"modified":"2021-11-27T11:34:12","modified_gmt":"2021-11-27T10:34:12","slug":"industrielle-spritzenpumpe-g3030-1s","status":"publish","type":"product","link":"https:\/\/sysmatec.ch\/de\/Produkt\/industrielle-spritzenpumpe-g3030-1s\/","title":{"rendered":"Industrielle Spritzenpumpe G3030-1S"},"content":{"rendered":"<p>Diese Komponente wurde speziell f\u00fcr die Integration in Automatisierungsprojekte entwickelt.<\/p>\n<h2>Spritzepumpe technische Parameter<\/h2>\n<ul>\n<li>Durchflussgenauigkeit: Fehler \u2264 1% (Nennhub)<\/li>\n<li>Flusswiederholbarkeit: Wiederholbarkeit \u2264 0,5%<\/li>\n<li>Nennhub (Schritt): 30 mm (3000 Schritte)<\/li>\n<li>Lineargeschwindigkeit: 0.005 mm \/ s bis 25 mm \/ s<\/li>\n<li>Zeit f\u00fcr Nennhub: 1.2 s bis 6000 s<\/li>\n<li>Kontrollaufl\u00f6sung: 0.01 mm (1 Schritt)<\/li>\n<li>Antriebsmechanismus: Gewindespindel und Gleitschiene Kolbenantriebskraft (max) = 76N<\/li>\n<li>Spritzenmodell: 50 ul, 100 ul, 250 ul, 500 ul, 1 ml, 2,5 ml, 5 ml<\/li>\n<li>Ventiltyp: 4-Port-90 \u00b0 -Ventil (Standard), 3-Port-120 \u00b0 -Ventil (optional)<\/li>\n<li>Kommunikationsschnittstelle: RS485 \/ RS232 kann eingerichtet werden<\/li>\n<li>Baudrate : 9600\/38400<\/li>\n<li>Signaleingang: 2 Eingangssignale TTL (Interne Lichtschranke, Antriebsstrom \uff1e 16mA zum Neustart der Pumpe nach Pause)<\/li>\n<li>Signalausgang: OC-Gate-Ausgangssignal der internen Lichtschranke , TTL-Signal optional zur Anzeige des Arbeitszustands<\/li>\n<li>Einstellung der Pumpenparameter: DIP-Schalter mit 7 W\u00e4hlscheiben<\/li>\n<li>Abmessung (L \u00d7 B \u00d7 H): 110 \u00d7 44.4 \u00d7 127 (mm)<\/li>\n<li>Stromversorgung: DC 24V \/ 1,5A<\/li>\n<li>Arbeitstemperatur: 15 40 -40 \u2103<\/li>\n<li>Relative Arbeitsfeuchtigkeit: 20-80% (40 \u2103)<\/li>\n<li>Gewicht: 1.23 kg<\/li>\n<\/ul>\n<h2><span class=\"VIiyi\" lang=\"de\"><span class=\"JLqJ4b ChMk0b\" data-language-for-alternatives=\"de\" data-language-to-translate-into=\"en\" data-phrase-index=\"0\" data-number-of-phrases=\"1\">Durchflussraten der Spritzenpumpe<\/span><\/span><\/h2>\n<table style=\"height: 499px;\" width=\"662\">\n<tbody>\n<tr>\n<td width=\"189\">Spritzegr\u00f6sse<\/td>\n<td width=\"189\">Min. Durchfluss (mL\/min)<\/td>\n<td width=\"189\">Max. Durchfluss (mL\/min)<\/td>\n<\/tr>\n<tr>\n<td>50 uL<\/td>\n<td>0.0005<\/td>\n<td>2.5<\/td>\n<\/tr>\n<tr>\n<td>100 uL<\/td>\n<td>0.0010<\/td>\n<td>5<\/td>\n<\/tr>\n<tr>\n<td>250 uL<\/td>\n<td>0.0025<\/td>\n<td>12.5<\/td>\n<\/tr>\n<tr>\n<td>500 uL<\/td>\n<td>0.005<\/td>\n<td>25<\/td>\n<\/tr>\n<tr>\n<td>1 mL<\/td>\n<td>0.010<\/td>\n<td>50<\/td>\n<\/tr>\n<tr>\n<td>2.5 mL<\/td>\n<td>0.025<\/td>\n<td>125<\/td>\n<\/tr>\n<tr>\n<td>5 mL<\/td>\n<td>0.05<\/td>\n<td>250<\/td>\n<\/tr>\n<\/tbody>\n<\/table>\n<p>&nbsp;<\/p>\n","protected":false},"excerpt":{"rendered":"<p><span class=\"VIiyi\" lang=\"fr\"><span class=\"JLqJ4b ChMk0b\" data-language-for-alternatives=\"fr\" data-language-to-translate-into=\"en\" data-phrase-index=\"0\">Basismodul f\u00fcr Spritzepumpe. F\u00fcr Spritze mit 50 uL bis zu 5 mL Volum<\/span><\/span><\/p>\n","protected":false},"featured_media":22435,"template":"","meta":{"_crdt_document":""},"product_brand":[],"product_cat":[98,99],"product_tag":[],"class_list":{"0":"post-22431","1":"product","2":"type-product","3":"status-publish","4":"has-post-thumbnail","6":"product_cat-peristaltisch","7":"product_cat-pumpe","9":"first","10":"instock","11":"taxable","12":"shipping-taxable","13":"product-type-simple"},"yoast_head":"<!-- This site is optimized with the Yoast SEO plugin v27.4 - https:\/\/yoast.com\/product\/yoast-seo-wordpress\/ -->\n<title>Industrielle Spritzenpumpe G3030-1S - Sysmatec<\/title>\n<meta name=\"description\" content=\"Spritzenpumpenmodul integriert werden. Er ist \u00fcber seine serielle Schnittstelle voll programmierbar. Es erm\u00f6glicht die Verwendung von 50 \u00b5L bis 5 mL Spritzen.\" \/>\n<meta name=\"robots\" content=\"index, follow, max-snippet:-1, max-image-preview:large, max-video-preview:-1\" \/>\n<link rel=\"canonical\" href=\"https:\/\/sysmatec.ch\/de\/produit\/industrielle-spritzenpumpe-g3030-1s\/\" \/>\n<meta property=\"og:locale\" content=\"de_DE\" \/>\n<meta property=\"og:type\" content=\"article\" \/>\n<meta property=\"og:title\" content=\"Industrielle Spritzenpumpe G3030-1S - Sysmatec\" \/>\n<meta property=\"og:description\" content=\"Spritzenpumpenmodul integriert werden. Er ist \u00fcber seine serielle Schnittstelle voll programmierbar. Es erm\u00f6glicht die Verwendung von 50 \u00b5L bis 5 mL Spritzen.\" \/>\n<meta property=\"og:url\" content=\"https:\/\/sysmatec.ch\/de\/produit\/industrielle-spritzenpumpe-g3030-1s\/\" \/>\n<meta property=\"og:site_name\" content=\"Sysmatec\" \/>\n<meta property=\"article:modified_time\" content=\"2021-11-27T10:34:12+00:00\" \/>\n<meta property=\"og:image\" content=\"https:\/\/sysmatec.ch\/wp-content\/uploads\/2021\/03\/PousseSeringue_G3030LeadFluid.jpg\" \/>\n\t<meta property=\"og:image:width\" content=\"750\" \/>\n\t<meta property=\"og:image:height\" content=\"750\" \/>\n\t<meta property=\"og:image:type\" content=\"image\/jpeg\" \/>\n<meta name=\"twitter:card\" content=\"summary_large_image\" \/>\n<meta name=\"twitter:label1\" content=\"Gesch\u00e4tzte Lesezeit\" \/>\n\t<meta name=\"twitter:data1\" content=\"1\u00a0Minute\" \/>\n<script type=\"application\/ld+json\" class=\"yoast-schema-graph\">{\"@context\":\"https:\\\/\\\/schema.org\",\"@graph\":[{\"@type\":\"WebPage\",\"@id\":\"https:\\\/\\\/sysmatec.ch\\\/de\\\/produit\\\/industrielle-spritzenpumpe-g3030-1s\\\/\",\"url\":\"https:\\\/\\\/sysmatec.ch\\\/de\\\/produit\\\/industrielle-spritzenpumpe-g3030-1s\\\/\",\"name\":\"Industrielle Spritzenpumpe G3030-1S - Sysmatec\",\"isPartOf\":{\"@id\":\"https:\\\/\\\/sysmatec.ch\\\/de\\\/#website\"},\"primaryImageOfPage\":{\"@id\":\"https:\\\/\\\/sysmatec.ch\\\/de\\\/produit\\\/industrielle-spritzenpumpe-g3030-1s\\\/#primaryimage\"},\"image\":{\"@id\":\"https:\\\/\\\/sysmatec.ch\\\/de\\\/produit\\\/industrielle-spritzenpumpe-g3030-1s\\\/#primaryimage\"},\"thumbnailUrl\":\"https:\\\/\\\/sysmatec.ch\\\/wp-content\\\/uploads\\\/2021\\\/03\\\/PousseSeringue_G3030LeadFluid.jpg\",\"datePublished\":\"2021-03-07T17:14:47+00:00\",\"dateModified\":\"2021-11-27T10:34:12+00:00\",\"description\":\"Spritzenpumpenmodul integriert werden. Er ist \u00fcber seine serielle Schnittstelle voll programmierbar. Es erm\u00f6glicht die Verwendung von 50 \u00b5L bis 5 mL Spritzen.\",\"breadcrumb\":{\"@id\":\"https:\\\/\\\/sysmatec.ch\\\/de\\\/produit\\\/industrielle-spritzenpumpe-g3030-1s\\\/#breadcrumb\"},\"inLanguage\":\"de\",\"potentialAction\":[{\"@type\":\"ReadAction\",\"target\":[\"https:\\\/\\\/sysmatec.ch\\\/de\\\/produit\\\/industrielle-spritzenpumpe-g3030-1s\\\/\"]}]},{\"@type\":\"ImageObject\",\"inLanguage\":\"de\",\"@id\":\"https:\\\/\\\/sysmatec.ch\\\/de\\\/produit\\\/industrielle-spritzenpumpe-g3030-1s\\\/#primaryimage\",\"url\":\"https:\\\/\\\/sysmatec.ch\\\/wp-content\\\/uploads\\\/2021\\\/03\\\/PousseSeringue_G3030LeadFluid.jpg\",\"contentUrl\":\"https:\\\/\\\/sysmatec.ch\\\/wp-content\\\/uploads\\\/2021\\\/03\\\/PousseSeringue_G3030LeadFluid.jpg\",\"width\":750,\"height\":750},{\"@type\":\"BreadcrumbList\",\"@id\":\"https:\\\/\\\/sysmatec.ch\\\/de\\\/produit\\\/industrielle-spritzenpumpe-g3030-1s\\\/#breadcrumb\",\"itemListElement\":[{\"@type\":\"ListItem\",\"position\":1,\"name\":\"Accueil\",\"item\":\"https:\\\/\\\/sysmatec.ch\\\/de\\\/\"},{\"@type\":\"ListItem\",\"position\":2,\"name\":\"Die Aktivit\u00e4t von Sysmatec\",\"item\":\"https:\\\/\\\/sysmatec.ch\\\/de\\\/\"},{\"@type\":\"ListItem\",\"position\":3,\"name\":\"Industrielle Spritzenpumpe G3030-1S\"}]},{\"@type\":\"WebSite\",\"@id\":\"https:\\\/\\\/sysmatec.ch\\\/de\\\/#website\",\"url\":\"https:\\\/\\\/sysmatec.ch\\\/de\\\/\",\"name\":\"Sysmatec\",\"description\":\"Equipement de laboratoire et logiciels\",\"publisher\":{\"@id\":\"https:\\\/\\\/sysmatec.ch\\\/de\\\/#organization\"},\"potentialAction\":[{\"@type\":\"SearchAction\",\"target\":{\"@type\":\"EntryPoint\",\"urlTemplate\":\"https:\\\/\\\/sysmatec.ch\\\/de\\\/?s={search_term_string}\"},\"query-input\":{\"@type\":\"PropertyValueSpecification\",\"valueRequired\":true,\"valueName\":\"search_term_string\"}}],\"inLanguage\":\"de\"},{\"@type\":\"Organization\",\"@id\":\"https:\\\/\\\/sysmatec.ch\\\/de\\\/#organization\",\"name\":\"Sysmatec\",\"url\":\"https:\\\/\\\/sysmatec.ch\\\/de\\\/\",\"logo\":{\"@type\":\"ImageObject\",\"inLanguage\":\"de\",\"@id\":\"https:\\\/\\\/sysmatec.ch\\\/de\\\/#\\\/schema\\\/logo\\\/image\\\/\",\"url\":\"https:\\\/\\\/sysmatec.ch\\\/wp-content\\\/uploads\\\/2018\\\/11\\\/LogoSysmatec.jpg\",\"contentUrl\":\"https:\\\/\\\/sysmatec.ch\\\/wp-content\\\/uploads\\\/2018\\\/11\\\/LogoSysmatec.jpg\",\"width\":301,\"height\":297,\"caption\":\"Sysmatec\"},\"image\":{\"@id\":\"https:\\\/\\\/sysmatec.ch\\\/de\\\/#\\\/schema\\\/logo\\\/image\\\/\"}}]}<\/script>\n<!-- \/ Yoast SEO plugin. -->","yoast_head_json":{"title":"Industrielle Spritzenpumpe G3030-1S - Sysmatec","description":"Spritzenpumpenmodul integriert werden. Er ist \u00fcber seine serielle Schnittstelle voll programmierbar. Es erm\u00f6glicht die Verwendung von 50 \u00b5L bis 5 mL Spritzen.","robots":{"index":"index","follow":"follow","max-snippet":"max-snippet:-1","max-image-preview":"max-image-preview:large","max-video-preview":"max-video-preview:-1"},"canonical":"https:\/\/sysmatec.ch\/de\/produit\/industrielle-spritzenpumpe-g3030-1s\/","og_locale":"de_DE","og_type":"article","og_title":"Industrielle Spritzenpumpe G3030-1S - Sysmatec","og_description":"Spritzenpumpenmodul integriert werden. Er ist \u00fcber seine serielle Schnittstelle voll programmierbar. Es erm\u00f6glicht die Verwendung von 50 \u00b5L bis 5 mL Spritzen.","og_url":"https:\/\/sysmatec.ch\/de\/produit\/industrielle-spritzenpumpe-g3030-1s\/","og_site_name":"Sysmatec","article_modified_time":"2021-11-27T10:34:12+00:00","og_image":[{"width":750,"height":750,"url":"https:\/\/sysmatec.ch\/wp-content\/uploads\/2021\/03\/PousseSeringue_G3030LeadFluid.jpg","type":"image\/jpeg"}],"twitter_card":"summary_large_image","twitter_misc":{"Gesch\u00e4tzte Lesezeit":"1\u00a0Minute"},"schema":{"@context":"https:\/\/schema.org","@graph":[{"@type":"WebPage","@id":"https:\/\/sysmatec.ch\/de\/produit\/industrielle-spritzenpumpe-g3030-1s\/","url":"https:\/\/sysmatec.ch\/de\/produit\/industrielle-spritzenpumpe-g3030-1s\/","name":"Industrielle Spritzenpumpe G3030-1S - Sysmatec","isPartOf":{"@id":"https:\/\/sysmatec.ch\/de\/#website"},"primaryImageOfPage":{"@id":"https:\/\/sysmatec.ch\/de\/produit\/industrielle-spritzenpumpe-g3030-1s\/#primaryimage"},"image":{"@id":"https:\/\/sysmatec.ch\/de\/produit\/industrielle-spritzenpumpe-g3030-1s\/#primaryimage"},"thumbnailUrl":"https:\/\/sysmatec.ch\/wp-content\/uploads\/2021\/03\/PousseSeringue_G3030LeadFluid.jpg","datePublished":"2021-03-07T17:14:47+00:00","dateModified":"2021-11-27T10:34:12+00:00","description":"Spritzenpumpenmodul integriert werden. Er ist \u00fcber seine serielle Schnittstelle voll programmierbar. Es erm\u00f6glicht die Verwendung von 50 \u00b5L bis 5 mL Spritzen.","breadcrumb":{"@id":"https:\/\/sysmatec.ch\/de\/produit\/industrielle-spritzenpumpe-g3030-1s\/#breadcrumb"},"inLanguage":"de","potentialAction":[{"@type":"ReadAction","target":["https:\/\/sysmatec.ch\/de\/produit\/industrielle-spritzenpumpe-g3030-1s\/"]}]},{"@type":"ImageObject","inLanguage":"de","@id":"https:\/\/sysmatec.ch\/de\/produit\/industrielle-spritzenpumpe-g3030-1s\/#primaryimage","url":"https:\/\/sysmatec.ch\/wp-content\/uploads\/2021\/03\/PousseSeringue_G3030LeadFluid.jpg","contentUrl":"https:\/\/sysmatec.ch\/wp-content\/uploads\/2021\/03\/PousseSeringue_G3030LeadFluid.jpg","width":750,"height":750},{"@type":"BreadcrumbList","@id":"https:\/\/sysmatec.ch\/de\/produit\/industrielle-spritzenpumpe-g3030-1s\/#breadcrumb","itemListElement":[{"@type":"ListItem","position":1,"name":"Accueil","item":"https:\/\/sysmatec.ch\/de\/"},{"@type":"ListItem","position":2,"name":"Die Aktivit\u00e4t von Sysmatec","item":"https:\/\/sysmatec.ch\/de\/"},{"@type":"ListItem","position":3,"name":"Industrielle Spritzenpumpe G3030-1S"}]},{"@type":"WebSite","@id":"https:\/\/sysmatec.ch\/de\/#website","url":"https:\/\/sysmatec.ch\/de\/","name":"Sysmatec","description":"Equipement de laboratoire et logiciels","publisher":{"@id":"https:\/\/sysmatec.ch\/de\/#organization"},"potentialAction":[{"@type":"SearchAction","target":{"@type":"EntryPoint","urlTemplate":"https:\/\/sysmatec.ch\/de\/?s={search_term_string}"},"query-input":{"@type":"PropertyValueSpecification","valueRequired":true,"valueName":"search_term_string"}}],"inLanguage":"de"},{"@type":"Organization","@id":"https:\/\/sysmatec.ch\/de\/#organization","name":"Sysmatec","url":"https:\/\/sysmatec.ch\/de\/","logo":{"@type":"ImageObject","inLanguage":"de","@id":"https:\/\/sysmatec.ch\/de\/#\/schema\/logo\/image\/","url":"https:\/\/sysmatec.ch\/wp-content\/uploads\/2018\/11\/LogoSysmatec.jpg","contentUrl":"https:\/\/sysmatec.ch\/wp-content\/uploads\/2018\/11\/LogoSysmatec.jpg","width":301,"height":297,"caption":"Sysmatec"},"image":{"@id":"https:\/\/sysmatec.ch\/de\/#\/schema\/logo\/image\/"}}]}},"_links":{"self":[{"href":"https:\/\/sysmatec.ch\/de\/wp-json\/wp\/v2\/product\/22431","targetHints":{"allow":["GET"]}}],"collection":[{"href":"https:\/\/sysmatec.ch\/de\/wp-json\/wp\/v2\/product"}],"about":[{"href":"https:\/\/sysmatec.ch\/de\/wp-json\/wp\/v2\/types\/product"}],"wp:featuredmedia":[{"embeddable":true,"href":"https:\/\/sysmatec.ch\/de\/wp-json\/wp\/v2\/media\/22435"}],"wp:attachment":[{"href":"https:\/\/sysmatec.ch\/de\/wp-json\/wp\/v2\/media?parent=22431"}],"wp:term":[{"taxonomy":"product_brand","embeddable":true,"href":"https:\/\/sysmatec.ch\/de\/wp-json\/wp\/v2\/product_brand?post=22431"},{"taxonomy":"product_cat","embeddable":true,"href":"https:\/\/sysmatec.ch\/de\/wp-json\/wp\/v2\/product_cat?post=22431"},{"taxonomy":"product_tag","embeddable":true,"href":"https:\/\/sysmatec.ch\/de\/wp-json\/wp\/v2\/product_tag?post=22431"}],"curies":[{"name":"wp","href":"https:\/\/api.w.org\/{rel}","templated":true}]}}