{"id":22416,"date":"2021-03-07T11:23:11","date_gmt":"2021-03-07T10:23:11","guid":{"rendered":"https:\/\/sysmatec.ch\/?post_type=product&#038;p=22416"},"modified":"2021-11-27T11:50:11","modified_gmt":"2021-11-27T10:50:11","slug":"nucleic-acid-fast-detection-system-detect-flash-2","status":"publish","type":"product","link":"https:\/\/sysmatec.ch\/de\/Produkt\/nucleic-acid-fast-detection-system-detect-flash-2\/","title":{"rendered":"Nucleic Acid Fast Detection System Detect FLASH 2"},"content":{"rendered":"<p><span class=\"VIiyi\" lang=\"de\"><span class=\"JLqJ4b ChMk0b\" data-language-for-alternatives=\"de\" data-language-to-translate-into=\"en\" data-phrase-index=\"0\">Es ist ein Ger\u00e4t zur quantitativen Echtzeit-PCR (qPCR) -Detektion.<\/span><\/span><\/p>\n<p><span class=\"VIiyi\" lang=\"de\"><span class=\"JLqJ4b ChMk0b\" data-language-for-alternatives=\"de\" data-language-to-translate-into=\"en\" data-phrase-index=\"0\">Eigenschaften<\/span><\/span><\/p>\n<ul>\n<li><span class=\"VIiyi\" lang=\"de\"><span class=\"JLqJ4b ChMk0b\" data-language-for-alternatives=\"de\" data-language-to-translate-into=\"en\" data-phrase-index=\"2\">Einfach: Nukleins\u00e4ureextraktion frei, einfache Bedienung<\/span> <\/span><\/li>\n<li><span class=\"VIiyi\" lang=\"de\"><span class=\"JLqJ4b ChMk0b\" data-language-for-alternatives=\"de\" data-language-to-translate-into=\"en\" data-phrase-index=\"4\">Schnell: 1 Minute Probe vorbereitung, Ergebnis in 30 Minuten<\/span><\/span><\/li>\n<li><span class=\"VIiyi\" lang=\"de\"><span class=\"JLqJ4b ChMk0b\" data-language-for-alternatives=\"de\" data-language-to-translate-into=\"en\" data-phrase-index=\"6\">Flexibel: 4 unabh\u00e4ngige Steuerungsmodule und Echtzeiterkennung<\/span><\/span><\/li>\n<li><span class=\"VIiyi\" lang=\"de\"><span class=\"JLqJ4b ChMk0b\" data-language-for-alternatives=\"de\" data-language-to-translate-into=\"en\" data-phrase-index=\"8\">Tragbar: Klein, leicht zu bewegen und einzurichten, passt in jeden Raum<\/span><\/span><\/li>\n<li><span class=\"VIiyi\" lang=\"de\"><span class=\"JLqJ4b ChMk0b\" data-language-for-alternatives=\"de\" data-language-to-translate-into=\"en\" data-phrase-index=\"10\">Sensitivit\u00e4t und Spezifit\u00e4t der klinischen Validierungsdaten liegen beide bei \u2265 95%.<\/span><\/span><\/li>\n<li><span class=\"VIiyi\" lang=\"de\"><span class=\"JLqJ4b ChMk0b\" data-language-for-alternatives=\"de\" data-language-to-translate-into=\"en\" data-phrase-index=\"12\">Gene Lotus: ORF1ab und N.<\/span><\/span><\/li>\n<li><span class=\"VIiyi\" lang=\"de\"><span class=\"JLqJ4b ChMk0b\" data-language-for-alternatives=\"de\" data-language-to-translate-into=\"en\" data-phrase-index=\"16\">LoD: 400 Kopien \/ ml<\/span><\/span><\/li>\n<li><span class=\"VIiyi\" lang=\"de\"><span class=\"JLqJ4b ChMk0b\" data-language-for-alternatives=\"de\" data-language-to-translate-into=\"en\" data-phrase-index=\"18\">Probentyp: Oropharyngealabstrich<\/span><\/span><\/li>\n<li><span class=\"VIiyi\" lang=\"de\"><span class=\"JLqJ4b ChMk0b\" data-language-for-alternatives=\"de\" data-language-to-translate-into=\"en\" data-phrase-index=\"20\">Volumen: 50 \u03bcl<\/span><\/span><\/li>\n<li><span class=\"VIiyi\" lang=\"de\"><span class=\"JLqJ4b ChMk0b\" data-language-for-alternatives=\"de\" data-language-to-translate-into=\"en\" data-phrase-index=\"22\">Probenbehandlung: keine Nukleins\u00e4ureisolierung separater Schritt, 1 min Probenbehandlung<\/span><\/span><\/li>\n<li><span class=\"VIiyi\" lang=\"de\"> <span class=\"JLqJ4b ChMk0b\" data-language-for-alternatives=\"de\" data-language-to-translate-into=\"en\" data-phrase-index=\"24\">Erkennungsmodus: Unabh\u00e4ngiges Steuermodul und Echtzeiterkennung<\/span><\/span><\/li>\n<li><span class=\"VIiyi\" lang=\"de\"><span class=\"JLqJ4b ChMk0b\" data-language-for-alternatives=\"de\" data-language-to-translate-into=\"en\" data-phrase-index=\"26\">Fluoreszenzkanal: FAM \/ SYBR Gr\u00fcn (470 nm) \u3001 HEX \/ VIC (525 nm), ROX \/ TEXAS ROT (580 nm), CY5 (635 nm)<\/span><\/span><\/li>\n<li><span class=\"VIiyi\" lang=\"de\"><span class=\"JLqJ4b ChMk0b\" data-language-for-alternatives=\"de\" data-language-to-translate-into=\"en\" data-phrase-index=\"28\">Durchsatz: 4<\/span><\/span><\/li>\n<li><span class=\"VIiyi\" lang=\"de\"><span class=\"JLqJ4b ChMk0b\" data-language-for-alternatives=\"de\" data-language-to-translate-into=\"en\" data-phrase-index=\"30\">Gr\u00f6\u00dfe: 300 \u00d7 300 \u00d7 200 mm)<\/span><\/span><\/li>\n<li><span class=\"VIiyi\" lang=\"de\"><span class=\"JLqJ4b ChMk0b\" data-language-for-alternatives=\"de\" data-language-to-translate-into=\"en\" data-phrase-index=\"32\">Gewicht: 4.7 kg<\/span><\/span><\/li>\n<\/ul>\n<p><span class=\"VIiyi\" lang=\"de\"><span class=\"JLqJ4b ChMk0b\" data-language-for-alternatives=\"de\" data-language-to-translate-into=\"en\" data-phrase-index=\"34\">Anwendung: Krankenhaus-POCT, Notfall- und Fieberklinik, prim\u00e4re Gesundheit, Einrichtungen, Erkennung vor Ort, Zoll und Flughafen<\/span><\/span><\/p>\n","protected":false},"excerpt":{"rendered":"<p>Fluorescence quantitative PCR detection system<\/p>\n","protected":false},"featured_media":22420,"template":"","meta":{"_crdt_document":""},"product_brand":[],"product_cat":[418],"product_tag":[],"class_list":{"0":"post-22416","1":"product","2":"type-product","3":"status-publish","4":"has-post-thumbnail","6":"product_cat-covid19-de","8":"first","9":"instock","10":"taxable","11":"shipping-taxable","12":"product-type-simple"},"yoast_head":"<!-- This site is optimized with the Yoast SEO plugin v27.4 - https:\/\/yoast.com\/product\/yoast-seo-wordpress\/ -->\n<title>Nucleic Acid Fast Detection System Detect FLASH 2 - Sysmatec<\/title>\n<meta name=\"description\" content=\"Quantitatives Fluoreszenzdetektionssystem f\u00fcr q-PCR-Nukleins\u00e4uren. Keine Nukleins\u00e4ure-Extraktionsphase erforderlich.\" \/>\n<meta name=\"robots\" content=\"index, follow, max-snippet:-1, max-image-preview:large, max-video-preview:-1\" \/>\n<link rel=\"canonical\" href=\"https:\/\/sysmatec.ch\/de\/produit\/nucleic-acid-fast-detection-system-detect-flash-2\/\" \/>\n<meta property=\"og:locale\" content=\"de_DE\" \/>\n<meta property=\"og:type\" content=\"article\" \/>\n<meta property=\"og:title\" content=\"Nucleic Acid Fast Detection System Detect FLASH 2 - Sysmatec\" \/>\n<meta property=\"og:description\" content=\"Quantitatives Fluoreszenzdetektionssystem f\u00fcr q-PCR-Nukleins\u00e4uren. Keine Nukleins\u00e4ure-Extraktionsphase erforderlich.\" \/>\n<meta property=\"og:url\" content=\"https:\/\/sysmatec.ch\/de\/produit\/nucleic-acid-fast-detection-system-detect-flash-2\/\" \/>\n<meta property=\"og:site_name\" content=\"Sysmatec\" \/>\n<meta property=\"article:modified_time\" content=\"2021-11-27T10:50:11+00:00\" \/>\n<meta property=\"og:image\" content=\"https:\/\/sysmatec.ch\/wp-content\/uploads\/2021\/03\/qPCR_Flash20CoyoteBio.jpg\" \/>\n\t<meta property=\"og:image:width\" content=\"530\" \/>\n\t<meta property=\"og:image:height\" content=\"473\" \/>\n\t<meta property=\"og:image:type\" content=\"image\/jpeg\" \/>\n<meta name=\"twitter:card\" content=\"summary_large_image\" \/>\n<meta name=\"twitter:label1\" content=\"Gesch\u00e4tzte Lesezeit\" \/>\n\t<meta name=\"twitter:data1\" content=\"1\u00a0Minute\" \/>\n<script type=\"application\/ld+json\" class=\"yoast-schema-graph\">{\"@context\":\"https:\\\/\\\/schema.org\",\"@graph\":[{\"@type\":\"WebPage\",\"@id\":\"https:\\\/\\\/sysmatec.ch\\\/de\\\/produit\\\/nucleic-acid-fast-detection-system-detect-flash-2\\\/\",\"url\":\"https:\\\/\\\/sysmatec.ch\\\/de\\\/produit\\\/nucleic-acid-fast-detection-system-detect-flash-2\\\/\",\"name\":\"Nucleic Acid Fast Detection System Detect FLASH 2 - Sysmatec\",\"isPartOf\":{\"@id\":\"https:\\\/\\\/sysmatec.ch\\\/de\\\/#website\"},\"primaryImageOfPage\":{\"@id\":\"https:\\\/\\\/sysmatec.ch\\\/de\\\/produit\\\/nucleic-acid-fast-detection-system-detect-flash-2\\\/#primaryimage\"},\"image\":{\"@id\":\"https:\\\/\\\/sysmatec.ch\\\/de\\\/produit\\\/nucleic-acid-fast-detection-system-detect-flash-2\\\/#primaryimage\"},\"thumbnailUrl\":\"https:\\\/\\\/sysmatec.ch\\\/wp-content\\\/uploads\\\/2021\\\/03\\\/qPCR_Flash20CoyoteBio.jpg\",\"datePublished\":\"2021-03-07T10:23:11+00:00\",\"dateModified\":\"2021-11-27T10:50:11+00:00\",\"description\":\"Quantitatives Fluoreszenzdetektionssystem f\u00fcr q-PCR-Nukleins\u00e4uren. Keine Nukleins\u00e4ure-Extraktionsphase erforderlich.\",\"breadcrumb\":{\"@id\":\"https:\\\/\\\/sysmatec.ch\\\/de\\\/produit\\\/nucleic-acid-fast-detection-system-detect-flash-2\\\/#breadcrumb\"},\"inLanguage\":\"de\",\"potentialAction\":[{\"@type\":\"ReadAction\",\"target\":[\"https:\\\/\\\/sysmatec.ch\\\/de\\\/produit\\\/nucleic-acid-fast-detection-system-detect-flash-2\\\/\"]}]},{\"@type\":\"ImageObject\",\"inLanguage\":\"de\",\"@id\":\"https:\\\/\\\/sysmatec.ch\\\/de\\\/produit\\\/nucleic-acid-fast-detection-system-detect-flash-2\\\/#primaryimage\",\"url\":\"https:\\\/\\\/sysmatec.ch\\\/wp-content\\\/uploads\\\/2021\\\/03\\\/qPCR_Flash20CoyoteBio.jpg\",\"contentUrl\":\"https:\\\/\\\/sysmatec.ch\\\/wp-content\\\/uploads\\\/2021\\\/03\\\/qPCR_Flash20CoyoteBio.jpg\",\"width\":530,\"height\":473},{\"@type\":\"BreadcrumbList\",\"@id\":\"https:\\\/\\\/sysmatec.ch\\\/de\\\/produit\\\/nucleic-acid-fast-detection-system-detect-flash-2\\\/#breadcrumb\",\"itemListElement\":[{\"@type\":\"ListItem\",\"position\":1,\"name\":\"Accueil\",\"item\":\"https:\\\/\\\/sysmatec.ch\\\/de\\\/\"},{\"@type\":\"ListItem\",\"position\":2,\"name\":\"Die Aktivit\u00e4t von Sysmatec\",\"item\":\"https:\\\/\\\/sysmatec.ch\\\/de\\\/\"},{\"@type\":\"ListItem\",\"position\":3,\"name\":\"Nucleic Acid Fast Detection System Detect FLASH 2\"}]},{\"@type\":\"WebSite\",\"@id\":\"https:\\\/\\\/sysmatec.ch\\\/de\\\/#website\",\"url\":\"https:\\\/\\\/sysmatec.ch\\\/de\\\/\",\"name\":\"Sysmatec\",\"description\":\"Equipement de laboratoire et logiciels\",\"publisher\":{\"@id\":\"https:\\\/\\\/sysmatec.ch\\\/de\\\/#organization\"},\"potentialAction\":[{\"@type\":\"SearchAction\",\"target\":{\"@type\":\"EntryPoint\",\"urlTemplate\":\"https:\\\/\\\/sysmatec.ch\\\/de\\\/?s={search_term_string}\"},\"query-input\":{\"@type\":\"PropertyValueSpecification\",\"valueRequired\":true,\"valueName\":\"search_term_string\"}}],\"inLanguage\":\"de\"},{\"@type\":\"Organization\",\"@id\":\"https:\\\/\\\/sysmatec.ch\\\/de\\\/#organization\",\"name\":\"Sysmatec\",\"url\":\"https:\\\/\\\/sysmatec.ch\\\/de\\\/\",\"logo\":{\"@type\":\"ImageObject\",\"inLanguage\":\"de\",\"@id\":\"https:\\\/\\\/sysmatec.ch\\\/de\\\/#\\\/schema\\\/logo\\\/image\\\/\",\"url\":\"https:\\\/\\\/sysmatec.ch\\\/wp-content\\\/uploads\\\/2018\\\/11\\\/LogoSysmatec.jpg\",\"contentUrl\":\"https:\\\/\\\/sysmatec.ch\\\/wp-content\\\/uploads\\\/2018\\\/11\\\/LogoSysmatec.jpg\",\"width\":301,\"height\":297,\"caption\":\"Sysmatec\"},\"image\":{\"@id\":\"https:\\\/\\\/sysmatec.ch\\\/de\\\/#\\\/schema\\\/logo\\\/image\\\/\"}}]}<\/script>\n<!-- \/ Yoast SEO plugin. -->","yoast_head_json":{"title":"Nucleic Acid Fast Detection System Detect FLASH 2 - Sysmatec","description":"Quantitatives Fluoreszenzdetektionssystem f\u00fcr q-PCR-Nukleins\u00e4uren. Keine Nukleins\u00e4ure-Extraktionsphase erforderlich.","robots":{"index":"index","follow":"follow","max-snippet":"max-snippet:-1","max-image-preview":"max-image-preview:large","max-video-preview":"max-video-preview:-1"},"canonical":"https:\/\/sysmatec.ch\/de\/produit\/nucleic-acid-fast-detection-system-detect-flash-2\/","og_locale":"de_DE","og_type":"article","og_title":"Nucleic Acid Fast Detection System Detect FLASH 2 - Sysmatec","og_description":"Quantitatives Fluoreszenzdetektionssystem f\u00fcr q-PCR-Nukleins\u00e4uren. Keine Nukleins\u00e4ure-Extraktionsphase erforderlich.","og_url":"https:\/\/sysmatec.ch\/de\/produit\/nucleic-acid-fast-detection-system-detect-flash-2\/","og_site_name":"Sysmatec","article_modified_time":"2021-11-27T10:50:11+00:00","og_image":[{"width":530,"height":473,"url":"https:\/\/sysmatec.ch\/wp-content\/uploads\/2021\/03\/qPCR_Flash20CoyoteBio.jpg","type":"image\/jpeg"}],"twitter_card":"summary_large_image","twitter_misc":{"Gesch\u00e4tzte Lesezeit":"1\u00a0Minute"},"schema":{"@context":"https:\/\/schema.org","@graph":[{"@type":"WebPage","@id":"https:\/\/sysmatec.ch\/de\/produit\/nucleic-acid-fast-detection-system-detect-flash-2\/","url":"https:\/\/sysmatec.ch\/de\/produit\/nucleic-acid-fast-detection-system-detect-flash-2\/","name":"Nucleic Acid Fast Detection System Detect FLASH 2 - Sysmatec","isPartOf":{"@id":"https:\/\/sysmatec.ch\/de\/#website"},"primaryImageOfPage":{"@id":"https:\/\/sysmatec.ch\/de\/produit\/nucleic-acid-fast-detection-system-detect-flash-2\/#primaryimage"},"image":{"@id":"https:\/\/sysmatec.ch\/de\/produit\/nucleic-acid-fast-detection-system-detect-flash-2\/#primaryimage"},"thumbnailUrl":"https:\/\/sysmatec.ch\/wp-content\/uploads\/2021\/03\/qPCR_Flash20CoyoteBio.jpg","datePublished":"2021-03-07T10:23:11+00:00","dateModified":"2021-11-27T10:50:11+00:00","description":"Quantitatives Fluoreszenzdetektionssystem f\u00fcr q-PCR-Nukleins\u00e4uren. Keine Nukleins\u00e4ure-Extraktionsphase erforderlich.","breadcrumb":{"@id":"https:\/\/sysmatec.ch\/de\/produit\/nucleic-acid-fast-detection-system-detect-flash-2\/#breadcrumb"},"inLanguage":"de","potentialAction":[{"@type":"ReadAction","target":["https:\/\/sysmatec.ch\/de\/produit\/nucleic-acid-fast-detection-system-detect-flash-2\/"]}]},{"@type":"ImageObject","inLanguage":"de","@id":"https:\/\/sysmatec.ch\/de\/produit\/nucleic-acid-fast-detection-system-detect-flash-2\/#primaryimage","url":"https:\/\/sysmatec.ch\/wp-content\/uploads\/2021\/03\/qPCR_Flash20CoyoteBio.jpg","contentUrl":"https:\/\/sysmatec.ch\/wp-content\/uploads\/2021\/03\/qPCR_Flash20CoyoteBio.jpg","width":530,"height":473},{"@type":"BreadcrumbList","@id":"https:\/\/sysmatec.ch\/de\/produit\/nucleic-acid-fast-detection-system-detect-flash-2\/#breadcrumb","itemListElement":[{"@type":"ListItem","position":1,"name":"Accueil","item":"https:\/\/sysmatec.ch\/de\/"},{"@type":"ListItem","position":2,"name":"Die Aktivit\u00e4t von Sysmatec","item":"https:\/\/sysmatec.ch\/de\/"},{"@type":"ListItem","position":3,"name":"Nucleic Acid Fast Detection System Detect FLASH 2"}]},{"@type":"WebSite","@id":"https:\/\/sysmatec.ch\/de\/#website","url":"https:\/\/sysmatec.ch\/de\/","name":"Sysmatec","description":"Equipement de laboratoire et logiciels","publisher":{"@id":"https:\/\/sysmatec.ch\/de\/#organization"},"potentialAction":[{"@type":"SearchAction","target":{"@type":"EntryPoint","urlTemplate":"https:\/\/sysmatec.ch\/de\/?s={search_term_string}"},"query-input":{"@type":"PropertyValueSpecification","valueRequired":true,"valueName":"search_term_string"}}],"inLanguage":"de"},{"@type":"Organization","@id":"https:\/\/sysmatec.ch\/de\/#organization","name":"Sysmatec","url":"https:\/\/sysmatec.ch\/de\/","logo":{"@type":"ImageObject","inLanguage":"de","@id":"https:\/\/sysmatec.ch\/de\/#\/schema\/logo\/image\/","url":"https:\/\/sysmatec.ch\/wp-content\/uploads\/2018\/11\/LogoSysmatec.jpg","contentUrl":"https:\/\/sysmatec.ch\/wp-content\/uploads\/2018\/11\/LogoSysmatec.jpg","width":301,"height":297,"caption":"Sysmatec"},"image":{"@id":"https:\/\/sysmatec.ch\/de\/#\/schema\/logo\/image\/"}}]}},"_links":{"self":[{"href":"https:\/\/sysmatec.ch\/de\/wp-json\/wp\/v2\/product\/22416","targetHints":{"allow":["GET"]}}],"collection":[{"href":"https:\/\/sysmatec.ch\/de\/wp-json\/wp\/v2\/product"}],"about":[{"href":"https:\/\/sysmatec.ch\/de\/wp-json\/wp\/v2\/types\/product"}],"wp:featuredmedia":[{"embeddable":true,"href":"https:\/\/sysmatec.ch\/de\/wp-json\/wp\/v2\/media\/22420"}],"wp:attachment":[{"href":"https:\/\/sysmatec.ch\/de\/wp-json\/wp\/v2\/media?parent=22416"}],"wp:term":[{"taxonomy":"product_brand","embeddable":true,"href":"https:\/\/sysmatec.ch\/de\/wp-json\/wp\/v2\/product_brand?post=22416"},{"taxonomy":"product_cat","embeddable":true,"href":"https:\/\/sysmatec.ch\/de\/wp-json\/wp\/v2\/product_cat?post=22416"},{"taxonomy":"product_tag","embeddable":true,"href":"https:\/\/sysmatec.ch\/de\/wp-json\/wp\/v2\/product_tag?post=22416"}],"curies":[{"name":"wp","href":"https:\/\/api.w.org\/{rel}","templated":true}]}}