{"id":2239,"date":"2019-01-12T20:36:50","date_gmt":"2019-01-12T19:36:50","guid":{"rendered":"https:\/\/sysmatec.ch\/produit\/dessiccateur-star-thermo-v-1830-1807\/"},"modified":"2022-03-10T11:10:09","modified_gmt":"2022-03-10T10:10:09","slug":"star-thermo-exsikkator-v-1830-07","status":"publish","type":"product","link":"https:\/\/sysmatec.ch\/de\/Produkt\/star-thermo-exsikkator-v-1830-07\/","title":{"rendered":"Star-Thermo-Exsikkator V 1830-07"},"content":{"rendered":"<p>Aluminiumrahmen mit 2-Scheibendoppelkammersystem (innen Glas, au\u00dfen Acrylglas), inklusive 4 Zwischenb\u00f6den aus PMMA, mit bis zu 26 B\u00f6den best\u00fcckbar. Integrierte Heizung (Umluft, 850 W) mit Temperatursensor und L\u00fcfter. Es wird ein Stromanschluss (230 V \/ 50 Hz) ben\u00f6tigt.<\/p>\n<ul>\n<li>gute Isolation f\u00fcr konstante Temperatur<\/li>\n<li>einfach zu \u00f6ffnende T\u00fcr mit Magnetleiste<\/li>\n<li>leich zu erreichende Bedienelemente auf der Vorderseite<\/li>\n<li>genaue Temperatureinstellung ab 5 \u00b0C \u00fcber Raumtemperatur bis max. 60 \u00b0C.<\/li>\n<li>Heizung mit Umluft zur schnellen und gleichm\u00e4\u00dfigen Temperieren des Innenraums<\/li>\n<li>Au\u00dfenma\u00dfe (B x H x T in mm): 310 x 630 x 420<\/li>\n<li>Nutzbarer Innenraum (B x H x T in mm): 260 x 480 x 330<\/li>\n<li>Innenvolumen: 55 L<\/li>\n<li>Gewicht: 16 kg<\/li>\n<li>Max. Bodenlast bei fl\u00e4chiger Belastung: 2.5 kg<\/li>\n<li>Gesamtlast bei fl\u00e4chiger Belastun: 10 kg<\/li>\n<li>Temperaturbereich: Raumtemperature +5\u00b0C bis max. 60\u00b0C<\/li>\n<li>Einstellgenauigkeit : 1\u00b0C<\/li>\n<li>Temperaturabweichung r\u00e4umlich : ca. +\/- 1.75\u00b0C bei 40\u00b0C<\/li>\n<\/ul>\n","protected":false},"excerpt":{"rendered":"<p><span class=\"VIiyi\" lang=\"de\"><span class=\"JLqJ4b ChMk0b\" data-language-for-alternatives=\"de\" data-language-to-translate-into=\"fr\" data-phrase-index=\"3\" data-number-of-phrases=\"4\">Thermostat-Exsikkator.<\/span><\/span><\/p>\n","protected":false},"featured_media":1235,"template":"","meta":{"_crdt_document":""},"product_brand":[],"product_cat":[143],"product_tag":[],"class_list":{"0":"post-2239","1":"product","2":"type-product","3":"status-publish","4":"has-post-thumbnail","6":"product_cat-exsikkator","8":"first","9":"instock","10":"taxable","11":"shipping-taxable","12":"product-type-simple"},"yoast_head":"<!-- This site is optimized with the Yoast SEO plugin v27.3 - https:\/\/yoast.com\/product\/yoast-seo-wordpress\/ -->\n<title>Star-Thermo-Exsikkator V 1830-07 - Sysmatec<\/title>\n<meta name=\"description\" content=\"Doppelt verglaster, thermostatgesteuerter Exsikkator. Sein Innenvolumen betr\u00e4gt 55 L und die maximale Temperatur betr\u00e4gt 60\u00b0C.\" \/>\n<meta name=\"robots\" content=\"index, follow, max-snippet:-1, max-image-preview:large, max-video-preview:-1\" \/>\n<link rel=\"canonical\" href=\"https:\/\/sysmatec.ch\/de\/produit\/star-thermo-exsikkator-v-1830-07\/\" \/>\n<meta property=\"og:locale\" content=\"de_DE\" \/>\n<meta property=\"og:type\" content=\"article\" \/>\n<meta property=\"og:title\" content=\"Star-Thermo-Exsikkator V 1830-07 - Sysmatec\" \/>\n<meta property=\"og:description\" content=\"Doppelt verglaster, thermostatgesteuerter Exsikkator. Sein Innenvolumen betr\u00e4gt 55 L und die maximale Temperatur betr\u00e4gt 60\u00b0C.\" \/>\n<meta property=\"og:url\" content=\"https:\/\/sysmatec.ch\/de\/produit\/star-thermo-exsikkator-v-1830-07\/\" \/>\n<meta property=\"og:site_name\" content=\"Sysmatec\" \/>\n<meta property=\"article:modified_time\" content=\"2022-03-10T10:10:09+00:00\" \/>\n<meta property=\"og:image\" content=\"https:\/\/sysmatec.ch\/wp-content\/uploads\/2019\/01\/Dessiccateur_SiccoStarThermo.jpg\" \/>\n\t<meta property=\"og:image:width\" content=\"181\" \/>\n\t<meta property=\"og:image:height\" content=\"192\" \/>\n\t<meta property=\"og:image:type\" content=\"image\/jpeg\" \/>\n<meta name=\"twitter:card\" content=\"summary_large_image\" \/>\n<meta name=\"twitter:label1\" content=\"Gesch\u00e4tzte Lesezeit\" \/>\n\t<meta name=\"twitter:data1\" content=\"1\u00a0Minute\" \/>\n<script type=\"application\/ld+json\" class=\"yoast-schema-graph\">{\"@context\":\"https:\\\/\\\/schema.org\",\"@graph\":[{\"@type\":\"WebPage\",\"@id\":\"https:\\\/\\\/sysmatec.ch\\\/de\\\/produit\\\/star-thermo-exsikkator-v-1830-07\\\/\",\"url\":\"https:\\\/\\\/sysmatec.ch\\\/de\\\/produit\\\/star-thermo-exsikkator-v-1830-07\\\/\",\"name\":\"Star-Thermo-Exsikkator V 1830-07 - Sysmatec\",\"isPartOf\":{\"@id\":\"https:\\\/\\\/sysmatec.ch\\\/de\\\/#website\"},\"primaryImageOfPage\":{\"@id\":\"https:\\\/\\\/sysmatec.ch\\\/de\\\/produit\\\/star-thermo-exsikkator-v-1830-07\\\/#primaryimage\"},\"image\":{\"@id\":\"https:\\\/\\\/sysmatec.ch\\\/de\\\/produit\\\/star-thermo-exsikkator-v-1830-07\\\/#primaryimage\"},\"thumbnailUrl\":\"https:\\\/\\\/sysmatec.ch\\\/wp-content\\\/uploads\\\/2019\\\/01\\\/Dessiccateur_SiccoStarThermo.jpg\",\"datePublished\":\"2019-01-12T19:36:50+00:00\",\"dateModified\":\"2022-03-10T10:10:09+00:00\",\"description\":\"Doppelt verglaster, thermostatgesteuerter Exsikkator. Sein Innenvolumen betr\u00e4gt 55 L und die maximale Temperatur betr\u00e4gt 60\u00b0C.\",\"breadcrumb\":{\"@id\":\"https:\\\/\\\/sysmatec.ch\\\/de\\\/produit\\\/star-thermo-exsikkator-v-1830-07\\\/#breadcrumb\"},\"inLanguage\":\"de\",\"potentialAction\":[{\"@type\":\"ReadAction\",\"target\":[\"https:\\\/\\\/sysmatec.ch\\\/de\\\/produit\\\/star-thermo-exsikkator-v-1830-07\\\/\"]}]},{\"@type\":\"ImageObject\",\"inLanguage\":\"de\",\"@id\":\"https:\\\/\\\/sysmatec.ch\\\/de\\\/produit\\\/star-thermo-exsikkator-v-1830-07\\\/#primaryimage\",\"url\":\"https:\\\/\\\/sysmatec.ch\\\/wp-content\\\/uploads\\\/2019\\\/01\\\/Dessiccateur_SiccoStarThermo.jpg\",\"contentUrl\":\"https:\\\/\\\/sysmatec.ch\\\/wp-content\\\/uploads\\\/2019\\\/01\\\/Dessiccateur_SiccoStarThermo.jpg\",\"width\":181,\"height\":192},{\"@type\":\"BreadcrumbList\",\"@id\":\"https:\\\/\\\/sysmatec.ch\\\/de\\\/produit\\\/star-thermo-exsikkator-v-1830-07\\\/#breadcrumb\",\"itemListElement\":[{\"@type\":\"ListItem\",\"position\":1,\"name\":\"Accueil\",\"item\":\"https:\\\/\\\/sysmatec.ch\\\/de\\\/\"},{\"@type\":\"ListItem\",\"position\":2,\"name\":\"Die Aktivit\u00e4t von Sysmatec\",\"item\":\"https:\\\/\\\/sysmatec.ch\\\/de\\\/\"},{\"@type\":\"ListItem\",\"position\":3,\"name\":\"Star-Thermo-Exsikkator V 1830-07\"}]},{\"@type\":\"WebSite\",\"@id\":\"https:\\\/\\\/sysmatec.ch\\\/de\\\/#website\",\"url\":\"https:\\\/\\\/sysmatec.ch\\\/de\\\/\",\"name\":\"Sysmatec\",\"description\":\"Equipement de laboratoire et logiciels\",\"publisher\":{\"@id\":\"https:\\\/\\\/sysmatec.ch\\\/de\\\/#organization\"},\"potentialAction\":[{\"@type\":\"SearchAction\",\"target\":{\"@type\":\"EntryPoint\",\"urlTemplate\":\"https:\\\/\\\/sysmatec.ch\\\/de\\\/?s={search_term_string}\"},\"query-input\":{\"@type\":\"PropertyValueSpecification\",\"valueRequired\":true,\"valueName\":\"search_term_string\"}}],\"inLanguage\":\"de\"},{\"@type\":\"Organization\",\"@id\":\"https:\\\/\\\/sysmatec.ch\\\/de\\\/#organization\",\"name\":\"Sysmatec\",\"url\":\"https:\\\/\\\/sysmatec.ch\\\/de\\\/\",\"logo\":{\"@type\":\"ImageObject\",\"inLanguage\":\"de\",\"@id\":\"https:\\\/\\\/sysmatec.ch\\\/de\\\/#\\\/schema\\\/logo\\\/image\\\/\",\"url\":\"https:\\\/\\\/sysmatec.ch\\\/wp-content\\\/uploads\\\/2018\\\/11\\\/LogoSysmatec.jpg\",\"contentUrl\":\"https:\\\/\\\/sysmatec.ch\\\/wp-content\\\/uploads\\\/2018\\\/11\\\/LogoSysmatec.jpg\",\"width\":301,\"height\":297,\"caption\":\"Sysmatec\"},\"image\":{\"@id\":\"https:\\\/\\\/sysmatec.ch\\\/de\\\/#\\\/schema\\\/logo\\\/image\\\/\"}}]}<\/script>\n<!-- \/ Yoast SEO plugin. -->","yoast_head_json":{"title":"Star-Thermo-Exsikkator V 1830-07 - Sysmatec","description":"Doppelt verglaster, thermostatgesteuerter Exsikkator. Sein Innenvolumen betr\u00e4gt 55 L und die maximale Temperatur betr\u00e4gt 60\u00b0C.","robots":{"index":"index","follow":"follow","max-snippet":"max-snippet:-1","max-image-preview":"max-image-preview:large","max-video-preview":"max-video-preview:-1"},"canonical":"https:\/\/sysmatec.ch\/de\/produit\/star-thermo-exsikkator-v-1830-07\/","og_locale":"de_DE","og_type":"article","og_title":"Star-Thermo-Exsikkator V 1830-07 - Sysmatec","og_description":"Doppelt verglaster, thermostatgesteuerter Exsikkator. Sein Innenvolumen betr\u00e4gt 55 L und die maximale Temperatur betr\u00e4gt 60\u00b0C.","og_url":"https:\/\/sysmatec.ch\/de\/produit\/star-thermo-exsikkator-v-1830-07\/","og_site_name":"Sysmatec","article_modified_time":"2022-03-10T10:10:09+00:00","og_image":[{"width":181,"height":192,"url":"https:\/\/sysmatec.ch\/wp-content\/uploads\/2019\/01\/Dessiccateur_SiccoStarThermo.jpg","type":"image\/jpeg"}],"twitter_card":"summary_large_image","twitter_misc":{"Gesch\u00e4tzte Lesezeit":"1\u00a0Minute"},"schema":{"@context":"https:\/\/schema.org","@graph":[{"@type":"WebPage","@id":"https:\/\/sysmatec.ch\/de\/produit\/star-thermo-exsikkator-v-1830-07\/","url":"https:\/\/sysmatec.ch\/de\/produit\/star-thermo-exsikkator-v-1830-07\/","name":"Star-Thermo-Exsikkator V 1830-07 - Sysmatec","isPartOf":{"@id":"https:\/\/sysmatec.ch\/de\/#website"},"primaryImageOfPage":{"@id":"https:\/\/sysmatec.ch\/de\/produit\/star-thermo-exsikkator-v-1830-07\/#primaryimage"},"image":{"@id":"https:\/\/sysmatec.ch\/de\/produit\/star-thermo-exsikkator-v-1830-07\/#primaryimage"},"thumbnailUrl":"https:\/\/sysmatec.ch\/wp-content\/uploads\/2019\/01\/Dessiccateur_SiccoStarThermo.jpg","datePublished":"2019-01-12T19:36:50+00:00","dateModified":"2022-03-10T10:10:09+00:00","description":"Doppelt verglaster, thermostatgesteuerter Exsikkator. Sein Innenvolumen betr\u00e4gt 55 L und die maximale Temperatur betr\u00e4gt 60\u00b0C.","breadcrumb":{"@id":"https:\/\/sysmatec.ch\/de\/produit\/star-thermo-exsikkator-v-1830-07\/#breadcrumb"},"inLanguage":"de","potentialAction":[{"@type":"ReadAction","target":["https:\/\/sysmatec.ch\/de\/produit\/star-thermo-exsikkator-v-1830-07\/"]}]},{"@type":"ImageObject","inLanguage":"de","@id":"https:\/\/sysmatec.ch\/de\/produit\/star-thermo-exsikkator-v-1830-07\/#primaryimage","url":"https:\/\/sysmatec.ch\/wp-content\/uploads\/2019\/01\/Dessiccateur_SiccoStarThermo.jpg","contentUrl":"https:\/\/sysmatec.ch\/wp-content\/uploads\/2019\/01\/Dessiccateur_SiccoStarThermo.jpg","width":181,"height":192},{"@type":"BreadcrumbList","@id":"https:\/\/sysmatec.ch\/de\/produit\/star-thermo-exsikkator-v-1830-07\/#breadcrumb","itemListElement":[{"@type":"ListItem","position":1,"name":"Accueil","item":"https:\/\/sysmatec.ch\/de\/"},{"@type":"ListItem","position":2,"name":"Die Aktivit\u00e4t von Sysmatec","item":"https:\/\/sysmatec.ch\/de\/"},{"@type":"ListItem","position":3,"name":"Star-Thermo-Exsikkator V 1830-07"}]},{"@type":"WebSite","@id":"https:\/\/sysmatec.ch\/de\/#website","url":"https:\/\/sysmatec.ch\/de\/","name":"Sysmatec","description":"Equipement de laboratoire et logiciels","publisher":{"@id":"https:\/\/sysmatec.ch\/de\/#organization"},"potentialAction":[{"@type":"SearchAction","target":{"@type":"EntryPoint","urlTemplate":"https:\/\/sysmatec.ch\/de\/?s={search_term_string}"},"query-input":{"@type":"PropertyValueSpecification","valueRequired":true,"valueName":"search_term_string"}}],"inLanguage":"de"},{"@type":"Organization","@id":"https:\/\/sysmatec.ch\/de\/#organization","name":"Sysmatec","url":"https:\/\/sysmatec.ch\/de\/","logo":{"@type":"ImageObject","inLanguage":"de","@id":"https:\/\/sysmatec.ch\/de\/#\/schema\/logo\/image\/","url":"https:\/\/sysmatec.ch\/wp-content\/uploads\/2018\/11\/LogoSysmatec.jpg","contentUrl":"https:\/\/sysmatec.ch\/wp-content\/uploads\/2018\/11\/LogoSysmatec.jpg","width":301,"height":297,"caption":"Sysmatec"},"image":{"@id":"https:\/\/sysmatec.ch\/de\/#\/schema\/logo\/image\/"}}]}},"_links":{"self":[{"href":"https:\/\/sysmatec.ch\/de\/wp-json\/wp\/v2\/product\/2239","targetHints":{"allow":["GET"]}}],"collection":[{"href":"https:\/\/sysmatec.ch\/de\/wp-json\/wp\/v2\/product"}],"about":[{"href":"https:\/\/sysmatec.ch\/de\/wp-json\/wp\/v2\/types\/product"}],"wp:featuredmedia":[{"embeddable":true,"href":"https:\/\/sysmatec.ch\/de\/wp-json\/wp\/v2\/media\/1235"}],"wp:attachment":[{"href":"https:\/\/sysmatec.ch\/de\/wp-json\/wp\/v2\/media?parent=2239"}],"wp:term":[{"taxonomy":"product_brand","embeddable":true,"href":"https:\/\/sysmatec.ch\/de\/wp-json\/wp\/v2\/product_brand?post=2239"},{"taxonomy":"product_cat","embeddable":true,"href":"https:\/\/sysmatec.ch\/de\/wp-json\/wp\/v2\/product_cat?post=2239"},{"taxonomy":"product_tag","embeddable":true,"href":"https:\/\/sysmatec.ch\/de\/wp-json\/wp\/v2\/product_tag?post=2239"}],"curies":[{"name":"wp","href":"https:\/\/api.w.org\/{rel}","templated":true}]}}