{"id":22382,"date":"2021-03-02T20:12:44","date_gmt":"2021-03-02T19:12:44","guid":{"rendered":"https:\/\/sysmatec.ch\/?post_type=product&#038;p=22382"},"modified":"2021-11-27T14:05:24","modified_gmt":"2021-11-27T13:05:24","slug":"fluorescence-quantitative-pcr-detection-system-fqd-96a","status":"publish","type":"product","link":"https:\/\/sysmatec.ch\/de\/Produkt\/fluorescence-quantitative-pcr-detection-system-fqd-96a\/","title":{"rendered":"Quantitatives Fluoreszenz-PCR-Nachweissystem FQD-96A"},"content":{"rendered":"<ul>\n<li><span class=\"VIiyi\" lang=\"de\"><span class=\"JLqJ4b ChMk0b\" data-language-for-alternatives=\"de\" data-language-to-translate-into=\"en\" data-phrase-index=\"0\">Das Scannen von ganzen Bl\u00f6cken und das Scannen von formulierten Zeilen sowie das Doppelfarben-Scannen mit 96 Vertiefungen dauern nur 5.5 Sekunden<\/span><\/span><\/li>\n<li><span class=\"VIiyi\" lang=\"de\"><span class=\"JLqJ4b ChMk0b\" data-language-for-alternatives=\"de\" data-language-to-translate-into=\"en\" data-phrase-index=\"2\">6 <\/span><\/span><span class=\"VIiyi\" lang=\"de\"><span class=\"JLqJ4b ChMk0b\" data-language-for-alternatives=\"de\" data-language-to-translate-into=\"en\" data-phrase-index=\"2\">Kan\u00e4le fluoreszierende Erkennung, kein \u00dcbersprechen zwischen verschiedenen Kan\u00e4len<\/span><\/span><\/li>\n<li><span class=\"VIiyi\" lang=\"de\"><span class=\"JLqJ4b ChMk0b\" data-language-for-alternatives=\"de\" data-language-to-translate-into=\"en\" data-phrase-index=\"4\">Einzigartige Bodendetektion, kompatibel mit einem Reaktionsvolumen von bis zu 5 \u03bcl<\/span><\/span><\/li>\n<li><span class=\"VIiyi\" lang=\"de\"><span class=\"JLqJ4b ChMk0b\" data-language-for-alternatives=\"de\" data-language-to-translate-into=\"en\" data-phrase-index=\"6\">Neuer automatischer Hei\u00dfdeckel, automatisches \u00d6ffnen und Schlie\u00dfen, um die Verdunstung der Reagenzien zu verhindern<\/span><\/span><\/li>\n<li><span class=\"VIiyi\" lang=\"de\"><span class=\"JLqJ4b ChMk0b\" data-language-for-alternatives=\"de\" data-language-to-translate-into=\"en\" data-phrase-index=\"8\">LED-Anregungslichtquelle mit super langer Lebensdauer<\/span> <span class=\"JLqJ4b ChMk0b\" data-language-for-alternatives=\"de\" data-language-to-translate-into=\"en\" data-phrase-index=\"10\">Neues TE-Modul mit spezieller Technik f\u00fcr lange Lebensdauer<\/span><\/span><\/li>\n<li><span class=\"VIiyi\" lang=\"de\"><span class=\"JLqJ4b ChMk0b\" data-language-for-alternatives=\"de\" data-language-to-translate-into=\"en\" data-phrase-index=\"12\">Verf\u00fcgbar f\u00fcr eine Vielzahl von wissenschaftlichen Forschungen und klinischen Anwendungen.<\/span><\/span><\/li>\n<\/ul>\n<p><span class=\"VIiyi\" lang=\"de\"><span class=\"JLqJ4b ChMk0b\" data-language-for-alternatives=\"de\" data-language-to-translate-into=\"en\" data-phrase-index=\"14\">Technische Parameter<\/span><\/span><\/p>\n<ul>\n<li><span class=\"VIiyi\" lang=\"de\"><span class=\"JLqJ4b\" data-language-for-alternatives=\"de\" data-language-to-translate-into=\"en\" data-phrase-index=\"0\">Probenkapazit\u00e4t: 96 x 0.2 ml PCR-Platte, 12 x 8-Streifen-R\u00f6hrchen, 96 x 0,2 ml Einzelr\u00f6hrchen (transparenter Boden)<\/span><\/span><\/li>\n<li><span class=\"VIiyi\" lang=\"de\"><span class=\"JLqJ4b\" data-language-for-alternatives=\"de\" data-language-to-translate-into=\"en\" data-phrase-index=\"0\">Reaktionssystem: 5 bis 00 \u03bcl<\/span><\/span><\/li>\n<li><span class=\"VIiyi\" lang=\"de\"><span class=\"JLqJ4b\" data-language-for-alternatives=\"de\" data-language-to-translate-into=\"en\" data-phrase-index=\"0\">Dynamikbereich: 1-1010<\/span><\/span><\/li>\n<li><span class=\"VIiyi\" lang=\"de\"><span class=\"JLqJ4b\" data-language-for-alternatives=\"de\" data-language-to-translate-into=\"en\" data-phrase-index=\"0\">Zulassungsbescheinigung f\u00fcr medizinische Instrumente: G.X.Z. 20153400273<\/span><\/span><\/li>\n<li><span class=\"VIiyi\" lang=\"de\"><span class=\"JLqJ4b\" data-language-for-alternatives=\"de\" data-language-to-translate-into=\"en\" data-phrase-index=\"0\">Kanal: 4 Emissionswellenl\u00e4nge: 500-800 nm<\/span><\/span><\/li>\n<li><span class=\"VIiyi\" lang=\"de\"><span class=\"JLqJ4b\" data-language-for-alternatives=\"de\" data-language-to-translate-into=\"en\" data-phrase-index=\"0\">Geeigneter Sondenfarbstoff (Erfassungspfad): FAM, SYBR GR\u00dcN (F1) \/ HEX \/ VIC \/ TET \/ JOE \/ CY3 \/ NED \/ TAMRA (F2) \/ ROX, TEXAS-ROT (F3) \/ Cy5 (F4) \/ Cy5. 5 (F5) \/ Reservierter Pfad (F6)<\/span><\/span><\/li>\n<li><span class=\"VIiyi\" lang=\"de\"><span class=\"JLqJ4b\" data-language-for-alternatives=\"de\" data-language-to-translate-into=\"en\" data-phrase-index=\"0\">Anregungswellenl\u00e4nge: 300 ~ 800 nm<\/span><\/span><\/li>\n<li><span class=\"VIiyi\" lang=\"de\"><span class=\"JLqJ4b\" data-language-for-alternatives=\"de\" data-language-to-translate-into=\"en\" data-phrase-index=\"0\">Detektionswellenl\u00e4nge: 500 ~ 800 nm<\/span><\/span><\/li>\n<li><span class=\"VIiyi\" lang=\"de\"><span class=\"JLqJ4b\" data-language-for-alternatives=\"de\" data-language-to-translate-into=\"en\" data-phrase-index=\"0\">Modultemp. Bereich: 4-105 \u2103 (Aufl\u00f6sung: 0,1 \u2103) mit SOAK Low Temp.storage-Funktion<\/span><\/span><\/li>\n<li><span class=\"VIiyi\" lang=\"de\"><span class=\"JLqJ4b\" data-language-for-alternatives=\"de\" data-language-to-translate-into=\"en\" data-phrase-index=\"0\">Rampenrate: 4.0 \u2103 \/ s (max)<\/span><\/span><\/li>\n<li><span class=\"VIiyi\" lang=\"de\"><span class=\"JLqJ4b\" data-language-for-alternatives=\"de\" data-language-to-translate-into=\"en\" data-phrase-index=\"0\">Temp. Kontrollgenauigkeit: \u00b1 0.1 \u2103<\/span><\/span><\/li>\n<li><span class=\"VIiyi\" lang=\"de\"><span class=\"JLqJ4b\" data-language-for-alternatives=\"de\" data-language-to-translate-into=\"en\" data-phrase-index=\"0\">Temp. Gleichm\u00e4\u00dfigkeit: \u2264 \u00b1 0.3 \u2103<\/span><\/span><\/li>\n<li><span class=\"VIiyi\" lang=\"de\"><span class=\"JLqJ4b\" data-language-for-alternatives=\"de\" data-language-to-translate-into=\"en\" data-phrase-index=\"0\">Temp. Steuermodus: Blockmodus und R\u00f6hrenmodus (Automatische Steuerung auf Fl\u00fcssigkeitsstand)<\/span><\/span><\/li>\n<li><span class=\"VIiyi\" lang=\"de\"><span class=\"JLqJ4b\" data-language-for-alternatives=\"de\" data-language-to-translate-into=\"en\" data-phrase-index=\"0\">Betriebsart: Dauerbetrieb<\/span><\/span><\/li>\n<li><span class=\"VIiyi\" lang=\"de\"><span class=\"JLqJ4b\" data-language-for-alternatives=\"de\" data-language-to-translate-into=\"en\" data-phrase-index=\"0\">Gradient Temp. Bereich: 1-36 \u2103<\/span><\/span><\/li>\n<li><span class=\"VIiyi\" lang=\"de\"><span class=\"JLqJ4b\" data-language-for-alternatives=\"de\" data-language-to-translate-into=\"en\" data-phrase-index=\"0\">Hot-Lid Temp. Bereich: 30-110 \u2103 (einstellbar, Standardm\u00e4\u00dfig von 105 \u2103 und automatischer Hot-Lid)<\/span><\/span><\/li>\n<li><span class=\"VIiyi\" lang=\"de\"><span class=\"JLqJ4b\" data-language-for-alternatives=\"de\" data-language-to-translate-into=\"en\" data-phrase-index=\"0\">Fluoreszenzintensive Erkennung Wiederholbarkeit: 5%<\/span><\/span><\/li>\n<li><span class=\"VIiyi\" lang=\"de\"><span class=\"JLqJ4b\" data-language-for-alternatives=\"de\" data-language-to-translate-into=\"en\" data-phrase-index=\"0\">Scan-Modus: Vollst\u00e4ndiges Scannen von Platten und Scannen von Linien<\/span><\/span><\/li>\n<li><span class=\"VIiyi\" lang=\"de\"><span class=\"JLqJ4b\" data-language-for-alternatives=\"de\" data-language-to-translate-into=\"en\" data-phrase-index=\"0\">Programmierung: Maximal 20 Segmente f\u00fcr jedes Programm, max. 99 Zyklen<\/span><\/span><\/li>\n<li><span class=\"VIiyi\" lang=\"de\"><span class=\"JLqJ4b\" data-language-for-alternatives=\"de\" data-language-to-translate-into=\"en\" data-phrase-index=\"0\">Betriebsmodus: Kontinuierlich<\/span><\/span><\/li>\n<li><span class=\"VIiyi\" lang=\"de\"><span class=\"JLqJ4b\" data-language-for-alternatives=\"de\" data-language-to-translate-into=\"en\" data-phrase-index=\"0\">Scanzeit: 5,5 s<\/span><\/span><\/li>\n<li><span class=\"VIiyi\" lang=\"de\"><span class=\"JLqJ4b\" data-language-for-alternatives=\"de\" data-language-to-translate-into=\"en\" data-phrase-index=\"0\">Sonderfunktion: Absolute quantitative automatische Analyse, relative Quantifizierung, SNP-Analyse, Schmelzkurvenanalyse, 6 unabh\u00e4ngige Temperaturzonen, HRM-Mehrkanal-\u00dcbersprechkalibrierung, Hintergrundkorrektur, automatische Verst\u00e4rkung, kundenspezifische Parameter usw.<\/span><\/span><\/li>\n<li><span class=\"VIiyi\" lang=\"de\"><span class=\"JLqJ4b\" data-language-for-alternatives=\"de\" data-language-to-translate-into=\"en\" data-phrase-index=\"0\">Betriebssystem: Microsoft: Windows7 \/ Windows8.1 \/ Windows10 Software: excel2000 \/ 2002\/2003\/2007\/2012<\/span><\/span><\/li>\n<li><span class=\"VIiyi\" lang=\"de\"><span class=\"JLqJ4b\" data-language-for-alternatives=\"de\" data-language-to-translate-into=\"en\" data-phrase-index=\"0\">Min. Computerkonfiguration: RAM: 512 MB, Hardware-Speicherplatz: 10 GB CPU: Virtueller Pentium 4-Speicher \u2265 1000 MB<\/span><\/span><\/li>\n<li><span class=\"VIiyi\" lang=\"de\"><span class=\"JLqJ4b\" data-language-for-alternatives=\"de\" data-language-to-translate-into=\"en\" data-phrase-index=\"0\">Stromversorgung: 100-240 V 50\/60 Hz 600 W. <\/span><\/span><\/li>\n<li><span class=\"VIiyi\" lang=\"de\"><span class=\"JLqJ4b\" data-language-for-alternatives=\"de\" data-language-to-translate-into=\"en\" data-phrase-index=\"0\">bmessung (L * B * H): 410 * 386 * 352 mm<\/span><\/span><\/li>\n<li><span class=\"VIiyi\" lang=\"de\"><span class=\"JLqJ4b\" data-language-for-alternatives=\"de\" data-language-to-translate-into=\"en\" data-phrase-index=\"0\">Port: USB, RS232 data- und Bluetooth-Port<\/span><\/span><\/li>\n<li><span class=\"VIiyi\" lang=\"de\"><span class=\"JLqJ4b\" data-language-for-alternatives=\"de\" data-language-to-translate-into=\"en\" data-phrase-index=\"0\">Zertifizierung: Ferrotec Peltier \/ CE \/ EMC \/ RoHS2.0 \/ PICC, Produktqualit\u00e4tshaftpflichtversicherung \/ IVD \/ MET<\/span><\/span><\/li>\n<li><span class=\"VIiyi\" lang=\"de\"><span class=\"JLqJ4b\" data-language-for-alternatives=\"de\" data-language-to-translate-into=\"en\" data-phrase-index=\"0\">Packungsgr\u00f6\u00dfe: 720 * 680 * 640 mm<\/span><\/span><\/li>\n<li><span class=\"VIiyi\" lang=\"de\"><span class=\"JLqJ4b\" data-language-for-alternatives=\"de\" data-language-to-translate-into=\"en\" data-phrase-index=\"0\">Bruttogewicht: 55 kg<\/span><\/span><\/li>\n<\/ul>\n","protected":false},"excerpt":{"rendered":"<p><span class=\"VIiyi\" lang=\"de\"><span class=\"JLqJ4b ChMk0b\" data-language-for-alternatives=\"de\" data-language-to-translate-into=\"en\" data-phrase-index=\"0\">Quantitatives Fluoreszenz-PCR-Nachweissystem<\/span><\/span><\/p>\n","protected":false},"featured_media":22386,"template":"","meta":{"_crdt_document":""},"product_brand":[],"product_cat":[418],"product_tag":[],"class_list":{"0":"post-22382","1":"product","2":"type-product","3":"status-publish","4":"has-post-thumbnail","6":"product_cat-covid19-de","8":"first","9":"instock","10":"taxable","11":"shipping-taxable","12":"product-type-simple"},"yoast_head":"<!-- This site is optimized with the Yoast SEO plugin v27.3 - https:\/\/yoast.com\/product\/yoast-seo-wordpress\/ -->\n<title>Quantitatives Fluoreszenz-PCR-Nachweissystem FQD-96A - Sysmatec<\/title>\n<meta name=\"description\" content=\"QPCR-Messger\u00e4t oder quantitative PCR. Es erm\u00f6glicht die Quantifizierung der DNA. Die DNA-Menge wird am Ende jedes Zyklus gemessen.\" \/>\n<meta name=\"robots\" content=\"index, follow, max-snippet:-1, max-image-preview:large, max-video-preview:-1\" \/>\n<link rel=\"canonical\" href=\"https:\/\/sysmatec.ch\/de\/produit\/fluorescence-quantitative-pcr-detection-system-fqd-96a\/\" \/>\n<meta property=\"og:locale\" content=\"de_DE\" \/>\n<meta property=\"og:type\" content=\"article\" \/>\n<meta property=\"og:title\" content=\"Quantitatives Fluoreszenz-PCR-Nachweissystem FQD-96A - Sysmatec\" \/>\n<meta property=\"og:description\" content=\"QPCR-Messger\u00e4t oder quantitative PCR. Es erm\u00f6glicht die Quantifizierung der DNA. Die DNA-Menge wird am Ende jedes Zyklus gemessen.\" \/>\n<meta property=\"og:url\" content=\"https:\/\/sysmatec.ch\/de\/produit\/fluorescence-quantitative-pcr-detection-system-fqd-96a\/\" \/>\n<meta property=\"og:site_name\" content=\"Sysmatec\" \/>\n<meta property=\"article:modified_time\" content=\"2021-11-27T13:05:24+00:00\" \/>\n<meta property=\"og:image\" content=\"https:\/\/sysmatec.ch\/wp-content\/uploads\/2021\/03\/QuantitativePCR_FQD96ABiobase.Ajpg_.jpg\" \/>\n\t<meta property=\"og:image:width\" content=\"511\" \/>\n\t<meta property=\"og:image:height\" content=\"479\" \/>\n\t<meta property=\"og:image:type\" content=\"image\/jpeg\" \/>\n<meta name=\"twitter:card\" content=\"summary_large_image\" \/>\n<meta name=\"twitter:label1\" content=\"Gesch\u00e4tzte Lesezeit\" \/>\n\t<meta name=\"twitter:data1\" content=\"2\u00a0Minuten\" \/>\n<script type=\"application\/ld+json\" class=\"yoast-schema-graph\">{\"@context\":\"https:\\\/\\\/schema.org\",\"@graph\":[{\"@type\":\"WebPage\",\"@id\":\"https:\\\/\\\/sysmatec.ch\\\/de\\\/produit\\\/fluorescence-quantitative-pcr-detection-system-fqd-96a\\\/\",\"url\":\"https:\\\/\\\/sysmatec.ch\\\/de\\\/produit\\\/fluorescence-quantitative-pcr-detection-system-fqd-96a\\\/\",\"name\":\"Quantitatives Fluoreszenz-PCR-Nachweissystem FQD-96A - Sysmatec\",\"isPartOf\":{\"@id\":\"https:\\\/\\\/sysmatec.ch\\\/de\\\/#website\"},\"primaryImageOfPage\":{\"@id\":\"https:\\\/\\\/sysmatec.ch\\\/de\\\/produit\\\/fluorescence-quantitative-pcr-detection-system-fqd-96a\\\/#primaryimage\"},\"image\":{\"@id\":\"https:\\\/\\\/sysmatec.ch\\\/de\\\/produit\\\/fluorescence-quantitative-pcr-detection-system-fqd-96a\\\/#primaryimage\"},\"thumbnailUrl\":\"https:\\\/\\\/sysmatec.ch\\\/wp-content\\\/uploads\\\/2021\\\/03\\\/QuantitativePCR_FQD96ABiobase.Ajpg_.jpg\",\"datePublished\":\"2021-03-02T19:12:44+00:00\",\"dateModified\":\"2021-11-27T13:05:24+00:00\",\"description\":\"QPCR-Messger\u00e4t oder quantitative PCR. Es erm\u00f6glicht die Quantifizierung der DNA. Die DNA-Menge wird am Ende jedes Zyklus gemessen.\",\"breadcrumb\":{\"@id\":\"https:\\\/\\\/sysmatec.ch\\\/de\\\/produit\\\/fluorescence-quantitative-pcr-detection-system-fqd-96a\\\/#breadcrumb\"},\"inLanguage\":\"de\",\"potentialAction\":[{\"@type\":\"ReadAction\",\"target\":[\"https:\\\/\\\/sysmatec.ch\\\/de\\\/produit\\\/fluorescence-quantitative-pcr-detection-system-fqd-96a\\\/\"]}]},{\"@type\":\"ImageObject\",\"inLanguage\":\"de\",\"@id\":\"https:\\\/\\\/sysmatec.ch\\\/de\\\/produit\\\/fluorescence-quantitative-pcr-detection-system-fqd-96a\\\/#primaryimage\",\"url\":\"https:\\\/\\\/sysmatec.ch\\\/wp-content\\\/uploads\\\/2021\\\/03\\\/QuantitativePCR_FQD96ABiobase.Ajpg_.jpg\",\"contentUrl\":\"https:\\\/\\\/sysmatec.ch\\\/wp-content\\\/uploads\\\/2021\\\/03\\\/QuantitativePCR_FQD96ABiobase.Ajpg_.jpg\",\"width\":511,\"height\":479},{\"@type\":\"BreadcrumbList\",\"@id\":\"https:\\\/\\\/sysmatec.ch\\\/de\\\/produit\\\/fluorescence-quantitative-pcr-detection-system-fqd-96a\\\/#breadcrumb\",\"itemListElement\":[{\"@type\":\"ListItem\",\"position\":1,\"name\":\"Accueil\",\"item\":\"https:\\\/\\\/sysmatec.ch\\\/de\\\/\"},{\"@type\":\"ListItem\",\"position\":2,\"name\":\"Die Aktivit\u00e4t von Sysmatec\",\"item\":\"https:\\\/\\\/sysmatec.ch\\\/de\\\/\"},{\"@type\":\"ListItem\",\"position\":3,\"name\":\"Quantitatives Fluoreszenz-PCR-Nachweissystem FQD-96A\"}]},{\"@type\":\"WebSite\",\"@id\":\"https:\\\/\\\/sysmatec.ch\\\/de\\\/#website\",\"url\":\"https:\\\/\\\/sysmatec.ch\\\/de\\\/\",\"name\":\"Sysmatec\",\"description\":\"Equipement de laboratoire et logiciels\",\"publisher\":{\"@id\":\"https:\\\/\\\/sysmatec.ch\\\/de\\\/#organization\"},\"potentialAction\":[{\"@type\":\"SearchAction\",\"target\":{\"@type\":\"EntryPoint\",\"urlTemplate\":\"https:\\\/\\\/sysmatec.ch\\\/de\\\/?s={search_term_string}\"},\"query-input\":{\"@type\":\"PropertyValueSpecification\",\"valueRequired\":true,\"valueName\":\"search_term_string\"}}],\"inLanguage\":\"de\"},{\"@type\":\"Organization\",\"@id\":\"https:\\\/\\\/sysmatec.ch\\\/de\\\/#organization\",\"name\":\"Sysmatec\",\"url\":\"https:\\\/\\\/sysmatec.ch\\\/de\\\/\",\"logo\":{\"@type\":\"ImageObject\",\"inLanguage\":\"de\",\"@id\":\"https:\\\/\\\/sysmatec.ch\\\/de\\\/#\\\/schema\\\/logo\\\/image\\\/\",\"url\":\"https:\\\/\\\/sysmatec.ch\\\/wp-content\\\/uploads\\\/2018\\\/11\\\/LogoSysmatec.jpg\",\"contentUrl\":\"https:\\\/\\\/sysmatec.ch\\\/wp-content\\\/uploads\\\/2018\\\/11\\\/LogoSysmatec.jpg\",\"width\":301,\"height\":297,\"caption\":\"Sysmatec\"},\"image\":{\"@id\":\"https:\\\/\\\/sysmatec.ch\\\/de\\\/#\\\/schema\\\/logo\\\/image\\\/\"}}]}<\/script>\n<!-- \/ Yoast SEO plugin. -->","yoast_head_json":{"title":"Quantitatives Fluoreszenz-PCR-Nachweissystem FQD-96A - Sysmatec","description":"QPCR-Messger\u00e4t oder quantitative PCR. Es erm\u00f6glicht die Quantifizierung der DNA. Die DNA-Menge wird am Ende jedes Zyklus gemessen.","robots":{"index":"index","follow":"follow","max-snippet":"max-snippet:-1","max-image-preview":"max-image-preview:large","max-video-preview":"max-video-preview:-1"},"canonical":"https:\/\/sysmatec.ch\/de\/produit\/fluorescence-quantitative-pcr-detection-system-fqd-96a\/","og_locale":"de_DE","og_type":"article","og_title":"Quantitatives Fluoreszenz-PCR-Nachweissystem FQD-96A - Sysmatec","og_description":"QPCR-Messger\u00e4t oder quantitative PCR. Es erm\u00f6glicht die Quantifizierung der DNA. Die DNA-Menge wird am Ende jedes Zyklus gemessen.","og_url":"https:\/\/sysmatec.ch\/de\/produit\/fluorescence-quantitative-pcr-detection-system-fqd-96a\/","og_site_name":"Sysmatec","article_modified_time":"2021-11-27T13:05:24+00:00","og_image":[{"width":511,"height":479,"url":"https:\/\/sysmatec.ch\/wp-content\/uploads\/2021\/03\/QuantitativePCR_FQD96ABiobase.Ajpg_.jpg","type":"image\/jpeg"}],"twitter_card":"summary_large_image","twitter_misc":{"Gesch\u00e4tzte Lesezeit":"2\u00a0Minuten"},"schema":{"@context":"https:\/\/schema.org","@graph":[{"@type":"WebPage","@id":"https:\/\/sysmatec.ch\/de\/produit\/fluorescence-quantitative-pcr-detection-system-fqd-96a\/","url":"https:\/\/sysmatec.ch\/de\/produit\/fluorescence-quantitative-pcr-detection-system-fqd-96a\/","name":"Quantitatives Fluoreszenz-PCR-Nachweissystem FQD-96A - Sysmatec","isPartOf":{"@id":"https:\/\/sysmatec.ch\/de\/#website"},"primaryImageOfPage":{"@id":"https:\/\/sysmatec.ch\/de\/produit\/fluorescence-quantitative-pcr-detection-system-fqd-96a\/#primaryimage"},"image":{"@id":"https:\/\/sysmatec.ch\/de\/produit\/fluorescence-quantitative-pcr-detection-system-fqd-96a\/#primaryimage"},"thumbnailUrl":"https:\/\/sysmatec.ch\/wp-content\/uploads\/2021\/03\/QuantitativePCR_FQD96ABiobase.Ajpg_.jpg","datePublished":"2021-03-02T19:12:44+00:00","dateModified":"2021-11-27T13:05:24+00:00","description":"QPCR-Messger\u00e4t oder quantitative PCR. Es erm\u00f6glicht die Quantifizierung der DNA. Die DNA-Menge wird am Ende jedes Zyklus gemessen.","breadcrumb":{"@id":"https:\/\/sysmatec.ch\/de\/produit\/fluorescence-quantitative-pcr-detection-system-fqd-96a\/#breadcrumb"},"inLanguage":"de","potentialAction":[{"@type":"ReadAction","target":["https:\/\/sysmatec.ch\/de\/produit\/fluorescence-quantitative-pcr-detection-system-fqd-96a\/"]}]},{"@type":"ImageObject","inLanguage":"de","@id":"https:\/\/sysmatec.ch\/de\/produit\/fluorescence-quantitative-pcr-detection-system-fqd-96a\/#primaryimage","url":"https:\/\/sysmatec.ch\/wp-content\/uploads\/2021\/03\/QuantitativePCR_FQD96ABiobase.Ajpg_.jpg","contentUrl":"https:\/\/sysmatec.ch\/wp-content\/uploads\/2021\/03\/QuantitativePCR_FQD96ABiobase.Ajpg_.jpg","width":511,"height":479},{"@type":"BreadcrumbList","@id":"https:\/\/sysmatec.ch\/de\/produit\/fluorescence-quantitative-pcr-detection-system-fqd-96a\/#breadcrumb","itemListElement":[{"@type":"ListItem","position":1,"name":"Accueil","item":"https:\/\/sysmatec.ch\/de\/"},{"@type":"ListItem","position":2,"name":"Die Aktivit\u00e4t von Sysmatec","item":"https:\/\/sysmatec.ch\/de\/"},{"@type":"ListItem","position":3,"name":"Quantitatives Fluoreszenz-PCR-Nachweissystem FQD-96A"}]},{"@type":"WebSite","@id":"https:\/\/sysmatec.ch\/de\/#website","url":"https:\/\/sysmatec.ch\/de\/","name":"Sysmatec","description":"Equipement de laboratoire et logiciels","publisher":{"@id":"https:\/\/sysmatec.ch\/de\/#organization"},"potentialAction":[{"@type":"SearchAction","target":{"@type":"EntryPoint","urlTemplate":"https:\/\/sysmatec.ch\/de\/?s={search_term_string}"},"query-input":{"@type":"PropertyValueSpecification","valueRequired":true,"valueName":"search_term_string"}}],"inLanguage":"de"},{"@type":"Organization","@id":"https:\/\/sysmatec.ch\/de\/#organization","name":"Sysmatec","url":"https:\/\/sysmatec.ch\/de\/","logo":{"@type":"ImageObject","inLanguage":"de","@id":"https:\/\/sysmatec.ch\/de\/#\/schema\/logo\/image\/","url":"https:\/\/sysmatec.ch\/wp-content\/uploads\/2018\/11\/LogoSysmatec.jpg","contentUrl":"https:\/\/sysmatec.ch\/wp-content\/uploads\/2018\/11\/LogoSysmatec.jpg","width":301,"height":297,"caption":"Sysmatec"},"image":{"@id":"https:\/\/sysmatec.ch\/de\/#\/schema\/logo\/image\/"}}]}},"_links":{"self":[{"href":"https:\/\/sysmatec.ch\/de\/wp-json\/wp\/v2\/product\/22382","targetHints":{"allow":["GET"]}}],"collection":[{"href":"https:\/\/sysmatec.ch\/de\/wp-json\/wp\/v2\/product"}],"about":[{"href":"https:\/\/sysmatec.ch\/de\/wp-json\/wp\/v2\/types\/product"}],"wp:featuredmedia":[{"embeddable":true,"href":"https:\/\/sysmatec.ch\/de\/wp-json\/wp\/v2\/media\/22386"}],"wp:attachment":[{"href":"https:\/\/sysmatec.ch\/de\/wp-json\/wp\/v2\/media?parent=22382"}],"wp:term":[{"taxonomy":"product_brand","embeddable":true,"href":"https:\/\/sysmatec.ch\/de\/wp-json\/wp\/v2\/product_brand?post=22382"},{"taxonomy":"product_cat","embeddable":true,"href":"https:\/\/sysmatec.ch\/de\/wp-json\/wp\/v2\/product_cat?post=22382"},{"taxonomy":"product_tag","embeddable":true,"href":"https:\/\/sysmatec.ch\/de\/wp-json\/wp\/v2\/product_tag?post=22382"}],"curies":[{"name":"wp","href":"https:\/\/api.w.org\/{rel}","templated":true}]}}